	{"id":15699,"date":"2022-06-20T10:38:50","date_gmt":"2022-06-20T10:38:50","guid":{"rendered":"https:\/\/pavidecor.si\/product\/plutaca-za-ribolov-mala-1-13x5x4cm\/"},"modified":"2026-04-18T05:03:07","modified_gmt":"2026-04-18T05:03:07","slug":"plutaca-za-ribolov-mala-1-13x5x4cm","status":"publish","type":"product","link":"https:\/\/pavidecor.si\/hr\/proizvod\/plutaca-za-ribolov-mala-1-13x5x4cm\/","title":{"rendered":"Pluta\u010da za ribolov mala 1 13x5x4cm"},"content":{"rendered":"<p><span class=\"prvimanjsinaslovopis\">Pluta\u010da za ribolov &#8211; Unikatni drveni dekor s du\u0161om pro\u0161losti<\/span><\/p>\n<p>&nbsp;<\/p>\n<h2><span class=\"odebeljenopis\"><strong>Pluta\u010da za ribolov je vi\u0161e od obi\u010dnog dekorativnog predmeta; ona je simbol tradicije i povezanosti s morem. Ovaj jedinstveni drveni komad, inspiriran starim ribi\u010dkim obi\u010dajima, donosi da\u0161ak nostalgije u svaki prostor. U PAVI DECOR-u iz Ljubljane, svaki komad je rezultat strasti prema drvetu i prirodi, stvaraju\u0107i autenti\u010dne proizvode koji pri\u010daju pri\u010de.<\/strong><\/span><\/h2>\n<p>&nbsp;<\/p>\n<div class=\"row\">\n<div class=\"col-sm-6 \" style=\"margin-top: 30px;\"><center><img decoding=\"async\" class=\"lazyload img-responsive\" style=\"margin: 0px auto; max-width: 100%;\" src=\"data:image\/svg+xml,%3Csvg%20xmlns%3D%27http%3A%2F%2Fwww.w3.org%2F2000%2Fsvg%27%20width%3D%272560%27%20height%3D%272560%27%20viewBox%3D%270%200%202560%202560%27%3E%3Crect%20width%3D%272560%27%20height%3D%272560%27%20fill-opacity%3D%220%22%2F%3E%3C%2Fsvg%3E\" data-orig-src=\"https:\/\/pavidecor.si\/wp-content\/uploads\/2022\/06\/IMG_5993-2-scaled.jpg\" \/><\/center><\/div>\n<div class=\"col-sm-6\" style=\"margin-top: 40px;\">\n<p>&nbsp;<\/p>\n<h3><span class=\"prvimanjsinaslovopis\">Pluta\u010da za ribolov<\/span> &#8211; Pri\u010da o tradiciji<\/h3>\n<p><span class=\"prvimanjsinaslovopis\">Pluta\u010da za ribolov<\/span>, poznata i kao Lobster buoy, nekada je bila klju\u010dni alat ribara za ozna\u010davanje pozicija vr\u0161a u moru. Svaki ribar imao je svoje jedinstvene boje i uzorke, \u0161to je omogu\u0107avalo lako prepoznavanje i povratak na iste lokacije. Danas, iako se ribarske boje vi\u0161e ne koriste u praksi, one su postale popularan dekorativni element koji <strong>evocira uspomene na stara vremena<\/strong>.<\/p>\n<p>&nbsp;<\/p>\n<p>U PAVI DECOR-u, svaka p<span class=\"prvimanjsinaslovopis\">luta\u010da za ribolov<\/span> je ru\u010dno izra\u0111ena s pa\u017enjom na detalje. Na\u0161i majstori koriste tradicionalne tehnike spajanja drvenih dijelova, <strong>\u0161to rezultira autenti\u010dnim izgledom<\/strong> koji odra\u017eava vje\u0161tine starih majstora. Ove boje ne samo da su estetski privla\u010dne, ve\u0107 i pri\u010daju pri\u010de o moru i ribarima koji su ih koristili.<\/p>\n<p>&nbsp;<\/p>\n<\/div>\n<\/div>\n<div class=\"row\">\n<div class=\"col-sm-12\">\n<p>&nbsp;<\/p>\n<h3>Jedinstvenost i ru\u010dna izrada<\/h3>\n<p>Svaka p<span class=\"prvimanjsinaslovopis\">luta\u010da za ribolov<\/span> iz na\u0161e kolekcije je unikatna, \u0161to zna\u010di da ne postoje dva identi\u010dna komada. Ova jedinstvenost dolazi od ru\u010dne izrade, gdje svaki detalj ima svoju pri\u010du. Na\u0161i proizvodi su <strong>rezultat vlastitog znanja i kreativnosti<\/strong>, a svi su izra\u0111eni u Sloveniji.<\/p>\n<p>&nbsp;<\/p>\n<p>Osim \u0161to su savr\u0161eni za ukra\u0161avanje interijera, ribarske boje mogu se koristiti i u <a href=\"https:\/\/pavidecor.si\/hr\/projects\/morski-ambijent\/\"><strong><span style=\"color: #3366ff;\">morskom ambijentu<\/span><\/strong><\/a>, dodaju\u0107i da\u0161ak prirode i tradicije. Njihova \u017eivopisna boja i jedinstveni dizajn \u010dine ih idealnim dodatkom za svaki prostor, bilo da se radi o ku\u0107i na moru ili urbanom stanu.<\/p>\n<p>&nbsp;<\/p>\n<\/div>\n<\/div>\n<div class=\"row\">\n<div class=\"col-sm-12\">\n<p>&nbsp;<\/p>\n<h3>Specifikacije i informacije o proizvodu<\/h3>\n<p>Ribi\u0161ka boja je izra\u0111ena od visokokvalitetnog drva, pa\u017eljivo obra\u0111ena i obojena ekolo\u0161kim bojama. Ovaj dekorativni predmet ne samo da \u0107e <strong>obogatiti va\u0161 prostor<\/strong>, ve\u0107 \u0107e tako\u0111er biti i razgovor o komadu koji \u0107e privu\u0107i pa\u017enju va\u0161ih gostiju.<\/p>\n<p>&nbsp;<\/p>\n<p>Svaka boja dolazi s vlastitom pri\u010dom i karakterom, a mo\u017eete ih prona\u0107i u <strong>razli\u010ditim bojama i uzorcima<\/strong>, inspiriranim tradicionalnim ribi\u010dkim tehnikama. U PAVI DECOR-u, ponosni smo na na\u0161u strast prema drvetu i prirodi, a na\u0161i proizvodi odra\u017eavaju tu ljubav.<\/p>\n<\/div>\n<\/div>\n<p>&nbsp;<\/p>\n","protected":false},"excerpt":{"rendered":"<p><strong><span style=\"color: #c4963c;\">\u2192 Ru\u010dno izra\u0111ena<\/span><\/strong><strong><span style=\"color: #c4963c;\"><br \/>\n<\/span><span style=\"color: #c4963c;\">\u2192 Jedinstvena<\/span><\/strong><\/p>\n","protected":false},"featured_media":15701,"comment_status":"open","ping_status":"closed","template":"","meta":[],"product_brand":[],"product_cat":[282],"product_tag":[218],"class_list":{"0":"post-15699","1":"product","2":"type-product","3":"status-publish","4":"has-post-thumbnail","6":"product_cat-plutace","7":"product_tag-nov","9":"first","10":"instock","11":"sold-individually","12":"taxable","13":"shipping-taxable","14":"purchasable","15":"product-type-simple"},"yoast_head":"<!-- This site is optimized with the Yoast SEO plugin v27.2 - https:\/\/yoast.com\/product\/yoast-seo-wordpress\/ -->\n<title>Pluta\u010da za ribolov - Unikatni drveni dekor s du\u0161om pro\u0161losti<\/title>\n<meta name=\"description\" content=\"Pluta\u010da za ribolov danas je prekrasan nauti\u010dki dekor i nostalgi\u010dni suvenir, a nekada su ih ribari koristili za ozna\u010davanje polo\u017eaja vr\u0161a u moru.\" \/>\n<meta name=\"robots\" content=\"index, follow, max-snippet:-1, max-image-preview:large, max-video-preview:-1\" \/>\n<link rel=\"canonical\" href=\"https:\/\/pavidecor.si\/hr\/proizvod\/plutaca-za-ribolov-mala-1-13x5x4cm\/\" \/>\n<meta property=\"og:locale\" content=\"hr_HR\" \/>\n<meta property=\"og:type\" content=\"article\" \/>\n<meta property=\"og:title\" content=\"Pluta\u010da za ribolov - Unikatni drveni dekor s du\u0161om pro\u0161losti\" \/>\n<meta property=\"og:description\" content=\"Pluta\u010da za ribolov danas je prekrasan nauti\u010dki dekor i nostalgi\u010dni suvenir, a nekada su ih ribari koristili za ozna\u010davanje polo\u017eaja vr\u0161a u moru.\" \/>\n<meta property=\"og:url\" content=\"https:\/\/pavidecor.si\/hr\/proizvod\/plutaca-za-ribolov-mala-1-13x5x4cm\/\" \/>\n<meta property=\"og:site_name\" content=\"Pavi Decor\" \/>\n<meta property=\"article:modified_time\" content=\"2026-04-18T05:03:07+00:00\" \/>\n<meta property=\"og:image\" content=\"https:\/\/pavidecor.si\/wp-content\/uploads\/2022\/06\/IMG_5993-2-scaled.jpg\" \/>\n\t<meta property=\"og:image:width\" content=\"2560\" \/>\n\t<meta property=\"og:image:height\" content=\"2560\" \/>\n\t<meta property=\"og:image:type\" content=\"image\/jpeg\" \/>\n<meta name=\"twitter:card\" content=\"summary_large_image\" \/>\n<meta name=\"twitter:label1\" content=\"Procijenjeno vrijeme \u010ditanja\" \/>\n\t<meta name=\"twitter:data1\" content=\"3 minute\" \/>\n<script type=\"application\/ld+json\" class=\"yoast-schema-graph\">{\"@context\":\"https:\/\/schema.org\",\"@graph\":[{\"@type\":\"WebPage\",\"@id\":\"https:\/\/pavidecor.si\/hr\/proizvod\/plutaca-za-ribolov-mala-1-13x5x4cm\/\",\"url\":\"https:\/\/pavidecor.si\/hr\/proizvod\/plutaca-za-ribolov-mala-1-13x5x4cm\/\",\"name\":\"Pluta\u010da za ribolov - Unikatni drveni dekor s du\u0161om pro\u0161losti\",\"isPartOf\":{\"@id\":\"https:\/\/pavidecor.si\/hr\/#website\"},\"primaryImageOfPage\":{\"@id\":\"https:\/\/pavidecor.si\/hr\/proizvod\/plutaca-za-ribolov-mala-1-13x5x4cm\/#primaryimage\"},\"image\":{\"@id\":\"https:\/\/pavidecor.si\/hr\/proizvod\/plutaca-za-ribolov-mala-1-13x5x4cm\/#primaryimage\"},\"thumbnailUrl\":\"https:\/\/pavidecor.si\/wp-content\/uploads\/2022\/06\/IMG_5993-2-scaled.jpg\",\"datePublished\":\"2022-06-20T10:38:50+00:00\",\"dateModified\":\"2026-04-18T05:03:07+00:00\",\"description\":\"Pluta\u010da za ribolov danas je prekrasan nauti\u010dki dekor i nostalgi\u010dni suvenir, a nekada su ih ribari koristili za ozna\u010davanje polo\u017eaja vr\u0161a u moru.\",\"breadcrumb\":{\"@id\":\"https:\/\/pavidecor.si\/hr\/proizvod\/plutaca-za-ribolov-mala-1-13x5x4cm\/#breadcrumb\"},\"inLanguage\":\"hr\",\"potentialAction\":[{\"@type\":\"ReadAction\",\"target\":[\"https:\/\/pavidecor.si\/hr\/proizvod\/plutaca-za-ribolov-mala-1-13x5x4cm\/\"]}]},{\"@type\":\"ImageObject\",\"inLanguage\":\"hr\",\"@id\":\"https:\/\/pavidecor.si\/hr\/proizvod\/plutaca-za-ribolov-mala-1-13x5x4cm\/#primaryimage\",\"url\":\"https:\/\/pavidecor.si\/wp-content\/uploads\/2022\/06\/IMG_5993-2-scaled.jpg\",\"contentUrl\":\"https:\/\/pavidecor.si\/wp-content\/uploads\/2022\/06\/IMG_5993-2-scaled.jpg\",\"width\":2560,\"height\":2560,\"caption\":\"PAVI DECOR\"},{\"@type\":\"BreadcrumbList\",\"@id\":\"https:\/\/pavidecor.si\/hr\/proizvod\/plutaca-za-ribolov-mala-1-13x5x4cm\/#breadcrumb\",\"itemListElement\":[{\"@type\":\"ListItem\",\"position\":1,\"name\":\"Domov\",\"item\":\"https:\/\/pavidecor.si\/hr\/\"},{\"@type\":\"ListItem\",\"position\":2,\"name\":\"Internetska trgovina\",\"item\":\"https:\/\/pavidecor.si\/hr\/internetska-trgovina\/\"},{\"@type\":\"ListItem\",\"position\":3,\"name\":\"Pluta\u010da za ribolov mala 1 13x5x4cm\"}]},{\"@type\":\"WebSite\",\"@id\":\"https:\/\/pavidecor.si\/hr\/#website\",\"url\":\"https:\/\/pavidecor.si\/hr\/\",\"name\":\"Pavi Decor\",\"description\":\"Leseni unikati ustvarjeni iz ljubezni do lesa in narave.\",\"potentialAction\":[{\"@type\":\"SearchAction\",\"target\":{\"@type\":\"EntryPoint\",\"urlTemplate\":\"https:\/\/pavidecor.si\/hr\/?s={search_term_string}\"},\"query-input\":{\"@type\":\"PropertyValueSpecification\",\"valueRequired\":true,\"valueName\":\"search_term_string\"}}],\"inLanguage\":\"hr\"}]}<\/script>\n<!-- \/ Yoast SEO plugin. -->","yoast_head_json":{"title":"Pluta\u010da za ribolov - Unikatni drveni dekor s du\u0161om pro\u0161losti","description":"Pluta\u010da za ribolov danas je prekrasan nauti\u010dki dekor i nostalgi\u010dni suvenir, a nekada su ih ribari koristili za ozna\u010davanje polo\u017eaja vr\u0161a u moru.","robots":{"index":"index","follow":"follow","max-snippet":"max-snippet:-1","max-image-preview":"max-image-preview:large","max-video-preview":"max-video-preview:-1"},"canonical":"https:\/\/pavidecor.si\/hr\/proizvod\/plutaca-za-ribolov-mala-1-13x5x4cm\/","og_locale":"hr_HR","og_type":"article","og_title":"Pluta\u010da za ribolov - Unikatni drveni dekor s du\u0161om pro\u0161losti","og_description":"Pluta\u010da za ribolov danas je prekrasan nauti\u010dki dekor i nostalgi\u010dni suvenir, a nekada su ih ribari koristili za ozna\u010davanje polo\u017eaja vr\u0161a u moru.","og_url":"https:\/\/pavidecor.si\/hr\/proizvod\/plutaca-za-ribolov-mala-1-13x5x4cm\/","og_site_name":"Pavi Decor","article_modified_time":"2026-04-18T05:03:07+00:00","og_image":[{"width":2560,"height":2560,"url":"https:\/\/pavidecor.si\/wp-content\/uploads\/2022\/06\/IMG_5993-2-scaled.jpg","type":"image\/jpeg"}],"twitter_card":"summary_large_image","twitter_misc":{"Procijenjeno vrijeme \u010ditanja":"3 minute"},"schema":{"@context":"https:\/\/schema.org","@graph":[{"@type":"WebPage","@id":"https:\/\/pavidecor.si\/hr\/proizvod\/plutaca-za-ribolov-mala-1-13x5x4cm\/","url":"https:\/\/pavidecor.si\/hr\/proizvod\/plutaca-za-ribolov-mala-1-13x5x4cm\/","name":"Pluta\u010da za ribolov - Unikatni drveni dekor s du\u0161om pro\u0161losti","isPartOf":{"@id":"https:\/\/pavidecor.si\/hr\/#website"},"primaryImageOfPage":{"@id":"https:\/\/pavidecor.si\/hr\/proizvod\/plutaca-za-ribolov-mala-1-13x5x4cm\/#primaryimage"},"image":{"@id":"https:\/\/pavidecor.si\/hr\/proizvod\/plutaca-za-ribolov-mala-1-13x5x4cm\/#primaryimage"},"thumbnailUrl":"https:\/\/pavidecor.si\/wp-content\/uploads\/2022\/06\/IMG_5993-2-scaled.jpg","datePublished":"2022-06-20T10:38:50+00:00","dateModified":"2026-04-18T05:03:07+00:00","description":"Pluta\u010da za ribolov danas je prekrasan nauti\u010dki dekor i nostalgi\u010dni suvenir, a nekada su ih ribari koristili za ozna\u010davanje polo\u017eaja vr\u0161a u moru.","breadcrumb":{"@id":"https:\/\/pavidecor.si\/hr\/proizvod\/plutaca-za-ribolov-mala-1-13x5x4cm\/#breadcrumb"},"inLanguage":"hr","potentialAction":[{"@type":"ReadAction","target":["https:\/\/pavidecor.si\/hr\/proizvod\/plutaca-za-ribolov-mala-1-13x5x4cm\/"]}]},{"@type":"ImageObject","inLanguage":"hr","@id":"https:\/\/pavidecor.si\/hr\/proizvod\/plutaca-za-ribolov-mala-1-13x5x4cm\/#primaryimage","url":"https:\/\/pavidecor.si\/wp-content\/uploads\/2022\/06\/IMG_5993-2-scaled.jpg","contentUrl":"https:\/\/pavidecor.si\/wp-content\/uploads\/2022\/06\/IMG_5993-2-scaled.jpg","width":2560,"height":2560,"caption":"PAVI DECOR"},{"@type":"BreadcrumbList","@id":"https:\/\/pavidecor.si\/hr\/proizvod\/plutaca-za-ribolov-mala-1-13x5x4cm\/#breadcrumb","itemListElement":[{"@type":"ListItem","position":1,"name":"Domov","item":"https:\/\/pavidecor.si\/hr\/"},{"@type":"ListItem","position":2,"name":"Internetska trgovina","item":"https:\/\/pavidecor.si\/hr\/internetska-trgovina\/"},{"@type":"ListItem","position":3,"name":"Pluta\u010da za ribolov mala 1 13x5x4cm"}]},{"@type":"WebSite","@id":"https:\/\/pavidecor.si\/hr\/#website","url":"https:\/\/pavidecor.si\/hr\/","name":"Pavi Decor","description":"Leseni unikati ustvarjeni iz ljubezni do lesa in narave.","potentialAction":[{"@type":"SearchAction","target":{"@type":"EntryPoint","urlTemplate":"https:\/\/pavidecor.si\/hr\/?s={search_term_string}"},"query-input":{"@type":"PropertyValueSpecification","valueRequired":true,"valueName":"search_term_string"}}],"inLanguage":"hr"}]}},"_links":{"self":[{"href":"https:\/\/pavidecor.si\/hr\/wp-json\/wp\/v2\/product\/15699","targetHints":{"allow":["GET"]}}],"collection":[{"href":"https:\/\/pavidecor.si\/hr\/wp-json\/wp\/v2\/product"}],"about":[{"href":"https:\/\/pavidecor.si\/hr\/wp-json\/wp\/v2\/types\/product"}],"replies":[{"embeddable":true,"href":"https:\/\/pavidecor.si\/hr\/wp-json\/wp\/v2\/comments?post=15699"}],"wp:featuredmedia":[{"embeddable":true,"href":"https:\/\/pavidecor.si\/hr\/wp-json\/wp\/v2\/media\/15701"}],"wp:attachment":[{"href":"https:\/\/pavidecor.si\/hr\/wp-json\/wp\/v2\/media?parent=15699"}],"wp:term":[{"taxonomy":"product_brand","embeddable":true,"href":"https:\/\/pavidecor.si\/hr\/wp-json\/wp\/v2\/product_brand?post=15699"},{"taxonomy":"product_cat","embeddable":true,"href":"https:\/\/pavidecor.si\/hr\/wp-json\/wp\/v2\/product_cat?post=15699"},{"taxonomy":"product_tag","embeddable":true,"href":"https:\/\/pavidecor.si\/hr\/wp-json\/wp\/v2\/product_tag?post=15699"}],"curies":[{"name":"wp","href":"https:\/\/api.w.org\/{rel}","templated":true}]}}