	{"id":15615,"date":"2022-06-23T09:04:23","date_gmt":"2022-06-23T09:04:23","guid":{"rendered":"https:\/\/pavidecor.si\/product\/kucalica-za-zasun-za-slike-40x30cm\/"},"modified":"2026-04-20T16:03:22","modified_gmt":"2026-04-20T16:03:22","slug":"kucalica-i-zasun-na-vratima-40x30cm","status":"publish","type":"product","link":"https:\/\/pavidecor.si\/hr\/proizvod\/kucalica-i-zasun-na-vratima-40x30cm\/","title":{"rendered":"Kucalica i zasun na vratima 40x30cm"},"content":{"rendered":"<p><span class=\"prvimanjsinaslovopis\">Kucalica i zasun na vratima\u00a0&#8211; Autenti\u010dni seoski motiv<\/span><\/p>\n<p>&nbsp;<\/p>\n<p>&nbsp;<\/p>\n<h2><span class=\"odebeljenopis\"><strong> Otkrijte \u010daroliju seoskog \u017eivota s na\u0161om unikatnom slikom kucalice u zasuna na drvenim vratima. Ovaj prekrasan komad umjetnosti ne samo da \u0107e obogatiti va\u0161 prostor, ve\u0107 \u0107e i donijeti da\u0161ak prirode i tradicije u va\u0161 dom. Izra\u0111en s ljubavlju i pa\u017enjom, svaki detalj ove slike odra\u017eava na\u0161u strast prema drvetu i prirodi.<\/strong><\/span><\/h2>\n<p>&nbsp;<\/p>\n<div class=\"row\">\n<div class=\"col-sm-6 \" style=\"margin-top: 30px;\"><center><img decoding=\"async\" class=\"lazyload img-responsive\" style=\"margin: 0px auto; max-width: 100%;\" src=\"data:image\/svg+xml,%3Csvg%20xmlns%3D%27http%3A%2F%2Fwww.w3.org%2F2000%2Fsvg%27%20width%3D%271619%27%20height%3D%271620%27%20viewBox%3D%270%200%201619%201620%27%3E%3Crect%20width%3D%271619%27%20height%3D%271620%27%20fill-opacity%3D%220%22%2F%3E%3C%2Fsvg%3E\" data-orig-src=\"https:\/\/pavidecor.si\/wp-content\/uploads\/2022\/06\/Slika-zapah-trkalo-40x30-1.jpg\" \/><\/center><\/div>\n<div class=\"col-sm-6\" style=\"margin-top: 40px;\">\n<p>&nbsp;<\/p>\n<h3>Jedinstveni dizajn i kvaliteta<\/h3>\n<p>Na\u0161a slika <span class=\"prvimanjsinaslovopis\">Kucalica i zasun na vratima<\/span> izra\u0111ena je od topolovog drva u prirodnoj boji, \u0161to je \u010dini savr\u0161enim dodatkom za svaki rustikalni ili seoski interijer. Ovaj komad umjetnosti ne samo da \u0107e privu\u0107i poglede, ve\u0107 \u0107e i stvoriti toplu i ugodnu atmosferu u va\u0161em domu. Fotografija je za\u0161ti\u0107ena <b>nelomljivim pleksi staklom<\/b>, \u0161to osigurava dugotrajnost i sigurnost, dok bijeli paspartu i dodatna letvica u prirodnoj boji dodaju sofisticiranost i eleganciju.<\/p>\n<p>&nbsp;<\/p>\n<p>Na\u0161a trgovina PAVI DECOR iz Ljubljane ponosna je na svoju tradiciju ru\u010dne izrade i pa\u017enje prema detaljima. Svi na\u0161i proizvodi rezultat su vlastitog znanja i kreativnosti, a svaki komad nosi sa sobom duh starih majstora. Ova slika nije samo dekoracija, ve\u0107 i pri\u010da koja \u0107e obogatiti va\u0161 prostor i donijeti da\u0161ak povijesti u va\u0161 dom.<\/p>\n<p>&nbsp;<\/p>\n<\/div>\n<\/div>\n<div class=\"row\">\n<div class=\"col-sm-12\">\n<p>&nbsp;<\/p>\n<h3>Jednostavna monta\u017ea i prilagodba<\/h3>\n<p>Jedna od prednosti na\u0161e slike je jednostavno obje\u0161anje na zid. U paketu se nalazi dodatna letvica koja se lako pri\u010dvrsti s dva vijka, \u0161to omogu\u0107ava brzu i jednostavnu instalaciju. Bez obzira na to gdje \u017eelite postaviti ovu sliku, njezina svestranost omogu\u0107ava da se uklopi u razli\u010dite stilove interijera, od klasi\u010dnog do modernog.<\/p>\n<p>&nbsp;<\/p>\n<p>Osim toga, nudimo <strong>mogu\u0107nost izrade slike s fotografijom po va\u0161oj \u017eelji<\/strong>. Na taj na\u010din mo\u017eete personalizirati svoj prostor i stvoriti jedinstveni komad koji \u0107e odra\u017eavati va\u0161 stil i osobnost. Na\u0161a strast prema drvetu i prirodi o\u010dituje se u svakom na\u0161em proizvodu, a ova slika nije iznimka.<\/p>\n<p>&nbsp;<\/p>\n<\/div>\n<\/div>\n<div class=\"row\">\n<div class=\"col-sm-12\">\n<p>&nbsp;<\/p>\n<h3>Tehni\u010dke specifikacije<\/h3>\n<p>&#8211; Materijal: Topolovo drvo<br \/>\n&#8211; Boja: Natur<br \/>\n&#8211; Za\u0161tita: Nelomljivo pleksi staklo<br \/>\n&#8211; Dodatni elementi: Bijeli paspartu, dodatna letvica<br \/>\n&#8211; Na\u010din monta\u017ee: Dodatna letvica s dva vijaka<\/p>\n<p>Na\u0161a slika <span class=\"prvimanjsinaslovopis\">Kucalica i zasun na vratima<\/span> savr\u0161en je izbor za sve ljubitelje prirode i tradicionalnog dizajna. Izra\u0111ena u Sloveniji, svaki komad nosi sa sobom na\u0161u strast prema drvetu i prirodi, a ru\u010dna izrada osigurava da je svaki detalj savr\u0161eno obra\u0111en.<\/p>\n<\/div>\n<\/div>\n<p>&nbsp;<\/p>\n","protected":false},"excerpt":{"rendered":"<p><strong><span style=\"color: #c4963c;\">\u2192 Ruralni motiv<br \/>\n<\/span><span style=\"color: #c4963c;\">\u2192 Shabby chic<\/span><\/strong><strong><br \/>\n<\/strong><\/p>\n","protected":false},"featured_media":15617,"comment_status":"open","ping_status":"closed","template":"","meta":[],"product_brand":[],"product_cat":[342],"product_tag":[218],"class_list":{"0":"post-15615","1":"product","2":"type-product","3":"status-publish","4":"has-post-thumbnail","6":"product_cat-slike-hr","7":"product_tag-nov","9":"first","10":"instock","11":"sold-individually","12":"taxable","13":"shipping-taxable","14":"purchasable","15":"product-type-simple"},"yoast_head":"<!-- This site is optimized with the Yoast SEO plugin v27.2 - https:\/\/yoast.com\/product\/yoast-seo-wordpress\/ -->\n<title>Kucalica i zasun na vratima - Unikatni seoski motiv PAVI DECOR<\/title>\n<meta name=\"description\" content=\"Slika Kucalica i zasun na vratima zanimljiva je slika ruralnog motiva. Okvir je prirodne boje, s dodatnom letvicom od topolovog drva.\" \/>\n<meta name=\"robots\" content=\"index, follow, max-snippet:-1, max-image-preview:large, max-video-preview:-1\" \/>\n<link rel=\"canonical\" href=\"https:\/\/pavidecor.si\/hr\/proizvod\/kucalica-i-zasun-na-vratima-40x30cm\/\" \/>\n<meta property=\"og:locale\" content=\"hr_HR\" \/>\n<meta property=\"og:type\" content=\"article\" \/>\n<meta property=\"og:title\" content=\"Kucalica i zasun na vratima - Unikatni seoski motiv PAVI DECOR\" \/>\n<meta property=\"og:description\" content=\"Slika Kucalica i zasun na vratima zanimljiva je slika ruralnog motiva. Okvir je prirodne boje, s dodatnom letvicom od topolovog drva.\" \/>\n<meta property=\"og:url\" content=\"https:\/\/pavidecor.si\/hr\/proizvod\/kucalica-i-zasun-na-vratima-40x30cm\/\" \/>\n<meta property=\"og:site_name\" content=\"Pavi Decor\" \/>\n<meta property=\"article:modified_time\" content=\"2026-04-20T16:03:22+00:00\" \/>\n<meta property=\"og:image\" content=\"https:\/\/pavidecor.si\/wp-content\/uploads\/2022\/06\/Slika-zapah-trkalo-40x30-1.jpg\" \/>\n\t<meta property=\"og:image:width\" content=\"1619\" \/>\n\t<meta property=\"og:image:height\" content=\"1620\" \/>\n\t<meta property=\"og:image:type\" content=\"image\/jpeg\" \/>\n<meta name=\"twitter:card\" content=\"summary_large_image\" \/>\n<meta name=\"twitter:label1\" content=\"Procijenjeno vrijeme \u010ditanja\" \/>\n\t<meta name=\"twitter:data1\" content=\"3 minute\" \/>\n<script type=\"application\/ld+json\" class=\"yoast-schema-graph\">{\"@context\":\"https:\/\/schema.org\",\"@graph\":[{\"@type\":\"WebPage\",\"@id\":\"https:\/\/pavidecor.si\/hr\/proizvod\/kucalica-i-zasun-na-vratima-40x30cm\/\",\"url\":\"https:\/\/pavidecor.si\/hr\/proizvod\/kucalica-i-zasun-na-vratima-40x30cm\/\",\"name\":\"Kucalica i zasun na vratima - Unikatni seoski motiv PAVI DECOR\",\"isPartOf\":{\"@id\":\"https:\/\/pavidecor.si\/hr\/#website\"},\"primaryImageOfPage\":{\"@id\":\"https:\/\/pavidecor.si\/hr\/proizvod\/kucalica-i-zasun-na-vratima-40x30cm\/#primaryimage\"},\"image\":{\"@id\":\"https:\/\/pavidecor.si\/hr\/proizvod\/kucalica-i-zasun-na-vratima-40x30cm\/#primaryimage\"},\"thumbnailUrl\":\"https:\/\/pavidecor.si\/wp-content\/uploads\/2022\/06\/Slika-zapah-trkalo-40x30-1.jpg\",\"datePublished\":\"2022-06-23T09:04:23+00:00\",\"dateModified\":\"2026-04-20T16:03:22+00:00\",\"description\":\"Slika Kucalica i zasun na vratima zanimljiva je slika ruralnog motiva. Okvir je prirodne boje, s dodatnom letvicom od topolovog drva.\",\"breadcrumb\":{\"@id\":\"https:\/\/pavidecor.si\/hr\/proizvod\/kucalica-i-zasun-na-vratima-40x30cm\/#breadcrumb\"},\"inLanguage\":\"hr\",\"potentialAction\":[{\"@type\":\"ReadAction\",\"target\":[\"https:\/\/pavidecor.si\/hr\/proizvod\/kucalica-i-zasun-na-vratima-40x30cm\/\"]}]},{\"@type\":\"ImageObject\",\"inLanguage\":\"hr\",\"@id\":\"https:\/\/pavidecor.si\/hr\/proizvod\/kucalica-i-zasun-na-vratima-40x30cm\/#primaryimage\",\"url\":\"https:\/\/pavidecor.si\/wp-content\/uploads\/2022\/06\/Slika-zapah-trkalo-40x30-1.jpg\",\"contentUrl\":\"https:\/\/pavidecor.si\/wp-content\/uploads\/2022\/06\/Slika-zapah-trkalo-40x30-1.jpg\",\"width\":1619,\"height\":1620,\"caption\":\"PAVI DECOR\"},{\"@type\":\"BreadcrumbList\",\"@id\":\"https:\/\/pavidecor.si\/hr\/proizvod\/kucalica-i-zasun-na-vratima-40x30cm\/#breadcrumb\",\"itemListElement\":[{\"@type\":\"ListItem\",\"position\":1,\"name\":\"Domov\",\"item\":\"https:\/\/pavidecor.si\/hr\/\"},{\"@type\":\"ListItem\",\"position\":2,\"name\":\"Internetska trgovina\",\"item\":\"https:\/\/pavidecor.si\/hr\/internetska-trgovina\/\"},{\"@type\":\"ListItem\",\"position\":3,\"name\":\"Kucalica i zasun na vratima 40x30cm\"}]},{\"@type\":\"WebSite\",\"@id\":\"https:\/\/pavidecor.si\/hr\/#website\",\"url\":\"https:\/\/pavidecor.si\/hr\/\",\"name\":\"Pavi Decor\",\"description\":\"Leseni unikati ustvarjeni iz ljubezni do lesa in narave.\",\"potentialAction\":[{\"@type\":\"SearchAction\",\"target\":{\"@type\":\"EntryPoint\",\"urlTemplate\":\"https:\/\/pavidecor.si\/hr\/?s={search_term_string}\"},\"query-input\":{\"@type\":\"PropertyValueSpecification\",\"valueRequired\":true,\"valueName\":\"search_term_string\"}}],\"inLanguage\":\"hr\"}]}<\/script>\n<!-- \/ Yoast SEO plugin. -->","yoast_head_json":{"title":"Kucalica i zasun na vratima - Unikatni seoski motiv PAVI DECOR","description":"Slika Kucalica i zasun na vratima zanimljiva je slika ruralnog motiva. Okvir je prirodne boje, s dodatnom letvicom od topolovog drva.","robots":{"index":"index","follow":"follow","max-snippet":"max-snippet:-1","max-image-preview":"max-image-preview:large","max-video-preview":"max-video-preview:-1"},"canonical":"https:\/\/pavidecor.si\/hr\/proizvod\/kucalica-i-zasun-na-vratima-40x30cm\/","og_locale":"hr_HR","og_type":"article","og_title":"Kucalica i zasun na vratima - Unikatni seoski motiv PAVI DECOR","og_description":"Slika Kucalica i zasun na vratima zanimljiva je slika ruralnog motiva. Okvir je prirodne boje, s dodatnom letvicom od topolovog drva.","og_url":"https:\/\/pavidecor.si\/hr\/proizvod\/kucalica-i-zasun-na-vratima-40x30cm\/","og_site_name":"Pavi Decor","article_modified_time":"2026-04-20T16:03:22+00:00","og_image":[{"width":1619,"height":1620,"url":"https:\/\/pavidecor.si\/wp-content\/uploads\/2022\/06\/Slika-zapah-trkalo-40x30-1.jpg","type":"image\/jpeg"}],"twitter_card":"summary_large_image","twitter_misc":{"Procijenjeno vrijeme \u010ditanja":"3 minute"},"schema":{"@context":"https:\/\/schema.org","@graph":[{"@type":"WebPage","@id":"https:\/\/pavidecor.si\/hr\/proizvod\/kucalica-i-zasun-na-vratima-40x30cm\/","url":"https:\/\/pavidecor.si\/hr\/proizvod\/kucalica-i-zasun-na-vratima-40x30cm\/","name":"Kucalica i zasun na vratima - Unikatni seoski motiv PAVI DECOR","isPartOf":{"@id":"https:\/\/pavidecor.si\/hr\/#website"},"primaryImageOfPage":{"@id":"https:\/\/pavidecor.si\/hr\/proizvod\/kucalica-i-zasun-na-vratima-40x30cm\/#primaryimage"},"image":{"@id":"https:\/\/pavidecor.si\/hr\/proizvod\/kucalica-i-zasun-na-vratima-40x30cm\/#primaryimage"},"thumbnailUrl":"https:\/\/pavidecor.si\/wp-content\/uploads\/2022\/06\/Slika-zapah-trkalo-40x30-1.jpg","datePublished":"2022-06-23T09:04:23+00:00","dateModified":"2026-04-20T16:03:22+00:00","description":"Slika Kucalica i zasun na vratima zanimljiva je slika ruralnog motiva. Okvir je prirodne boje, s dodatnom letvicom od topolovog drva.","breadcrumb":{"@id":"https:\/\/pavidecor.si\/hr\/proizvod\/kucalica-i-zasun-na-vratima-40x30cm\/#breadcrumb"},"inLanguage":"hr","potentialAction":[{"@type":"ReadAction","target":["https:\/\/pavidecor.si\/hr\/proizvod\/kucalica-i-zasun-na-vratima-40x30cm\/"]}]},{"@type":"ImageObject","inLanguage":"hr","@id":"https:\/\/pavidecor.si\/hr\/proizvod\/kucalica-i-zasun-na-vratima-40x30cm\/#primaryimage","url":"https:\/\/pavidecor.si\/wp-content\/uploads\/2022\/06\/Slika-zapah-trkalo-40x30-1.jpg","contentUrl":"https:\/\/pavidecor.si\/wp-content\/uploads\/2022\/06\/Slika-zapah-trkalo-40x30-1.jpg","width":1619,"height":1620,"caption":"PAVI DECOR"},{"@type":"BreadcrumbList","@id":"https:\/\/pavidecor.si\/hr\/proizvod\/kucalica-i-zasun-na-vratima-40x30cm\/#breadcrumb","itemListElement":[{"@type":"ListItem","position":1,"name":"Domov","item":"https:\/\/pavidecor.si\/hr\/"},{"@type":"ListItem","position":2,"name":"Internetska trgovina","item":"https:\/\/pavidecor.si\/hr\/internetska-trgovina\/"},{"@type":"ListItem","position":3,"name":"Kucalica i zasun na vratima 40x30cm"}]},{"@type":"WebSite","@id":"https:\/\/pavidecor.si\/hr\/#website","url":"https:\/\/pavidecor.si\/hr\/","name":"Pavi Decor","description":"Leseni unikati ustvarjeni iz ljubezni do lesa in narave.","potentialAction":[{"@type":"SearchAction","target":{"@type":"EntryPoint","urlTemplate":"https:\/\/pavidecor.si\/hr\/?s={search_term_string}"},"query-input":{"@type":"PropertyValueSpecification","valueRequired":true,"valueName":"search_term_string"}}],"inLanguage":"hr"}]}},"_links":{"self":[{"href":"https:\/\/pavidecor.si\/hr\/wp-json\/wp\/v2\/product\/15615","targetHints":{"allow":["GET"]}}],"collection":[{"href":"https:\/\/pavidecor.si\/hr\/wp-json\/wp\/v2\/product"}],"about":[{"href":"https:\/\/pavidecor.si\/hr\/wp-json\/wp\/v2\/types\/product"}],"replies":[{"embeddable":true,"href":"https:\/\/pavidecor.si\/hr\/wp-json\/wp\/v2\/comments?post=15615"}],"wp:featuredmedia":[{"embeddable":true,"href":"https:\/\/pavidecor.si\/hr\/wp-json\/wp\/v2\/media\/15617"}],"wp:attachment":[{"href":"https:\/\/pavidecor.si\/hr\/wp-json\/wp\/v2\/media?parent=15615"}],"wp:term":[{"taxonomy":"product_brand","embeddable":true,"href":"https:\/\/pavidecor.si\/hr\/wp-json\/wp\/v2\/product_brand?post=15615"},{"taxonomy":"product_cat","embeddable":true,"href":"https:\/\/pavidecor.si\/hr\/wp-json\/wp\/v2\/product_cat?post=15615"},{"taxonomy":"product_tag","embeddable":true,"href":"https:\/\/pavidecor.si\/hr\/wp-json\/wp\/v2\/product_tag?post=15615"}],"curies":[{"name":"wp","href":"https:\/\/api.w.org\/{rel}","templated":true}]}}