	{"id":15590,"date":"2022-06-23T10:55:50","date_gmt":"2022-06-23T10:55:50","guid":{"rendered":"https:\/\/pavidecor.si\/product\/dekorativni-svjetionik-mediteran-47x24x14cm\/"},"modified":"2026-04-23T03:01:01","modified_gmt":"2026-04-23T03:01:01","slug":"dekorativni-svjetionik-mediteran-47x24x14cm","status":"publish","type":"product","link":"https:\/\/pavidecor.si\/hr\/proizvod\/dekorativni-svjetionik-mediteran-47x24x14cm\/","title":{"rendered":"Dekorativni svjetionik Mediteran 47x24x14cm"},"content":{"rendered":"<p><span class=\"prvimanjsinaslovopis\">Dekorativni svjetionik Mediteran &#8211; Unikatni komad s morskim duhom<\/span><\/p>\n<p>&nbsp;<\/p>\n<h2><span class=\"odebeljenopis\"><strong> U\u017eivajte u \u010daroliji prirode s na\u0161im ru\u010dno ra\u0111enim okrasnim svjetionikom iz recikliranog i naplavljenog drva. Ovaj jedinstveni komad ne samo da \u0107e obogatiti va\u0161 prostor, ve\u0107 \u0107e i donijeti da\u0161ak morskog ugo\u0111aja i romantike. Savr\u0161en je dodatak za svaki interijer, a idealan i kao poklon za posebne prigode.<\/strong><\/span><\/h2>\n<p>&nbsp;<\/p>\n<div class=\"row\">\n<div class=\"col-sm-6 \" style=\"margin-top: 30px;\"><center><img decoding=\"async\" class=\"lazyload img-responsive\" style=\"margin: 0px auto; max-width: 100%;\" src=\"data:image\/svg+xml,%3Csvg%20xmlns%3D%27http%3A%2F%2Fwww.w3.org%2F2000%2Fsvg%27%20width%3D%271983%27%20height%3D%271983%27%20viewBox%3D%270%200%201983%201983%27%3E%3Crect%20width%3D%271983%27%20height%3D%271983%27%20fill-opacity%3D%220%22%2F%3E%3C%2Fsvg%3E\" data-orig-src=\"https:\/\/pavidecor.si\/wp-content\/uploads\/2022\/06\/IMG_6195-2.jpg\" \/><\/center><\/div>\n<div class=\"col-sm-6\" style=\"margin-top: 40px;\">\n<p>&nbsp;<\/p>\n<h3>Jedinstvena ru\u010dna izrada<\/h3>\n<p>Na\u0161i ukrasni svjetionici su rezultat strasti i ljubavi prema drvetu i prirodi, \u0161to je temelj na\u0161eg poslovanja u PAVI DECOR-u iz Ljubljane. Svaki dekorativni svjetionik je <b>ru\u010dno izra\u0111e<\/b><strong>n s posebnom pa\u017enjom na detalje<\/strong>, koriste\u0107i tradicionalne tehnike spajanja drvenih dijelova koje su koristili stari majstori. Ova metoda izrade ne samo da osigurava izdr\u017eljivost, ve\u0107 i daje proizvodu autenti\u010dan izgled koji \u0107e privu\u0107i pa\u017enju svakog gosta.<\/p>\n<p>&nbsp;<\/p>\n<p>Svjetionik Mediteran dolazi s izrezbarenim stepenicama i terasom, koja je dodatno ukra\u0161ena ogradama i narisanim prozorima. Ovi detalji ne samo da doprinose estetskoj vrijednosti, ve\u0107 i <strong>stvaraju osje\u0107aj topline i doma\u0107e atmosfere<\/strong>. Ovaj komad savr\u0161eno se uklapa u svaki ambijent, bilo da se radi o modernom ili shabby chic interijeru.<\/p>\n<p>&nbsp;<\/p>\n<p>&nbsp;<\/p>\n<\/div>\n<\/div>\n<div class=\"row\">\n<div class=\"col-sm-6 col-sm-push-6\" style=\"margin-top: 30px;\"><center><img decoding=\"async\" class=\"lazyload img-responsive\" style=\"margin: 0px auto; max-width: 100%;\" src=\"data:image\/svg+xml,%3Csvg%20xmlns%3D%27http%3A%2F%2Fwww.w3.org%2F2000%2Fsvg%27%20width%3D%271942%27%20height%3D%271942%27%20viewBox%3D%270%200%201942%201942%27%3E%3Crect%20width%3D%271942%27%20height%3D%271942%27%20fill-opacity%3D%220%22%2F%3E%3C%2Fsvg%3E\" data-orig-src=\" https:\/\/pavidecor.si\/wp-content\/uploads\/2022\/06\/IMG_6196-2.jpg\" \/><\/center><\/div>\n<div class=\"col-sm-6 col-sm-pull-6\" style=\"margin-top: 40px;\">\n<p>&nbsp;<\/p>\n<h3>Idealno za svaki prostor<\/h3>\n<p>Dekorativni svjetionik nije samo dekoracija; on je i simbol uspomena na romanti\u010dne trenutke provedene uz more. <strong>Njegov morski duh unosi svje\u017einu i miris oceana u va\u0161 dom<\/strong>, stvaraju\u0107i opu\u0161taju\u0107u atmosferu koja \u0107e vas podsje\u0107ati na ljetne dane. Bilo da ga postavite na stoli\u0107, policu ili vanjsku terasu, ovaj svjetionik \u0107e zasigurno privu\u0107i poglede i izazvati divljenje.<\/p>\n<p>&nbsp;<\/p>\n<p>Osim \u0161to je savr\u0161en dodatak va\u0161em prostoru, ovaj svjetionik je i <b>odli\u010dno darilo<\/b> za prijatelje i obitelj. Njegova jedinstvenost i ru\u010dna izrada \u010dine ga posebnim poklonom za ro\u0111endane, godi\u0161njice ili bilo koju drugu prigodu. U PAVI DECOR-u vjerujemo da svaki komad drva nosi svoju pri\u010du, a na\u0161 svjetionik Mediteran je savr\u0161ena prilika da podijelite tu pri\u010du s voljenima.<\/p>\n<p>&nbsp;<\/p>\n<p>&nbsp;<\/p>\n<\/div>\n<\/div>\n<div class=\"row\">\n<div class=\"col-sm-6\" style=\"margin-top: 30px;\"><center><img decoding=\"async\" class=\"lazyload img-responsive\" style=\"margin: 0px auto; max-width: 100%;\" src=\"data:image\/svg+xml,%3Csvg%20xmlns%3D%27http%3A%2F%2Fwww.w3.org%2F2000%2Fsvg%27%20width%3D%272560%27%20height%3D%272560%27%20viewBox%3D%270%200%202560%202560%27%3E%3Crect%20width%3D%272560%27%20height%3D%272560%27%20fill-opacity%3D%220%22%2F%3E%3C%2Fsvg%3E\" data-orig-src=\" https:\/\/pavidecor.si\/wp-content\/uploads\/2022\/06\/IMG_6197-2-scaled.jpg\" \/><\/center><\/div>\n<div class=\"col-sm-6\" style=\"margin-top: 40px;\">\n<p>&nbsp;<\/p>\n<h3>Specifikacije proizvoda<\/h3>\n<p>Na\u0161 dekorativni svjetionik izra\u0111en je od <b>recikliranog i naplavljenog drva<\/b>, \u0161to ga \u010dini ekolo\u0161kim izborom za va\u0161 dom. Njegove dimenzije i detalji, poput izrezbarenih stepenica i terase, \u010dine ga jedinstvenim komadom koji \u0107e obogatiti svaki prostor. Ru\u010dno oslikan, svjetionik mo\u017ee stajati samostalno, a njegova svestranost omogu\u0107ava vam da ga koristite u razli\u010ditim okru\u017eenjima.<\/p>\n<p>&nbsp;<\/p>\n<p>U PAVI DECOR-u ponosimo se time \u0161to su svi na\u0161i proizvodi rezultat vlastitog znanja i kreativnosti, a svaki komad je izra\u0111en s ljubavlju i pa\u017enjom. Na\u0161a strast prema drvetu i prirodi o\u010dituje se u svakom detalju, \u010dine\u0107i na\u0161e proizvode ne samo dekorativnim, ve\u0107 i <b>autenti\u010dnim<\/b><strong> dijelovima<\/strong> va\u0161e svakodnevice.<\/p>\n<\/div>\n<\/div>\n<p>&nbsp;<\/p>\n","protected":false},"excerpt":{"rendered":"<p><strong><span style=\"color: #c4963c;\">\u2192 Rukotvorine<br \/>\n<\/span><span style=\"color: #c4963c;\">\u2192 Jedinstven<\/span><\/strong><\/p>\n","protected":false},"featured_media":15592,"comment_status":"open","ping_status":"closed","template":"","meta":[],"product_brand":[],"product_cat":[340],"product_tag":[218],"class_list":{"0":"post-15590","1":"product","2":"type-product","3":"status-publish","4":"has-post-thumbnail","6":"product_cat-svjetionici","7":"product_tag-nov","9":"first","10":"instock","11":"sold-individually","12":"taxable","13":"shipping-taxable","14":"purchasable","15":"product-type-simple"},"yoast_head":"<!-- This site is optimized with the Yoast SEO plugin v27.2 - https:\/\/yoast.com\/product\/yoast-seo-wordpress\/ -->\n<title>Dekorativni svjetionik - Unikatni komad s morskim duhom<\/title>\n<meta name=\"description\" content=\"Dekorativni svjetionik ru\u010dno je izra\u0111en od recikliranog i naplavljenog drveta. Ima rezbarene stepenice, oslikane prozore i terasu s ogradom.\" \/>\n<meta name=\"robots\" content=\"index, follow, max-snippet:-1, max-image-preview:large, max-video-preview:-1\" \/>\n<link rel=\"canonical\" href=\"https:\/\/pavidecor.si\/hr\/proizvod\/dekorativni-svjetionik-mediteran-47x24x14cm\/\" \/>\n<meta property=\"og:locale\" content=\"hr_HR\" \/>\n<meta property=\"og:type\" content=\"article\" \/>\n<meta property=\"og:title\" content=\"Dekorativni svjetionik - Unikatni komad s morskim duhom\" \/>\n<meta property=\"og:description\" content=\"Dekorativni svjetionik ru\u010dno je izra\u0111en od recikliranog i naplavljenog drveta. Ima rezbarene stepenice, oslikane prozore i terasu s ogradom.\" \/>\n<meta property=\"og:url\" content=\"https:\/\/pavidecor.si\/hr\/proizvod\/dekorativni-svjetionik-mediteran-47x24x14cm\/\" \/>\n<meta property=\"og:site_name\" content=\"Pavi Decor\" \/>\n<meta property=\"article:modified_time\" content=\"2026-04-23T03:01:01+00:00\" \/>\n<meta property=\"og:image\" content=\"https:\/\/pavidecor.si\/wp-content\/uploads\/2022\/06\/IMG_6195-2.jpg\" \/>\n\t<meta property=\"og:image:width\" content=\"1983\" \/>\n\t<meta property=\"og:image:height\" content=\"1983\" \/>\n\t<meta property=\"og:image:type\" content=\"image\/jpeg\" \/>\n<meta name=\"twitter:card\" content=\"summary_large_image\" \/>\n<meta name=\"twitter:label1\" content=\"Procijenjeno vrijeme \u010ditanja\" \/>\n\t<meta name=\"twitter:data1\" content=\"3 minute\" \/>\n<script type=\"application\/ld+json\" class=\"yoast-schema-graph\">{\"@context\":\"https:\/\/schema.org\",\"@graph\":[{\"@type\":\"WebPage\",\"@id\":\"https:\/\/pavidecor.si\/hr\/proizvod\/dekorativni-svjetionik-mediteran-47x24x14cm\/\",\"url\":\"https:\/\/pavidecor.si\/hr\/proizvod\/dekorativni-svjetionik-mediteran-47x24x14cm\/\",\"name\":\"Dekorativni svjetionik - Unikatni komad s morskim duhom\",\"isPartOf\":{\"@id\":\"https:\/\/pavidecor.si\/hr\/#website\"},\"primaryImageOfPage\":{\"@id\":\"https:\/\/pavidecor.si\/hr\/proizvod\/dekorativni-svjetionik-mediteran-47x24x14cm\/#primaryimage\"},\"image\":{\"@id\":\"https:\/\/pavidecor.si\/hr\/proizvod\/dekorativni-svjetionik-mediteran-47x24x14cm\/#primaryimage\"},\"thumbnailUrl\":\"https:\/\/pavidecor.si\/wp-content\/uploads\/2022\/06\/IMG_6195-2.jpg\",\"datePublished\":\"2022-06-23T10:55:50+00:00\",\"dateModified\":\"2026-04-23T03:01:01+00:00\",\"description\":\"Dekorativni svjetionik ru\u010dno je izra\u0111en od recikliranog i naplavljenog drveta. Ima rezbarene stepenice, oslikane prozore i terasu s ogradom.\",\"breadcrumb\":{\"@id\":\"https:\/\/pavidecor.si\/hr\/proizvod\/dekorativni-svjetionik-mediteran-47x24x14cm\/#breadcrumb\"},\"inLanguage\":\"hr\",\"potentialAction\":[{\"@type\":\"ReadAction\",\"target\":[\"https:\/\/pavidecor.si\/hr\/proizvod\/dekorativni-svjetionik-mediteran-47x24x14cm\/\"]}]},{\"@type\":\"ImageObject\",\"inLanguage\":\"hr\",\"@id\":\"https:\/\/pavidecor.si\/hr\/proizvod\/dekorativni-svjetionik-mediteran-47x24x14cm\/#primaryimage\",\"url\":\"https:\/\/pavidecor.si\/wp-content\/uploads\/2022\/06\/IMG_6195-2.jpg\",\"contentUrl\":\"https:\/\/pavidecor.si\/wp-content\/uploads\/2022\/06\/IMG_6195-2.jpg\",\"width\":1983,\"height\":1983,\"caption\":\"PAVI DECOR\"},{\"@type\":\"BreadcrumbList\",\"@id\":\"https:\/\/pavidecor.si\/hr\/proizvod\/dekorativni-svjetionik-mediteran-47x24x14cm\/#breadcrumb\",\"itemListElement\":[{\"@type\":\"ListItem\",\"position\":1,\"name\":\"Domov\",\"item\":\"https:\/\/pavidecor.si\/hr\/\"},{\"@type\":\"ListItem\",\"position\":2,\"name\":\"Internetska trgovina\",\"item\":\"https:\/\/pavidecor.si\/hr\/internetska-trgovina\/\"},{\"@type\":\"ListItem\",\"position\":3,\"name\":\"Dekorativni svjetionik Mediteran 47x24x14cm\"}]},{\"@type\":\"WebSite\",\"@id\":\"https:\/\/pavidecor.si\/hr\/#website\",\"url\":\"https:\/\/pavidecor.si\/hr\/\",\"name\":\"Pavi Decor\",\"description\":\"Leseni unikati ustvarjeni iz ljubezni do lesa in narave.\",\"potentialAction\":[{\"@type\":\"SearchAction\",\"target\":{\"@type\":\"EntryPoint\",\"urlTemplate\":\"https:\/\/pavidecor.si\/hr\/?s={search_term_string}\"},\"query-input\":{\"@type\":\"PropertyValueSpecification\",\"valueRequired\":true,\"valueName\":\"search_term_string\"}}],\"inLanguage\":\"hr\"}]}<\/script>\n<!-- \/ Yoast SEO plugin. -->","yoast_head_json":{"title":"Dekorativni svjetionik - Unikatni komad s morskim duhom","description":"Dekorativni svjetionik ru\u010dno je izra\u0111en od recikliranog i naplavljenog drveta. Ima rezbarene stepenice, oslikane prozore i terasu s ogradom.","robots":{"index":"index","follow":"follow","max-snippet":"max-snippet:-1","max-image-preview":"max-image-preview:large","max-video-preview":"max-video-preview:-1"},"canonical":"https:\/\/pavidecor.si\/hr\/proizvod\/dekorativni-svjetionik-mediteran-47x24x14cm\/","og_locale":"hr_HR","og_type":"article","og_title":"Dekorativni svjetionik - Unikatni komad s morskim duhom","og_description":"Dekorativni svjetionik ru\u010dno je izra\u0111en od recikliranog i naplavljenog drveta. Ima rezbarene stepenice, oslikane prozore i terasu s ogradom.","og_url":"https:\/\/pavidecor.si\/hr\/proizvod\/dekorativni-svjetionik-mediteran-47x24x14cm\/","og_site_name":"Pavi Decor","article_modified_time":"2026-04-23T03:01:01+00:00","og_image":[{"width":1983,"height":1983,"url":"https:\/\/pavidecor.si\/wp-content\/uploads\/2022\/06\/IMG_6195-2.jpg","type":"image\/jpeg"}],"twitter_card":"summary_large_image","twitter_misc":{"Procijenjeno vrijeme \u010ditanja":"3 minute"},"schema":{"@context":"https:\/\/schema.org","@graph":[{"@type":"WebPage","@id":"https:\/\/pavidecor.si\/hr\/proizvod\/dekorativni-svjetionik-mediteran-47x24x14cm\/","url":"https:\/\/pavidecor.si\/hr\/proizvod\/dekorativni-svjetionik-mediteran-47x24x14cm\/","name":"Dekorativni svjetionik - Unikatni komad s morskim duhom","isPartOf":{"@id":"https:\/\/pavidecor.si\/hr\/#website"},"primaryImageOfPage":{"@id":"https:\/\/pavidecor.si\/hr\/proizvod\/dekorativni-svjetionik-mediteran-47x24x14cm\/#primaryimage"},"image":{"@id":"https:\/\/pavidecor.si\/hr\/proizvod\/dekorativni-svjetionik-mediteran-47x24x14cm\/#primaryimage"},"thumbnailUrl":"https:\/\/pavidecor.si\/wp-content\/uploads\/2022\/06\/IMG_6195-2.jpg","datePublished":"2022-06-23T10:55:50+00:00","dateModified":"2026-04-23T03:01:01+00:00","description":"Dekorativni svjetionik ru\u010dno je izra\u0111en od recikliranog i naplavljenog drveta. Ima rezbarene stepenice, oslikane prozore i terasu s ogradom.","breadcrumb":{"@id":"https:\/\/pavidecor.si\/hr\/proizvod\/dekorativni-svjetionik-mediteran-47x24x14cm\/#breadcrumb"},"inLanguage":"hr","potentialAction":[{"@type":"ReadAction","target":["https:\/\/pavidecor.si\/hr\/proizvod\/dekorativni-svjetionik-mediteran-47x24x14cm\/"]}]},{"@type":"ImageObject","inLanguage":"hr","@id":"https:\/\/pavidecor.si\/hr\/proizvod\/dekorativni-svjetionik-mediteran-47x24x14cm\/#primaryimage","url":"https:\/\/pavidecor.si\/wp-content\/uploads\/2022\/06\/IMG_6195-2.jpg","contentUrl":"https:\/\/pavidecor.si\/wp-content\/uploads\/2022\/06\/IMG_6195-2.jpg","width":1983,"height":1983,"caption":"PAVI DECOR"},{"@type":"BreadcrumbList","@id":"https:\/\/pavidecor.si\/hr\/proizvod\/dekorativni-svjetionik-mediteran-47x24x14cm\/#breadcrumb","itemListElement":[{"@type":"ListItem","position":1,"name":"Domov","item":"https:\/\/pavidecor.si\/hr\/"},{"@type":"ListItem","position":2,"name":"Internetska trgovina","item":"https:\/\/pavidecor.si\/hr\/internetska-trgovina\/"},{"@type":"ListItem","position":3,"name":"Dekorativni svjetionik Mediteran 47x24x14cm"}]},{"@type":"WebSite","@id":"https:\/\/pavidecor.si\/hr\/#website","url":"https:\/\/pavidecor.si\/hr\/","name":"Pavi Decor","description":"Leseni unikati ustvarjeni iz ljubezni do lesa in narave.","potentialAction":[{"@type":"SearchAction","target":{"@type":"EntryPoint","urlTemplate":"https:\/\/pavidecor.si\/hr\/?s={search_term_string}"},"query-input":{"@type":"PropertyValueSpecification","valueRequired":true,"valueName":"search_term_string"}}],"inLanguage":"hr"}]}},"_links":{"self":[{"href":"https:\/\/pavidecor.si\/hr\/wp-json\/wp\/v2\/product\/15590","targetHints":{"allow":["GET"]}}],"collection":[{"href":"https:\/\/pavidecor.si\/hr\/wp-json\/wp\/v2\/product"}],"about":[{"href":"https:\/\/pavidecor.si\/hr\/wp-json\/wp\/v2\/types\/product"}],"replies":[{"embeddable":true,"href":"https:\/\/pavidecor.si\/hr\/wp-json\/wp\/v2\/comments?post=15590"}],"wp:featuredmedia":[{"embeddable":true,"href":"https:\/\/pavidecor.si\/hr\/wp-json\/wp\/v2\/media\/15592"}],"wp:attachment":[{"href":"https:\/\/pavidecor.si\/hr\/wp-json\/wp\/v2\/media?parent=15590"}],"wp:term":[{"taxonomy":"product_brand","embeddable":true,"href":"https:\/\/pavidecor.si\/hr\/wp-json\/wp\/v2\/product_brand?post=15590"},{"taxonomy":"product_cat","embeddable":true,"href":"https:\/\/pavidecor.si\/hr\/wp-json\/wp\/v2\/product_cat?post=15590"},{"taxonomy":"product_tag","embeddable":true,"href":"https:\/\/pavidecor.si\/hr\/wp-json\/wp\/v2\/product_tag?post=15590"}],"curies":[{"name":"wp","href":"https:\/\/api.w.org\/{rel}","templated":true}]}}