	{"id":15564,"date":"2022-07-11T10:30:49","date_gmt":"2022-07-11T10:30:49","guid":{"rendered":"https:\/\/pavidecor.si\/product\/dekorativni-svjetionik-iceland-50x31x18cm\/"},"modified":"2026-04-22T23:01:01","modified_gmt":"2026-04-22T23:01:01","slug":"drveni-svjetionik-island-50x31x18cm","status":"publish","type":"product","link":"https:\/\/pavidecor.si\/hr\/proizvod\/drveni-svjetionik-island-50x31x18cm\/","title":{"rendered":"Drveni svjetionik Island 50x31x18cm"},"content":{"rendered":"<p><span class=\"prvimanjsinaslovopis\">Drveni svjetionik &#8211; Unikatni komad prirode za va\u0161 dom<\/span><\/p>\n<p>&nbsp;<\/p>\n<h2><span class=\"odebeljenopis\"><strong> U\u017eivajte u \u010daroliji prirode s na\u0161im ru\u010dno ra\u0111enim d<span class=\"prvimanjsinaslovopis\">rvenim svjetionikom<\/span>. Ovaj jedinstveni komad, izra\u0111en od recikliranog i naplavljenog drva, donosi morski duh u svaki prostor. Savr\u0161eno se uklapa u shabby chic interijere i predstavlja idealan poklon za sve ljubitelje prirode i umjetnosti.<\/strong><\/span><\/h2>\n<p>&nbsp;<\/p>\n<div class=\"row\">\n<div class=\"col-sm-6 \" style=\"margin-top: 30px;\"><center><img decoding=\"async\" class=\"lazyload img-responsive\" style=\"margin: 0px auto; max-width: 100%;\" src=\"data:image\/svg+xml,%3Csvg%20xmlns%3D%27http%3A%2F%2Fwww.w3.org%2F2000%2Fsvg%27%20width%3D%271845%27%20height%3D%271845%27%20viewBox%3D%270%200%201845%201845%27%3E%3Crect%20width%3D%271845%27%20height%3D%271845%27%20fill-opacity%3D%220%22%2F%3E%3C%2Fsvg%3E\" data-orig-src=\"https:\/\/pavidecor.si\/wp-content\/uploads\/2022\/07\/IMG_6214-2.jpg\" \/><\/center><\/div>\n<div class=\"col-sm-6\" style=\"margin-top: 40px;\">\n<p>&nbsp;<\/p>\n<h3>Jedinstvena ru\u010dna izrada<\/h3>\n<p>Na\u0161a trgovina PAVI DECOR iz Ljubljane ponosna je na svoje unikatne proizvode, a d<span class=\"prvimanjsinaslovopis\">rveni svjetionik<\/span> nije iznimka. Svaki komad je rezultat <b>ru\u010dne izrade<\/b><strong>, gdje se pa\u017enja posve\u0107uje svakom detalju<\/strong>. Koriste\u0107i tradicionalne tehnike spajanja drvenih dijelova, na\u0161i majstori stvaraju proizvode koji izgledaju kao autenti\u010dni komadi umjetnosti.<\/p>\n<p>&nbsp;<\/p>\n<p>Ovaj d<span class=\"prvimanjsinaslovopis\">rveni svjetionik<\/span> ne samo da je dekorativan, ve\u0107 i funkcionalan, <strong>donose\u0107i toplinu i karakter u svaki prostor<\/strong>. Njegova ru\u010dno oslikana okna i vrata, zajedno s terasom i ogradom, \u010dine ga savr\u0161enim dodatkom za svaki dom.<\/p>\n<p>&nbsp;<\/p>\n<p>&nbsp;<\/p>\n<\/div>\n<\/div>\n<div class=\"row\">\n<div class=\"col-sm-6 col-sm-push-6\" style=\"margin-top: 30px;\"><center><img decoding=\"async\" class=\"lazyload img-responsive\" style=\"margin: 0px auto; max-width: 100%;\" src=\"data:image\/svg+xml,%3Csvg%20xmlns%3D%27http%3A%2F%2Fwww.w3.org%2F2000%2Fsvg%27%20width%3D%272560%27%20height%3D%272560%27%20viewBox%3D%270%200%202560%202560%27%3E%3Crect%20width%3D%272560%27%20height%3D%272560%27%20fill-opacity%3D%220%22%2F%3E%3C%2Fsvg%3E\" data-orig-src=\" https:\/\/pavidecor.si\/wp-content\/uploads\/2022\/07\/IMG_6215-2-scaled.jpg\" \/><\/center><\/div>\n<div class=\"col-sm-6 col-sm-pull-6\" style=\"margin-top: 40px;\">\n<p>&nbsp;<\/p>\n<h3>Estetska vrijednost i funkcionalnost<\/h3>\n<p><span class=\"prvimanjsinaslovopis\">Drveni svjetionik<\/span> ne samo da oboga\u0107uje va\u0161 interijer, ve\u0107 i stvara posebnu atmosferu. <strong>Njegov dizajn donosi <\/strong><b>morski duh<\/b> i evocira uspomene na romanti\u010dne trenutke provedene uz more. Idealno je rje\u0161enje za one koji \u017eele dodati da\u0161ak prirode i elegancije svom prostoru.<\/p>\n<p>&nbsp;<\/p>\n<p>Ovaj<span class=\"prvimanjsinaslovopis\">\u00a0svjetionik<\/span> mo\u017ee stajati samostalno, \u0161to ga \u010dini svestranim komadom koji se lako uklapa u razli\u010dite stilove ure\u0111enja. Bilo da ga postavite u dnevni boravak, na terasu ili u vrt, sigurno \u0107e privu\u0107i pa\u017enju i izazvati divljenje. U kombinaciji s na\u0161om <a href=\"https:\/\/pavidecor.si\/hr\/proizvod\/ukrasna-jedrilica-s-dvostrukim-jarbolom-d1-114x98x8cm\/\"><strong><span style=\"color: #3366ff;\">dekorativnom jedrilicom dvojarbolnicom<\/span><\/strong><\/a>, stvorit \u0107ete savr\u0161eni morski ambijent u svom domu.<\/p>\n<p>&nbsp;<\/p>\n<p>&nbsp;<\/p>\n<\/div>\n<\/div>\n<div class=\"row\">\n<div class=\"col-sm-6\" style=\"margin-top: 30px;\"><center><img decoding=\"async\" class=\"lazyload img-responsive\" style=\"margin: 0px auto; max-width: 100%;\" src=\"data:image\/svg+xml,%3Csvg%20xmlns%3D%27http%3A%2F%2Fwww.w3.org%2F2000%2Fsvg%27%20width%3D%271851%27%20height%3D%271850%27%20viewBox%3D%270%200%201851%201850%27%3E%3Crect%20width%3D%271851%27%20height%3D%271850%27%20fill-opacity%3D%220%22%2F%3E%3C%2Fsvg%3E\" data-orig-src=\" https:\/\/pavidecor.si\/wp-content\/uploads\/2022\/07\/IMG_6216-2.jpg\" \/><\/center><\/div>\n<div class=\"col-sm-6\" style=\"margin-top: 40px;\">\n<p>&nbsp;<\/p>\n<h3>Specifikacije proizvoda<\/h3>\n<p>Na\u0161 ukras<span class=\"prvimanjsinaslovopis\">ni svjetionik<\/span> izra\u0111en je od <b>recikliranog i naplavljenog drva<\/b>, \u0161to ga \u010dini ekolo\u0161kim izborom. Ima obojena okna i vrata, terasu s ogradom, te drog sa zastavom na vrhu. Ogra\u0111ena je i terasa, \u0161to dodatno nagla\u0161ava njegovu dekorativnu funkciju.<\/p>\n<p>&nbsp;<\/p>\n<p>Ovaj<span class=\"prvimanjsinaslovopis\">\u00a0svjetionik<\/span> je ru\u010dno oslikan, a njegova jedinstvena izrada osigurava da svaki komad bude poseban. Savr\u0161en je kao poklon ili dodatak shabby chic interijeru, <strong>donose\u0107i da\u0161ak elegancije<\/strong> i prirodne ljepote u svaki dom.<\/p>\n<\/div>\n<\/div>\n<p>&nbsp;<\/p>\n","protected":false},"excerpt":{"rendered":"<p><strong><span style=\"color: #c4963c;\">\u2192 Rukotvorine<br \/>\n<\/span><span style=\"color: #c4963c;\">\u2192 Jedinstven<\/span><\/strong><\/p>\n","protected":false},"featured_media":15565,"comment_status":"open","ping_status":"closed","template":"","meta":[],"product_brand":[],"product_cat":[340],"product_tag":[218],"class_list":{"0":"post-15564","1":"product","2":"type-product","3":"status-publish","4":"has-post-thumbnail","6":"product_cat-svjetionici","7":"product_tag-nov","9":"first","10":"instock","11":"sold-individually","12":"taxable","13":"shipping-taxable","14":"purchasable","15":"product-type-simple"},"yoast_head":"<!-- This site is optimized with the Yoast SEO plugin v27.2 - https:\/\/yoast.com\/product\/yoast-seo-wordpress\/ -->\n<title>Drveni svjetionik Island - Unikatni komad prirode za va\u0161 dom<\/title>\n<meta name=\"description\" content=\"Ukrasni drveni svjetionik ru\u010dno je izra\u0111en od recikliranog i naplavljenog drva. Ima terasu s ogradom, ogra\u0111eni vrt i jarbol za zastavu na vrhu.\" \/>\n<meta name=\"robots\" content=\"index, follow, max-snippet:-1, max-image-preview:large, max-video-preview:-1\" \/>\n<link rel=\"canonical\" href=\"https:\/\/pavidecor.si\/hr\/proizvod\/drveni-svjetionik-island-50x31x18cm\/\" \/>\n<meta property=\"og:locale\" content=\"hr_HR\" \/>\n<meta property=\"og:type\" content=\"article\" \/>\n<meta property=\"og:title\" content=\"Drveni svjetionik Island - Unikatni komad prirode za va\u0161 dom\" \/>\n<meta property=\"og:description\" content=\"Ukrasni drveni svjetionik ru\u010dno je izra\u0111en od recikliranog i naplavljenog drva. Ima terasu s ogradom, ogra\u0111eni vrt i jarbol za zastavu na vrhu.\" \/>\n<meta property=\"og:url\" content=\"https:\/\/pavidecor.si\/hr\/proizvod\/drveni-svjetionik-island-50x31x18cm\/\" \/>\n<meta property=\"og:site_name\" content=\"Pavi Decor\" \/>\n<meta property=\"article:modified_time\" content=\"2026-04-22T23:01:01+00:00\" \/>\n<meta property=\"og:image\" content=\"https:\/\/pavidecor.si\/wp-content\/uploads\/2022\/07\/IMG_6214-2.jpg\" \/>\n\t<meta property=\"og:image:width\" content=\"1845\" \/>\n\t<meta property=\"og:image:height\" content=\"1845\" \/>\n\t<meta property=\"og:image:type\" content=\"image\/jpeg\" \/>\n<meta name=\"twitter:card\" content=\"summary_large_image\" \/>\n<meta name=\"twitter:label1\" content=\"Procijenjeno vrijeme \u010ditanja\" \/>\n\t<meta name=\"twitter:data1\" content=\"3 minute\" \/>\n<script type=\"application\/ld+json\" class=\"yoast-schema-graph\">{\"@context\":\"https:\/\/schema.org\",\"@graph\":[{\"@type\":\"WebPage\",\"@id\":\"https:\/\/pavidecor.si\/hr\/proizvod\/drveni-svjetionik-island-50x31x18cm\/\",\"url\":\"https:\/\/pavidecor.si\/hr\/proizvod\/drveni-svjetionik-island-50x31x18cm\/\",\"name\":\"Drveni svjetionik Island - Unikatni komad prirode za va\u0161 dom\",\"isPartOf\":{\"@id\":\"https:\/\/pavidecor.si\/hr\/#website\"},\"primaryImageOfPage\":{\"@id\":\"https:\/\/pavidecor.si\/hr\/proizvod\/drveni-svjetionik-island-50x31x18cm\/#primaryimage\"},\"image\":{\"@id\":\"https:\/\/pavidecor.si\/hr\/proizvod\/drveni-svjetionik-island-50x31x18cm\/#primaryimage\"},\"thumbnailUrl\":\"https:\/\/pavidecor.si\/wp-content\/uploads\/2022\/07\/IMG_6214-2.jpg\",\"datePublished\":\"2022-07-11T10:30:49+00:00\",\"dateModified\":\"2026-04-22T23:01:01+00:00\",\"description\":\"Ukrasni drveni svjetionik ru\u010dno je izra\u0111en od recikliranog i naplavljenog drva. Ima terasu s ogradom, ogra\u0111eni vrt i jarbol za zastavu na vrhu.\",\"breadcrumb\":{\"@id\":\"https:\/\/pavidecor.si\/hr\/proizvod\/drveni-svjetionik-island-50x31x18cm\/#breadcrumb\"},\"inLanguage\":\"hr\",\"potentialAction\":[{\"@type\":\"ReadAction\",\"target\":[\"https:\/\/pavidecor.si\/hr\/proizvod\/drveni-svjetionik-island-50x31x18cm\/\"]}]},{\"@type\":\"ImageObject\",\"inLanguage\":\"hr\",\"@id\":\"https:\/\/pavidecor.si\/hr\/proizvod\/drveni-svjetionik-island-50x31x18cm\/#primaryimage\",\"url\":\"https:\/\/pavidecor.si\/wp-content\/uploads\/2022\/07\/IMG_6214-2.jpg\",\"contentUrl\":\"https:\/\/pavidecor.si\/wp-content\/uploads\/2022\/07\/IMG_6214-2.jpg\",\"width\":1845,\"height\":1845,\"caption\":\"PAVI DECOR\"},{\"@type\":\"BreadcrumbList\",\"@id\":\"https:\/\/pavidecor.si\/hr\/proizvod\/drveni-svjetionik-island-50x31x18cm\/#breadcrumb\",\"itemListElement\":[{\"@type\":\"ListItem\",\"position\":1,\"name\":\"Domov\",\"item\":\"https:\/\/pavidecor.si\/hr\/\"},{\"@type\":\"ListItem\",\"position\":2,\"name\":\"Internetska trgovina\",\"item\":\"https:\/\/pavidecor.si\/hr\/internetska-trgovina\/\"},{\"@type\":\"ListItem\",\"position\":3,\"name\":\"Drveni svjetionik Island 50x31x18cm\"}]},{\"@type\":\"WebSite\",\"@id\":\"https:\/\/pavidecor.si\/hr\/#website\",\"url\":\"https:\/\/pavidecor.si\/hr\/\",\"name\":\"Pavi Decor\",\"description\":\"Leseni unikati ustvarjeni iz ljubezni do lesa in narave.\",\"potentialAction\":[{\"@type\":\"SearchAction\",\"target\":{\"@type\":\"EntryPoint\",\"urlTemplate\":\"https:\/\/pavidecor.si\/hr\/?s={search_term_string}\"},\"query-input\":{\"@type\":\"PropertyValueSpecification\",\"valueRequired\":true,\"valueName\":\"search_term_string\"}}],\"inLanguage\":\"hr\"}]}<\/script>\n<!-- \/ Yoast SEO plugin. -->","yoast_head_json":{"title":"Drveni svjetionik Island - Unikatni komad prirode za va\u0161 dom","description":"Ukrasni drveni svjetionik ru\u010dno je izra\u0111en od recikliranog i naplavljenog drva. Ima terasu s ogradom, ogra\u0111eni vrt i jarbol za zastavu na vrhu.","robots":{"index":"index","follow":"follow","max-snippet":"max-snippet:-1","max-image-preview":"max-image-preview:large","max-video-preview":"max-video-preview:-1"},"canonical":"https:\/\/pavidecor.si\/hr\/proizvod\/drveni-svjetionik-island-50x31x18cm\/","og_locale":"hr_HR","og_type":"article","og_title":"Drveni svjetionik Island - Unikatni komad prirode za va\u0161 dom","og_description":"Ukrasni drveni svjetionik ru\u010dno je izra\u0111en od recikliranog i naplavljenog drva. Ima terasu s ogradom, ogra\u0111eni vrt i jarbol za zastavu na vrhu.","og_url":"https:\/\/pavidecor.si\/hr\/proizvod\/drveni-svjetionik-island-50x31x18cm\/","og_site_name":"Pavi Decor","article_modified_time":"2026-04-22T23:01:01+00:00","og_image":[{"width":1845,"height":1845,"url":"https:\/\/pavidecor.si\/wp-content\/uploads\/2022\/07\/IMG_6214-2.jpg","type":"image\/jpeg"}],"twitter_card":"summary_large_image","twitter_misc":{"Procijenjeno vrijeme \u010ditanja":"3 minute"},"schema":{"@context":"https:\/\/schema.org","@graph":[{"@type":"WebPage","@id":"https:\/\/pavidecor.si\/hr\/proizvod\/drveni-svjetionik-island-50x31x18cm\/","url":"https:\/\/pavidecor.si\/hr\/proizvod\/drveni-svjetionik-island-50x31x18cm\/","name":"Drveni svjetionik Island - Unikatni komad prirode za va\u0161 dom","isPartOf":{"@id":"https:\/\/pavidecor.si\/hr\/#website"},"primaryImageOfPage":{"@id":"https:\/\/pavidecor.si\/hr\/proizvod\/drveni-svjetionik-island-50x31x18cm\/#primaryimage"},"image":{"@id":"https:\/\/pavidecor.si\/hr\/proizvod\/drveni-svjetionik-island-50x31x18cm\/#primaryimage"},"thumbnailUrl":"https:\/\/pavidecor.si\/wp-content\/uploads\/2022\/07\/IMG_6214-2.jpg","datePublished":"2022-07-11T10:30:49+00:00","dateModified":"2026-04-22T23:01:01+00:00","description":"Ukrasni drveni svjetionik ru\u010dno je izra\u0111en od recikliranog i naplavljenog drva. Ima terasu s ogradom, ogra\u0111eni vrt i jarbol za zastavu na vrhu.","breadcrumb":{"@id":"https:\/\/pavidecor.si\/hr\/proizvod\/drveni-svjetionik-island-50x31x18cm\/#breadcrumb"},"inLanguage":"hr","potentialAction":[{"@type":"ReadAction","target":["https:\/\/pavidecor.si\/hr\/proizvod\/drveni-svjetionik-island-50x31x18cm\/"]}]},{"@type":"ImageObject","inLanguage":"hr","@id":"https:\/\/pavidecor.si\/hr\/proizvod\/drveni-svjetionik-island-50x31x18cm\/#primaryimage","url":"https:\/\/pavidecor.si\/wp-content\/uploads\/2022\/07\/IMG_6214-2.jpg","contentUrl":"https:\/\/pavidecor.si\/wp-content\/uploads\/2022\/07\/IMG_6214-2.jpg","width":1845,"height":1845,"caption":"PAVI DECOR"},{"@type":"BreadcrumbList","@id":"https:\/\/pavidecor.si\/hr\/proizvod\/drveni-svjetionik-island-50x31x18cm\/#breadcrumb","itemListElement":[{"@type":"ListItem","position":1,"name":"Domov","item":"https:\/\/pavidecor.si\/hr\/"},{"@type":"ListItem","position":2,"name":"Internetska trgovina","item":"https:\/\/pavidecor.si\/hr\/internetska-trgovina\/"},{"@type":"ListItem","position":3,"name":"Drveni svjetionik Island 50x31x18cm"}]},{"@type":"WebSite","@id":"https:\/\/pavidecor.si\/hr\/#website","url":"https:\/\/pavidecor.si\/hr\/","name":"Pavi Decor","description":"Leseni unikati ustvarjeni iz ljubezni do lesa in narave.","potentialAction":[{"@type":"SearchAction","target":{"@type":"EntryPoint","urlTemplate":"https:\/\/pavidecor.si\/hr\/?s={search_term_string}"},"query-input":{"@type":"PropertyValueSpecification","valueRequired":true,"valueName":"search_term_string"}}],"inLanguage":"hr"}]}},"_links":{"self":[{"href":"https:\/\/pavidecor.si\/hr\/wp-json\/wp\/v2\/product\/15564","targetHints":{"allow":["GET"]}}],"collection":[{"href":"https:\/\/pavidecor.si\/hr\/wp-json\/wp\/v2\/product"}],"about":[{"href":"https:\/\/pavidecor.si\/hr\/wp-json\/wp\/v2\/types\/product"}],"replies":[{"embeddable":true,"href":"https:\/\/pavidecor.si\/hr\/wp-json\/wp\/v2\/comments?post=15564"}],"wp:featuredmedia":[{"embeddable":true,"href":"https:\/\/pavidecor.si\/hr\/wp-json\/wp\/v2\/media\/15565"}],"wp:attachment":[{"href":"https:\/\/pavidecor.si\/hr\/wp-json\/wp\/v2\/media?parent=15564"}],"wp:term":[{"taxonomy":"product_brand","embeddable":true,"href":"https:\/\/pavidecor.si\/hr\/wp-json\/wp\/v2\/product_brand?post=15564"},{"taxonomy":"product_cat","embeddable":true,"href":"https:\/\/pavidecor.si\/hr\/wp-json\/wp\/v2\/product_cat?post=15564"},{"taxonomy":"product_tag","embeddable":true,"href":"https:\/\/pavidecor.si\/hr\/wp-json\/wp\/v2\/product_tag?post=15564"}],"curies":[{"name":"wp","href":"https:\/\/api.w.org\/{rel}","templated":true}]}}