	{"id":14789,"date":"2021-12-25T06:41:57","date_gmt":"2021-12-25T06:41:57","guid":{"rendered":"https:\/\/pavidecor.si\/product\/stalak-za-kisobrane-m-topola-55x40x17-5cm\/"},"modified":"2026-05-14T08:40:37","modified_gmt":"2026-05-14T08:40:37","slug":"drveni-stalak-za-kisobrane-m-55x40x17-5cm","status":"publish","type":"product","link":"https:\/\/pavidecor.si\/hr\/proizvod\/drveni-stalak-za-kisobrane-m-55x40x17-5cm\/","title":{"rendered":"Drveni stalak za ki\u0161obrane M 60x38x19cm"},"content":{"rendered":"<p>Drveni stalak za ki\u0161obrane &#8211; Stabilnost i elegancija za va\u0161 dom<\/p>\n<p>&nbsp;<\/p>\n<h2><span class=\"odebeljenopis\"><strong> U\u017eivajte u savr\u0161enom spoju funkcionalnosti i estetike s na\u0161im drvenim stalkom za ki\u0161obrane. Ovaj proizvod ne samo da pru\u017ea prakti\u010dno rje\u0161enje za odlaganje ki\u0161obrana, ve\u0107 i unosi toplinu i \u0161arm u svaki prostor. Izra\u0111en s ljubavlju prema drvetu i prirodi, na\u0161 proizvod je pravi izbor za va\u0161 dom.<\/strong><\/span><\/h2>\n<p>&nbsp;<\/p>\n<div class=\"row\">\n<div class=\"col-sm-6 \" style=\"margin-top: 30px;\"><center><img decoding=\"async\" class=\"lazyload img-responsive\" style=\"margin: 0px auto; max-width: 100%;\" src=\"data:image\/svg+xml,%3Csvg%20xmlns%3D%27http%3A%2F%2Fwww.w3.org%2F2000%2Fsvg%27%20width%3D%271000%27%20height%3D%271000%27%20viewBox%3D%270%200%201000%201000%27%3E%3Crect%20width%3D%271000%27%20height%3D%271000%27%20fill-opacity%3D%220%22%2F%3E%3C%2Fsvg%3E\" data-orig-src=\"https:\/\/pavidecor.si\/wp-content\/uploads\/2021\/12\/Stojalo-za-deznike-M-No.0127.jpg\" \/><\/center><\/div>\n<div class=\"col-sm-6\" style=\"margin-top: 40px;\">\n<p>&nbsp;<\/p>\n<h3>Stabilnost i funkcionalnost<\/h3>\n<p>Drveni stalak za ki\u0161obrane je izuzetno stabilan, \u0161to ga \u010dini idealnim rje\u0161enjem za svaki dom. Njegova srednja veli\u010dina omogu\u0107ava lako smje\u0161tanje u predvorju, hodniku ili bilo kojem drugom prostoru.<\/p>\n<p>&nbsp;<\/p>\n<p>Ovaj proizvod ne slu\u017ei samo kao odlagali\u0161te za ki\u0161obrane, ve\u0107 i kao dekorativni element koji <strong>stvara posebno doma\u0107u atmosferu<\/strong>. Prirodna obrada drva nagla\u0161ava autenti\u010dan starinski karakter ovog stalka, \u010dine\u0107i ga savr\u0161enim dodatkom za svaki interijer. Bilo da imate seoski, rustikalni ili moderni stil, ovaj stalak \u0107e dodati da\u0161ak elegancije i prirodne ljepote.<\/p>\n<p>&nbsp;<\/p>\n<\/div>\n<\/div>\n<div class=\"row\">\n<div class=\"col-sm-6 col-sm-push-6\" style=\"margin-top: 30px;\"><center><img decoding=\"async\" class=\"lazyload img-responsive\" style=\"margin: 0px auto; max-width: 100%;\" src=\"data:image\/svg+xml,%3Csvg%20xmlns%3D%27http%3A%2F%2Fwww.w3.org%2F2000%2Fsvg%27%20width%3D%272560%27%20height%3D%272560%27%20viewBox%3D%270%200%202560%202560%27%3E%3Crect%20width%3D%272560%27%20height%3D%272560%27%20fill-opacity%3D%220%22%2F%3E%3C%2Fsvg%3E\" data-orig-src=\" https:\/\/pavidecor.si\/wp-content\/uploads\/2021\/12\/Stojalo-za-deznike-M-No.0127-2-scaled.jpg\" \/><\/center><\/div>\n<div class=\"col-sm-6 col-sm-pull-6\" style=\"margin-top: 40px;\">\n<p>&nbsp;<\/p>\n<h3>Jednostavno premje\u0161tanje i odr\u017eavanje<\/h3>\n<p>Prefinjeni diskretni ru\u010dici od konopa dodaju dodatni \u0161arm i omogu\u0107uju lako premje\u0161tanje stalka iz jednog prostora u drugi. Bez obzira na to gdje ga postavite, mo\u017eete ga brzo i jednostavno premjestiti prema va\u0161im potrebama.<\/p>\n<p>&nbsp;<\/p>\n<p>Na dnu stalka nalazi se <strong>plasti\u010dna posuda koja zadr\u017eava vodu, \u010dime se sprje\u010dava truljenje drva<\/strong>. Ova prakti\u010dna zna\u010dajka osigurava dugotrajnost proizvoda, a vi se mo\u017eete opustiti znaju\u0107i da je va\u0161 dom za\u0161ti\u0107en od neugodnosti. Tako\u0111er imamo razli\u010dite veli\u010dine stalaka, \u0161to zna\u010di da mo\u017eete odabrati onu koja najbolje odgovara va\u0161im potrebama i prostoru.<\/p>\n<p>&nbsp;<\/p>\n<\/div>\n<\/div>\n<div class=\"row\">\n<div class=\"col-sm-6\" style=\"margin-top: 30px;\"><center><img decoding=\"async\" class=\"lazyload img-responsive\" style=\"margin: 0px auto; max-width: 100%;\" src=\"data:image\/svg+xml,%3Csvg%20xmlns%3D%27http%3A%2F%2Fwww.w3.org%2F2000%2Fsvg%27%20width%3D%272560%27%20height%3D%272560%27%20viewBox%3D%270%200%202560%202560%27%3E%3Crect%20width%3D%272560%27%20height%3D%272560%27%20fill-opacity%3D%220%22%2F%3E%3C%2Fsvg%3E\" data-orig-src=\" https:\/\/pavidecor.si\/wp-content\/uploads\/2021\/12\/Stojalo-za-deznike-M-No.0127-2-2-scaled.jpg\" \/><\/center><\/div>\n<div class=\"col-sm-6\" style=\"margin-top: 40px;\">\n<p>&nbsp;<\/p>\n<h3>Unikatna izrada i kvaliteta<\/h3>\n<p>U trgovini PAVI DECOR iz Ljubljane, svaki na\u0161 proizvod rezultat je vlastitog znanja i kreativnosti. Na\u0161i unikatni drveni proizvodi izra\u0111eni su ru\u010dno, s pa\u017enjom na detalje i tradicionalnim tehnikama spajanja drvenih dijelova, kao \u0161to su to radili stari majstori.<\/p>\n<p>&nbsp;<\/p>\n<p>Ova posebnost osigurava da svaki komad ima svoj jedinstveni karakter i izgled autenti\u010dnog komada namje\u0161taja. Na raspolaganju su vam i mali i veliki drveni stalak za ki\u0161obrane, dok srednjeg mo\u017eete vidjeti i u na\u0161em <a href=\"https:\/\/pavidecor.si\/hr\/projects\/ruralni-ambijent\/\"><strong><span style=\"color: #3366ff;\">ruralnom ambijentu<\/span><\/strong><\/a>. U\u017eivajte u kvaliteti i ljepoti drva u svom domu.<\/p>\n<\/div>\n<\/div>\n<p>&nbsp;<\/p>\n","protected":false},"excerpt":{"rendered":"<p><strong><span style=\"color: #c4963c;\">\u2192 Rukotvorine<br \/>\n<\/span><span style=\"color: #c4963c;\">\u2192 Jedinstven<\/span><\/strong><\/p>\n","protected":false},"featured_media":14792,"comment_status":"open","ping_status":"closed","template":"","meta":[],"product_brand":[],"product_cat":[320],"product_tag":[253],"class_list":{"0":"post-14789","1":"product","2":"type-product","3":"status-publish","4":"has-post-thumbnail","6":"product_cat-stalci-za-kisobrane","7":"product_tag-akcija-hr","9":"first","10":"instock","11":"sale","12":"taxable","13":"shipping-taxable","14":"purchasable","15":"product-type-simple"},"yoast_head":"<!-- This site is optimized with the Yoast SEO plugin v27.2 - https:\/\/yoast.com\/product\/yoast-seo-wordpress\/ -->\n<title>Drveni stalak za ki\u0161obrane - Stabilnost i elegancija za va\u0161 dom<\/title>\n<meta name=\"description\" content=\"Masivni drveni stalak za ki\u0161obrane vrlo je stabilan. Prirodna obrada drva daje mu autenti\u010dan starinski karakter, a ru\u010dka kabela dodaje dodatni \u0161arm.\" \/>\n<meta name=\"robots\" content=\"index, follow, max-snippet:-1, max-image-preview:large, max-video-preview:-1\" \/>\n<link rel=\"canonical\" href=\"https:\/\/pavidecor.si\/hr\/proizvod\/drveni-stalak-za-kisobrane-m-55x40x17-5cm\/\" \/>\n<meta property=\"og:locale\" content=\"hr_HR\" \/>\n<meta property=\"og:type\" content=\"article\" \/>\n<meta property=\"og:title\" content=\"Drveni stalak za ki\u0161obrane - Stabilnost i elegancija za va\u0161 dom\" \/>\n<meta property=\"og:description\" content=\"Masivni drveni stalak za ki\u0161obrane vrlo je stabilan. Prirodna obrada drva daje mu autenti\u010dan starinski karakter, a ru\u010dka kabela dodaje dodatni \u0161arm.\" \/>\n<meta property=\"og:url\" content=\"https:\/\/pavidecor.si\/hr\/proizvod\/drveni-stalak-za-kisobrane-m-55x40x17-5cm\/\" \/>\n<meta property=\"og:site_name\" content=\"Pavi Decor\" \/>\n<meta property=\"article:modified_time\" content=\"2026-05-14T08:40:37+00:00\" \/>\n<meta property=\"og:image\" content=\"https:\/\/pavidecor.si\/wp-content\/uploads\/2021\/12\/Stojalo-za-deznike-M-No.0127.jpg\" \/>\n\t<meta property=\"og:image:width\" content=\"1000\" \/>\n\t<meta property=\"og:image:height\" content=\"1000\" \/>\n\t<meta property=\"og:image:type\" content=\"image\/jpeg\" \/>\n<meta name=\"twitter:card\" content=\"summary_large_image\" \/>\n<meta name=\"twitter:label1\" content=\"Procijenjeno vrijeme \u010ditanja\" \/>\n\t<meta name=\"twitter:data1\" content=\"3 minute\" \/>\n<script type=\"application\/ld+json\" class=\"yoast-schema-graph\">{\"@context\":\"https:\/\/schema.org\",\"@graph\":[{\"@type\":\"WebPage\",\"@id\":\"https:\/\/pavidecor.si\/hr\/proizvod\/drveni-stalak-za-kisobrane-m-55x40x17-5cm\/\",\"url\":\"https:\/\/pavidecor.si\/hr\/proizvod\/drveni-stalak-za-kisobrane-m-55x40x17-5cm\/\",\"name\":\"Drveni stalak za ki\u0161obrane - Stabilnost i elegancija za va\u0161 dom\",\"isPartOf\":{\"@id\":\"https:\/\/pavidecor.si\/hr\/#website\"},\"primaryImageOfPage\":{\"@id\":\"https:\/\/pavidecor.si\/hr\/proizvod\/drveni-stalak-za-kisobrane-m-55x40x17-5cm\/#primaryimage\"},\"image\":{\"@id\":\"https:\/\/pavidecor.si\/hr\/proizvod\/drveni-stalak-za-kisobrane-m-55x40x17-5cm\/#primaryimage\"},\"thumbnailUrl\":\"https:\/\/pavidecor.si\/wp-content\/uploads\/2021\/12\/Stojalo-za-deznike-M-No.0127.jpg\",\"datePublished\":\"2021-12-25T06:41:57+00:00\",\"dateModified\":\"2026-05-14T08:40:37+00:00\",\"description\":\"Masivni drveni stalak za ki\u0161obrane vrlo je stabilan. Prirodna obrada drva daje mu autenti\u010dan starinski karakter, a ru\u010dka kabela dodaje dodatni \u0161arm.\",\"breadcrumb\":{\"@id\":\"https:\/\/pavidecor.si\/hr\/proizvod\/drveni-stalak-za-kisobrane-m-55x40x17-5cm\/#breadcrumb\"},\"inLanguage\":\"hr\",\"potentialAction\":[{\"@type\":\"ReadAction\",\"target\":[\"https:\/\/pavidecor.si\/hr\/proizvod\/drveni-stalak-za-kisobrane-m-55x40x17-5cm\/\"]}]},{\"@type\":\"ImageObject\",\"inLanguage\":\"hr\",\"@id\":\"https:\/\/pavidecor.si\/hr\/proizvod\/drveni-stalak-za-kisobrane-m-55x40x17-5cm\/#primaryimage\",\"url\":\"https:\/\/pavidecor.si\/wp-content\/uploads\/2021\/12\/Stojalo-za-deznike-M-No.0127.jpg\",\"contentUrl\":\"https:\/\/pavidecor.si\/wp-content\/uploads\/2021\/12\/Stojalo-za-deznike-M-No.0127.jpg\",\"width\":1000,\"height\":1000,\"caption\":\"PAVI DECOR\"},{\"@type\":\"BreadcrumbList\",\"@id\":\"https:\/\/pavidecor.si\/hr\/proizvod\/drveni-stalak-za-kisobrane-m-55x40x17-5cm\/#breadcrumb\",\"itemListElement\":[{\"@type\":\"ListItem\",\"position\":1,\"name\":\"Domov\",\"item\":\"https:\/\/pavidecor.si\/hr\/\"},{\"@type\":\"ListItem\",\"position\":2,\"name\":\"Internetska trgovina\",\"item\":\"https:\/\/pavidecor.si\/hr\/internetska-trgovina\/\"},{\"@type\":\"ListItem\",\"position\":3,\"name\":\"Drveni stalak za ki\u0161obrane M 60x38x19cm\"}]},{\"@type\":\"WebSite\",\"@id\":\"https:\/\/pavidecor.si\/hr\/#website\",\"url\":\"https:\/\/pavidecor.si\/hr\/\",\"name\":\"Pavi Decor\",\"description\":\"Leseni unikati ustvarjeni iz ljubezni do lesa in narave.\",\"potentialAction\":[{\"@type\":\"SearchAction\",\"target\":{\"@type\":\"EntryPoint\",\"urlTemplate\":\"https:\/\/pavidecor.si\/hr\/?s={search_term_string}\"},\"query-input\":{\"@type\":\"PropertyValueSpecification\",\"valueRequired\":true,\"valueName\":\"search_term_string\"}}],\"inLanguage\":\"hr\"}]}<\/script>\n<!-- \/ Yoast SEO plugin. -->","yoast_head_json":{"title":"Drveni stalak za ki\u0161obrane - Stabilnost i elegancija za va\u0161 dom","description":"Masivni drveni stalak za ki\u0161obrane vrlo je stabilan. Prirodna obrada drva daje mu autenti\u010dan starinski karakter, a ru\u010dka kabela dodaje dodatni \u0161arm.","robots":{"index":"index","follow":"follow","max-snippet":"max-snippet:-1","max-image-preview":"max-image-preview:large","max-video-preview":"max-video-preview:-1"},"canonical":"https:\/\/pavidecor.si\/hr\/proizvod\/drveni-stalak-za-kisobrane-m-55x40x17-5cm\/","og_locale":"hr_HR","og_type":"article","og_title":"Drveni stalak za ki\u0161obrane - Stabilnost i elegancija za va\u0161 dom","og_description":"Masivni drveni stalak za ki\u0161obrane vrlo je stabilan. Prirodna obrada drva daje mu autenti\u010dan starinski karakter, a ru\u010dka kabela dodaje dodatni \u0161arm.","og_url":"https:\/\/pavidecor.si\/hr\/proizvod\/drveni-stalak-za-kisobrane-m-55x40x17-5cm\/","og_site_name":"Pavi Decor","article_modified_time":"2026-05-14T08:40:37+00:00","og_image":[{"width":1000,"height":1000,"url":"https:\/\/pavidecor.si\/wp-content\/uploads\/2021\/12\/Stojalo-za-deznike-M-No.0127.jpg","type":"image\/jpeg"}],"twitter_card":"summary_large_image","twitter_misc":{"Procijenjeno vrijeme \u010ditanja":"3 minute"},"schema":{"@context":"https:\/\/schema.org","@graph":[{"@type":"WebPage","@id":"https:\/\/pavidecor.si\/hr\/proizvod\/drveni-stalak-za-kisobrane-m-55x40x17-5cm\/","url":"https:\/\/pavidecor.si\/hr\/proizvod\/drveni-stalak-za-kisobrane-m-55x40x17-5cm\/","name":"Drveni stalak za ki\u0161obrane - Stabilnost i elegancija za va\u0161 dom","isPartOf":{"@id":"https:\/\/pavidecor.si\/hr\/#website"},"primaryImageOfPage":{"@id":"https:\/\/pavidecor.si\/hr\/proizvod\/drveni-stalak-za-kisobrane-m-55x40x17-5cm\/#primaryimage"},"image":{"@id":"https:\/\/pavidecor.si\/hr\/proizvod\/drveni-stalak-za-kisobrane-m-55x40x17-5cm\/#primaryimage"},"thumbnailUrl":"https:\/\/pavidecor.si\/wp-content\/uploads\/2021\/12\/Stojalo-za-deznike-M-No.0127.jpg","datePublished":"2021-12-25T06:41:57+00:00","dateModified":"2026-05-14T08:40:37+00:00","description":"Masivni drveni stalak za ki\u0161obrane vrlo je stabilan. Prirodna obrada drva daje mu autenti\u010dan starinski karakter, a ru\u010dka kabela dodaje dodatni \u0161arm.","breadcrumb":{"@id":"https:\/\/pavidecor.si\/hr\/proizvod\/drveni-stalak-za-kisobrane-m-55x40x17-5cm\/#breadcrumb"},"inLanguage":"hr","potentialAction":[{"@type":"ReadAction","target":["https:\/\/pavidecor.si\/hr\/proizvod\/drveni-stalak-za-kisobrane-m-55x40x17-5cm\/"]}]},{"@type":"ImageObject","inLanguage":"hr","@id":"https:\/\/pavidecor.si\/hr\/proizvod\/drveni-stalak-za-kisobrane-m-55x40x17-5cm\/#primaryimage","url":"https:\/\/pavidecor.si\/wp-content\/uploads\/2021\/12\/Stojalo-za-deznike-M-No.0127.jpg","contentUrl":"https:\/\/pavidecor.si\/wp-content\/uploads\/2021\/12\/Stojalo-za-deznike-M-No.0127.jpg","width":1000,"height":1000,"caption":"PAVI DECOR"},{"@type":"BreadcrumbList","@id":"https:\/\/pavidecor.si\/hr\/proizvod\/drveni-stalak-za-kisobrane-m-55x40x17-5cm\/#breadcrumb","itemListElement":[{"@type":"ListItem","position":1,"name":"Domov","item":"https:\/\/pavidecor.si\/hr\/"},{"@type":"ListItem","position":2,"name":"Internetska trgovina","item":"https:\/\/pavidecor.si\/hr\/internetska-trgovina\/"},{"@type":"ListItem","position":3,"name":"Drveni stalak za ki\u0161obrane M 60x38x19cm"}]},{"@type":"WebSite","@id":"https:\/\/pavidecor.si\/hr\/#website","url":"https:\/\/pavidecor.si\/hr\/","name":"Pavi Decor","description":"Leseni unikati ustvarjeni iz ljubezni do lesa in narave.","potentialAction":[{"@type":"SearchAction","target":{"@type":"EntryPoint","urlTemplate":"https:\/\/pavidecor.si\/hr\/?s={search_term_string}"},"query-input":{"@type":"PropertyValueSpecification","valueRequired":true,"valueName":"search_term_string"}}],"inLanguage":"hr"}]}},"_links":{"self":[{"href":"https:\/\/pavidecor.si\/hr\/wp-json\/wp\/v2\/product\/14789","targetHints":{"allow":["GET"]}}],"collection":[{"href":"https:\/\/pavidecor.si\/hr\/wp-json\/wp\/v2\/product"}],"about":[{"href":"https:\/\/pavidecor.si\/hr\/wp-json\/wp\/v2\/types\/product"}],"replies":[{"embeddable":true,"href":"https:\/\/pavidecor.si\/hr\/wp-json\/wp\/v2\/comments?post=14789"}],"wp:featuredmedia":[{"embeddable":true,"href":"https:\/\/pavidecor.si\/hr\/wp-json\/wp\/v2\/media\/14792"}],"wp:attachment":[{"href":"https:\/\/pavidecor.si\/hr\/wp-json\/wp\/v2\/media?parent=14789"}],"wp:term":[{"taxonomy":"product_brand","embeddable":true,"href":"https:\/\/pavidecor.si\/hr\/wp-json\/wp\/v2\/product_brand?post=14789"},{"taxonomy":"product_cat","embeddable":true,"href":"https:\/\/pavidecor.si\/hr\/wp-json\/wp\/v2\/product_cat?post=14789"},{"taxonomy":"product_tag","embeddable":true,"href":"https:\/\/pavidecor.si\/hr\/wp-json\/wp\/v2\/product_tag?post=14789"}],"curies":[{"name":"wp","href":"https:\/\/api.w.org\/{rel}","templated":true}]}}