	{"id":14567,"date":"2021-12-25T06:51:07","date_gmt":"2021-12-25T06:51:07","guid":{"rendered":"https:\/\/pavidecor.si\/product\/pletena-zdjela-fi30x12cm\/"},"modified":"2026-04-24T11:42:56","modified_gmt":"2026-04-24T11:42:56","slug":"pletena-zdjela-fi30x12cm","status":"publish","type":"product","link":"https:\/\/pavidecor.si\/hr\/proizvod\/pletena-zdjela-fi30x12cm\/","title":{"rendered":"Pletena zdjela fi30x12cm"},"content":{"rendered":"<p><span class=\"prvimanjsinaslovopis\">  Pletena zdjela od ratana &#8211; Klasi\u010dna elegancija za va\u0161u kuhinju  <\/p>\n<p><\/span><\/p>\n<h2><span class=\"odebeljenopis\"><strong><br \/>\nPletena zdjela od ratana pravi je izbor za svakoga tko cijeni jedinstvene i prakti\u010dne proizvode. Ru\u010dno izra\u0111ena u Sloveniji, ova zdjela kombinira znanje tradicionalnih majstora s modernim dizajnom, \u0161to je \u010dini idealnom za spremanje ili ukra\u0161avanje va\u0161eg stola. Njegova svestranost i estetska privla\u010dnost odu\u0161evit \u0107e svakoga.<\/p>\n<p><\/strong><\/span><\/h2>\n<\/p>\n<div class=\"row\">\n<div class=\"col-sm-6 \" style=\"margin-top: 30px;\"><center><img decoding=\"async\" src=\"data:image\/svg+xml,%3Csvg%20xmlns%3D%27http%3A%2F%2Fwww.w3.org%2F2000%2Fsvg%27%20width%3D%272560%27%20height%3D%272560%27%20viewBox%3D%270%200%202560%202560%27%3E%3Crect%20width%3D%272560%27%20height%3D%272560%27%20fill-opacity%3D%220%22%2F%3E%3C%2Fsvg%3E\" data-orig-src=\"https:\/\/pavidecor.si\/wp-content\/uploads\/2021\/12\/1IMG_7566a-2-scaled.jpg\" class=\"lazyload img-responsive\" style=\"margin: 0px auto;max-width:100%;\"><\/center><\/div>\n<div class=\"col-sm-6\" style=\"margin-top:40px;\">\n<p><span style=\"color: #000000;\">  <\/p>\n<h3>Jedinstvena ru\u010dna izrada<\/h3>\n<p>Pletena zdjela od ratana rezultat je pa\u017eljive izrade koju su izveli na\u0161i iskusni majstori u trgovini PAVIDECOR u Ljubljani. Svaka zdjela je jedinstvena jer je napravljena s ljubavlju prema drvu i prirodi. Na\u0161a strast prema prirodnim materijalima ogleda se u svakom detalju, daju\u0107i zdjeli autenti\u010dan izgled koji ne mo\u017eete prona\u0107i u masovno proizvedenim proizvodima. Detalji spajanja drvenih dijelova koje su koristili stari majstori osiguravaju da svaka zdjela bude ne samo lijepa, ve\u0107 i iznimno izdr\u017eljiva.  <\/p>\n<p>Njegov robustan dizajn \u010dini pletenu zdjelu idealnom za svakodnevnu upotrebu. Bilo da ga napunite svje\u017eim vo\u0107em, povr\u0107em ili ga koristite kao ukrasni element, uvijek \u0107e privu\u0107i pa\u017enju. Njegova svestranost omogu\u0107uje mu da se savr\u0161eno uklopi u razli\u010dite stilove ure\u0111enja interijera, od rustikalnog do modernog.  <\/p>\n<p><\/span><\/p>\n<\/div>\n<\/div>\n<div class=\"row\">\n<div class=\"col-sm-6 col-sm-push-6\" style=\"margin-top: 30px;\"><center><img decoding=\"async\" src=\"data:image\/svg+xml,%3Csvg%20xmlns%3D%27http%3A%2F%2Fwww.w3.org%2F2000%2Fsvg%27%20width%3D%271731%27%20height%3D%271732%27%20viewBox%3D%270%200%201731%201732%27%3E%3Crect%20width%3D%271731%27%20height%3D%271732%27%20fill-opacity%3D%220%22%2F%3E%3C%2Fsvg%3E\" data-orig-src=\"https:\/\/pavidecor.si\/wp-content\/uploads\/2021\/12\/2IMG_7562-2.jpg\" class=\"lazyload img-responsive\" style=\"margin: 0px auto;max-width:100%;\"><\/center><\/div>\n<div class=\"col-sm-6 col-sm-pull-6\" style=\"margin-top:40px;\">\n<p><span style=\"color: #000000;\">  <\/p>\n<h3>Prakti\u010dnost i estetika<\/h3>\n<p>Pletena zdjela nije samo estetski dodatak, ve\u0107 i iznimno prakti\u010dan alat za svako ku\u0107anstvo. Njegov prostrani dizajn olak\u0161ava spremanje raznih predmeta, \u0161to je posebno korisno u kuhinji. Osim toga, zdjela je izvrstan izbor za poslu\u017eivanje jela na obiteljskim okupljanjima ili zabavama.  <\/p>\n<p>Zbog svog starog izgleda i prirodnih materijala, pletena zdjela savr\u0161eno se uklapa u razli\u010dite stilove namje\u0161taja. Bilo da imate starinsku ili modernu kuhinju, ova zdjela \u0107e dodati da\u0161ak elegancije i topline. Mo\u017eete ga koristiti i u vrtu ili na terasi, gdje \u0107e postati neizostavan dio va\u0161ih ljetnih piknika i dru\u017eenja na otvorenom.  <\/p>\n<p><\/span><\/p>\n<\/div>\n<\/div>\n<div class=\"row\">\n<div class=\"col-sm-6\" style=\"margin-top: 30px;\"><center><img decoding=\"async\" src=\"data:image\/svg+xml,%3Csvg%20xmlns%3D%27http%3A%2F%2Fwww.w3.org%2F2000%2Fsvg%27%20width%3D%271857%27%20height%3D%271857%27%20viewBox%3D%270%200%201857%201857%27%3E%3Crect%20width%3D%271857%27%20height%3D%271857%27%20fill-opacity%3D%220%22%2F%3E%3C%2Fsvg%3E\" data-orig-src=\"https:\/\/pavidecor.si\/wp-content\/uploads\/2021\/12\/3IMG_7567-2.jpg\" class=\"lazyload img-responsive\" style=\"margin: 0px auto;max-width:100%;\"><\/center><\/div>\n<div class=\"col-sm-6\" style=\"margin-top:40px;\">\n<p><span style=\"color: #000000;\">  <\/p>\n<h3>Savr\u0161en izbor za svaki dom<\/h3>\n<p>Pletena zdjela od ratana vi\u0161e je od kuhinjskog pribora; Tako\u0111er je prekrasan ukrasni element. Njegova prisutnost na stolu ili polici privu\u0107i \u0107e poglede i dodati da\u0161ak prirodne ljepote va\u0161em domu. Prilo\u017eena plo\u010da s logom ljubljanskog zmaja dodatno nagla\u0161ava njegovu jedinstvenost i povezanost s na\u0161om kulturom.  <\/p>\n<p>U PAVIDECOR-u smo svjesni koliko je va\u017eno imati u svom domu proizvode koji nisu samo funkcionalni, ve\u0107 i estetski privla\u010dni. Pletena zdjela izvrstan je izbor za svakoga tko \u017eeli unijeti toplinu i prirodne materijale u svoj dom. Ne zaboravite da je ova zdjela tako\u0111er dio ukrasa u na\u0161em beach baru, \u0161to dokazuje njezinu svestranost i popularnost.  <\/p>\n<p>Meta Title: Pletena zdjela od ratana &#8211; Klasi\u010dna elegancija za va\u0161u kuhinju<br \/>\n<\/span><\/p>\n<\/div>\n<\/div>\n<div class=\"row-flex\">\n<div class=\"col-sm-12 odmikitabelaprodukt\">\n<table class=\"table table-hover ck-table-resized\" style=\"width: 100%;\" border=\"0\">\n<tbody>\n<tr>\n<td>\nss Pletena zdjela pravi je klasik u kuhinji i pogodna je za pohranu ili za ukra\u0161avanje stola. Ru\u010dno je izra\u0111en od robusnog ratana, a svojim ostarjelim izgledom u\u010dinit \u0107e ga jo\u0161 nostalgi\u010dnijim za ljubavnike. Zdjela je vrlo prakti\u010dna za kori\u0161tenje, jer je lako mo\u017eete napuniti svje\u017eim ili suhim vo\u0107em ili jajima i povr\u0107em. Mo\u017ee se kombinirati s antiknim ili modernim namje\u0161tajem, a savr\u0161eno se uklapa u rustikalne ili shabby chic ambijente. Tako\u0111er je vrlo koristan u vrtu ili na terasi, pa je obavezan i koristan alat za svako ku\u0107anstvo. Na njoj se nalazi i plo\u010da s logom ljubljanskog zmaja. Pletena zdjela tako\u0111er je me\u0111u ukrasima u na\u0161em beach baru.\n<\/td>\n<\/tr>\n<blockquote><p>Pletena zdjela pravi je klasik u kuhinji i prikladna je za pohranu ili za ukra\u0161avanje stola. Ru\u010dno je izra\u0111en od robusnog ratana, a svojim ostarjelim izgledom u\u010dinit \u0107e ga jo\u0161 nostalgi\u010dnijim za ljubavnike. Zdjela je vrlo prakti\u010dna za kori\u0161tenje, jer je lako mo\u017eete napuniti svje\u017eim ili suhim vo\u0107em ili jajima i povr\u0107em. Mo\u017ee se kombinirati s antiknim ili modernim namje\u0161tajem, a savr\u0161eno se uklapa u rustikalne ili shabby chic ambijente. Tako\u0111er je vrlo koristan u vrtu ili na terasi, pa je obavezan i koristan alat za svako ku\u0107anstvo. Na njoj se nalazi i plo\u010da s logom ljubljanskog zmaja. Pletena zdjela tako\u0111er je me\u0111u ukrasima u na\u0161em beach baru.<\/p><\/blockquote>\n<p><\/p>\n","protected":false},"excerpt":{"rendered":"<p><strong><span style=\"color: #c4963c;\">\u2192 Lagan i izdr\u017eljiv<\/span><\/strong><br \/>\n<strong><span style=\"color: #c4963c;\">\u2192 Logotip Ljubljanskog zmaja<\/span><\/strong><\/p>\n","protected":false},"featured_media":14568,"comment_status":"open","ping_status":"closed","template":"","meta":[],"product_brand":[],"product_cat":[313,269,277],"product_tag":[219],"class_list":{"0":"post-14567","1":"product","2":"type-product","3":"status-publish","4":"has-post-thumbnail","6":"product_cat-kosare-hr","7":"product_cat-oprema-za-trgovine-i-konobe","8":"product_cat-suveniri-grada-ljubljane","9":"product_tag-bar-na-plazi","11":"first","12":"instock","13":"taxable","14":"shipping-taxable","15":"purchasable","16":"product-type-simple"},"yoast_head":"<!-- This site is optimized with the Yoast SEO plugin v27.2 - https:\/\/yoast.com\/product\/yoast-seo-wordpress\/ -->\n<title>Pletena zdjela fi30x12cm - Pavi Decor<\/title>\n<meta name=\"description\" content=\"Pletena zdjela ru\u010dno je izra\u0111ena od ratana i vrlo je korisna u svakom ku\u0107anstvu. Ima i plo\u010du s logom ljubljanskog zmaja.\" \/>\n<meta name=\"robots\" content=\"index, follow, max-snippet:-1, max-image-preview:large, max-video-preview:-1\" \/>\n<link rel=\"canonical\" href=\"https:\/\/pavidecor.si\/hr\/proizvod\/pletena-zdjela-fi30x12cm\/\" \/>\n<meta property=\"og:locale\" content=\"hr_HR\" \/>\n<meta property=\"og:type\" content=\"article\" \/>\n<meta property=\"og:title\" content=\"Pletena zdjela fi30x12cm - Pavi Decor\" \/>\n<meta property=\"og:description\" content=\"Pletena zdjela ru\u010dno je izra\u0111ena od ratana i vrlo je korisna u svakom ku\u0107anstvu. Ima i plo\u010du s logom ljubljanskog zmaja.\" \/>\n<meta property=\"og:url\" content=\"https:\/\/pavidecor.si\/hr\/proizvod\/pletena-zdjela-fi30x12cm\/\" \/>\n<meta property=\"og:site_name\" content=\"Pavi Decor\" \/>\n<meta property=\"article:modified_time\" content=\"2026-04-24T11:42:56+00:00\" \/>\n<meta property=\"og:image\" content=\"https:\/\/pavidecor.si\/wp-content\/uploads\/2021\/12\/1IMG_7566a-2-scaled.jpg\" \/>\n\t<meta property=\"og:image:width\" content=\"2560\" \/>\n\t<meta property=\"og:image:height\" content=\"2560\" \/>\n\t<meta property=\"og:image:type\" content=\"image\/jpeg\" \/>\n<meta name=\"twitter:card\" content=\"summary_large_image\" \/>\n<meta name=\"twitter:label1\" content=\"Procijenjeno vrijeme \u010ditanja\" \/>\n\t<meta name=\"twitter:data1\" content=\"4 minute\" \/>\n<script type=\"application\/ld+json\" class=\"yoast-schema-graph\">{\"@context\":\"https:\/\/schema.org\",\"@graph\":[{\"@type\":\"WebPage\",\"@id\":\"https:\/\/pavidecor.si\/hr\/proizvod\/pletena-zdjela-fi30x12cm\/\",\"url\":\"https:\/\/pavidecor.si\/hr\/proizvod\/pletena-zdjela-fi30x12cm\/\",\"name\":\"Pletena zdjela fi30x12cm - Pavi Decor\",\"isPartOf\":{\"@id\":\"https:\/\/pavidecor.si\/hr\/#website\"},\"primaryImageOfPage\":{\"@id\":\"https:\/\/pavidecor.si\/hr\/proizvod\/pletena-zdjela-fi30x12cm\/#primaryimage\"},\"image\":{\"@id\":\"https:\/\/pavidecor.si\/hr\/proizvod\/pletena-zdjela-fi30x12cm\/#primaryimage\"},\"thumbnailUrl\":\"https:\/\/pavidecor.si\/wp-content\/uploads\/2021\/12\/1IMG_7566a-2-scaled.jpg\",\"datePublished\":\"2021-12-25T06:51:07+00:00\",\"dateModified\":\"2026-04-24T11:42:56+00:00\",\"description\":\"Pletena zdjela ru\u010dno je izra\u0111ena od ratana i vrlo je korisna u svakom ku\u0107anstvu. Ima i plo\u010du s logom ljubljanskog zmaja.\",\"breadcrumb\":{\"@id\":\"https:\/\/pavidecor.si\/hr\/proizvod\/pletena-zdjela-fi30x12cm\/#breadcrumb\"},\"inLanguage\":\"hr\",\"potentialAction\":[{\"@type\":\"ReadAction\",\"target\":[\"https:\/\/pavidecor.si\/hr\/proizvod\/pletena-zdjela-fi30x12cm\/\"]}]},{\"@type\":\"ImageObject\",\"inLanguage\":\"hr\",\"@id\":\"https:\/\/pavidecor.si\/hr\/proizvod\/pletena-zdjela-fi30x12cm\/#primaryimage\",\"url\":\"https:\/\/pavidecor.si\/wp-content\/uploads\/2021\/12\/1IMG_7566a-2-scaled.jpg\",\"contentUrl\":\"https:\/\/pavidecor.si\/wp-content\/uploads\/2021\/12\/1IMG_7566a-2-scaled.jpg\",\"width\":2560,\"height\":2560,\"caption\":\"PAVI DECOR\"},{\"@type\":\"BreadcrumbList\",\"@id\":\"https:\/\/pavidecor.si\/hr\/proizvod\/pletena-zdjela-fi30x12cm\/#breadcrumb\",\"itemListElement\":[{\"@type\":\"ListItem\",\"position\":1,\"name\":\"Domov\",\"item\":\"https:\/\/pavidecor.si\/hr\/\"},{\"@type\":\"ListItem\",\"position\":2,\"name\":\"Internetska trgovina\",\"item\":\"https:\/\/pavidecor.si\/hr\/internetska-trgovina\/\"},{\"@type\":\"ListItem\",\"position\":3,\"name\":\"Pletena zdjela fi30x12cm\"}]},{\"@type\":\"WebSite\",\"@id\":\"https:\/\/pavidecor.si\/hr\/#website\",\"url\":\"https:\/\/pavidecor.si\/hr\/\",\"name\":\"Pavi Decor\",\"description\":\"Leseni unikati ustvarjeni iz ljubezni do lesa in narave.\",\"potentialAction\":[{\"@type\":\"SearchAction\",\"target\":{\"@type\":\"EntryPoint\",\"urlTemplate\":\"https:\/\/pavidecor.si\/hr\/?s={search_term_string}\"},\"query-input\":{\"@type\":\"PropertyValueSpecification\",\"valueRequired\":true,\"valueName\":\"search_term_string\"}}],\"inLanguage\":\"hr\"}]}<\/script>\n<!-- \/ Yoast SEO plugin. -->","yoast_head_json":{"title":"Pletena zdjela fi30x12cm - Pavi Decor","description":"Pletena zdjela ru\u010dno je izra\u0111ena od ratana i vrlo je korisna u svakom ku\u0107anstvu. Ima i plo\u010du s logom ljubljanskog zmaja.","robots":{"index":"index","follow":"follow","max-snippet":"max-snippet:-1","max-image-preview":"max-image-preview:large","max-video-preview":"max-video-preview:-1"},"canonical":"https:\/\/pavidecor.si\/hr\/proizvod\/pletena-zdjela-fi30x12cm\/","og_locale":"hr_HR","og_type":"article","og_title":"Pletena zdjela fi30x12cm - Pavi Decor","og_description":"Pletena zdjela ru\u010dno je izra\u0111ena od ratana i vrlo je korisna u svakom ku\u0107anstvu. Ima i plo\u010du s logom ljubljanskog zmaja.","og_url":"https:\/\/pavidecor.si\/hr\/proizvod\/pletena-zdjela-fi30x12cm\/","og_site_name":"Pavi Decor","article_modified_time":"2026-04-24T11:42:56+00:00","og_image":[{"width":2560,"height":2560,"url":"https:\/\/pavidecor.si\/wp-content\/uploads\/2021\/12\/1IMG_7566a-2-scaled.jpg","type":"image\/jpeg"}],"twitter_card":"summary_large_image","twitter_misc":{"Procijenjeno vrijeme \u010ditanja":"4 minute"},"schema":{"@context":"https:\/\/schema.org","@graph":[{"@type":"WebPage","@id":"https:\/\/pavidecor.si\/hr\/proizvod\/pletena-zdjela-fi30x12cm\/","url":"https:\/\/pavidecor.si\/hr\/proizvod\/pletena-zdjela-fi30x12cm\/","name":"Pletena zdjela fi30x12cm - Pavi Decor","isPartOf":{"@id":"https:\/\/pavidecor.si\/hr\/#website"},"primaryImageOfPage":{"@id":"https:\/\/pavidecor.si\/hr\/proizvod\/pletena-zdjela-fi30x12cm\/#primaryimage"},"image":{"@id":"https:\/\/pavidecor.si\/hr\/proizvod\/pletena-zdjela-fi30x12cm\/#primaryimage"},"thumbnailUrl":"https:\/\/pavidecor.si\/wp-content\/uploads\/2021\/12\/1IMG_7566a-2-scaled.jpg","datePublished":"2021-12-25T06:51:07+00:00","dateModified":"2026-04-24T11:42:56+00:00","description":"Pletena zdjela ru\u010dno je izra\u0111ena od ratana i vrlo je korisna u svakom ku\u0107anstvu. Ima i plo\u010du s logom ljubljanskog zmaja.","breadcrumb":{"@id":"https:\/\/pavidecor.si\/hr\/proizvod\/pletena-zdjela-fi30x12cm\/#breadcrumb"},"inLanguage":"hr","potentialAction":[{"@type":"ReadAction","target":["https:\/\/pavidecor.si\/hr\/proizvod\/pletena-zdjela-fi30x12cm\/"]}]},{"@type":"ImageObject","inLanguage":"hr","@id":"https:\/\/pavidecor.si\/hr\/proizvod\/pletena-zdjela-fi30x12cm\/#primaryimage","url":"https:\/\/pavidecor.si\/wp-content\/uploads\/2021\/12\/1IMG_7566a-2-scaled.jpg","contentUrl":"https:\/\/pavidecor.si\/wp-content\/uploads\/2021\/12\/1IMG_7566a-2-scaled.jpg","width":2560,"height":2560,"caption":"PAVI DECOR"},{"@type":"BreadcrumbList","@id":"https:\/\/pavidecor.si\/hr\/proizvod\/pletena-zdjela-fi30x12cm\/#breadcrumb","itemListElement":[{"@type":"ListItem","position":1,"name":"Domov","item":"https:\/\/pavidecor.si\/hr\/"},{"@type":"ListItem","position":2,"name":"Internetska trgovina","item":"https:\/\/pavidecor.si\/hr\/internetska-trgovina\/"},{"@type":"ListItem","position":3,"name":"Pletena zdjela fi30x12cm"}]},{"@type":"WebSite","@id":"https:\/\/pavidecor.si\/hr\/#website","url":"https:\/\/pavidecor.si\/hr\/","name":"Pavi Decor","description":"Leseni unikati ustvarjeni iz ljubezni do lesa in narave.","potentialAction":[{"@type":"SearchAction","target":{"@type":"EntryPoint","urlTemplate":"https:\/\/pavidecor.si\/hr\/?s={search_term_string}"},"query-input":{"@type":"PropertyValueSpecification","valueRequired":true,"valueName":"search_term_string"}}],"inLanguage":"hr"}]}},"_links":{"self":[{"href":"https:\/\/pavidecor.si\/hr\/wp-json\/wp\/v2\/product\/14567","targetHints":{"allow":["GET"]}}],"collection":[{"href":"https:\/\/pavidecor.si\/hr\/wp-json\/wp\/v2\/product"}],"about":[{"href":"https:\/\/pavidecor.si\/hr\/wp-json\/wp\/v2\/types\/product"}],"replies":[{"embeddable":true,"href":"https:\/\/pavidecor.si\/hr\/wp-json\/wp\/v2\/comments?post=14567"}],"wp:featuredmedia":[{"embeddable":true,"href":"https:\/\/pavidecor.si\/hr\/wp-json\/wp\/v2\/media\/14568"}],"wp:attachment":[{"href":"https:\/\/pavidecor.si\/hr\/wp-json\/wp\/v2\/media?parent=14567"}],"wp:term":[{"taxonomy":"product_brand","embeddable":true,"href":"https:\/\/pavidecor.si\/hr\/wp-json\/wp\/v2\/product_brand?post=14567"},{"taxonomy":"product_cat","embeddable":true,"href":"https:\/\/pavidecor.si\/hr\/wp-json\/wp\/v2\/product_cat?post=14567"},{"taxonomy":"product_tag","embeddable":true,"href":"https:\/\/pavidecor.si\/hr\/wp-json\/wp\/v2\/product_tag?post=14567"}],"curies":[{"name":"wp","href":"https:\/\/api.w.org\/{rel}","templated":true}]}}