	{"id":14444,"date":"2021-12-25T06:50:11","date_gmt":"2021-12-25T06:50:11","guid":{"rendered":"https:\/\/pavidecor.si\/product\/mlinski-kamen-bijeljen-fi62x11cm\/"},"modified":"2026-04-23T05:06:58","modified_gmt":"2026-04-23T05:06:58","slug":"dekorativni-mlinski-kamen-bijeljen-fi62x11cm","status":"publish","type":"product","link":"https:\/\/pavidecor.si\/hr\/proizvod\/dekorativni-mlinski-kamen-bijeljen-fi62x11cm\/","title":{"rendered":"Dekorativni mlinski kamen bijeljen fi62x11cm"},"content":{"rendered":"<p><span class=\"prvimanjsinaslovopis\"> Dekorativni mlinski kamen iz masivnog drva &#8211; Unikatni dodaci za svaki prostor<\/span><\/p>\n<p>&nbsp;<\/p>\n<h2><span class=\"odebeljenopis\"><strong> U\u017eivajte u jedinstvenom dekorativnom elementu koji \u0107e obogatiti svaki ambijent. Na\u0161 dekorativni mlinski kamen iz masivnog drva savr\u0161eno se uklapa u razli\u010dite stilove ure\u0111enja, od rustikalnog do modernog. Ovaj ru\u010dno izra\u0111eni komad ne samo da donosi toplinu, ve\u0107 i autenti\u010dnost u va\u0161 dom.<\/strong><\/span><\/h2>\n<p>&nbsp;<\/p>\n<div class=\"row\">\n<div class=\"col-sm-6 \" style=\"margin-top: 30px;\"><center><img decoding=\"async\" class=\"lazyload img-responsive\" style=\"margin: 0px auto; max-width: 100%;\" src=\"data:image\/svg+xml,%3Csvg%20xmlns%3D%27http%3A%2F%2Fwww.w3.org%2F2000%2Fsvg%27%20width%3D%272560%27%20height%3D%272560%27%20viewBox%3D%270%200%202560%202560%27%3E%3Crect%20width%3D%272560%27%20height%3D%272560%27%20fill-opacity%3D%220%22%2F%3E%3C%2Fsvg%3E\" data-orig-src=\"https:\/\/pavidecor.si\/wp-content\/uploads\/2021\/12\/Gregor-Bajt_-PAVI-leseno-mlinsko-kolo-svetlo-No.0128-scaled.jpg\" \/><\/center><\/div>\n<div class=\"col-sm-6\" style=\"margin-top: 40px;\">\n<p>&nbsp;<\/p>\n<h3>Jedinstvena ru\u010dna izrada<\/h3>\n<p>Na\u0161a trgovina PAVI DECOR iz Ljubljane ponosna je na svoje unikatne proizvode, a dekorativni mlinski kamen nije iznimka. Svaki komad izra\u0111en je s ljubavlju prema drvetu i prirodi, koriste\u0107i tradicionalne tehnike koje su koristili stari majstori.<\/p>\n<p>&nbsp;<\/p>\n<p>Ru\u010dna izrada osigurava da svaki mlinski kamen ima svoj <strong>jedinstveni karakter i strukturu<\/strong>, \u010dime se isti\u010de ljepota prirodnog drva. Na\u0161i proizvodi su rezultat vlastitog znanja i kreativnosti, a svaki detalj pa\u017eljivo je obra\u0111en kako bi se postigla savr\u0161ena ravnote\u017ea izme\u0111u estetike i funkcionalnosti.<\/p>\n<p>&nbsp;<\/p>\n<\/div>\n<\/div>\n<div class=\"row\">\n<div class=\"col-sm-6 col-sm-push-6\" style=\"margin-top: 30px;\"><center><img decoding=\"async\" class=\"lazyload img-responsive\" style=\"margin: 0px auto; max-width: 100%;\" src=\"data:image\/svg+xml,%3Csvg%20xmlns%3D%27http%3A%2F%2Fwww.w3.org%2F2000%2Fsvg%27%20width%3D%271000%27%20height%3D%271000%27%20viewBox%3D%270%200%201000%201000%27%3E%3Crect%20width%3D%271000%27%20height%3D%271000%27%20fill-opacity%3D%220%22%2F%3E%3C%2Fsvg%3E\" data-orig-src=\" https:\/\/pavidecor.si\/wp-content\/uploads\/2021\/12\/solo5.jpg\" \/><\/center><\/div>\n<div class=\"col-sm-6 col-sm-pull-6\" style=\"margin-top: 40px;\">\n<p>&nbsp;<\/p>\n<h3>Prilagodljivost i svestranost<\/h3>\n<p>Dekorativni mlinski kamen od masivnog drva savr\u0161eno se uklapa u razli\u010dite prostore. Mo\u017eete ga postaviti na zid, objesiti s stropa ili ga smjestiti na terasu, ispred ku\u0107e ili u vrtu. Masivnost ru\u010dno izra\u0111enog drvenog mlinskog kamena definira seoski stil. Estetski element koji krasi zid u svakom ambijentu vodi ma\u0161tu u potpuno druga vremena.<\/p>\n<p>&nbsp;<\/p>\n<p>Ovaj unikatni komad ne samo da \u0107e obogatiti va\u0161 prostor, ve\u0107 \u0107e i <strong>stvoriti toplu i ugodnu atmosferu<\/strong>. Bez obzira na to jeste li u brvnari, primorskoj ku\u0107i ili modernom stanu, mlinski kamen \u0107e se savr\u0161eno uklopiti i dodati da\u0161ak prirode i autenti\u010dnosti.<\/p>\n<p>&nbsp;<\/p>\n<\/div>\n<\/div>\n<div class=\"row\">\n<div class=\"col-sm-6\" style=\"margin-top: 30px;\"><center><img decoding=\"async\" class=\"lazyload img-responsive\" style=\"margin: 0px auto; max-width: 100%;\" src=\"data:image\/svg+xml,%3Csvg%20xmlns%3D%27http%3A%2F%2Fwww.w3.org%2F2000%2Fsvg%27%20width%3D%271000%27%20height%3D%271000%27%20viewBox%3D%270%200%201000%201000%27%3E%3Crect%20width%3D%271000%27%20height%3D%271000%27%20fill-opacity%3D%220%22%2F%3E%3C%2Fsvg%3E\" data-orig-src=\" https:\/\/pavidecor.si\/wp-content\/uploads\/2021\/12\/kolo4.jpg\" \/><\/center><\/div>\n<div class=\"col-sm-6\" style=\"margin-top: 40px;\">\n<p>&nbsp;<\/p>\n<h3>Specifikacije proizvoda<\/h3>\n<p>Dekorativni mlinski kamen izra\u0111en je od masivnog drva, \u0161to mu daje izdr\u017eljivost i dugovje\u010dnost. Njegova struktura nagla\u0161ava prirodne uzorke drva, \u010dine\u0107i svaki komad jedinstvenim.<\/p>\n<p>&nbsp;<\/p>\n<p>Ovaj proizvod je idealan za sve koji \u017eele dodati poseban dodir svom prostoru, bilo da se radi o shabby chic stilu ili modernom ure\u0111enju. Drveni mlinski kamen mo\u017ee se vidjeti i u na\u0161em <a href=\"https:\/\/pavidecor.si\/hr\/projects\/bar-na-plazi\/\"><strong><span style=\"color: #3366ff;\">pla\u017enom baru<\/span><\/strong><\/a>, gdje dodatno nagla\u0161ava prirodnu ljepotu okru\u017eenja.<\/p>\n<\/div>\n<\/div>\n<p>&nbsp;<\/p>\n","protected":false},"excerpt":{"rendered":"<p><strong><span style=\"color: #c4963c;\">\u2192 Rukotvorine<br \/>\n<\/span><span style=\"color: #c4963c;\">\u2192 Jedinstven<\/span><\/strong><br \/>\n<strong><span style=\"color: #c4963c;\">\u2192 S postoljem<\/span><\/strong><\/p>\n","protected":false},"featured_media":25762,"comment_status":"open","ping_status":"closed","template":"","meta":[],"product_brand":[],"product_cat":[264],"product_tag":[219],"class_list":{"0":"post-14444","1":"product","2":"type-product","3":"status-publish","4":"has-post-thumbnail","6":"product_cat-mlinsko-kamenje","7":"product_tag-bar-na-plazi","9":"first","10":"instock","11":"sold-individually","12":"taxable","13":"shipping-taxable","14":"purchasable","15":"product-type-simple"},"yoast_head":"<!-- This site is optimized with the Yoast SEO plugin v27.2 - https:\/\/yoast.com\/product\/yoast-seo-wordpress\/ -->\n<title>Dekorativni mlinski kamen iz masivnog drva - Unikat PAVI DECOR<\/title>\n<meta name=\"description\" content=\"Dekorativni mlinski kamen od punog drveta originalan je ukras za sve vrste ambijenata - kako za shabby chic, tako i za moderne ambijente. Jedinstven komad.\" \/>\n<meta name=\"robots\" content=\"index, follow, max-snippet:-1, max-image-preview:large, max-video-preview:-1\" \/>\n<link rel=\"canonical\" href=\"https:\/\/pavidecor.si\/hr\/proizvod\/dekorativni-mlinski-kamen-bijeljen-fi62x11cm\/\" \/>\n<meta property=\"og:locale\" content=\"hr_HR\" \/>\n<meta property=\"og:type\" content=\"article\" \/>\n<meta property=\"og:title\" content=\"Dekorativni mlinski kamen iz masivnog drva - Unikat PAVI DECOR\" \/>\n<meta property=\"og:description\" content=\"Dekorativni mlinski kamen od punog drveta originalan je ukras za sve vrste ambijenata - kako za shabby chic, tako i za moderne ambijente. Jedinstven komad.\" \/>\n<meta property=\"og:url\" content=\"https:\/\/pavidecor.si\/hr\/proizvod\/dekorativni-mlinski-kamen-bijeljen-fi62x11cm\/\" \/>\n<meta property=\"og:site_name\" content=\"Pavi Decor\" \/>\n<meta property=\"article:modified_time\" content=\"2026-04-23T05:06:58+00:00\" \/>\n<meta property=\"og:image\" content=\"https:\/\/pavidecor.si\/wp-content\/uploads\/2021\/12\/IG-IMG_8954baa-scaled.jpg\" \/>\n\t<meta property=\"og:image:width\" content=\"2560\" \/>\n\t<meta property=\"og:image:height\" content=\"2560\" \/>\n\t<meta property=\"og:image:type\" content=\"image\/jpeg\" \/>\n<meta name=\"twitter:card\" content=\"summary_large_image\" \/>\n<meta name=\"twitter:label1\" content=\"Procijenjeno vrijeme \u010ditanja\" \/>\n\t<meta name=\"twitter:data1\" content=\"3 minute\" \/>\n<script type=\"application\/ld+json\" class=\"yoast-schema-graph\">{\"@context\":\"https:\/\/schema.org\",\"@graph\":[{\"@type\":\"WebPage\",\"@id\":\"https:\/\/pavidecor.si\/hr\/proizvod\/dekorativni-mlinski-kamen-bijeljen-fi62x11cm\/\",\"url\":\"https:\/\/pavidecor.si\/hr\/proizvod\/dekorativni-mlinski-kamen-bijeljen-fi62x11cm\/\",\"name\":\"Dekorativni mlinski kamen iz masivnog drva - Unikat PAVI DECOR\",\"isPartOf\":{\"@id\":\"https:\/\/pavidecor.si\/hr\/#website\"},\"primaryImageOfPage\":{\"@id\":\"https:\/\/pavidecor.si\/hr\/proizvod\/dekorativni-mlinski-kamen-bijeljen-fi62x11cm\/#primaryimage\"},\"image\":{\"@id\":\"https:\/\/pavidecor.si\/hr\/proizvod\/dekorativni-mlinski-kamen-bijeljen-fi62x11cm\/#primaryimage\"},\"thumbnailUrl\":\"https:\/\/pavidecor.si\/wp-content\/uploads\/2021\/12\/IG-IMG_8954baa-scaled.jpg\",\"datePublished\":\"2021-12-25T06:50:11+00:00\",\"dateModified\":\"2026-04-23T05:06:58+00:00\",\"description\":\"Dekorativni mlinski kamen od punog drveta originalan je ukras za sve vrste ambijenata - kako za shabby chic, tako i za moderne ambijente. Jedinstven komad.\",\"breadcrumb\":{\"@id\":\"https:\/\/pavidecor.si\/hr\/proizvod\/dekorativni-mlinski-kamen-bijeljen-fi62x11cm\/#breadcrumb\"},\"inLanguage\":\"hr\",\"potentialAction\":[{\"@type\":\"ReadAction\",\"target\":[\"https:\/\/pavidecor.si\/hr\/proizvod\/dekorativni-mlinski-kamen-bijeljen-fi62x11cm\/\"]}]},{\"@type\":\"ImageObject\",\"inLanguage\":\"hr\",\"@id\":\"https:\/\/pavidecor.si\/hr\/proizvod\/dekorativni-mlinski-kamen-bijeljen-fi62x11cm\/#primaryimage\",\"url\":\"https:\/\/pavidecor.si\/wp-content\/uploads\/2021\/12\/IG-IMG_8954baa-scaled.jpg\",\"contentUrl\":\"https:\/\/pavidecor.si\/wp-content\/uploads\/2021\/12\/IG-IMG_8954baa-scaled.jpg\",\"width\":2560,\"height\":2560,\"caption\":\"PAVI DECOR\"},{\"@type\":\"BreadcrumbList\",\"@id\":\"https:\/\/pavidecor.si\/hr\/proizvod\/dekorativni-mlinski-kamen-bijeljen-fi62x11cm\/#breadcrumb\",\"itemListElement\":[{\"@type\":\"ListItem\",\"position\":1,\"name\":\"Domov\",\"item\":\"https:\/\/pavidecor.si\/hr\/\"},{\"@type\":\"ListItem\",\"position\":2,\"name\":\"Internetska trgovina\",\"item\":\"https:\/\/pavidecor.si\/hr\/internetska-trgovina\/\"},{\"@type\":\"ListItem\",\"position\":3,\"name\":\"Dekorativni mlinski kamen bijeljen fi62x11cm\"}]},{\"@type\":\"WebSite\",\"@id\":\"https:\/\/pavidecor.si\/hr\/#website\",\"url\":\"https:\/\/pavidecor.si\/hr\/\",\"name\":\"Pavi Decor\",\"description\":\"Leseni unikati ustvarjeni iz ljubezni do lesa in narave.\",\"potentialAction\":[{\"@type\":\"SearchAction\",\"target\":{\"@type\":\"EntryPoint\",\"urlTemplate\":\"https:\/\/pavidecor.si\/hr\/?s={search_term_string}\"},\"query-input\":{\"@type\":\"PropertyValueSpecification\",\"valueRequired\":true,\"valueName\":\"search_term_string\"}}],\"inLanguage\":\"hr\"}]}<\/script>\n<!-- \/ Yoast SEO plugin. -->","yoast_head_json":{"title":"Dekorativni mlinski kamen iz masivnog drva - Unikat PAVI DECOR","description":"Dekorativni mlinski kamen od punog drveta originalan je ukras za sve vrste ambijenata - kako za shabby chic, tako i za moderne ambijente. Jedinstven komad.","robots":{"index":"index","follow":"follow","max-snippet":"max-snippet:-1","max-image-preview":"max-image-preview:large","max-video-preview":"max-video-preview:-1"},"canonical":"https:\/\/pavidecor.si\/hr\/proizvod\/dekorativni-mlinski-kamen-bijeljen-fi62x11cm\/","og_locale":"hr_HR","og_type":"article","og_title":"Dekorativni mlinski kamen iz masivnog drva - Unikat PAVI DECOR","og_description":"Dekorativni mlinski kamen od punog drveta originalan je ukras za sve vrste ambijenata - kako za shabby chic, tako i za moderne ambijente. Jedinstven komad.","og_url":"https:\/\/pavidecor.si\/hr\/proizvod\/dekorativni-mlinski-kamen-bijeljen-fi62x11cm\/","og_site_name":"Pavi Decor","article_modified_time":"2026-04-23T05:06:58+00:00","og_image":[{"width":2560,"height":2560,"url":"https:\/\/pavidecor.si\/wp-content\/uploads\/2021\/12\/IG-IMG_8954baa-scaled.jpg","type":"image\/jpeg"}],"twitter_card":"summary_large_image","twitter_misc":{"Procijenjeno vrijeme \u010ditanja":"3 minute"},"schema":{"@context":"https:\/\/schema.org","@graph":[{"@type":"WebPage","@id":"https:\/\/pavidecor.si\/hr\/proizvod\/dekorativni-mlinski-kamen-bijeljen-fi62x11cm\/","url":"https:\/\/pavidecor.si\/hr\/proizvod\/dekorativni-mlinski-kamen-bijeljen-fi62x11cm\/","name":"Dekorativni mlinski kamen iz masivnog drva - Unikat PAVI DECOR","isPartOf":{"@id":"https:\/\/pavidecor.si\/hr\/#website"},"primaryImageOfPage":{"@id":"https:\/\/pavidecor.si\/hr\/proizvod\/dekorativni-mlinski-kamen-bijeljen-fi62x11cm\/#primaryimage"},"image":{"@id":"https:\/\/pavidecor.si\/hr\/proizvod\/dekorativni-mlinski-kamen-bijeljen-fi62x11cm\/#primaryimage"},"thumbnailUrl":"https:\/\/pavidecor.si\/wp-content\/uploads\/2021\/12\/IG-IMG_8954baa-scaled.jpg","datePublished":"2021-12-25T06:50:11+00:00","dateModified":"2026-04-23T05:06:58+00:00","description":"Dekorativni mlinski kamen od punog drveta originalan je ukras za sve vrste ambijenata - kako za shabby chic, tako i za moderne ambijente. Jedinstven komad.","breadcrumb":{"@id":"https:\/\/pavidecor.si\/hr\/proizvod\/dekorativni-mlinski-kamen-bijeljen-fi62x11cm\/#breadcrumb"},"inLanguage":"hr","potentialAction":[{"@type":"ReadAction","target":["https:\/\/pavidecor.si\/hr\/proizvod\/dekorativni-mlinski-kamen-bijeljen-fi62x11cm\/"]}]},{"@type":"ImageObject","inLanguage":"hr","@id":"https:\/\/pavidecor.si\/hr\/proizvod\/dekorativni-mlinski-kamen-bijeljen-fi62x11cm\/#primaryimage","url":"https:\/\/pavidecor.si\/wp-content\/uploads\/2021\/12\/IG-IMG_8954baa-scaled.jpg","contentUrl":"https:\/\/pavidecor.si\/wp-content\/uploads\/2021\/12\/IG-IMG_8954baa-scaled.jpg","width":2560,"height":2560,"caption":"PAVI DECOR"},{"@type":"BreadcrumbList","@id":"https:\/\/pavidecor.si\/hr\/proizvod\/dekorativni-mlinski-kamen-bijeljen-fi62x11cm\/#breadcrumb","itemListElement":[{"@type":"ListItem","position":1,"name":"Domov","item":"https:\/\/pavidecor.si\/hr\/"},{"@type":"ListItem","position":2,"name":"Internetska trgovina","item":"https:\/\/pavidecor.si\/hr\/internetska-trgovina\/"},{"@type":"ListItem","position":3,"name":"Dekorativni mlinski kamen bijeljen fi62x11cm"}]},{"@type":"WebSite","@id":"https:\/\/pavidecor.si\/hr\/#website","url":"https:\/\/pavidecor.si\/hr\/","name":"Pavi Decor","description":"Leseni unikati ustvarjeni iz ljubezni do lesa in narave.","potentialAction":[{"@type":"SearchAction","target":{"@type":"EntryPoint","urlTemplate":"https:\/\/pavidecor.si\/hr\/?s={search_term_string}"},"query-input":{"@type":"PropertyValueSpecification","valueRequired":true,"valueName":"search_term_string"}}],"inLanguage":"hr"}]}},"_links":{"self":[{"href":"https:\/\/pavidecor.si\/hr\/wp-json\/wp\/v2\/product\/14444","targetHints":{"allow":["GET"]}}],"collection":[{"href":"https:\/\/pavidecor.si\/hr\/wp-json\/wp\/v2\/product"}],"about":[{"href":"https:\/\/pavidecor.si\/hr\/wp-json\/wp\/v2\/types\/product"}],"replies":[{"embeddable":true,"href":"https:\/\/pavidecor.si\/hr\/wp-json\/wp\/v2\/comments?post=14444"}],"wp:featuredmedia":[{"embeddable":true,"href":"https:\/\/pavidecor.si\/hr\/wp-json\/wp\/v2\/media\/25762"}],"wp:attachment":[{"href":"https:\/\/pavidecor.si\/hr\/wp-json\/wp\/v2\/media?parent=14444"}],"wp:term":[{"taxonomy":"product_brand","embeddable":true,"href":"https:\/\/pavidecor.si\/hr\/wp-json\/wp\/v2\/product_brand?post=14444"},{"taxonomy":"product_cat","embeddable":true,"href":"https:\/\/pavidecor.si\/hr\/wp-json\/wp\/v2\/product_cat?post=14444"},{"taxonomy":"product_tag","embeddable":true,"href":"https:\/\/pavidecor.si\/hr\/wp-json\/wp\/v2\/product_tag?post=14444"}],"curies":[{"name":"wp","href":"https:\/\/api.w.org\/{rel}","templated":true}]}}