	{"id":14442,"date":"2021-12-25T06:52:10","date_gmt":"2021-12-25T06:52:10","guid":{"rendered":"https:\/\/pavidecor.si\/product\/kucica-za-ptice-mrijestiliste\/"},"modified":"2026-04-14T22:05:28","modified_gmt":"2026-04-14T22:05:28","slug":"drvena-kucica-za-ptice","status":"publish","type":"product","link":"https:\/\/pavidecor.si\/hr\/proizvod\/drvena-kucica-za-ptice\/","title":{"rendered":"Drvena ku\u0107ica za ptice"},"content":{"rendered":"<p><span class=\"prvimanjsinaslovopis\">Drvena ku\u0107ica za ptice &#8211; Prirodna za\u0161tita va\u0161eg vrta<\/span><\/p>\n<h2><span class=\"odebeljenopis\"><strong><br \/>\nDrvena ku\u0107ica za ptice nezamjenjiv je dodatak svakom vrtu, koji ne samo da osigurava sigurno gnije\u017e\u0111enje ptica pjevica, ve\u0107 i doprinosi prirodnoj ravnote\u017ei u va\u0161em okru\u017eenju. Sa svojim ru\u010dno izra\u0111enim i autenti\u010dnim izgledom starih majstora, ovaj je proizvod pravi dragulj za ljubitelje prirode i drva.<\/strong><\/span><\/h2>\n<p>&nbsp;<\/p>\n<div class=\"row\">\n<div class=\"col-sm-6 \" style=\"margin-top: 30px;\"><center><img decoding=\"async\" class=\"lazyload img-responsive\" style=\"margin: 0px auto; max-width: 100%;\" src=\"data:image\/svg+xml,%3Csvg%20xmlns%3D%27http%3A%2F%2Fwww.w3.org%2F2000%2Fsvg%27%20width%3D%272047%27%20height%3D%272046%27%20viewBox%3D%270%200%202047%202046%27%3E%3Crect%20width%3D%272047%27%20height%3D%272046%27%20fill-opacity%3D%220%22%2F%3E%3C%2Fsvg%3E\" data-orig-src=\"https:\/\/pavidecor.si\/wp-content\/uploads\/2021\/12\/IMG_7586-2.jpg\" \/><\/center><\/div>\n<div class=\"col-sm-6\" style=\"margin-top: 40px;\">\n<p>&nbsp;<\/p>\n<h3>Jedinstvena ru\u010dna izrada<\/h3>\n<p>Drvena ku\u0107ica za ptice je rezultat pa\u017eljive ru\u010dne izrade koju provodimo u na\u0161oj trgovini PAVI DECOR u Ljubljani. Na\u0161i proizvodi rezultat su vlastitog znanja i kreativnosti, \u0161to zna\u010di da svaki komad nosi svoju pri\u010du.<\/p>\n<p>&nbsp;<\/p>\n<p>Kori\u0161tenjem tradicionalnih tehnika spajanja drvenih dijelova koje su koristili stari majstori, osiguravamo da na\u0161i proizvodi budu ne samo estetski privla\u010dni, ve\u0107 i iznimno izdr\u017eljivi. Drvo koje koristimo pa\u017eljivo je odabrano i obra\u0111eno kako bi se odr\u017eala njegova <strong>prirodna ljepota i trajnost<\/strong>. Na\u0161a ljubav prema drvu i prirodi ogleda se u svakom detalju, omogu\u0107uju\u0107i na\u0161im kupcima da unesu djeli\u0107 prirode u svoje okru\u017eenje.<\/p>\n<p>&nbsp;<\/p>\n<\/div>\n<\/div>\n<div class=\"row\">\n<div class=\"col-sm-12\">\n<p>&nbsp;<\/p>\n<h3>Prednosti ku\u0107ice za ptice<\/h3>\n<p>Drvena ku\u0107ica za ptice nudi mnoge prednosti za va\u0161 vrt. Prvo, omogu\u0107uje sigurno gnije\u017e\u0111enje ptica pjevica, koje su poznate po svom pjevanju i doprinosu prirodnoj ravnote\u017ei. Osim toga, ptice poma\u017eu u suzbijanju \u0161teto\u010dina, \u0161to zna\u010di da mo\u017eete u\u017eivati u zdravom i uspje\u0161nom vrtu bez upotrebe kemikalija.<\/p>\n<p>&nbsp;<\/p>\n<p>Ku\u0107icu za ptice je najbolje objesiti na drvo ili ispod strehe, \u0161to je jednostavno, jer ve\u0107 ima vje\u0161alicu pri\u010dvr\u0161\u0107enu na vrh. To \u0107e pticama pru\u017eiti sigurno mjesto za gnije\u017e\u0111enje i istovremeno obogatiti va\u0161 vrt prirodnim melodijama. Zimi mo\u017eete staviti hranu za ptice u <a href=\"https:\/\/pavidecor.si\/hr\/proizvod\/hranilica-za-ptice\/\"><strong><span style=\"color: #3366ff;\">na\u0161u hranilicu<\/span><\/strong><\/a>,<\/p>\n<p>&nbsp;<\/p>\n<\/div>\n<\/div>\n<div class=\"row\">\n<div class=\"col-sm-12\">\n<p>&nbsp;<\/p>\n<h3>Za\u0161to odabrati PAVI DECOR?<\/h3>\n<p>Odabir PAVI DECOR-a zna\u010di odabir kvalitete i odr\u017eivosti. Na\u0161i proizvodi proizvedeni su u Sloveniji, \u0161to osigurava da podr\u017eavate lokalno gospodarstvo i obrtnike.<\/p>\n<p>&nbsp;<\/p>\n<p>S na\u0161om ku\u0107icom za ptice ne samo da \u0107ete <strong>obogatiti svoj vrt<\/strong>, ve\u0107 \u0107ete i doprinijeti o\u010duvanju prirode. Svaka ku\u0107ica je jedinstvena i sa sobom nosi djeli\u0107 na\u0161e strasti prema drvu i prirodi. Pridru\u017eite nam se i stvorite prostor u kojem se ptice mogu slobodno gnijezditi i u\u017eivati u va\u0161em vrtu.<\/p>\n<p>&nbsp;<\/p>\n<\/div>\n<\/div>\n<div class=\"row-flex\">\n<div class=\"col-sm-12 odmikitabelaprodukt\">\n<table class=\"table table-hover ck-table-resized\" style=\"width: 100%;\" border=\"0\">\n<tbody>\n<tr>\n<td>Ku\u0107ica za ptice &#8211; mrijestili\u0161te je obavezna oprema svakog vrta, jer omogu\u0107uje sigurno gnije\u017e\u0111enje ptica pjevica.<br \/>\nPtice pjevice vrlo su po\u017eeljni posjetitelji vrta, jer poma\u017eu u suzbijanju \u0161teto\u010dina u vrtu tijekom toplijeg dijela godine.<br \/>\nMrijestili\u0161te je najbolje objesiti na drvo ili ispod strehe, tako da mrijestili\u0161te ima vje\u0161alicu koja je ve\u0107 pri\u010dvr\u0161\u0107ena na vrh u tu svrhu.<\/td>\n<\/tr>\n<\/tbody>\n<\/table>\n<\/div>\n<\/div>\n<p>&nbsp;<\/p>\n","protected":false},"excerpt":{"rendered":"<p><strong><span style=\"color: #c4963c;\">\u2192 Ru\u010dno izra\u0111ena<\/span><\/strong><strong><span style=\"color: #c4963c;\"><br \/>\n<\/span><span style=\"color: #c4963c;\">\u2192 Jedinstvena<\/span><\/strong><\/p>\n","protected":false},"featured_media":14443,"comment_status":"open","ping_status":"closed","template":"","meta":[],"product_brand":[],"product_cat":[309],"product_tag":[253],"class_list":{"0":"post-14442","1":"product","2":"type-product","3":"status-publish","4":"has-post-thumbnail","6":"product_cat-kucice-za-ptice","7":"product_tag-akcija-hr","9":"first","10":"instock","11":"sale","12":"taxable","13":"shipping-taxable","14":"purchasable","15":"product-type-simple"},"yoast_head":"<!-- This site is optimized with the Yoast SEO plugin v27.2 - https:\/\/yoast.com\/product\/yoast-seo-wordpress\/ -->\n<title>Drvena ku\u0107ica za ptice - Stvorite raj za ptice u svom vrtu<\/title>\n<meta name=\"description\" content=\"Drvena ku\u0107ica za ptice je obavezna oprema svakog vrta, jer omogu\u0107uje sigurno gnije\u017e\u0111enje ptica pjevica. Ima i vje\u0161alicu koja je ve\u0107 pri\u010dvr\u0161\u0107ena na vrh.\" \/>\n<meta name=\"robots\" content=\"index, follow, max-snippet:-1, max-image-preview:large, max-video-preview:-1\" \/>\n<link rel=\"canonical\" href=\"https:\/\/pavidecor.si\/hr\/proizvod\/drvena-kucica-za-ptice\/\" \/>\n<meta property=\"og:locale\" content=\"hr_HR\" \/>\n<meta property=\"og:type\" content=\"article\" \/>\n<meta property=\"og:title\" content=\"Drvena ku\u0107ica za ptice - Stvorite raj za ptice u svom vrtu\" \/>\n<meta property=\"og:description\" content=\"Drvena ku\u0107ica za ptice je obavezna oprema svakog vrta, jer omogu\u0107uje sigurno gnije\u017e\u0111enje ptica pjevica. Ima i vje\u0161alicu koja je ve\u0107 pri\u010dvr\u0161\u0107ena na vrh.\" \/>\n<meta property=\"og:url\" content=\"https:\/\/pavidecor.si\/hr\/proizvod\/drvena-kucica-za-ptice\/\" \/>\n<meta property=\"og:site_name\" content=\"Pavi Decor\" \/>\n<meta property=\"article:modified_time\" content=\"2026-04-14T22:05:28+00:00\" \/>\n<meta property=\"og:image\" content=\"https:\/\/pavidecor.si\/wp-content\/uploads\/2021\/12\/IMG_7586-2.jpg\" \/>\n\t<meta property=\"og:image:width\" content=\"2047\" \/>\n\t<meta property=\"og:image:height\" content=\"2046\" \/>\n\t<meta property=\"og:image:type\" content=\"image\/jpeg\" \/>\n<meta name=\"twitter:card\" content=\"summary_large_image\" \/>\n<meta name=\"twitter:label1\" content=\"Procijenjeno vrijeme \u010ditanja\" \/>\n\t<meta name=\"twitter:data1\" content=\"3 minute\" \/>\n<script type=\"application\/ld+json\" class=\"yoast-schema-graph\">{\"@context\":\"https:\/\/schema.org\",\"@graph\":[{\"@type\":\"WebPage\",\"@id\":\"https:\/\/pavidecor.si\/hr\/proizvod\/drvena-kucica-za-ptice\/\",\"url\":\"https:\/\/pavidecor.si\/hr\/proizvod\/drvena-kucica-za-ptice\/\",\"name\":\"Drvena ku\u0107ica za ptice - Stvorite raj za ptice u svom vrtu\",\"isPartOf\":{\"@id\":\"https:\/\/pavidecor.si\/hr\/#website\"},\"primaryImageOfPage\":{\"@id\":\"https:\/\/pavidecor.si\/hr\/proizvod\/drvena-kucica-za-ptice\/#primaryimage\"},\"image\":{\"@id\":\"https:\/\/pavidecor.si\/hr\/proizvod\/drvena-kucica-za-ptice\/#primaryimage\"},\"thumbnailUrl\":\"https:\/\/pavidecor.si\/wp-content\/uploads\/2021\/12\/IMG_7586-2.jpg\",\"datePublished\":\"2021-12-25T06:52:10+00:00\",\"dateModified\":\"2026-04-14T22:05:28+00:00\",\"description\":\"Drvena ku\u0107ica za ptice je obavezna oprema svakog vrta, jer omogu\u0107uje sigurno gnije\u017e\u0111enje ptica pjevica. Ima i vje\u0161alicu koja je ve\u0107 pri\u010dvr\u0161\u0107ena na vrh.\",\"breadcrumb\":{\"@id\":\"https:\/\/pavidecor.si\/hr\/proizvod\/drvena-kucica-za-ptice\/#breadcrumb\"},\"inLanguage\":\"hr\",\"potentialAction\":[{\"@type\":\"ReadAction\",\"target\":[\"https:\/\/pavidecor.si\/hr\/proizvod\/drvena-kucica-za-ptice\/\"]}]},{\"@type\":\"ImageObject\",\"inLanguage\":\"hr\",\"@id\":\"https:\/\/pavidecor.si\/hr\/proizvod\/drvena-kucica-za-ptice\/#primaryimage\",\"url\":\"https:\/\/pavidecor.si\/wp-content\/uploads\/2021\/12\/IMG_7586-2.jpg\",\"contentUrl\":\"https:\/\/pavidecor.si\/wp-content\/uploads\/2021\/12\/IMG_7586-2.jpg\",\"width\":2047,\"height\":2046,\"caption\":\"PAVI DECOR\"},{\"@type\":\"BreadcrumbList\",\"@id\":\"https:\/\/pavidecor.si\/hr\/proizvod\/drvena-kucica-za-ptice\/#breadcrumb\",\"itemListElement\":[{\"@type\":\"ListItem\",\"position\":1,\"name\":\"Domov\",\"item\":\"https:\/\/pavidecor.si\/hr\/\"},{\"@type\":\"ListItem\",\"position\":2,\"name\":\"Internetska trgovina\",\"item\":\"https:\/\/pavidecor.si\/hr\/internetska-trgovina\/\"},{\"@type\":\"ListItem\",\"position\":3,\"name\":\"Drvena ku\u0107ica za ptice\"}]},{\"@type\":\"WebSite\",\"@id\":\"https:\/\/pavidecor.si\/hr\/#website\",\"url\":\"https:\/\/pavidecor.si\/hr\/\",\"name\":\"Pavi Decor\",\"description\":\"Leseni unikati ustvarjeni iz ljubezni do lesa in narave.\",\"potentialAction\":[{\"@type\":\"SearchAction\",\"target\":{\"@type\":\"EntryPoint\",\"urlTemplate\":\"https:\/\/pavidecor.si\/hr\/?s={search_term_string}\"},\"query-input\":{\"@type\":\"PropertyValueSpecification\",\"valueRequired\":true,\"valueName\":\"search_term_string\"}}],\"inLanguage\":\"hr\"}]}<\/script>\n<!-- \/ Yoast SEO plugin. -->","yoast_head_json":{"title":"Drvena ku\u0107ica za ptice - Stvorite raj za ptice u svom vrtu","description":"Drvena ku\u0107ica za ptice je obavezna oprema svakog vrta, jer omogu\u0107uje sigurno gnije\u017e\u0111enje ptica pjevica. Ima i vje\u0161alicu koja je ve\u0107 pri\u010dvr\u0161\u0107ena na vrh.","robots":{"index":"index","follow":"follow","max-snippet":"max-snippet:-1","max-image-preview":"max-image-preview:large","max-video-preview":"max-video-preview:-1"},"canonical":"https:\/\/pavidecor.si\/hr\/proizvod\/drvena-kucica-za-ptice\/","og_locale":"hr_HR","og_type":"article","og_title":"Drvena ku\u0107ica za ptice - Stvorite raj za ptice u svom vrtu","og_description":"Drvena ku\u0107ica za ptice je obavezna oprema svakog vrta, jer omogu\u0107uje sigurno gnije\u017e\u0111enje ptica pjevica. Ima i vje\u0161alicu koja je ve\u0107 pri\u010dvr\u0161\u0107ena na vrh.","og_url":"https:\/\/pavidecor.si\/hr\/proizvod\/drvena-kucica-za-ptice\/","og_site_name":"Pavi Decor","article_modified_time":"2026-04-14T22:05:28+00:00","og_image":[{"width":2047,"height":2046,"url":"https:\/\/pavidecor.si\/wp-content\/uploads\/2021\/12\/IMG_7586-2.jpg","type":"image\/jpeg"}],"twitter_card":"summary_large_image","twitter_misc":{"Procijenjeno vrijeme \u010ditanja":"3 minute"},"schema":{"@context":"https:\/\/schema.org","@graph":[{"@type":"WebPage","@id":"https:\/\/pavidecor.si\/hr\/proizvod\/drvena-kucica-za-ptice\/","url":"https:\/\/pavidecor.si\/hr\/proizvod\/drvena-kucica-za-ptice\/","name":"Drvena ku\u0107ica za ptice - Stvorite raj za ptice u svom vrtu","isPartOf":{"@id":"https:\/\/pavidecor.si\/hr\/#website"},"primaryImageOfPage":{"@id":"https:\/\/pavidecor.si\/hr\/proizvod\/drvena-kucica-za-ptice\/#primaryimage"},"image":{"@id":"https:\/\/pavidecor.si\/hr\/proizvod\/drvena-kucica-za-ptice\/#primaryimage"},"thumbnailUrl":"https:\/\/pavidecor.si\/wp-content\/uploads\/2021\/12\/IMG_7586-2.jpg","datePublished":"2021-12-25T06:52:10+00:00","dateModified":"2026-04-14T22:05:28+00:00","description":"Drvena ku\u0107ica za ptice je obavezna oprema svakog vrta, jer omogu\u0107uje sigurno gnije\u017e\u0111enje ptica pjevica. Ima i vje\u0161alicu koja je ve\u0107 pri\u010dvr\u0161\u0107ena na vrh.","breadcrumb":{"@id":"https:\/\/pavidecor.si\/hr\/proizvod\/drvena-kucica-za-ptice\/#breadcrumb"},"inLanguage":"hr","potentialAction":[{"@type":"ReadAction","target":["https:\/\/pavidecor.si\/hr\/proizvod\/drvena-kucica-za-ptice\/"]}]},{"@type":"ImageObject","inLanguage":"hr","@id":"https:\/\/pavidecor.si\/hr\/proizvod\/drvena-kucica-za-ptice\/#primaryimage","url":"https:\/\/pavidecor.si\/wp-content\/uploads\/2021\/12\/IMG_7586-2.jpg","contentUrl":"https:\/\/pavidecor.si\/wp-content\/uploads\/2021\/12\/IMG_7586-2.jpg","width":2047,"height":2046,"caption":"PAVI DECOR"},{"@type":"BreadcrumbList","@id":"https:\/\/pavidecor.si\/hr\/proizvod\/drvena-kucica-za-ptice\/#breadcrumb","itemListElement":[{"@type":"ListItem","position":1,"name":"Domov","item":"https:\/\/pavidecor.si\/hr\/"},{"@type":"ListItem","position":2,"name":"Internetska trgovina","item":"https:\/\/pavidecor.si\/hr\/internetska-trgovina\/"},{"@type":"ListItem","position":3,"name":"Drvena ku\u0107ica za ptice"}]},{"@type":"WebSite","@id":"https:\/\/pavidecor.si\/hr\/#website","url":"https:\/\/pavidecor.si\/hr\/","name":"Pavi Decor","description":"Leseni unikati ustvarjeni iz ljubezni do lesa in narave.","potentialAction":[{"@type":"SearchAction","target":{"@type":"EntryPoint","urlTemplate":"https:\/\/pavidecor.si\/hr\/?s={search_term_string}"},"query-input":{"@type":"PropertyValueSpecification","valueRequired":true,"valueName":"search_term_string"}}],"inLanguage":"hr"}]}},"_links":{"self":[{"href":"https:\/\/pavidecor.si\/hr\/wp-json\/wp\/v2\/product\/14442","targetHints":{"allow":["GET"]}}],"collection":[{"href":"https:\/\/pavidecor.si\/hr\/wp-json\/wp\/v2\/product"}],"about":[{"href":"https:\/\/pavidecor.si\/hr\/wp-json\/wp\/v2\/types\/product"}],"replies":[{"embeddable":true,"href":"https:\/\/pavidecor.si\/hr\/wp-json\/wp\/v2\/comments?post=14442"}],"wp:featuredmedia":[{"embeddable":true,"href":"https:\/\/pavidecor.si\/hr\/wp-json\/wp\/v2\/media\/14443"}],"wp:attachment":[{"href":"https:\/\/pavidecor.si\/hr\/wp-json\/wp\/v2\/media?parent=14442"}],"wp:term":[{"taxonomy":"product_brand","embeddable":true,"href":"https:\/\/pavidecor.si\/hr\/wp-json\/wp\/v2\/product_brand?post=14442"},{"taxonomy":"product_cat","embeddable":true,"href":"https:\/\/pavidecor.si\/hr\/wp-json\/wp\/v2\/product_cat?post=14442"},{"taxonomy":"product_tag","embeddable":true,"href":"https:\/\/pavidecor.si\/hr\/wp-json\/wp\/v2\/product_tag?post=14442"}],"curies":[{"name":"wp","href":"https:\/\/api.w.org\/{rel}","templated":true}]}}