	{"id":14432,"date":"2021-12-25T06:52:36","date_gmt":"2021-12-25T06:52:36","guid":{"rendered":"https:\/\/pavidecor.si\/product\/pd-biljeznica-s-olovkom\/"},"modified":"2026-04-22T08:02:26","modified_gmt":"2026-04-22T08:02:26","slug":"biljeznica-s-olovkom-pd","status":"publish","type":"product","link":"https:\/\/pavidecor.si\/hr\/proizvod\/biljeznica-s-olovkom-pd\/","title":{"rendered":"Bilje\u017enica s olovkom PD"},"content":{"rendered":"<p><span class=\"prvimanjsinaslovopis\">Bilje\u017enica s olovkom PD &#8211; Prakti\u010dna bilje\u017enica za svaki trenutak<\/span><\/p>\n<p>&nbsp;<\/p>\n<h2><span class=\"odebeljenopis\"><strong> Bilje\u017enica s olovkom iz PAVI DECOR-a savr\u0161en je suputnik za sve one koji \u017eele zabilje\u017eiti svoje misli, ideje ili skice u pokretu. Ovaj unikatni proizvod, izra\u0111en s ljubavlju prema prirodi, nudi funkcionalnost i estetski dojam, a istovremeno predstavlja i prekrasan poklon.<\/strong><\/span><\/h2>\n<p>&nbsp;<\/p>\n<div class=\"row\">\n<div class=\"col-sm-6 \" style=\"margin-top: 30px;\"><center><img decoding=\"async\" class=\"lazyload img-responsive\" style=\"margin: 0px auto; max-width: 100%;\" src=\"data:image\/svg+xml,%3Csvg%20xmlns%3D%27http%3A%2F%2Fwww.w3.org%2F2000%2Fsvg%27%20width%3D%271000%27%20height%3D%271000%27%20viewBox%3D%270%200%201000%201000%27%3E%3Crect%20width%3D%271000%27%20height%3D%271000%27%20fill-opacity%3D%220%22%2F%3E%3C%2Fsvg%3E\" data-orig-src=\"https:\/\/pavidecor.si\/wp-content\/uploads\/2021\/12\/9.jpg\" \/><\/center><\/div>\n<div class=\"col-sm-6\" style=\"margin-top: 40px;\">\n<p>&nbsp;<\/p>\n<h3>Jedinstveni dizajn i funkcionalnost<\/h3>\n<p>Bilje\u017enica s olovkom dolazi s <b>pri\u010dvr\u010denom kemijskom olovkom<\/b> u istoj boji, \u0161to ju \u010dini prakti\u010dnim rje\u0161enjem za brze zabilje\u0161ke. Osim toga, bilje\u017enica je opremljena <b>elastikom<\/b> koja sprje\u010dava nepredvi\u0111eno otvaranje, \u010dime se osigurava sigurnost va\u0161ih zapisa. Ovaj proizvod je savr\u0161en za sve koji \u010desto putuju ili rade u dinami\u010dnom okru\u017eenju. Njegova prakti\u010dnost ne dolazi na ra\u010dun stila, jer notes dolazi s <b>natisnutim logotipom ljubljanskog zmaja<\/b>, \u0161to ga \u010dini jedinstvenim i prepoznatljivim.<\/p>\n<p>&nbsp;<\/p>\n<p>&nbsp;<\/p>\n<\/div>\n<\/div>\n<div class=\"row\">\n<div class=\"col-sm-12\">\n<p>&nbsp;<\/p>\n<h3>Proizvodi izra\u0111eni s ljubavlju<\/h3>\n<p>U PAVI DECOR-u iz Ljubljane, svaki proizvod je rezultat <b>ru\u010dne izrade<\/b> i pa\u017enje prema detaljima. Na\u0161i proizvodi su plod vlastitog znanja i kreativnosti, a posebnost na\u0161ih drvenih artikala le\u017ei u na\u010dinu spajanja drvenih dijelova, koji podsje\u0107a na tehnike starih majstora. Ova autenti\u010dnost \u010dini svaki proizvod jedinstvenim komadom koji nosi pri\u010du. Na\u0161a strast prema drvetu i prirodi o\u010dituje se u svakom aspektu dizajna, \u010dime osiguravamo da na\u0161i kupci dobiju proizvod koji nije samo funkcionalan, ve\u0107 i estetski privla\u010dan.<\/p>\n<p>&nbsp;<\/p>\n<p>&nbsp;<\/p>\n<\/div>\n<\/div>\n<div class=\"row\">\n<div class=\"col-sm-12\">\n<p>&nbsp;<\/p>\n<h3>Specifikacije i dostupne boje<\/h3>\n<p>Bilje\u017enica s olovkom dostupna je u tri atraktivne boje: <b>crvenoj, zelenoj i plavoj<\/b>. Ove boje ne samo da dodaju vizualnu privla\u010dnost, ve\u0107 i omogu\u0107uju korisnicima da odaberu onu koja najbolje odgovara njihovom stilu. Ovaj proizvod je idealan za osobnu upotrebu, ali i kao <b>poklon<\/b> za prijatelje, obitelj ili poslovne partnere. Njegova svestranost i kvaliteta \u010dine ga savr\u0161enim izborom za sve prigode.<\/p>\n<\/div>\n<\/div>\n<p>&nbsp;<\/p>\n","protected":false},"excerpt":{"rendered":"<p><strong><span style=\"color: #c4963c;\">\u2192 Lagan i prakti\u010dan<\/span><\/strong><br \/>\n<strong><span style=\"color: #c4963c;\">\u2192 Logotip Ljubljanskog zmaja<\/span><\/strong><\/p>\n","protected":false},"featured_media":14587,"comment_status":"open","ping_status":"closed","template":"","meta":[],"product_brand":[],"product_cat":[305,277],"product_tag":[],"class_list":{"0":"post-14432","1":"product","2":"type-product","3":"status-publish","4":"has-post-thumbnail","6":"product_cat-kreativni-pribor","7":"product_cat-suveniri-grada-ljubljane","9":"first","10":"outofstock","11":"taxable","12":"shipping-taxable","13":"purchasable","14":"product-type-simple"},"yoast_head":"<!-- This site is optimized with the Yoast SEO plugin v27.2 - https:\/\/yoast.com\/product\/yoast-seo-wordpress\/ -->\n<title>Bilje\u017enica s olovkom PAVI DECOR s logotipom Ljubljanskog zmaja<\/title>\n<meta name=\"description\" content=\"Bilje\u017enica s olovkom mo\u017ee poslu\u017eiti kao prakti\u010dna bilje\u017enica za brze bilje\u0161ke ili skice. Na njega je pri\u010dvr\u0161\u0107ena i elasti\u010dna traka za zatvaranje.\" \/>\n<meta name=\"robots\" content=\"index, follow, max-snippet:-1, max-image-preview:large, max-video-preview:-1\" \/>\n<link rel=\"canonical\" href=\"https:\/\/pavidecor.si\/hr\/proizvod\/biljeznica-s-olovkom-pd\/\" \/>\n<meta property=\"og:locale\" content=\"hr_HR\" \/>\n<meta property=\"og:type\" content=\"article\" \/>\n<meta property=\"og:title\" content=\"Bilje\u017enica s olovkom PAVI DECOR s logotipom Ljubljanskog zmaja\" \/>\n<meta property=\"og:description\" content=\"Bilje\u017enica s olovkom mo\u017ee poslu\u017eiti kao prakti\u010dna bilje\u017enica za brze bilje\u0161ke ili skice. Na njega je pri\u010dvr\u0161\u0107ena i elasti\u010dna traka za zatvaranje.\" \/>\n<meta property=\"og:url\" content=\"https:\/\/pavidecor.si\/hr\/proizvod\/biljeznica-s-olovkom-pd\/\" \/>\n<meta property=\"og:site_name\" content=\"Pavi Decor\" \/>\n<meta property=\"article:modified_time\" content=\"2026-04-22T08:02:26+00:00\" \/>\n<meta property=\"og:image\" content=\"https:\/\/pavidecor.si\/wp-content\/uploads\/2021\/12\/9.jpg\" \/>\n\t<meta property=\"og:image:width\" content=\"1000\" \/>\n\t<meta property=\"og:image:height\" content=\"1000\" \/>\n\t<meta property=\"og:image:type\" content=\"image\/jpeg\" \/>\n<meta name=\"twitter:card\" content=\"summary_large_image\" \/>\n<meta name=\"twitter:label1\" content=\"Procijenjeno vrijeme \u010ditanja\" \/>\n\t<meta name=\"twitter:data1\" content=\"2 minute\" \/>\n<script type=\"application\/ld+json\" class=\"yoast-schema-graph\">{\"@context\":\"https:\/\/schema.org\",\"@graph\":[{\"@type\":\"WebPage\",\"@id\":\"https:\/\/pavidecor.si\/hr\/proizvod\/biljeznica-s-olovkom-pd\/\",\"url\":\"https:\/\/pavidecor.si\/hr\/proizvod\/biljeznica-s-olovkom-pd\/\",\"name\":\"Bilje\u017enica s olovkom PAVI DECOR s logotipom Ljubljanskog zmaja\",\"isPartOf\":{\"@id\":\"https:\/\/pavidecor.si\/hr\/#website\"},\"primaryImageOfPage\":{\"@id\":\"https:\/\/pavidecor.si\/hr\/proizvod\/biljeznica-s-olovkom-pd\/#primaryimage\"},\"image\":{\"@id\":\"https:\/\/pavidecor.si\/hr\/proizvod\/biljeznica-s-olovkom-pd\/#primaryimage\"},\"thumbnailUrl\":\"https:\/\/pavidecor.si\/wp-content\/uploads\/2021\/12\/9.jpg\",\"datePublished\":\"2021-12-25T06:52:36+00:00\",\"dateModified\":\"2026-04-22T08:02:26+00:00\",\"description\":\"Bilje\u017enica s olovkom mo\u017ee poslu\u017eiti kao prakti\u010dna bilje\u017enica za brze bilje\u0161ke ili skice. Na njega je pri\u010dvr\u0161\u0107ena i elasti\u010dna traka za zatvaranje.\",\"breadcrumb\":{\"@id\":\"https:\/\/pavidecor.si\/hr\/proizvod\/biljeznica-s-olovkom-pd\/#breadcrumb\"},\"inLanguage\":\"hr\",\"potentialAction\":[{\"@type\":\"ReadAction\",\"target\":[\"https:\/\/pavidecor.si\/hr\/proizvod\/biljeznica-s-olovkom-pd\/\"]}]},{\"@type\":\"ImageObject\",\"inLanguage\":\"hr\",\"@id\":\"https:\/\/pavidecor.si\/hr\/proizvod\/biljeznica-s-olovkom-pd\/#primaryimage\",\"url\":\"https:\/\/pavidecor.si\/wp-content\/uploads\/2021\/12\/9.jpg\",\"contentUrl\":\"https:\/\/pavidecor.si\/wp-content\/uploads\/2021\/12\/9.jpg\",\"width\":1000,\"height\":1000,\"caption\":\"PAVI DECOR\"},{\"@type\":\"BreadcrumbList\",\"@id\":\"https:\/\/pavidecor.si\/hr\/proizvod\/biljeznica-s-olovkom-pd\/#breadcrumb\",\"itemListElement\":[{\"@type\":\"ListItem\",\"position\":1,\"name\":\"Domov\",\"item\":\"https:\/\/pavidecor.si\/hr\/\"},{\"@type\":\"ListItem\",\"position\":2,\"name\":\"Internetska trgovina\",\"item\":\"https:\/\/pavidecor.si\/hr\/internetska-trgovina\/\"},{\"@type\":\"ListItem\",\"position\":3,\"name\":\"Bilje\u017enica s olovkom PD\"}]},{\"@type\":\"WebSite\",\"@id\":\"https:\/\/pavidecor.si\/hr\/#website\",\"url\":\"https:\/\/pavidecor.si\/hr\/\",\"name\":\"Pavi Decor\",\"description\":\"Leseni unikati ustvarjeni iz ljubezni do lesa in narave.\",\"potentialAction\":[{\"@type\":\"SearchAction\",\"target\":{\"@type\":\"EntryPoint\",\"urlTemplate\":\"https:\/\/pavidecor.si\/hr\/?s={search_term_string}\"},\"query-input\":{\"@type\":\"PropertyValueSpecification\",\"valueRequired\":true,\"valueName\":\"search_term_string\"}}],\"inLanguage\":\"hr\"}]}<\/script>\n<!-- \/ Yoast SEO plugin. -->","yoast_head_json":{"title":"Bilje\u017enica s olovkom PAVI DECOR s logotipom Ljubljanskog zmaja","description":"Bilje\u017enica s olovkom mo\u017ee poslu\u017eiti kao prakti\u010dna bilje\u017enica za brze bilje\u0161ke ili skice. Na njega je pri\u010dvr\u0161\u0107ena i elasti\u010dna traka za zatvaranje.","robots":{"index":"index","follow":"follow","max-snippet":"max-snippet:-1","max-image-preview":"max-image-preview:large","max-video-preview":"max-video-preview:-1"},"canonical":"https:\/\/pavidecor.si\/hr\/proizvod\/biljeznica-s-olovkom-pd\/","og_locale":"hr_HR","og_type":"article","og_title":"Bilje\u017enica s olovkom PAVI DECOR s logotipom Ljubljanskog zmaja","og_description":"Bilje\u017enica s olovkom mo\u017ee poslu\u017eiti kao prakti\u010dna bilje\u017enica za brze bilje\u0161ke ili skice. Na njega je pri\u010dvr\u0161\u0107ena i elasti\u010dna traka za zatvaranje.","og_url":"https:\/\/pavidecor.si\/hr\/proizvod\/biljeznica-s-olovkom-pd\/","og_site_name":"Pavi Decor","article_modified_time":"2026-04-22T08:02:26+00:00","og_image":[{"width":1000,"height":1000,"url":"https:\/\/pavidecor.si\/wp-content\/uploads\/2021\/12\/9.jpg","type":"image\/jpeg"}],"twitter_card":"summary_large_image","twitter_misc":{"Procijenjeno vrijeme \u010ditanja":"2 minute"},"schema":{"@context":"https:\/\/schema.org","@graph":[{"@type":"WebPage","@id":"https:\/\/pavidecor.si\/hr\/proizvod\/biljeznica-s-olovkom-pd\/","url":"https:\/\/pavidecor.si\/hr\/proizvod\/biljeznica-s-olovkom-pd\/","name":"Bilje\u017enica s olovkom PAVI DECOR s logotipom Ljubljanskog zmaja","isPartOf":{"@id":"https:\/\/pavidecor.si\/hr\/#website"},"primaryImageOfPage":{"@id":"https:\/\/pavidecor.si\/hr\/proizvod\/biljeznica-s-olovkom-pd\/#primaryimage"},"image":{"@id":"https:\/\/pavidecor.si\/hr\/proizvod\/biljeznica-s-olovkom-pd\/#primaryimage"},"thumbnailUrl":"https:\/\/pavidecor.si\/wp-content\/uploads\/2021\/12\/9.jpg","datePublished":"2021-12-25T06:52:36+00:00","dateModified":"2026-04-22T08:02:26+00:00","description":"Bilje\u017enica s olovkom mo\u017ee poslu\u017eiti kao prakti\u010dna bilje\u017enica za brze bilje\u0161ke ili skice. Na njega je pri\u010dvr\u0161\u0107ena i elasti\u010dna traka za zatvaranje.","breadcrumb":{"@id":"https:\/\/pavidecor.si\/hr\/proizvod\/biljeznica-s-olovkom-pd\/#breadcrumb"},"inLanguage":"hr","potentialAction":[{"@type":"ReadAction","target":["https:\/\/pavidecor.si\/hr\/proizvod\/biljeznica-s-olovkom-pd\/"]}]},{"@type":"ImageObject","inLanguage":"hr","@id":"https:\/\/pavidecor.si\/hr\/proizvod\/biljeznica-s-olovkom-pd\/#primaryimage","url":"https:\/\/pavidecor.si\/wp-content\/uploads\/2021\/12\/9.jpg","contentUrl":"https:\/\/pavidecor.si\/wp-content\/uploads\/2021\/12\/9.jpg","width":1000,"height":1000,"caption":"PAVI DECOR"},{"@type":"BreadcrumbList","@id":"https:\/\/pavidecor.si\/hr\/proizvod\/biljeznica-s-olovkom-pd\/#breadcrumb","itemListElement":[{"@type":"ListItem","position":1,"name":"Domov","item":"https:\/\/pavidecor.si\/hr\/"},{"@type":"ListItem","position":2,"name":"Internetska trgovina","item":"https:\/\/pavidecor.si\/hr\/internetska-trgovina\/"},{"@type":"ListItem","position":3,"name":"Bilje\u017enica s olovkom PD"}]},{"@type":"WebSite","@id":"https:\/\/pavidecor.si\/hr\/#website","url":"https:\/\/pavidecor.si\/hr\/","name":"Pavi Decor","description":"Leseni unikati ustvarjeni iz ljubezni do lesa in narave.","potentialAction":[{"@type":"SearchAction","target":{"@type":"EntryPoint","urlTemplate":"https:\/\/pavidecor.si\/hr\/?s={search_term_string}"},"query-input":{"@type":"PropertyValueSpecification","valueRequired":true,"valueName":"search_term_string"}}],"inLanguage":"hr"}]}},"_links":{"self":[{"href":"https:\/\/pavidecor.si\/hr\/wp-json\/wp\/v2\/product\/14432","targetHints":{"allow":["GET"]}}],"collection":[{"href":"https:\/\/pavidecor.si\/hr\/wp-json\/wp\/v2\/product"}],"about":[{"href":"https:\/\/pavidecor.si\/hr\/wp-json\/wp\/v2\/types\/product"}],"replies":[{"embeddable":true,"href":"https:\/\/pavidecor.si\/hr\/wp-json\/wp\/v2\/comments?post=14432"}],"wp:featuredmedia":[{"embeddable":true,"href":"https:\/\/pavidecor.si\/hr\/wp-json\/wp\/v2\/media\/14587"}],"wp:attachment":[{"href":"https:\/\/pavidecor.si\/hr\/wp-json\/wp\/v2\/media?parent=14432"}],"wp:term":[{"taxonomy":"product_brand","embeddable":true,"href":"https:\/\/pavidecor.si\/hr\/wp-json\/wp\/v2\/product_brand?post=14432"},{"taxonomy":"product_cat","embeddable":true,"href":"https:\/\/pavidecor.si\/hr\/wp-json\/wp\/v2\/product_cat?post=14432"},{"taxonomy":"product_tag","embeddable":true,"href":"https:\/\/pavidecor.si\/hr\/wp-json\/wp\/v2\/product_tag?post=14432"}],"curies":[{"name":"wp","href":"https:\/\/api.w.org\/{rel}","templated":true}]}}