	{"id":14429,"date":"2021-12-25T06:53:34","date_gmt":"2021-12-25T06:53:34","guid":{"rendered":"https:\/\/pavidecor.si\/product\/daska-za-rezanje-mala-34x18x2cm\/"},"modified":"2026-04-23T13:25:38","modified_gmt":"2026-04-23T13:25:38","slug":"daska-za-rezanje-mala-34x18x2cm","status":"publish","type":"product","link":"https:\/\/pavidecor.si\/hr\/proizvod\/daska-za-rezanje-mala-34x18x2cm\/","title":{"rendered":"Daska za rezanje mala 34x18x2cm"},"content":{"rendered":"<p><span class=\"prvimanjsinaslovopis\"> Deska za rezanje &#8211; Elegancija i funkcionalnost u va\u0161oj kuhinji<\/p>\n<p><\/span><\/p>\n<h2><span class=\"odebeljenopis\"><strong> U\u017eivajte u svakodnevnom kuhanju s na\u0161om predivnom deskom za rezanje, koja je savr\u0161ena za rezanje, serviranje i aran\u017eiranje va\u0161ih omiljenih delicija. Ova deska, izra\u0111ena od masivnog jelovog drva, ne samo da je funkcionalna, ve\u0107 i estetski privla\u010dna, donose\u0107i da\u0161ak prirode u va\u0161u kuhinju.<\/p>\n<p><\/strong><\/span><\/h2>\n<\/p>\n<div class=\"row\">\n<div class=\"col-sm-6 \" style=\"margin-top: 30px;\"><center><img decoding=\"async\" src=\"data:image\/svg+xml,%3Csvg%20xmlns%3D%27http%3A%2F%2Fwww.w3.org%2F2000%2Fsvg%27%20width%3D%272377%27%20height%3D%272377%27%20viewBox%3D%270%200%202377%202377%27%3E%3Crect%20width%3D%272377%27%20height%3D%272377%27%20fill-opacity%3D%220%22%2F%3E%3C%2Fsvg%3E\" data-orig-src=\"https:\/\/pavidecor.si\/wp-content\/uploads\/2021\/12\/1IMG_8263ab.jpg\" class=\"lazyload img-responsive\" style=\"margin: 0px auto;max-width:100%;\"  \/><\/center><\/div>\n<div class=\"col-sm-6\" style=\"margin-top:40px;\">\n<p><span style=\"color: #000000;\"> <\/p>\n<h3>Unikatna izrada i kvaliteta<\/h3>\n<p>Na\u0161a deska za rezanje je rezultat strasti i ljubavi prema drvetu i prirodi, koju njegujemo u PAVIDECOR-u iz Ljubljane. Svaki komad je ru\u010dno izra\u0111en, koriste\u0107i tradicionalne tehnike spajanja drvenih dijelova, \u0161to na\u0161im proizvodima daje <b>autenti\u010dan izgled<\/b> i osje\u0107aj. Ova deska nije samo kuhinjski alat, ve\u0107 i pravi umjetni\u010dki komad koji \u0107e obogatiti svaki prostor. Njena prirodna struktura i boje \u010dine je savr\u0161enim dodatkom za svaku kuhinju, a istovremeno je i izuzetno izdr\u017eljiva i dugotrajna.<\/p>\n<p>Osim \u0161to je estetski privla\u010dna, deska za rezanje je i vrlo prakti\u010dna. Na kraju ru\u010dke nalazi se <b>rupa za vje\u0161anje<\/b>, \u0161to olak\u0161ava pohranu i dodaje dodatnu funkcionalnost. Bez obzira na to koristite li je za rezanje mesnih proizvoda, svje\u017ee povr\u0107e ili hrskavi kruh, ova deska \u0107e zadovoljiti sve va\u0161e potrebe. Tako\u0111er, mo\u017ee poslu\u017eiti kao elegantan pladanj za poslu\u017eivanje sireva i vo\u0107a, \u010dine\u0107i svaki obrok posebnim.<\/p>\n<p><\/span><\/p>\n<\/div>\n<\/div>\n<div class=\"row\">\n<div class=\"col-sm-6 col-sm-push-6\" style=\"margin-top: 30px;\"><center><img decoding=\"async\" src=\"data:image\/svg+xml,%3Csvg%20xmlns%3D%27http%3A%2F%2Fwww.w3.org%2F2000%2Fsvg%27%20width%3D%271428%27%20height%3D%271428%27%20viewBox%3D%270%200%201428%201428%27%3E%3Crect%20width%3D%271428%27%20height%3D%271428%27%20fill-opacity%3D%220%22%2F%3E%3C%2Fsvg%3E\" data-orig-src=\" https:\/\/pavidecor.si\/wp-content\/uploads\/2021\/12\/IMG_8256a.jpg\" class=\"lazyload img-responsive\" style=\"margin: 0px auto;max-width:100%;\"  \/><\/center><\/div>\n<div class=\"col-sm-6 col-sm-pull-6\" style=\"margin-top:40px;\">\n<p><span style=\"color: #000000;\"> <\/p>\n<h3>Ekolo\u0161ki prihvatljiv izbor<\/h3>\n<p>U dana\u0161nje vrijeme, kada je o\u010duvanje prirode od iznimne va\u017enosti, na\u0161a deska za rezanje predstavlja <b>ekolo\u0161ki prihvatljiv izbor<\/b>. Izra\u0111ena od masivnog jelovog drva, ovaj proizvod ne samo da je estetski privla\u010dan, ve\u0107 i doprinosi odr\u017eivom razvoju. Drvo je obnovljiv resurs, a na\u0161a proizvodnja se temelji na principima odr\u017eivosti, \u010dime osiguravamo da svaki komad drva koji koristimo dolazi iz odgovorno upravljanih \u0161uma.<\/p>\n<p>Kori\u0161tenjem na\u0161e deske, ne samo da ula\u017eete u kvalitetan proizvod, ve\u0107 i podr\u017eavate lokalnu ekonomiju i zanatstvo. Svi na\u0161i proizvodi su rezultat vlastitog znanja i kreativnosti, a svaki komad nosi sa sobom pri\u010du o ljubavi prema drvetu i prirodi. U PAVIDECOR-u vjerujemo da je svaki proizvod jedinstven, ba\u0161 kao i na\u0161i kupci.<\/p>\n<p><\/span><\/p>\n<\/div>\n<\/div>\n<div class=\"row\">\n<div class=\"col-sm-12\">\n<p><span style=\"color: #000000;\"> <\/p>\n<h3>Specifikacije proizvoda<\/h3>\n<p>Deska za rezanje je savr\u0161ena za rezanje ili serviranje i aran\u017eiranje malih delicija. Izra\u0111ena je od masivnog jelovog drva s predivnom prirodnom strukturom. Na kraju ru\u010dke nalazi se rupa za vje\u0161anje, \u0161to omogu\u0107ava jednostavno pohranjivanje. Na desku mo\u017eete rezati mesne proizvode, svje\u017ee povr\u0107e, hrskavi kruh i druge delicije, ili je koristiti kao elegantan pladanj za poslu\u017eivanje sireva i vo\u0107a. Obavezan i koristan pribor za svako ku\u0107anstvo. Na ru\u010dki je tako\u0111er ugraviran logotip ljubljanskog zmaja.<\/p>\n<p>U PAVIDECOR-u ponosni smo na na\u0161u ru\u010dnu izradu i pa\u017enju prema detaljima. Svaki proizvod je rezultat strasti prema drvetu i prirodi, a na\u0161a deska za rezanje nije iznimka. Ulo\u017eite u kvalitetu i jedinstvenost, i u\u017eivajte u svakom trenutku provedenom u kuhinji.<\/p>\n<p>Meta Title: Deska za rezanje &#8211; Elegancija i funkcionalnost u va\u0161oj kuhinji<br \/>\n<\/span><\/p>\n<\/div>\n<\/div>\n<p><\/p>\n","protected":false},"excerpt":{"rendered":"<p><strong><span style=\"color: #c4963c;\">\u2192 Masivno drvo<\/span><\/strong><br \/>\n<strong><span style=\"color: #c4963c;\">\u2192 Logotip Ljubljanskog zmaja<\/span><\/strong><\/p>\n","protected":false},"featured_media":14431,"comment_status":"open","ping_status":"closed","template":"","meta":[],"product_brand":[],"product_cat":[269,304,277],"product_tag":[],"class_list":{"0":"post-14429","1":"product","2":"type-product","3":"status-publish","4":"has-post-thumbnail","6":"product_cat-oprema-za-trgovine-i-konobe","7":"product_cat-posude","8":"product_cat-suveniri-grada-ljubljane","10":"first","11":"instock","12":"taxable","13":"shipping-taxable","14":"purchasable","15":"product-type-simple"},"yoast_head":"<!-- This site is optimized with the Yoast SEO plugin v27.2 - https:\/\/yoast.com\/product\/yoast-seo-wordpress\/ -->\n<title>Deska za rezanje - Elegancija i funkcionalnost u va\u0161oj kuhinji Meta Keywords: deska za rezanje, masivno drvo, ru\u010dna izrada, ekolo\u0161ki prihvatljivo, PAVIDECOR, Ljubljana, kuhinjski pribor, serviranje, jelovo drvo, autenti\u010dni proizvodi.<\/title>\n<meta name=\"description\" content=\"Daska za rezanje savr\u0161ena je za rezanje ili poslu\u017eivanje i slaganje malih poslastica. Izra\u0111en je od masivnog drveta johe lijepe strukture.\" \/>\n<meta name=\"robots\" content=\"index, follow, max-snippet:-1, max-image-preview:large, max-video-preview:-1\" \/>\n<link rel=\"canonical\" href=\"https:\/\/pavidecor.si\/hr\/proizvod\/daska-za-rezanje-mala-34x18x2cm\/\" \/>\n<meta property=\"og:locale\" content=\"hr_HR\" \/>\n<meta property=\"og:type\" content=\"article\" \/>\n<meta property=\"og:title\" content=\"Deska za rezanje - Elegancija i funkcionalnost u va\u0161oj kuhinji Meta Keywords: deska za rezanje, masivno drvo, ru\u010dna izrada, ekolo\u0161ki prihvatljivo, PAVIDECOR, Ljubljana, kuhinjski pribor, serviranje, jelovo drvo, autenti\u010dni proizvodi.\" \/>\n<meta property=\"og:description\" content=\"Daska za rezanje savr\u0161ena je za rezanje ili poslu\u017eivanje i slaganje malih poslastica. Izra\u0111en je od masivnog drveta johe lijepe strukture.\" \/>\n<meta property=\"og:url\" content=\"https:\/\/pavidecor.si\/hr\/proizvod\/daska-za-rezanje-mala-34x18x2cm\/\" \/>\n<meta property=\"og:site_name\" content=\"Pavi Decor\" \/>\n<meta property=\"article:modified_time\" content=\"2026-04-23T13:25:38+00:00\" \/>\n<meta property=\"og:image\" content=\"https:\/\/pavidecor.si\/wp-content\/uploads\/2021\/12\/1IMG_8263ab.jpg\" \/>\n\t<meta property=\"og:image:width\" content=\"2377\" \/>\n\t<meta property=\"og:image:height\" content=\"2377\" \/>\n\t<meta property=\"og:image:type\" content=\"image\/jpeg\" \/>\n<meta name=\"twitter:card\" content=\"summary_large_image\" \/>\n<meta name=\"twitter:label1\" content=\"Procijenjeno vrijeme \u010ditanja\" \/>\n\t<meta name=\"twitter:data1\" content=\"3 minute\" \/>\n<script type=\"application\/ld+json\" class=\"yoast-schema-graph\">{\"@context\":\"https:\/\/schema.org\",\"@graph\":[{\"@type\":\"WebPage\",\"@id\":\"https:\/\/pavidecor.si\/hr\/proizvod\/daska-za-rezanje-mala-34x18x2cm\/\",\"url\":\"https:\/\/pavidecor.si\/hr\/proizvod\/daska-za-rezanje-mala-34x18x2cm\/\",\"name\":\"Deska za rezanje - Elegancija i funkcionalnost u va\u0161oj kuhinji Meta Keywords: deska za rezanje, masivno drvo, ru\u010dna izrada, ekolo\u0161ki prihvatljivo, PAVIDECOR, Ljubljana, kuhinjski pribor, serviranje, jelovo drvo, autenti\u010dni proizvodi.\",\"isPartOf\":{\"@id\":\"https:\/\/pavidecor.si\/hr\/#website\"},\"primaryImageOfPage\":{\"@id\":\"https:\/\/pavidecor.si\/hr\/proizvod\/daska-za-rezanje-mala-34x18x2cm\/#primaryimage\"},\"image\":{\"@id\":\"https:\/\/pavidecor.si\/hr\/proizvod\/daska-za-rezanje-mala-34x18x2cm\/#primaryimage\"},\"thumbnailUrl\":\"https:\/\/pavidecor.si\/wp-content\/uploads\/2021\/12\/1IMG_8263ab.jpg\",\"datePublished\":\"2021-12-25T06:53:34+00:00\",\"dateModified\":\"2026-04-23T13:25:38+00:00\",\"description\":\"Daska za rezanje savr\u0161ena je za rezanje ili poslu\u017eivanje i slaganje malih poslastica. Izra\u0111en je od masivnog drveta johe lijepe strukture.\",\"breadcrumb\":{\"@id\":\"https:\/\/pavidecor.si\/hr\/proizvod\/daska-za-rezanje-mala-34x18x2cm\/#breadcrumb\"},\"inLanguage\":\"hr\",\"potentialAction\":[{\"@type\":\"ReadAction\",\"target\":[\"https:\/\/pavidecor.si\/hr\/proizvod\/daska-za-rezanje-mala-34x18x2cm\/\"]}]},{\"@type\":\"ImageObject\",\"inLanguage\":\"hr\",\"@id\":\"https:\/\/pavidecor.si\/hr\/proizvod\/daska-za-rezanje-mala-34x18x2cm\/#primaryimage\",\"url\":\"https:\/\/pavidecor.si\/wp-content\/uploads\/2021\/12\/1IMG_8263ab.jpg\",\"contentUrl\":\"https:\/\/pavidecor.si\/wp-content\/uploads\/2021\/12\/1IMG_8263ab.jpg\",\"width\":2377,\"height\":2377,\"caption\":\"PAVI DECOR\"},{\"@type\":\"BreadcrumbList\",\"@id\":\"https:\/\/pavidecor.si\/hr\/proizvod\/daska-za-rezanje-mala-34x18x2cm\/#breadcrumb\",\"itemListElement\":[{\"@type\":\"ListItem\",\"position\":1,\"name\":\"Domov\",\"item\":\"https:\/\/pavidecor.si\/hr\/\"},{\"@type\":\"ListItem\",\"position\":2,\"name\":\"Internetska trgovina\",\"item\":\"https:\/\/pavidecor.si\/hr\/internetska-trgovina\/\"},{\"@type\":\"ListItem\",\"position\":3,\"name\":\"Daska za rezanje mala 34x18x2cm\"}]},{\"@type\":\"WebSite\",\"@id\":\"https:\/\/pavidecor.si\/hr\/#website\",\"url\":\"https:\/\/pavidecor.si\/hr\/\",\"name\":\"Pavi Decor\",\"description\":\"Leseni unikati ustvarjeni iz ljubezni do lesa in narave.\",\"potentialAction\":[{\"@type\":\"SearchAction\",\"target\":{\"@type\":\"EntryPoint\",\"urlTemplate\":\"https:\/\/pavidecor.si\/hr\/?s={search_term_string}\"},\"query-input\":{\"@type\":\"PropertyValueSpecification\",\"valueRequired\":true,\"valueName\":\"search_term_string\"}}],\"inLanguage\":\"hr\"}]}<\/script>\n<!-- \/ Yoast SEO plugin. -->","yoast_head_json":{"title":"Deska za rezanje - Elegancija i funkcionalnost u va\u0161oj kuhinji Meta Keywords: deska za rezanje, masivno drvo, ru\u010dna izrada, ekolo\u0161ki prihvatljivo, PAVIDECOR, Ljubljana, kuhinjski pribor, serviranje, jelovo drvo, autenti\u010dni proizvodi.","description":"Daska za rezanje savr\u0161ena je za rezanje ili poslu\u017eivanje i slaganje malih poslastica. Izra\u0111en je od masivnog drveta johe lijepe strukture.","robots":{"index":"index","follow":"follow","max-snippet":"max-snippet:-1","max-image-preview":"max-image-preview:large","max-video-preview":"max-video-preview:-1"},"canonical":"https:\/\/pavidecor.si\/hr\/proizvod\/daska-za-rezanje-mala-34x18x2cm\/","og_locale":"hr_HR","og_type":"article","og_title":"Deska za rezanje - Elegancija i funkcionalnost u va\u0161oj kuhinji Meta Keywords: deska za rezanje, masivno drvo, ru\u010dna izrada, ekolo\u0161ki prihvatljivo, PAVIDECOR, Ljubljana, kuhinjski pribor, serviranje, jelovo drvo, autenti\u010dni proizvodi.","og_description":"Daska za rezanje savr\u0161ena je za rezanje ili poslu\u017eivanje i slaganje malih poslastica. Izra\u0111en je od masivnog drveta johe lijepe strukture.","og_url":"https:\/\/pavidecor.si\/hr\/proizvod\/daska-za-rezanje-mala-34x18x2cm\/","og_site_name":"Pavi Decor","article_modified_time":"2026-04-23T13:25:38+00:00","og_image":[{"width":2377,"height":2377,"url":"https:\/\/pavidecor.si\/wp-content\/uploads\/2021\/12\/1IMG_8263ab.jpg","type":"image\/jpeg"}],"twitter_card":"summary_large_image","twitter_misc":{"Procijenjeno vrijeme \u010ditanja":"3 minute"},"schema":{"@context":"https:\/\/schema.org","@graph":[{"@type":"WebPage","@id":"https:\/\/pavidecor.si\/hr\/proizvod\/daska-za-rezanje-mala-34x18x2cm\/","url":"https:\/\/pavidecor.si\/hr\/proizvod\/daska-za-rezanje-mala-34x18x2cm\/","name":"Deska za rezanje - Elegancija i funkcionalnost u va\u0161oj kuhinji Meta Keywords: deska za rezanje, masivno drvo, ru\u010dna izrada, ekolo\u0161ki prihvatljivo, PAVIDECOR, Ljubljana, kuhinjski pribor, serviranje, jelovo drvo, autenti\u010dni proizvodi.","isPartOf":{"@id":"https:\/\/pavidecor.si\/hr\/#website"},"primaryImageOfPage":{"@id":"https:\/\/pavidecor.si\/hr\/proizvod\/daska-za-rezanje-mala-34x18x2cm\/#primaryimage"},"image":{"@id":"https:\/\/pavidecor.si\/hr\/proizvod\/daska-za-rezanje-mala-34x18x2cm\/#primaryimage"},"thumbnailUrl":"https:\/\/pavidecor.si\/wp-content\/uploads\/2021\/12\/1IMG_8263ab.jpg","datePublished":"2021-12-25T06:53:34+00:00","dateModified":"2026-04-23T13:25:38+00:00","description":"Daska za rezanje savr\u0161ena je za rezanje ili poslu\u017eivanje i slaganje malih poslastica. Izra\u0111en je od masivnog drveta johe lijepe strukture.","breadcrumb":{"@id":"https:\/\/pavidecor.si\/hr\/proizvod\/daska-za-rezanje-mala-34x18x2cm\/#breadcrumb"},"inLanguage":"hr","potentialAction":[{"@type":"ReadAction","target":["https:\/\/pavidecor.si\/hr\/proizvod\/daska-za-rezanje-mala-34x18x2cm\/"]}]},{"@type":"ImageObject","inLanguage":"hr","@id":"https:\/\/pavidecor.si\/hr\/proizvod\/daska-za-rezanje-mala-34x18x2cm\/#primaryimage","url":"https:\/\/pavidecor.si\/wp-content\/uploads\/2021\/12\/1IMG_8263ab.jpg","contentUrl":"https:\/\/pavidecor.si\/wp-content\/uploads\/2021\/12\/1IMG_8263ab.jpg","width":2377,"height":2377,"caption":"PAVI DECOR"},{"@type":"BreadcrumbList","@id":"https:\/\/pavidecor.si\/hr\/proizvod\/daska-za-rezanje-mala-34x18x2cm\/#breadcrumb","itemListElement":[{"@type":"ListItem","position":1,"name":"Domov","item":"https:\/\/pavidecor.si\/hr\/"},{"@type":"ListItem","position":2,"name":"Internetska trgovina","item":"https:\/\/pavidecor.si\/hr\/internetska-trgovina\/"},{"@type":"ListItem","position":3,"name":"Daska za rezanje mala 34x18x2cm"}]},{"@type":"WebSite","@id":"https:\/\/pavidecor.si\/hr\/#website","url":"https:\/\/pavidecor.si\/hr\/","name":"Pavi Decor","description":"Leseni unikati ustvarjeni iz ljubezni do lesa in narave.","potentialAction":[{"@type":"SearchAction","target":{"@type":"EntryPoint","urlTemplate":"https:\/\/pavidecor.si\/hr\/?s={search_term_string}"},"query-input":{"@type":"PropertyValueSpecification","valueRequired":true,"valueName":"search_term_string"}}],"inLanguage":"hr"}]}},"_links":{"self":[{"href":"https:\/\/pavidecor.si\/hr\/wp-json\/wp\/v2\/product\/14429","targetHints":{"allow":["GET"]}}],"collection":[{"href":"https:\/\/pavidecor.si\/hr\/wp-json\/wp\/v2\/product"}],"about":[{"href":"https:\/\/pavidecor.si\/hr\/wp-json\/wp\/v2\/types\/product"}],"replies":[{"embeddable":true,"href":"https:\/\/pavidecor.si\/hr\/wp-json\/wp\/v2\/comments?post=14429"}],"wp:featuredmedia":[{"embeddable":true,"href":"https:\/\/pavidecor.si\/hr\/wp-json\/wp\/v2\/media\/14431"}],"wp:attachment":[{"href":"https:\/\/pavidecor.si\/hr\/wp-json\/wp\/v2\/media?parent=14429"}],"wp:term":[{"taxonomy":"product_brand","embeddable":true,"href":"https:\/\/pavidecor.si\/hr\/wp-json\/wp\/v2\/product_brand?post=14429"},{"taxonomy":"product_cat","embeddable":true,"href":"https:\/\/pavidecor.si\/hr\/wp-json\/wp\/v2\/product_cat?post=14429"},{"taxonomy":"product_tag","embeddable":true,"href":"https:\/\/pavidecor.si\/hr\/wp-json\/wp\/v2\/product_tag?post=14429"}],"curies":[{"name":"wp","href":"https:\/\/api.w.org\/{rel}","templated":true}]}}