	{"id":14397,"date":"2021-12-25T06:54:04","date_gmt":"2021-12-25T06:54:04","guid":{"rendered":"https:\/\/pavidecor.si\/product\/resetka-za-kamin-standardna-34x34x11cm\/"},"modified":"2026-04-21T21:02:34","modified_gmt":"2026-04-21T21:02:34","slug":"stalak-za-drva-resetka-za-kamin-35x35x12cm","status":"publish","type":"product","link":"https:\/\/pavidecor.si\/hr\/proizvod\/stalak-za-drva-resetka-za-kamin-35x35x12cm\/","title":{"rendered":"Stalak za drva, re\u0161etka za kamin 35x35x12cm"},"content":{"rendered":"<p><span class=\"prvimanjsinaslovopis\">Stalak za drva za ognji\u0161te &#8211; Re\u0161etka za kamin &#8211; Dimenzije 35x35x12cm<\/span><\/p>\n<p>&nbsp;<\/p>\n<h2><span class=\"odebeljenopis\"><strong><br \/>\nU\u017eivajte u toplini i atmosferi koju donosi kamin uz na\u0161 jedinstveni stalak za drva za kamin. Ova funkcionalna i estetski privla\u010dna re\u0161etka ne samo da pobolj\u0161ava gorenje drva, ve\u0107 i dodaje da\u0161ak prirodne ljepote va\u0161em prostoru. Izra\u0111ena s ljubavlju i pa\u017enjom, re\u0161etka je savr\u0161en dodatak za svaki dom.<\/strong><\/span><\/h2>\n<p>&nbsp;<\/p>\n<div class=\"row\">\n<div class=\"col-sm-6 \" style=\"margin-top: 30px;\"><center><img decoding=\"async\" class=\"lazyload img-responsive\" style=\"margin: 0px auto; max-width: 100%;\" src=\"data:image\/svg+xml,%3Csvg%20xmlns%3D%27http%3A%2F%2Fwww.w3.org%2F2000%2Fsvg%27%20width%3D%272181%27%20height%3D%272181%27%20viewBox%3D%270%200%202181%202181%27%3E%3Crect%20width%3D%272181%27%20height%3D%272181%27%20fill-opacity%3D%220%22%2F%3E%3C%2Fsvg%3E\" data-orig-src=\"https:\/\/pavidecor.si\/wp-content\/uploads\/2021\/12\/1IMG_7553a.jpg\" \/><\/center><\/div>\n<div class=\"col-sm-6\" style=\"margin-top: 40px;\">\n<p>&nbsp;<\/p>\n<h3>Funkcionalnost i dizajn<\/h3>\n<p>Re\u0161etka za kamin je savr\u0161eno rje\u0161enje za pobolj\u0161anje zra\u010dnosti i <strong>u\u010dinkovitosti gorenja drva<\/strong>. Postavljanjem re\u0161etke u kuri\u0161te, drva se podi\u017eu, \u0161to omogu\u0107ava bolju cirkulaciju zraka i ravnomjernije sagorijevanje. Bez obzira na to u kakvom kaminu je koristite, re\u0161etka \u0107e se savr\u0161eno uklopiti u svaki prostor.<\/p>\n<p>&nbsp;<\/p>\n<p>Ova re\u0161etka je posebno dizajnirana za kamine i lon\u010dane pe\u0107i, ali mo\u017ee se koristiti i kao <strong>elegantan stalak za drva<\/strong> ili kao nosa\u010d za butarice. Njena svestranost \u010dini je idealnim dodatkom za svaki prostor, a istovremeno pru\u017ea funkcionalnost koja \u0107e vam olak\u0161ati u\u017eivanje u vatri.<\/p>\n<p>&nbsp;<\/p>\n<\/div>\n<\/div>\n<div class=\"row\">\n<div class=\"col-sm-6 col-sm-push-6\" style=\"margin-top: 30px;\"><center><img decoding=\"async\" class=\"lazyload img-responsive\" style=\"margin: 0px auto; max-width: 100%;\" src=\"data:image\/svg+xml,%3Csvg%20xmlns%3D%27http%3A%2F%2Fwww.w3.org%2F2000%2Fsvg%27%20width%3D%272112%27%20height%3D%272113%27%20viewBox%3D%270%200%202112%202113%27%3E%3Crect%20width%3D%272112%27%20height%3D%272113%27%20fill-opacity%3D%220%22%2F%3E%3C%2Fsvg%3E\" data-orig-src=\" https:\/\/pavidecor.si\/wp-content\/uploads\/2021\/12\/IMG_7532-2.jpg\" \/><\/center><\/div>\n<div class=\"col-sm-6 col-sm-pull-6\" style=\"margin-top: 40px;\">\n<p>&nbsp;<\/p>\n<h3>Ru\u010dno izra\u0111eni proizvodi iz Slovenije<\/h3>\n<p>U PAVI DECOR-u iz Ljubljane, svaki na\u0161 proizvod je rezultat strasti prema drvetu i prirodi. Na\u0161a re\u0161etka za kamin izra\u0111ena je ru\u010dno, koriste\u0107i tradicionalne tehnike spajanja dijelova, \u0161to joj daje <strong>autenti\u010dan izgled i osje\u0107aj<\/strong>.<\/p>\n<p>&nbsp;<\/p>\n<p>Ova <strong>pa\u017enja prema detaljima<\/strong> i kvaliteti izrade osigurava da svaki komad bude jedinstven. Na\u0161i proizvodi su plod vlastitog znanja i kreativnosti, a svaki od njih nosi pri\u010du o ljubavi prema prirodi i tradiciji.<\/p>\n<p>&nbsp;<\/p>\n<\/div>\n<\/div>\n<div class=\"row\">\n<div class=\"col-sm-6\" style=\"margin-top: 30px;\"><center><img decoding=\"async\" class=\"lazyload img-responsive\" style=\"margin: 0px auto; max-width: 100%;\" src=\"data:image\/svg+xml,%3Csvg%20xmlns%3D%27http%3A%2F%2Fwww.w3.org%2F2000%2Fsvg%27%20width%3D%272064%27%20height%3D%272064%27%20viewBox%3D%270%200%202064%202064%27%3E%3Crect%20width%3D%272064%27%20height%3D%272064%27%20fill-opacity%3D%220%22%2F%3E%3C%2Fsvg%3E\" data-orig-src=\" https:\/\/pavidecor.si\/wp-content\/uploads\/2021\/12\/IMG_7543-2.jpg\" \/><\/center><\/div>\n<div class=\"col-sm-6\" style=\"margin-top: 40px;\">\n<p>&nbsp;<\/p>\n<h3>Tehni\u010dke specifikacije<\/h3>\n<p>Re\u0161etka za kamin izra\u0111ena je od \u010dvrstih \u017eeljeznih palica s presjekom 12 x 12 mm, \u0161to <strong>osigurava dugotrajnost i otpornost<\/strong> na visoke temperature. Ova re\u0161etka ne samo da je funkcionalna, ve\u0107 i estetski privla\u010dna, dodaju\u0107i rustikalni \u0161arm va\u0161em prostoru.<\/p>\n<p>&nbsp;<\/p>\n<p>Stalak za drva je idealan za sve ljubitelje prirode i tradicionalnog dizajna, a njegova ru\u010dna izrada jam\u010di kvalitetu i jedinstvenost. U\u017eivajte u toplini va\u0161eg doma uz na\u0161 stalak za drva za kamin koji \u0107e postati <a href=\"https:\/\/pavidecor.si\/hr\/projects\/ruralni-ambijent\/\"><span style=\"color: #3366ff;\"><strong>neizostavan dio va\u0161eg interijera<\/strong><\/span><\/a>.<\/p>\n<\/div>\n<\/div>\n<p>&nbsp;<\/p>\n","protected":false},"excerpt":{"rendered":"<p><strong><span style=\"color: #c4963c;\">Sve dimenzije:<br \/>\n\u2192 <a href=\"\/hr\/proizvod\/mini-resetka-za-kamin\/\"><span style=\"color: #3366ff;\">35x19x12cm<\/span><\/a><br \/>\n\u2192 <a href=\"\/hr\/proizvod\/resetka-za-kamin-univerzal-metalni-stalak-za-ogrjev\/\"><span style=\"color: #3366ff;\">35x25x17cm<\/span><\/a><br \/>\n\u2192 <a href=\"\/hr\/proizvod\/stalak-za-drva-resetka-za-kamin-35x35x12cm\/\"><span style=\"color: #3366ff;\">35x35x12cm<\/span><\/a><br \/>\n\u2192 <a href=\"\/hr\/proizvod\/nosac-za-drva-za-kamin-i-pec-na-drva-41x35x12cm\/\"><span style=\"color: #3366ff;\">41x35x12cm<\/span><\/a><br \/>\n\u2192 <a href=\"\/hr\/proizvod\/resetka-za-kamin-xl-stalak-za-trupce-pored-kamina\/\"><span style=\"color: #3366ff;\">44x35x17cm<\/span><\/a><\/span><\/strong><\/p>\n","protected":false},"featured_media":14406,"comment_status":"open","ping_status":"closed","template":"","meta":[],"product_brand":[],"product_cat":[269,301,435],"product_tag":[],"class_list":{"0":"post-14397","1":"product","2":"type-product","3":"status-publish","4":"has-post-thumbnail","6":"product_cat-oprema-za-trgovine-i-konobe","7":"product_cat-ostala-oprema-hr","8":"product_cat-resetke-za-kamine-hr","10":"first","11":"instock","12":"taxable","13":"shipping-taxable","14":"purchasable","15":"product-type-simple"},"yoast_head":"<!-- This site is optimized with the Yoast SEO plugin v27.2 - https:\/\/yoast.com\/product\/yoast-seo-wordpress\/ -->\n<title>Stalak za drva - Re\u0161etka za kamin za ognji\u0161te i u\u010dinkovito izgaranje<\/title>\n<meta name=\"description\" content=\"Stalak za drva postavlja se u kamin i na njega se stavlja drva za ogrjev radi boljeg izgaranja. Tako\u0111er je koristan kao postolje za butarije pored kamina.\" \/>\n<meta name=\"robots\" content=\"index, follow, max-snippet:-1, max-image-preview:large, max-video-preview:-1\" \/>\n<link rel=\"canonical\" href=\"https:\/\/pavidecor.si\/hr\/proizvod\/stalak-za-drva-resetka-za-kamin-35x35x12cm\/\" \/>\n<meta property=\"og:locale\" content=\"hr_HR\" \/>\n<meta property=\"og:type\" content=\"article\" \/>\n<meta property=\"og:title\" content=\"Stalak za drva - Re\u0161etka za kamin za ognji\u0161te i u\u010dinkovito izgaranje\" \/>\n<meta property=\"og:description\" content=\"Stalak za drva postavlja se u kamin i na njega se stavlja drva za ogrjev radi boljeg izgaranja. Tako\u0111er je koristan kao postolje za butarije pored kamina.\" \/>\n<meta property=\"og:url\" content=\"https:\/\/pavidecor.si\/hr\/proizvod\/stalak-za-drva-resetka-za-kamin-35x35x12cm\/\" \/>\n<meta property=\"og:site_name\" content=\"Pavi Decor\" \/>\n<meta property=\"article:modified_time\" content=\"2026-04-21T21:02:34+00:00\" \/>\n<meta property=\"og:image\" content=\"https:\/\/pavidecor.si\/wp-content\/uploads\/2021\/12\/1IMG_7553a.jpg\" \/>\n\t<meta property=\"og:image:width\" content=\"2181\" \/>\n\t<meta property=\"og:image:height\" content=\"2181\" \/>\n\t<meta property=\"og:image:type\" content=\"image\/jpeg\" \/>\n<meta name=\"twitter:card\" content=\"summary_large_image\" \/>\n<meta name=\"twitter:label1\" content=\"Procijenjeno vrijeme \u010ditanja\" \/>\n\t<meta name=\"twitter:data1\" content=\"3 minute\" \/>\n<script type=\"application\/ld+json\" class=\"yoast-schema-graph\">{\"@context\":\"https:\/\/schema.org\",\"@graph\":[{\"@type\":\"WebPage\",\"@id\":\"https:\/\/pavidecor.si\/hr\/proizvod\/stalak-za-drva-resetka-za-kamin-35x35x12cm\/\",\"url\":\"https:\/\/pavidecor.si\/hr\/proizvod\/stalak-za-drva-resetka-za-kamin-35x35x12cm\/\",\"name\":\"Stalak za drva - Re\u0161etka za kamin za ognji\u0161te i u\u010dinkovito izgaranje\",\"isPartOf\":{\"@id\":\"https:\/\/pavidecor.si\/hr\/#website\"},\"primaryImageOfPage\":{\"@id\":\"https:\/\/pavidecor.si\/hr\/proizvod\/stalak-za-drva-resetka-za-kamin-35x35x12cm\/#primaryimage\"},\"image\":{\"@id\":\"https:\/\/pavidecor.si\/hr\/proizvod\/stalak-za-drva-resetka-za-kamin-35x35x12cm\/#primaryimage\"},\"thumbnailUrl\":\"https:\/\/pavidecor.si\/wp-content\/uploads\/2021\/12\/1IMG_7553a.jpg\",\"datePublished\":\"2021-12-25T06:54:04+00:00\",\"dateModified\":\"2026-04-21T21:02:34+00:00\",\"description\":\"Stalak za drva postavlja se u kamin i na njega se stavlja drva za ogrjev radi boljeg izgaranja. Tako\u0111er je koristan kao postolje za butarije pored kamina.\",\"breadcrumb\":{\"@id\":\"https:\/\/pavidecor.si\/hr\/proizvod\/stalak-za-drva-resetka-za-kamin-35x35x12cm\/#breadcrumb\"},\"inLanguage\":\"hr\",\"potentialAction\":[{\"@type\":\"ReadAction\",\"target\":[\"https:\/\/pavidecor.si\/hr\/proizvod\/stalak-za-drva-resetka-za-kamin-35x35x12cm\/\"]}]},{\"@type\":\"ImageObject\",\"inLanguage\":\"hr\",\"@id\":\"https:\/\/pavidecor.si\/hr\/proizvod\/stalak-za-drva-resetka-za-kamin-35x35x12cm\/#primaryimage\",\"url\":\"https:\/\/pavidecor.si\/wp-content\/uploads\/2021\/12\/1IMG_7553a.jpg\",\"contentUrl\":\"https:\/\/pavidecor.si\/wp-content\/uploads\/2021\/12\/1IMG_7553a.jpg\",\"width\":2181,\"height\":2181,\"caption\":\"PAVI DECOR\"},{\"@type\":\"BreadcrumbList\",\"@id\":\"https:\/\/pavidecor.si\/hr\/proizvod\/stalak-za-drva-resetka-za-kamin-35x35x12cm\/#breadcrumb\",\"itemListElement\":[{\"@type\":\"ListItem\",\"position\":1,\"name\":\"Domov\",\"item\":\"https:\/\/pavidecor.si\/hr\/\"},{\"@type\":\"ListItem\",\"position\":2,\"name\":\"Internetska trgovina\",\"item\":\"https:\/\/pavidecor.si\/hr\/internetska-trgovina\/\"},{\"@type\":\"ListItem\",\"position\":3,\"name\":\"Stalak za drva, re\u0161etka za kamin 35x35x12cm\"}]},{\"@type\":\"WebSite\",\"@id\":\"https:\/\/pavidecor.si\/hr\/#website\",\"url\":\"https:\/\/pavidecor.si\/hr\/\",\"name\":\"Pavi Decor\",\"description\":\"Leseni unikati ustvarjeni iz ljubezni do lesa in narave.\",\"potentialAction\":[{\"@type\":\"SearchAction\",\"target\":{\"@type\":\"EntryPoint\",\"urlTemplate\":\"https:\/\/pavidecor.si\/hr\/?s={search_term_string}\"},\"query-input\":{\"@type\":\"PropertyValueSpecification\",\"valueRequired\":true,\"valueName\":\"search_term_string\"}}],\"inLanguage\":\"hr\"}]}<\/script>\n<!-- \/ Yoast SEO plugin. -->","yoast_head_json":{"title":"Stalak za drva - Re\u0161etka za kamin za ognji\u0161te i u\u010dinkovito izgaranje","description":"Stalak za drva postavlja se u kamin i na njega se stavlja drva za ogrjev radi boljeg izgaranja. Tako\u0111er je koristan kao postolje za butarije pored kamina.","robots":{"index":"index","follow":"follow","max-snippet":"max-snippet:-1","max-image-preview":"max-image-preview:large","max-video-preview":"max-video-preview:-1"},"canonical":"https:\/\/pavidecor.si\/hr\/proizvod\/stalak-za-drva-resetka-za-kamin-35x35x12cm\/","og_locale":"hr_HR","og_type":"article","og_title":"Stalak za drva - Re\u0161etka za kamin za ognji\u0161te i u\u010dinkovito izgaranje","og_description":"Stalak za drva postavlja se u kamin i na njega se stavlja drva za ogrjev radi boljeg izgaranja. Tako\u0111er je koristan kao postolje za butarije pored kamina.","og_url":"https:\/\/pavidecor.si\/hr\/proizvod\/stalak-za-drva-resetka-za-kamin-35x35x12cm\/","og_site_name":"Pavi Decor","article_modified_time":"2026-04-21T21:02:34+00:00","og_image":[{"width":2181,"height":2181,"url":"https:\/\/pavidecor.si\/wp-content\/uploads\/2021\/12\/1IMG_7553a.jpg","type":"image\/jpeg"}],"twitter_card":"summary_large_image","twitter_misc":{"Procijenjeno vrijeme \u010ditanja":"3 minute"},"schema":{"@context":"https:\/\/schema.org","@graph":[{"@type":"WebPage","@id":"https:\/\/pavidecor.si\/hr\/proizvod\/stalak-za-drva-resetka-za-kamin-35x35x12cm\/","url":"https:\/\/pavidecor.si\/hr\/proizvod\/stalak-za-drva-resetka-za-kamin-35x35x12cm\/","name":"Stalak za drva - Re\u0161etka za kamin za ognji\u0161te i u\u010dinkovito izgaranje","isPartOf":{"@id":"https:\/\/pavidecor.si\/hr\/#website"},"primaryImageOfPage":{"@id":"https:\/\/pavidecor.si\/hr\/proizvod\/stalak-za-drva-resetka-za-kamin-35x35x12cm\/#primaryimage"},"image":{"@id":"https:\/\/pavidecor.si\/hr\/proizvod\/stalak-za-drva-resetka-za-kamin-35x35x12cm\/#primaryimage"},"thumbnailUrl":"https:\/\/pavidecor.si\/wp-content\/uploads\/2021\/12\/1IMG_7553a.jpg","datePublished":"2021-12-25T06:54:04+00:00","dateModified":"2026-04-21T21:02:34+00:00","description":"Stalak za drva postavlja se u kamin i na njega se stavlja drva za ogrjev radi boljeg izgaranja. Tako\u0111er je koristan kao postolje za butarije pored kamina.","breadcrumb":{"@id":"https:\/\/pavidecor.si\/hr\/proizvod\/stalak-za-drva-resetka-za-kamin-35x35x12cm\/#breadcrumb"},"inLanguage":"hr","potentialAction":[{"@type":"ReadAction","target":["https:\/\/pavidecor.si\/hr\/proizvod\/stalak-za-drva-resetka-za-kamin-35x35x12cm\/"]}]},{"@type":"ImageObject","inLanguage":"hr","@id":"https:\/\/pavidecor.si\/hr\/proizvod\/stalak-za-drva-resetka-za-kamin-35x35x12cm\/#primaryimage","url":"https:\/\/pavidecor.si\/wp-content\/uploads\/2021\/12\/1IMG_7553a.jpg","contentUrl":"https:\/\/pavidecor.si\/wp-content\/uploads\/2021\/12\/1IMG_7553a.jpg","width":2181,"height":2181,"caption":"PAVI DECOR"},{"@type":"BreadcrumbList","@id":"https:\/\/pavidecor.si\/hr\/proizvod\/stalak-za-drva-resetka-za-kamin-35x35x12cm\/#breadcrumb","itemListElement":[{"@type":"ListItem","position":1,"name":"Domov","item":"https:\/\/pavidecor.si\/hr\/"},{"@type":"ListItem","position":2,"name":"Internetska trgovina","item":"https:\/\/pavidecor.si\/hr\/internetska-trgovina\/"},{"@type":"ListItem","position":3,"name":"Stalak za drva, re\u0161etka za kamin 35x35x12cm"}]},{"@type":"WebSite","@id":"https:\/\/pavidecor.si\/hr\/#website","url":"https:\/\/pavidecor.si\/hr\/","name":"Pavi Decor","description":"Leseni unikati ustvarjeni iz ljubezni do lesa in narave.","potentialAction":[{"@type":"SearchAction","target":{"@type":"EntryPoint","urlTemplate":"https:\/\/pavidecor.si\/hr\/?s={search_term_string}"},"query-input":{"@type":"PropertyValueSpecification","valueRequired":true,"valueName":"search_term_string"}}],"inLanguage":"hr"}]}},"_links":{"self":[{"href":"https:\/\/pavidecor.si\/hr\/wp-json\/wp\/v2\/product\/14397","targetHints":{"allow":["GET"]}}],"collection":[{"href":"https:\/\/pavidecor.si\/hr\/wp-json\/wp\/v2\/product"}],"about":[{"href":"https:\/\/pavidecor.si\/hr\/wp-json\/wp\/v2\/types\/product"}],"replies":[{"embeddable":true,"href":"https:\/\/pavidecor.si\/hr\/wp-json\/wp\/v2\/comments?post=14397"}],"wp:featuredmedia":[{"embeddable":true,"href":"https:\/\/pavidecor.si\/hr\/wp-json\/wp\/v2\/media\/14406"}],"wp:attachment":[{"href":"https:\/\/pavidecor.si\/hr\/wp-json\/wp\/v2\/media?parent=14397"}],"wp:term":[{"taxonomy":"product_brand","embeddable":true,"href":"https:\/\/pavidecor.si\/hr\/wp-json\/wp\/v2\/product_brand?post=14397"},{"taxonomy":"product_cat","embeddable":true,"href":"https:\/\/pavidecor.si\/hr\/wp-json\/wp\/v2\/product_cat?post=14397"},{"taxonomy":"product_tag","embeddable":true,"href":"https:\/\/pavidecor.si\/hr\/wp-json\/wp\/v2\/product_tag?post=14397"}],"curies":[{"name":"wp","href":"https:\/\/api.w.org\/{rel}","templated":true}]}}