	{"id":14208,"date":"2022-02-26T10:21:58","date_gmt":"2022-02-26T10:21:58","guid":{"rendered":"https:\/\/pavidecor.si\/product\/drvo-stupova-crnogoricnog-drveca-o8x300cm\/"},"modified":"2026-04-22T03:00:14","modified_gmt":"2026-04-22T03:00:14","slug":"stup-za-suncobran-od-crnogoricnog-drveca-o8x300cm","status":"publish","type":"product","link":"https:\/\/pavidecor.si\/hr\/proizvod\/stup-za-suncobran-od-crnogoricnog-drveca-o8x300cm\/","title":{"rendered":"Stup za suncobran od crnogori\u010dnog drve\u0107a \u00f88\u00d7300cm"},"content":{"rendered":"<p><span class=\"prvimanjsinaslovopis\">Stup za suncobran Maroko &#8211; Prirodna ljepota u va\u0161em vanjskom prostoru<\/span><\/p>\n<p>&nbsp;<\/p>\n<h2><span class=\"odebeljenopis\"><strong> U\u017eivajte u savr\u0161enom spoju prirode i funkcionalnosti s na\u0161im stupom za suncobran Maroko. Ovaj proizvod, izra\u0111en od masivnog drva iglavaca, donosi toplinu i autenti\u010dnost u svaki vanjski prostor. Dostupan u dvije boje i tri razli\u010dite duljine, idealan je za sve va\u0161e potrebe.<\/strong><\/span><\/h2>\n<p>&nbsp;<\/p>\n<div class=\"row\">\n<div class=\"col-sm-6 \" style=\"margin-top: 30px;\"><center><img decoding=\"async\" class=\"lazyload img-responsive\" style=\"margin: 0px auto; max-width: 100%;\" src=\"data:image\/svg+xml,%3Csvg%20xmlns%3D%27http%3A%2F%2Fwww.w3.org%2F2000%2Fsvg%27%20width%3D%27399%27%20height%3D%27399%27%20viewBox%3D%270%200%20399%20399%27%3E%3Crect%20width%3D%27399%27%20height%3D%27399%27%20fill-opacity%3D%220%22%2F%3E%3C%2Fsvg%3E\" data-orig-src=\"https:\/\/pavidecor.si\/wp-content\/uploads\/2022\/02\/Drog-natur.jpg\" \/><\/center><\/div>\n<div class=\"col-sm-6\" style=\"margin-top: 40px;\">\n<p>&nbsp;<\/p>\n<h3>Izvrsna kvaliteta i prirodni materijali<\/h3>\n<p>Stup za suncobran Maroko izra\u0111en je od <b>masivnog drva iglavaca<\/b>, \u0161to ga \u010dini izuzetno izdr\u017eljivim i otpornim na vremenske uvjete. Ovaj materijal ne samo da osigurava dugotrajnost, ve\u0107 i doprinosi estetskoj vrijednosti va\u0161eg vanjskog prostora. Drvo iglavaca poznato je po svojoj prirodnoj ljepoti i toplini, \u0161to ga \u010dini savr\u0161enim izborom za sve ljubitelje prirode.<\/p>\n<p>&nbsp;<\/p>\n<p>Na\u0161a trgovina PAVI DECOR iz Ljubljane ponosna je na to \u0161to svi na\u0161i proizvodi dolaze iz <b>ru\u010dne izrade<\/b>, a svaki komad je rezultat strasti prema drvetu i prirodi. Na\u0161i majstori koriste tradicionalne tehnike spajanja drvenih dijelova, \u0161to osigurava da svaki stup izgleda kao autenti\u010dni komad umjetnosti.<\/p>\n<p>&nbsp;<\/p>\n<p>&nbsp;<\/p>\n<\/div>\n<\/div>\n<div class=\"row\">\n<div class=\"col-sm-6 col-sm-push-6\" style=\"margin-top: 30px;\"><center><img decoding=\"async\" class=\"lazyload img-responsive\" style=\"margin: 0px auto; max-width: 100%;\" src=\"data:image\/svg+xml,%3Csvg%20xmlns%3D%27http%3A%2F%2Fwww.w3.org%2F2000%2Fsvg%27%20width%3D%271086%27%20height%3D%271086%27%20viewBox%3D%270%200%201086%201086%27%3E%3Crect%20width%3D%271086%27%20height%3D%271086%27%20fill-opacity%3D%220%22%2F%3E%3C%2Fsvg%3E\" data-orig-src=\" https:\/\/pavidecor.si\/wp-content\/uploads\/2022\/02\/Drog-za-sencnik-natur.jpg\" \/><\/center><\/div>\n<div class=\"col-sm-6 col-sm-pull-6\" style=\"margin-top: 40px;\">\n<p>&nbsp;<\/p>\n<h3>Fleksibilnost i prilagodljivost<\/h3>\n<p>Stup za suncobran Maroko dostupan je u <b>dvije boje<\/b> &#8211; natur i bijelo, \u0161to omogu\u0107ava lako uklapanje u razli\u010dite stilove vanjskog ure\u0111enja. Bez obzira na to jeste li ljubitelj klasi\u010dnog ili modernog dizajna, na\u0161 stup \u0107e se savr\u0161eno uklopiti u va\u0161 prostor.<\/p>\n<p>&nbsp;<\/p>\n<p>Osim boja, nudimo i tri razli\u010dite duljine &#8211; 240, 250 i 300 cm. Ova fleksibilnost omogu\u0107ava vam da odaberete idealnu opciju koja najbolje odgovara va\u0161im potrebama i dimenzijama va\u0161eg vanjskog prostora. Na taj na\u010din, mo\u017eete stvoriti savr\u0161enu sjenu i za\u0161titu od sunca, u\u017eivaju\u0107i u udobnosti i stilu.<\/p>\n<p>&nbsp;<\/p>\n<p>&nbsp;<\/p>\n<\/div>\n<\/div>\n<div class=\"row\">\n<div class=\"col-sm-12\">\n<p>&nbsp;<\/p>\n<h3>Specifikacije proizvoda<\/h3>\n<p>Stup za suncobran Maroko je savr\u0161en izbor za sve koji \u017eele dodati da\u0161ak prirode u svoj vanjski prostor. Izra\u0111en od <b>masivnog drva iglavaca<\/b>, dostupan je u <b>dvije boje<\/b> &#8211; natur i bijelo. Mo\u017eete birati izme\u0111u tri razli\u010dite duljine: 240 cm, 250 cm i 300 cm, \u0161to ga \u010dini izuzetno prilagodljivim za razli\u010dite potrebe.<\/p>\n<p>&nbsp;<\/p>\n<p>Na\u0161a strast prema drvetu i prirodi ogleda se u svakom komadu koji izra\u0111ujemo. U PAVI DECOR-u vjerujemo da je svaki proizvod jedinstven, a na\u0161 stup za suncobran Maroko nije iznimka. S ponosom nudimo proizvode koji su rezultat na\u0161eg znanja i kreativnosti, a svi su izra\u0111eni u Sloveniji.<\/p>\n<p>&nbsp;<\/p>\n<p>&nbsp;<\/p>\n<\/div>\n<\/div>\n<p>&nbsp;<\/p>\n","protected":false},"excerpt":{"rendered":"<p><strong><span style=\"color: #c4963c;\">\u2192 Promjer \u00f8 8 cm<\/span><\/strong><strong><span style=\"color: #c4963c;\"><br \/>\n<\/span><span style=\"color: #c4963c;\">\u2192 Duljina 300 cm<\/span><\/strong><\/p>\n","protected":false},"featured_media":14209,"comment_status":"open","ping_status":"closed","template":"","meta":[],"product_brand":[],"product_cat":[285],"product_tag":[],"class_list":{"0":"post-14208","1":"product","2":"type-product","3":"status-publish","4":"has-post-thumbnail","6":"product_cat-pribor","8":"first","9":"outofstock","10":"taxable","11":"shipping-taxable","12":"purchasable","13":"product-type-simple"},"yoast_head":"<!-- This site is optimized with the Yoast SEO plugin v27.2 - https:\/\/yoast.com\/product\/yoast-seo-wordpress\/ -->\n<title>Stup za suncobran - Prirodna ljepota u va\u0161em vanjskom prostoru<\/title>\n<meta name=\"description\" content=\"Stup za suncobran Maroko izra\u0111en je od masivnog crnogori\u010dnog drveta, a dostupan je i u bijeloj boji, a u tri duljine - 240, 250 i 300 cm.\" \/>\n<meta name=\"robots\" content=\"index, follow, max-snippet:-1, max-image-preview:large, max-video-preview:-1\" \/>\n<link rel=\"canonical\" href=\"https:\/\/pavidecor.si\/hr\/proizvod\/stup-za-suncobran-od-crnogoricnog-drveca-o8x300cm\/\" \/>\n<meta property=\"og:locale\" content=\"hr_HR\" \/>\n<meta property=\"og:type\" content=\"article\" \/>\n<meta property=\"og:title\" content=\"Stup za suncobran - Prirodna ljepota u va\u0161em vanjskom prostoru\" \/>\n<meta property=\"og:description\" content=\"Stup za suncobran Maroko izra\u0111en je od masivnog crnogori\u010dnog drveta, a dostupan je i u bijeloj boji, a u tri duljine - 240, 250 i 300 cm.\" \/>\n<meta property=\"og:url\" content=\"https:\/\/pavidecor.si\/hr\/proizvod\/stup-za-suncobran-od-crnogoricnog-drveca-o8x300cm\/\" \/>\n<meta property=\"og:site_name\" content=\"Pavi Decor\" \/>\n<meta property=\"article:modified_time\" content=\"2026-04-22T03:00:14+00:00\" \/>\n<meta property=\"og:image\" content=\"https:\/\/pavidecor.si\/wp-content\/uploads\/2022\/02\/Drog-natur.jpg\" \/>\n\t<meta property=\"og:image:width\" content=\"399\" \/>\n\t<meta property=\"og:image:height\" content=\"399\" \/>\n\t<meta property=\"og:image:type\" content=\"image\/jpeg\" \/>\n<meta name=\"twitter:card\" content=\"summary_large_image\" \/>\n<meta name=\"twitter:label1\" content=\"Procijenjeno vrijeme \u010ditanja\" \/>\n\t<meta name=\"twitter:data1\" content=\"3 minute\" \/>\n<script type=\"application\/ld+json\" class=\"yoast-schema-graph\">{\"@context\":\"https:\/\/schema.org\",\"@graph\":[{\"@type\":\"WebPage\",\"@id\":\"https:\/\/pavidecor.si\/hr\/proizvod\/stup-za-suncobran-od-crnogoricnog-drveca-o8x300cm\/\",\"url\":\"https:\/\/pavidecor.si\/hr\/proizvod\/stup-za-suncobran-od-crnogoricnog-drveca-o8x300cm\/\",\"name\":\"Stup za suncobran - Prirodna ljepota u va\u0161em vanjskom prostoru\",\"isPartOf\":{\"@id\":\"https:\/\/pavidecor.si\/hr\/#website\"},\"primaryImageOfPage\":{\"@id\":\"https:\/\/pavidecor.si\/hr\/proizvod\/stup-za-suncobran-od-crnogoricnog-drveca-o8x300cm\/#primaryimage\"},\"image\":{\"@id\":\"https:\/\/pavidecor.si\/hr\/proizvod\/stup-za-suncobran-od-crnogoricnog-drveca-o8x300cm\/#primaryimage\"},\"thumbnailUrl\":\"https:\/\/pavidecor.si\/wp-content\/uploads\/2022\/02\/Drog-natur.jpg\",\"datePublished\":\"2022-02-26T10:21:58+00:00\",\"dateModified\":\"2026-04-22T03:00:14+00:00\",\"description\":\"Stup za suncobran Maroko izra\u0111en je od masivnog crnogori\u010dnog drveta, a dostupan je i u bijeloj boji, a u tri duljine - 240, 250 i 300 cm.\",\"breadcrumb\":{\"@id\":\"https:\/\/pavidecor.si\/hr\/proizvod\/stup-za-suncobran-od-crnogoricnog-drveca-o8x300cm\/#breadcrumb\"},\"inLanguage\":\"hr\",\"potentialAction\":[{\"@type\":\"ReadAction\",\"target\":[\"https:\/\/pavidecor.si\/hr\/proizvod\/stup-za-suncobran-od-crnogoricnog-drveca-o8x300cm\/\"]}]},{\"@type\":\"ImageObject\",\"inLanguage\":\"hr\",\"@id\":\"https:\/\/pavidecor.si\/hr\/proizvod\/stup-za-suncobran-od-crnogoricnog-drveca-o8x300cm\/#primaryimage\",\"url\":\"https:\/\/pavidecor.si\/wp-content\/uploads\/2022\/02\/Drog-natur.jpg\",\"contentUrl\":\"https:\/\/pavidecor.si\/wp-content\/uploads\/2022\/02\/Drog-natur.jpg\",\"width\":399,\"height\":399,\"caption\":\"PAVI DECOR\"},{\"@type\":\"BreadcrumbList\",\"@id\":\"https:\/\/pavidecor.si\/hr\/proizvod\/stup-za-suncobran-od-crnogoricnog-drveca-o8x300cm\/#breadcrumb\",\"itemListElement\":[{\"@type\":\"ListItem\",\"position\":1,\"name\":\"Domov\",\"item\":\"https:\/\/pavidecor.si\/hr\/\"},{\"@type\":\"ListItem\",\"position\":2,\"name\":\"Internetska trgovina\",\"item\":\"https:\/\/pavidecor.si\/hr\/internetska-trgovina\/\"},{\"@type\":\"ListItem\",\"position\":3,\"name\":\"Stup za suncobran od crnogori\u010dnog drve\u0107a \u00f88\u00d7300cm\"}]},{\"@type\":\"WebSite\",\"@id\":\"https:\/\/pavidecor.si\/hr\/#website\",\"url\":\"https:\/\/pavidecor.si\/hr\/\",\"name\":\"Pavi Decor\",\"description\":\"Leseni unikati ustvarjeni iz ljubezni do lesa in narave.\",\"potentialAction\":[{\"@type\":\"SearchAction\",\"target\":{\"@type\":\"EntryPoint\",\"urlTemplate\":\"https:\/\/pavidecor.si\/hr\/?s={search_term_string}\"},\"query-input\":{\"@type\":\"PropertyValueSpecification\",\"valueRequired\":true,\"valueName\":\"search_term_string\"}}],\"inLanguage\":\"hr\"}]}<\/script>\n<!-- \/ Yoast SEO plugin. -->","yoast_head_json":{"title":"Stup za suncobran - Prirodna ljepota u va\u0161em vanjskom prostoru","description":"Stup za suncobran Maroko izra\u0111en je od masivnog crnogori\u010dnog drveta, a dostupan je i u bijeloj boji, a u tri duljine - 240, 250 i 300 cm.","robots":{"index":"index","follow":"follow","max-snippet":"max-snippet:-1","max-image-preview":"max-image-preview:large","max-video-preview":"max-video-preview:-1"},"canonical":"https:\/\/pavidecor.si\/hr\/proizvod\/stup-za-suncobran-od-crnogoricnog-drveca-o8x300cm\/","og_locale":"hr_HR","og_type":"article","og_title":"Stup za suncobran - Prirodna ljepota u va\u0161em vanjskom prostoru","og_description":"Stup za suncobran Maroko izra\u0111en je od masivnog crnogori\u010dnog drveta, a dostupan je i u bijeloj boji, a u tri duljine - 240, 250 i 300 cm.","og_url":"https:\/\/pavidecor.si\/hr\/proizvod\/stup-za-suncobran-od-crnogoricnog-drveca-o8x300cm\/","og_site_name":"Pavi Decor","article_modified_time":"2026-04-22T03:00:14+00:00","og_image":[{"width":399,"height":399,"url":"https:\/\/pavidecor.si\/wp-content\/uploads\/2022\/02\/Drog-natur.jpg","type":"image\/jpeg"}],"twitter_card":"summary_large_image","twitter_misc":{"Procijenjeno vrijeme \u010ditanja":"3 minute"},"schema":{"@context":"https:\/\/schema.org","@graph":[{"@type":"WebPage","@id":"https:\/\/pavidecor.si\/hr\/proizvod\/stup-za-suncobran-od-crnogoricnog-drveca-o8x300cm\/","url":"https:\/\/pavidecor.si\/hr\/proizvod\/stup-za-suncobran-od-crnogoricnog-drveca-o8x300cm\/","name":"Stup za suncobran - Prirodna ljepota u va\u0161em vanjskom prostoru","isPartOf":{"@id":"https:\/\/pavidecor.si\/hr\/#website"},"primaryImageOfPage":{"@id":"https:\/\/pavidecor.si\/hr\/proizvod\/stup-za-suncobran-od-crnogoricnog-drveca-o8x300cm\/#primaryimage"},"image":{"@id":"https:\/\/pavidecor.si\/hr\/proizvod\/stup-za-suncobran-od-crnogoricnog-drveca-o8x300cm\/#primaryimage"},"thumbnailUrl":"https:\/\/pavidecor.si\/wp-content\/uploads\/2022\/02\/Drog-natur.jpg","datePublished":"2022-02-26T10:21:58+00:00","dateModified":"2026-04-22T03:00:14+00:00","description":"Stup za suncobran Maroko izra\u0111en je od masivnog crnogori\u010dnog drveta, a dostupan je i u bijeloj boji, a u tri duljine - 240, 250 i 300 cm.","breadcrumb":{"@id":"https:\/\/pavidecor.si\/hr\/proizvod\/stup-za-suncobran-od-crnogoricnog-drveca-o8x300cm\/#breadcrumb"},"inLanguage":"hr","potentialAction":[{"@type":"ReadAction","target":["https:\/\/pavidecor.si\/hr\/proizvod\/stup-za-suncobran-od-crnogoricnog-drveca-o8x300cm\/"]}]},{"@type":"ImageObject","inLanguage":"hr","@id":"https:\/\/pavidecor.si\/hr\/proizvod\/stup-za-suncobran-od-crnogoricnog-drveca-o8x300cm\/#primaryimage","url":"https:\/\/pavidecor.si\/wp-content\/uploads\/2022\/02\/Drog-natur.jpg","contentUrl":"https:\/\/pavidecor.si\/wp-content\/uploads\/2022\/02\/Drog-natur.jpg","width":399,"height":399,"caption":"PAVI DECOR"},{"@type":"BreadcrumbList","@id":"https:\/\/pavidecor.si\/hr\/proizvod\/stup-za-suncobran-od-crnogoricnog-drveca-o8x300cm\/#breadcrumb","itemListElement":[{"@type":"ListItem","position":1,"name":"Domov","item":"https:\/\/pavidecor.si\/hr\/"},{"@type":"ListItem","position":2,"name":"Internetska trgovina","item":"https:\/\/pavidecor.si\/hr\/internetska-trgovina\/"},{"@type":"ListItem","position":3,"name":"Stup za suncobran od crnogori\u010dnog drve\u0107a \u00f88\u00d7300cm"}]},{"@type":"WebSite","@id":"https:\/\/pavidecor.si\/hr\/#website","url":"https:\/\/pavidecor.si\/hr\/","name":"Pavi Decor","description":"Leseni unikati ustvarjeni iz ljubezni do lesa in narave.","potentialAction":[{"@type":"SearchAction","target":{"@type":"EntryPoint","urlTemplate":"https:\/\/pavidecor.si\/hr\/?s={search_term_string}"},"query-input":{"@type":"PropertyValueSpecification","valueRequired":true,"valueName":"search_term_string"}}],"inLanguage":"hr"}]}},"_links":{"self":[{"href":"https:\/\/pavidecor.si\/hr\/wp-json\/wp\/v2\/product\/14208","targetHints":{"allow":["GET"]}}],"collection":[{"href":"https:\/\/pavidecor.si\/hr\/wp-json\/wp\/v2\/product"}],"about":[{"href":"https:\/\/pavidecor.si\/hr\/wp-json\/wp\/v2\/types\/product"}],"replies":[{"embeddable":true,"href":"https:\/\/pavidecor.si\/hr\/wp-json\/wp\/v2\/comments?post=14208"}],"wp:featuredmedia":[{"embeddable":true,"href":"https:\/\/pavidecor.si\/hr\/wp-json\/wp\/v2\/media\/14209"}],"wp:attachment":[{"href":"https:\/\/pavidecor.si\/hr\/wp-json\/wp\/v2\/media?parent=14208"}],"wp:term":[{"taxonomy":"product_brand","embeddable":true,"href":"https:\/\/pavidecor.si\/hr\/wp-json\/wp\/v2\/product_brand?post=14208"},{"taxonomy":"product_cat","embeddable":true,"href":"https:\/\/pavidecor.si\/hr\/wp-json\/wp\/v2\/product_cat?post=14208"},{"taxonomy":"product_tag","embeddable":true,"href":"https:\/\/pavidecor.si\/hr\/wp-json\/wp\/v2\/product_tag?post=14208"}],"curies":[{"name":"wp","href":"https:\/\/api.w.org\/{rel}","templated":true}]}}