	{"id":14181,"date":"2022-02-26T10:29:25","date_gmt":"2022-02-26T10:29:25","guid":{"rendered":"https:\/\/pavidecor.si\/product\/slama-za-sjenilo-maroko-fi190cm\/"},"modified":"2026-05-14T18:34:07","modified_gmt":"2026-05-14T18:34:07","slug":"slama-za-suncobran-maroko-fi190cm","status":"publish","type":"product","link":"https:\/\/pavidecor.si\/hr\/proizvod\/slama-za-suncobran-maroko-fi190cm\/","title":{"rendered":"Slama za suncobran Maroko natur fi190cm"},"content":{"rendered":"<p><span class=\"prvimanjsinaslovopis\"> Slama za suncobran Maroko &#8211; Tradicionalni \u0161arm s modernim dodirom<\/span><\/p>\n<p>&nbsp;<\/p>\n<h2><span class=\"odebeljenopis\"><strong><br \/>\nU\u017eivajte u savr\u0161enom spoju prirode i dizajna s na\u0161im suncobranom Maroko. Ovaj jedinstveni proizvod iz PAVI DECOR-a, izra\u0111en s ljubavlju prema drvetu i prirodi, donosi tradicionalni i egzoti\u010dni izgled va\u0161em vanjskom prostoru. Na\u0161a ru\u010dna izrada osigurava autenti\u010dnost i kvalitetu koja traje.<\/strong><\/span><\/h2>\n<p>&nbsp;<\/p>\n<div class=\"row\">\n<div class=\"col-sm-6 \" style=\"margin-top: 30px;\"><center><img decoding=\"async\" class=\"lazyload img-responsive\" style=\"margin: 0px auto; max-width: 100%;\" src=\"data:image\/svg+xml,%3Csvg%20xmlns%3D%27http%3A%2F%2Fwww.w3.org%2F2000%2Fsvg%27%20width%3D%272560%27%20height%3D%272560%27%20viewBox%3D%270%200%202560%202560%27%3E%3Crect%20width%3D%272560%27%20height%3D%272560%27%20fill-opacity%3D%220%22%2F%3E%3C%2Fsvg%3E\" data-orig-src=\"https:\/\/pavidecor.si\/wp-content\/uploads\/2022\/02\/Slama-za-sencnik-gladka-2-scaled.jpg\" \/><\/center><\/div>\n<div class=\"col-sm-6\" style=\"margin-top: 40px;\">\n<p>&nbsp;<\/p>\n<h3>Prirodni materijali za savr\u0161enu za\u0161titu<\/h3>\n<p>Slama za suncobran Maroko izra\u0111ena je od slamnatih vlakana koja su pletena na poseban na\u010din, pru\u017eaju\u0107i mu jedinstven izgled. Slamnata kupola ne samo da daje tradicionalni \u0161arm, ve\u0107 je i izuzetno funkcionalna. Upotreba slame kao pokriva\u010da za krov ima brojne prednosti. Slamnati materijal je <b>prirodan, ekolo\u0161ki prihvatljiv i potpuno razgradiv<\/b>, \u0161to ga \u010dini idealnim izborom za sve koji \u017eele o\u010duvati prirodu. Osim toga, slama je izuzetno prilagodljiva, omogu\u0107uju\u0107i oblikovanje raznih krovnih struktura, \u0161to dodatno pove\u0107ava njegovu funkcionalnost.<\/p>\n<p>&nbsp;<\/p>\n<p>Na\u0161i suncobrani ne samo da pru\u017eaju za\u0161titu od sunca, ve\u0107 i doprinose estetskom izgledu va\u0161eg vrta ili pla\u017ee. Njihova <b>dugotrajnost<\/b><strong> i otpornost na vremenske uvjete<\/strong> \u010dine ih savr\u0161enim rje\u0161enjem za vanjske prostore. Kroz godine, slama dobiva posebnu sivkastu patinu koja dodatno nagla\u0161ava njezinu prirodnu ljepotu, \u010dine\u0107i je savr\u0161enim dodatkom za tradicionalne i moderne objekte.<\/p>\n<p>&nbsp;<\/p>\n<\/div>\n<\/div>\n<div class=\"row\">\n<div class=\"col-sm-6 col-sm-push-6\" style=\"margin-top: 30px;\"><center><img decoding=\"async\" class=\"lazyload img-responsive\" style=\"margin: 0px auto; max-width: 100%;\" src=\"data:image\/svg+xml,%3Csvg%20xmlns%3D%27http%3A%2F%2Fwww.w3.org%2F2000%2Fsvg%27%20width%3D%271326%27%20height%3D%271326%27%20viewBox%3D%270%200%201326%201326%27%3E%3Crect%20width%3D%271326%27%20height%3D%271326%27%20fill-opacity%3D%220%22%2F%3E%3C%2Fsvg%3E\" data-orig-src=\" https:\/\/pavidecor.si\/wp-content\/uploads\/2022\/02\/IMG_8792b.jpg\" \/><\/center><\/div>\n<div class=\"col-sm-6 col-sm-pull-6\" style=\"margin-top: 40px;\">\n<p>&nbsp;<\/p>\n<h3>Ru\u010dno izra\u0111eni proizvodi s ljubavlju<\/h3>\n<p>U PAVI DECOR-u, svaki na\u0161 proizvod je rezultat vlastitog znanja i kreativnosti. Na\u0161a strast prema drvetu i prirodi ogleda se u svakom detalju na\u0161ih suncobrana. Ru\u010dna izrada omogu\u0107ava nam da zadr\u017eimo autenti\u010dnost i kvalitetu, koriste\u0107i tehnike koje su koristili stari majstori. Ovaj pristup ne samo da <strong>osigurava visoku kvalitetu<\/strong>, ve\u0107 i \u010dini svaki komad jedinstvenim.<\/p>\n<p>&nbsp;<\/p>\n<p>Svi na\u0161i proizvodi su izra\u0111eni u Sloveniji, a posebnost na\u0161ih suncobrana le\u017ei u detaljima spajanja drvenih dijelova. Ova pa\u017enja prema detaljima \u010dini na\u0161e suncobrane ne samo funkcionalnim, ve\u0107 i pravim umjetni\u010dkim djelima koja \u0107e obogatiti svaki prostor. Bilo da se radi o <a href=\"https:\/\/pavidecor.si\/hr\/projects\/plaza-u-porecu\/\"><strong><span style=\"color: #3366ff;\">pla\u017ei u Pore\u010du<\/span><\/strong><\/a> ili Krku, na\u0161i suncobrani donose da\u0161ak elegancije i stila.<\/p>\n<p>&nbsp;<\/p>\n<\/div>\n<\/div>\n<div class=\"row\">\n<div class=\"col-sm-6\" style=\"margin-top: 30px;\"><center><img decoding=\"async\" class=\"lazyload img-responsive\" style=\"margin: 0px auto; max-width: 100%;\" src=\"data:image\/svg+xml,%3Csvg%20xmlns%3D%27http%3A%2F%2Fwww.w3.org%2F2000%2Fsvg%27%20width%3D%272560%27%20height%3D%272560%27%20viewBox%3D%270%200%202560%202560%27%3E%3Crect%20width%3D%272560%27%20height%3D%272560%27%20fill-opacity%3D%220%22%2F%3E%3C%2Fsvg%3E\" data-orig-src=\" https:\/\/pavidecor.si\/wp-content\/uploads\/2022\/02\/20240506_125339a-scaled.jpg\" \/><\/center><\/div>\n<div class=\"col-sm-6\" style=\"margin-top: 40px;\">\n<p>&nbsp;<\/p>\n<h3>Specifikacije i primjena<\/h3>\n<p>Suncobran Maroko dolazi s <b>gladkom prirodnom slamom<\/b> koja se koristi na na\u0161im suncobranima na pla\u017ei u Pore\u010du, te na vi\u0161e od 700 suncobrana na ostalim pla\u017eama. \u010cupava slama koja krasi na\u0161e suncobrane na <a href=\"https:\/\/pavidecor.si\/hr\/projects\/plaza-na-krku\/\"><strong><span style=\"color: #3366ff;\">pla\u017ei na Krku<\/span><\/strong><\/a> nije vi\u0161e u ponudi. Na\u0161a slama omogu\u0107uje da se va\u0161 suncobran najbolje uklopi u va\u0161 prostor i osobni stil.<\/p>\n<p>&nbsp;<\/p>\n<p>Slamnata kupola ne samo da pru\u017ea za\u0161titu od sunca, ve\u0107 i dodaje poseban \u0161arm va\u0161em vanjskom prostoru. Njena prilagodljivost i lako\u0107a zamjene \u010dine je prakti\u010dnim rje\u0161enjem za sve koji \u017eele u\u017eivati u prirodi bez brige o vremenskim uvjetima. Posjetite na\u0161u trgovinu PAVI DECOR u Ljubljani i otkrijte na\u0161u ponudu unikatnih proizvoda koji \u0107e <strong>obogatiti va\u0161 \u017eivotni prostor<\/strong>.<\/p>\n<\/div>\n<\/div>\n<p>&nbsp;<\/p>\n","protected":false},"excerpt":{"rendered":"<p><strong><span style=\"color: #c4963c;\">\u2192 Vrlo izdr\u017eljiva<\/span><\/strong><strong><span style=\"color: #c4963c;\"><br \/>\n<strong><span style=\"color: #c4963c;\">\u2192 Jednostavna za zamjenu<\/span><\/strong><strong><span style=\"color: #c4963c;\"><br \/>\n<\/span><span style=\"color: #c4963c;\">\u2192 Potpuno prirodan materijal<\/span><\/strong><\/span><\/strong><\/p>\n","protected":false},"featured_media":14186,"comment_status":"open","ping_status":"closed","template":"","meta":[],"product_brand":[],"product_cat":[285,284],"product_tag":[274,286],"class_list":{"0":"post-14181","1":"product","2":"type-product","3":"status-publish","4":"has-post-thumbnail","6":"product_cat-pribor","7":"product_cat-slamnati-suncobrani","8":"product_tag-plaza-na-krku-hr","9":"product_tag-plaza-u-porecu","11":"first","12":"instock","13":"taxable","14":"shipping-taxable","15":"purchasable","16":"product-type-simple"},"yoast_head":"<!-- This site is optimized with the Yoast SEO plugin v27.2 - https:\/\/yoast.com\/product\/yoast-seo-wordpress\/ -->\n<title>Slama za suncobran Maroko - Egzotika i \u0161arm - PAVI DECOR<\/title>\n<meta name=\"description\" content=\"Slama za suncobran Maroko je potpuno prirodan materijal, koji daje tradicionalan i istodobno egzoti\u010dan izgled. Vrlo je izdr\u017eljiva i ekolo\u0161ki prihvatljiva.\" \/>\n<meta name=\"robots\" content=\"index, follow, max-snippet:-1, max-image-preview:large, max-video-preview:-1\" \/>\n<link rel=\"canonical\" href=\"https:\/\/pavidecor.si\/hr\/proizvod\/slama-za-suncobran-maroko-fi190cm\/\" \/>\n<meta property=\"og:locale\" content=\"hr_HR\" \/>\n<meta property=\"og:type\" content=\"article\" \/>\n<meta property=\"og:title\" content=\"Slama za suncobran Maroko - Egzotika i \u0161arm - PAVI DECOR\" \/>\n<meta property=\"og:description\" content=\"Slama za suncobran Maroko je potpuno prirodan materijal, koji daje tradicionalan i istodobno egzoti\u010dan izgled. Vrlo je izdr\u017eljiva i ekolo\u0161ki prihvatljiva.\" \/>\n<meta property=\"og:url\" content=\"https:\/\/pavidecor.si\/hr\/proizvod\/slama-za-suncobran-maroko-fi190cm\/\" \/>\n<meta property=\"og:site_name\" content=\"Pavi Decor\" \/>\n<meta property=\"article:modified_time\" content=\"2026-05-14T18:34:07+00:00\" \/>\n<meta property=\"og:image\" content=\"https:\/\/pavidecor.si\/wp-content\/uploads\/2022\/02\/Slama-za-sencnik-gladka-2-scaled.jpg\" \/>\n\t<meta property=\"og:image:width\" content=\"2560\" \/>\n\t<meta property=\"og:image:height\" content=\"2560\" \/>\n\t<meta property=\"og:image:type\" content=\"image\/jpeg\" \/>\n<meta name=\"twitter:card\" content=\"summary_large_image\" \/>\n<meta name=\"twitter:label1\" content=\"Procijenjeno vrijeme \u010ditanja\" \/>\n\t<meta name=\"twitter:data1\" content=\"4 minute\" \/>\n<script type=\"application\/ld+json\" class=\"yoast-schema-graph\">{\"@context\":\"https:\/\/schema.org\",\"@graph\":[{\"@type\":\"WebPage\",\"@id\":\"https:\/\/pavidecor.si\/hr\/proizvod\/slama-za-suncobran-maroko-fi190cm\/\",\"url\":\"https:\/\/pavidecor.si\/hr\/proizvod\/slama-za-suncobran-maroko-fi190cm\/\",\"name\":\"Slama za suncobran Maroko - Egzotika i \u0161arm - PAVI DECOR\",\"isPartOf\":{\"@id\":\"https:\/\/pavidecor.si\/hr\/#website\"},\"primaryImageOfPage\":{\"@id\":\"https:\/\/pavidecor.si\/hr\/proizvod\/slama-za-suncobran-maroko-fi190cm\/#primaryimage\"},\"image\":{\"@id\":\"https:\/\/pavidecor.si\/hr\/proizvod\/slama-za-suncobran-maroko-fi190cm\/#primaryimage\"},\"thumbnailUrl\":\"https:\/\/pavidecor.si\/wp-content\/uploads\/2022\/02\/Slama-za-sencnik-gladka-2-scaled.jpg\",\"datePublished\":\"2022-02-26T10:29:25+00:00\",\"dateModified\":\"2026-05-14T18:34:07+00:00\",\"description\":\"Slama za suncobran Maroko je potpuno prirodan materijal, koji daje tradicionalan i istodobno egzoti\u010dan izgled. Vrlo je izdr\u017eljiva i ekolo\u0161ki prihvatljiva.\",\"breadcrumb\":{\"@id\":\"https:\/\/pavidecor.si\/hr\/proizvod\/slama-za-suncobran-maroko-fi190cm\/#breadcrumb\"},\"inLanguage\":\"hr\",\"potentialAction\":[{\"@type\":\"ReadAction\",\"target\":[\"https:\/\/pavidecor.si\/hr\/proizvod\/slama-za-suncobran-maroko-fi190cm\/\"]}]},{\"@type\":\"ImageObject\",\"inLanguage\":\"hr\",\"@id\":\"https:\/\/pavidecor.si\/hr\/proizvod\/slama-za-suncobran-maroko-fi190cm\/#primaryimage\",\"url\":\"https:\/\/pavidecor.si\/wp-content\/uploads\/2022\/02\/Slama-za-sencnik-gladka-2-scaled.jpg\",\"contentUrl\":\"https:\/\/pavidecor.si\/wp-content\/uploads\/2022\/02\/Slama-za-sencnik-gladka-2-scaled.jpg\",\"width\":2560,\"height\":2560,\"caption\":\"PAVI DECOR\"},{\"@type\":\"BreadcrumbList\",\"@id\":\"https:\/\/pavidecor.si\/hr\/proizvod\/slama-za-suncobran-maroko-fi190cm\/#breadcrumb\",\"itemListElement\":[{\"@type\":\"ListItem\",\"position\":1,\"name\":\"Domov\",\"item\":\"https:\/\/pavidecor.si\/hr\/\"},{\"@type\":\"ListItem\",\"position\":2,\"name\":\"Internetska trgovina\",\"item\":\"https:\/\/pavidecor.si\/hr\/internetska-trgovina\/\"},{\"@type\":\"ListItem\",\"position\":3,\"name\":\"Slama za suncobran Maroko natur fi190cm\"}]},{\"@type\":\"WebSite\",\"@id\":\"https:\/\/pavidecor.si\/hr\/#website\",\"url\":\"https:\/\/pavidecor.si\/hr\/\",\"name\":\"Pavi Decor\",\"description\":\"Leseni unikati ustvarjeni iz ljubezni do lesa in narave.\",\"potentialAction\":[{\"@type\":\"SearchAction\",\"target\":{\"@type\":\"EntryPoint\",\"urlTemplate\":\"https:\/\/pavidecor.si\/hr\/?s={search_term_string}\"},\"query-input\":{\"@type\":\"PropertyValueSpecification\",\"valueRequired\":true,\"valueName\":\"search_term_string\"}}],\"inLanguage\":\"hr\"}]}<\/script>\n<!-- \/ Yoast SEO plugin. -->","yoast_head_json":{"title":"Slama za suncobran Maroko - Egzotika i \u0161arm - PAVI DECOR","description":"Slama za suncobran Maroko je potpuno prirodan materijal, koji daje tradicionalan i istodobno egzoti\u010dan izgled. Vrlo je izdr\u017eljiva i ekolo\u0161ki prihvatljiva.","robots":{"index":"index","follow":"follow","max-snippet":"max-snippet:-1","max-image-preview":"max-image-preview:large","max-video-preview":"max-video-preview:-1"},"canonical":"https:\/\/pavidecor.si\/hr\/proizvod\/slama-za-suncobran-maroko-fi190cm\/","og_locale":"hr_HR","og_type":"article","og_title":"Slama za suncobran Maroko - Egzotika i \u0161arm - PAVI DECOR","og_description":"Slama za suncobran Maroko je potpuno prirodan materijal, koji daje tradicionalan i istodobno egzoti\u010dan izgled. Vrlo je izdr\u017eljiva i ekolo\u0161ki prihvatljiva.","og_url":"https:\/\/pavidecor.si\/hr\/proizvod\/slama-za-suncobran-maroko-fi190cm\/","og_site_name":"Pavi Decor","article_modified_time":"2026-05-14T18:34:07+00:00","og_image":[{"width":2560,"height":2560,"url":"https:\/\/pavidecor.si\/wp-content\/uploads\/2022\/02\/Slama-za-sencnik-gladka-2-scaled.jpg","type":"image\/jpeg"}],"twitter_card":"summary_large_image","twitter_misc":{"Procijenjeno vrijeme \u010ditanja":"4 minute"},"schema":{"@context":"https:\/\/schema.org","@graph":[{"@type":"WebPage","@id":"https:\/\/pavidecor.si\/hr\/proizvod\/slama-za-suncobran-maroko-fi190cm\/","url":"https:\/\/pavidecor.si\/hr\/proizvod\/slama-za-suncobran-maroko-fi190cm\/","name":"Slama za suncobran Maroko - Egzotika i \u0161arm - PAVI DECOR","isPartOf":{"@id":"https:\/\/pavidecor.si\/hr\/#website"},"primaryImageOfPage":{"@id":"https:\/\/pavidecor.si\/hr\/proizvod\/slama-za-suncobran-maroko-fi190cm\/#primaryimage"},"image":{"@id":"https:\/\/pavidecor.si\/hr\/proizvod\/slama-za-suncobran-maroko-fi190cm\/#primaryimage"},"thumbnailUrl":"https:\/\/pavidecor.si\/wp-content\/uploads\/2022\/02\/Slama-za-sencnik-gladka-2-scaled.jpg","datePublished":"2022-02-26T10:29:25+00:00","dateModified":"2026-05-14T18:34:07+00:00","description":"Slama za suncobran Maroko je potpuno prirodan materijal, koji daje tradicionalan i istodobno egzoti\u010dan izgled. Vrlo je izdr\u017eljiva i ekolo\u0161ki prihvatljiva.","breadcrumb":{"@id":"https:\/\/pavidecor.si\/hr\/proizvod\/slama-za-suncobran-maroko-fi190cm\/#breadcrumb"},"inLanguage":"hr","potentialAction":[{"@type":"ReadAction","target":["https:\/\/pavidecor.si\/hr\/proizvod\/slama-za-suncobran-maroko-fi190cm\/"]}]},{"@type":"ImageObject","inLanguage":"hr","@id":"https:\/\/pavidecor.si\/hr\/proizvod\/slama-za-suncobran-maroko-fi190cm\/#primaryimage","url":"https:\/\/pavidecor.si\/wp-content\/uploads\/2022\/02\/Slama-za-sencnik-gladka-2-scaled.jpg","contentUrl":"https:\/\/pavidecor.si\/wp-content\/uploads\/2022\/02\/Slama-za-sencnik-gladka-2-scaled.jpg","width":2560,"height":2560,"caption":"PAVI DECOR"},{"@type":"BreadcrumbList","@id":"https:\/\/pavidecor.si\/hr\/proizvod\/slama-za-suncobran-maroko-fi190cm\/#breadcrumb","itemListElement":[{"@type":"ListItem","position":1,"name":"Domov","item":"https:\/\/pavidecor.si\/hr\/"},{"@type":"ListItem","position":2,"name":"Internetska trgovina","item":"https:\/\/pavidecor.si\/hr\/internetska-trgovina\/"},{"@type":"ListItem","position":3,"name":"Slama za suncobran Maroko natur fi190cm"}]},{"@type":"WebSite","@id":"https:\/\/pavidecor.si\/hr\/#website","url":"https:\/\/pavidecor.si\/hr\/","name":"Pavi Decor","description":"Leseni unikati ustvarjeni iz ljubezni do lesa in narave.","potentialAction":[{"@type":"SearchAction","target":{"@type":"EntryPoint","urlTemplate":"https:\/\/pavidecor.si\/hr\/?s={search_term_string}"},"query-input":{"@type":"PropertyValueSpecification","valueRequired":true,"valueName":"search_term_string"}}],"inLanguage":"hr"}]}},"_links":{"self":[{"href":"https:\/\/pavidecor.si\/hr\/wp-json\/wp\/v2\/product\/14181","targetHints":{"allow":["GET"]}}],"collection":[{"href":"https:\/\/pavidecor.si\/hr\/wp-json\/wp\/v2\/product"}],"about":[{"href":"https:\/\/pavidecor.si\/hr\/wp-json\/wp\/v2\/types\/product"}],"replies":[{"embeddable":true,"href":"https:\/\/pavidecor.si\/hr\/wp-json\/wp\/v2\/comments?post=14181"}],"wp:featuredmedia":[{"embeddable":true,"href":"https:\/\/pavidecor.si\/hr\/wp-json\/wp\/v2\/media\/14186"}],"wp:attachment":[{"href":"https:\/\/pavidecor.si\/hr\/wp-json\/wp\/v2\/media?parent=14181"}],"wp:term":[{"taxonomy":"product_brand","embeddable":true,"href":"https:\/\/pavidecor.si\/hr\/wp-json\/wp\/v2\/product_brand?post=14181"},{"taxonomy":"product_cat","embeddable":true,"href":"https:\/\/pavidecor.si\/hr\/wp-json\/wp\/v2\/product_cat?post=14181"},{"taxonomy":"product_tag","embeddable":true,"href":"https:\/\/pavidecor.si\/hr\/wp-json\/wp\/v2\/product_tag?post=14181"}],"curies":[{"name":"wp","href":"https:\/\/api.w.org\/{rel}","templated":true}]}}