	{"id":14138,"date":"2022-03-02T18:22:22","date_gmt":"2022-03-02T18:22:22","guid":{"rendered":"https:\/\/pavidecor.si\/product\/lezaljka-havana\/"},"modified":"2026-04-06T10:08:27","modified_gmt":"2026-04-06T10:08:27","slug":"vrtna-lezaljka-havana","status":"publish","type":"product","link":"https:\/\/pavidecor.si\/hr\/proizvod\/vrtna-lezaljka-havana\/","title":{"rendered":"Vrtna le\u017ealjka Havana"},"content":{"rendered":"<p><span class=\"prvimanjsinaslovopis\">Vrtna le\u017ealjka Havana sa suncobranom za glavu &#8211; U\u017eivajte u udobnosti i stilu na otvorenom<\/span><\/p>\n<p>&nbsp;<\/p>\n<h2><span class=\"odebeljenopis\"><strong>Vrtna le\u017ealjka Havana predstavlja savr\u0161eni spoj udobnosti i funkcionalnosti, idealno za opu\u0161tanje na pla\u017ei, terasi ili uz bazen. Ovaj unikatni proizvod iz PAVI DECOR-a, izra\u0111en s ljubavlju prema drvetu i prirodi, donosi vam vrhunski dizajn i kvalitetu koja \u0107e zadovoljiti i najzahtjevnije korisnike.<\/strong><\/span><\/h2>\n<p>&nbsp;<\/p>\n<div class=\"row\">\n<div class=\"col-sm-6 \" style=\"margin-top: 30px;\"><center><img decoding=\"async\" class=\"lazyload img-responsive\" style=\"margin: 0px auto; max-width: 100%;\" src=\"data:image\/svg+xml,%3Csvg%20xmlns%3D%27http%3A%2F%2Fwww.w3.org%2F2000%2Fsvg%27%20width%3D%272560%27%20height%3D%272560%27%20viewBox%3D%270%200%202560%202560%27%3E%3Crect%20width%3D%272560%27%20height%3D%272560%27%20fill-opacity%3D%220%22%2F%3E%3C%2Fsvg%3E\" data-orig-src=\"https:\/\/pavidecor.si\/wp-content\/uploads\/2022\/03\/Lezalnik-Havana1-scaled.jpg\" \/><\/center><\/div>\n<div class=\"col-sm-6\" style=\"margin-top: 40px;\">\n<p>&nbsp;<\/p>\n<h3>Izvrsna udobnost i prilagodljivost<\/h3>\n<p>Vrtna le\u017ealjka Havana nudi <b>iznimnu udobnost<\/b> zahvaljuju\u0107i svom prilagodljivom naslonu koji se mo\u017ee postaviti u dva razli\u010dita polo\u017eaja. Bez obzira na to \u017eelite li se opustiti uz knjigu ili u\u017eivati u sun\u010danju, ova le\u017ealjka \u0107e zadovoljiti sve va\u0161e potrebe. Njezin <b>zlo\u017eivi dizajn<\/b> omogu\u0107ava jednostavno skladi\u0161tenje i transport, \u0161to ju \u010dini savr\u0161enim izborom za sve va\u0161e izlete na more ili vikend odmore.<\/p>\n<p>&nbsp;<\/p>\n<p>Osim \u0161to je prakti\u010dna, le\u017ealjka Havana tako\u0111er dolazi s <b>nastavljivim suncobranom<\/b> koji \u0107e vas za\u0161tititi od jakog sunca. Ova funkcionalnost \u010dini je idealnom za kori\u0161tenje na pla\u017ei, gdje sun\u010deve zrake mogu biti vrlo intenzivne. U\u017eivajte u dugim ljetnim danima bez brige o sun\u010danju, jer je le\u017ealjka dizajnirana s va\u0161im udobnostima na umu.<\/p>\n<p>&nbsp;<\/p>\n<\/div>\n<\/div>\n<div class=\"row\">\n<div class=\"col-sm-6 col-sm-push-6\" style=\"margin-top: 30px;\"><center><img decoding=\"async\" class=\"lazyload img-responsive\" style=\"margin: 0px auto; max-width: 100%;\" src=\"data:image\/svg+xml,%3Csvg%20xmlns%3D%27http%3A%2F%2Fwww.w3.org%2F2000%2Fsvg%27%20width%3D%272560%27%20height%3D%272560%27%20viewBox%3D%270%200%202560%202560%27%3E%3Crect%20width%3D%272560%27%20height%3D%272560%27%20fill-opacity%3D%220%22%2F%3E%3C%2Fsvg%3E\" data-orig-src=\" https:\/\/pavidecor.si\/wp-content\/uploads\/2022\/03\/2-scaled.jpg\" \/><\/center><\/div>\n<div class=\"col-sm-6 col-sm-pull-6\" style=\"margin-top: 40px;\">\n<p>&nbsp;<\/p>\n<h3>Kvaliteta i ru\u010dna izrada<\/h3>\n<p>U PAVI DECOR-u, svaka le\u017ealjka Havana izra\u0111ena je s posebnom pa\u017enjom i ljubavlju prema drvetu. Na\u0161a strast prema prirodi i drvenim materijalima ogleda se u svakom detalju ovog proizvoda. <b>Ru\u010dna izrada<\/b> osigurava da svaki komad bude jedinstven, s pa\u017enjom na detalje koja podsje\u0107a na tehnike starih majstora.<\/p>\n<p>&nbsp;<\/p>\n<p>Vrtna le\u017ealjka Havana je izra\u0111ena od <b>bukovog drva<\/b>, poznatog po svojoj izdr\u017eljivosti i otpornosti na vremenske uvjete. Le\u017ei\u0161te od PVC tkanine, duga\u010dko 190 cm, pru\u017ea dodatnu udobnost i lako se odr\u017eava. Zbog svoje kvalitete, le\u017ealjke Havana su postale obavezni dio opreme terasa apartmana u <a href=\"https:\/\/paviapartments.com\/apartments\/luxury-apartment\/\"><strong><span style=\"color: #3366ff;\">Vili Amalia<\/span><\/strong><\/a> na otoku Krku, gdje mo\u017eete u\u017eivati u njihovoj udobnosti i stilu.<\/p>\n<p>&nbsp;<\/p>\n<\/div>\n<\/div>\n<div class=\"row\">\n<div class=\"col-sm-6\" style=\"margin-top: 30px;\"><center><img decoding=\"async\" class=\"lazyload img-responsive\" style=\"margin: 0px auto; max-width: 100%;\" src=\"data:image\/svg+xml,%3Csvg%20xmlns%3D%27http%3A%2F%2Fwww.w3.org%2F2000%2Fsvg%27%20width%3D%272560%27%20height%3D%272560%27%20viewBox%3D%270%200%202560%202560%27%3E%3Crect%20width%3D%272560%27%20height%3D%272560%27%20fill-opacity%3D%220%22%2F%3E%3C%2Fsvg%3E\" data-orig-src=\" https:\/\/pavidecor.si\/wp-content\/uploads\/2022\/03\/3-scaled.jpg\" \/><\/center><\/div>\n<div class=\"col-sm-6\" style=\"margin-top: 40px;\">\n<p>&nbsp;<\/p>\n<h3>Specifikacije proizvoda<\/h3>\n<p>Vrtna le\u017ealjka Havana\u00a0ima sljede\u0107e karakteristike:<br \/>\n&#8211; <b>Dimenzije le\u017ei\u0161ta:<\/b> 190 cm<br \/>\n&#8211; <b>Materijal okvira:<\/b> Bukovo drvo<br \/>\n&#8211; <b>Materijal le\u017ei\u0161ta:<\/b> PVC tkanina, otporna na vremenske uvjete<br \/>\n&#8211; <b>Nastavljivi naslon:<\/b> Da, u dva polo\u017eaja<br \/>\n&#8211; <b>Nastavljivi suncobran:<\/b> Da<\/p>\n<p>&nbsp;<\/p>\n<p>Ovu le\u017ealjku mo\u017eete prona\u0107i i na na\u0161oj <a href=\"https:\/\/pavidecor.si\/hr\/projects\/plaza-na-krku\/\"><strong><span style=\"color: #3366ff;\">pla\u017ei na Krku<\/span><\/strong><\/a>, gdje se savr\u0161eno uklapa u prirodni ambijent. U\u017eivajte u ljetnim danima s le\u017ealjkom Havana, koja \u0107e vam pru\u017eiti sve \u0161to vam je potrebno za opu\u0161tanje i u\u017eivanje na otvorenom.<\/p>\n<\/div>\n<\/div>\n<p>&nbsp;<\/p>\n","protected":false},"excerpt":{"rendered":"<p><strong><span style=\"color: #c4963c;\">\u2192 Iznimno udobna<\/span><\/strong><strong><span style=\"color: #c4963c;\"><br \/>\n<\/span><span style=\"color: #c4963c;\">\u2192 Dva polo\u017eaja naslona<\/span><\/strong><br \/>\n<strong><span style=\"color: #c4963c;\">\u2192 Suncobran za glavu<\/span><\/strong><\/p>\n","protected":false},"featured_media":14139,"comment_status":"open","ping_status":"closed","template":"","meta":[],"product_brand":[],"product_cat":[261],"product_tag":[272,274],"class_list":{"0":"post-14138","1":"product","2":"type-product","3":"status-publish","4":"has-post-thumbnail","6":"product_cat-vrtni-namjestaj","7":"product_tag-obnovljena-kamena-kuca","8":"product_tag-plaza-na-krku-hr","10":"first","11":"instock","12":"taxable","13":"shipping-taxable","14":"purchasable","15":"product-type-simple"},"yoast_head":"<!-- This site is optimized with the Yoast SEO plugin v27.2 - https:\/\/yoast.com\/product\/yoast-seo-wordpress\/ -->\n<title>Vrtna le\u017ealjka Havana PAVI DECOR - Udobnost i stil na otvorenom<\/title>\n<meta name=\"description\" content=\"Vrtna le\u017ealjka Havana sa suncobranom za glavu karakterizira iznimna udobnost i vrhunska izrada. Naslon je podesiv u dva polo\u017eaja. Vrlo izdr\u017eljiva le\u017ealjka.\" \/>\n<meta name=\"robots\" content=\"index, follow, max-snippet:-1, max-image-preview:large, max-video-preview:-1\" \/>\n<link rel=\"canonical\" href=\"https:\/\/pavidecor.si\/hr\/proizvod\/vrtna-lezaljka-havana\/\" \/>\n<meta property=\"og:locale\" content=\"hr_HR\" \/>\n<meta property=\"og:type\" content=\"article\" \/>\n<meta property=\"og:title\" content=\"Vrtna le\u017ealjka Havana PAVI DECOR - Udobnost i stil na otvorenom\" \/>\n<meta property=\"og:description\" content=\"Vrtna le\u017ealjka Havana sa suncobranom za glavu karakterizira iznimna udobnost i vrhunska izrada. Naslon je podesiv u dva polo\u017eaja. Vrlo izdr\u017eljiva le\u017ealjka.\" \/>\n<meta property=\"og:url\" content=\"https:\/\/pavidecor.si\/hr\/proizvod\/vrtna-lezaljka-havana\/\" \/>\n<meta property=\"og:site_name\" content=\"Pavi Decor\" \/>\n<meta property=\"article:modified_time\" content=\"2026-04-06T10:08:27+00:00\" \/>\n<meta property=\"og:image\" content=\"https:\/\/pavidecor.si\/wp-content\/uploads\/2022\/03\/Lezalnik-Havana1-scaled.jpg\" \/>\n\t<meta property=\"og:image:width\" content=\"2560\" \/>\n\t<meta property=\"og:image:height\" content=\"2560\" \/>\n\t<meta property=\"og:image:type\" content=\"image\/jpeg\" \/>\n<meta name=\"twitter:card\" content=\"summary_large_image\" \/>\n<meta name=\"twitter:label1\" content=\"Procijenjeno vrijeme \u010ditanja\" \/>\n\t<meta name=\"twitter:data1\" content=\"3 minute\" \/>\n<script type=\"application\/ld+json\" class=\"yoast-schema-graph\">{\"@context\":\"https:\/\/schema.org\",\"@graph\":[{\"@type\":\"WebPage\",\"@id\":\"https:\/\/pavidecor.si\/hr\/proizvod\/vrtna-lezaljka-havana\/\",\"url\":\"https:\/\/pavidecor.si\/hr\/proizvod\/vrtna-lezaljka-havana\/\",\"name\":\"Vrtna le\u017ealjka Havana PAVI DECOR - Udobnost i stil na otvorenom\",\"isPartOf\":{\"@id\":\"https:\/\/pavidecor.si\/hr\/#website\"},\"primaryImageOfPage\":{\"@id\":\"https:\/\/pavidecor.si\/hr\/proizvod\/vrtna-lezaljka-havana\/#primaryimage\"},\"image\":{\"@id\":\"https:\/\/pavidecor.si\/hr\/proizvod\/vrtna-lezaljka-havana\/#primaryimage\"},\"thumbnailUrl\":\"https:\/\/pavidecor.si\/wp-content\/uploads\/2022\/03\/Lezalnik-Havana1-scaled.jpg\",\"datePublished\":\"2022-03-02T18:22:22+00:00\",\"dateModified\":\"2026-04-06T10:08:27+00:00\",\"description\":\"Vrtna le\u017ealjka Havana sa suncobranom za glavu karakterizira iznimna udobnost i vrhunska izrada. Naslon je podesiv u dva polo\u017eaja. Vrlo izdr\u017eljiva le\u017ealjka.\",\"breadcrumb\":{\"@id\":\"https:\/\/pavidecor.si\/hr\/proizvod\/vrtna-lezaljka-havana\/#breadcrumb\"},\"inLanguage\":\"hr\",\"potentialAction\":[{\"@type\":\"ReadAction\",\"target\":[\"https:\/\/pavidecor.si\/hr\/proizvod\/vrtna-lezaljka-havana\/\"]}]},{\"@type\":\"ImageObject\",\"inLanguage\":\"hr\",\"@id\":\"https:\/\/pavidecor.si\/hr\/proizvod\/vrtna-lezaljka-havana\/#primaryimage\",\"url\":\"https:\/\/pavidecor.si\/wp-content\/uploads\/2022\/03\/Lezalnik-Havana1-scaled.jpg\",\"contentUrl\":\"https:\/\/pavidecor.si\/wp-content\/uploads\/2022\/03\/Lezalnik-Havana1-scaled.jpg\",\"width\":2560,\"height\":2560,\"caption\":\"PAVI DECOR\"},{\"@type\":\"BreadcrumbList\",\"@id\":\"https:\/\/pavidecor.si\/hr\/proizvod\/vrtna-lezaljka-havana\/#breadcrumb\",\"itemListElement\":[{\"@type\":\"ListItem\",\"position\":1,\"name\":\"Domov\",\"item\":\"https:\/\/pavidecor.si\/hr\/\"},{\"@type\":\"ListItem\",\"position\":2,\"name\":\"Internetska trgovina\",\"item\":\"https:\/\/pavidecor.si\/hr\/internetska-trgovina\/\"},{\"@type\":\"ListItem\",\"position\":3,\"name\":\"Vrtna le\u017ealjka Havana\"}]},{\"@type\":\"WebSite\",\"@id\":\"https:\/\/pavidecor.si\/hr\/#website\",\"url\":\"https:\/\/pavidecor.si\/hr\/\",\"name\":\"Pavi Decor\",\"description\":\"Leseni unikati ustvarjeni iz ljubezni do lesa in narave.\",\"potentialAction\":[{\"@type\":\"SearchAction\",\"target\":{\"@type\":\"EntryPoint\",\"urlTemplate\":\"https:\/\/pavidecor.si\/hr\/?s={search_term_string}\"},\"query-input\":{\"@type\":\"PropertyValueSpecification\",\"valueRequired\":true,\"valueName\":\"search_term_string\"}}],\"inLanguage\":\"hr\"}]}<\/script>\n<!-- \/ Yoast SEO plugin. -->","yoast_head_json":{"title":"Vrtna le\u017ealjka Havana PAVI DECOR - Udobnost i stil na otvorenom","description":"Vrtna le\u017ealjka Havana sa suncobranom za glavu karakterizira iznimna udobnost i vrhunska izrada. Naslon je podesiv u dva polo\u017eaja. Vrlo izdr\u017eljiva le\u017ealjka.","robots":{"index":"index","follow":"follow","max-snippet":"max-snippet:-1","max-image-preview":"max-image-preview:large","max-video-preview":"max-video-preview:-1"},"canonical":"https:\/\/pavidecor.si\/hr\/proizvod\/vrtna-lezaljka-havana\/","og_locale":"hr_HR","og_type":"article","og_title":"Vrtna le\u017ealjka Havana PAVI DECOR - Udobnost i stil na otvorenom","og_description":"Vrtna le\u017ealjka Havana sa suncobranom za glavu karakterizira iznimna udobnost i vrhunska izrada. Naslon je podesiv u dva polo\u017eaja. Vrlo izdr\u017eljiva le\u017ealjka.","og_url":"https:\/\/pavidecor.si\/hr\/proizvod\/vrtna-lezaljka-havana\/","og_site_name":"Pavi Decor","article_modified_time":"2026-04-06T10:08:27+00:00","og_image":[{"width":2560,"height":2560,"url":"https:\/\/pavidecor.si\/wp-content\/uploads\/2022\/03\/Lezalnik-Havana1-scaled.jpg","type":"image\/jpeg"}],"twitter_card":"summary_large_image","twitter_misc":{"Procijenjeno vrijeme \u010ditanja":"3 minute"},"schema":{"@context":"https:\/\/schema.org","@graph":[{"@type":"WebPage","@id":"https:\/\/pavidecor.si\/hr\/proizvod\/vrtna-lezaljka-havana\/","url":"https:\/\/pavidecor.si\/hr\/proizvod\/vrtna-lezaljka-havana\/","name":"Vrtna le\u017ealjka Havana PAVI DECOR - Udobnost i stil na otvorenom","isPartOf":{"@id":"https:\/\/pavidecor.si\/hr\/#website"},"primaryImageOfPage":{"@id":"https:\/\/pavidecor.si\/hr\/proizvod\/vrtna-lezaljka-havana\/#primaryimage"},"image":{"@id":"https:\/\/pavidecor.si\/hr\/proizvod\/vrtna-lezaljka-havana\/#primaryimage"},"thumbnailUrl":"https:\/\/pavidecor.si\/wp-content\/uploads\/2022\/03\/Lezalnik-Havana1-scaled.jpg","datePublished":"2022-03-02T18:22:22+00:00","dateModified":"2026-04-06T10:08:27+00:00","description":"Vrtna le\u017ealjka Havana sa suncobranom za glavu karakterizira iznimna udobnost i vrhunska izrada. Naslon je podesiv u dva polo\u017eaja. Vrlo izdr\u017eljiva le\u017ealjka.","breadcrumb":{"@id":"https:\/\/pavidecor.si\/hr\/proizvod\/vrtna-lezaljka-havana\/#breadcrumb"},"inLanguage":"hr","potentialAction":[{"@type":"ReadAction","target":["https:\/\/pavidecor.si\/hr\/proizvod\/vrtna-lezaljka-havana\/"]}]},{"@type":"ImageObject","inLanguage":"hr","@id":"https:\/\/pavidecor.si\/hr\/proizvod\/vrtna-lezaljka-havana\/#primaryimage","url":"https:\/\/pavidecor.si\/wp-content\/uploads\/2022\/03\/Lezalnik-Havana1-scaled.jpg","contentUrl":"https:\/\/pavidecor.si\/wp-content\/uploads\/2022\/03\/Lezalnik-Havana1-scaled.jpg","width":2560,"height":2560,"caption":"PAVI DECOR"},{"@type":"BreadcrumbList","@id":"https:\/\/pavidecor.si\/hr\/proizvod\/vrtna-lezaljka-havana\/#breadcrumb","itemListElement":[{"@type":"ListItem","position":1,"name":"Domov","item":"https:\/\/pavidecor.si\/hr\/"},{"@type":"ListItem","position":2,"name":"Internetska trgovina","item":"https:\/\/pavidecor.si\/hr\/internetska-trgovina\/"},{"@type":"ListItem","position":3,"name":"Vrtna le\u017ealjka Havana"}]},{"@type":"WebSite","@id":"https:\/\/pavidecor.si\/hr\/#website","url":"https:\/\/pavidecor.si\/hr\/","name":"Pavi Decor","description":"Leseni unikati ustvarjeni iz ljubezni do lesa in narave.","potentialAction":[{"@type":"SearchAction","target":{"@type":"EntryPoint","urlTemplate":"https:\/\/pavidecor.si\/hr\/?s={search_term_string}"},"query-input":{"@type":"PropertyValueSpecification","valueRequired":true,"valueName":"search_term_string"}}],"inLanguage":"hr"}]}},"_links":{"self":[{"href":"https:\/\/pavidecor.si\/hr\/wp-json\/wp\/v2\/product\/14138","targetHints":{"allow":["GET"]}}],"collection":[{"href":"https:\/\/pavidecor.si\/hr\/wp-json\/wp\/v2\/product"}],"about":[{"href":"https:\/\/pavidecor.si\/hr\/wp-json\/wp\/v2\/types\/product"}],"replies":[{"embeddable":true,"href":"https:\/\/pavidecor.si\/hr\/wp-json\/wp\/v2\/comments?post=14138"}],"wp:featuredmedia":[{"embeddable":true,"href":"https:\/\/pavidecor.si\/hr\/wp-json\/wp\/v2\/media\/14139"}],"wp:attachment":[{"href":"https:\/\/pavidecor.si\/hr\/wp-json\/wp\/v2\/media?parent=14138"}],"wp:term":[{"taxonomy":"product_brand","embeddable":true,"href":"https:\/\/pavidecor.si\/hr\/wp-json\/wp\/v2\/product_brand?post=14138"},{"taxonomy":"product_cat","embeddable":true,"href":"https:\/\/pavidecor.si\/hr\/wp-json\/wp\/v2\/product_cat?post=14138"},{"taxonomy":"product_tag","embeddable":true,"href":"https:\/\/pavidecor.si\/hr\/wp-json\/wp\/v2\/product_tag?post=14138"}],"curies":[{"name":"wp","href":"https:\/\/api.w.org\/{rel}","templated":true}]}}