	{"id":14002,"date":"2022-03-10T10:12:57","date_gmt":"2022-03-10T10:12:57","guid":{"rendered":"https:\/\/pavidecor.si\/product\/jedro-i-jarbol-300x140x10cm\/"},"modified":"2026-04-22T17:41:31","modified_gmt":"2026-04-22T17:41:31","slug":"jedro-i-jarbol-300x140x10cm","status":"publish","type":"product","link":"https:\/\/pavidecor.si\/hr\/proizvod\/jedro-i-jarbol-300x140x10cm\/","title":{"rendered":"Jedro i jarbol 300x140x10cm"},"content":{"rendered":"<p><span class=\"prvimanjsinaslovopis\">Jedro i jarbol &#8211; Morski dekor s osje\u0107ajem prirode<\/span><\/p>\n<p>&nbsp;<\/p>\n<h2><span class=\"odebeljenopis\"><strong> U\u017eivajte u \u010daroliji morskog stila s na\u0161im jedinstvenim jedrom i jarbolom, koji \u0107e svaki prostor pretvoriti u oazu inspiriranu morem. Ovi proizvodi, izra\u0111eni s ljubavlju i pa\u017enjom, donose da\u0161ak prirode u va\u0161 dom ili vanjski prostor. Otkrijte kako PAVI DECOR iz Ljubljane spaja tradiciju i inovaciju u svakom detalju.<\/strong><\/span><\/h2>\n<p>&nbsp;<\/p>\n<div class=\"row\">\n<div class=\"col-sm-6 \" style=\"margin-top: 30px;\"><center><img decoding=\"async\" class=\"lazyload img-responsive\" style=\"margin: 0px auto; max-width: 100%;\" src=\"data:image\/svg+xml,%3Csvg%20xmlns%3D%27http%3A%2F%2Fwww.w3.org%2F2000%2Fsvg%27%20width%3D%272560%27%20height%3D%272560%27%20viewBox%3D%270%200%202560%202560%27%3E%3Crect%20width%3D%272560%27%20height%3D%272560%27%20fill-opacity%3D%220%22%2F%3E%3C%2Fsvg%3E\" data-orig-src=\"https:\/\/pavidecor.si\/wp-content\/uploads\/2022\/03\/Gregor-Bajt_-PAVI-jadro-ST.Barth-No.0101-2-2-scaled.jpg\" \/><\/center><\/div>\n<div class=\"col-sm-6\" style=\"margin-top: 40px;\">\n<p>&nbsp;<\/p>\n<h3>Jedinstveni Dizajn i Ru\u010dna Izrada<\/h3>\n<p>Na\u0161i proizvodi su rezultat strasti prema drvetu i prirodi, a svaki komad je ru\u010dno izra\u0111en s posebnom pa\u017enjom. <span class=\"prvimanjsinaslovopis\">Jedro i jarbol<\/span> su savr\u0161eni za dekoraciju unutarnjih i vanjskih prostora, dodaju\u0107i morski ugo\u0111aj koji privla\u010di poglede. Jedro se mo\u017ee postaviti vertikalno ili horizontalno, \u0161to ga \u010dini svestranim dodatkom za svaki ambijent. Bilo da ga postavite na terasu, vrt ili unutarnji prostor, ovaj dekorativni element \u0107e zasigurno postati sredi\u0161nja to\u010dka.<\/p>\n<p>&nbsp;<\/p>\n<p>Na\u0161a strast prema drvetu o\u010dituje se u svakom detalju. <b>Ru\u010dna izrada<\/b> i tradicionalne tehnike spajanja drvenih dijelova osiguravaju da svaki komad izgleda kao autenti\u010dno umjetni\u010dko djelo. Ovaj jedinstveni pristup ne samo da jam\u010di kvalitetu, ve\u0107 i stvara proizvode koji pri\u010daju pri\u010du o tradiciji i ljubavi prema prirodi. U PAVI DECOR-u, svaki proizvod je rezultat na\u0161eg znanja i kreativnosti, a svaki komad nosi svoju jedinstvenu povijest.<\/p>\n<p>&nbsp;<\/p>\n<\/div>\n<\/div>\n<div class=\"row\">\n<div class=\"col-sm-6 col-sm-push-6\" style=\"margin-top: 30px;\"><center><img decoding=\"async\" class=\"lazyload img-responsive\" style=\"margin: 0px auto; max-width: 100%;\" src=\"data:image\/svg+xml,%3Csvg%20xmlns%3D%27http%3A%2F%2Fwww.w3.org%2F2000%2Fsvg%27%20width%3D%272560%27%20height%3D%272560%27%20viewBox%3D%270%200%202560%202560%27%3E%3Crect%20width%3D%272560%27%20height%3D%272560%27%20fill-opacity%3D%220%22%2F%3E%3C%2Fsvg%3E\" data-orig-src=\" https:\/\/pavidecor.si\/wp-content\/uploads\/2022\/03\/Gregor-Bajt_-PAVI-jadro-ST.Barth-No.0101-3-2-scaled.jpg\" \/><\/center><\/div>\n<div class=\"col-sm-6 col-sm-pull-6\" style=\"margin-top: 40px;\">\n<p>&nbsp;<\/p>\n<h3>Personalizacija i Prilagodba<\/h3>\n<p>Jedna od posebnosti na\u0161eg j<span class=\"prvimanjsinaslovopis\">edra i jarbola<\/span> je mogu\u0107nost <b>personalizacije<\/b>. Mo\u017eemo prilagoditi dimenzije jedra i <span class=\"prvimanjsinaslovopis\">jarbola<\/span> prema va\u0161im \u017eeljama, a tako\u0111er nudimo i mogu\u0107nost izrade natpisa po narud\u017ebi. Ova prilagodba omogu\u0107ava vam da stvorite jedinstveni komad koji \u0107e savr\u0161eno odgovarati va\u0161em prostoru i stilu.<\/p>\n<p>&nbsp;<\/p>\n<p>Osim \u0161to je savr\u0161en dekorativni element, prilago\u0111eno jedro mo\u017ee poslu\u017eiti i kao u\u010dinkovit reklamni alat. Zamislite kako \u0107e va\u0161i klijenti pamtiti va\u0161u tvrtku kada vide jedinstveno, personalizirano jadro s va\u0161im logotipom ili porukom. Ovaj proizvod ne samo da \u0107e obogatiti va\u0161 prostor, ve\u0107 \u0107e i ostaviti sna\u017ean dojam na sve koji ga vide.<\/p>\n<p>&nbsp;<\/p>\n<\/div>\n<\/div>\n<div class=\"row\">\n<div class=\"col-sm-6\" style=\"margin-top: 30px;\"><center><img decoding=\"async\" class=\"lazyload img-responsive\" style=\"margin: 0px auto; max-width: 100%;\" src=\"data:image\/svg+xml,%3Csvg%20xmlns%3D%27http%3A%2F%2Fwww.w3.org%2F2000%2Fsvg%27%20width%3D%272560%27%20height%3D%272560%27%20viewBox%3D%270%200%202560%202560%27%3E%3Crect%20width%3D%272560%27%20height%3D%272560%27%20fill-opacity%3D%220%22%2F%3E%3C%2Fsvg%3E\" data-orig-src=\" https:\/\/pavidecor.si\/wp-content\/uploads\/2022\/03\/Gregor-Bajt_-PAVI-jadro-ST.Barth-No.0101-2-3-scaled.jpg\" \/><\/center><\/div>\n<div class=\"col-sm-6\" style=\"margin-top: 40px;\">\n<p>&nbsp;<\/p>\n<h3>Tehni\u010dke Specifikacije<\/h3>\n<p>Na\u0161e jedinstveno j<span class=\"prvimanjsinaslovopis\">edro i jarbol<\/span> dolaze s obostrano ispisanim natpisima &#8211; &#8220;St. Tropez&#8221; i &#8220;St. Bart&#8221;. Ovi natpisi dodaju dodatni \u0161arm i karakter va\u0161em dekoru. <b>Dimenzije i materijali<\/b> mogu se prilagoditi prema va\u0161im potrebama, a svi proizvodi su izra\u0111eni od visokokvalitetnog drva, \u0161to osigurava dugotrajnost i otpornost na vremenske uvjete.<\/p>\n<p>&nbsp;<\/p>\n<p>U PAVI DECOR-u, svaki proizvod je rezultat na\u0161e predanosti kvaliteti i ljubavi prema prirodi. Na\u0161i proizvodi su izra\u0111eni u Sloveniji, a svaki komad nosi sa sobom duh tradicije i ru\u010dne izrade. Otkrijte kako na\u0161i jedinstveni j<span class=\"prvimanjsinaslovopis\">edro i jarbol<\/span> mogu obogatiti va\u0161 prostor i donijeti da\u0161ak morskog ugo\u0111aja u va\u0161 dom. Sli\u010dno kao u na\u0161em <a href=\"https:\/\/pavidecor.si\/hr\/projects\/morski-ambijent\/\"><strong><span style=\"color: #3366ff;\">morskom ambijentu<\/span><\/strong><\/a>.<\/p>\n<\/div>\n<\/div>\n<p>&nbsp;<\/p>\n","protected":false},"excerpt":{"rendered":"<p><strong><span style=\"color: #c4963c;\">\u2192 Rukotvorine<br \/>\n<\/span><span style=\"color: #c4963c;\">\u2192 Jedinstven<\/span><\/strong><br \/>\n<strong><span style=\"color: #c4963c;\">\u2192 Mogu\u0107 je prilago\u0111eni natpis<\/span><\/strong><\/p>\n","protected":false},"featured_media":14004,"comment_status":"open","ping_status":"closed","template":"","meta":[],"product_brand":[],"product_cat":[258],"product_tag":[255],"class_list":{"0":"post-14002","1":"product","2":"type-product","3":"status-publish","4":"has-post-thumbnail","6":"product_cat-jedra","7":"product_tag-morski-ambijent","9":"first","10":"instock","11":"sold-individually","12":"taxable","13":"shipping-taxable","14":"purchasable","15":"product-type-simple"},"yoast_head":"<!-- This site is optimized with the Yoast SEO plugin v27.2 - https:\/\/yoast.com\/product\/yoast-seo-wordpress\/ -->\n<title>Jedro i jarbol PAVI DECOR - Morski dekor s osje\u0107ajem prirode<\/title>\n<meta name=\"description\" content=\"Jedro i jarbol atraktivan su i uo\u010dljiv ukrasni element koji privla\u010di mnoge znati\u017eeljne poglede. Mogu\u0107a izrada natpisa po narud\u017ebi.\" \/>\n<meta name=\"robots\" content=\"index, follow, max-snippet:-1, max-image-preview:large, max-video-preview:-1\" \/>\n<link rel=\"canonical\" href=\"https:\/\/pavidecor.si\/hr\/proizvod\/jedro-i-jarbol-300x140x10cm\/\" \/>\n<meta property=\"og:locale\" content=\"hr_HR\" \/>\n<meta property=\"og:type\" content=\"article\" \/>\n<meta property=\"og:title\" content=\"Jedro i jarbol PAVI DECOR - Morski dekor s osje\u0107ajem prirode\" \/>\n<meta property=\"og:description\" content=\"Jedro i jarbol atraktivan su i uo\u010dljiv ukrasni element koji privla\u010di mnoge znati\u017eeljne poglede. Mogu\u0107a izrada natpisa po narud\u017ebi.\" \/>\n<meta property=\"og:url\" content=\"https:\/\/pavidecor.si\/hr\/proizvod\/jedro-i-jarbol-300x140x10cm\/\" \/>\n<meta property=\"og:site_name\" content=\"Pavi Decor\" \/>\n<meta property=\"article:modified_time\" content=\"2026-04-22T17:41:31+00:00\" \/>\n<meta property=\"og:image\" content=\"https:\/\/pavidecor.si\/wp-content\/uploads\/2022\/03\/Gregor-Bajt_-PAVI-jadro-ST.Barth-No.0101-2-2-scaled.jpg\" \/>\n\t<meta property=\"og:image:width\" content=\"2560\" \/>\n\t<meta property=\"og:image:height\" content=\"2560\" \/>\n\t<meta property=\"og:image:type\" content=\"image\/jpeg\" \/>\n<meta name=\"twitter:card\" content=\"summary_large_image\" \/>\n<meta name=\"twitter:label1\" content=\"Procijenjeno vrijeme \u010ditanja\" \/>\n\t<meta name=\"twitter:data1\" content=\"4 minute\" \/>\n<script type=\"application\/ld+json\" class=\"yoast-schema-graph\">{\"@context\":\"https:\/\/schema.org\",\"@graph\":[{\"@type\":\"WebPage\",\"@id\":\"https:\/\/pavidecor.si\/hr\/proizvod\/jedro-i-jarbol-300x140x10cm\/\",\"url\":\"https:\/\/pavidecor.si\/hr\/proizvod\/jedro-i-jarbol-300x140x10cm\/\",\"name\":\"Jedro i jarbol PAVI DECOR - Morski dekor s osje\u0107ajem prirode\",\"isPartOf\":{\"@id\":\"https:\/\/pavidecor.si\/hr\/#website\"},\"primaryImageOfPage\":{\"@id\":\"https:\/\/pavidecor.si\/hr\/proizvod\/jedro-i-jarbol-300x140x10cm\/#primaryimage\"},\"image\":{\"@id\":\"https:\/\/pavidecor.si\/hr\/proizvod\/jedro-i-jarbol-300x140x10cm\/#primaryimage\"},\"thumbnailUrl\":\"https:\/\/pavidecor.si\/wp-content\/uploads\/2022\/03\/Gregor-Bajt_-PAVI-jadro-ST.Barth-No.0101-2-2-scaled.jpg\",\"datePublished\":\"2022-03-10T10:12:57+00:00\",\"dateModified\":\"2026-04-22T17:41:31+00:00\",\"description\":\"Jedro i jarbol atraktivan su i uo\u010dljiv ukrasni element koji privla\u010di mnoge znati\u017eeljne poglede. Mogu\u0107a izrada natpisa po narud\u017ebi.\",\"breadcrumb\":{\"@id\":\"https:\/\/pavidecor.si\/hr\/proizvod\/jedro-i-jarbol-300x140x10cm\/#breadcrumb\"},\"inLanguage\":\"hr\",\"potentialAction\":[{\"@type\":\"ReadAction\",\"target\":[\"https:\/\/pavidecor.si\/hr\/proizvod\/jedro-i-jarbol-300x140x10cm\/\"]}]},{\"@type\":\"ImageObject\",\"inLanguage\":\"hr\",\"@id\":\"https:\/\/pavidecor.si\/hr\/proizvod\/jedro-i-jarbol-300x140x10cm\/#primaryimage\",\"url\":\"https:\/\/pavidecor.si\/wp-content\/uploads\/2022\/03\/Gregor-Bajt_-PAVI-jadro-ST.Barth-No.0101-2-2-scaled.jpg\",\"contentUrl\":\"https:\/\/pavidecor.si\/wp-content\/uploads\/2022\/03\/Gregor-Bajt_-PAVI-jadro-ST.Barth-No.0101-2-2-scaled.jpg\",\"width\":2560,\"height\":2560,\"caption\":\"PAVI DECOR\"},{\"@type\":\"BreadcrumbList\",\"@id\":\"https:\/\/pavidecor.si\/hr\/proizvod\/jedro-i-jarbol-300x140x10cm\/#breadcrumb\",\"itemListElement\":[{\"@type\":\"ListItem\",\"position\":1,\"name\":\"Domov\",\"item\":\"https:\/\/pavidecor.si\/hr\/\"},{\"@type\":\"ListItem\",\"position\":2,\"name\":\"Internetska trgovina\",\"item\":\"https:\/\/pavidecor.si\/hr\/internetska-trgovina\/\"},{\"@type\":\"ListItem\",\"position\":3,\"name\":\"Jedro i jarbol 300x140x10cm\"}]},{\"@type\":\"WebSite\",\"@id\":\"https:\/\/pavidecor.si\/hr\/#website\",\"url\":\"https:\/\/pavidecor.si\/hr\/\",\"name\":\"Pavi Decor\",\"description\":\"Leseni unikati ustvarjeni iz ljubezni do lesa in narave.\",\"potentialAction\":[{\"@type\":\"SearchAction\",\"target\":{\"@type\":\"EntryPoint\",\"urlTemplate\":\"https:\/\/pavidecor.si\/hr\/?s={search_term_string}\"},\"query-input\":{\"@type\":\"PropertyValueSpecification\",\"valueRequired\":true,\"valueName\":\"search_term_string\"}}],\"inLanguage\":\"hr\"}]}<\/script>\n<!-- \/ Yoast SEO plugin. -->","yoast_head_json":{"title":"Jedro i jarbol PAVI DECOR - Morski dekor s osje\u0107ajem prirode","description":"Jedro i jarbol atraktivan su i uo\u010dljiv ukrasni element koji privla\u010di mnoge znati\u017eeljne poglede. Mogu\u0107a izrada natpisa po narud\u017ebi.","robots":{"index":"index","follow":"follow","max-snippet":"max-snippet:-1","max-image-preview":"max-image-preview:large","max-video-preview":"max-video-preview:-1"},"canonical":"https:\/\/pavidecor.si\/hr\/proizvod\/jedro-i-jarbol-300x140x10cm\/","og_locale":"hr_HR","og_type":"article","og_title":"Jedro i jarbol PAVI DECOR - Morski dekor s osje\u0107ajem prirode","og_description":"Jedro i jarbol atraktivan su i uo\u010dljiv ukrasni element koji privla\u010di mnoge znati\u017eeljne poglede. Mogu\u0107a izrada natpisa po narud\u017ebi.","og_url":"https:\/\/pavidecor.si\/hr\/proizvod\/jedro-i-jarbol-300x140x10cm\/","og_site_name":"Pavi Decor","article_modified_time":"2026-04-22T17:41:31+00:00","og_image":[{"width":2560,"height":2560,"url":"https:\/\/pavidecor.si\/wp-content\/uploads\/2022\/03\/Gregor-Bajt_-PAVI-jadro-ST.Barth-No.0101-2-2-scaled.jpg","type":"image\/jpeg"}],"twitter_card":"summary_large_image","twitter_misc":{"Procijenjeno vrijeme \u010ditanja":"4 minute"},"schema":{"@context":"https:\/\/schema.org","@graph":[{"@type":"WebPage","@id":"https:\/\/pavidecor.si\/hr\/proizvod\/jedro-i-jarbol-300x140x10cm\/","url":"https:\/\/pavidecor.si\/hr\/proizvod\/jedro-i-jarbol-300x140x10cm\/","name":"Jedro i jarbol PAVI DECOR - Morski dekor s osje\u0107ajem prirode","isPartOf":{"@id":"https:\/\/pavidecor.si\/hr\/#website"},"primaryImageOfPage":{"@id":"https:\/\/pavidecor.si\/hr\/proizvod\/jedro-i-jarbol-300x140x10cm\/#primaryimage"},"image":{"@id":"https:\/\/pavidecor.si\/hr\/proizvod\/jedro-i-jarbol-300x140x10cm\/#primaryimage"},"thumbnailUrl":"https:\/\/pavidecor.si\/wp-content\/uploads\/2022\/03\/Gregor-Bajt_-PAVI-jadro-ST.Barth-No.0101-2-2-scaled.jpg","datePublished":"2022-03-10T10:12:57+00:00","dateModified":"2026-04-22T17:41:31+00:00","description":"Jedro i jarbol atraktivan su i uo\u010dljiv ukrasni element koji privla\u010di mnoge znati\u017eeljne poglede. Mogu\u0107a izrada natpisa po narud\u017ebi.","breadcrumb":{"@id":"https:\/\/pavidecor.si\/hr\/proizvod\/jedro-i-jarbol-300x140x10cm\/#breadcrumb"},"inLanguage":"hr","potentialAction":[{"@type":"ReadAction","target":["https:\/\/pavidecor.si\/hr\/proizvod\/jedro-i-jarbol-300x140x10cm\/"]}]},{"@type":"ImageObject","inLanguage":"hr","@id":"https:\/\/pavidecor.si\/hr\/proizvod\/jedro-i-jarbol-300x140x10cm\/#primaryimage","url":"https:\/\/pavidecor.si\/wp-content\/uploads\/2022\/03\/Gregor-Bajt_-PAVI-jadro-ST.Barth-No.0101-2-2-scaled.jpg","contentUrl":"https:\/\/pavidecor.si\/wp-content\/uploads\/2022\/03\/Gregor-Bajt_-PAVI-jadro-ST.Barth-No.0101-2-2-scaled.jpg","width":2560,"height":2560,"caption":"PAVI DECOR"},{"@type":"BreadcrumbList","@id":"https:\/\/pavidecor.si\/hr\/proizvod\/jedro-i-jarbol-300x140x10cm\/#breadcrumb","itemListElement":[{"@type":"ListItem","position":1,"name":"Domov","item":"https:\/\/pavidecor.si\/hr\/"},{"@type":"ListItem","position":2,"name":"Internetska trgovina","item":"https:\/\/pavidecor.si\/hr\/internetska-trgovina\/"},{"@type":"ListItem","position":3,"name":"Jedro i jarbol 300x140x10cm"}]},{"@type":"WebSite","@id":"https:\/\/pavidecor.si\/hr\/#website","url":"https:\/\/pavidecor.si\/hr\/","name":"Pavi Decor","description":"Leseni unikati ustvarjeni iz ljubezni do lesa in narave.","potentialAction":[{"@type":"SearchAction","target":{"@type":"EntryPoint","urlTemplate":"https:\/\/pavidecor.si\/hr\/?s={search_term_string}"},"query-input":{"@type":"PropertyValueSpecification","valueRequired":true,"valueName":"search_term_string"}}],"inLanguage":"hr"}]}},"_links":{"self":[{"href":"https:\/\/pavidecor.si\/hr\/wp-json\/wp\/v2\/product\/14002","targetHints":{"allow":["GET"]}}],"collection":[{"href":"https:\/\/pavidecor.si\/hr\/wp-json\/wp\/v2\/product"}],"about":[{"href":"https:\/\/pavidecor.si\/hr\/wp-json\/wp\/v2\/types\/product"}],"replies":[{"embeddable":true,"href":"https:\/\/pavidecor.si\/hr\/wp-json\/wp\/v2\/comments?post=14002"}],"wp:featuredmedia":[{"embeddable":true,"href":"https:\/\/pavidecor.si\/hr\/wp-json\/wp\/v2\/media\/14004"}],"wp:attachment":[{"href":"https:\/\/pavidecor.si\/hr\/wp-json\/wp\/v2\/media?parent=14002"}],"wp:term":[{"taxonomy":"product_brand","embeddable":true,"href":"https:\/\/pavidecor.si\/hr\/wp-json\/wp\/v2\/product_brand?post=14002"},{"taxonomy":"product_cat","embeddable":true,"href":"https:\/\/pavidecor.si\/hr\/wp-json\/wp\/v2\/product_cat?post=14002"},{"taxonomy":"product_tag","embeddable":true,"href":"https:\/\/pavidecor.si\/hr\/wp-json\/wp\/v2\/product_tag?post=14002"}],"curies":[{"name":"wp","href":"https:\/\/api.w.org\/{rel}","templated":true}]}}