	{"id":13892,"date":"2022-03-18T10:28:30","date_gmt":"2022-03-18T10:28:30","guid":{"rendered":"https:\/\/pavidecor.si\/product\/klupski-stol-diana-o90x505cm\/"},"modified":"2026-04-22T15:19:41","modified_gmt":"2026-04-22T15:19:41","slug":"klupski-stol-diana-o90x505cm","status":"publish","type":"product","link":"https:\/\/pavidecor.si\/hr\/proizvod\/klupski-stol-diana-o90x505cm\/","title":{"rendered":"Klupski stol Diana \u00f890&#215;50,5cm"},"content":{"rendered":"<p>Klupski stol Diana &#8211; Osvijetlite svoj prostor toplinom i elegancijom<\/p>\n<p>&nbsp;<\/p>\n<h2><span class=\"odebeljenopis\"><strong>Klupski stol Diana pravi je dragulj za va\u0161 dom. Njegov jedinstveni dizajn i romanti\u010dna rasvjeta stvaraju ugodnu atmosferu koja \u0107e obogatiti svaki prostor. Ru\u010dno izra\u0111en od visokokvalitetnog drva topole, ovaj stoli\u0107 vi\u0161e je od funkcionalnog komada namje\u0161taja; to je umjetni\u010dko djelo koje u va\u0161 dom unosi toplinu i ugodu.<\/strong><\/span><\/h2>\n<p>&nbsp;<\/p>\n<div class=\"row\">\n<div class=\"col-sm-6 \" style=\"margin-top: 30px;\"><center><img decoding=\"async\" class=\"lazyload img-responsive\" style=\"margin: 0px auto; max-width: 100%;\" src=\"data:image\/svg+xml,%3Csvg%20xmlns%3D%27http%3A%2F%2Fwww.w3.org%2F2000%2Fsvg%27%20width%3D%272560%27%20height%3D%272560%27%20viewBox%3D%270%200%202560%202560%27%3E%3Crect%20width%3D%272560%27%20height%3D%272560%27%20fill-opacity%3D%220%22%2F%3E%3C%2Fsvg%3E\" data-orig-src=\"https:\/\/pavidecor.si\/wp-content\/uploads\/2022\/03\/Klubska-mizica-natur-No.0120-1-scaled.jpg\" \/><\/center><\/div>\n<div class=\"col-sm-6\" style=\"margin-top: 40px;\">\n<p>&nbsp;<\/p>\n<h3>Unikatna ru\u010dna izrada<\/h3>\n<p>Klupski stol Diana rezultat je strasti i predanosti na\u0161eg tima u PAVI DECOR-u u Ljubljani. Ru\u010dna izrada, s naglaskom na detalje i kvalitetu, klju\u010dna zna\u010dajka na\u0161ih proizvoda je zanatska izrada. Stol je izra\u0111en od topolovog drva, poznatog po svojoj lako\u0107i i izdr\u017eljivosti. Stranice su opremljene letvicama od posje\u010denog drva u prirodnoj boji, \u0161to dodatno <strong>nagla\u0161ava njegovu prirodnu ljepotu<\/strong>. Na\u0161a strast prema drvu odra\u017eava se u svakom komadu koji stvaramo, osiguravaju\u0107i da je svaki komad jedinstven i autenti\u010dan.<\/p>\n<p>&nbsp;<\/p>\n<p>Koriste\u0107i tradicionalne tehnike stolarstva koje su koristili stari majstori, klub stoli\u0107 Diana pru\u017ea autenti\u010dan izgled i osje\u0107aj. Ovaj pristup ne samo da osigurava izdr\u017eljivost, ve\u0107 i \u010duva duh pro\u0161losti, \u0161to je rijetkost u dana\u0161njem svijetu. Na\u0161a predanost kvaliteti i dizajnu zna\u010di da mo\u017eete s povjerenjem u\u017eivati \u200b\u200bu ovom stolu, koji \u0107e postati <strong>sredi\u0161nji dio doma<\/strong>.<\/p>\n<p>&nbsp;<\/p>\n<\/div>\n<\/div>\n<div class=\"row\">\n<div class=\"col-sm-6 col-sm-push-6\" style=\"margin-top: 30px;\"><center><img decoding=\"async\" class=\"lazyload img-responsive\" style=\"margin: 0px auto; max-width: 100%;\" src=\"data:image\/svg+xml,%3Csvg%20xmlns%3D%27http%3A%2F%2Fwww.w3.org%2F2000%2Fsvg%27%20width%3D%272560%27%20height%3D%272560%27%20viewBox%3D%270%200%202560%202560%27%3E%3Crect%20width%3D%272560%27%20height%3D%272560%27%20fill-opacity%3D%220%22%2F%3E%3C%2Fsvg%3E\" data-orig-src=\" https:\/\/pavidecor.si\/wp-content\/uploads\/2022\/03\/Klubska-mizica-natur-No.0120-2-2-scaled.jpg\" \/><\/center><\/div>\n<div class=\"col-sm-6 col-sm-pull-6\" style=\"margin-top: 40px;\">\n<p>&nbsp;<\/p>\n<h3>Funkcionalnost i estetika<\/h3>\n<p>Klupski stol Diana nije samo lijep, ve\u0107 i <strong>izuzetno funkcionalan<\/strong>. Njegov poseban cilindri\u010dni oblik omogu\u0107uje mu da se lako uklopi u razli\u010dite prostore, bilo da se radi o blagovaonici, dnevnom boravku ili spava\u0107oj sobi. Shabby chic ambijent savr\u0161en je za ovaj klub stoli\u0107, jer se njegova estetika savr\u0161eno sla\u017ee s razli\u010ditim stilskim trendovima.<\/p>\n<p>&nbsp;<\/p>\n<p>Kada je uklju\u010deno unutarnje svjetlo, klub stoli\u0107 Diana utjelovljuje sunce. Njegove zrake svjetlosti \u0161ire se po prostoriji i stvaraju diskretnu ambijentalnu rasvjetu, \u0161to je idealno za romanti\u010dne ve\u010deri ili opu\u0161taju\u0107e trenutke uz knjigu. Ovaj stoli\u0107 ne samo da slu\u017ei svojoj svrsi, ve\u0107 i <strong>oboga\u0107uje prostor te unosi toplinu i ugodu<\/strong>, \u0161to je izuzetno va\u017eno u dana\u0161njem brzom \u017eivotu.<\/p>\n<p>&nbsp;<\/p>\n<\/div>\n<\/div>\n<div class=\"row\">\n<div class=\"col-sm-6\" style=\"margin-top: 30px;\"><center><img decoding=\"async\" class=\"lazyload img-responsive\" style=\"margin: 0px auto; max-width: 100%;\" src=\"data:image\/svg+xml,%3Csvg%20xmlns%3D%27http%3A%2F%2Fwww.w3.org%2F2000%2Fsvg%27%20width%3D%272541%27%20height%3D%272541%27%20viewBox%3D%270%200%202541%202541%27%3E%3Crect%20width%3D%272541%27%20height%3D%272541%27%20fill-opacity%3D%220%22%2F%3E%3C%2Fsvg%3E\" data-orig-src=\" https:\/\/pavidecor.si\/wp-content\/uploads\/2022\/03\/Klubska-mizica-natur-No.0120-3-2.jpg\" \/><\/center><\/div>\n<div class=\"col-sm-6\" style=\"margin-top: 40px;\">\n<p>&nbsp;<\/p>\n<h3>Specifikacije i dostupnost<\/h3>\n<p>Klupski stol Diana dostupan je u raznim dimenzijama, \u0161to vam omogu\u0107uje da ga prilagodite svojim potrebama i prostoru. Izra\u0111en je od topolovog drva, \u0161to <strong>osigurava dugotrajnu upotrebu i jednostavno odr\u017eavanje<\/strong>. Na\u0161a trgovina PAVI DECOR nudi \u0161irok izbor jedinstvenih drvenih proizvoda, koji su plod vlastitog znanja i kreativnosti. Svi na\u0161i proizvodi izra\u0111eni su u Sloveniji, \u0161to jam\u010di kvalitetu i autenti\u010dnost.<\/p>\n<p>&nbsp;<\/p>\n<p>S stoli\u0107em Diana dobit \u0107ete ne samo funkcionalan komad namje\u0161taja, ve\u0107 i umjetni\u010dki element koji \u0107e obogatiti va\u0161 dom. Ne zaboravite da stoli\u0107 Diana mo\u017eete vidjeti i u na\u0161em <a href=\"https:\/\/pavidecor.si\/hr\/projects\/morski-ambijent\/\"><strong><span style=\"color: #3366ff;\">morskom ambijentu<\/span><\/strong><\/a>, \u0161to dodatno pro\u0161iruje mogu\u0107nosti va\u0161eg izbora. Pridru\u017eite nam se u PAVI DECOR-u i otkrijte kako ovaj stol mo\u017ee postati dio va\u0161eg doma.<\/p>\n<\/div>\n<\/div>\n","protected":false},"excerpt":{"rendered":"<p><strong><span style=\"color: #c4963c;\">\u2192 Rukotvorine<br \/>\n<\/span><span style=\"color: #c4963c;\">\u2192 Jedinstven<\/span><\/strong><br \/>\n<strong><span style=\"color: #c4963c;\">\u2192 Uklju\u010dena LED \u017earulja<\/span><\/strong><\/p>\n","protected":false},"featured_media":13894,"comment_status":"open","ping_status":"closed","template":"","meta":[],"product_brand":[],"product_cat":[224],"product_tag":[218],"class_list":{"0":"post-13892","1":"product","2":"type-product","3":"status-publish","4":"has-post-thumbnail","6":"product_cat-klupski-stolovi","7":"product_tag-nov","9":"first","10":"instock","11":"sold-individually","12":"taxable","13":"shipping-taxable","14":"purchasable","15":"product-type-simple"},"yoast_head":"<!-- This site is optimized with the Yoast SEO plugin v27.2 - https:\/\/yoast.com\/product\/yoast-seo-wordpress\/ -->\n<title>Klupski stol Diana - Osvetlite svoj prostor s toplino in eleganco<\/title>\n<meta name=\"description\" content=\"Klupski stol Diana ima poseban cilindri\u010dni oblik, a unutarnja rasvjeta do\u010darava romanti\u010dnu atmosferu. Stoli\u0107 za kavu je ru\u010dno izra\u0111en i jedinstven.\" \/>\n<meta name=\"robots\" content=\"index, follow, max-snippet:-1, max-image-preview:large, max-video-preview:-1\" \/>\n<link rel=\"canonical\" href=\"https:\/\/pavidecor.si\/hr\/proizvod\/klupski-stol-diana-o90x505cm\/\" \/>\n<meta property=\"og:locale\" content=\"hr_HR\" \/>\n<meta property=\"og:type\" content=\"article\" \/>\n<meta property=\"og:title\" content=\"Klupski stol Diana - Osvetlite svoj prostor s toplino in eleganco\" \/>\n<meta property=\"og:description\" content=\"Klupski stol Diana ima poseban cilindri\u010dni oblik, a unutarnja rasvjeta do\u010darava romanti\u010dnu atmosferu. Stoli\u0107 za kavu je ru\u010dno izra\u0111en i jedinstven.\" \/>\n<meta property=\"og:url\" content=\"https:\/\/pavidecor.si\/hr\/proizvod\/klupski-stol-diana-o90x505cm\/\" \/>\n<meta property=\"og:site_name\" content=\"Pavi Decor\" \/>\n<meta property=\"article:modified_time\" content=\"2026-04-22T15:19:41+00:00\" \/>\n<meta property=\"og:image\" content=\"https:\/\/pavidecor.si\/wp-content\/uploads\/2022\/03\/Klubska-mizica-natur-No.0120-1-scaled.jpg\" \/>\n\t<meta property=\"og:image:width\" content=\"2560\" \/>\n\t<meta property=\"og:image:height\" content=\"2560\" \/>\n\t<meta property=\"og:image:type\" content=\"image\/jpeg\" \/>\n<meta name=\"twitter:card\" content=\"summary_large_image\" \/>\n<meta name=\"twitter:label1\" content=\"Procijenjeno vrijeme \u010ditanja\" \/>\n\t<meta name=\"twitter:data1\" content=\"4 minute\" \/>\n<script type=\"application\/ld+json\" class=\"yoast-schema-graph\">{\"@context\":\"https:\/\/schema.org\",\"@graph\":[{\"@type\":\"WebPage\",\"@id\":\"https:\/\/pavidecor.si\/hr\/proizvod\/klupski-stol-diana-o90x505cm\/\",\"url\":\"https:\/\/pavidecor.si\/hr\/proizvod\/klupski-stol-diana-o90x505cm\/\",\"name\":\"Klupski stol Diana - Osvetlite svoj prostor s toplino in eleganco\",\"isPartOf\":{\"@id\":\"https:\/\/pavidecor.si\/hr\/#website\"},\"primaryImageOfPage\":{\"@id\":\"https:\/\/pavidecor.si\/hr\/proizvod\/klupski-stol-diana-o90x505cm\/#primaryimage\"},\"image\":{\"@id\":\"https:\/\/pavidecor.si\/hr\/proizvod\/klupski-stol-diana-o90x505cm\/#primaryimage\"},\"thumbnailUrl\":\"https:\/\/pavidecor.si\/wp-content\/uploads\/2022\/03\/Klubska-mizica-natur-No.0120-1-scaled.jpg\",\"datePublished\":\"2022-03-18T10:28:30+00:00\",\"dateModified\":\"2026-04-22T15:19:41+00:00\",\"description\":\"Klupski stol Diana ima poseban cilindri\u010dni oblik, a unutarnja rasvjeta do\u010darava romanti\u010dnu atmosferu. Stoli\u0107 za kavu je ru\u010dno izra\u0111en i jedinstven.\",\"breadcrumb\":{\"@id\":\"https:\/\/pavidecor.si\/hr\/proizvod\/klupski-stol-diana-o90x505cm\/#breadcrumb\"},\"inLanguage\":\"hr\",\"potentialAction\":[{\"@type\":\"ReadAction\",\"target\":[\"https:\/\/pavidecor.si\/hr\/proizvod\/klupski-stol-diana-o90x505cm\/\"]}]},{\"@type\":\"ImageObject\",\"inLanguage\":\"hr\",\"@id\":\"https:\/\/pavidecor.si\/hr\/proizvod\/klupski-stol-diana-o90x505cm\/#primaryimage\",\"url\":\"https:\/\/pavidecor.si\/wp-content\/uploads\/2022\/03\/Klubska-mizica-natur-No.0120-1-scaled.jpg\",\"contentUrl\":\"https:\/\/pavidecor.si\/wp-content\/uploads\/2022\/03\/Klubska-mizica-natur-No.0120-1-scaled.jpg\",\"width\":2560,\"height\":2560,\"caption\":\"PAVI DECOR\"},{\"@type\":\"BreadcrumbList\",\"@id\":\"https:\/\/pavidecor.si\/hr\/proizvod\/klupski-stol-diana-o90x505cm\/#breadcrumb\",\"itemListElement\":[{\"@type\":\"ListItem\",\"position\":1,\"name\":\"Domov\",\"item\":\"https:\/\/pavidecor.si\/hr\/\"},{\"@type\":\"ListItem\",\"position\":2,\"name\":\"Internetska trgovina\",\"item\":\"https:\/\/pavidecor.si\/hr\/internetska-trgovina\/\"},{\"@type\":\"ListItem\",\"position\":3,\"name\":\"Klupski stol Diana \u00f890&#215;50,5cm\"}]},{\"@type\":\"WebSite\",\"@id\":\"https:\/\/pavidecor.si\/hr\/#website\",\"url\":\"https:\/\/pavidecor.si\/hr\/\",\"name\":\"Pavi Decor\",\"description\":\"Leseni unikati ustvarjeni iz ljubezni do lesa in narave.\",\"potentialAction\":[{\"@type\":\"SearchAction\",\"target\":{\"@type\":\"EntryPoint\",\"urlTemplate\":\"https:\/\/pavidecor.si\/hr\/?s={search_term_string}\"},\"query-input\":{\"@type\":\"PropertyValueSpecification\",\"valueRequired\":true,\"valueName\":\"search_term_string\"}}],\"inLanguage\":\"hr\"}]}<\/script>\n<!-- \/ Yoast SEO plugin. -->","yoast_head_json":{"title":"Klupski stol Diana - Osvetlite svoj prostor s toplino in eleganco","description":"Klupski stol Diana ima poseban cilindri\u010dni oblik, a unutarnja rasvjeta do\u010darava romanti\u010dnu atmosferu. Stoli\u0107 za kavu je ru\u010dno izra\u0111en i jedinstven.","robots":{"index":"index","follow":"follow","max-snippet":"max-snippet:-1","max-image-preview":"max-image-preview:large","max-video-preview":"max-video-preview:-1"},"canonical":"https:\/\/pavidecor.si\/hr\/proizvod\/klupski-stol-diana-o90x505cm\/","og_locale":"hr_HR","og_type":"article","og_title":"Klupski stol Diana - Osvetlite svoj prostor s toplino in eleganco","og_description":"Klupski stol Diana ima poseban cilindri\u010dni oblik, a unutarnja rasvjeta do\u010darava romanti\u010dnu atmosferu. Stoli\u0107 za kavu je ru\u010dno izra\u0111en i jedinstven.","og_url":"https:\/\/pavidecor.si\/hr\/proizvod\/klupski-stol-diana-o90x505cm\/","og_site_name":"Pavi Decor","article_modified_time":"2026-04-22T15:19:41+00:00","og_image":[{"width":2560,"height":2560,"url":"https:\/\/pavidecor.si\/wp-content\/uploads\/2022\/03\/Klubska-mizica-natur-No.0120-1-scaled.jpg","type":"image\/jpeg"}],"twitter_card":"summary_large_image","twitter_misc":{"Procijenjeno vrijeme \u010ditanja":"4 minute"},"schema":{"@context":"https:\/\/schema.org","@graph":[{"@type":"WebPage","@id":"https:\/\/pavidecor.si\/hr\/proizvod\/klupski-stol-diana-o90x505cm\/","url":"https:\/\/pavidecor.si\/hr\/proizvod\/klupski-stol-diana-o90x505cm\/","name":"Klupski stol Diana - Osvetlite svoj prostor s toplino in eleganco","isPartOf":{"@id":"https:\/\/pavidecor.si\/hr\/#website"},"primaryImageOfPage":{"@id":"https:\/\/pavidecor.si\/hr\/proizvod\/klupski-stol-diana-o90x505cm\/#primaryimage"},"image":{"@id":"https:\/\/pavidecor.si\/hr\/proizvod\/klupski-stol-diana-o90x505cm\/#primaryimage"},"thumbnailUrl":"https:\/\/pavidecor.si\/wp-content\/uploads\/2022\/03\/Klubska-mizica-natur-No.0120-1-scaled.jpg","datePublished":"2022-03-18T10:28:30+00:00","dateModified":"2026-04-22T15:19:41+00:00","description":"Klupski stol Diana ima poseban cilindri\u010dni oblik, a unutarnja rasvjeta do\u010darava romanti\u010dnu atmosferu. Stoli\u0107 za kavu je ru\u010dno izra\u0111en i jedinstven.","breadcrumb":{"@id":"https:\/\/pavidecor.si\/hr\/proizvod\/klupski-stol-diana-o90x505cm\/#breadcrumb"},"inLanguage":"hr","potentialAction":[{"@type":"ReadAction","target":["https:\/\/pavidecor.si\/hr\/proizvod\/klupski-stol-diana-o90x505cm\/"]}]},{"@type":"ImageObject","inLanguage":"hr","@id":"https:\/\/pavidecor.si\/hr\/proizvod\/klupski-stol-diana-o90x505cm\/#primaryimage","url":"https:\/\/pavidecor.si\/wp-content\/uploads\/2022\/03\/Klubska-mizica-natur-No.0120-1-scaled.jpg","contentUrl":"https:\/\/pavidecor.si\/wp-content\/uploads\/2022\/03\/Klubska-mizica-natur-No.0120-1-scaled.jpg","width":2560,"height":2560,"caption":"PAVI DECOR"},{"@type":"BreadcrumbList","@id":"https:\/\/pavidecor.si\/hr\/proizvod\/klupski-stol-diana-o90x505cm\/#breadcrumb","itemListElement":[{"@type":"ListItem","position":1,"name":"Domov","item":"https:\/\/pavidecor.si\/hr\/"},{"@type":"ListItem","position":2,"name":"Internetska trgovina","item":"https:\/\/pavidecor.si\/hr\/internetska-trgovina\/"},{"@type":"ListItem","position":3,"name":"Klupski stol Diana \u00f890&#215;50,5cm"}]},{"@type":"WebSite","@id":"https:\/\/pavidecor.si\/hr\/#website","url":"https:\/\/pavidecor.si\/hr\/","name":"Pavi Decor","description":"Leseni unikati ustvarjeni iz ljubezni do lesa in narave.","potentialAction":[{"@type":"SearchAction","target":{"@type":"EntryPoint","urlTemplate":"https:\/\/pavidecor.si\/hr\/?s={search_term_string}"},"query-input":{"@type":"PropertyValueSpecification","valueRequired":true,"valueName":"search_term_string"}}],"inLanguage":"hr"}]}},"_links":{"self":[{"href":"https:\/\/pavidecor.si\/hr\/wp-json\/wp\/v2\/product\/13892","targetHints":{"allow":["GET"]}}],"collection":[{"href":"https:\/\/pavidecor.si\/hr\/wp-json\/wp\/v2\/product"}],"about":[{"href":"https:\/\/pavidecor.si\/hr\/wp-json\/wp\/v2\/types\/product"}],"replies":[{"embeddable":true,"href":"https:\/\/pavidecor.si\/hr\/wp-json\/wp\/v2\/comments?post=13892"}],"wp:featuredmedia":[{"embeddable":true,"href":"https:\/\/pavidecor.si\/hr\/wp-json\/wp\/v2\/media\/13894"}],"wp:attachment":[{"href":"https:\/\/pavidecor.si\/hr\/wp-json\/wp\/v2\/media?parent=13892"}],"wp:term":[{"taxonomy":"product_brand","embeddable":true,"href":"https:\/\/pavidecor.si\/hr\/wp-json\/wp\/v2\/product_brand?post=13892"},{"taxonomy":"product_cat","embeddable":true,"href":"https:\/\/pavidecor.si\/hr\/wp-json\/wp\/v2\/product_cat?post=13892"},{"taxonomy":"product_tag","embeddable":true,"href":"https:\/\/pavidecor.si\/hr\/wp-json\/wp\/v2\/product_tag?post=13892"}],"curies":[{"name":"wp","href":"https:\/\/api.w.org\/{rel}","templated":true}]}}