	{"id":15272,"date":"2022-01-28T12:01:28","date_gmt":"2022-01-28T12:01:28","guid":{"rendered":"https:\/\/pavidecor.si\/nacini-placanja\/"},"modified":"2024-09-18T17:12:32","modified_gmt":"2024-09-18T17:12:32","slug":"nacini-placanja","status":"publish","type":"page","link":"https:\/\/pavidecor.si\/hr\/nacini-placanja\/","title":{"rendered":"Na\u010dini pla\u0107anja"},"content":{"rendered":"<p><div class=\"fusion-fullwidth fullwidth-box fusion-builder-row-1 fusion-flex-container nonhundred-percent-fullwidth non-hundred-percent-height-scrolling\" style=\"--awb-border-radius-top-left:0px;--awb-border-radius-top-right:0px;--awb-border-radius-bottom-right:0px;--awb-border-radius-bottom-left:0px;--awb-padding-top:0px;--awb-padding-right:10%;--awb-padding-left:10%;--awb-margin-top:0px;--awb-flex-wrap:wrap;\" ><div class=\"fusion-builder-row fusion-row fusion-flex-align-items-flex-start fusion-flex-content-wrap\" style=\"max-width:1320.8px;margin-left: calc(-4% \/ 2 );margin-right: calc(-4% \/ 2 );\"><div class=\"fusion-layout-column fusion_builder_column fusion-builder-column-0 fusion_builder_column_1_1 1_1 fusion-flex-column\" style=\"--awb-bg-size:cover;--awb-width-large:100%;--awb-margin-top-large:25px;--awb-spacing-right-large:1.92%;--awb-margin-bottom-large:25px;--awb-spacing-left-large:1.92%;--awb-width-medium:100%;--awb-order-medium:0;--awb-spacing-right-medium:1.92%;--awb-spacing-left-medium:1.92%;--awb-width-small:100%;--awb-order-small:0;--awb-spacing-right-small:1.92%;--awb-spacing-left-small:1.92%;\"><div class=\"fusion-column-wrapper fusion-column-has-shadow fusion-flex-justify-content-flex-start fusion-content-layout-column\"><div class=\"fusion-text fusion-text-1\" style=\"--awb-text-transform:none;\"><h2>Na\u010dini pla\u0107anja<\/h2>\n<\/div><div class=\"fusion-text fusion-text-2\" style=\"--awb-text-transform:none;--awb-text-color:var(--awb-color6);\"><p>Pla\u0107anje naru\u010dene robe u internetskoj trgovini www.pavidecor.si mogu\u0107e je karticom, PayPal ili predra\u010dunom.<\/p>\n<h3>PLA\u0106ANJE KARTICOM<\/h3>\n<p>Prilikom online pla\u0107anja nema potrebe brinuti o sigurnosti podataka o va\u0161oj platnoj kartici. Sustav online pla\u0107anja omogu\u0107uje unos broja kartice i CVV koda isklju\u010divo na sigurnim stranicama pru\u017eatelja usluga online pla\u0107anja. Mi, kao trgovac, nemamo pristup tim podacima. Uvid. Ako se odlu\u010dite za pla\u0107anje kreditnom karticom, bit \u0107ete preusmjereni na web stranice kojima upravlja centar za obradu pru\u017eatelja platnih usluga s kojim smo sklopili ugovor o prihva\u0107anju kartica. Sustav prihva\u0107a sve vrste kartica doma\u0107ih ili stranih banaka s logotipom Visa ili Mastercard, pod uvjetom da je svaka kartica aktivirana od strane izdavatelja za online transakcije. Robne marke Verified by Visa i Mastercard SecureCode omogu\u0107uju vam elektroni\u010dko potpisivanje bilo koje online kupnje pomo\u0107u pametne kartice pomo\u0107u jednokratne lozinke. Vlasnicima platnih kartica nudimo trenutno najsigurnije online poslovanje, bez obzira na vrstu kartice \u2013 kreditnu ili debitnu.<\/p>\n<h3>PLA\u0106ANJE PayPal-om<\/h3>\n<p>PayPal je pru\u017eatelj sigurnih elektroni\u010dkih pla\u0107anja kreditnim karticama. Usluga omogu\u0107uje sigurna online pla\u0107anja u stvarnom vremenu (online autorizacije platnih i kreditnih kartica). Za\u0161tita kupaca omogu\u0107uje kupcima robe koja ispunjava uvjete da dobiju potpuni ili djelomi\u010dni povrat novca putem PayPal-a za te kupnje ako nisu isporu\u010dene ili ako se bitno razlikuju od opisa prodavatelja. Za vi\u0161e informacija o usluzi mo\u017eete pro\u010ditati \u010desto <a href=\"http:\/\/pay-pal-slovenija.blogspot.com\/p\/vprasanja-in-odgovori-o-paypal-racunu.html\">postavljana pitanja i odgovore<\/a>.<\/p>\n<h3>PLA\u0106ANJE PREDRA\u010cUNOM<\/h3>\n<p>Prilikom odabira pla\u0107anja predra\u010dunom, na svoju e-mail adresu koju ste naveli prilikom registracije ili brze kupnje dobit \u0107ete predra\u010dun na kojem \u0107ete imati sve podatke za izvr\u0161enje pla\u0107anja: iznos pla\u0107anja, transakcijski ra\u010dun, referencu\/referencu i svrhu pla\u0107anja. Najbr\u017ei i najlak\u0161i na\u010din pla\u0107anja je putem va\u0161e internetske banke ili u bilo kojoj banci ili po\u0161ti. Predra\u010dun je potrebno platiti u roku valjanosti predra\u010duna, u protivnom \u0107e narud\u017eba biti otkazana. Va\u0161a narud\u017eba postaje valjana kada se uplata odra\u017eava na na\u0161em transakcijskom ra\u010dunu, kada zapo\u010dinjemo i proces otpreme naru\u010dene robe. Cijene vrijede na dan otpreme robe, kada \u0107ete dobiti i obavijest na svoju e-mail adresu ili putem SMS poruke.<\/p>\n<\/div><\/div><\/div><\/div><\/div><div class=\"fusion-fullwidth fullwidth-box fusion-builder-row-2 fusion-flex-container nonhundred-percent-fullwidth non-hundred-percent-height-scrolling\" style=\"--awb-border-radius-top-left:0px;--awb-border-radius-top-right:0px;--awb-border-radius-bottom-right:0px;--awb-border-radius-bottom-left:0px;--awb-padding-top:22px;--awb-padding-bottom:22px;--awb-margin-top:45px;--awb-background-color:rgba(237,237,237,0.62);--awb-flex-wrap:wrap;\" ><div class=\"fusion-builder-row fusion-row fusion-flex-align-items-flex-start fusion-flex-content-wrap\" style=\"max-width:1320.8px;margin-left: calc(-4% \/ 2 );margin-right: calc(-4% \/ 2 );\"><div class=\"fusion-layout-column fusion_builder_column fusion-builder-column-1 fusion_builder_column_1_1 1_1 fusion-flex-column\" style=\"--awb-bg-size:cover;--awb-width-large:100%;--awb-margin-top-large:0px;--awb-spacing-right-large:1.92%;--awb-margin-bottom-large:0px;--awb-spacing-left-large:1.92%;--awb-width-medium:100%;--awb-order-medium:0;--awb-spacing-right-medium:1.92%;--awb-spacing-left-medium:1.92%;--awb-width-small:100%;--awb-order-small:0;--awb-spacing-right-small:1.92%;--awb-spacing-left-small:1.92%;\"><div class=\"fusion-column-wrapper fusion-column-has-shadow fusion-flex-justify-content-flex-start fusion-content-layout-column\"><div class=\"fusion-image-element fusion-no-small-visibility\" style=\"text-align:center;--awb-margin-bottom:20px;--awb-caption-title-font-family:var(--h2_typography-font-family);--awb-caption-title-font-weight:var(--h2_typography-font-weight);--awb-caption-title-font-style:var(--h2_typography-font-style);--awb-caption-title-size:var(--h2_typography-font-size);--awb-caption-title-transform:var(--h2_typography-text-transform);--awb-caption-title-line-height:var(--h2_typography-line-height);--awb-caption-title-letter-spacing:var(--h2_typography-letter-spacing);\"><span class=\" fusion-imageframe imageframe-none imageframe-1 hover-type-none\"><img decoding=\"async\" width=\"1200\" height=\"99\" title=\"handmade04\" src=\"https:\/\/pavidecor.si\/wp-content\/uploads\/2022\/02\/handmade04.png\" data-orig-src=\"https:\/\/pavidecor.si\/wp-content\/uploads\/2022\/02\/handmade04.png\" alt class=\"lazyload img-responsive wp-image-15359\" srcset=\"data:image\/svg+xml,%3Csvg%20xmlns%3D%27http%3A%2F%2Fwww.w3.org%2F2000%2Fsvg%27%20width%3D%271200%27%20height%3D%2799%27%20viewBox%3D%270%200%201200%2099%27%3E%3Crect%20width%3D%271200%27%20height%3D%2799%27%20fill-opacity%3D%220%22%2F%3E%3C%2Fsvg%3E\" data-srcset=\"https:\/\/pavidecor.si\/wp-content\/uploads\/2022\/02\/handmade04-200x17.png 200w, https:\/\/pavidecor.si\/wp-content\/uploads\/2022\/02\/handmade04-400x33.png 400w, https:\/\/pavidecor.si\/wp-content\/uploads\/2022\/02\/handmade04-600x50.png 600w, https:\/\/pavidecor.si\/wp-content\/uploads\/2022\/02\/handmade04-800x66.png 800w, https:\/\/pavidecor.si\/wp-content\/uploads\/2022\/02\/handmade04.png 1200w\" data-sizes=\"auto\" data-orig-sizes=\"(max-width: 1024px) 100vw, (max-width: 640px) 100vw, 1200px\" \/><\/span><\/div><div class=\"fusion-image-element fusion-no-medium-visibility fusion-no-large-visibility\" style=\"text-align:center;--awb-margin-top:15px;--awb-margin-bottom:20px;--awb-caption-title-font-family:var(--h2_typography-font-family);--awb-caption-title-font-weight:var(--h2_typography-font-weight);--awb-caption-title-font-style:var(--h2_typography-font-style);--awb-caption-title-size:var(--h2_typography-font-size);--awb-caption-title-transform:var(--h2_typography-text-transform);--awb-caption-title-line-height:var(--h2_typography-line-height);--awb-caption-title-letter-spacing:var(--h2_typography-letter-spacing);\"><span class=\" fusion-imageframe imageframe-none imageframe-2 hover-type-none\"><img decoding=\"async\" width=\"600\" height=\"251\" title=\"ikone_mob1\" src=\"https:\/\/pavidecor.si\/wp-content\/uploads\/2022\/04\/ikone_mob1.png\" data-orig-src=\"https:\/\/pavidecor.si\/wp-content\/uploads\/2022\/04\/ikone_mob1.png\" alt class=\"lazyload img-responsive wp-image-14643\" srcset=\"data:image\/svg+xml,%3Csvg%20xmlns%3D%27http%3A%2F%2Fwww.w3.org%2F2000%2Fsvg%27%20width%3D%27600%27%20height%3D%27251%27%20viewBox%3D%270%200%20600%20251%27%3E%3Crect%20width%3D%27600%27%20height%3D%27251%27%20fill-opacity%3D%220%22%2F%3E%3C%2Fsvg%3E\" data-srcset=\"https:\/\/pavidecor.si\/wp-content\/uploads\/2022\/04\/ikone_mob1-200x84.png 200w, https:\/\/pavidecor.si\/wp-content\/uploads\/2022\/04\/ikone_mob1-400x167.png 400w, https:\/\/pavidecor.si\/wp-content\/uploads\/2022\/04\/ikone_mob1.png 600w\" data-sizes=\"auto\" data-orig-sizes=\"(max-width: 1024px) 100vw, (max-width: 640px) 100vw, 600px\" \/><\/span><\/div><\/div><\/div><\/div><\/div>\n<div class=\"fusion-fullwidth fullwidth-box fusion-builder-row-3 fusion-flex-container fusion-parallax-none nonhundred-percent-fullwidth non-hundred-percent-height-scrolling lazyload\" style=\"--awb-border-radius-top-left:0px;--awb-border-radius-top-right:0px;--awb-border-radius-bottom-right:0px;--awb-border-radius-bottom-left:0px;--awb-padding-top:0px;--awb-padding-bottom:0px;--awb-margin-bottom:0px;--awb-margin-top-small:0px;--awb-margin-bottom-small:-50px;--awb-background-color:rgba(24,27,32,0.5);--awb-background-size:cover;--awb-flex-wrap:wrap;\" data-bg=\"https:\/\/pavidecor.si\/wp-content\/uploads\/2022\/01\/home_decor_ozadje_newsletter_04.jpg\" ><div class=\"fusion-builder-row fusion-row fusion-flex-align-items-flex-start fusion-flex-content-wrap\" style=\"max-width:1320.8px;margin-left: calc(-4% \/ 2 );margin-right: calc(-4% \/ 2 );\"><div class=\"fusion-layout-column fusion_builder_column fusion-builder-column-2 fusion_builder_column_1_2 1_2 fusion-flex-column\" style=\"--awb-bg-size:cover;--awb-width-large:50%;--awb-margin-top-large:25px;--awb-spacing-right-large:6.72%;--awb-margin-bottom-large:25px;--awb-spacing-left-large:3.84%;--awb-width-medium:100%;--awb-spacing-right-medium:1.92%;--awb-spacing-left-medium:1.92%;--awb-width-small:100%;--awb-spacing-right-small:1.92%;--awb-spacing-left-small:1.92%;\"><div class=\"fusion-column-wrapper fusion-column-has-shadow fusion-flex-justify-content-flex-start fusion-content-layout-column\"><div class=\"fusion-title title fusion-title-1 fusion-sep-none fusion-title-text fusion-title-size-two\" style=\"--awb-text-color:#ffffff;--awb-margin-bottom:0px;\"><h2 class=\"fusion-title-heading title-heading-left fusion-responsive-typography-calculated\" style=\"margin:0;--fontSize:44;line-height:1.1;\"><p>\u017delite biti informirani<br \/>\no na\u0161im vijestima?<\/p><\/h2><\/div><div class=\"fusion-title title fusion-title-2 fusion-sep-none fusion-title-text fusion-title-size-four\" style=\"--awb-text-color:#ffffff;--awb-margin-bottom:0px;\"><h4 class=\"fusion-title-heading title-heading-left fusion-responsive-typography-calculated\" style=\"margin:0;--fontSize:18;--minFontSize:18;line-height:1.1;\">Prijavite se na na\u0161 newsletter i obavijesti o kampanji!<\/h4><\/div><\/div><\/div><div class=\"fusion-layout-column fusion_builder_column fusion-builder-column-3 fusion_builder_column_1_2 1_2 fusion-flex-column\" style=\"--awb-bg-size:cover;--awb-width-large:50%;--awb-margin-top-large:25px;--awb-spacing-right-large:3.84%;--awb-margin-bottom-large:25px;--awb-spacing-left-large:6.72%;--awb-width-medium:100%;--awb-order-medium:0;--awb-spacing-right-medium:1.92%;--awb-spacing-left-medium:1.92%;--awb-width-small:100%;--awb-order-small:0;--awb-spacing-right-small:1.92%;--awb-spacing-left-small:1.92%;\"><div class=\"fusion-column-wrapper fusion-column-has-shadow fusion-flex-justify-content-flex-start fusion-content-layout-column\"><div class=\"fusion-form fusion-form-builder fusion-form-form-wrapper fusion-form-22688\" style=\"--awb-tooltip-text-color:#ffffff;--awb-tooltip-background-color:#333333;\" data-form-id=\"22688\" data-config=\"{&quot;form_id&quot;:22688,&quot;form_post_id&quot;:22688,&quot;post_id&quot;:15272,&quot;form_type&quot;:&quot;ajax&quot;,&quot;confirmation_type&quot;:&quot;message&quot;,&quot;redirect_url&quot;:&quot;&quot;,&quot;field_labels&quot;:{&quot;E-posta&quot;:&quot;&quot;},&quot;field_logics&quot;:{&quot;E-posta&quot;:&quot;&quot;,&quot;notice_1&quot;:&quot;&quot;},&quot;field_types&quot;:{&quot;E-posta&quot;:&quot;email&quot;,&quot;submit_1&quot;:&quot;submit&quot;,&quot;notice_1&quot;:&quot;notice&quot;},&quot;nonce_method&quot;:&quot;ajax&quot;}\"><form action=\"https:\/\/pavidecor.si\/hr\/nacini-placanja\/\" method=\"post\" class=\"fusion-form fusion-form-22688\"><div class=\"fusion-fullwidth fullwidth-box fusion-builder-row-3-1 fusion-flex-container has-pattern-background has-mask-background nonhundred-percent-fullwidth non-hundred-percent-height-scrolling\" style=\"--awb-border-radius-top-left:0px;--awb-border-radius-top-right:0px;--awb-border-radius-bottom-right:0px;--awb-border-radius-bottom-left:0px;--awb-padding-top:0px;--awb-padding-right:0px;--awb-padding-bottom:0px;--awb-padding-left:0px;--awb-flex-wrap:wrap;\" ><div class=\"fusion-builder-row fusion-row fusion-flex-align-items-flex-start fusion-flex-content-wrap\" style=\"width:calc( 100% + 0px ) !important;max-width:calc( 100% + 0px ) !important;margin-left: calc(-0px \/ 2 );margin-right: calc(-0px \/ 2 );\"><div class=\"fusion-layout-column fusion_builder_column fusion-builder-column-4 fusion_builder_column_3_5 3_5 fusion-flex-column\" style=\"--awb-bg-size:cover;--awb-width-large:60%;--awb-margin-top-large:0px;--awb-spacing-right-large:calc( 0 * calc( 100% - 0px ) );--awb-margin-bottom-large:0px;--awb-spacing-left-large:0px;--awb-width-medium:100%;--awb-order-medium:0;--awb-spacing-right-medium:0px;--awb-spacing-left-medium:0px;--awb-width-small:100%;--awb-order-small:0;--awb-spacing-right-small:0px;--awb-spacing-left-small:0px;\"><div class=\"fusion-column-wrapper fusion-column-has-shadow fusion-flex-justify-content-flex-start fusion-content-layout-column\"><div class=\"fusion-form-field fusion-form-email-field fusion-form-label-above\" style=\"\" data-form-id=\"22688\"><input type=\"email\" name=\"E-posta\" id=\"E-posta\" value=\"\"  class=\"fusion-form-input\" required=\"true\" aria-required=\"true\" placeholder=\"Unesite svoju email adresu *\" data-holds-private-data=\"false\"\/><\/div><\/div><\/div><div class=\"fusion-layout-column fusion_builder_column fusion-builder-column-5 fusion_builder_column_2_5 2_5 fusion-flex-column fusion-flex-align-self-flex-start\" style=\"--awb-bg-color:rgba(24,27,32,0);--awb-bg-color-hover:rgba(24,27,32,0);--awb-bg-size:cover;--awb-filter:opacity(100%);--awb-filter-transition:filter 0.3s ease;--awb-filter-hover:opacity(95%);--awb-width-large:40%;--awb-margin-top-large:0px;--awb-spacing-right-large:0px;--awb-margin-bottom-large:0px;--awb-spacing-left-large:calc( 0 * calc( 100% - 0px ) );--awb-width-medium:100%;--awb-order-medium:0;--awb-spacing-right-medium:0px;--awb-spacing-left-medium:0px;--awb-width-small:100%;--awb-order-small:0;--awb-spacing-right-small:0px;--awb-spacing-left-small:0px;\"><div class=\"fusion-column-wrapper fusion-column-has-shadow fusion-flex-justify-content-center fusion-content-layout-column\"><div class=\"fusion-form-field fusion-form-submit-field fusion-form-label-above\" style=\"\" data-form-id=\"22688\"><div ><button type=\"submit\" class=\"fusion-button button-flat fusion-button-default-size button-custom fusion-button-default button-1 fusion-button-span-yes  form-form-submit button-default\" style=\"--button_accent_color:#ffffff;--button_border_color:var(--awb-custom11);--button_accent_hover_color:#ffffff;--button_border_hover_color:var(--awb-custom11);--button_border_width-top:10px;--button_border_width-right:0px;--button_border_width-bottom:10px;--button_border_width-left:0px;--button_gradient_top_color:var(--awb-custom11);--button_gradient_bottom_color:var(--awb-custom11);--button_gradient_top_color_hover:var(--awb-custom11);--button_gradient_bottom_color_hover:var(--awb-custom11);--button_padding-top:10px;--button_padding-bottom:10px;\" data-form-number=\"22688\" tabindex=\"\"><span class=\"fusion-button-text\">Prijavite se<\/span><\/button><\/div><\/div><\/div><\/div><div class=\"fusion-layout-column fusion_builder_column fusion-builder-column-6 fusion_builder_column_1_1 1_1 fusion-flex-column\" style=\"--awb-bg-size:cover;--awb-width-large:100%;--awb-margin-top-large:16px;--awb-spacing-right-large:0px;--awb-margin-bottom-large:10px;--awb-spacing-left-large:0px;--awb-width-medium:100%;--awb-order-medium:0;--awb-spacing-right-medium:0px;--awb-spacing-left-medium:0px;--awb-width-small:100%;--awb-order-small:0;--awb-spacing-right-small:0px;--awb-spacing-left-small:0px;\"><div class=\"fusion-column-wrapper fusion-column-has-shadow fusion-flex-justify-content-flex-start fusion-content-layout-column\"><div class=\"form-submission-notices data-notice_1\" id=\"fusion-notices-1\"><div class=\"fusion-alert alert success alert-success fusion-alert-center fusion-form-response fusion-form-response-success fusion-alert-capitalize awb-alert-native-link-color alert-dismissable awb-alert-close-boxed\" role=\"alert\"><div class=\"fusion-alert-content-wrapper\"><span class=\"alert-icon\"><i class=\"awb-icon-check-circle\" aria-hidden=\"true\"><\/i><\/span><span class=\"fusion-alert-content\">Hvala, prijava je uspjela.<\/span><\/div><button type=\"button\" class=\"close toggle-alert\" data-dismiss=\"alert\" aria-label=\"Close\">&times;<\/button><\/div><div class=\"fusion-alert alert error alert-danger fusion-alert-center fusion-form-response fusion-form-response-error fusion-alert-capitalize awb-alert-native-link-color alert-dismissable awb-alert-close-boxed\" role=\"alert\"><div class=\"fusion-alert-content-wrapper\"><span class=\"alert-icon\"><i class=\"awb-icon-exclamation-triangle\" aria-hidden=\"true\"><\/i><\/span><span class=\"fusion-alert-content\">Do\u0161lo je do pogre\u0161ke prilikom poku\u0161aja slanja va\u0161e poruke. Poku\u0161ajte ponovno kasnije.<\/span><\/div><button type=\"button\" class=\"close toggle-alert\" data-dismiss=\"alert\" aria-label=\"Close\">&times;<\/button><\/div><\/div><\/div><\/div><\/div><\/div><\/form><\/div><div class=\"fusion-text fusion-text-3 paragraph-small\" style=\"--awb-text-transform:none;\"><p style=\"font-size: 12px; line-height: 24px;\" data-fusion-font=\"true\"><span style=\"color: #ffffff;\">* Uvjeti i odredbe objavljeni su na stranici \u201cUvjeti i odredbe\u201d.<\/span><\/p>\n<\/div><\/div><\/div><\/div><\/div>\n<\/p>\n","protected":false},"excerpt":{"rendered":"","protected":false},"author":1,"featured_media":0,"parent":0,"menu_order":0,"comment_status":"closed","ping_status":"closed","template":"100-width.php","meta":{"footnotes":""},"class_list":["post-15272","page","type-page","status-publish","hentry"],"yoast_head":"<!-- This site is optimized with the Yoast SEO plugin v27.2 - https:\/\/yoast.com\/product\/yoast-seo-wordpress\/ -->\n<title>Na\u010dini pla\u0107anja - Pavi Decor<\/title>\n<meta name=\"description\" content=\"Pla\u0107anje naru\u010dene robe u internetskoj trgovini www.pavidecor.si mogu\u0107e je karticom, PayPal ili predra\u010dunom. Na\u010dini pla\u0107anja...\" \/>\n<meta name=\"robots\" content=\"index, follow, max-snippet:-1, max-image-preview:large, max-video-preview:-1\" \/>\n<link rel=\"canonical\" href=\"https:\/\/pavidecor.si\/hr\/nacini-placanja\/\" \/>\n<meta property=\"og:locale\" content=\"hr_HR\" \/>\n<meta property=\"og:type\" content=\"article\" \/>\n<meta property=\"og:title\" content=\"Na\u010dini pla\u0107anja - Pavi Decor\" \/>\n<meta property=\"og:description\" content=\"Pla\u0107anje naru\u010dene robe u internetskoj trgovini www.pavidecor.si mogu\u0107e je karticom, PayPal ili predra\u010dunom. Na\u010dini pla\u0107anja...\" \/>\n<meta property=\"og:url\" content=\"https:\/\/pavidecor.si\/hr\/nacini-placanja\/\" \/>\n<meta property=\"og:site_name\" content=\"Pavi Decor\" \/>\n<meta property=\"article:modified_time\" content=\"2024-09-18T17:12:32+00:00\" \/>\n<meta name=\"twitter:card\" content=\"summary_large_image\" \/>\n<meta name=\"twitter:label1\" content=\"Procijenjeno vrijeme \u010ditanja\" \/>\n\t<meta name=\"twitter:data1\" content=\"5 minuta\" \/>\n<script type=\"application\/ld+json\" class=\"yoast-schema-graph\">{\"@context\":\"https:\/\/schema.org\",\"@graph\":[{\"@type\":\"WebPage\",\"@id\":\"https:\/\/pavidecor.si\/hr\/nacini-placanja\/\",\"url\":\"https:\/\/pavidecor.si\/hr\/nacini-placanja\/\",\"name\":\"Na\u010dini pla\u0107anja - Pavi Decor\",\"isPartOf\":{\"@id\":\"https:\/\/pavidecor.si\/hr\/#website\"},\"datePublished\":\"2022-01-28T12:01:28+00:00\",\"dateModified\":\"2024-09-18T17:12:32+00:00\",\"description\":\"Pla\u0107anje naru\u010dene robe u internetskoj trgovini www.pavidecor.si mogu\u0107e je karticom, PayPal ili predra\u010dunom. Na\u010dini pla\u0107anja...\",\"breadcrumb\":{\"@id\":\"https:\/\/pavidecor.si\/hr\/nacini-placanja\/#breadcrumb\"},\"inLanguage\":\"hr\",\"potentialAction\":[{\"@type\":\"ReadAction\",\"target\":[\"https:\/\/pavidecor.si\/hr\/nacini-placanja\/\"]}]},{\"@type\":\"BreadcrumbList\",\"@id\":\"https:\/\/pavidecor.si\/hr\/nacini-placanja\/#breadcrumb\",\"itemListElement\":[{\"@type\":\"ListItem\",\"position\":1,\"name\":\"Domov\",\"item\":\"https:\/\/pavidecor.si\/hr\/\"},{\"@type\":\"ListItem\",\"position\":2,\"name\":\"Na\u010dini pla\u0107anja\"}]},{\"@type\":\"WebSite\",\"@id\":\"https:\/\/pavidecor.si\/hr\/#website\",\"url\":\"https:\/\/pavidecor.si\/hr\/\",\"name\":\"Pavi Decor\",\"description\":\"Leseni unikati ustvarjeni iz ljubezni do lesa in narave.\",\"potentialAction\":[{\"@type\":\"SearchAction\",\"target\":{\"@type\":\"EntryPoint\",\"urlTemplate\":\"https:\/\/pavidecor.si\/hr\/?s={search_term_string}\"},\"query-input\":{\"@type\":\"PropertyValueSpecification\",\"valueRequired\":true,\"valueName\":\"search_term_string\"}}],\"inLanguage\":\"hr\"}]}<\/script>\n<!-- \/ Yoast SEO plugin. -->","yoast_head_json":{"title":"Na\u010dini pla\u0107anja - Pavi Decor","description":"Pla\u0107anje naru\u010dene robe u internetskoj trgovini www.pavidecor.si mogu\u0107e je karticom, PayPal ili predra\u010dunom. Na\u010dini pla\u0107anja...","robots":{"index":"index","follow":"follow","max-snippet":"max-snippet:-1","max-image-preview":"max-image-preview:large","max-video-preview":"max-video-preview:-1"},"canonical":"https:\/\/pavidecor.si\/hr\/nacini-placanja\/","og_locale":"hr_HR","og_type":"article","og_title":"Na\u010dini pla\u0107anja - Pavi Decor","og_description":"Pla\u0107anje naru\u010dene robe u internetskoj trgovini www.pavidecor.si mogu\u0107e je karticom, PayPal ili predra\u010dunom. Na\u010dini pla\u0107anja...","og_url":"https:\/\/pavidecor.si\/hr\/nacini-placanja\/","og_site_name":"Pavi Decor","article_modified_time":"2024-09-18T17:12:32+00:00","twitter_card":"summary_large_image","twitter_misc":{"Procijenjeno vrijeme \u010ditanja":"5 minuta"},"schema":{"@context":"https:\/\/schema.org","@graph":[{"@type":"WebPage","@id":"https:\/\/pavidecor.si\/hr\/nacini-placanja\/","url":"https:\/\/pavidecor.si\/hr\/nacini-placanja\/","name":"Na\u010dini pla\u0107anja - Pavi Decor","isPartOf":{"@id":"https:\/\/pavidecor.si\/hr\/#website"},"datePublished":"2022-01-28T12:01:28+00:00","dateModified":"2024-09-18T17:12:32+00:00","description":"Pla\u0107anje naru\u010dene robe u internetskoj trgovini www.pavidecor.si mogu\u0107e je karticom, PayPal ili predra\u010dunom. Na\u010dini pla\u0107anja...","breadcrumb":{"@id":"https:\/\/pavidecor.si\/hr\/nacini-placanja\/#breadcrumb"},"inLanguage":"hr","potentialAction":[{"@type":"ReadAction","target":["https:\/\/pavidecor.si\/hr\/nacini-placanja\/"]}]},{"@type":"BreadcrumbList","@id":"https:\/\/pavidecor.si\/hr\/nacini-placanja\/#breadcrumb","itemListElement":[{"@type":"ListItem","position":1,"name":"Domov","item":"https:\/\/pavidecor.si\/hr\/"},{"@type":"ListItem","position":2,"name":"Na\u010dini pla\u0107anja"}]},{"@type":"WebSite","@id":"https:\/\/pavidecor.si\/hr\/#website","url":"https:\/\/pavidecor.si\/hr\/","name":"Pavi Decor","description":"Leseni unikati ustvarjeni iz ljubezni do lesa in narave.","potentialAction":[{"@type":"SearchAction","target":{"@type":"EntryPoint","urlTemplate":"https:\/\/pavidecor.si\/hr\/?s={search_term_string}"},"query-input":{"@type":"PropertyValueSpecification","valueRequired":true,"valueName":"search_term_string"}}],"inLanguage":"hr"}]}},"_links":{"self":[{"href":"https:\/\/pavidecor.si\/hr\/wp-json\/wp\/v2\/pages\/15272","targetHints":{"allow":["GET"]}}],"collection":[{"href":"https:\/\/pavidecor.si\/hr\/wp-json\/wp\/v2\/pages"}],"about":[{"href":"https:\/\/pavidecor.si\/hr\/wp-json\/wp\/v2\/types\/page"}],"author":[{"embeddable":true,"href":"https:\/\/pavidecor.si\/hr\/wp-json\/wp\/v2\/users\/1"}],"replies":[{"embeddable":true,"href":"https:\/\/pavidecor.si\/hr\/wp-json\/wp\/v2\/comments?post=15272"}],"version-history":[{"count":0,"href":"https:\/\/pavidecor.si\/hr\/wp-json\/wp\/v2\/pages\/15272\/revisions"}],"wp:attachment":[{"href":"https:\/\/pavidecor.si\/hr\/wp-json\/wp\/v2\/media?parent=15272"}],"curies":[{"name":"wp","href":"https:\/\/api.w.org\/{rel}","templated":true}]}}