	{"id":27013,"date":"2025-12-30T10:06:58","date_gmt":"2025-12-30T10:06:58","guid":{"rendered":"https:\/\/pavidecor.si\/?post_type=product&#038;p=27013"},"modified":"2026-04-22T07:09:52","modified_gmt":"2026-04-22T07:09:52","slug":"holzsegelboot-pd-385x24x15cm","status":"publish","type":"product","link":"https:\/\/pavidecor.si\/de\/produkt\/holzsegelboot-pd-385x24x15cm\/","title":{"rendered":"Holzsegelboot PD 38,5x24x1,5cm"},"content":{"rendered":"<p><span class=\"prvimanjsinaslovopis\">Holzsegelboot aus recyceltem Holz &#8211; Einzigartige Wanddekoration<\/span><\/p>\n<p>&nbsp;<\/p>\n<h2><span class=\"odebeljenopis\"><strong><br \/>\nEntdecken Sie die Magie des Meeres mit unserem dekorativen Holzsegelboot, das Frische und Eleganz in jeden Raum bringt. Aus Treibholz und recyceltem Holz gefertigt, verzaubert diese einzigartige Wanddekoration nicht nur durch ihre Optik, sondern erz\u00e4hlt auch eine Geschichte von der Liebe zur Natur und zum Kunsthandwerk.<\/strong><\/span><\/h2>\n<p>&nbsp;<\/p>\n<div class=\"row\">\n<div class=\"col-sm-6 \" style=\"margin-top: 30px;\"><center><img decoding=\"async\" class=\"lazyload img-responsive\" style=\"margin: 0px auto; max-width: 100%;\" src=\"data:image\/svg+xml,%3Csvg%20xmlns%3D%27http%3A%2F%2Fwww.w3.org%2F2000%2Fsvg%27%20width%3D%272461%27%20height%3D%272461%27%20viewBox%3D%270%200%202461%202461%27%3E%3Crect%20width%3D%272461%27%20height%3D%272461%27%20fill-opacity%3D%220%22%2F%3E%3C%2Fsvg%3E\" data-orig-src=\"https:\/\/pavidecor.si\/wp-content\/uploads\/2025\/12\/1IMG_8760a.jpg\" \/><\/center><\/div>\n<div class=\"col-sm-6\" style=\"margin-top: 40px;\">\n<h3>Unikat handgefertigt<\/h3>\n<p>Unser deko Holzsegelboot ist das Ergebnis der Leidenschaft und Hingabe, die wir in jedes Produkt stecken. Im PAVI DECOR Store aus Ljubljana setzen wir auf eine handgefertigte Produktion und die Verwendung nat\u00fcrlicher Materialien. Die sorgen daf\u00fcr, dass jedes St\u00fcck ein Unikat ist. Das Segelboot ist aus Treibholz und recyceltem Holz gefertigt. Das bedeutet, dass es nicht nur \u00e4sthetisch ansprechend, sondern auch umweltfreundlich ist. Unser Team von Handwerkern verwendet traditionelle Techniken zum Verbinden von Holzteilen, was dem Produkt ein <strong>authentisches Aussehen<\/strong> <strong>verleiht<\/strong>, das von Liebhabern einzigartiger St\u00fccke gesch\u00e4tzt wird.<\/p>\n<p>&nbsp;<\/p>\n<p>Jedes Holzsegelboot wird sorgf\u00e4ltig geschliffen, um ein glattes und angenehmes Gef\u00fchl zu erzielen. Auf der R\u00fcckseite des Rumpfes ist die Aufschrift &#8222;unique&#8220; eingraviert, die die Einzigartigkeit zus\u00e4tzlich unterstreicht. Wenn Sie sich f\u00fcr unser Segelboot entscheiden, erhalten Sie nicht nur eine sch\u00f6ne Einrichtung, sondern auch ein St\u00fcck, das eine <strong>Geschichte und Tradition in sich tr\u00e4gt<\/strong>.<\/p>\n<p>&nbsp;<\/p>\n<\/div>\n<\/div>\n<div class=\"row\">\n<div class=\"col-sm-6 col-sm-push-6\" style=\"margin-top: 30px;\"><center><a href=\"https:\/\/pavidecor.si\/wp-content\/uploads\/2024\/10\/1IMG_8784a-600x600.jpg\"><img decoding=\"async\" class=\"lazyload img-responsive\" style=\"margin: 0px auto; max-width: 100%;\" src=\"data:image\/svg+xml,%3Csvg%20xmlns%3D%27http%3A%2F%2Fwww.w3.org%2F2000%2Fsvg%27%20width%3D%272560%27%20height%3D%272560%27%20viewBox%3D%270%200%202560%202560%27%3E%3Crect%20width%3D%272560%27%20height%3D%272560%27%20fill-opacity%3D%220%22%2F%3E%3C%2Fsvg%3E\" data-orig-src=\"https:\/\/pavidecor.si\/wp-content\/uploads\/2025\/12\/2IMG_8763-scaled.jpg\" \/><\/a><\/center><\/div>\n<div class=\"col-sm-6 col-sm-pull-6\" style=\"margin-top: 40px;\">\n<h3>Nautische Dekoration f\u00fcr jedes Zuhause<\/h3>\n<p>Ein deko Holzsegelboot ist die ideale Wahl f\u00fcr alle, die den Geist des Meeres in ihr Zuhause bringen m\u00f6chten. Die Form und die Farbkombination, zu der auch ein Netzgewebe aus Baumwolle f\u00fcr die Segel geh\u00f6rt, vermitteln ein Gef\u00fchl von Frische und Leichtigkeit.\u00a0Dieses Produkt ist das perfekte Accessoire f\u00fcr Wohnzimmer oder B\u00fcros, wo es Sie an <strong>entspannende Momente am Meer erinnern kann<\/strong>.<\/p>\n<p>&nbsp;<\/p>\n<p>Mit unserem Holzsegelboot k\u00f6nnen Sie eine angenehme Atmosph\u00e4re schaffen, die Sie an sonnige Tage, den Wind in den Haaren und einen unbeschwerten Urlaub erinnert. Auf Ihren Wunsch bieten wir Ihnen auch die M\u00f6glichkeit, Ihren Namen zu drucken, was es Ihnen erm\u00f6glicht, Ihre <strong>Einrichtung zu personalisieren<\/strong> und ihr eine besondere Note zu verleihen. Jedes Segelboot ist ein Unikat, was bedeutet, dass Sie etwas ganz Besonderes in Ihrem Zuhause haben werden.<\/p>\n<p>&nbsp;<\/p>\n<\/div>\n<\/div>\n<div class=\"row\">\n<div class=\"col-sm-6\" style=\"margin-top: 30px;\"><center><img decoding=\"async\" class=\"lazyload img-responsive\" style=\"margin: 0px auto; max-width: 100%;\" src=\"data:image\/svg+xml,%3Csvg%20xmlns%3D%27http%3A%2F%2Fwww.w3.org%2F2000%2Fsvg%27%20width%3D%271902%27%20height%3D%271902%27%20viewBox%3D%270%200%201902%201902%27%3E%3Crect%20width%3D%271902%27%20height%3D%271902%27%20fill-opacity%3D%220%22%2F%3E%3C%2Fsvg%3E\" data-orig-src=\"https:\/\/pavidecor.si\/wp-content\/uploads\/2025\/12\/3IMG_8762.jpg\" \/><\/center><\/div>\n<div class=\"col-sm-6\" style=\"margin-top: 40px;\">\n<p>&nbsp;<\/p>\n<h3>Eine \u00f6kologische und nachhaltige Wahl<\/h3>\n<p>Bei PAVI DECOR glauben wir an nachhaltiges Design und die Verwendung nat\u00fcrlicher Materialien. Unser deko Holzsegelboot ist <strong>aus recyceltem Holz gefertigt<\/strong>, was bedeutet, dass Sie mit der Wahl unseres Produkts zum Schutz der Umwelt beitragen. Indem Sie lokales Kunsthandwerk unterst\u00fctzen, tragen Sie dazu bei, die Tradition des handwerklichen Handwerks zu bewahren und Wirtschaft zu f\u00f6rdern.<\/p>\n<p>&nbsp;<\/p>\n<p>Unser dekoratives Segelboot aus Holz ist nicht nur eine Dekoration, sondern auch ein Symbol der Liebe zur Natur. Bei der Arbeit gehen wir respektvoll mit den Materialien um, die wir verwenden. Mit dem Kauf unseres Segelboots <strong>bereichern Sie nicht nur Ihr Zuhause<\/strong>, sondern unterst\u00fctzen auch lokale K\u00fcnstler und Handwerker. Es liegt ihnen am Herzen, einzigartige Produkte zu kreieren. Begleiten Sie uns und entdecken Sie die Sch\u00f6nheit, die die Natur in Ihr Zuhause bringt.<\/p>\n<p>&nbsp;<\/p>\n<\/div>\n<\/div>\n<blockquote><p>Ein deko Holzsegelboot ist eine Wanddekoration aus Treibholz und recyceltem Holz. Die Segel bestehen aus lackiertem Baumwollstoff. Er hat auch einen Wimpel und eine Schnur, die an der Spitze des Mastes angebracht ist. Der Rumpf und der Mast sind leicht geschliffen, um ein glatteres Aussehen zu erzielen. Der Rumpf des Segelbootes hat zudem die Aufschrift &#8222;unique&#8220; auf der R\u00fcckseite. Ein schmales dekoratives Segelboot ist ein wundersch\u00f6nes nautisches Dekor, das immer Erinnerungen an das Meer, die Sonne, den Wind und den Urlaub weckt. Auf Ihren Wunsch ist es m\u00f6glich, Ihren Namen, Ihre Registrierung usw. auszudrucken. Jedes unserer Segelboote ist handgefertigt und bemalt, kurz gesagt, ein Unikat. Sie k\u00f6nnen auch einige Segelboote als Teil unserer <a href=\"https:\/\/pavidecor.si\/de\/projects\/strandbar\/\"><strong><span style=\"color: #3366ff;\">Strandbar<\/span><\/strong><\/a> sehen.<\/p><\/blockquote>\n<p>&nbsp;<\/p>\n","protected":false},"excerpt":{"rendered":"<p><strong><span style=\"color: #c4963c;\">\u2192 Handgefertigt<\/span><\/strong><strong><span style=\"color: #c4963c;\"><br \/>\n<\/span><span style=\"color: #c4963c;\">\u2192 Einzigartig<\/span><\/strong><\/p>\n","protected":false},"featured_media":27019,"comment_status":"open","ping_status":"closed","template":"","meta":[],"product_brand":[],"product_cat":[338],"product_tag":[216],"class_list":{"0":"post-27013","1":"product","2":"type-product","3":"status-publish","4":"has-post-thumbnail","6":"product_cat-boote","7":"product_tag-neu","9":"first","10":"instock","11":"sold-individually","12":"taxable","13":"shipping-taxable","14":"purchasable","15":"product-type-simple"},"yoast_head":"<!-- This site is optimized with the Yoast SEO plugin v27.2 - https:\/\/yoast.com\/product\/yoast-seo-wordpress\/ -->\n<title>Holzsegelboot PAVI DECOR - Einzigartige Wanddekoration<\/title>\n<meta name=\"description\" content=\"Deko Holzsegelboot ist ein wundersch\u00f6nes nautisches Dekor aus Treibholz und recyceltem Holz. Es hat Baumwollsegel und eine Flagge am Mast.\" \/>\n<meta name=\"robots\" content=\"index, follow, max-snippet:-1, max-image-preview:large, max-video-preview:-1\" \/>\n<link rel=\"canonical\" href=\"https:\/\/pavidecor.si\/de\/produkt\/holzsegelboot-pd-385x24x15cm\/\" \/>\n<meta property=\"og:locale\" content=\"de_DE\" \/>\n<meta property=\"og:type\" content=\"article\" \/>\n<meta property=\"og:title\" content=\"Holzsegelboot PAVI DECOR - Einzigartige Wanddekoration\" \/>\n<meta property=\"og:description\" content=\"Deko Holzsegelboot ist ein wundersch\u00f6nes nautisches Dekor aus Treibholz und recyceltem Holz. Es hat Baumwollsegel und eine Flagge am Mast.\" \/>\n<meta property=\"og:url\" content=\"https:\/\/pavidecor.si\/de\/produkt\/holzsegelboot-pd-385x24x15cm\/\" \/>\n<meta property=\"og:site_name\" content=\"Pavi Decor\" \/>\n<meta property=\"article:modified_time\" content=\"2026-04-22T07:09:52+00:00\" \/>\n<meta property=\"og:image\" content=\"https:\/\/pavidecor.si\/wp-content\/uploads\/2025\/12\/1IMG_8760a.jpg\" \/>\n\t<meta property=\"og:image:width\" content=\"2461\" \/>\n\t<meta property=\"og:image:height\" content=\"2461\" \/>\n\t<meta property=\"og:image:type\" content=\"image\/jpeg\" \/>\n<meta name=\"twitter:card\" content=\"summary_large_image\" \/>\n<meta name=\"twitter:label1\" content=\"Gesch\u00e4tzte Lesezeit\" \/>\n\t<meta name=\"twitter:data1\" content=\"4\u00a0Minuten\" \/>\n<script type=\"application\/ld+json\" class=\"yoast-schema-graph\">{\"@context\":\"https:\/\/schema.org\",\"@graph\":[{\"@type\":\"WebPage\",\"@id\":\"https:\/\/pavidecor.si\/de\/produkt\/holzsegelboot-pd-385x24x15cm\/\",\"url\":\"https:\/\/pavidecor.si\/de\/produkt\/holzsegelboot-pd-385x24x15cm\/\",\"name\":\"Holzsegelboot PAVI DECOR - Einzigartige Wanddekoration\",\"isPartOf\":{\"@id\":\"https:\/\/pavidecor.si\/de\/#website\"},\"primaryImageOfPage\":{\"@id\":\"https:\/\/pavidecor.si\/de\/produkt\/holzsegelboot-pd-385x24x15cm\/#primaryimage\"},\"image\":{\"@id\":\"https:\/\/pavidecor.si\/de\/produkt\/holzsegelboot-pd-385x24x15cm\/#primaryimage\"},\"thumbnailUrl\":\"https:\/\/pavidecor.si\/wp-content\/uploads\/2025\/12\/1IMG_8760a.jpg\",\"datePublished\":\"2025-12-30T10:06:58+00:00\",\"dateModified\":\"2026-04-22T07:09:52+00:00\",\"description\":\"Deko Holzsegelboot ist ein wundersch\u00f6nes nautisches Dekor aus Treibholz und recyceltem Holz. Es hat Baumwollsegel und eine Flagge am Mast.\",\"breadcrumb\":{\"@id\":\"https:\/\/pavidecor.si\/de\/produkt\/holzsegelboot-pd-385x24x15cm\/#breadcrumb\"},\"inLanguage\":\"de\",\"potentialAction\":[{\"@type\":\"ReadAction\",\"target\":[\"https:\/\/pavidecor.si\/de\/produkt\/holzsegelboot-pd-385x24x15cm\/\"]}]},{\"@type\":\"ImageObject\",\"inLanguage\":\"de\",\"@id\":\"https:\/\/pavidecor.si\/de\/produkt\/holzsegelboot-pd-385x24x15cm\/#primaryimage\",\"url\":\"https:\/\/pavidecor.si\/wp-content\/uploads\/2025\/12\/1IMG_8760a.jpg\",\"contentUrl\":\"https:\/\/pavidecor.si\/wp-content\/uploads\/2025\/12\/1IMG_8760a.jpg\",\"width\":2461,\"height\":2461,\"caption\":\"PAVI DECOR\"},{\"@type\":\"BreadcrumbList\",\"@id\":\"https:\/\/pavidecor.si\/de\/produkt\/holzsegelboot-pd-385x24x15cm\/#breadcrumb\",\"itemListElement\":[{\"@type\":\"ListItem\",\"position\":1,\"name\":\"Domov\",\"item\":\"https:\/\/pavidecor.si\/de\/\"},{\"@type\":\"ListItem\",\"position\":2,\"name\":\"Online-Shop\",\"item\":\"https:\/\/pavidecor.si\/de\/online-shop\/\"},{\"@type\":\"ListItem\",\"position\":3,\"name\":\"Holzsegelboot PD 38,5x24x1,5cm\"}]},{\"@type\":\"WebSite\",\"@id\":\"https:\/\/pavidecor.si\/de\/#website\",\"url\":\"https:\/\/pavidecor.si\/de\/\",\"name\":\"Pavi Decor\",\"description\":\"Leseni unikati ustvarjeni iz ljubezni do lesa in narave.\",\"potentialAction\":[{\"@type\":\"SearchAction\",\"target\":{\"@type\":\"EntryPoint\",\"urlTemplate\":\"https:\/\/pavidecor.si\/de\/?s={search_term_string}\"},\"query-input\":{\"@type\":\"PropertyValueSpecification\",\"valueRequired\":true,\"valueName\":\"search_term_string\"}}],\"inLanguage\":\"de\"}]}<\/script>\n<!-- \/ Yoast SEO plugin. -->","yoast_head_json":{"title":"Holzsegelboot PAVI DECOR - Einzigartige Wanddekoration","description":"Deko Holzsegelboot ist ein wundersch\u00f6nes nautisches Dekor aus Treibholz und recyceltem Holz. Es hat Baumwollsegel und eine Flagge am Mast.","robots":{"index":"index","follow":"follow","max-snippet":"max-snippet:-1","max-image-preview":"max-image-preview:large","max-video-preview":"max-video-preview:-1"},"canonical":"https:\/\/pavidecor.si\/de\/produkt\/holzsegelboot-pd-385x24x15cm\/","og_locale":"de_DE","og_type":"article","og_title":"Holzsegelboot PAVI DECOR - Einzigartige Wanddekoration","og_description":"Deko Holzsegelboot ist ein wundersch\u00f6nes nautisches Dekor aus Treibholz und recyceltem Holz. Es hat Baumwollsegel und eine Flagge am Mast.","og_url":"https:\/\/pavidecor.si\/de\/produkt\/holzsegelboot-pd-385x24x15cm\/","og_site_name":"Pavi Decor","article_modified_time":"2026-04-22T07:09:52+00:00","og_image":[{"width":2461,"height":2461,"url":"https:\/\/pavidecor.si\/wp-content\/uploads\/2025\/12\/1IMG_8760a.jpg","type":"image\/jpeg"}],"twitter_card":"summary_large_image","twitter_misc":{"Gesch\u00e4tzte Lesezeit":"4\u00a0Minuten"},"schema":{"@context":"https:\/\/schema.org","@graph":[{"@type":"WebPage","@id":"https:\/\/pavidecor.si\/de\/produkt\/holzsegelboot-pd-385x24x15cm\/","url":"https:\/\/pavidecor.si\/de\/produkt\/holzsegelboot-pd-385x24x15cm\/","name":"Holzsegelboot PAVI DECOR - Einzigartige Wanddekoration","isPartOf":{"@id":"https:\/\/pavidecor.si\/de\/#website"},"primaryImageOfPage":{"@id":"https:\/\/pavidecor.si\/de\/produkt\/holzsegelboot-pd-385x24x15cm\/#primaryimage"},"image":{"@id":"https:\/\/pavidecor.si\/de\/produkt\/holzsegelboot-pd-385x24x15cm\/#primaryimage"},"thumbnailUrl":"https:\/\/pavidecor.si\/wp-content\/uploads\/2025\/12\/1IMG_8760a.jpg","datePublished":"2025-12-30T10:06:58+00:00","dateModified":"2026-04-22T07:09:52+00:00","description":"Deko Holzsegelboot ist ein wundersch\u00f6nes nautisches Dekor aus Treibholz und recyceltem Holz. Es hat Baumwollsegel und eine Flagge am Mast.","breadcrumb":{"@id":"https:\/\/pavidecor.si\/de\/produkt\/holzsegelboot-pd-385x24x15cm\/#breadcrumb"},"inLanguage":"de","potentialAction":[{"@type":"ReadAction","target":["https:\/\/pavidecor.si\/de\/produkt\/holzsegelboot-pd-385x24x15cm\/"]}]},{"@type":"ImageObject","inLanguage":"de","@id":"https:\/\/pavidecor.si\/de\/produkt\/holzsegelboot-pd-385x24x15cm\/#primaryimage","url":"https:\/\/pavidecor.si\/wp-content\/uploads\/2025\/12\/1IMG_8760a.jpg","contentUrl":"https:\/\/pavidecor.si\/wp-content\/uploads\/2025\/12\/1IMG_8760a.jpg","width":2461,"height":2461,"caption":"PAVI DECOR"},{"@type":"BreadcrumbList","@id":"https:\/\/pavidecor.si\/de\/produkt\/holzsegelboot-pd-385x24x15cm\/#breadcrumb","itemListElement":[{"@type":"ListItem","position":1,"name":"Domov","item":"https:\/\/pavidecor.si\/de\/"},{"@type":"ListItem","position":2,"name":"Online-Shop","item":"https:\/\/pavidecor.si\/de\/online-shop\/"},{"@type":"ListItem","position":3,"name":"Holzsegelboot PD 38,5x24x1,5cm"}]},{"@type":"WebSite","@id":"https:\/\/pavidecor.si\/de\/#website","url":"https:\/\/pavidecor.si\/de\/","name":"Pavi Decor","description":"Leseni unikati ustvarjeni iz ljubezni do lesa in narave.","potentialAction":[{"@type":"SearchAction","target":{"@type":"EntryPoint","urlTemplate":"https:\/\/pavidecor.si\/de\/?s={search_term_string}"},"query-input":{"@type":"PropertyValueSpecification","valueRequired":true,"valueName":"search_term_string"}}],"inLanguage":"de"}]}},"_links":{"self":[{"href":"https:\/\/pavidecor.si\/de\/wp-json\/wp\/v2\/product\/27013","targetHints":{"allow":["GET"]}}],"collection":[{"href":"https:\/\/pavidecor.si\/de\/wp-json\/wp\/v2\/product"}],"about":[{"href":"https:\/\/pavidecor.si\/de\/wp-json\/wp\/v2\/types\/product"}],"replies":[{"embeddable":true,"href":"https:\/\/pavidecor.si\/de\/wp-json\/wp\/v2\/comments?post=27013"}],"wp:featuredmedia":[{"embeddable":true,"href":"https:\/\/pavidecor.si\/de\/wp-json\/wp\/v2\/media\/27019"}],"wp:attachment":[{"href":"https:\/\/pavidecor.si\/de\/wp-json\/wp\/v2\/media?parent=27013"}],"wp:term":[{"taxonomy":"product_brand","embeddable":true,"href":"https:\/\/pavidecor.si\/de\/wp-json\/wp\/v2\/product_brand?post=27013"},{"taxonomy":"product_cat","embeddable":true,"href":"https:\/\/pavidecor.si\/de\/wp-json\/wp\/v2\/product_cat?post=27013"},{"taxonomy":"product_tag","embeddable":true,"href":"https:\/\/pavidecor.si\/de\/wp-json\/wp\/v2\/product_tag?post=27013"}],"curies":[{"name":"wp","href":"https:\/\/api.w.org\/{rel}","templated":true}]}}