	{"id":25662,"date":"2025-07-15T10:10:06","date_gmt":"2025-07-15T10:10:06","guid":{"rendered":"https:\/\/pavidecor.si\/?post_type=product&#038;p=25662"},"modified":"2026-04-22T21:20:22","modified_gmt":"2026-04-22T21:20:22","slug":"deko-segelboot-pd-35x24x2cm","status":"publish","type":"product","link":"https:\/\/pavidecor.si\/de\/produkt\/deko-segelboot-pd-35x24x2cm\/","title":{"rendered":"Deko Segelboot PD 35x24x2cm"},"content":{"rendered":"<p><span class=\"prvimanjsinaslovopis\"> Deko Segelboot &#8211; Einzigartige Wanddekoration aus Holz<\/span><\/p>\n<p>&nbsp;<\/p>\n<h2><span class=\"odebeljenopis\"><strong><br \/>\nEntdecken Sie die Magie des Meeres mit unserem dekorativen Segelboot, das Frische und Eleganz in jeden Raum bringt. Aus Treibholz und recyceltem Holz gefertigt, verzaubert diese einzigartige Wanddekoration nicht nur durch ihre Optik, sondern erz\u00e4hlt auch eine Geschichte von der Liebe zur Natur und zum Kunsthandwerk.<\/strong><\/span><\/h2>\n<p>&nbsp;<\/p>\n<div class=\"row\">\n<div class=\"col-sm-6 \" style=\"margin-top: 30px;\"><center><img decoding=\"async\" class=\"lazyload img-responsive\" style=\"margin: 0px auto; max-width: 100%;\" src=\"data:image\/svg+xml,%3Csvg%20xmlns%3D%27http%3A%2F%2Fwww.w3.org%2F2000%2Fsvg%27%20width%3D%272494%27%20height%3D%272494%27%20viewBox%3D%270%200%202494%202494%27%3E%3Crect%20width%3D%272494%27%20height%3D%272494%27%20fill-opacity%3D%220%22%2F%3E%3C%2Fsvg%3E\" data-orig-src=\"https:\/\/pavidecor.si\/wp-content\/uploads\/2025\/07\/1IMG_8754.jpg\" \/><\/center><\/div>\n<div class=\"col-sm-6\" style=\"margin-top: 40px;\">\n<h3>Unikat handgefertigt<\/h3>\n<p>Unser deko Segelboot ist das Ergebnis der Leidenschaft und Hingabe, die wir in jedes Produkt stecken. Im PAVI DECOR Store aus Ljubljana setzen wir auf eine handgefertigte Produktion und die Verwendung nat\u00fcrlicher Materialien, die daf\u00fcr sorgen, dass jedes St\u00fcck ein Unikat ist. Das Segelboot ist aus Treibholz und recyceltem Holz gefertigt, was bedeutet, dass es nicht nur \u00e4sthetisch ansprechend, sondern auch umweltfreundlich ist. Unser Handwerkerteam verwendet <strong>traditionelle Techniken zur Verarbeitung<\/strong> von Holzteilen, was dem Produkt ein authentisches Aussehen verleiht. Liebhaber einzigartiger St\u00fccke wissen dies sehr zu sch\u00e4tzen.<\/p>\n<p>&nbsp;<\/p>\n<p>Jedes Segelboot wird sorgf\u00e4ltig geschliffen, um ein glattes und angenehmes Gef\u00fchl zu erzielen. Er hat auch eine Flagge und eine Schnur, die an der Spitze des Mastes angebracht ist. Auf der R\u00fcckseite des Rumpfes leuchtet die Aufschrift &#8222;unique&#8220;, die die <strong>Einzigartigkeit zus\u00e4tzlich unterstreicht<\/strong>. Wenn Sie sich f\u00fcr unser Segelboot entscheiden, erhalten Sie nicht nur eine sch\u00f6ne Einrichtung, sondern auch ein St\u00fcck, das eine Geschichte und Tradition in sich tr\u00e4gt.<\/p>\n<p>&nbsp;<\/p>\n<\/div>\n<\/div>\n<div class=\"row\">\n<div class=\"col-sm-6 col-sm-push-6\" style=\"margin-top: 30px;\"><center><a href=\"https:\/\/pavidecor.si\/wp-content\/uploads\/2024\/10\/1IMG_8784a-600x600.jpg\"><img decoding=\"async\" class=\"lazyload img-responsive\" style=\"margin: 0px auto; max-width: 100%;\" src=\"data:image\/svg+xml,%3Csvg%20xmlns%3D%27http%3A%2F%2Fwww.w3.org%2F2000%2Fsvg%27%20width%3D%272560%27%20height%3D%272560%27%20viewBox%3D%270%200%202560%202560%27%3E%3Crect%20width%3D%272560%27%20height%3D%272560%27%20fill-opacity%3D%220%22%2F%3E%3C%2Fsvg%3E\" data-orig-src=\"https:\/\/pavidecor.si\/wp-content\/uploads\/2025\/07\/2IMG_8750-scaled.jpg\" \/><\/a><\/center><\/div>\n<div class=\"col-sm-6 col-sm-pull-6\" style=\"margin-top: 40px;\">\n<h3>Nautische Dekoration f\u00fcr jedes Zuhause<\/h3>\n<p>Ein deko Segelboot ist die ideale Wahl f\u00fcr alle, die den Geist des Meeres in ihr Zuhause bringen m\u00f6chten. Seine schmale Form und Farbkombination, zu der auch ein Netz-Baumwollgewebe f\u00fcr die Segel geh\u00f6rt, vermittelt ein Gef\u00fchl von Frische und Leichtigkeit. Dieses Produkt ist das perfekte Accessoire f\u00fcr Wohnzimmer, Kinderzimmer oder sogar B\u00fcros, wo es Sie an entspannende Momente am Meer erinnern kann.<\/p>\n<p>&nbsp;<\/p>\n<p>Mit unserem Segelboot k\u00f6nnen Sie eine angenehme Atmosph\u00e4re schaffen, die Sie an sonnige Tage, den Wind in den Haaren und einen unbeschwerten Urlaub erinnert. Auf Ihren Wunsch bieten wir Ihnen auch die M\u00f6glichkeit, Ihren Namen nachzudrucken. So k\u00f6nnen Sie Ihre Dekoration individuell gestalten und ihr eine <strong>besondere Note verleihen<\/strong>. Jedes Segelboot ist ein Unikat, was bedeutet, dass Sie etwas ganz Besonderes in Ihrem Zuhause haben werden.<\/p>\n<p>&nbsp;<\/p>\n<\/div>\n<\/div>\n<div class=\"row\">\n<div class=\"col-sm-6\" style=\"margin-top: 30px;\"><center><img decoding=\"async\" class=\"lazyload img-responsive\" style=\"margin: 0px auto; max-width: 100%;\" src=\"data:image\/svg+xml,%3Csvg%20xmlns%3D%27http%3A%2F%2Fwww.w3.org%2F2000%2Fsvg%27%20width%3D%272101%27%20height%3D%272101%27%20viewBox%3D%270%200%202101%202101%27%3E%3Crect%20width%3D%272101%27%20height%3D%272101%27%20fill-opacity%3D%220%22%2F%3E%3C%2Fsvg%3E\" data-orig-src=\"https:\/\/pavidecor.si\/wp-content\/uploads\/2025\/07\/3IMG_8751.jpg\" \/><\/center><\/div>\n<div class=\"col-sm-6\" style=\"margin-top: 40px;\">\n<p>&nbsp;<\/p>\n<h3>Eine \u00f6kologische und nachhaltige Wahl<\/h3>\n<p>Bei PAVI DECOR glauben wir an nachhaltiges Design und die Verwendung nat\u00fcrlicher Materialien. Unser dekoratives Segelboot ist aus recyceltem Holz und aus Treibholz hergestellt. Das bedeutet, dass Sie mit der Wahl unseres Produkts zum Umweltschutz beitragen. Indem Sie das lokale Handwerk unterst\u00fctzen, tragen Sie dazu bei, die Tradition des Handwerks zu bewahren. Sie f\u00f6rdern au\u00dferdem eine nachhaltige Wirtschaft.<\/p>\n<p>&nbsp;<\/p>\n<p>Unser Segelboot ist nicht nur eine Dekoration, sondern auch ein Symbol der Liebe zur Natur und den verwendeten Materialien. Mit dem Kauf unseres Segelboots bereichern Sie Ihr Zuhause und unterst\u00fctzen gleichzeitig lokale Kunsthandwerker, die mit Leidenschaft einzigartige Produkte herstellen. Sie k\u00f6nnen auch einige Segelboote als Teil unserer <strong><a href=\"https:\/\/pavidecor.si\/de\/projects\/strandbar\/\"><span style=\"color: #3366ff;\">Strandbar<\/span><\/a><\/strong> sehen. Begleiten Sie uns und entdecken Sie die Sch\u00f6nheit, die die Natur in Ihr Zuhause bringt.<\/p>\n<\/div>\n<\/div>\n<p>&nbsp;<\/p>\n","protected":false},"excerpt":{"rendered":"<p><strong><span style=\"color: #c4963c;\">\u2192 Handgefertigt<\/span><\/strong><strong><span style=\"color: #c4963c;\"><br \/>\n<\/span><span style=\"color: #c4963c;\">\u2192 Einzigartig<\/span><\/strong><\/p>\n","protected":false},"featured_media":25668,"comment_status":"open","ping_status":"closed","template":"","meta":[],"product_brand":[],"product_cat":[338],"product_tag":[216],"class_list":{"0":"post-25662","1":"product","2":"type-product","3":"status-publish","4":"has-post-thumbnail","6":"product_cat-boote","7":"product_tag-neu","9":"first","10":"instock","11":"sold-individually","12":"taxable","13":"shipping-taxable","14":"purchasable","15":"product-type-simple"},"yoast_head":"<!-- This site is optimized with the Yoast SEO plugin v27.2 - https:\/\/yoast.com\/product\/yoast-seo-wordpress\/ -->\n<title>Deko Segelboot - Einzigartige Wanddekoration aus Holz<\/title>\n<meta name=\"description\" content=\"Deko Segelboot ist ein wundersch\u00f6nes nautisches Dekor aus Treibholz und recyceltem Holz. Er hat bemalte Baumwollsegel, eine Flagge und Schnur am Mast.\" \/>\n<meta name=\"robots\" content=\"index, follow, max-snippet:-1, max-image-preview:large, max-video-preview:-1\" \/>\n<link rel=\"canonical\" href=\"https:\/\/pavidecor.si\/de\/produkt\/deko-segelboot-pd-35x24x2cm\/\" \/>\n<meta property=\"og:locale\" content=\"de_DE\" \/>\n<meta property=\"og:type\" content=\"article\" \/>\n<meta property=\"og:title\" content=\"Deko Segelboot - Einzigartige Wanddekoration aus Holz\" \/>\n<meta property=\"og:description\" content=\"Deko Segelboot ist ein wundersch\u00f6nes nautisches Dekor aus Treibholz und recyceltem Holz. Er hat bemalte Baumwollsegel, eine Flagge und Schnur am Mast.\" \/>\n<meta property=\"og:url\" content=\"https:\/\/pavidecor.si\/de\/produkt\/deko-segelboot-pd-35x24x2cm\/\" \/>\n<meta property=\"og:site_name\" content=\"Pavi Decor\" \/>\n<meta property=\"article:modified_time\" content=\"2026-04-22T21:20:22+00:00\" \/>\n<meta property=\"og:image\" content=\"https:\/\/pavidecor.si\/wp-content\/uploads\/2025\/07\/1IMG_8754.jpg\" \/>\n\t<meta property=\"og:image:width\" content=\"2494\" \/>\n\t<meta property=\"og:image:height\" content=\"2494\" \/>\n\t<meta property=\"og:image:type\" content=\"image\/jpeg\" \/>\n<meta name=\"twitter:card\" content=\"summary_large_image\" \/>\n<meta name=\"twitter:label1\" content=\"Gesch\u00e4tzte Lesezeit\" \/>\n\t<meta name=\"twitter:data1\" content=\"4\u00a0Minuten\" \/>\n<script type=\"application\/ld+json\" class=\"yoast-schema-graph\">{\"@context\":\"https:\/\/schema.org\",\"@graph\":[{\"@type\":\"WebPage\",\"@id\":\"https:\/\/pavidecor.si\/de\/produkt\/deko-segelboot-pd-35x24x2cm\/\",\"url\":\"https:\/\/pavidecor.si\/de\/produkt\/deko-segelboot-pd-35x24x2cm\/\",\"name\":\"Deko Segelboot - Einzigartige Wanddekoration aus Holz\",\"isPartOf\":{\"@id\":\"https:\/\/pavidecor.si\/de\/#website\"},\"primaryImageOfPage\":{\"@id\":\"https:\/\/pavidecor.si\/de\/produkt\/deko-segelboot-pd-35x24x2cm\/#primaryimage\"},\"image\":{\"@id\":\"https:\/\/pavidecor.si\/de\/produkt\/deko-segelboot-pd-35x24x2cm\/#primaryimage\"},\"thumbnailUrl\":\"https:\/\/pavidecor.si\/wp-content\/uploads\/2025\/07\/1IMG_8754.jpg\",\"datePublished\":\"2025-07-15T10:10:06+00:00\",\"dateModified\":\"2026-04-22T21:20:22+00:00\",\"description\":\"Deko Segelboot ist ein wundersch\u00f6nes nautisches Dekor aus Treibholz und recyceltem Holz. Er hat bemalte Baumwollsegel, eine Flagge und Schnur am Mast.\",\"breadcrumb\":{\"@id\":\"https:\/\/pavidecor.si\/de\/produkt\/deko-segelboot-pd-35x24x2cm\/#breadcrumb\"},\"inLanguage\":\"de\",\"potentialAction\":[{\"@type\":\"ReadAction\",\"target\":[\"https:\/\/pavidecor.si\/de\/produkt\/deko-segelboot-pd-35x24x2cm\/\"]}]},{\"@type\":\"ImageObject\",\"inLanguage\":\"de\",\"@id\":\"https:\/\/pavidecor.si\/de\/produkt\/deko-segelboot-pd-35x24x2cm\/#primaryimage\",\"url\":\"https:\/\/pavidecor.si\/wp-content\/uploads\/2025\/07\/1IMG_8754.jpg\",\"contentUrl\":\"https:\/\/pavidecor.si\/wp-content\/uploads\/2025\/07\/1IMG_8754.jpg\",\"width\":2494,\"height\":2494,\"caption\":\"PAVI DECOR\"},{\"@type\":\"BreadcrumbList\",\"@id\":\"https:\/\/pavidecor.si\/de\/produkt\/deko-segelboot-pd-35x24x2cm\/#breadcrumb\",\"itemListElement\":[{\"@type\":\"ListItem\",\"position\":1,\"name\":\"Domov\",\"item\":\"https:\/\/pavidecor.si\/de\/\"},{\"@type\":\"ListItem\",\"position\":2,\"name\":\"Online-Shop\",\"item\":\"https:\/\/pavidecor.si\/de\/online-shop\/\"},{\"@type\":\"ListItem\",\"position\":3,\"name\":\"Deko Segelboot PD 35x24x2cm\"}]},{\"@type\":\"WebSite\",\"@id\":\"https:\/\/pavidecor.si\/de\/#website\",\"url\":\"https:\/\/pavidecor.si\/de\/\",\"name\":\"Pavi Decor\",\"description\":\"Leseni unikati ustvarjeni iz ljubezni do lesa in narave.\",\"potentialAction\":[{\"@type\":\"SearchAction\",\"target\":{\"@type\":\"EntryPoint\",\"urlTemplate\":\"https:\/\/pavidecor.si\/de\/?s={search_term_string}\"},\"query-input\":{\"@type\":\"PropertyValueSpecification\",\"valueRequired\":true,\"valueName\":\"search_term_string\"}}],\"inLanguage\":\"de\"}]}<\/script>\n<!-- \/ Yoast SEO plugin. -->","yoast_head_json":{"title":"Deko Segelboot - Einzigartige Wanddekoration aus Holz","description":"Deko Segelboot ist ein wundersch\u00f6nes nautisches Dekor aus Treibholz und recyceltem Holz. Er hat bemalte Baumwollsegel, eine Flagge und Schnur am Mast.","robots":{"index":"index","follow":"follow","max-snippet":"max-snippet:-1","max-image-preview":"max-image-preview:large","max-video-preview":"max-video-preview:-1"},"canonical":"https:\/\/pavidecor.si\/de\/produkt\/deko-segelboot-pd-35x24x2cm\/","og_locale":"de_DE","og_type":"article","og_title":"Deko Segelboot - Einzigartige Wanddekoration aus Holz","og_description":"Deko Segelboot ist ein wundersch\u00f6nes nautisches Dekor aus Treibholz und recyceltem Holz. Er hat bemalte Baumwollsegel, eine Flagge und Schnur am Mast.","og_url":"https:\/\/pavidecor.si\/de\/produkt\/deko-segelboot-pd-35x24x2cm\/","og_site_name":"Pavi Decor","article_modified_time":"2026-04-22T21:20:22+00:00","og_image":[{"width":2494,"height":2494,"url":"https:\/\/pavidecor.si\/wp-content\/uploads\/2025\/07\/1IMG_8754.jpg","type":"image\/jpeg"}],"twitter_card":"summary_large_image","twitter_misc":{"Gesch\u00e4tzte Lesezeit":"4\u00a0Minuten"},"schema":{"@context":"https:\/\/schema.org","@graph":[{"@type":"WebPage","@id":"https:\/\/pavidecor.si\/de\/produkt\/deko-segelboot-pd-35x24x2cm\/","url":"https:\/\/pavidecor.si\/de\/produkt\/deko-segelboot-pd-35x24x2cm\/","name":"Deko Segelboot - Einzigartige Wanddekoration aus Holz","isPartOf":{"@id":"https:\/\/pavidecor.si\/de\/#website"},"primaryImageOfPage":{"@id":"https:\/\/pavidecor.si\/de\/produkt\/deko-segelboot-pd-35x24x2cm\/#primaryimage"},"image":{"@id":"https:\/\/pavidecor.si\/de\/produkt\/deko-segelboot-pd-35x24x2cm\/#primaryimage"},"thumbnailUrl":"https:\/\/pavidecor.si\/wp-content\/uploads\/2025\/07\/1IMG_8754.jpg","datePublished":"2025-07-15T10:10:06+00:00","dateModified":"2026-04-22T21:20:22+00:00","description":"Deko Segelboot ist ein wundersch\u00f6nes nautisches Dekor aus Treibholz und recyceltem Holz. Er hat bemalte Baumwollsegel, eine Flagge und Schnur am Mast.","breadcrumb":{"@id":"https:\/\/pavidecor.si\/de\/produkt\/deko-segelboot-pd-35x24x2cm\/#breadcrumb"},"inLanguage":"de","potentialAction":[{"@type":"ReadAction","target":["https:\/\/pavidecor.si\/de\/produkt\/deko-segelboot-pd-35x24x2cm\/"]}]},{"@type":"ImageObject","inLanguage":"de","@id":"https:\/\/pavidecor.si\/de\/produkt\/deko-segelboot-pd-35x24x2cm\/#primaryimage","url":"https:\/\/pavidecor.si\/wp-content\/uploads\/2025\/07\/1IMG_8754.jpg","contentUrl":"https:\/\/pavidecor.si\/wp-content\/uploads\/2025\/07\/1IMG_8754.jpg","width":2494,"height":2494,"caption":"PAVI DECOR"},{"@type":"BreadcrumbList","@id":"https:\/\/pavidecor.si\/de\/produkt\/deko-segelboot-pd-35x24x2cm\/#breadcrumb","itemListElement":[{"@type":"ListItem","position":1,"name":"Domov","item":"https:\/\/pavidecor.si\/de\/"},{"@type":"ListItem","position":2,"name":"Online-Shop","item":"https:\/\/pavidecor.si\/de\/online-shop\/"},{"@type":"ListItem","position":3,"name":"Deko Segelboot PD 35x24x2cm"}]},{"@type":"WebSite","@id":"https:\/\/pavidecor.si\/de\/#website","url":"https:\/\/pavidecor.si\/de\/","name":"Pavi Decor","description":"Leseni unikati ustvarjeni iz ljubezni do lesa in narave.","potentialAction":[{"@type":"SearchAction","target":{"@type":"EntryPoint","urlTemplate":"https:\/\/pavidecor.si\/de\/?s={search_term_string}"},"query-input":{"@type":"PropertyValueSpecification","valueRequired":true,"valueName":"search_term_string"}}],"inLanguage":"de"}]}},"_links":{"self":[{"href":"https:\/\/pavidecor.si\/de\/wp-json\/wp\/v2\/product\/25662","targetHints":{"allow":["GET"]}}],"collection":[{"href":"https:\/\/pavidecor.si\/de\/wp-json\/wp\/v2\/product"}],"about":[{"href":"https:\/\/pavidecor.si\/de\/wp-json\/wp\/v2\/types\/product"}],"replies":[{"embeddable":true,"href":"https:\/\/pavidecor.si\/de\/wp-json\/wp\/v2\/comments?post=25662"}],"wp:featuredmedia":[{"embeddable":true,"href":"https:\/\/pavidecor.si\/de\/wp-json\/wp\/v2\/media\/25668"}],"wp:attachment":[{"href":"https:\/\/pavidecor.si\/de\/wp-json\/wp\/v2\/media?parent=25662"}],"wp:term":[{"taxonomy":"product_brand","embeddable":true,"href":"https:\/\/pavidecor.si\/de\/wp-json\/wp\/v2\/product_brand?post=25662"},{"taxonomy":"product_cat","embeddable":true,"href":"https:\/\/pavidecor.si\/de\/wp-json\/wp\/v2\/product_cat?post=25662"},{"taxonomy":"product_tag","embeddable":true,"href":"https:\/\/pavidecor.si\/de\/wp-json\/wp\/v2\/product_tag?post=25662"}],"curies":[{"name":"wp","href":"https:\/\/api.w.org\/{rel}","templated":true}]}}