	{"id":25345,"date":"2025-06-04T08:12:16","date_gmt":"2025-06-04T08:12:16","guid":{"rendered":"https:\/\/pavidecor.si\/?post_type=product&#038;p=25345"},"modified":"2026-04-23T15:06:05","modified_gmt":"2026-04-23T15:06:05","slug":"strandbett-mit-dach-gartenbett-kiefer-basic-200x180x200cm","status":"publish","type":"product","link":"https:\/\/pavidecor.si\/de\/produkt\/strandbett-mit-dach-gartenbett-kiefer-basic-200x180x200cm\/","title":{"rendered":"Strandbett mit Dach, Gartenbett Kiefer basic 200x180x200cm"},"content":{"rendered":"<p>Strandbett mit Dach &#8211; Schnelle und einfache Montage ohne Werkzeug &#8211; Abmessungen 200x180x200cm<\/p>\n<p>&nbsp;<\/p>\n<h2><span class=\"odebeljenopis\"><strong>Entdecken Sie das perfekte Outdoor-M\u00f6belst\u00fcck, das Funktionalit\u00e4t, Komfort und \u00c4sthetik vereint. Das Gartenbett von PAVI DECOR ist f\u00fcr diejenigen gedacht, die sich auf ihrer Terrasse, im Garten oder am Strand entspannen m\u00f6chten. Aus nat\u00fcrlichen Materialien und mit Liebe zum Holz gefertigt, ist es eine unverzichtbare Erg\u00e4nzung f\u00fcr jedes Ambiente.<br \/>\n<\/strong><\/span><\/h2>\n<p>&nbsp;<\/p>\n<div class=\"row\">\n<div class=\"col-sm-6 \" style=\"margin-top: 30px;\"><center><img decoding=\"async\" class=\"lazyload img-responsive\" style=\"margin: 0px auto; max-width: 100%;\" src=\"data:image\/svg+xml,%3Csvg%20xmlns%3D%27http%3A%2F%2Fwww.w3.org%2F2000%2Fsvg%27%20width%3D%271366%27%20height%3D%271366%27%20viewBox%3D%270%200%201366%201366%27%3E%3Crect%20width%3D%271366%27%20height%3D%271366%27%20fill-opacity%3D%220%22%2F%3E%3C%2Fsvg%3E\" data-orig-src=\"https:\/\/pavidecor.si\/wp-content\/uploads\/2025\/06\/Kabana-basic-1.jpg\" \/><\/center><\/div>\n<div class=\"col-sm-6\" style=\"margin-top: 40px;\">\n<p>&nbsp;<\/p>\n<h3>Eine Cabana, die mit nat\u00fcrlichen Materialien verzaubert<\/h3>\n<p>Das Strandbett mit Dach aus unserem PAVI DECOR Shop ist aus hochwertigem slowenischen Kiefernholz gefertigt. Nat\u00fcrliche Materialien sorgen f\u00fcr<strong> Langlebigkeit und Widerstandsf\u00e4higkeit<\/strong> gegen \u00e4u\u00dfere Einfl\u00fcsse und verleihen gleichzeitig einen Hauch von nat\u00fcrlicher Eleganz. Die handwerkliche Verarbeitung und die Details der Verbindung der Holzteile nach traditionellen Techniken sorgen f\u00fcr Authentizit\u00e4t und zeitlose Sch\u00f6nheit.<\/p>\n<p>&nbsp;<\/p>\n<p>Die elegant gestaltete Strandcabana verf\u00fcgt \u00fcber ein Doppelbett, das fest mit einer stabilen Tr\u00e4gerkonstruktion verbunden ist. Sie k\u00f6nnen die Cabana zus\u00e4tzlich mit einem Schiebedach und Baumwollvorh\u00e4ngen ausstatten, um einen echten privaten R\u00fcckzugsort zu schaffen. F\u00fcr einen exotischeren Look k\u00f6nnen Sie es auch mit Stroh dekorieren. Das Gartenbett mit Baldachin ist ein attraktives St\u00fcck <strong><a href=\"https:\/\/pavidecor.si\/de\/kategorije\/strand-und-gartenausruestung\/gartenmobel\/\"><span style=\"color: #3366ff;\">Gartenm\u00f6bel<\/span><\/a><\/strong>, das sowohl funktional als auch \u00e4sthetisch gute Dienste leistet. Wo auch immer Sie es platzieren, es wird das Aussehen Ihres Au\u00dfenbereichs bereichern.<\/p>\n<p>&nbsp;<\/p>\n<\/div>\n<\/div>\n<div class=\"row\">\n<div class=\"col-sm-6 col-sm-push-6\" style=\"margin-top: 30px;\"><center><img decoding=\"async\" class=\"lazyload img-responsive\" style=\"margin: 0px auto; max-width: 100%;\" src=\"data:image\/svg+xml,%3Csvg%20xmlns%3D%27http%3A%2F%2Fwww.w3.org%2F2000%2Fsvg%27%20width%3D%271366%27%20height%3D%271366%27%20viewBox%3D%270%200%201366%201366%27%3E%3Crect%20width%3D%271366%27%20height%3D%271366%27%20fill-opacity%3D%220%22%2F%3E%3C%2Fsvg%3E\" data-orig-src=\"https:\/\/pavidecor.si\/wp-content\/uploads\/2025\/06\/Kabana-basic-2.jpg\" \/><\/center><\/div>\n<div class=\"col-sm-6 col-sm-pull-6\" style=\"margin-top: 40px;\">\n<p>&nbsp;<\/p>\n<h3>Einfache Installation und Flexibilit\u00e4t<\/h3>\n<p>Die gesamte Struktur kann in nur 10 Minuten von zwei Personen ohne Werkzeug zusammengebaut werden, da die Montage schnell und einfach ist. Auch Vorh\u00e4nge und Baldachin k\u00f6nnen Sie ohne komplizierte Handgriffe in wenigen Minuten anbringen. Diese <strong>gro\u00dfe Flexibilit\u00e4t<\/strong> erm\u00f6glicht es Ihnen, den Unterstand nach der Saison schnell abzubauen und zu lagern oder ihn sogar w\u00e4hrend der Saison umzustellen. Die zerlegte Cabana nimmt bei der Lagerung nur wenig Platz ein (200x90x40cm).<\/p>\n<p>&nbsp;<\/p>\n<p>Das Strandbett mit Dach bietet extreme Flexibilit\u00e4t mit drei Stufen der R\u00fcckenlehnenneigung auf jeder einzelnen Matratze. Zur weiteren Ausstattung geh\u00f6ren wasserabweisende Kissen, ein Baldachin, Stroh und pflegeleichte, waschbare Vorh\u00e4nge. Auf diese Weise k\u00f6nnen Sie das Gartenbett vollst\u00e4ndig <strong>an Ihren pers\u00f6nlichen Stil und Ihre Vorlieben anpassen<\/strong>.<\/p>\n<\/div>\n<\/div>\n<div class=\"row\">\n<div class=\"col-sm-6\" style=\"margin-top: 30px;\"><center><img decoding=\"async\" class=\"lazyload img-responsive\" style=\"margin: 0px auto; max-width: 100%;\" src=\"data:image\/svg+xml,%3Csvg%20xmlns%3D%27http%3A%2F%2Fwww.w3.org%2F2000%2Fsvg%27%20width%3D%27763%27%20height%3D%27763%27%20viewBox%3D%270%200%20763%20763%27%3E%3Crect%20width%3D%27763%27%20height%3D%27763%27%20fill-opacity%3D%220%22%2F%3E%3C%2Fsvg%3E\" data-orig-src=\"https:\/\/pavidecor.si\/wp-content\/uploads\/2024\/12\/2-Kabana-natur-11.jpg\" \/><\/center><\/div>\n<div class=\"col-sm-6\" style=\"margin-top: 40px;\">\n<p>&nbsp;<\/p>\n<h3>Ihre private Oase f\u00fcr totale Entspannung<\/h3>\n<p>Das Strandbett mit Dach von PAVI DECOR vereint Praktikabilit\u00e4t, Funktionalit\u00e4t und \u00c4sthetik. Mit Abmessungen von 200x180x200cm ist es ger\u00e4umig genug f\u00fcr zwei Personen, w\u00e4hrend seine <strong>stabile Konstruktion<\/strong> eine sichere Nutzung auf allen Oberfl\u00e4chen gew\u00e4hrleistet. In Kombination mit Accessoires wie einem Baldachin, Vorh\u00e4nge, Stroh und dicke Polsterung, schafft die Cabana eine wahre private Oase.<\/p>\n<p>&nbsp;<\/p>\n<p>Seine zeitlose Eleganz und hochwertige Verarbeitung sorgen daf\u00fcr, dass es sich <strong>wunderbar in jede Umgebung einf\u00fcgt<\/strong> &#8211; am Pool, am Strand, auf der Terrasse oder im Garten. Mit zus\u00e4tzlichen Anpassungsm\u00f6glichkeiten (Art und Farbe des Holzes) verwandeln Sie Ihren Au\u00dfenbereich in eine Ecke, in der Sie immer wieder Entspannung finden werden.<\/p>\n<\/div>\n<\/div>\n<p>&nbsp;<\/p>\n<h4><strong>Die wichtigsten Vorteile unserer Strandbett mit Dach sind:<\/strong><\/h4>\n<ul>\n<li>\n<h4><strong>Einfache Montage und Demontage ohne Werkzeug,<\/strong><\/h4>\n<\/li>\n<li>\n<h4><strong>Zwei Personen k\u00f6nnen sie in nur 10 Minuten aufbauen,<\/strong><\/h4>\n<\/li>\n<li>\n<h4><strong>Ohne Schrauben und Muttern,<\/strong><\/h4>\n<\/li>\n<li>\n<h4><strong>Drei Stufen der Neigung f\u00fcr jede einzelne R\u00fcckenlehne,<\/strong><\/h4>\n<\/li>\n<li>\n<h4><strong>Ma\u00dfe einer Matratze mit separater R\u00fcckenlehne 200x90cm,<\/strong><\/h4>\n<\/li>\n<li>\n<h4><strong>Abmessungen des Geb\u00e4udes LxBxH=200x180x200cm, Gewicht ca. 150kg,<\/strong><\/h4>\n<\/li>\n<li>\n<h4><strong>Material slowenische Kiefer, Farbe natur oder optional,<\/strong><\/h4>\n<\/li>\n<li>\n<h4><strong>Es nimmt nur wenig Platz in der Lagerung ein &#8211; 200x90x40cm,<\/strong><\/h4>\n<\/li>\n<li>\n<h4><strong>Zus\u00e4tzliche Ausstattung: Baldachin, Vorh\u00e4nge, Kissen, Stroh,<\/strong><\/h4>\n<\/li>\n<li>\n<h4><strong>Montieren Sie Vorh\u00e4nge in wenigen Minuten ohne Werkzeug,<\/strong><\/h4>\n<\/li>\n<li>\n<h4><strong>Die Decke kann in Sekundenschnelle mit einem Schiebevorhang beschattet werden,<\/strong><\/h4>\n<\/li>\n<li>\n<h4><strong>Wasserabweisender Stoff,<\/strong><\/h4>\n<\/li>\n<li>\n<h4><strong>Farbe und Dicke der Kissen nach Wunsch,<\/strong><\/h4>\n<\/li>\n<li>\n<h4><strong>Optionale Farbe <\/strong><strong>der Vorh\u00e4nge<\/strong><strong>,<\/strong><\/h4>\n<\/li>\n<li>\n<h4><strong>Einfaches Waschen der Vorh\u00e4nge.<\/strong><\/h4>\n<\/li>\n<\/ul>\n","protected":false},"excerpt":{"rendered":"<p><strong><span style=\"color: #c4963c;\">\u2192 Einfache Montage und Demontage ohne Werkzeug<\/span><\/strong><br \/>\n<strong><span style=\"color: #c4963c;\">\u2192 Montage\/Demontage durch zwei Personen in 10 Minuten<\/span><\/strong><br \/>\n<strong><span style=\"color: #c4963c;\">\u2192 Nimmt nur minimalen Stauraum ein<\/span><\/strong><br \/>\n<strong><span style=\"color: #c4963c;\">\u2192 Ersatzteile immer auf Lager<\/span><\/strong><br \/>\n<strong><span style=\"color: #c4963c;\">\u2192 Einfache Reinigung und Wartung<\/span><\/strong><br \/>\n<strong><span style=\"color: #c4963c;\">\u2192 Drei Stufen der Neigung f\u00fcr jede einzelne R\u00fcckenlehne<\/span><\/strong><br \/>\n<strong><span style=\"color: #c4963c;\">\u2192 Slowenisches Kiefernholz oder nach Wahl<\/span><\/strong><br \/>\n<strong><span style=\"color: #c4963c;\">\u2192 Zubeh\u00f6r: Baldachin, Vorh\u00e4nge, Kissen, Stroh<\/span><\/strong><\/p>\n","protected":false},"featured_media":25354,"comment_status":"open","ping_status":"closed","template":"","meta":[],"product_brand":[],"product_cat":[262],"product_tag":[216],"class_list":{"0":"post-25345","1":"product","2":"type-product","3":"status-publish","4":"has-post-thumbnail","6":"product_cat-gartenmobel","7":"product_tag-neu","9":"first","10":"instock","11":"taxable","12":"shipping-taxable","13":"purchasable","14":"product-type-simple"},"yoast_head":"<!-- This site is optimized with the Yoast SEO plugin v27.2 - https:\/\/yoast.com\/product\/yoast-seo-wordpress\/ -->\n<title>Strandbett mit Dach - Schnelle Montage ohne Werkzeug<\/title>\n<meta name=\"description\" content=\"Das Strandbett mit Dach ist aus Kiefernholz gefertigt, jede R\u00fcckenlehne verf\u00fcgt \u00fcber drei Neigungsstufen. Zubeh\u00f6r: Baldachin, Vorh\u00e4nge, Kissen, Stroh...\" \/>\n<meta name=\"robots\" content=\"index, follow, max-snippet:-1, max-image-preview:large, max-video-preview:-1\" \/>\n<link rel=\"canonical\" href=\"https:\/\/pavidecor.si\/de\/produkt\/strandbett-mit-dach-gartenbett-kiefer-basic-200x180x200cm\/\" \/>\n<meta property=\"og:locale\" content=\"de_DE\" \/>\n<meta property=\"og:type\" content=\"article\" \/>\n<meta property=\"og:title\" content=\"Strandbett mit Dach - Schnelle Montage ohne Werkzeug\" \/>\n<meta property=\"og:description\" content=\"Das Strandbett mit Dach ist aus Kiefernholz gefertigt, jede R\u00fcckenlehne verf\u00fcgt \u00fcber drei Neigungsstufen. Zubeh\u00f6r: Baldachin, Vorh\u00e4nge, Kissen, Stroh...\" \/>\n<meta property=\"og:url\" content=\"https:\/\/pavidecor.si\/de\/produkt\/strandbett-mit-dach-gartenbett-kiefer-basic-200x180x200cm\/\" \/>\n<meta property=\"og:site_name\" content=\"Pavi Decor\" \/>\n<meta property=\"article:modified_time\" content=\"2026-04-23T15:06:05+00:00\" \/>\n<meta property=\"og:image\" content=\"https:\/\/pavidecor.si\/wp-content\/uploads\/2025\/06\/Kabana-basic-1.jpg\" \/>\n\t<meta property=\"og:image:width\" content=\"1366\" \/>\n\t<meta property=\"og:image:height\" content=\"1366\" \/>\n\t<meta property=\"og:image:type\" content=\"image\/jpeg\" \/>\n<meta name=\"twitter:card\" content=\"summary_large_image\" \/>\n<meta name=\"twitter:label1\" content=\"Gesch\u00e4tzte Lesezeit\" \/>\n\t<meta name=\"twitter:data1\" content=\"4\u00a0Minuten\" \/>\n<script type=\"application\/ld+json\" class=\"yoast-schema-graph\">{\"@context\":\"https:\/\/schema.org\",\"@graph\":[{\"@type\":\"WebPage\",\"@id\":\"https:\/\/pavidecor.si\/de\/produkt\/strandbett-mit-dach-gartenbett-kiefer-basic-200x180x200cm\/\",\"url\":\"https:\/\/pavidecor.si\/de\/produkt\/strandbett-mit-dach-gartenbett-kiefer-basic-200x180x200cm\/\",\"name\":\"Strandbett mit Dach - Schnelle Montage ohne Werkzeug\",\"isPartOf\":{\"@id\":\"https:\/\/pavidecor.si\/de\/#website\"},\"primaryImageOfPage\":{\"@id\":\"https:\/\/pavidecor.si\/de\/produkt\/strandbett-mit-dach-gartenbett-kiefer-basic-200x180x200cm\/#primaryimage\"},\"image\":{\"@id\":\"https:\/\/pavidecor.si\/de\/produkt\/strandbett-mit-dach-gartenbett-kiefer-basic-200x180x200cm\/#primaryimage\"},\"thumbnailUrl\":\"https:\/\/pavidecor.si\/wp-content\/uploads\/2025\/06\/Kabana-basic-1.jpg\",\"datePublished\":\"2025-06-04T08:12:16+00:00\",\"dateModified\":\"2026-04-23T15:06:05+00:00\",\"description\":\"Das Strandbett mit Dach ist aus Kiefernholz gefertigt, jede R\u00fcckenlehne verf\u00fcgt \u00fcber drei Neigungsstufen. Zubeh\u00f6r: Baldachin, Vorh\u00e4nge, Kissen, Stroh...\",\"breadcrumb\":{\"@id\":\"https:\/\/pavidecor.si\/de\/produkt\/strandbett-mit-dach-gartenbett-kiefer-basic-200x180x200cm\/#breadcrumb\"},\"inLanguage\":\"de\",\"potentialAction\":[{\"@type\":\"ReadAction\",\"target\":[\"https:\/\/pavidecor.si\/de\/produkt\/strandbett-mit-dach-gartenbett-kiefer-basic-200x180x200cm\/\"]}]},{\"@type\":\"ImageObject\",\"inLanguage\":\"de\",\"@id\":\"https:\/\/pavidecor.si\/de\/produkt\/strandbett-mit-dach-gartenbett-kiefer-basic-200x180x200cm\/#primaryimage\",\"url\":\"https:\/\/pavidecor.si\/wp-content\/uploads\/2025\/06\/Kabana-basic-1.jpg\",\"contentUrl\":\"https:\/\/pavidecor.si\/wp-content\/uploads\/2025\/06\/Kabana-basic-1.jpg\",\"width\":1366,\"height\":1366,\"caption\":\"PAVI DECOR\"},{\"@type\":\"BreadcrumbList\",\"@id\":\"https:\/\/pavidecor.si\/de\/produkt\/strandbett-mit-dach-gartenbett-kiefer-basic-200x180x200cm\/#breadcrumb\",\"itemListElement\":[{\"@type\":\"ListItem\",\"position\":1,\"name\":\"Domov\",\"item\":\"https:\/\/pavidecor.si\/de\/\"},{\"@type\":\"ListItem\",\"position\":2,\"name\":\"Online-Shop\",\"item\":\"https:\/\/pavidecor.si\/de\/online-shop\/\"},{\"@type\":\"ListItem\",\"position\":3,\"name\":\"Strandbett mit Dach, Gartenbett Kiefer basic 200x180x200cm\"}]},{\"@type\":\"WebSite\",\"@id\":\"https:\/\/pavidecor.si\/de\/#website\",\"url\":\"https:\/\/pavidecor.si\/de\/\",\"name\":\"Pavi Decor\",\"description\":\"Leseni unikati ustvarjeni iz ljubezni do lesa in narave.\",\"potentialAction\":[{\"@type\":\"SearchAction\",\"target\":{\"@type\":\"EntryPoint\",\"urlTemplate\":\"https:\/\/pavidecor.si\/de\/?s={search_term_string}\"},\"query-input\":{\"@type\":\"PropertyValueSpecification\",\"valueRequired\":true,\"valueName\":\"search_term_string\"}}],\"inLanguage\":\"de\"}]}<\/script>\n<!-- \/ Yoast SEO plugin. -->","yoast_head_json":{"title":"Strandbett mit Dach - Schnelle Montage ohne Werkzeug","description":"Das Strandbett mit Dach ist aus Kiefernholz gefertigt, jede R\u00fcckenlehne verf\u00fcgt \u00fcber drei Neigungsstufen. Zubeh\u00f6r: Baldachin, Vorh\u00e4nge, Kissen, Stroh...","robots":{"index":"index","follow":"follow","max-snippet":"max-snippet:-1","max-image-preview":"max-image-preview:large","max-video-preview":"max-video-preview:-1"},"canonical":"https:\/\/pavidecor.si\/de\/produkt\/strandbett-mit-dach-gartenbett-kiefer-basic-200x180x200cm\/","og_locale":"de_DE","og_type":"article","og_title":"Strandbett mit Dach - Schnelle Montage ohne Werkzeug","og_description":"Das Strandbett mit Dach ist aus Kiefernholz gefertigt, jede R\u00fcckenlehne verf\u00fcgt \u00fcber drei Neigungsstufen. Zubeh\u00f6r: Baldachin, Vorh\u00e4nge, Kissen, Stroh...","og_url":"https:\/\/pavidecor.si\/de\/produkt\/strandbett-mit-dach-gartenbett-kiefer-basic-200x180x200cm\/","og_site_name":"Pavi Decor","article_modified_time":"2026-04-23T15:06:05+00:00","og_image":[{"width":1366,"height":1366,"url":"https:\/\/pavidecor.si\/wp-content\/uploads\/2025\/06\/Kabana-basic-1.jpg","type":"image\/jpeg"}],"twitter_card":"summary_large_image","twitter_misc":{"Gesch\u00e4tzte Lesezeit":"4\u00a0Minuten"},"schema":{"@context":"https:\/\/schema.org","@graph":[{"@type":"WebPage","@id":"https:\/\/pavidecor.si\/de\/produkt\/strandbett-mit-dach-gartenbett-kiefer-basic-200x180x200cm\/","url":"https:\/\/pavidecor.si\/de\/produkt\/strandbett-mit-dach-gartenbett-kiefer-basic-200x180x200cm\/","name":"Strandbett mit Dach - Schnelle Montage ohne Werkzeug","isPartOf":{"@id":"https:\/\/pavidecor.si\/de\/#website"},"primaryImageOfPage":{"@id":"https:\/\/pavidecor.si\/de\/produkt\/strandbett-mit-dach-gartenbett-kiefer-basic-200x180x200cm\/#primaryimage"},"image":{"@id":"https:\/\/pavidecor.si\/de\/produkt\/strandbett-mit-dach-gartenbett-kiefer-basic-200x180x200cm\/#primaryimage"},"thumbnailUrl":"https:\/\/pavidecor.si\/wp-content\/uploads\/2025\/06\/Kabana-basic-1.jpg","datePublished":"2025-06-04T08:12:16+00:00","dateModified":"2026-04-23T15:06:05+00:00","description":"Das Strandbett mit Dach ist aus Kiefernholz gefertigt, jede R\u00fcckenlehne verf\u00fcgt \u00fcber drei Neigungsstufen. Zubeh\u00f6r: Baldachin, Vorh\u00e4nge, Kissen, Stroh...","breadcrumb":{"@id":"https:\/\/pavidecor.si\/de\/produkt\/strandbett-mit-dach-gartenbett-kiefer-basic-200x180x200cm\/#breadcrumb"},"inLanguage":"de","potentialAction":[{"@type":"ReadAction","target":["https:\/\/pavidecor.si\/de\/produkt\/strandbett-mit-dach-gartenbett-kiefer-basic-200x180x200cm\/"]}]},{"@type":"ImageObject","inLanguage":"de","@id":"https:\/\/pavidecor.si\/de\/produkt\/strandbett-mit-dach-gartenbett-kiefer-basic-200x180x200cm\/#primaryimage","url":"https:\/\/pavidecor.si\/wp-content\/uploads\/2025\/06\/Kabana-basic-1.jpg","contentUrl":"https:\/\/pavidecor.si\/wp-content\/uploads\/2025\/06\/Kabana-basic-1.jpg","width":1366,"height":1366,"caption":"PAVI DECOR"},{"@type":"BreadcrumbList","@id":"https:\/\/pavidecor.si\/de\/produkt\/strandbett-mit-dach-gartenbett-kiefer-basic-200x180x200cm\/#breadcrumb","itemListElement":[{"@type":"ListItem","position":1,"name":"Domov","item":"https:\/\/pavidecor.si\/de\/"},{"@type":"ListItem","position":2,"name":"Online-Shop","item":"https:\/\/pavidecor.si\/de\/online-shop\/"},{"@type":"ListItem","position":3,"name":"Strandbett mit Dach, Gartenbett Kiefer basic 200x180x200cm"}]},{"@type":"WebSite","@id":"https:\/\/pavidecor.si\/de\/#website","url":"https:\/\/pavidecor.si\/de\/","name":"Pavi Decor","description":"Leseni unikati ustvarjeni iz ljubezni do lesa in narave.","potentialAction":[{"@type":"SearchAction","target":{"@type":"EntryPoint","urlTemplate":"https:\/\/pavidecor.si\/de\/?s={search_term_string}"},"query-input":{"@type":"PropertyValueSpecification","valueRequired":true,"valueName":"search_term_string"}}],"inLanguage":"de"}]}},"_links":{"self":[{"href":"https:\/\/pavidecor.si\/de\/wp-json\/wp\/v2\/product\/25345","targetHints":{"allow":["GET"]}}],"collection":[{"href":"https:\/\/pavidecor.si\/de\/wp-json\/wp\/v2\/product"}],"about":[{"href":"https:\/\/pavidecor.si\/de\/wp-json\/wp\/v2\/types\/product"}],"replies":[{"embeddable":true,"href":"https:\/\/pavidecor.si\/de\/wp-json\/wp\/v2\/comments?post=25345"}],"wp:featuredmedia":[{"embeddable":true,"href":"https:\/\/pavidecor.si\/de\/wp-json\/wp\/v2\/media\/25354"}],"wp:attachment":[{"href":"https:\/\/pavidecor.si\/de\/wp-json\/wp\/v2\/media?parent=25345"}],"wp:term":[{"taxonomy":"product_brand","embeddable":true,"href":"https:\/\/pavidecor.si\/de\/wp-json\/wp\/v2\/product_brand?post=25345"},{"taxonomy":"product_cat","embeddable":true,"href":"https:\/\/pavidecor.si\/de\/wp-json\/wp\/v2\/product_cat?post=25345"},{"taxonomy":"product_tag","embeddable":true,"href":"https:\/\/pavidecor.si\/de\/wp-json\/wp\/v2\/product_tag?post=25345"}],"curies":[{"name":"wp","href":"https:\/\/api.w.org\/{rel}","templated":true}]}}