	{"id":25104,"date":"2025-05-19T09:36:46","date_gmt":"2025-05-19T09:36:46","guid":{"rendered":"https:\/\/pavidecor.si\/?post_type=product&#038;p=25104"},"modified":"2026-04-25T08:17:20","modified_gmt":"2026-04-25T08:17:20","slug":"bodenrost-kiefernholz-200x80cm","status":"publish","type":"product","link":"https:\/\/pavidecor.si\/de\/produkt\/bodenrost-kiefernholz-200x80cm\/","title":{"rendered":"Bodenrost Kiefernholz 200x80cm"},"content":{"rendered":"<p><span class=\"prvimanjsinaslovopis\"><br \/>\nBodenrost Kiefernholz &#8211; Nat\u00fcrliche Eleganz f\u00fcr Ihr Zuhause &#8211; Abmessungen 200x80x2cm<\/span><\/p>\n<p>&nbsp;<\/p>\n<h2><span class=\"odebeljenopis\"><strong><br \/>\nEntdecken Sie den einzigartigen Bodenrost Kiefer von PAVI DECOR aus Ljubljana. Unsere Produkte sind das Ergebnis von Leidenschaft f\u00fcr Holz und Natur, handgefertigt mit Liebe und Hingabe. Dieser vielseitige Holzl\u00e4ufer ist nicht nur ein stilvolles Accessoire, sondern auch eine praktische L\u00f6sung f\u00fcr verschiedene R\u00e4ume.<\/strong><\/span><\/h2>\n<p>&nbsp;<\/p>\n<div class=\"row\">\n<div class=\"col-sm-6 \" style=\"margin-top: 30px;\"><center><img decoding=\"async\" class=\"lazyload img-responsive\" style=\"margin: 0px auto; max-width: 100%;\" src=\"data:image\/svg+xml,%3Csvg%20xmlns%3D%27http%3A%2F%2Fwww.w3.org%2F2000%2Fsvg%27%20width%3D%271733%27%20height%3D%271733%27%20viewBox%3D%270%200%201733%201733%27%3E%3Crect%20width%3D%271733%27%20height%3D%271733%27%20fill-opacity%3D%220%22%2F%3E%3C%2Fsvg%3E\" data-orig-src=\"https:\/\/pavidecor.si\/wp-content\/uploads\/2025\/05\/1.jpg\" \/><\/center><\/div>\n<div class=\"col-sm-6\" style=\"margin-top: 40px;\">\n<p>&nbsp;<\/p>\n<h3>Handgefertigte Qualit\u00e4t aus Slowenien<\/h3>\n<p>Bei PAVI DECOR sind wir stolz auf die handwerkliche Qualit\u00e4t unserer Produkte. Kiefernholzteppiche werden sorgf\u00e4ltig von Hand gefertigt und bestehen aus Holzlatten, die mit strapazierf\u00e4higem Garn verbunden sind. Diese traditionelle Verbindungsmethode, die an alte Meister erinnert, verleiht unseren Holzteppichen eine <strong>authentische Optik und Haptik<\/strong>. <span class=\"prvimanjsinaslovopis\">Bodenrost Kiefernholz<\/span> passt in viele R\u00e4ume und bewahrt gleichzeitig die nat\u00fcrliche Sch\u00f6nheit des Holzes.<\/p>\n<p>&nbsp;<\/p>\n<p>Dieser aus Kiefernholz gefertigte Holzteppich ist umweltfreundlich und hinterl\u00e4sst keine schwarzen Flecken durch Gerbstoffe. Seine Langlebigkeit und \u00f6kologische Vertr\u00e4glichkeit sind wichtige Vorteile, die alle sch\u00e4tzen, die Wert auf nachhaltiges Design legen. Auch ohne Schutzbeschichtung ist <span class=\"prvimanjsinaslovopis\">Bodenrost <\/span>widerstandsf\u00e4hig gegen \u00e4u\u00dfere Einfl\u00fcsse. Die Holzoberfl\u00e4che vergraut mit der Zeit leicht, was seine Lebensdauer zus\u00e4tzlich verl\u00e4ngert.<\/p>\n<p>&nbsp;<\/p>\n<p>&nbsp;<\/p>\n<\/div>\n<\/div>\n<div class=\"row\">\n<div class=\"col-sm-6 col-sm-push-6\" style=\"margin-top: 30px;\"><center><img decoding=\"async\" class=\"lazyload img-responsive\" style=\"margin: 0px auto; max-width: 100%;\" src=\"data:image\/svg+xml,%3Csvg%20xmlns%3D%27http%3A%2F%2Fwww.w3.org%2F2000%2Fsvg%27%20width%3D%271032%27%20height%3D%271032%27%20viewBox%3D%270%200%201032%201032%27%3E%3Crect%20width%3D%271032%27%20height%3D%271032%27%20fill-opacity%3D%220%22%2F%3E%3C%2Fsvg%3E\" data-orig-src=\"https:\/\/pavidecor.si\/wp-content\/uploads\/2025\/05\/3.jpg\" \/><\/center><\/div>\n<div class=\"col-sm-6 col-sm-pull-6\" style=\"margin-top: 40px;\">\n<p>&nbsp;<\/p>\n<h3>Vielseitige Anwendungsm\u00f6glichkeiten<\/h3>\n<p><span class=\"prvimanjsinaslovopis\">Der Bodenrost Kiefernholz<\/span> ist nicht nur ein dekoratives St\u00fcck; es erf\u00fcllt vielf\u00e4ltige Zwecke in Ihrem Zuhause. Ob im Schlafzimmer, Esszimmer oder sogar auf der Terrasse \u2013 es wertet das Ambiente auf und bietet gleichzeitig praktische Vorteile. Dieser Holzl\u00e4ufer eignet sich f\u00fcr alle Arten von harten Oberfl\u00e4chen, einschlie\u00dflich Fliesen und Beton, sowie f\u00fcr weiche Oberfl\u00e4chen. Es kann auch als bequeme Unterlage zum Entspannen oder als stilvoller L\u00e4ufer in Fluren und Eingangsbereichen verwendet werden.<\/p>\n<p>&nbsp;<\/p>\n<p>Mit seinem Schutz vor K\u00e4lte, Hitze, Feuchtigkeit und rutschigen Oberfl\u00e4chen ist dieser Holzteppich eine unverzichtbare Erg\u00e4nzung f\u00fcr jeden Wohnraum. Dar\u00fcber hinaus k\u00f6nnen Sie mehrere St\u00fccke \u00fcbereinander stapeln, um einen <strong>Holzweg beliebiger L\u00e4nge an Str\u00e4nden oder Terrassen zu schaffen<\/strong>, was den Nutzen dieses Teppichs weiter erh\u00f6ht. Mit seiner unverwechselbaren Farbe passt er perfekt zu verschiedenen Einrichtungsstilen oder Gartenm\u00f6beln. Er ist leicht zu reinigen. Staub und Schmutz lassen sich einfach wegfegen \u2013 f\u00fcr eine kinderleichte Pflege.<\/p>\n<p>&nbsp;<\/p>\n<\/div>\n<\/div>\n<div class=\"row\">\n<div class=\"col-sm-6\" style=\"margin-top: 30px;\"><center><img decoding=\"async\" class=\"lazyload img-responsive\" style=\"margin: 0px auto; max-width: 100%;\" src=\"data:image\/svg+xml,%3Csvg%20xmlns%3D%27http%3A%2F%2Fwww.w3.org%2F2000%2Fsvg%27%20width%3D%271797%27%20height%3D%271797%27%20viewBox%3D%270%200%201797%201797%27%3E%3Crect%20width%3D%271797%27%20height%3D%271797%27%20fill-opacity%3D%220%22%2F%3E%3C%2Fsvg%3E\" data-orig-src=\"https:\/\/pavidecor.si\/wp-content\/uploads\/2025\/02\/Preproga-Pavi-Decor-plaza-Rab-1.jpg\" \/><\/center><\/div>\n<div class=\"col-sm-6\" style=\"margin-top: 40px;\">\n<p>&nbsp;<\/p>\n<h3>Eine \u00f6kologische Wahl f\u00fcr Ihr Zuhause<\/h3>\n<p>Bei PAVI DECOR legen wir Wert auf nachhaltiges Design und \u00f6kologische Materialien. <span class=\"prvimanjsinaslovopis\">Der Bodenrost Kiefernholz<\/span> besteht aus nat\u00fcrlichen Materialien und ist daher umweltfreundlich. Seine \u00f6kologische Vertr\u00e4glichkeit und lange Lebensdauer sind wichtige Vorteile, die unsere Kunden sch\u00e4tzen. Auch am <a href=\"https:\/\/pavidecor.si\/de\/projects\/strand-auf-rab\/\"><strong><span style=\"color: #3366ff;\">Strand auf Rab<\/span><\/strong><\/a> sind Holzstege aus unseren Holzteppichen zu sehen, was ihre Vielseitigkeit und Vielseitigkeit beweist.<\/p>\n<p>&nbsp;<\/p>\n<p>Mit unserem Holzteppich bereichern Sie nicht nur Ihr Zuhause, sondern unterst\u00fctzen auch lokales Handwerk und eine nachhaltige Wirtschaft. Jedes unserer Produkte ist das Ergebnis unserer Leidenschaft f\u00fcr Holz und Natur, die sich in der Qualit\u00e4t und Einzigartigkeit unserer Produkte widerspiegelt. Entdecken Sie mit uns die Sch\u00f6nheit der Natur in Ihrem Zuhause.<\/p>\n<p>&nbsp;<\/p>\n<\/div>\n<\/div>\n<p>&nbsp;<\/p>\n","protected":false},"excerpt":{"rendered":"<p><strong><span style=\"color: #c4963c;\">\u2192 F\u00fcr den Innen- und Au\u00dfenbereich<br \/>\n\u2192 Einfache Montage \/ Demontage<br \/>\n\u2192 Mehrere St\u00fccke k\u00f6nnen zu einem l\u00e4ngeren Track kombiniert werden<br \/>\n\u2192 Lange Lebensdauer<br \/>\n\u2192 Leicht zu reinigen<br \/>\n\u2192 Kiefernholz<br \/>\n\u2192 Sonderanfertigungen m\u00f6glich<\/span><br \/>\n<\/strong><\/p>\n","protected":false},"featured_media":25110,"comment_status":"open","ping_status":"closed","template":"","meta":[],"product_brand":[],"product_cat":[363],"product_tag":[216,372],"class_list":{"0":"post-25104","1":"product","2":"type-product","3":"status-publish","4":"has-post-thumbnail","6":"product_cat-teppiche-und-matten","7":"product_tag-neu","8":"product_tag-strand-auf-rab","10":"first","11":"instock","12":"taxable","13":"shipping-taxable","14":"purchasable","15":"product-type-simple"},"yoast_head":"<!-- This site is optimized with the Yoast SEO plugin v27.2 - https:\/\/yoast.com\/product\/yoast-seo-wordpress\/ -->\n<title>Bodenrost Kiefernholz - Nat\u00fcrliche Eleganz f\u00fcr jeden Raum<\/title>\n<meta name=\"description\" content=\"Bodenrost Kiefernholz ist f\u00fcr den Innen- und Au\u00dfenbereich geeignet und sch\u00fctzt Sie vor kalten oder rutschigen B\u00f6den. Leicht zu reinigen und zu pflegen.\" \/>\n<meta name=\"robots\" content=\"index, follow, max-snippet:-1, max-image-preview:large, max-video-preview:-1\" \/>\n<link rel=\"canonical\" href=\"https:\/\/pavidecor.si\/de\/produkt\/bodenrost-kiefernholz-200x80cm\/\" \/>\n<meta property=\"og:locale\" content=\"de_DE\" \/>\n<meta property=\"og:type\" content=\"article\" \/>\n<meta property=\"og:title\" content=\"Bodenrost Kiefernholz - Nat\u00fcrliche Eleganz f\u00fcr jeden Raum\" \/>\n<meta property=\"og:description\" content=\"Bodenrost Kiefernholz ist f\u00fcr den Innen- und Au\u00dfenbereich geeignet und sch\u00fctzt Sie vor kalten oder rutschigen B\u00f6den. Leicht zu reinigen und zu pflegen.\" \/>\n<meta property=\"og:url\" content=\"https:\/\/pavidecor.si\/de\/produkt\/bodenrost-kiefernholz-200x80cm\/\" \/>\n<meta property=\"og:site_name\" content=\"Pavi Decor\" \/>\n<meta property=\"article:modified_time\" content=\"2026-04-25T08:17:20+00:00\" \/>\n<meta property=\"og:image\" content=\"https:\/\/pavidecor.si\/wp-content\/uploads\/2025\/05\/1.jpg\" \/>\n\t<meta property=\"og:image:width\" content=\"1733\" \/>\n\t<meta property=\"og:image:height\" content=\"1733\" \/>\n\t<meta property=\"og:image:type\" content=\"image\/jpeg\" \/>\n<meta name=\"twitter:card\" content=\"summary_large_image\" \/>\n<meta name=\"twitter:label1\" content=\"Gesch\u00e4tzte Lesezeit\" \/>\n\t<meta name=\"twitter:data1\" content=\"4\u00a0Minuten\" \/>\n<script type=\"application\/ld+json\" class=\"yoast-schema-graph\">{\"@context\":\"https:\/\/schema.org\",\"@graph\":[{\"@type\":\"WebPage\",\"@id\":\"https:\/\/pavidecor.si\/de\/produkt\/bodenrost-kiefernholz-200x80cm\/\",\"url\":\"https:\/\/pavidecor.si\/de\/produkt\/bodenrost-kiefernholz-200x80cm\/\",\"name\":\"Bodenrost Kiefernholz - Nat\u00fcrliche Eleganz f\u00fcr jeden Raum\",\"isPartOf\":{\"@id\":\"https:\/\/pavidecor.si\/de\/#website\"},\"primaryImageOfPage\":{\"@id\":\"https:\/\/pavidecor.si\/de\/produkt\/bodenrost-kiefernholz-200x80cm\/#primaryimage\"},\"image\":{\"@id\":\"https:\/\/pavidecor.si\/de\/produkt\/bodenrost-kiefernholz-200x80cm\/#primaryimage\"},\"thumbnailUrl\":\"https:\/\/pavidecor.si\/wp-content\/uploads\/2025\/05\/1.jpg\",\"datePublished\":\"2025-05-19T09:36:46+00:00\",\"dateModified\":\"2026-04-25T08:17:20+00:00\",\"description\":\"Bodenrost Kiefernholz ist f\u00fcr den Innen- und Au\u00dfenbereich geeignet und sch\u00fctzt Sie vor kalten oder rutschigen B\u00f6den. Leicht zu reinigen und zu pflegen.\",\"breadcrumb\":{\"@id\":\"https:\/\/pavidecor.si\/de\/produkt\/bodenrost-kiefernholz-200x80cm\/#breadcrumb\"},\"inLanguage\":\"de\",\"potentialAction\":[{\"@type\":\"ReadAction\",\"target\":[\"https:\/\/pavidecor.si\/de\/produkt\/bodenrost-kiefernholz-200x80cm\/\"]}]},{\"@type\":\"ImageObject\",\"inLanguage\":\"de\",\"@id\":\"https:\/\/pavidecor.si\/de\/produkt\/bodenrost-kiefernholz-200x80cm\/#primaryimage\",\"url\":\"https:\/\/pavidecor.si\/wp-content\/uploads\/2025\/05\/1.jpg\",\"contentUrl\":\"https:\/\/pavidecor.si\/wp-content\/uploads\/2025\/05\/1.jpg\",\"width\":1733,\"height\":1733,\"caption\":\"PAVI DECOR\"},{\"@type\":\"BreadcrumbList\",\"@id\":\"https:\/\/pavidecor.si\/de\/produkt\/bodenrost-kiefernholz-200x80cm\/#breadcrumb\",\"itemListElement\":[{\"@type\":\"ListItem\",\"position\":1,\"name\":\"Domov\",\"item\":\"https:\/\/pavidecor.si\/de\/\"},{\"@type\":\"ListItem\",\"position\":2,\"name\":\"Online-Shop\",\"item\":\"https:\/\/pavidecor.si\/de\/online-shop\/\"},{\"@type\":\"ListItem\",\"position\":3,\"name\":\"Bodenrost Kiefernholz 200x80cm\"}]},{\"@type\":\"WebSite\",\"@id\":\"https:\/\/pavidecor.si\/de\/#website\",\"url\":\"https:\/\/pavidecor.si\/de\/\",\"name\":\"Pavi Decor\",\"description\":\"Leseni unikati ustvarjeni iz ljubezni do lesa in narave.\",\"potentialAction\":[{\"@type\":\"SearchAction\",\"target\":{\"@type\":\"EntryPoint\",\"urlTemplate\":\"https:\/\/pavidecor.si\/de\/?s={search_term_string}\"},\"query-input\":{\"@type\":\"PropertyValueSpecification\",\"valueRequired\":true,\"valueName\":\"search_term_string\"}}],\"inLanguage\":\"de\"}]}<\/script>\n<!-- \/ Yoast SEO plugin. -->","yoast_head_json":{"title":"Bodenrost Kiefernholz - Nat\u00fcrliche Eleganz f\u00fcr jeden Raum","description":"Bodenrost Kiefernholz ist f\u00fcr den Innen- und Au\u00dfenbereich geeignet und sch\u00fctzt Sie vor kalten oder rutschigen B\u00f6den. Leicht zu reinigen und zu pflegen.","robots":{"index":"index","follow":"follow","max-snippet":"max-snippet:-1","max-image-preview":"max-image-preview:large","max-video-preview":"max-video-preview:-1"},"canonical":"https:\/\/pavidecor.si\/de\/produkt\/bodenrost-kiefernholz-200x80cm\/","og_locale":"de_DE","og_type":"article","og_title":"Bodenrost Kiefernholz - Nat\u00fcrliche Eleganz f\u00fcr jeden Raum","og_description":"Bodenrost Kiefernholz ist f\u00fcr den Innen- und Au\u00dfenbereich geeignet und sch\u00fctzt Sie vor kalten oder rutschigen B\u00f6den. Leicht zu reinigen und zu pflegen.","og_url":"https:\/\/pavidecor.si\/de\/produkt\/bodenrost-kiefernholz-200x80cm\/","og_site_name":"Pavi Decor","article_modified_time":"2026-04-25T08:17:20+00:00","og_image":[{"width":1733,"height":1733,"url":"https:\/\/pavidecor.si\/wp-content\/uploads\/2025\/05\/1.jpg","type":"image\/jpeg"}],"twitter_card":"summary_large_image","twitter_misc":{"Gesch\u00e4tzte Lesezeit":"4\u00a0Minuten"},"schema":{"@context":"https:\/\/schema.org","@graph":[{"@type":"WebPage","@id":"https:\/\/pavidecor.si\/de\/produkt\/bodenrost-kiefernholz-200x80cm\/","url":"https:\/\/pavidecor.si\/de\/produkt\/bodenrost-kiefernholz-200x80cm\/","name":"Bodenrost Kiefernholz - Nat\u00fcrliche Eleganz f\u00fcr jeden Raum","isPartOf":{"@id":"https:\/\/pavidecor.si\/de\/#website"},"primaryImageOfPage":{"@id":"https:\/\/pavidecor.si\/de\/produkt\/bodenrost-kiefernholz-200x80cm\/#primaryimage"},"image":{"@id":"https:\/\/pavidecor.si\/de\/produkt\/bodenrost-kiefernholz-200x80cm\/#primaryimage"},"thumbnailUrl":"https:\/\/pavidecor.si\/wp-content\/uploads\/2025\/05\/1.jpg","datePublished":"2025-05-19T09:36:46+00:00","dateModified":"2026-04-25T08:17:20+00:00","description":"Bodenrost Kiefernholz ist f\u00fcr den Innen- und Au\u00dfenbereich geeignet und sch\u00fctzt Sie vor kalten oder rutschigen B\u00f6den. Leicht zu reinigen und zu pflegen.","breadcrumb":{"@id":"https:\/\/pavidecor.si\/de\/produkt\/bodenrost-kiefernholz-200x80cm\/#breadcrumb"},"inLanguage":"de","potentialAction":[{"@type":"ReadAction","target":["https:\/\/pavidecor.si\/de\/produkt\/bodenrost-kiefernholz-200x80cm\/"]}]},{"@type":"ImageObject","inLanguage":"de","@id":"https:\/\/pavidecor.si\/de\/produkt\/bodenrost-kiefernholz-200x80cm\/#primaryimage","url":"https:\/\/pavidecor.si\/wp-content\/uploads\/2025\/05\/1.jpg","contentUrl":"https:\/\/pavidecor.si\/wp-content\/uploads\/2025\/05\/1.jpg","width":1733,"height":1733,"caption":"PAVI DECOR"},{"@type":"BreadcrumbList","@id":"https:\/\/pavidecor.si\/de\/produkt\/bodenrost-kiefernholz-200x80cm\/#breadcrumb","itemListElement":[{"@type":"ListItem","position":1,"name":"Domov","item":"https:\/\/pavidecor.si\/de\/"},{"@type":"ListItem","position":2,"name":"Online-Shop","item":"https:\/\/pavidecor.si\/de\/online-shop\/"},{"@type":"ListItem","position":3,"name":"Bodenrost Kiefernholz 200x80cm"}]},{"@type":"WebSite","@id":"https:\/\/pavidecor.si\/de\/#website","url":"https:\/\/pavidecor.si\/de\/","name":"Pavi Decor","description":"Leseni unikati ustvarjeni iz ljubezni do lesa in narave.","potentialAction":[{"@type":"SearchAction","target":{"@type":"EntryPoint","urlTemplate":"https:\/\/pavidecor.si\/de\/?s={search_term_string}"},"query-input":{"@type":"PropertyValueSpecification","valueRequired":true,"valueName":"search_term_string"}}],"inLanguage":"de"}]}},"_links":{"self":[{"href":"https:\/\/pavidecor.si\/de\/wp-json\/wp\/v2\/product\/25104","targetHints":{"allow":["GET"]}}],"collection":[{"href":"https:\/\/pavidecor.si\/de\/wp-json\/wp\/v2\/product"}],"about":[{"href":"https:\/\/pavidecor.si\/de\/wp-json\/wp\/v2\/types\/product"}],"replies":[{"embeddable":true,"href":"https:\/\/pavidecor.si\/de\/wp-json\/wp\/v2\/comments?post=25104"}],"wp:featuredmedia":[{"embeddable":true,"href":"https:\/\/pavidecor.si\/de\/wp-json\/wp\/v2\/media\/25110"}],"wp:attachment":[{"href":"https:\/\/pavidecor.si\/de\/wp-json\/wp\/v2\/media?parent=25104"}],"wp:term":[{"taxonomy":"product_brand","embeddable":true,"href":"https:\/\/pavidecor.si\/de\/wp-json\/wp\/v2\/product_brand?post=25104"},{"taxonomy":"product_cat","embeddable":true,"href":"https:\/\/pavidecor.si\/de\/wp-json\/wp\/v2\/product_cat?post=25104"},{"taxonomy":"product_tag","embeddable":true,"href":"https:\/\/pavidecor.si\/de\/wp-json\/wp\/v2\/product_tag?post=25104"}],"curies":[{"name":"wp","href":"https:\/\/api.w.org\/{rel}","templated":true}]}}