	{"id":24662,"date":"2025-04-08T10:49:33","date_gmt":"2025-04-08T10:49:33","guid":{"rendered":"https:\/\/pavidecor.si\/?post_type=product&#038;p=24662"},"modified":"2026-05-14T19:42:29","modified_gmt":"2026-05-14T19:42:29","slug":"holzspiegel-aus-angeschwemmte-aste-193x110cm","status":"publish","type":"product","link":"https:\/\/pavidecor.si\/de\/produkt\/holzspiegel-aus-angeschwemmte-aste-193x110cm\/","title":{"rendered":"Holzspiegel aus angeschwemmte \u00c4ste 193x110cm"},"content":{"rendered":"<p><span class=\"prvimanjsinaslovopis\">Holzspiegel aus angeschwemmte \u00c4ste &#8211; Ein Hauch von Natur f\u00fcr Ihr Zuhause<\/span><\/p>\n<p>&nbsp;<\/p>\n<h2><span class=\"odebeljenopis\"><strong> Entdecken Sie das einzigartige Holzpiegel aus Treibholz, das jedem Raum eine besondere Note verleiht. Handgefertigt von PAVI DECOR in Ljubljana, vereint dieses Spiegelst\u00fcck rustikalen Charme mit modernem Design. Jedes St\u00fcck ist ein Unikat, das die Liebe zur Natur und zum Holz widerspiegelt.<\/strong><\/span><\/h2>\n<p>&nbsp;<\/p>\n<div class=\"row\">\n<div class=\"col-sm-6 \" style=\"margin-top: 30px;\"><center><img decoding=\"async\" class=\"lazyload img-responsive\" style=\"margin: 0px auto; max-width: 100%;\" src=\"data:image\/svg+xml,%3Csvg%20xmlns%3D%27http%3A%2F%2Fwww.w3.org%2F2000%2Fsvg%27%20width%3D%271945%27%20height%3D%271945%27%20viewBox%3D%270%200%201945%201945%27%3E%3Crect%20width%3D%271945%27%20height%3D%271945%27%20fill-opacity%3D%220%22%2F%3E%3C%2Fsvg%3E\" data-orig-src=\"https:\/\/pavidecor.si\/wp-content\/uploads\/2025\/04\/193x110.jpg\" \/><\/center><\/div>\n<div class=\"col-sm-6\" style=\"margin-top: 40px;\">\n<p>&nbsp;<\/p>\n<h3>Einzigartige Handwerkskunst<\/h3>\n<p>Unsere Holzpiegel aus Treibholz sind das Ergebnis von <b>traditioneller Handarbeit<\/b> und einem tiefen Respekt f\u00fcr die Natur. Jedes St\u00fcck Holz wird sorgf\u00e4ltig ausgew\u00e4hlt und verarbeitet, um die Sch\u00f6nheit und Einzigartigkeit des Materials zu betonen. Die <b>Detailgenauigkeit<\/b> und die Art der Verbindung der Holzst\u00fccke erinnern an die Techniken alter Meister, was jedem Spiegel einen authentischen Charakter verleiht. Bei PAVI DECOR legen wir gro\u00dfen Wert auf Nachhaltigkeit und verwenden ausschlie\u00dflich Holz aus verantwortungsvoller Herkunft.<\/p>\n<p>&nbsp;<\/p>\n<p>Die Kombination aus verschiedenen <span class=\"prvimanjsinaslovopis\">angeschwemmten \u00c4ste<\/span> schafft nicht nur ein \u00e4sthetisches Gesamtbild, sondern sorgt auch daf\u00fcr, dass jeder Spiegel ein <b>einmaliges Kunstwerk<\/b> ist. Egal, ob in der K\u00fcche, im Badezimmer oder im Flur \u2013 dieser Spiegel aus Treibholz wird zum Blickfang in jedem Raum. Die rustikale Optik harmoniert sowohl mit modernen als auch mit traditionellen Einrichtungsstilen und bringt ein St\u00fcck Natur in Ihr Zuhause.<\/p>\n<p>&nbsp;<\/p>\n<\/div>\n<\/div>\n<div class=\"row\">\n<div class=\"col-sm-6 col-sm-push-6\" style=\"margin-top: 30px;\"><center><img decoding=\"async\" class=\"lazyload img-responsive\" style=\"margin: 0px auto; max-width: 100%;\" src=\"data:image\/svg+xml,%3Csvg%20xmlns%3D%27http%3A%2F%2Fwww.w3.org%2F2000%2Fsvg%27%20width%3D%271335%27%20height%3D%271335%27%20viewBox%3D%270%200%201335%201335%27%3E%3Crect%20width%3D%271335%27%20height%3D%271335%27%20fill-opacity%3D%220%22%2F%3E%3C%2Fsvg%3E\" data-orig-src=\"https:\/\/pavidecor.si\/wp-content\/uploads\/2025\/04\/193x110a.jpg\" \/><\/center><\/div>\n<div class=\"col-sm-6 col-sm-pull-6\" style=\"margin-top: 40px;\">\n<p>&nbsp;<\/p>\n<h3>Vielseitige Einsatzm\u00f6glichkeiten<\/h3>\n<p>Der <span class=\"prvimanjsinaslovopis\">Holzspiegel aus angeschwemmte \u00c4ste<\/span> ist nicht nur ein praktisches Element, sondern auch ein dekoratives Highlight. Mit seinen idealen Abmessungen passt er perfekt in R\u00e4ume jeder Gr\u00f6\u00dfe. Ob in einem <b>modernen Loft<\/b> oder einem gem\u00fctlichen Landhaus \u2013 dieser Spiegel f\u00fcgt sich nahtlos in jede Umgebung ein. Es eignet sich auch f\u00fcr einen Massagesalon, was Sie in unserer <a href=\"\/de\/produkt\/massagehutte-pavillon-fur-massage-am-strand-massagezelt\/\"><strong><span style=\"color: #3366ff;\">Massage-Cabana<\/span><\/strong><\/a> sehen k\u00f6nnen.<\/p>\n<p>&nbsp;<\/p>\n<p>Die einfache Montage ist ein weiterer Vorteil dieses Produkts. Dank der stabilen Leiste auf der R\u00fcckseite l\u00e4sst sich der Spiegel m\u00fchelos an der Wand befestigen. So k\u00f6nnen Sie im Handumdrehen einen neuen Akzent in Ihrem Raum setzen. Dar\u00fcber hinaus ist der Holzspiegel aus Treibholz nicht nur funktional, sondern auch ein <b>Ausdruck Ihres pers\u00f6nlichen Stils<\/b>. Er l\u00e4dt dazu ein, sich selbst zu betrachten und gleichzeitig die Sch\u00f6nheit der Natur zu genie\u00dfen.<\/p>\n<p>&nbsp;<\/p>\n<\/div>\n<\/div>\n<div class=\"row\">\n<div class=\"col-sm-6\" style=\"margin-top: 30px;\"><center><img decoding=\"async\" class=\"lazyload img-responsive\" style=\"margin: 0px auto; max-width: 100%;\" src=\"data:image\/svg+xml,%3Csvg%20xmlns%3D%27http%3A%2F%2Fwww.w3.org%2F2000%2Fsvg%27%20width%3D%271304%27%20height%3D%271304%27%20viewBox%3D%270%200%201304%201304%27%3E%3Crect%20width%3D%271304%27%20height%3D%271304%27%20fill-opacity%3D%220%22%2F%3E%3C%2Fsvg%3E\" data-orig-src=\" https:\/\/pavidecor.si\/wp-content\/uploads\/2025\/04\/193x110b.jpg\" \/><\/center><\/div>\n<div class=\"col-sm-6\" style=\"margin-top: 40px;\">\n<p>&nbsp;<\/p>\n<h3>Produktdetails<\/h3>\n<p>Der <span class=\"prvimanjsinaslovopis\">Holzspiegel aus angeschwemmte \u00c4ste<\/span> hat folgende Ma\u00dfe: 193 cm x 110 cm. Er ist handgefertigt und besteht aus sorgf\u00e4ltig ausgew\u00e4hlten Treibholzst\u00fccken, die in einem rustikalen Stil angeordnet sind. Jedes St\u00fcck Holz erz\u00e4hlt seine eigene Geschichte und bringt einen Hauch von Natur in Ihr Zuhause.<\/p>\n<p>&nbsp;<\/p>\n<p>Die Montage ist einfach und schnell, sodass Sie in k\u00fcrzester Zeit die Vorteile dieses einzigartigen Spiegels genie\u00dfen k\u00f6nnen. Er eignet sich hervorragend f\u00fcr verschiedene R\u00e4ume, sei es im <b>Esszimmer<\/b>, <b>Badezimmer<\/b>, <b>Schlafzimmer<\/b> oder <b>Flur<\/b>. Lassen Sie sich von der Sch\u00f6nheit und der Einzigartigkeit dieses handgefertigten Spiegels begeistern und bringen Sie ein St\u00fcck Natur in Ihr Zuhause.<\/p>\n<\/div>\n<\/div>\n<p>&nbsp;<\/p>\n","protected":false},"excerpt":{"rendered":"<p><strong><span style=\"color: #c4963c;\">\u2192 Handgefertigt<\/span><\/strong><strong><span style=\"color: #c4963c;\"><br \/>\n<\/span><span style=\"color: #c4963c;\">\u2192 Einzigartig<\/span><\/strong><br \/>\n<strong><span style=\"color: #c4963c;\">Alle Abmessungen:<\/span><\/strong><br \/>\n<strong><span style=\"color: #c4963c;\">\u2192 <a href=\"\/de\/produkt\/treibholzspiegel-84x76cm\/\"><span style=\"color: #3366ff;\">84x76cm<\/span><\/a><br \/>\n\u2192 <a href=\"\/de\/produkt\/spiegel-aus-treibholz-174x74cm\/\"><span style=\"color: #3366ff;\">174x74cm<\/span><\/a><\/span><\/strong><br \/>\n<strong><span style=\"color: #c4963c;\">\u2192 <a href=\"\/de\/produkt\/holzspiegel-aus-angeschwemmte-aste-193x110cm\/\"><span style=\"color: #3366ff;\">193x110cm<\/span><\/a><br \/>\n<\/span><\/strong><\/p>\n","protected":false},"featured_media":24668,"comment_status":"open","ping_status":"closed","template":"","meta":[],"product_brand":[],"product_cat":[237],"product_tag":[216],"class_list":{"0":"post-24662","1":"product","2":"type-product","3":"status-publish","4":"has-post-thumbnail","6":"product_cat-spiegel","7":"product_tag-neu","9":"first","10":"instock","11":"sold-individually","12":"taxable","13":"shipping-taxable","14":"purchasable","15":"product-type-simple"},"yoast_head":"<!-- This site is optimized with the Yoast SEO plugin v27.2 - https:\/\/yoast.com\/product\/yoast-seo-wordpress\/ -->\n<title>Holzspiegel aus angeschwemmte \u00c4ste - Ein Hauch von Natur<\/title>\n<meta name=\"description\" content=\"Holzspiegel ist eine gute Bereicherung f\u00fcr jeden Raum. Der handmontierte Rahmen ist im rustikalen Stil aus einzelnen angeschwemmten \u00c4ste gefertigt.\" \/>\n<meta name=\"robots\" content=\"index, follow, max-snippet:-1, max-image-preview:large, max-video-preview:-1\" \/>\n<link rel=\"canonical\" href=\"https:\/\/pavidecor.si\/de\/produkt\/holzspiegel-aus-angeschwemmte-aste-193x110cm\/\" \/>\n<meta property=\"og:locale\" content=\"de_DE\" \/>\n<meta property=\"og:type\" content=\"article\" \/>\n<meta property=\"og:title\" content=\"Holzspiegel aus angeschwemmte \u00c4ste - Ein Hauch von Natur\" \/>\n<meta property=\"og:description\" content=\"Holzspiegel ist eine gute Bereicherung f\u00fcr jeden Raum. Der handmontierte Rahmen ist im rustikalen Stil aus einzelnen angeschwemmten \u00c4ste gefertigt.\" \/>\n<meta property=\"og:url\" content=\"https:\/\/pavidecor.si\/de\/produkt\/holzspiegel-aus-angeschwemmte-aste-193x110cm\/\" \/>\n<meta property=\"og:site_name\" content=\"Pavi Decor\" \/>\n<meta property=\"article:modified_time\" content=\"2026-05-14T19:42:29+00:00\" \/>\n<meta property=\"og:image\" content=\"https:\/\/pavidecor.si\/wp-content\/uploads\/2025\/04\/193x110.jpg\" \/>\n\t<meta property=\"og:image:width\" content=\"1945\" \/>\n\t<meta property=\"og:image:height\" content=\"1945\" \/>\n\t<meta property=\"og:image:type\" content=\"image\/jpeg\" \/>\n<meta name=\"twitter:card\" content=\"summary_large_image\" \/>\n<meta name=\"twitter:label1\" content=\"Gesch\u00e4tzte Lesezeit\" \/>\n\t<meta name=\"twitter:data1\" content=\"4\u00a0Minuten\" \/>\n<script type=\"application\/ld+json\" class=\"yoast-schema-graph\">{\"@context\":\"https:\/\/schema.org\",\"@graph\":[{\"@type\":\"WebPage\",\"@id\":\"https:\/\/pavidecor.si\/de\/produkt\/holzspiegel-aus-angeschwemmte-aste-193x110cm\/\",\"url\":\"https:\/\/pavidecor.si\/de\/produkt\/holzspiegel-aus-angeschwemmte-aste-193x110cm\/\",\"name\":\"Holzspiegel aus angeschwemmte \u00c4ste - Ein Hauch von Natur\",\"isPartOf\":{\"@id\":\"https:\/\/pavidecor.si\/de\/#website\"},\"primaryImageOfPage\":{\"@id\":\"https:\/\/pavidecor.si\/de\/produkt\/holzspiegel-aus-angeschwemmte-aste-193x110cm\/#primaryimage\"},\"image\":{\"@id\":\"https:\/\/pavidecor.si\/de\/produkt\/holzspiegel-aus-angeschwemmte-aste-193x110cm\/#primaryimage\"},\"thumbnailUrl\":\"https:\/\/pavidecor.si\/wp-content\/uploads\/2025\/04\/193x110.jpg\",\"datePublished\":\"2025-04-08T10:49:33+00:00\",\"dateModified\":\"2026-05-14T19:42:29+00:00\",\"description\":\"Holzspiegel ist eine gute Bereicherung f\u00fcr jeden Raum. Der handmontierte Rahmen ist im rustikalen Stil aus einzelnen angeschwemmten \u00c4ste gefertigt.\",\"breadcrumb\":{\"@id\":\"https:\/\/pavidecor.si\/de\/produkt\/holzspiegel-aus-angeschwemmte-aste-193x110cm\/#breadcrumb\"},\"inLanguage\":\"de\",\"potentialAction\":[{\"@type\":\"ReadAction\",\"target\":[\"https:\/\/pavidecor.si\/de\/produkt\/holzspiegel-aus-angeschwemmte-aste-193x110cm\/\"]}]},{\"@type\":\"ImageObject\",\"inLanguage\":\"de\",\"@id\":\"https:\/\/pavidecor.si\/de\/produkt\/holzspiegel-aus-angeschwemmte-aste-193x110cm\/#primaryimage\",\"url\":\"https:\/\/pavidecor.si\/wp-content\/uploads\/2025\/04\/193x110.jpg\",\"contentUrl\":\"https:\/\/pavidecor.si\/wp-content\/uploads\/2025\/04\/193x110.jpg\",\"width\":1945,\"height\":1945,\"caption\":\"PAVI DECOR\"},{\"@type\":\"BreadcrumbList\",\"@id\":\"https:\/\/pavidecor.si\/de\/produkt\/holzspiegel-aus-angeschwemmte-aste-193x110cm\/#breadcrumb\",\"itemListElement\":[{\"@type\":\"ListItem\",\"position\":1,\"name\":\"Domov\",\"item\":\"https:\/\/pavidecor.si\/de\/\"},{\"@type\":\"ListItem\",\"position\":2,\"name\":\"Online-Shop\",\"item\":\"https:\/\/pavidecor.si\/de\/online-shop\/\"},{\"@type\":\"ListItem\",\"position\":3,\"name\":\"Holzspiegel aus angeschwemmte \u00c4ste 193x110cm\"}]},{\"@type\":\"WebSite\",\"@id\":\"https:\/\/pavidecor.si\/de\/#website\",\"url\":\"https:\/\/pavidecor.si\/de\/\",\"name\":\"Pavi Decor\",\"description\":\"Leseni unikati ustvarjeni iz ljubezni do lesa in narave.\",\"potentialAction\":[{\"@type\":\"SearchAction\",\"target\":{\"@type\":\"EntryPoint\",\"urlTemplate\":\"https:\/\/pavidecor.si\/de\/?s={search_term_string}\"},\"query-input\":{\"@type\":\"PropertyValueSpecification\",\"valueRequired\":true,\"valueName\":\"search_term_string\"}}],\"inLanguage\":\"de\"}]}<\/script>\n<!-- \/ Yoast SEO plugin. -->","yoast_head_json":{"title":"Holzspiegel aus angeschwemmte \u00c4ste - Ein Hauch von Natur","description":"Holzspiegel ist eine gute Bereicherung f\u00fcr jeden Raum. Der handmontierte Rahmen ist im rustikalen Stil aus einzelnen angeschwemmten \u00c4ste gefertigt.","robots":{"index":"index","follow":"follow","max-snippet":"max-snippet:-1","max-image-preview":"max-image-preview:large","max-video-preview":"max-video-preview:-1"},"canonical":"https:\/\/pavidecor.si\/de\/produkt\/holzspiegel-aus-angeschwemmte-aste-193x110cm\/","og_locale":"de_DE","og_type":"article","og_title":"Holzspiegel aus angeschwemmte \u00c4ste - Ein Hauch von Natur","og_description":"Holzspiegel ist eine gute Bereicherung f\u00fcr jeden Raum. Der handmontierte Rahmen ist im rustikalen Stil aus einzelnen angeschwemmten \u00c4ste gefertigt.","og_url":"https:\/\/pavidecor.si\/de\/produkt\/holzspiegel-aus-angeschwemmte-aste-193x110cm\/","og_site_name":"Pavi Decor","article_modified_time":"2026-05-14T19:42:29+00:00","og_image":[{"width":1945,"height":1945,"url":"https:\/\/pavidecor.si\/wp-content\/uploads\/2025\/04\/193x110.jpg","type":"image\/jpeg"}],"twitter_card":"summary_large_image","twitter_misc":{"Gesch\u00e4tzte Lesezeit":"4\u00a0Minuten"},"schema":{"@context":"https:\/\/schema.org","@graph":[{"@type":"WebPage","@id":"https:\/\/pavidecor.si\/de\/produkt\/holzspiegel-aus-angeschwemmte-aste-193x110cm\/","url":"https:\/\/pavidecor.si\/de\/produkt\/holzspiegel-aus-angeschwemmte-aste-193x110cm\/","name":"Holzspiegel aus angeschwemmte \u00c4ste - Ein Hauch von Natur","isPartOf":{"@id":"https:\/\/pavidecor.si\/de\/#website"},"primaryImageOfPage":{"@id":"https:\/\/pavidecor.si\/de\/produkt\/holzspiegel-aus-angeschwemmte-aste-193x110cm\/#primaryimage"},"image":{"@id":"https:\/\/pavidecor.si\/de\/produkt\/holzspiegel-aus-angeschwemmte-aste-193x110cm\/#primaryimage"},"thumbnailUrl":"https:\/\/pavidecor.si\/wp-content\/uploads\/2025\/04\/193x110.jpg","datePublished":"2025-04-08T10:49:33+00:00","dateModified":"2026-05-14T19:42:29+00:00","description":"Holzspiegel ist eine gute Bereicherung f\u00fcr jeden Raum. Der handmontierte Rahmen ist im rustikalen Stil aus einzelnen angeschwemmten \u00c4ste gefertigt.","breadcrumb":{"@id":"https:\/\/pavidecor.si\/de\/produkt\/holzspiegel-aus-angeschwemmte-aste-193x110cm\/#breadcrumb"},"inLanguage":"de","potentialAction":[{"@type":"ReadAction","target":["https:\/\/pavidecor.si\/de\/produkt\/holzspiegel-aus-angeschwemmte-aste-193x110cm\/"]}]},{"@type":"ImageObject","inLanguage":"de","@id":"https:\/\/pavidecor.si\/de\/produkt\/holzspiegel-aus-angeschwemmte-aste-193x110cm\/#primaryimage","url":"https:\/\/pavidecor.si\/wp-content\/uploads\/2025\/04\/193x110.jpg","contentUrl":"https:\/\/pavidecor.si\/wp-content\/uploads\/2025\/04\/193x110.jpg","width":1945,"height":1945,"caption":"PAVI DECOR"},{"@type":"BreadcrumbList","@id":"https:\/\/pavidecor.si\/de\/produkt\/holzspiegel-aus-angeschwemmte-aste-193x110cm\/#breadcrumb","itemListElement":[{"@type":"ListItem","position":1,"name":"Domov","item":"https:\/\/pavidecor.si\/de\/"},{"@type":"ListItem","position":2,"name":"Online-Shop","item":"https:\/\/pavidecor.si\/de\/online-shop\/"},{"@type":"ListItem","position":3,"name":"Holzspiegel aus angeschwemmte \u00c4ste 193x110cm"}]},{"@type":"WebSite","@id":"https:\/\/pavidecor.si\/de\/#website","url":"https:\/\/pavidecor.si\/de\/","name":"Pavi Decor","description":"Leseni unikati ustvarjeni iz ljubezni do lesa in narave.","potentialAction":[{"@type":"SearchAction","target":{"@type":"EntryPoint","urlTemplate":"https:\/\/pavidecor.si\/de\/?s={search_term_string}"},"query-input":{"@type":"PropertyValueSpecification","valueRequired":true,"valueName":"search_term_string"}}],"inLanguage":"de"}]}},"_links":{"self":[{"href":"https:\/\/pavidecor.si\/de\/wp-json\/wp\/v2\/product\/24662","targetHints":{"allow":["GET"]}}],"collection":[{"href":"https:\/\/pavidecor.si\/de\/wp-json\/wp\/v2\/product"}],"about":[{"href":"https:\/\/pavidecor.si\/de\/wp-json\/wp\/v2\/types\/product"}],"replies":[{"embeddable":true,"href":"https:\/\/pavidecor.si\/de\/wp-json\/wp\/v2\/comments?post=24662"}],"wp:featuredmedia":[{"embeddable":true,"href":"https:\/\/pavidecor.si\/de\/wp-json\/wp\/v2\/media\/24668"}],"wp:attachment":[{"href":"https:\/\/pavidecor.si\/de\/wp-json\/wp\/v2\/media?parent=24662"}],"wp:term":[{"taxonomy":"product_brand","embeddable":true,"href":"https:\/\/pavidecor.si\/de\/wp-json\/wp\/v2\/product_brand?post=24662"},{"taxonomy":"product_cat","embeddable":true,"href":"https:\/\/pavidecor.si\/de\/wp-json\/wp\/v2\/product_cat?post=24662"},{"taxonomy":"product_tag","embeddable":true,"href":"https:\/\/pavidecor.si\/de\/wp-json\/wp\/v2\/product_tag?post=24662"}],"curies":[{"name":"wp","href":"https:\/\/api.w.org\/{rel}","templated":true}]}}