	{"id":24276,"date":"2025-03-10T09:00:20","date_gmt":"2025-03-10T09:00:20","guid":{"rendered":"https:\/\/pavidecor.si\/?post_type=product&#038;p=24276"},"modified":"2026-04-25T13:42:30","modified_gmt":"2026-04-25T13:42:30","slug":"umkleidekabine-am-strand-110x110x200cm","status":"publish","type":"product","link":"https:\/\/pavidecor.si\/de\/produkt\/umkleidekabine-am-strand-110x110x200cm\/","title":{"rendered":"Umkleidekabine am Strand 110x110x200cm"},"content":{"rendered":"<p>Umkleidekabine am Strand &#8211; Praktisch, langlebig, \u00e4sthetisch &#8211; Abmessungen\u00a0110x110x200cm<\/p>\n<p>&nbsp;<\/p>\n<h2><span class=\"odebeljenopis\"><strong>Entdecken Sie das perfekte Strand-M\u00f6belst\u00fcck, das Funktionalit\u00e4t und \u00c4sthetik vereint. Die Strandumkleidekabine von PAVI DECOR ist so konzipiert, dass sie gut an jeden Strand passt. Aus nat\u00fcrlichen Materialien und mit Liebe zum Holz gefertigt, ist es ein unverzichtbares Accessoire f\u00fcr jedes Badeort.<br \/>\n<\/strong><\/span><\/h2>\n<p>&nbsp;<\/p>\n<div class=\"row\">\n<div class=\"col-sm-6 \" style=\"margin-top: 30px;\"><center><img decoding=\"async\" class=\"lazyload img-responsive\" style=\"margin: 0px auto; max-width: 100%;\" src=\"data:image\/svg+xml,%3Csvg%20xmlns%3D%27http%3A%2F%2Fwww.w3.org%2F2000%2Fsvg%27%20width%3D%271870%27%20height%3D%271870%27%20viewBox%3D%270%200%201870%201870%27%3E%3Crect%20width%3D%271870%27%20height%3D%271870%27%20fill-opacity%3D%220%22%2F%3E%3C%2Fsvg%3E\" data-orig-src=\"https:\/\/pavidecor.si\/wp-content\/uploads\/2025\/03\/Kabina1a.jpg\" \/><\/center><\/div>\n<div class=\"col-sm-6\" style=\"margin-top: 40px;\">\n<p>&nbsp;<\/p>\n<h3>Eine Kabine, die durch ihr Aussehen und ihre Funktionalit\u00e4t fasziniert<\/h3>\n<p>Die PAVI DECOR Strandumkleidekabine ist aus hochwertigem Kiefernholz oder auf Wunsch auch aus exotischem Holz gefertigt. Nat\u00fcrliche Materialien sorgen f\u00fcr <strong>Langlebigkeit und Widerstandsf\u00e4higkeit<\/strong> gegen\u00fcber \u00e4u\u00dferen Einfl\u00fcssen und verleihen ihnen gleichzeitig einen Hauch nat\u00fcrlicher Eleganz. Die handwerkliche Fertigung und das Zusammenf\u00fcgen von Holzteilen nach traditionellen Techniken sorgen f\u00fcr Authentizit\u00e4t und zeitlose Sch\u00f6nheit.<\/p>\n<p>&nbsp;<\/p>\n<p>Die repr\u00e4sentative Umkleidekabine am Strand verf\u00fcgt \u00fcber seitliche Verst\u00e4rkungen f\u00fcr noch mehr Stabilit\u00e4t der Tragkonstruktion. F\u00fcr eine bessere Bel\u00fcftung ist es nach oben offen, w\u00e4hrend der seitliche Vorhang f\u00fcr die n\u00f6tige Privatsph\u00e4re sorgt. Das Muster des Kabinenvorhangs ist sorgf\u00e4ltig ausgew\u00e4hlt und verleiht der Kabine gleichzeitig einen Retro- und modernen Look. Eine Strandh\u00fctte ist ein attraktives <a href=\"https:\/\/pavidecor.si\/de\/kategorije\/strand-und-gartenausruestung\/gartenmobel\/\"><strong><span style=\"color: #3366ff;\">Gartenm\u00f6belst\u00fcck<\/span><\/strong><\/a>, das nicht nur einen funktionalen Zweck erf\u00fcllt, sondern auch das \u00e4sthetische Erscheinungsbild eines jeden Strandes bereichert.<\/p>\n<p>&nbsp;<\/p>\n<\/div>\n<\/div>\n<div class=\"row\">\n<div class=\"col-sm-6 col-sm-push-6\" style=\"margin-top: 30px;\"><center><img decoding=\"async\" class=\"lazyload img-responsive\" style=\"margin: 0px auto; max-width: 100%;\" src=\"data:image\/svg+xml,%3Csvg%20xmlns%3D%27http%3A%2F%2Fwww.w3.org%2F2000%2Fsvg%27%20width%3D%271366%27%20height%3D%271366%27%20viewBox%3D%270%200%201366%201366%27%3E%3Crect%20width%3D%271366%27%20height%3D%271366%27%20fill-opacity%3D%220%22%2F%3E%3C%2Fsvg%3E\" data-orig-src=\"https:\/\/pavidecor.si\/wp-content\/uploads\/2025\/03\/Kabina4a.jpg\" \/><\/center><\/div>\n<div class=\"col-sm-6 col-sm-pull-6\" style=\"margin-top: 40px;\">\n<p>&nbsp;<\/p>\n<h3>Einfache Montage und Flexibilit\u00e4t<\/h3>\n<p>Die gesamte Struktur kann ohne Werkzeug von nur zwei Personen in 10 Minuten zusammengebaut werden, da die Montage schnell und einfach erfolgt. Sie k\u00f6nnen den Vorhang auch ohne komplizierte Prozeduren in wenigen Minuten anbringen. Diese au\u00dfergew\u00f6hnliche Flexibilit\u00e4t erm\u00f6glicht es, die Kabine nach der Saison <strong>schnell abzubauen und zu lagern<\/strong> oder w\u00e4hrend der Saison leicht zu bewegen. Die zerlegte Kabine nimmt im Lager nur wenig Platz ein (200x70x20cm).<\/p>\n<p>&nbsp;<\/p>\n<p>Die Umkleidekabine am Strand bietet ausreichend Platz zum bequemen Umziehen und auf Wunsch zus\u00e4tzlich eine praktische Ablagefl\u00e4che. Durch die Ma\u00dfe von 110x110cm bleibt gen\u00fcgend zus\u00e4tzlicher Platz zum Platzieren eines Stuhls, Kleiderb\u00fcgels etc. Das Rollo l\u00e4sst sich leicht \u00f6ffnen und schlie\u00dfen und ist leicht zu warten. Diese elegante Kabine kann mit unseren <a href=\"https:\/\/pavidecor.si\/de\/kategorije\/strand-und-gartenausruestung\/teppiche-und-matten\/\"><strong><span style=\"color: #3366ff;\">Holzteppichen<\/span><\/strong><\/a> kombiniert werden, um einen bequemeren Zugang mit nackten F\u00fc\u00dfen zu erm\u00f6glichen.<\/p>\n<\/div>\n<\/div>\n<div class=\"row\">\n<div class=\"col-sm-6\" style=\"margin-top: 30px;\"><center><img decoding=\"async\" class=\"lazyload img-responsive\" style=\"margin: 0px auto; max-width: 100%;\" src=\"data:image\/svg+xml,%3Csvg%20xmlns%3D%27http%3A%2F%2Fwww.w3.org%2F2000%2Fsvg%27%20width%3D%271621%27%20height%3D%271621%27%20viewBox%3D%270%200%201621%201621%27%3E%3Crect%20width%3D%271621%27%20height%3D%271621%27%20fill-opacity%3D%220%22%2F%3E%3C%2Fsvg%3E\" data-orig-src=\"https:\/\/pavidecor.si\/wp-content\/uploads\/2025\/03\/Kabina3a.jpg\" \/><\/center><\/div>\n<div class=\"col-sm-6\" style=\"margin-top: 40px;\">\n<p>&nbsp;<\/p>\n<h3>Zeitlose Eleganz und hochwertige Handwerkskunst<\/h3>\n<p>Die Strandumkleidekabine aus dem PAVI DECOR Store vereint Komfort, Funktionalit\u00e4t und \u00c4sthetik. Mit den Ma\u00dfen 110x110x200cm ist die Umkleidekabine ger\u00e4umig genug, w\u00e4hrend ihre <strong>stabile Konstruktion<\/strong> eine sichere Nutzung auf allen Untergr\u00fcnden gew\u00e4hrleistet. In Kombination mit Accessoires wie Teppichen und St\u00fchlen schafft diese Umkleidekabine eine komfortable und praktische L\u00f6sung f\u00fcr jeden Strand.<\/p>\n<p>&nbsp;<\/p>\n<p>Die zeitlose Eleganz und die hohe Verarbeitungsqualit\u00e4t sorgen daf\u00fcr, dass sich die Umkleidekabine gut in jede Umgebung einf\u00fcgt \u2013 am Pool, am Strand, auf der Terrasse oder im Garten. In Kombination mit den \u00fcbrigen Gartenm\u00f6beln verwandeln Sie Ihren Au\u00dfenbereich in eine Ecke, in der Sie immer Entspannung finden.<\/p>\n<\/div>\n<\/div>\n<p>&nbsp;<\/p>\n<h4><strong>Die wichtigsten Vorteile unsere Umklediekabine sind:<\/strong><\/h4>\n<ul>\n<li>\n<h4><strong>Einfache Montage und Demontage ohne Werkzeug,<\/strong><\/h4>\n<\/li>\n<li>\n<h4><strong>Zwei Personen k\u00f6nnen es in 10 Minuten aufbauen,<\/strong><\/h4>\n<\/li>\n<li>\n<h4><strong>Ohne Schrauben und Mutter,<\/strong><\/h4>\n<\/li>\n<li>\n<h4><strong>Vorhangmontage in wenigen Minuten ohne Werkzeug,<\/strong><\/h4>\n<\/li>\n<li>\n<h4><strong>Einfaches Waschen des Vorhangs,<\/strong><\/h4>\n<\/li>\n<li>\n<h4><strong>Abmessungen des Geb\u00e4udes LxBxH=110x110x200cm, Gewicht ca. 50-60kg je nach Holzart,<\/strong><\/h4>\n<\/li>\n<li>\n<h4><strong>Material Kiefernholz oder exotisches Holz, Farbe natur oder optional,<\/strong><\/h4>\n<\/li>\n<li>\n<h4><strong>Es nimmt nur wenig Platz in der Lagerung ein &#8211; 200x70x20cm.<\/strong><\/h4>\n<\/li>\n<\/ul>\n","protected":false},"excerpt":{"rendered":"<p><strong><span style=\"color: #c4963c;\">\u2192 Einfache Montage und Demontage ohne Werkzeug<\/span><\/strong><br \/>\n<strong><span style=\"color: #c4963c;\">\u2192 Montage\/Demontage durch zwei Personen in 10 Minuten<\/span><\/strong><br \/>\n<strong><span style=\"color: #c4963c;\">\u2192 Nimmt nur minimalen Stauraum ein<\/span><\/strong><br \/>\n<strong><span style=\"color: #c4963c;\">\u2192 Ersatzteile immer auf Lager<\/span><\/strong><br \/>\n<strong><span style=\"color: #c4963c;\">\u2192 Einfache Reinigung und Wartung<\/span><\/strong><br \/>\n<strong><span style=\"color: #c4963c;\">\u2192 Kiefernholz oder exotisches Holz Ihrer Wahl<\/span><\/strong><\/p>\n","protected":false},"featured_media":24283,"comment_status":"open","ping_status":"closed","template":"","meta":[],"product_brand":[],"product_cat":[262],"product_tag":[444,216],"class_list":{"0":"post-24276","1":"product","2":"type-product","3":"status-publish","4":"has-post-thumbnail","6":"product_cat-gartenmobel","7":"product_tag-auf-bestellung-preis","8":"product_tag-neu","10":"first","11":"instock","12":"taxable","13":"shipping-taxable","14":"purchasable","15":"product-type-simple"},"yoast_head":"<!-- This site is optimized with the Yoast SEO plugin v27.2 - https:\/\/yoast.com\/product\/yoast-seo-wordpress\/ -->\n<title>Umkleidekabine am Strand -\u00a0Praktisch, langlebig, \u00e4sthetisch<\/title>\n<meta name=\"description\" content=\"Die Umkleidekabine am Strand hat eine Konstruktion aus langlebigem Holz, der Vorhang l\u00e4sst sich leicht \u00f6ffnen und schlie\u00dfen und sorgt f\u00fcr Privatsph\u00e4re.\" \/>\n<meta name=\"robots\" content=\"index, follow, max-snippet:-1, max-image-preview:large, max-video-preview:-1\" \/>\n<link rel=\"canonical\" href=\"https:\/\/pavidecor.si\/de\/produkt\/umkleidekabine-am-strand-110x110x200cm\/\" \/>\n<meta property=\"og:locale\" content=\"de_DE\" \/>\n<meta property=\"og:type\" content=\"article\" \/>\n<meta property=\"og:title\" content=\"Umkleidekabine am Strand -\u00a0Praktisch, langlebig, \u00e4sthetisch\" \/>\n<meta property=\"og:description\" content=\"Die Umkleidekabine am Strand hat eine Konstruktion aus langlebigem Holz, der Vorhang l\u00e4sst sich leicht \u00f6ffnen und schlie\u00dfen und sorgt f\u00fcr Privatsph\u00e4re.\" \/>\n<meta property=\"og:url\" content=\"https:\/\/pavidecor.si\/de\/produkt\/umkleidekabine-am-strand-110x110x200cm\/\" \/>\n<meta property=\"og:site_name\" content=\"Pavi Decor\" \/>\n<meta property=\"article:modified_time\" content=\"2026-04-25T13:42:30+00:00\" \/>\n<meta property=\"og:image\" content=\"https:\/\/pavidecor.si\/wp-content\/uploads\/2025\/03\/Kabina1a.jpg\" \/>\n\t<meta property=\"og:image:width\" content=\"1870\" \/>\n\t<meta property=\"og:image:height\" content=\"1870\" \/>\n\t<meta property=\"og:image:type\" content=\"image\/jpeg\" \/>\n<meta name=\"twitter:card\" content=\"summary_large_image\" \/>\n<meta name=\"twitter:label1\" content=\"Gesch\u00e4tzte Lesezeit\" \/>\n\t<meta name=\"twitter:data1\" content=\"4\u00a0Minuten\" \/>\n<script type=\"application\/ld+json\" class=\"yoast-schema-graph\">{\"@context\":\"https:\/\/schema.org\",\"@graph\":[{\"@type\":\"WebPage\",\"@id\":\"https:\/\/pavidecor.si\/de\/produkt\/umkleidekabine-am-strand-110x110x200cm\/\",\"url\":\"https:\/\/pavidecor.si\/de\/produkt\/umkleidekabine-am-strand-110x110x200cm\/\",\"name\":\"Umkleidekabine am Strand -\u00a0Praktisch, langlebig, \u00e4sthetisch\",\"isPartOf\":{\"@id\":\"https:\/\/pavidecor.si\/de\/#website\"},\"primaryImageOfPage\":{\"@id\":\"https:\/\/pavidecor.si\/de\/produkt\/umkleidekabine-am-strand-110x110x200cm\/#primaryimage\"},\"image\":{\"@id\":\"https:\/\/pavidecor.si\/de\/produkt\/umkleidekabine-am-strand-110x110x200cm\/#primaryimage\"},\"thumbnailUrl\":\"https:\/\/pavidecor.si\/wp-content\/uploads\/2025\/03\/Kabina1a.jpg\",\"datePublished\":\"2025-03-10T09:00:20+00:00\",\"dateModified\":\"2026-04-25T13:42:30+00:00\",\"description\":\"Die Umkleidekabine am Strand hat eine Konstruktion aus langlebigem Holz, der Vorhang l\u00e4sst sich leicht \u00f6ffnen und schlie\u00dfen und sorgt f\u00fcr Privatsph\u00e4re.\",\"breadcrumb\":{\"@id\":\"https:\/\/pavidecor.si\/de\/produkt\/umkleidekabine-am-strand-110x110x200cm\/#breadcrumb\"},\"inLanguage\":\"de\",\"potentialAction\":[{\"@type\":\"ReadAction\",\"target\":[\"https:\/\/pavidecor.si\/de\/produkt\/umkleidekabine-am-strand-110x110x200cm\/\"]}]},{\"@type\":\"ImageObject\",\"inLanguage\":\"de\",\"@id\":\"https:\/\/pavidecor.si\/de\/produkt\/umkleidekabine-am-strand-110x110x200cm\/#primaryimage\",\"url\":\"https:\/\/pavidecor.si\/wp-content\/uploads\/2025\/03\/Kabina1a.jpg\",\"contentUrl\":\"https:\/\/pavidecor.si\/wp-content\/uploads\/2025\/03\/Kabina1a.jpg\",\"width\":1870,\"height\":1870,\"caption\":\"PAVI DECOR\"},{\"@type\":\"BreadcrumbList\",\"@id\":\"https:\/\/pavidecor.si\/de\/produkt\/umkleidekabine-am-strand-110x110x200cm\/#breadcrumb\",\"itemListElement\":[{\"@type\":\"ListItem\",\"position\":1,\"name\":\"Domov\",\"item\":\"https:\/\/pavidecor.si\/de\/\"},{\"@type\":\"ListItem\",\"position\":2,\"name\":\"Online-Shop\",\"item\":\"https:\/\/pavidecor.si\/de\/online-shop\/\"},{\"@type\":\"ListItem\",\"position\":3,\"name\":\"Umkleidekabine am Strand 110x110x200cm\"}]},{\"@type\":\"WebSite\",\"@id\":\"https:\/\/pavidecor.si\/de\/#website\",\"url\":\"https:\/\/pavidecor.si\/de\/\",\"name\":\"Pavi Decor\",\"description\":\"Leseni unikati ustvarjeni iz ljubezni do lesa in narave.\",\"potentialAction\":[{\"@type\":\"SearchAction\",\"target\":{\"@type\":\"EntryPoint\",\"urlTemplate\":\"https:\/\/pavidecor.si\/de\/?s={search_term_string}\"},\"query-input\":{\"@type\":\"PropertyValueSpecification\",\"valueRequired\":true,\"valueName\":\"search_term_string\"}}],\"inLanguage\":\"de\"}]}<\/script>\n<!-- \/ Yoast SEO plugin. -->","yoast_head_json":{"title":"Umkleidekabine am Strand -\u00a0Praktisch, langlebig, \u00e4sthetisch","description":"Die Umkleidekabine am Strand hat eine Konstruktion aus langlebigem Holz, der Vorhang l\u00e4sst sich leicht \u00f6ffnen und schlie\u00dfen und sorgt f\u00fcr Privatsph\u00e4re.","robots":{"index":"index","follow":"follow","max-snippet":"max-snippet:-1","max-image-preview":"max-image-preview:large","max-video-preview":"max-video-preview:-1"},"canonical":"https:\/\/pavidecor.si\/de\/produkt\/umkleidekabine-am-strand-110x110x200cm\/","og_locale":"de_DE","og_type":"article","og_title":"Umkleidekabine am Strand -\u00a0Praktisch, langlebig, \u00e4sthetisch","og_description":"Die Umkleidekabine am Strand hat eine Konstruktion aus langlebigem Holz, der Vorhang l\u00e4sst sich leicht \u00f6ffnen und schlie\u00dfen und sorgt f\u00fcr Privatsph\u00e4re.","og_url":"https:\/\/pavidecor.si\/de\/produkt\/umkleidekabine-am-strand-110x110x200cm\/","og_site_name":"Pavi Decor","article_modified_time":"2026-04-25T13:42:30+00:00","og_image":[{"width":1870,"height":1870,"url":"https:\/\/pavidecor.si\/wp-content\/uploads\/2025\/03\/Kabina1a.jpg","type":"image\/jpeg"}],"twitter_card":"summary_large_image","twitter_misc":{"Gesch\u00e4tzte Lesezeit":"4\u00a0Minuten"},"schema":{"@context":"https:\/\/schema.org","@graph":[{"@type":"WebPage","@id":"https:\/\/pavidecor.si\/de\/produkt\/umkleidekabine-am-strand-110x110x200cm\/","url":"https:\/\/pavidecor.si\/de\/produkt\/umkleidekabine-am-strand-110x110x200cm\/","name":"Umkleidekabine am Strand -\u00a0Praktisch, langlebig, \u00e4sthetisch","isPartOf":{"@id":"https:\/\/pavidecor.si\/de\/#website"},"primaryImageOfPage":{"@id":"https:\/\/pavidecor.si\/de\/produkt\/umkleidekabine-am-strand-110x110x200cm\/#primaryimage"},"image":{"@id":"https:\/\/pavidecor.si\/de\/produkt\/umkleidekabine-am-strand-110x110x200cm\/#primaryimage"},"thumbnailUrl":"https:\/\/pavidecor.si\/wp-content\/uploads\/2025\/03\/Kabina1a.jpg","datePublished":"2025-03-10T09:00:20+00:00","dateModified":"2026-04-25T13:42:30+00:00","description":"Die Umkleidekabine am Strand hat eine Konstruktion aus langlebigem Holz, der Vorhang l\u00e4sst sich leicht \u00f6ffnen und schlie\u00dfen und sorgt f\u00fcr Privatsph\u00e4re.","breadcrumb":{"@id":"https:\/\/pavidecor.si\/de\/produkt\/umkleidekabine-am-strand-110x110x200cm\/#breadcrumb"},"inLanguage":"de","potentialAction":[{"@type":"ReadAction","target":["https:\/\/pavidecor.si\/de\/produkt\/umkleidekabine-am-strand-110x110x200cm\/"]}]},{"@type":"ImageObject","inLanguage":"de","@id":"https:\/\/pavidecor.si\/de\/produkt\/umkleidekabine-am-strand-110x110x200cm\/#primaryimage","url":"https:\/\/pavidecor.si\/wp-content\/uploads\/2025\/03\/Kabina1a.jpg","contentUrl":"https:\/\/pavidecor.si\/wp-content\/uploads\/2025\/03\/Kabina1a.jpg","width":1870,"height":1870,"caption":"PAVI DECOR"},{"@type":"BreadcrumbList","@id":"https:\/\/pavidecor.si\/de\/produkt\/umkleidekabine-am-strand-110x110x200cm\/#breadcrumb","itemListElement":[{"@type":"ListItem","position":1,"name":"Domov","item":"https:\/\/pavidecor.si\/de\/"},{"@type":"ListItem","position":2,"name":"Online-Shop","item":"https:\/\/pavidecor.si\/de\/online-shop\/"},{"@type":"ListItem","position":3,"name":"Umkleidekabine am Strand 110x110x200cm"}]},{"@type":"WebSite","@id":"https:\/\/pavidecor.si\/de\/#website","url":"https:\/\/pavidecor.si\/de\/","name":"Pavi Decor","description":"Leseni unikati ustvarjeni iz ljubezni do lesa in narave.","potentialAction":[{"@type":"SearchAction","target":{"@type":"EntryPoint","urlTemplate":"https:\/\/pavidecor.si\/de\/?s={search_term_string}"},"query-input":{"@type":"PropertyValueSpecification","valueRequired":true,"valueName":"search_term_string"}}],"inLanguage":"de"}]}},"_links":{"self":[{"href":"https:\/\/pavidecor.si\/de\/wp-json\/wp\/v2\/product\/24276","targetHints":{"allow":["GET"]}}],"collection":[{"href":"https:\/\/pavidecor.si\/de\/wp-json\/wp\/v2\/product"}],"about":[{"href":"https:\/\/pavidecor.si\/de\/wp-json\/wp\/v2\/types\/product"}],"replies":[{"embeddable":true,"href":"https:\/\/pavidecor.si\/de\/wp-json\/wp\/v2\/comments?post=24276"}],"wp:featuredmedia":[{"embeddable":true,"href":"https:\/\/pavidecor.si\/de\/wp-json\/wp\/v2\/media\/24283"}],"wp:attachment":[{"href":"https:\/\/pavidecor.si\/de\/wp-json\/wp\/v2\/media?parent=24276"}],"wp:term":[{"taxonomy":"product_brand","embeddable":true,"href":"https:\/\/pavidecor.si\/de\/wp-json\/wp\/v2\/product_brand?post=24276"},{"taxonomy":"product_cat","embeddable":true,"href":"https:\/\/pavidecor.si\/de\/wp-json\/wp\/v2\/product_cat?post=24276"},{"taxonomy":"product_tag","embeddable":true,"href":"https:\/\/pavidecor.si\/de\/wp-json\/wp\/v2\/product_tag?post=24276"}],"curies":[{"name":"wp","href":"https:\/\/api.w.org\/{rel}","templated":true}]}}