	{"id":23587,"date":"2025-01-16T10:16:36","date_gmt":"2025-01-16T10:16:36","guid":{"rendered":"https:\/\/pavidecor.si\/?post_type=product&#038;p=23587"},"modified":"2026-04-27T14:32:48","modified_gmt":"2026-04-27T14:32:48","slug":"massagehutte-pavillon-fur-massage-am-strand-massagezelt","status":"publish","type":"product","link":"https:\/\/pavidecor.si\/de\/produkt\/massagehutte-pavillon-fur-massage-am-strand-massagezelt\/","title":{"rendered":"Massageh\u00fctte, Pavillon f\u00fcr Massage am Strand, Massagezelt 300x200x200cm"},"content":{"rendered":"<p>Massageh\u00fctte &#8211; Massagezelt &#8211; Private Oase von Komfort und Eleganz &#8211; Abmessungen 300x200x200cm<\/p>\n<p>&nbsp;<\/p>\n<h2><span class=\"odebeljenopis\"><strong>Entdecken Sie das perfekte Outdoor-M\u00f6belst\u00fcck, das Funktionalit\u00e4t, Komfort und \u00c4sthetik vereint. Die Massageh\u00fctte von PAVI DECOR ist f\u00fcr diejenigen gedacht, die hochwertige Entspannung am Strand oder auf der Terrasse bieten.<br \/>\nAus nat\u00fcrlichen Materialien und mit Liebe zum Holz gefertigt, ist das Massagezelt eine unverzichtbare Erg\u00e4nzung f\u00fcr jedes Hotel.<br \/>\n<\/strong><\/span><\/h2>\n<p>&nbsp;<\/p>\n<div class=\"row\">\n<div class=\"col-sm-6 \" style=\"margin-top: 30px;\"><center><img decoding=\"async\" class=\"lazyload img-responsive\" style=\"margin: 0px auto; max-width: 100%;\" src=\"data:image\/svg+xml,%3Csvg%20xmlns%3D%27http%3A%2F%2Fwww.w3.org%2F2000%2Fsvg%27%20width%3D%271288%27%20height%3D%271288%27%20viewBox%3D%270%200%201288%201288%27%3E%3Crect%20width%3D%271288%27%20height%3D%271288%27%20fill-opacity%3D%220%22%2F%3E%3C%2Fsvg%3E\" data-orig-src=\"https:\/\/pavidecor.si\/wp-content\/uploads\/2025\/01\/Kabana-masaza-1.jpg\" \/><\/center><\/div>\n<div class=\"col-sm-6\" style=\"margin-top: 40px;\">\n<p>&nbsp;<\/p>\n<h3>Ein Pavillon, die mit nat\u00fcrlichen Materialien verzaubert<\/h3>\n<p>Die Massageh\u00fctte aus unserem PAVI DECOR Shop ist aus hochwertigem Kiefernholz oder, wenn Sie es vorziehen, aus exotischem Holz gefertigt.<br \/>\nNat\u00fcrliche Materialien sorgen f\u00fcr<strong> Langlebigkeit und Widerstandsf\u00e4higkeit<\/strong> gegen \u00e4u\u00dfere Einfl\u00fcsse und verleihen gleichzeitig einen Hauch von nat\u00fcrlicher Eleganz. Die handwerkliche Verarbeitung und die Details der Verbindung der Holzteile nach traditionellen Techniken sorgen f\u00fcr Authentizit\u00e4t und zeitlose Sch\u00f6nheit.<\/p>\n<p>&nbsp;<\/p>\n<p>Der repr\u00e4sentative Massagepavillon verf\u00fcgt \u00fcber seitliche Verst\u00e4rkungen f\u00fcr noch mehr Stabilit\u00e4t der Tragkonstruktion. Auf der Oberseite befindet sich ein Baumwollvorhang, der f\u00fcr Bel\u00fcftung und Beschattung sorgt, w\u00e4hrend seitliche Baumwollvorh\u00e4nge f\u00fcr die n\u00f6tige Privatsph\u00e4re sorgen. F\u00fcr einen noch exotischeren Look kann die Massageh\u00fctte <strong>zus\u00e4tzlich mit Stroh dekoriert werden<\/strong>. Das Massagezelt ist ein attraktives St\u00fcck <strong><a href=\"https:\/\/pavidecor.si\/de\/kategorije\/strand-und-gartenausruestung\/gartenmobel\/\"><span style=\"color: #3366ff;\">Gartenm\u00f6bel<\/span><\/a><\/strong> das nicht nur einen funktionellen Zweck erf\u00fcllt, sondern auch das \u00e4sthetische Erscheinungsbild Ihres Strandes.<\/p>\n<p>&nbsp;<\/p>\n<\/div>\n<\/div>\n<div class=\"row\">\n<div class=\"col-sm-6 col-sm-push-6\" style=\"margin-top: 30px;\"><center><img decoding=\"async\" class=\"lazyload img-responsive\" style=\"margin: 0px auto; max-width: 100%;\" src=\"data:image\/svg+xml,%3Csvg%20xmlns%3D%27http%3A%2F%2Fwww.w3.org%2F2000%2Fsvg%27%20width%3D%271366%27%20height%3D%271366%27%20viewBox%3D%270%200%201366%201366%27%3E%3Crect%20width%3D%271366%27%20height%3D%271366%27%20fill-opacity%3D%220%22%2F%3E%3C%2Fsvg%3E\" data-orig-src=\"https:\/\/pavidecor.si\/wp-content\/uploads\/2025\/01\/Kabana-masaza-6.jpg\" \/><\/center><\/div>\n<div class=\"col-sm-6 col-sm-pull-6\" style=\"margin-top: 40px;\">\n<p>&nbsp;<\/p>\n<h3>Einfache Installation und Flexibilit\u00e4t<\/h3>\n<p>Die gesamte Struktur kann in 10 Minuten von nur zwei Personen ohne Werkzeug zusammengebaut werden, da die Montage schnell und einfach ist. Au\u00dferdem k\u00f6nnen Sie Vorh\u00e4nge in wenigen Minuten und ohne komplizierte Verfahren anbringen. Diese <strong>gro\u00dfe Flexibilit\u00e4t<\/strong> erm\u00f6glicht es Ihnen, das Vordach nach der Saison schnell abzubauen und zu lagern oder ihn sogar w\u00e4hrend der Saison umzustellen. Die zerlegte Massageh\u00fctte nimmt im Lager nur wenig Platz ein (300x90x20cm).<\/p>\n<p>&nbsp;<\/p>\n<p>Das Massagezelt im Inneren bietet gen\u00fcgend Platz, um eine gro\u00dfe Massageliege aufzustellen, die auf den Bildern nur zu Demonstrationszwecken abgebildet ist. Durch die L\u00e4nge von 300 cm bleibt ausreichend zus\u00e4tzlicher Platz zum Aufstellen eines Tisches, Stuhls, Spiegels etc. Sie k\u00f6nnen aus waschbaren und pflegeleichten Vorh\u00e4ngen in verschiedenen Farben w\u00e4hlen. So k\u00f6nnen Sie die elegante Massage-Cabana ganz <strong>an Ihren pers\u00f6nlichen Stil und Ihre W\u00fcnsche anpassen<\/strong>.<\/p>\n<\/div>\n<\/div>\n<div class=\"row\">\n<div class=\"col-sm-6\" style=\"margin-top: 30px;\"><center><img decoding=\"async\" class=\"lazyload img-responsive\" style=\"margin: 0px auto; max-width: 100%;\" src=\"data:image\/svg+xml,%3Csvg%20xmlns%3D%27http%3A%2F%2Fwww.w3.org%2F2000%2Fsvg%27%20width%3D%271710%27%20height%3D%271710%27%20viewBox%3D%270%200%201710%201710%27%3E%3Crect%20width%3D%271710%27%20height%3D%271710%27%20fill-opacity%3D%220%22%2F%3E%3C%2Fsvg%3E\" data-orig-src=\"https:\/\/pavidecor.si\/wp-content\/uploads\/2025\/01\/Kabana-masaza-7.jpg\" \/><\/center><\/div>\n<div class=\"col-sm-6\" style=\"margin-top: 40px;\">\n<p>&nbsp;<\/p>\n<h3>Ihre private Oase f\u00fcr totale Entspannung<\/h3>\n<p>Die Massageh\u00fctte von PAVI DECOR vereint Komfort, Funktionalit\u00e4t und \u00c4sthetik. Mit Abmessungen von 300x200x200cm ist die Kabine ger\u00e4umig genug f\u00fcr zwei Personen, w\u00e4hrend ihre <strong>stabile Konstruktion<\/strong> eine sichere Nutzung auf allen Oberfl\u00e4chen gew\u00e4hrleistet. In Kombination mit Accessoires wie Teppichen, Tischen und Spiegeln entsteht aus der Cabana eine echte private Oase.<\/p>\n<p>&nbsp;<\/p>\n<p>Ihre zeitlose Eleganz und hochwertige Verarbeitung sorgen daf\u00fcr, dass sie sich <strong>wunderbar in jede Umgebung einf\u00fcgt<\/strong> &#8211; am Pool, am Strand, auf der Terrasse oder im Garten. Mit zus\u00e4tzlichen Anpassungsm\u00f6glichkeiten (Textilfarben, Holzart) verwandeln Sie Ihren Au\u00dfenbereich in eine Ecke, in der Sie immer wieder Entspannung finden werden.<\/p>\n<\/div>\n<\/div>\n<p>&nbsp;<\/p>\n<h4><strong>Die wichtigsten Vorteile unserer Massageh\u00fctte sind:<\/strong><\/h4>\n<ul>\n<li>\n<h4><strong>Einfache Montage und Demontage ohne Werkzeug,<\/strong><\/h4>\n<\/li>\n<li>\n<h4><strong>Zwei Personen k\u00f6nnen es in 10 Minuten aufbauen,<\/strong><\/h4>\n<\/li>\n<li>\n<h4><strong>Ohne Schrauben und Muttern,<\/strong><\/h4>\n<\/li>\n<li>\n<h4><strong>Montieren Sie Vorh\u00e4nge in wenigen Minuten ohne Werkzeug,<\/strong><\/h4>\n<\/li>\n<li>\n<h4><strong>Die Decke ist f\u00fcr eine ausreichende Bel\u00fcftung angehoben,<\/strong><\/h4>\n<\/li>\n<li>\n<h4><strong>Optionale Farbe des Vorhangs,<\/strong><\/h4>\n<\/li>\n<li>\n<h4><strong>Einfaches Waschen der Vorh\u00e4nge,<\/strong><\/h4>\n<\/li>\n<li>\n<h4><strong>Abmessungen des Geb\u00e4udes LxBxH=300x200x200cm, Gewicht ca. 100-150kg je nach Holzart,<\/strong><\/h4>\n<\/li>\n<li>\n<h4><strong>Material Kiefernholz oder exotisches Holz, Farbe natur oder optional,<\/strong><\/h4>\n<\/li>\n<li>\n<h4><strong>Es nimmt nur wenig Platz in der Lagerung ein &#8211; 300x90x20cm.<\/strong><\/h4>\n<\/li>\n<\/ul>\n","protected":false},"excerpt":{"rendered":"<p><strong><span style=\"color: #c4963c;\">\u2192 Einfache Montage und Demontage ohne Werkzeug<\/span><\/strong><br \/>\n<strong><span style=\"color: #c4963c;\">\u2192 Montage\/Demontage durch zwei Personen in 10 Minuten<\/span><\/strong><br \/>\n<strong><span style=\"color: #c4963c;\">\u2192 Nimmt nur minimalen Stauraum ein<\/span><\/strong><br \/>\n<strong><span style=\"color: #c4963c;\">\u2192 Ersatzteile immer auf Lager<\/span><\/strong><br \/>\n<strong><span style=\"color: #c4963c;\">\u2192 Einfache Reinigung und Wartung<\/span><\/strong><br \/>\n<strong><span style=\"color: #c4963c;\">\u2192 Erh\u00f6hte Decke f\u00fcr gute Bel\u00fcftung<\/span><\/strong><br \/>\n<strong><span style=\"color: #c4963c;\">\u2192 Vorhangfarbe nach Wahl<\/span><\/strong><br \/>\n<strong><span style=\"color: #c4963c;\">\u2192 Kiefernholz oder exotisches Holz Ihrer Wahl<\/span><\/strong><\/p>\n","protected":false},"featured_media":23594,"comment_status":"open","ping_status":"closed","template":"","meta":[],"product_brand":[],"product_cat":[262],"product_tag":[444,216],"class_list":{"0":"post-23587","1":"product","2":"type-product","3":"status-publish","4":"has-post-thumbnail","6":"product_cat-gartenmobel","7":"product_tag-auf-bestellung-preis","8":"product_tag-neu","10":"first","11":"instock","12":"taxable","13":"shipping-taxable","14":"purchasable","15":"product-type-simple"},"yoast_head":"<!-- This site is optimized with the Yoast SEO plugin v27.2 - https:\/\/yoast.com\/product\/yoast-seo-wordpress\/ -->\n<title>Massageh\u00fctte - Massagezelt - Wellnessoase von PAVI DECOR<\/title>\n<meta name=\"description\" content=\"Massageh\u00fctte verf\u00fcgt \u00fcber eine Konstruktion aus langlebigem Holz, der Vorhang auf dem Dach sorgt f\u00fcr Bel\u00fcftung und Beschattung. Vorhangfarbe nach Wunsch.\" \/>\n<meta name=\"robots\" content=\"index, follow, max-snippet:-1, max-image-preview:large, max-video-preview:-1\" \/>\n<link rel=\"canonical\" href=\"https:\/\/pavidecor.si\/de\/produkt\/massagehutte-pavillon-fur-massage-am-strand-massagezelt\/\" \/>\n<meta property=\"og:locale\" content=\"de_DE\" \/>\n<meta property=\"og:type\" content=\"article\" \/>\n<meta property=\"og:title\" content=\"Massageh\u00fctte - Massagezelt - Wellnessoase von PAVI DECOR\" \/>\n<meta property=\"og:description\" content=\"Massageh\u00fctte verf\u00fcgt \u00fcber eine Konstruktion aus langlebigem Holz, der Vorhang auf dem Dach sorgt f\u00fcr Bel\u00fcftung und Beschattung. Vorhangfarbe nach Wunsch.\" \/>\n<meta property=\"og:url\" content=\"https:\/\/pavidecor.si\/de\/produkt\/massagehutte-pavillon-fur-massage-am-strand-massagezelt\/\" \/>\n<meta property=\"og:site_name\" content=\"Pavi Decor\" \/>\n<meta property=\"article:modified_time\" content=\"2026-04-27T14:32:48+00:00\" \/>\n<meta property=\"og:image\" content=\"https:\/\/pavidecor.si\/wp-content\/uploads\/2025\/01\/Kabana-masaza-1.jpg\" \/>\n\t<meta property=\"og:image:width\" content=\"1288\" \/>\n\t<meta property=\"og:image:height\" content=\"1288\" \/>\n\t<meta property=\"og:image:type\" content=\"image\/jpeg\" \/>\n<meta name=\"twitter:card\" content=\"summary_large_image\" \/>\n<meta name=\"twitter:label1\" content=\"Gesch\u00e4tzte Lesezeit\" \/>\n\t<meta name=\"twitter:data1\" content=\"4\u00a0Minuten\" \/>\n<script type=\"application\/ld+json\" class=\"yoast-schema-graph\">{\"@context\":\"https:\/\/schema.org\",\"@graph\":[{\"@type\":\"WebPage\",\"@id\":\"https:\/\/pavidecor.si\/de\/produkt\/massagehutte-pavillon-fur-massage-am-strand-massagezelt\/\",\"url\":\"https:\/\/pavidecor.si\/de\/produkt\/massagehutte-pavillon-fur-massage-am-strand-massagezelt\/\",\"name\":\"Massageh\u00fctte - Massagezelt - Wellnessoase von PAVI DECOR\",\"isPartOf\":{\"@id\":\"https:\/\/pavidecor.si\/de\/#website\"},\"primaryImageOfPage\":{\"@id\":\"https:\/\/pavidecor.si\/de\/produkt\/massagehutte-pavillon-fur-massage-am-strand-massagezelt\/#primaryimage\"},\"image\":{\"@id\":\"https:\/\/pavidecor.si\/de\/produkt\/massagehutte-pavillon-fur-massage-am-strand-massagezelt\/#primaryimage\"},\"thumbnailUrl\":\"https:\/\/pavidecor.si\/wp-content\/uploads\/2025\/01\/Kabana-masaza-1.jpg\",\"datePublished\":\"2025-01-16T10:16:36+00:00\",\"dateModified\":\"2026-04-27T14:32:48+00:00\",\"description\":\"Massageh\u00fctte verf\u00fcgt \u00fcber eine Konstruktion aus langlebigem Holz, der Vorhang auf dem Dach sorgt f\u00fcr Bel\u00fcftung und Beschattung. Vorhangfarbe nach Wunsch.\",\"breadcrumb\":{\"@id\":\"https:\/\/pavidecor.si\/de\/produkt\/massagehutte-pavillon-fur-massage-am-strand-massagezelt\/#breadcrumb\"},\"inLanguage\":\"de\",\"potentialAction\":[{\"@type\":\"ReadAction\",\"target\":[\"https:\/\/pavidecor.si\/de\/produkt\/massagehutte-pavillon-fur-massage-am-strand-massagezelt\/\"]}]},{\"@type\":\"ImageObject\",\"inLanguage\":\"de\",\"@id\":\"https:\/\/pavidecor.si\/de\/produkt\/massagehutte-pavillon-fur-massage-am-strand-massagezelt\/#primaryimage\",\"url\":\"https:\/\/pavidecor.si\/wp-content\/uploads\/2025\/01\/Kabana-masaza-1.jpg\",\"contentUrl\":\"https:\/\/pavidecor.si\/wp-content\/uploads\/2025\/01\/Kabana-masaza-1.jpg\",\"width\":1288,\"height\":1288,\"caption\":\"PAVI DECOR\"},{\"@type\":\"BreadcrumbList\",\"@id\":\"https:\/\/pavidecor.si\/de\/produkt\/massagehutte-pavillon-fur-massage-am-strand-massagezelt\/#breadcrumb\",\"itemListElement\":[{\"@type\":\"ListItem\",\"position\":1,\"name\":\"Domov\",\"item\":\"https:\/\/pavidecor.si\/de\/\"},{\"@type\":\"ListItem\",\"position\":2,\"name\":\"Online-Shop\",\"item\":\"https:\/\/pavidecor.si\/de\/online-shop\/\"},{\"@type\":\"ListItem\",\"position\":3,\"name\":\"Massageh\u00fctte, Pavillon f\u00fcr Massage am Strand, Massagezelt 300x200x200cm\"}]},{\"@type\":\"WebSite\",\"@id\":\"https:\/\/pavidecor.si\/de\/#website\",\"url\":\"https:\/\/pavidecor.si\/de\/\",\"name\":\"Pavi Decor\",\"description\":\"Leseni unikati ustvarjeni iz ljubezni do lesa in narave.\",\"potentialAction\":[{\"@type\":\"SearchAction\",\"target\":{\"@type\":\"EntryPoint\",\"urlTemplate\":\"https:\/\/pavidecor.si\/de\/?s={search_term_string}\"},\"query-input\":{\"@type\":\"PropertyValueSpecification\",\"valueRequired\":true,\"valueName\":\"search_term_string\"}}],\"inLanguage\":\"de\"}]}<\/script>\n<!-- \/ Yoast SEO plugin. -->","yoast_head_json":{"title":"Massageh\u00fctte - Massagezelt - Wellnessoase von PAVI DECOR","description":"Massageh\u00fctte verf\u00fcgt \u00fcber eine Konstruktion aus langlebigem Holz, der Vorhang auf dem Dach sorgt f\u00fcr Bel\u00fcftung und Beschattung. Vorhangfarbe nach Wunsch.","robots":{"index":"index","follow":"follow","max-snippet":"max-snippet:-1","max-image-preview":"max-image-preview:large","max-video-preview":"max-video-preview:-1"},"canonical":"https:\/\/pavidecor.si\/de\/produkt\/massagehutte-pavillon-fur-massage-am-strand-massagezelt\/","og_locale":"de_DE","og_type":"article","og_title":"Massageh\u00fctte - Massagezelt - Wellnessoase von PAVI DECOR","og_description":"Massageh\u00fctte verf\u00fcgt \u00fcber eine Konstruktion aus langlebigem Holz, der Vorhang auf dem Dach sorgt f\u00fcr Bel\u00fcftung und Beschattung. Vorhangfarbe nach Wunsch.","og_url":"https:\/\/pavidecor.si\/de\/produkt\/massagehutte-pavillon-fur-massage-am-strand-massagezelt\/","og_site_name":"Pavi Decor","article_modified_time":"2026-04-27T14:32:48+00:00","og_image":[{"width":1288,"height":1288,"url":"https:\/\/pavidecor.si\/wp-content\/uploads\/2025\/01\/Kabana-masaza-1.jpg","type":"image\/jpeg"}],"twitter_card":"summary_large_image","twitter_misc":{"Gesch\u00e4tzte Lesezeit":"4\u00a0Minuten"},"schema":{"@context":"https:\/\/schema.org","@graph":[{"@type":"WebPage","@id":"https:\/\/pavidecor.si\/de\/produkt\/massagehutte-pavillon-fur-massage-am-strand-massagezelt\/","url":"https:\/\/pavidecor.si\/de\/produkt\/massagehutte-pavillon-fur-massage-am-strand-massagezelt\/","name":"Massageh\u00fctte - Massagezelt - Wellnessoase von PAVI DECOR","isPartOf":{"@id":"https:\/\/pavidecor.si\/de\/#website"},"primaryImageOfPage":{"@id":"https:\/\/pavidecor.si\/de\/produkt\/massagehutte-pavillon-fur-massage-am-strand-massagezelt\/#primaryimage"},"image":{"@id":"https:\/\/pavidecor.si\/de\/produkt\/massagehutte-pavillon-fur-massage-am-strand-massagezelt\/#primaryimage"},"thumbnailUrl":"https:\/\/pavidecor.si\/wp-content\/uploads\/2025\/01\/Kabana-masaza-1.jpg","datePublished":"2025-01-16T10:16:36+00:00","dateModified":"2026-04-27T14:32:48+00:00","description":"Massageh\u00fctte verf\u00fcgt \u00fcber eine Konstruktion aus langlebigem Holz, der Vorhang auf dem Dach sorgt f\u00fcr Bel\u00fcftung und Beschattung. Vorhangfarbe nach Wunsch.","breadcrumb":{"@id":"https:\/\/pavidecor.si\/de\/produkt\/massagehutte-pavillon-fur-massage-am-strand-massagezelt\/#breadcrumb"},"inLanguage":"de","potentialAction":[{"@type":"ReadAction","target":["https:\/\/pavidecor.si\/de\/produkt\/massagehutte-pavillon-fur-massage-am-strand-massagezelt\/"]}]},{"@type":"ImageObject","inLanguage":"de","@id":"https:\/\/pavidecor.si\/de\/produkt\/massagehutte-pavillon-fur-massage-am-strand-massagezelt\/#primaryimage","url":"https:\/\/pavidecor.si\/wp-content\/uploads\/2025\/01\/Kabana-masaza-1.jpg","contentUrl":"https:\/\/pavidecor.si\/wp-content\/uploads\/2025\/01\/Kabana-masaza-1.jpg","width":1288,"height":1288,"caption":"PAVI DECOR"},{"@type":"BreadcrumbList","@id":"https:\/\/pavidecor.si\/de\/produkt\/massagehutte-pavillon-fur-massage-am-strand-massagezelt\/#breadcrumb","itemListElement":[{"@type":"ListItem","position":1,"name":"Domov","item":"https:\/\/pavidecor.si\/de\/"},{"@type":"ListItem","position":2,"name":"Online-Shop","item":"https:\/\/pavidecor.si\/de\/online-shop\/"},{"@type":"ListItem","position":3,"name":"Massageh\u00fctte, Pavillon f\u00fcr Massage am Strand, Massagezelt 300x200x200cm"}]},{"@type":"WebSite","@id":"https:\/\/pavidecor.si\/de\/#website","url":"https:\/\/pavidecor.si\/de\/","name":"Pavi Decor","description":"Leseni unikati ustvarjeni iz ljubezni do lesa in narave.","potentialAction":[{"@type":"SearchAction","target":{"@type":"EntryPoint","urlTemplate":"https:\/\/pavidecor.si\/de\/?s={search_term_string}"},"query-input":{"@type":"PropertyValueSpecification","valueRequired":true,"valueName":"search_term_string"}}],"inLanguage":"de"}]}},"_links":{"self":[{"href":"https:\/\/pavidecor.si\/de\/wp-json\/wp\/v2\/product\/23587","targetHints":{"allow":["GET"]}}],"collection":[{"href":"https:\/\/pavidecor.si\/de\/wp-json\/wp\/v2\/product"}],"about":[{"href":"https:\/\/pavidecor.si\/de\/wp-json\/wp\/v2\/types\/product"}],"replies":[{"embeddable":true,"href":"https:\/\/pavidecor.si\/de\/wp-json\/wp\/v2\/comments?post=23587"}],"wp:featuredmedia":[{"embeddable":true,"href":"https:\/\/pavidecor.si\/de\/wp-json\/wp\/v2\/media\/23594"}],"wp:attachment":[{"href":"https:\/\/pavidecor.si\/de\/wp-json\/wp\/v2\/media?parent=23587"}],"wp:term":[{"taxonomy":"product_brand","embeddable":true,"href":"https:\/\/pavidecor.si\/de\/wp-json\/wp\/v2\/product_brand?post=23587"},{"taxonomy":"product_cat","embeddable":true,"href":"https:\/\/pavidecor.si\/de\/wp-json\/wp\/v2\/product_cat?post=23587"},{"taxonomy":"product_tag","embeddable":true,"href":"https:\/\/pavidecor.si\/de\/wp-json\/wp\/v2\/product_tag?post=23587"}],"curies":[{"name":"wp","href":"https:\/\/api.w.org\/{rel}","templated":true}]}}