	{"id":23375,"date":"2024-12-30T09:43:31","date_gmt":"2024-12-30T09:43:31","guid":{"rendered":"https:\/\/pavidecor.si\/?post_type=product&#038;p=23375"},"modified":"2026-04-24T20:03:54","modified_gmt":"2026-04-24T20:03:54","slug":"holzteppich-laufer-weiss-200x80cm","status":"publish","type":"product","link":"https:\/\/pavidecor.si\/de\/produkt\/holzteppich-laufer-weiss-200x80cm\/","title":{"rendered":"Holzteppich &#8211; L\u00e4ufer wei\u00df 200x80cm"},"content":{"rendered":"<p><span class=\"prvimanjsinaslovopis\"><br \/>\nHolzteppich &#8211; L\u00e4ufer wei\u00df &#8211; Nat\u00fcrliche Eleganz f\u00fcr Ihr Zuhause &#8211; Abmessungen 200x80x2cm<\/span><\/p>\n<p>&nbsp;<\/p>\n<h2><span class=\"odebeljenopis\"><strong><br \/>\nEntdecken Sie den einzigartigen Holzteppich &#8211; L\u00e4ufer von PAVI DECOR aus Ljubljana. Unsere Produkte sind das Ergebnis von Leidenschaft f\u00fcr Holz und Natur, handgefertigt mit Liebe und Hingabe. Dieser vielseitige Holz L\u00e4ufer ist nicht nur ein stilvolles Accessoire, sondern auch eine praktische L\u00f6sung f\u00fcr verschiedene Innenr\u00e4ume.<\/strong><\/span><\/h2>\n<p>&nbsp;<\/p>\n<div class=\"row\">\n<div class=\"col-sm-6 \" style=\"margin-top: 30px;\"><center><img decoding=\"async\" class=\"lazyload img-responsive\" style=\"margin: 0px auto; max-width: 100%;\" src=\"data:image\/svg+xml,%3Csvg%20xmlns%3D%27http%3A%2F%2Fwww.w3.org%2F2000%2Fsvg%27%20width%3D%271899%27%20height%3D%271899%27%20viewBox%3D%270%200%201899%201899%27%3E%3Crect%20width%3D%271899%27%20height%3D%271899%27%20fill-opacity%3D%220%22%2F%3E%3C%2Fsvg%3E\" data-orig-src=\"https:\/\/pavidecor.si\/wp-content\/uploads\/2024\/12\/1a.jpg\" \/><\/center><\/div>\n<div class=\"col-sm-6\" style=\"margin-top: 40px;\">\n<p>&nbsp;<\/p>\n<h3>Vielseitige Anwendungsm\u00f6glichkeiten<\/h3>\n<p>Der Holzteppich &#8211; L\u00e4ufer Wei\u00df ist ideal f\u00fcr den Einsatz in verschiedenen Innenr\u00e4umen. Ob im Schlafzimmer, Esszimmer, Wintergarten, auf dem Balkon oder der \u00fcberdachten Terrasse \u2013 dieser Holzl\u00e4ufer passt perfekt in jede Umgebung.<\/p>\n<p>Er sch\u00fctzt vor K\u00e4lte, Hitze, Feuchtigkeit und bietet eine rutschfeste Oberfl\u00e4che. Zudem eignet er sich hervorragend als Unterlage zum Liegen oder als Teppich im Flur oder vor dem Eingang zu Wohn- oder Gesch\u00e4ftsr\u00e4umen. Die einfache Reinigung ist ein weiterer Vorteil: Der Teppich kann einfach gekehrt werden, was ihn besonders pflegeleicht macht.<\/p>\n<p>&nbsp;<\/p>\n<\/div>\n<\/div>\n<div class=\"row\">\n<div class=\"col-sm-6 col-sm-push-6\" style=\"margin-top: 30px;\"><center><img decoding=\"async\" class=\"lazyload img-responsive\" style=\"margin: 0px auto; max-width: 100%;\" src=\"data:image\/svg+xml,%3Csvg%20xmlns%3D%27http%3A%2F%2Fwww.w3.org%2F2000%2Fsvg%27%20width%3D%272017%27%20height%3D%272017%27%20viewBox%3D%270%200%202017%202017%27%3E%3Crect%20width%3D%272017%27%20height%3D%272017%27%20fill-opacity%3D%220%22%2F%3E%3C%2Fsvg%3E\" data-orig-src=\"https:\/\/pavidecor.si\/wp-content\/uploads\/2024\/12\/2a.jpg\" \/><\/center><\/div>\n<div class=\"col-sm-6 col-sm-pull-6\" style=\"margin-top: 40px;\">\n<p>&nbsp;<\/p>\n<h3>Handgefertigte Qualit\u00e4t aus Slowenien<\/h3>\n<p>Jeder Holzteppich von PAVI DECOR wird in Slowenien mit h\u00f6chster Sorgfalt und handwerklichem K\u00f6nnen hergestellt. Unsere Leidenschaft f\u00fcr Holz zeigt sich in der einzigartigen Verarbeitung und den Details, die an die Techniken alter Meister erinnern.<\/p>\n<p>Die einzelnen Latten sind mit einer Schnur verbunden, was es erm\u00f6glicht, den Teppich einfach zu einer Rolle zu wickeln und platzsparend zu lagern. Hergestellt aus Nadelholz, hinterl\u00e4sst der Teppich keine schwarzen Flecken durch Tannine und ist somit besonders pflegeleicht und langlebig.<\/p>\n<p>&nbsp;<\/p>\n<\/div>\n<\/div>\n<div class=\"row\">\n<div class=\"col-sm-6\" style=\"margin-top: 30px;\"><center><img decoding=\"async\" class=\"lazyload img-responsive\" style=\"margin: 0px auto; max-width: 100%;\" src=\"data:image\/svg+xml,%3Csvg%20xmlns%3D%27http%3A%2F%2Fwww.w3.org%2F2000%2Fsvg%27%20width%3D%27937%27%20height%3D%27937%27%20viewBox%3D%270%200%20937%20937%27%3E%3Crect%20width%3D%27937%27%20height%3D%27937%27%20fill-opacity%3D%220%22%2F%3E%3C%2Fsvg%3E\" data-orig-src=\" https:\/\/pavidecor.si\/wp-content\/uploads\/2024\/12\/3a.jpg\" \/><\/center><\/div>\n<div class=\"col-sm-6\" style=\"margin-top: 40px;\">\n<p>&nbsp;<\/p>\n<h3>Produktdetails und Eigenschaften<\/h3>\n<p>Der Holzteppich &#8211; L\u00e4ufer Wei\u00df ist nicht nur \u00e4sthetisch ansprechend, sondern auch umweltfreundlich. Die sch\u00fctzende Farbe verl\u00e4ngert die Lebensdauer des Produkts und sorgt daf\u00fcr, dass es auch in stark frequentierten Bereichen gut aussieht.<\/p>\n<p>Sie k\u00f6nnen den unbeschichteten Teppichl\u00e4ufer auch an unserem <a href=\"https:\/\/pavidecor.si\/de\/projects\/strand-auf-krk\/\"><strong><span style=\"color: #3366ff;\">Strand auf Krk<\/span><\/strong><\/a> oder in unserer Strandbar sehen. Er ist eine perfekte Wahl f\u00fcr alle, die Wert auf Nachhaltigkeit und Qualit\u00e4t legen.<\/p>\n<p>&nbsp;<\/p>\n<\/div>\n<\/div>\n<p>&nbsp;<\/p>\n","protected":false},"excerpt":{"rendered":"<p><strong><span style=\"color: #c4963c;\">\u2192 Handwerk<br \/>\n<\/span><span style=\"color: #c4963c;\">\u2192 Nadelholz<\/span><\/strong><\/p>\n","protected":false},"featured_media":23381,"comment_status":"open","ping_status":"closed","template":"","meta":[],"product_brand":[],"product_cat":[376,363],"product_tag":[216],"class_list":{"0":"post-23375","1":"product","2":"type-product","3":"status-publish","4":"has-post-thumbnail","6":"product_cat-teppiche","7":"product_cat-teppiche-und-matten","8":"product_tag-neu","10":"first","11":"instock","12":"taxable","13":"shipping-taxable","14":"purchasable","15":"product-type-simple"},"yoast_head":"<!-- This site is optimized with the Yoast SEO plugin v27.2 - https:\/\/yoast.com\/product\/yoast-seo-wordpress\/ -->\n<title>Holzteppich - L\u00e4ufer wei\u00df - Nat\u00fcrliche Eleganz f\u00fcr Ihr Zuhause<\/title>\n<meta name=\"description\" content=\"Holzteppich - L\u00e4ufer wei\u00df - ist n\u00fctzlich f\u00fcr den Innenbereich, um sich vor K\u00e4lte oder rutschigem Boden zu sch\u00fctzen. Leicht zu reinigen und zu pflegen.\" \/>\n<meta name=\"robots\" content=\"index, follow, max-snippet:-1, max-image-preview:large, max-video-preview:-1\" \/>\n<link rel=\"canonical\" href=\"https:\/\/pavidecor.si\/de\/produkt\/holzteppich-laufer-weiss-200x80cm\/\" \/>\n<meta property=\"og:locale\" content=\"de_DE\" \/>\n<meta property=\"og:type\" content=\"article\" \/>\n<meta property=\"og:title\" content=\"Holzteppich - L\u00e4ufer wei\u00df - Nat\u00fcrliche Eleganz f\u00fcr Ihr Zuhause\" \/>\n<meta property=\"og:description\" content=\"Holzteppich - L\u00e4ufer wei\u00df - ist n\u00fctzlich f\u00fcr den Innenbereich, um sich vor K\u00e4lte oder rutschigem Boden zu sch\u00fctzen. Leicht zu reinigen und zu pflegen.\" \/>\n<meta property=\"og:url\" content=\"https:\/\/pavidecor.si\/de\/produkt\/holzteppich-laufer-weiss-200x80cm\/\" \/>\n<meta property=\"og:site_name\" content=\"Pavi Decor\" \/>\n<meta property=\"article:modified_time\" content=\"2026-04-24T20:03:54+00:00\" \/>\n<meta property=\"og:image\" content=\"https:\/\/pavidecor.si\/wp-content\/uploads\/2024\/12\/1a.jpg\" \/>\n\t<meta property=\"og:image:width\" content=\"1899\" \/>\n\t<meta property=\"og:image:height\" content=\"1899\" \/>\n\t<meta property=\"og:image:type\" content=\"image\/jpeg\" \/>\n<meta name=\"twitter:card\" content=\"summary_large_image\" \/>\n<meta name=\"twitter:label1\" content=\"Gesch\u00e4tzte Lesezeit\" \/>\n\t<meta name=\"twitter:data1\" content=\"3\u00a0Minuten\" \/>\n<script type=\"application\/ld+json\" class=\"yoast-schema-graph\">{\"@context\":\"https:\/\/schema.org\",\"@graph\":[{\"@type\":\"WebPage\",\"@id\":\"https:\/\/pavidecor.si\/de\/produkt\/holzteppich-laufer-weiss-200x80cm\/\",\"url\":\"https:\/\/pavidecor.si\/de\/produkt\/holzteppich-laufer-weiss-200x80cm\/\",\"name\":\"Holzteppich - L\u00e4ufer wei\u00df - Nat\u00fcrliche Eleganz f\u00fcr Ihr Zuhause\",\"isPartOf\":{\"@id\":\"https:\/\/pavidecor.si\/de\/#website\"},\"primaryImageOfPage\":{\"@id\":\"https:\/\/pavidecor.si\/de\/produkt\/holzteppich-laufer-weiss-200x80cm\/#primaryimage\"},\"image\":{\"@id\":\"https:\/\/pavidecor.si\/de\/produkt\/holzteppich-laufer-weiss-200x80cm\/#primaryimage\"},\"thumbnailUrl\":\"https:\/\/pavidecor.si\/wp-content\/uploads\/2024\/12\/1a.jpg\",\"datePublished\":\"2024-12-30T09:43:31+00:00\",\"dateModified\":\"2026-04-24T20:03:54+00:00\",\"description\":\"Holzteppich - L\u00e4ufer wei\u00df - ist n\u00fctzlich f\u00fcr den Innenbereich, um sich vor K\u00e4lte oder rutschigem Boden zu sch\u00fctzen. Leicht zu reinigen und zu pflegen.\",\"breadcrumb\":{\"@id\":\"https:\/\/pavidecor.si\/de\/produkt\/holzteppich-laufer-weiss-200x80cm\/#breadcrumb\"},\"inLanguage\":\"de\",\"potentialAction\":[{\"@type\":\"ReadAction\",\"target\":[\"https:\/\/pavidecor.si\/de\/produkt\/holzteppich-laufer-weiss-200x80cm\/\"]}]},{\"@type\":\"ImageObject\",\"inLanguage\":\"de\",\"@id\":\"https:\/\/pavidecor.si\/de\/produkt\/holzteppich-laufer-weiss-200x80cm\/#primaryimage\",\"url\":\"https:\/\/pavidecor.si\/wp-content\/uploads\/2024\/12\/1a.jpg\",\"contentUrl\":\"https:\/\/pavidecor.si\/wp-content\/uploads\/2024\/12\/1a.jpg\",\"width\":1899,\"height\":1899,\"caption\":\"PAVI DECOR\"},{\"@type\":\"BreadcrumbList\",\"@id\":\"https:\/\/pavidecor.si\/de\/produkt\/holzteppich-laufer-weiss-200x80cm\/#breadcrumb\",\"itemListElement\":[{\"@type\":\"ListItem\",\"position\":1,\"name\":\"Domov\",\"item\":\"https:\/\/pavidecor.si\/de\/\"},{\"@type\":\"ListItem\",\"position\":2,\"name\":\"Online-Shop\",\"item\":\"https:\/\/pavidecor.si\/de\/online-shop\/\"},{\"@type\":\"ListItem\",\"position\":3,\"name\":\"Holzteppich &#8211; L\u00e4ufer wei\u00df 200x80cm\"}]},{\"@type\":\"WebSite\",\"@id\":\"https:\/\/pavidecor.si\/de\/#website\",\"url\":\"https:\/\/pavidecor.si\/de\/\",\"name\":\"Pavi Decor\",\"description\":\"Leseni unikati ustvarjeni iz ljubezni do lesa in narave.\",\"potentialAction\":[{\"@type\":\"SearchAction\",\"target\":{\"@type\":\"EntryPoint\",\"urlTemplate\":\"https:\/\/pavidecor.si\/de\/?s={search_term_string}\"},\"query-input\":{\"@type\":\"PropertyValueSpecification\",\"valueRequired\":true,\"valueName\":\"search_term_string\"}}],\"inLanguage\":\"de\"}]}<\/script>\n<!-- \/ Yoast SEO plugin. -->","yoast_head_json":{"title":"Holzteppich - L\u00e4ufer wei\u00df - Nat\u00fcrliche Eleganz f\u00fcr Ihr Zuhause","description":"Holzteppich - L\u00e4ufer wei\u00df - ist n\u00fctzlich f\u00fcr den Innenbereich, um sich vor K\u00e4lte oder rutschigem Boden zu sch\u00fctzen. Leicht zu reinigen und zu pflegen.","robots":{"index":"index","follow":"follow","max-snippet":"max-snippet:-1","max-image-preview":"max-image-preview:large","max-video-preview":"max-video-preview:-1"},"canonical":"https:\/\/pavidecor.si\/de\/produkt\/holzteppich-laufer-weiss-200x80cm\/","og_locale":"de_DE","og_type":"article","og_title":"Holzteppich - L\u00e4ufer wei\u00df - Nat\u00fcrliche Eleganz f\u00fcr Ihr Zuhause","og_description":"Holzteppich - L\u00e4ufer wei\u00df - ist n\u00fctzlich f\u00fcr den Innenbereich, um sich vor K\u00e4lte oder rutschigem Boden zu sch\u00fctzen. Leicht zu reinigen und zu pflegen.","og_url":"https:\/\/pavidecor.si\/de\/produkt\/holzteppich-laufer-weiss-200x80cm\/","og_site_name":"Pavi Decor","article_modified_time":"2026-04-24T20:03:54+00:00","og_image":[{"width":1899,"height":1899,"url":"https:\/\/pavidecor.si\/wp-content\/uploads\/2024\/12\/1a.jpg","type":"image\/jpeg"}],"twitter_card":"summary_large_image","twitter_misc":{"Gesch\u00e4tzte Lesezeit":"3\u00a0Minuten"},"schema":{"@context":"https:\/\/schema.org","@graph":[{"@type":"WebPage","@id":"https:\/\/pavidecor.si\/de\/produkt\/holzteppich-laufer-weiss-200x80cm\/","url":"https:\/\/pavidecor.si\/de\/produkt\/holzteppich-laufer-weiss-200x80cm\/","name":"Holzteppich - L\u00e4ufer wei\u00df - Nat\u00fcrliche Eleganz f\u00fcr Ihr Zuhause","isPartOf":{"@id":"https:\/\/pavidecor.si\/de\/#website"},"primaryImageOfPage":{"@id":"https:\/\/pavidecor.si\/de\/produkt\/holzteppich-laufer-weiss-200x80cm\/#primaryimage"},"image":{"@id":"https:\/\/pavidecor.si\/de\/produkt\/holzteppich-laufer-weiss-200x80cm\/#primaryimage"},"thumbnailUrl":"https:\/\/pavidecor.si\/wp-content\/uploads\/2024\/12\/1a.jpg","datePublished":"2024-12-30T09:43:31+00:00","dateModified":"2026-04-24T20:03:54+00:00","description":"Holzteppich - L\u00e4ufer wei\u00df - ist n\u00fctzlich f\u00fcr den Innenbereich, um sich vor K\u00e4lte oder rutschigem Boden zu sch\u00fctzen. Leicht zu reinigen und zu pflegen.","breadcrumb":{"@id":"https:\/\/pavidecor.si\/de\/produkt\/holzteppich-laufer-weiss-200x80cm\/#breadcrumb"},"inLanguage":"de","potentialAction":[{"@type":"ReadAction","target":["https:\/\/pavidecor.si\/de\/produkt\/holzteppich-laufer-weiss-200x80cm\/"]}]},{"@type":"ImageObject","inLanguage":"de","@id":"https:\/\/pavidecor.si\/de\/produkt\/holzteppich-laufer-weiss-200x80cm\/#primaryimage","url":"https:\/\/pavidecor.si\/wp-content\/uploads\/2024\/12\/1a.jpg","contentUrl":"https:\/\/pavidecor.si\/wp-content\/uploads\/2024\/12\/1a.jpg","width":1899,"height":1899,"caption":"PAVI DECOR"},{"@type":"BreadcrumbList","@id":"https:\/\/pavidecor.si\/de\/produkt\/holzteppich-laufer-weiss-200x80cm\/#breadcrumb","itemListElement":[{"@type":"ListItem","position":1,"name":"Domov","item":"https:\/\/pavidecor.si\/de\/"},{"@type":"ListItem","position":2,"name":"Online-Shop","item":"https:\/\/pavidecor.si\/de\/online-shop\/"},{"@type":"ListItem","position":3,"name":"Holzteppich &#8211; L\u00e4ufer wei\u00df 200x80cm"}]},{"@type":"WebSite","@id":"https:\/\/pavidecor.si\/de\/#website","url":"https:\/\/pavidecor.si\/de\/","name":"Pavi Decor","description":"Leseni unikati ustvarjeni iz ljubezni do lesa in narave.","potentialAction":[{"@type":"SearchAction","target":{"@type":"EntryPoint","urlTemplate":"https:\/\/pavidecor.si\/de\/?s={search_term_string}"},"query-input":{"@type":"PropertyValueSpecification","valueRequired":true,"valueName":"search_term_string"}}],"inLanguage":"de"}]}},"_links":{"self":[{"href":"https:\/\/pavidecor.si\/de\/wp-json\/wp\/v2\/product\/23375","targetHints":{"allow":["GET"]}}],"collection":[{"href":"https:\/\/pavidecor.si\/de\/wp-json\/wp\/v2\/product"}],"about":[{"href":"https:\/\/pavidecor.si\/de\/wp-json\/wp\/v2\/types\/product"}],"replies":[{"embeddable":true,"href":"https:\/\/pavidecor.si\/de\/wp-json\/wp\/v2\/comments?post=23375"}],"wp:featuredmedia":[{"embeddable":true,"href":"https:\/\/pavidecor.si\/de\/wp-json\/wp\/v2\/media\/23381"}],"wp:attachment":[{"href":"https:\/\/pavidecor.si\/de\/wp-json\/wp\/v2\/media?parent=23375"}],"wp:term":[{"taxonomy":"product_brand","embeddable":true,"href":"https:\/\/pavidecor.si\/de\/wp-json\/wp\/v2\/product_brand?post=23375"},{"taxonomy":"product_cat","embeddable":true,"href":"https:\/\/pavidecor.si\/de\/wp-json\/wp\/v2\/product_cat?post=23375"},{"taxonomy":"product_tag","embeddable":true,"href":"https:\/\/pavidecor.si\/de\/wp-json\/wp\/v2\/product_tag?post=23375"}],"curies":[{"name":"wp","href":"https:\/\/api.w.org\/{rel}","templated":true}]}}