	{"id":23336,"date":"2024-12-27T09:18:54","date_gmt":"2024-12-27T09:18:54","guid":{"rendered":"https:\/\/pavidecor.si\/?post_type=product&#038;p=23336"},"modified":"2026-04-25T00:03:39","modified_gmt":"2026-04-25T00:03:39","slug":"dekoratives-segelboot-pd-365x23x2cm","status":"publish","type":"product","link":"https:\/\/pavidecor.si\/de\/produkt\/dekoratives-segelboot-pd-365x23x2cm\/","title":{"rendered":"Dekoratives Segelboot PD 36,5x23x2cm"},"content":{"rendered":"<p><span class=\"prvimanjsinaslovopis\"> Dekoratives Segelboot &#8211; Einzigartige Wanddekoration aus Holz<\/span><\/p>\n<p>&nbsp;<\/p>\n<h2><span class=\"odebeljenopis\"><strong><br \/>\nEntdecken Sie die Magie des Meeres mit unserem dekorativen Segelboot, das Frische und Eleganz in jeden Raum bringt. Aus Treibholz und recyceltem Holz gefertigt, verzaubert diese einzigartige Wanddekoration nicht nur durch ihre Optik, sondern erz\u00e4hlt auch eine Geschichte von der Liebe zur Natur und zum Kunsthandwerk.<\/strong><\/span><\/h2>\n<p>&nbsp;<\/p>\n<div class=\"row\">\n<div class=\"col-sm-6 \" style=\"margin-top: 30px;\"><center><img decoding=\"async\" class=\"lazyload img-responsive\" style=\"margin: 0px auto; max-width: 100%;\" src=\"data:image\/svg+xml,%3Csvg%20xmlns%3D%27http%3A%2F%2Fwww.w3.org%2F2000%2Fsvg%27%20width%3D%272560%27%20height%3D%272560%27%20viewBox%3D%270%200%202560%202560%27%3E%3Crect%20width%3D%272560%27%20height%3D%272560%27%20fill-opacity%3D%220%22%2F%3E%3C%2Fsvg%3E\" data-orig-src=\"https:\/\/pavidecor.si\/wp-content\/uploads\/2024\/12\/1IMG_8778a-scaled.jpg\" \/><\/center><\/div>\n<div class=\"col-sm-6\" style=\"margin-top: 40px;\">\n<h3>Unikat handgefertigt<\/h3>\n<p>Unser dekoratives Segelboot ist das Ergebnis der Leidenschaft und Hingabe, die wir in jedes Produkt stecken. Im PAVI DECOR Store aus Ljubljana setzen wir auf <b>eine handgefertigte<\/b> Produktion und die Verwendung nat\u00fcrlicher Materialien, die daf\u00fcr sorgen, dass jedes St\u00fcck ein Unikat ist. Das Segelboot ist aus Treibholz und recyceltem Holz gefertigt, was bedeutet, dass es nicht nur \u00e4sthetisch ansprechend, sondern auch umweltfreundlich ist. Unser Team von Handwerkern verwendet traditionelle Techniken zum Verbinden von Holzteilen, was dem Produkt ein authentisches Aussehen verleiht, das von Liebhabern einzigartiger St\u00fccke gesch\u00e4tzt wird.<\/p>\n<p>Jedes Segelboot wird sorgf\u00e4ltig geschliffen, um ein glattes und angenehmes Gef\u00fchl zu erzielen. Auf der R\u00fcckseite des Rumpfes leuchtet die Aufschrift &#8222;unique&#8220;, die die Einzigartigkeit zus\u00e4tzlich unterstreicht. Wenn Sie sich f\u00fcr unser Segelboot entscheiden, erhalten Sie nicht nur eine sch\u00f6ne Einrichtung, sondern auch ein St\u00fcck, das eine Geschichte und Tradition in sich tr\u00e4gt.<\/p>\n<p>&nbsp;<\/p>\n<\/div>\n<\/div>\n<div class=\"row\">\n<div class=\"col-sm-6 col-sm-push-6\" style=\"margin-top: 30px;\"><center><a href=\"https:\/\/pavidecor.si\/wp-content\/uploads\/2024\/10\/1IMG_8784a-600x600.jpg\"><img decoding=\"async\" class=\"lazyload img-responsive\" style=\"margin: 0px auto; max-width: 100%;\" src=\"data:image\/svg+xml,%3Csvg%20xmlns%3D%27http%3A%2F%2Fwww.w3.org%2F2000%2Fsvg%27%20width%3D%272291%27%20height%3D%272291%27%20viewBox%3D%270%200%202291%202291%27%3E%3Crect%20width%3D%272291%27%20height%3D%272291%27%20fill-opacity%3D%220%22%2F%3E%3C%2Fsvg%3E\" data-orig-src=\"https:\/\/pavidecor.si\/wp-content\/uploads\/2024\/12\/3IMG_8773.jpg\" \/><\/a><\/center><\/div>\n<div class=\"col-sm-6 col-sm-pull-6\" style=\"margin-top: 40px;\">\n<h3>Nautische Dekoration f\u00fcr jedes Zuhause<\/h3>\n<p>Ein dekoratives Segelboot ist die ideale Wahl f\u00fcr alle, die den Geist des Meeres in ihr Zuhause bringen m\u00f6chten. Seine schmale Form und Farbkombination, zu der auch ein lackiertes Baumwollgewebe f\u00fcr die Segel geh\u00f6rt, vermittelt ein Gef\u00fchl von Frische und Leichtigkeit. Dieses Produkt ist das perfekte Accessoire f\u00fcr Wohnzimmer, Kinderzimmer oder sogar B\u00fcros, wo es Sie an entspannende Momente am Meer erinnern kann.<\/p>\n<p>Mit unserem Segelboot k\u00f6nnen Sie eine angenehme Atmosph\u00e4re schaffen, die Sie an sonnige Tage, den Wind in den Haaren und einen unbeschwerten Urlaub erinnert. Auf Ihren Wunsch bieten wir Ihnen auch die M\u00f6glichkeit, Ihren Namen nachzudrucken, was es Ihnen erm\u00f6glicht, Ihre Einrichtung zu personalisieren und ihr eine besondere Note zu verleihen. Jedes Segelboot ist ein Unikat, was bedeutet, dass Sie etwas ganz Besonderes in Ihrem Zuhause haben werden.<\/p>\n<p>&nbsp;<\/p>\n<\/div>\n<\/div>\n<div class=\"row\">\n<div class=\"col-sm-6\" style=\"margin-top: 30px;\"><center><img decoding=\"async\" class=\"lazyload img-responsive\" style=\"margin: 0px auto; max-width: 100%;\" src=\"data:image\/svg+xml,%3Csvg%20xmlns%3D%27http%3A%2F%2Fwww.w3.org%2F2000%2Fsvg%27%20width%3D%272021%27%20height%3D%272021%27%20viewBox%3D%270%200%202021%202021%27%3E%3Crect%20width%3D%272021%27%20height%3D%272021%27%20fill-opacity%3D%220%22%2F%3E%3C%2Fsvg%3E\" data-orig-src=\"https:\/\/pavidecor.si\/wp-content\/uploads\/2024\/12\/6IMG_8777.jpg\" \/><\/center><\/div>\n<div class=\"col-sm-6\" style=\"margin-top: 40px;\">\n<p>&nbsp;<\/p>\n<h3>Eine \u00f6kologische und nachhaltige Wahl<\/h3>\n<p>Bei PAVI DECOR glauben wir an nachhaltiges Design und die Verwendung nat\u00fcrlicher Materialien. Unser dekoratives Segelboot ist aus recyceltem Holz gefertigt, was bedeutet, dass Sie mit der Wahl unseres Produkts zum Schutz der Umwelt beitragen. Indem Sie lokales Kunsthandwerk unterst\u00fctzen, tragen Sie dazu bei, die Tradition des handwerklichen Handwerks zu bewahren und eine nachhaltige Wirtschaft zu f\u00f6rdern.<\/p>\n<p>Unser Segelboot ist nicht nur eine Dekoration, sondern auch ein Symbol der Liebe zur Natur und des Respekts vor den Materialien, die wir verwenden. Mit dem Kauf unseres Segelboots bereichern Sie nicht nur Ihr Zuhause, sondern unterst\u00fctzen auch lokale K\u00fcnstler und Handwerker, die sich leidenschaftlich f\u00fcr die Herstellung einzigartiger Produkte einsetzen. Begleiten Sie uns und entdecken Sie die Sch\u00f6nheit, die die Natur in Ihr Zuhause bringt.<\/p>\n<p>&nbsp;<\/p>\n<\/div>\n<\/div>\n<blockquote><p>Ein dekoratives Segelboot ist eine Wanddekoration aus Treibholz und recyceltem Holz. Die Segel sind aus lackiertem Baumwollgewebe gefertigt. Er hat auch eine Flagge und eine Schnur, die an der Spitze des Mastes angebracht ist. Der Rumpf und der Mast sind leicht geschliffen, um ein glatteres Aussehen zu erzielen. Der Rumpf des Segelbootes hat zudem die Aufschrift &#8222;unique&#8220; auf der R\u00fcckseite. Ein schmales dekoratives Segelboot ist ein wundersch\u00f6nes nautisches Dekor, das immer Erinnerungen an das Meer, die Sonne, den Wind und den Urlaub weckt. Auf Ihren Wunsch ist es m\u00f6glich, Ihren Namen, Ihre Registrierung usw. auszudrucken. Jedes unserer Segelboote ist handgefertigt und bemalt, kurz gesagt, ein Unikat. Sie k\u00f6nnen auch einige Segelboote als Teil unserer <a href=\"https:\/\/pavidecor.si\/de\/projects\/strandbar\/\"><span style=\"color: #3366ff;\">Strandbar<\/span><\/a> sehen.<\/p><\/blockquote>\n<p>&nbsp;<\/p>\n","protected":false},"excerpt":{"rendered":"<p><strong><span style=\"color: #c4963c;\">\u2192 Handgefertigt<\/span><\/strong><strong><span style=\"color: #c4963c;\"><br \/>\n<\/span><span style=\"color: #c4963c;\">\u2192 Einzigartig<\/span><\/strong><\/p>\n","protected":false},"featured_media":23342,"comment_status":"open","ping_status":"closed","template":"","meta":[],"product_brand":[],"product_cat":[338],"product_tag":[216],"class_list":{"0":"post-23336","1":"product","2":"type-product","3":"status-publish","4":"has-post-thumbnail","6":"product_cat-boote","7":"product_tag-neu","9":"first","10":"instock","11":"sold-individually","12":"taxable","13":"shipping-taxable","14":"purchasable","15":"product-type-simple"},"yoast_head":"<!-- This site is optimized with the Yoast SEO plugin v27.2 - https:\/\/yoast.com\/product\/yoast-seo-wordpress\/ -->\n<title>Dekoratives Segelboot - Einzigartige Wanddekoration aus Holz<\/title>\n<meta name=\"description\" content=\"Dekorative Segelboot ist ein wundersch\u00f6nes nautisches Dekor aus Treibholz und recyceltem Holz. Er hat bemalte Baumwollsegel, eine Flagge und Schnur am Mast.\" \/>\n<meta name=\"robots\" content=\"index, follow, max-snippet:-1, max-image-preview:large, max-video-preview:-1\" \/>\n<link rel=\"canonical\" href=\"https:\/\/pavidecor.si\/de\/produkt\/dekoratives-segelboot-pd-365x23x2cm\/\" \/>\n<meta property=\"og:locale\" content=\"de_DE\" \/>\n<meta property=\"og:type\" content=\"article\" \/>\n<meta property=\"og:title\" content=\"Dekoratives Segelboot - Einzigartige Wanddekoration aus Holz\" \/>\n<meta property=\"og:description\" content=\"Dekorative Segelboot ist ein wundersch\u00f6nes nautisches Dekor aus Treibholz und recyceltem Holz. Er hat bemalte Baumwollsegel, eine Flagge und Schnur am Mast.\" \/>\n<meta property=\"og:url\" content=\"https:\/\/pavidecor.si\/de\/produkt\/dekoratives-segelboot-pd-365x23x2cm\/\" \/>\n<meta property=\"og:site_name\" content=\"Pavi Decor\" \/>\n<meta property=\"article:modified_time\" content=\"2026-04-25T00:03:39+00:00\" \/>\n<meta property=\"og:image\" content=\"https:\/\/pavidecor.si\/wp-content\/uploads\/2024\/12\/1IMG_8778a-scaled.jpg\" \/>\n\t<meta property=\"og:image:width\" content=\"2560\" \/>\n\t<meta property=\"og:image:height\" content=\"2560\" \/>\n\t<meta property=\"og:image:type\" content=\"image\/jpeg\" \/>\n<meta name=\"twitter:card\" content=\"summary_large_image\" \/>\n<meta name=\"twitter:label1\" content=\"Gesch\u00e4tzte Lesezeit\" \/>\n\t<meta name=\"twitter:data1\" content=\"4\u00a0Minuten\" \/>\n<script type=\"application\/ld+json\" class=\"yoast-schema-graph\">{\"@context\":\"https:\/\/schema.org\",\"@graph\":[{\"@type\":\"WebPage\",\"@id\":\"https:\/\/pavidecor.si\/de\/produkt\/dekoratives-segelboot-pd-365x23x2cm\/\",\"url\":\"https:\/\/pavidecor.si\/de\/produkt\/dekoratives-segelboot-pd-365x23x2cm\/\",\"name\":\"Dekoratives Segelboot - Einzigartige Wanddekoration aus Holz\",\"isPartOf\":{\"@id\":\"https:\/\/pavidecor.si\/de\/#website\"},\"primaryImageOfPage\":{\"@id\":\"https:\/\/pavidecor.si\/de\/produkt\/dekoratives-segelboot-pd-365x23x2cm\/#primaryimage\"},\"image\":{\"@id\":\"https:\/\/pavidecor.si\/de\/produkt\/dekoratives-segelboot-pd-365x23x2cm\/#primaryimage\"},\"thumbnailUrl\":\"https:\/\/pavidecor.si\/wp-content\/uploads\/2024\/12\/1IMG_8778a-scaled.jpg\",\"datePublished\":\"2024-12-27T09:18:54+00:00\",\"dateModified\":\"2026-04-25T00:03:39+00:00\",\"description\":\"Dekorative Segelboot ist ein wundersch\u00f6nes nautisches Dekor aus Treibholz und recyceltem Holz. Er hat bemalte Baumwollsegel, eine Flagge und Schnur am Mast.\",\"breadcrumb\":{\"@id\":\"https:\/\/pavidecor.si\/de\/produkt\/dekoratives-segelboot-pd-365x23x2cm\/#breadcrumb\"},\"inLanguage\":\"de\",\"potentialAction\":[{\"@type\":\"ReadAction\",\"target\":[\"https:\/\/pavidecor.si\/de\/produkt\/dekoratives-segelboot-pd-365x23x2cm\/\"]}]},{\"@type\":\"ImageObject\",\"inLanguage\":\"de\",\"@id\":\"https:\/\/pavidecor.si\/de\/produkt\/dekoratives-segelboot-pd-365x23x2cm\/#primaryimage\",\"url\":\"https:\/\/pavidecor.si\/wp-content\/uploads\/2024\/12\/1IMG_8778a-scaled.jpg\",\"contentUrl\":\"https:\/\/pavidecor.si\/wp-content\/uploads\/2024\/12\/1IMG_8778a-scaled.jpg\",\"width\":2560,\"height\":2560,\"caption\":\"PAVI DECOR\"},{\"@type\":\"BreadcrumbList\",\"@id\":\"https:\/\/pavidecor.si\/de\/produkt\/dekoratives-segelboot-pd-365x23x2cm\/#breadcrumb\",\"itemListElement\":[{\"@type\":\"ListItem\",\"position\":1,\"name\":\"Domov\",\"item\":\"https:\/\/pavidecor.si\/de\/\"},{\"@type\":\"ListItem\",\"position\":2,\"name\":\"Online-Shop\",\"item\":\"https:\/\/pavidecor.si\/de\/online-shop\/\"},{\"@type\":\"ListItem\",\"position\":3,\"name\":\"Dekoratives Segelboot PD 36,5x23x2cm\"}]},{\"@type\":\"WebSite\",\"@id\":\"https:\/\/pavidecor.si\/de\/#website\",\"url\":\"https:\/\/pavidecor.si\/de\/\",\"name\":\"Pavi Decor\",\"description\":\"Leseni unikati ustvarjeni iz ljubezni do lesa in narave.\",\"potentialAction\":[{\"@type\":\"SearchAction\",\"target\":{\"@type\":\"EntryPoint\",\"urlTemplate\":\"https:\/\/pavidecor.si\/de\/?s={search_term_string}\"},\"query-input\":{\"@type\":\"PropertyValueSpecification\",\"valueRequired\":true,\"valueName\":\"search_term_string\"}}],\"inLanguage\":\"de\"}]}<\/script>\n<!-- \/ Yoast SEO plugin. -->","yoast_head_json":{"title":"Dekoratives Segelboot - Einzigartige Wanddekoration aus Holz","description":"Dekorative Segelboot ist ein wundersch\u00f6nes nautisches Dekor aus Treibholz und recyceltem Holz. Er hat bemalte Baumwollsegel, eine Flagge und Schnur am Mast.","robots":{"index":"index","follow":"follow","max-snippet":"max-snippet:-1","max-image-preview":"max-image-preview:large","max-video-preview":"max-video-preview:-1"},"canonical":"https:\/\/pavidecor.si\/de\/produkt\/dekoratives-segelboot-pd-365x23x2cm\/","og_locale":"de_DE","og_type":"article","og_title":"Dekoratives Segelboot - Einzigartige Wanddekoration aus Holz","og_description":"Dekorative Segelboot ist ein wundersch\u00f6nes nautisches Dekor aus Treibholz und recyceltem Holz. Er hat bemalte Baumwollsegel, eine Flagge und Schnur am Mast.","og_url":"https:\/\/pavidecor.si\/de\/produkt\/dekoratives-segelboot-pd-365x23x2cm\/","og_site_name":"Pavi Decor","article_modified_time":"2026-04-25T00:03:39+00:00","og_image":[{"width":2560,"height":2560,"url":"https:\/\/pavidecor.si\/wp-content\/uploads\/2024\/12\/1IMG_8778a-scaled.jpg","type":"image\/jpeg"}],"twitter_card":"summary_large_image","twitter_misc":{"Gesch\u00e4tzte Lesezeit":"4\u00a0Minuten"},"schema":{"@context":"https:\/\/schema.org","@graph":[{"@type":"WebPage","@id":"https:\/\/pavidecor.si\/de\/produkt\/dekoratives-segelboot-pd-365x23x2cm\/","url":"https:\/\/pavidecor.si\/de\/produkt\/dekoratives-segelboot-pd-365x23x2cm\/","name":"Dekoratives Segelboot - Einzigartige Wanddekoration aus Holz","isPartOf":{"@id":"https:\/\/pavidecor.si\/de\/#website"},"primaryImageOfPage":{"@id":"https:\/\/pavidecor.si\/de\/produkt\/dekoratives-segelboot-pd-365x23x2cm\/#primaryimage"},"image":{"@id":"https:\/\/pavidecor.si\/de\/produkt\/dekoratives-segelboot-pd-365x23x2cm\/#primaryimage"},"thumbnailUrl":"https:\/\/pavidecor.si\/wp-content\/uploads\/2024\/12\/1IMG_8778a-scaled.jpg","datePublished":"2024-12-27T09:18:54+00:00","dateModified":"2026-04-25T00:03:39+00:00","description":"Dekorative Segelboot ist ein wundersch\u00f6nes nautisches Dekor aus Treibholz und recyceltem Holz. Er hat bemalte Baumwollsegel, eine Flagge und Schnur am Mast.","breadcrumb":{"@id":"https:\/\/pavidecor.si\/de\/produkt\/dekoratives-segelboot-pd-365x23x2cm\/#breadcrumb"},"inLanguage":"de","potentialAction":[{"@type":"ReadAction","target":["https:\/\/pavidecor.si\/de\/produkt\/dekoratives-segelboot-pd-365x23x2cm\/"]}]},{"@type":"ImageObject","inLanguage":"de","@id":"https:\/\/pavidecor.si\/de\/produkt\/dekoratives-segelboot-pd-365x23x2cm\/#primaryimage","url":"https:\/\/pavidecor.si\/wp-content\/uploads\/2024\/12\/1IMG_8778a-scaled.jpg","contentUrl":"https:\/\/pavidecor.si\/wp-content\/uploads\/2024\/12\/1IMG_8778a-scaled.jpg","width":2560,"height":2560,"caption":"PAVI DECOR"},{"@type":"BreadcrumbList","@id":"https:\/\/pavidecor.si\/de\/produkt\/dekoratives-segelboot-pd-365x23x2cm\/#breadcrumb","itemListElement":[{"@type":"ListItem","position":1,"name":"Domov","item":"https:\/\/pavidecor.si\/de\/"},{"@type":"ListItem","position":2,"name":"Online-Shop","item":"https:\/\/pavidecor.si\/de\/online-shop\/"},{"@type":"ListItem","position":3,"name":"Dekoratives Segelboot PD 36,5x23x2cm"}]},{"@type":"WebSite","@id":"https:\/\/pavidecor.si\/de\/#website","url":"https:\/\/pavidecor.si\/de\/","name":"Pavi Decor","description":"Leseni unikati ustvarjeni iz ljubezni do lesa in narave.","potentialAction":[{"@type":"SearchAction","target":{"@type":"EntryPoint","urlTemplate":"https:\/\/pavidecor.si\/de\/?s={search_term_string}"},"query-input":{"@type":"PropertyValueSpecification","valueRequired":true,"valueName":"search_term_string"}}],"inLanguage":"de"}]}},"_links":{"self":[{"href":"https:\/\/pavidecor.si\/de\/wp-json\/wp\/v2\/product\/23336","targetHints":{"allow":["GET"]}}],"collection":[{"href":"https:\/\/pavidecor.si\/de\/wp-json\/wp\/v2\/product"}],"about":[{"href":"https:\/\/pavidecor.si\/de\/wp-json\/wp\/v2\/types\/product"}],"replies":[{"embeddable":true,"href":"https:\/\/pavidecor.si\/de\/wp-json\/wp\/v2\/comments?post=23336"}],"wp:featuredmedia":[{"embeddable":true,"href":"https:\/\/pavidecor.si\/de\/wp-json\/wp\/v2\/media\/23342"}],"wp:attachment":[{"href":"https:\/\/pavidecor.si\/de\/wp-json\/wp\/v2\/media?parent=23336"}],"wp:term":[{"taxonomy":"product_brand","embeddable":true,"href":"https:\/\/pavidecor.si\/de\/wp-json\/wp\/v2\/product_brand?post=23336"},{"taxonomy":"product_cat","embeddable":true,"href":"https:\/\/pavidecor.si\/de\/wp-json\/wp\/v2\/product_cat?post=23336"},{"taxonomy":"product_tag","embeddable":true,"href":"https:\/\/pavidecor.si\/de\/wp-json\/wp\/v2\/product_tag?post=23336"}],"curies":[{"name":"wp","href":"https:\/\/api.w.org\/{rel}","templated":true}]}}