	{"id":20916,"date":"2023-01-04T11:03:52","date_gmt":"2023-01-04T11:03:52","guid":{"rendered":"https:\/\/pavidecor.si\/product\/sockel-fuer-den-zaun-fuer-den-boden-65x65x33cm\/"},"modified":"2026-04-26T16:02:16","modified_gmt":"2026-04-26T16:02:16","slug":"einschlagbodenhuelse-fuer-zaunpfosten-65x65x33cm","status":"publish","type":"product","link":"https:\/\/pavidecor.si\/de\/produkt\/einschlagbodenhuelse-fuer-zaunpfosten-65x65x33cm\/","title":{"rendered":"Einschlagbodenh\u00fclse f\u00fcr Zaunpfosten 6,5&#215;6,5x33cm"},"content":{"rendered":"<p><span class=\"prvimanjsinaslovopis\"><br \/>\nEinschlagbodenh\u00fclse f\u00fcr Zaunpfosten &#8211; Eine stabile L\u00f6sung f\u00fcr Ihren Holzzaun<\/span><\/p>\n<p>&nbsp;<\/p>\n<h2><span class=\"odebeljenopis\"><strong><br \/>\nMit dem <span class=\"prvimanjsinaslovopis\">Einschlagbodenh\u00fclse<\/span> von PAVI DECOR k\u00f6nnen Sie Ihren Holzzaun einfach und schnell auf einem Gras- oder Sandboden aufstellen. Unsere Produkte sind das Ergebnis einer Leidenschaft f\u00fcr Holz und Natur, die sich in jedem Detail widerspiegelt. Genie\u00dfen Sie die Qualit\u00e4t und Authentizit\u00e4t handgefertigter Handwerkskunst.<\/strong><\/span><\/h2>\n<p>&nbsp;<\/p>\n<div class=\"row\">\n<div class=\"col-sm-6 \" style=\"margin-top: 30px;\"><center><img decoding=\"async\" class=\"lazyload img-responsive\" style=\"margin: 0px auto; max-width: 100%;\" src=\"data:image\/svg+xml,%3Csvg%20xmlns%3D%27http%3A%2F%2Fwww.w3.org%2F2000%2Fsvg%27%20width%3D%272560%27%20height%3D%272560%27%20viewBox%3D%270%200%202560%202560%27%3E%3Crect%20width%3D%272560%27%20height%3D%272560%27%20fill-opacity%3D%220%22%2F%3E%3C%2Fsvg%3E\" data-orig-src=\"https:\/\/pavidecor.si\/wp-content\/uploads\/2023\/01\/1TM__5951a-2-scaled.jpg\" \/><\/center><\/div>\n<div class=\"col-sm-6\" style=\"margin-top: 40px;\">\n<p>&nbsp;<\/p>\n<h3>Robust und einfach zu installieren<\/h3>\n<p>Die <span class=\"prvimanjsinaslovopis\">Einschlagbodenh\u00fclse<\/span> ist f\u00fcr eine einfache Befestigung am Pfosten konzipiert und erm\u00f6glicht so eine schnelle und effiziente Zaunmontage. Stabilit\u00e4t ist entscheidend, insbesondere auf weichen Oberfl\u00e4chen wie Gras oder Sandboden. Unser Anker l\u00e4sst sich leicht in den Boden treiben und sorgt daf\u00fcr, dass Ihr <strong>Zaun stabil und sicher bleibt<\/strong>. Ob zum Schutz Ihres Gartens, zur Markierung von Grenzen oder zur Schaffung von Privatsph\u00e4re, dieser Sockel ist die ideale Wahl.<\/p>\n<p>&nbsp;<\/p>\n<p>Durch die Verwendung unserer <span class=\"prvimanjsinaslovopis\">Einschlagbodenh\u00fclse<\/span> k\u00f6nnen Sie Ihren Zaun sorgenfrei nutzen, da sie so konstruiert ist, dass sie verschiedenen Wetterbedingungen standh\u00e4lt. Hochwertige Materialien und durchdachtes Design sorgen f\u00fcr lange Lebensdauer und Verschlei\u00dffestigkeit. PAVI DECOR ist stolz auf die Handarbeit, was bedeutet, dass jedes Produkt das Siegel der Einzigartigkeit und Sorgfalt tr\u00e4gt.<\/p>\n<p>&nbsp;<\/p>\n<\/div>\n<\/div>\n<div class=\"row\">\n<div class=\"col-sm-12\">\n<p>&nbsp;<\/p>\n<h3>Einzigartige Handarbeit<\/h3>\n<p>Wir bei PAVI DECOR glauben an die Kraft der Natur und der Tradition. Unsere Zaunsockel bestehen aus hochwertigem Eisen, das wir mit Liebe und Respekt vor der Natur verarbeiten. Durch die Handarbeit wird jeder Anker zu einem Unikat, das sich perfekt in Ihre Umgebung einf\u00fcgt. Wir verwenden traditionelle Verbindungstechniken alter Meister, die unseren Produkten ein <strong>authentisches Aussehen und Gef\u00fchl verleihen<\/strong>.<\/p>\n<p>&nbsp;<\/p>\n<p>Indem Sie sich f\u00fcr unsere Produkte entscheiden, unterst\u00fctzen Sie die lokale Wirtschaft und Kunsthandwerker, die mit Leidenschaft und Wissen einzigartige St\u00fccke herstellen. Unser Gesch\u00e4ft in Ljubljana bietet eine gro\u00dfe Auswahl an Holzprodukten, die das Ergebnis unseres eigenen Wissens und unserer Kreativit\u00e4t sind. Jede <span class=\"prvimanjsinaslovopis\">Einschlagh\u00fclse<\/span> wird sorgf\u00e4ltig gefertigt, um nicht nur Funktionalit\u00e4t, sondern auch \u00e4sthetisches Vergn\u00fcgen zu gew\u00e4hrleisten.<\/p>\n<p>&nbsp;<\/p>\n<\/div>\n<\/div>\n<div class=\"row\">\n<div class=\"col-sm-12\">\n<p>&nbsp;<\/p>\n<h3>Technische Daten<\/h3>\n<p>Die Zaunh\u00fclse ist f\u00fcr eine einfache Handhabung und schnelle Montage konzipiert. Abmessungen: 6,5 cm x 6,5 cm x 33 cm. Material: Hochwertiges Eisen, behandelt f\u00fcr eine lange Lebensdauer. Gewicht: 1,5 kg. Es ist in der nat\u00fcrlichen Eisenfarbe erh\u00e4ltlich, wodurch es sich perfekt in jede Umgebung einf\u00fcgt.<\/p>\n<p>&nbsp;<\/p>\n<p>Unsere Produkte werden in Slowenien hergestellt, was eine <strong>hohe Qualit\u00e4t und Langlebigkeit gew\u00e4hrleistet<\/strong>. Mit dem Kauf eines Zaunsockels von PAVI DECOR erwerben Sie nicht nur ein funktionales Produkt, sondern auch ein St\u00fcck Natur, das Ihren Raum bereichert. Erfreuen Sie sich an der Sch\u00f6nheit und Langlebigkeit unserer Holzprodukte, die aus der Leidenschaft f\u00fcr Holz und Natur entstanden sind.<\/p>\n<\/div>\n<\/div>\n<p>&nbsp;<\/p>\n","protected":false},"excerpt":{"rendered":"<p><strong><span style=\"color: #c4963c;\">\u2192 Feuerverzinktes Eisen<\/span><\/strong><br \/>\n<strong><span style=\"color: #c4963c;\">\u2192 Einfache Installation<\/span><\/strong><\/p>\n","protected":false},"featured_media":20918,"comment_status":"open","ping_status":"closed","template":"","meta":[],"product_brand":[],"product_cat":[355,288],"product_tag":[],"class_list":{"0":"post-20916","1":"product","2":"type-product","3":"status-publish","4":"has-post-thumbnail","6":"product_cat-zaune","7":"product_cat-zubehor","9":"first","10":"instock","11":"taxable","12":"shipping-taxable","13":"purchasable","14":"product-type-simple"},"yoast_head":"<!-- This site is optimized with the Yoast SEO plugin v27.2 - https:\/\/yoast.com\/product\/yoast-seo-wordpress\/ -->\n<title>Einschlagbodenh\u00fclse f\u00fcr Zaunpfosten - Stabil und einfach<\/title>\n<meta name=\"description\" content=\"Die Einschlagbodenh\u00fclse wird verwendet, um einen Holzzaun auf einer grasbewachsenen oder sandigen Fl\u00e4che zu errichten. Einfach zu montieren.\" \/>\n<meta name=\"robots\" content=\"index, follow, max-snippet:-1, max-image-preview:large, max-video-preview:-1\" \/>\n<link rel=\"canonical\" href=\"https:\/\/pavidecor.si\/de\/produkt\/einschlagbodenhuelse-fuer-zaunpfosten-65x65x33cm\/\" \/>\n<meta property=\"og:locale\" content=\"de_DE\" \/>\n<meta property=\"og:type\" content=\"article\" \/>\n<meta property=\"og:title\" content=\"Einschlagbodenh\u00fclse f\u00fcr Zaunpfosten - Stabil und einfach\" \/>\n<meta property=\"og:description\" content=\"Die Einschlagbodenh\u00fclse wird verwendet, um einen Holzzaun auf einer grasbewachsenen oder sandigen Fl\u00e4che zu errichten. Einfach zu montieren.\" \/>\n<meta property=\"og:url\" content=\"https:\/\/pavidecor.si\/de\/produkt\/einschlagbodenhuelse-fuer-zaunpfosten-65x65x33cm\/\" \/>\n<meta property=\"og:site_name\" content=\"Pavi Decor\" \/>\n<meta property=\"article:modified_time\" content=\"2026-04-26T16:02:16+00:00\" \/>\n<meta property=\"og:image\" content=\"https:\/\/pavidecor.si\/wp-content\/uploads\/2023\/01\/1TM__5951a-2-scaled.jpg\" \/>\n\t<meta property=\"og:image:width\" content=\"2560\" \/>\n\t<meta property=\"og:image:height\" content=\"2560\" \/>\n\t<meta property=\"og:image:type\" content=\"image\/jpeg\" \/>\n<meta name=\"twitter:card\" content=\"summary_large_image\" \/>\n<meta name=\"twitter:label1\" content=\"Gesch\u00e4tzte Lesezeit\" \/>\n\t<meta name=\"twitter:data1\" content=\"3\u00a0Minuten\" \/>\n<script type=\"application\/ld+json\" class=\"yoast-schema-graph\">{\"@context\":\"https:\/\/schema.org\",\"@graph\":[{\"@type\":\"WebPage\",\"@id\":\"https:\/\/pavidecor.si\/de\/produkt\/einschlagbodenhuelse-fuer-zaunpfosten-65x65x33cm\/\",\"url\":\"https:\/\/pavidecor.si\/de\/produkt\/einschlagbodenhuelse-fuer-zaunpfosten-65x65x33cm\/\",\"name\":\"Einschlagbodenh\u00fclse f\u00fcr Zaunpfosten - Stabil und einfach\",\"isPartOf\":{\"@id\":\"https:\/\/pavidecor.si\/de\/#website\"},\"primaryImageOfPage\":{\"@id\":\"https:\/\/pavidecor.si\/de\/produkt\/einschlagbodenhuelse-fuer-zaunpfosten-65x65x33cm\/#primaryimage\"},\"image\":{\"@id\":\"https:\/\/pavidecor.si\/de\/produkt\/einschlagbodenhuelse-fuer-zaunpfosten-65x65x33cm\/#primaryimage\"},\"thumbnailUrl\":\"https:\/\/pavidecor.si\/wp-content\/uploads\/2023\/01\/1TM__5951a-2-scaled.jpg\",\"datePublished\":\"2023-01-04T11:03:52+00:00\",\"dateModified\":\"2026-04-26T16:02:16+00:00\",\"description\":\"Die Einschlagbodenh\u00fclse wird verwendet, um einen Holzzaun auf einer grasbewachsenen oder sandigen Fl\u00e4che zu errichten. Einfach zu montieren.\",\"breadcrumb\":{\"@id\":\"https:\/\/pavidecor.si\/de\/produkt\/einschlagbodenhuelse-fuer-zaunpfosten-65x65x33cm\/#breadcrumb\"},\"inLanguage\":\"de\",\"potentialAction\":[{\"@type\":\"ReadAction\",\"target\":[\"https:\/\/pavidecor.si\/de\/produkt\/einschlagbodenhuelse-fuer-zaunpfosten-65x65x33cm\/\"]}]},{\"@type\":\"ImageObject\",\"inLanguage\":\"de\",\"@id\":\"https:\/\/pavidecor.si\/de\/produkt\/einschlagbodenhuelse-fuer-zaunpfosten-65x65x33cm\/#primaryimage\",\"url\":\"https:\/\/pavidecor.si\/wp-content\/uploads\/2023\/01\/1TM__5951a-2-scaled.jpg\",\"contentUrl\":\"https:\/\/pavidecor.si\/wp-content\/uploads\/2023\/01\/1TM__5951a-2-scaled.jpg\",\"width\":2560,\"height\":2560,\"caption\":\"PAVI DECOR\"},{\"@type\":\"BreadcrumbList\",\"@id\":\"https:\/\/pavidecor.si\/de\/produkt\/einschlagbodenhuelse-fuer-zaunpfosten-65x65x33cm\/#breadcrumb\",\"itemListElement\":[{\"@type\":\"ListItem\",\"position\":1,\"name\":\"Domov\",\"item\":\"https:\/\/pavidecor.si\/de\/\"},{\"@type\":\"ListItem\",\"position\":2,\"name\":\"Online-Shop\",\"item\":\"https:\/\/pavidecor.si\/de\/online-shop\/\"},{\"@type\":\"ListItem\",\"position\":3,\"name\":\"Einschlagbodenh\u00fclse f\u00fcr Zaunpfosten 6,5&#215;6,5x33cm\"}]},{\"@type\":\"WebSite\",\"@id\":\"https:\/\/pavidecor.si\/de\/#website\",\"url\":\"https:\/\/pavidecor.si\/de\/\",\"name\":\"Pavi Decor\",\"description\":\"Leseni unikati ustvarjeni iz ljubezni do lesa in narave.\",\"potentialAction\":[{\"@type\":\"SearchAction\",\"target\":{\"@type\":\"EntryPoint\",\"urlTemplate\":\"https:\/\/pavidecor.si\/de\/?s={search_term_string}\"},\"query-input\":{\"@type\":\"PropertyValueSpecification\",\"valueRequired\":true,\"valueName\":\"search_term_string\"}}],\"inLanguage\":\"de\"}]}<\/script>\n<!-- \/ Yoast SEO plugin. -->","yoast_head_json":{"title":"Einschlagbodenh\u00fclse f\u00fcr Zaunpfosten - Stabil und einfach","description":"Die Einschlagbodenh\u00fclse wird verwendet, um einen Holzzaun auf einer grasbewachsenen oder sandigen Fl\u00e4che zu errichten. Einfach zu montieren.","robots":{"index":"index","follow":"follow","max-snippet":"max-snippet:-1","max-image-preview":"max-image-preview:large","max-video-preview":"max-video-preview:-1"},"canonical":"https:\/\/pavidecor.si\/de\/produkt\/einschlagbodenhuelse-fuer-zaunpfosten-65x65x33cm\/","og_locale":"de_DE","og_type":"article","og_title":"Einschlagbodenh\u00fclse f\u00fcr Zaunpfosten - Stabil und einfach","og_description":"Die Einschlagbodenh\u00fclse wird verwendet, um einen Holzzaun auf einer grasbewachsenen oder sandigen Fl\u00e4che zu errichten. Einfach zu montieren.","og_url":"https:\/\/pavidecor.si\/de\/produkt\/einschlagbodenhuelse-fuer-zaunpfosten-65x65x33cm\/","og_site_name":"Pavi Decor","article_modified_time":"2026-04-26T16:02:16+00:00","og_image":[{"width":2560,"height":2560,"url":"https:\/\/pavidecor.si\/wp-content\/uploads\/2023\/01\/1TM__5951a-2-scaled.jpg","type":"image\/jpeg"}],"twitter_card":"summary_large_image","twitter_misc":{"Gesch\u00e4tzte Lesezeit":"3\u00a0Minuten"},"schema":{"@context":"https:\/\/schema.org","@graph":[{"@type":"WebPage","@id":"https:\/\/pavidecor.si\/de\/produkt\/einschlagbodenhuelse-fuer-zaunpfosten-65x65x33cm\/","url":"https:\/\/pavidecor.si\/de\/produkt\/einschlagbodenhuelse-fuer-zaunpfosten-65x65x33cm\/","name":"Einschlagbodenh\u00fclse f\u00fcr Zaunpfosten - Stabil und einfach","isPartOf":{"@id":"https:\/\/pavidecor.si\/de\/#website"},"primaryImageOfPage":{"@id":"https:\/\/pavidecor.si\/de\/produkt\/einschlagbodenhuelse-fuer-zaunpfosten-65x65x33cm\/#primaryimage"},"image":{"@id":"https:\/\/pavidecor.si\/de\/produkt\/einschlagbodenhuelse-fuer-zaunpfosten-65x65x33cm\/#primaryimage"},"thumbnailUrl":"https:\/\/pavidecor.si\/wp-content\/uploads\/2023\/01\/1TM__5951a-2-scaled.jpg","datePublished":"2023-01-04T11:03:52+00:00","dateModified":"2026-04-26T16:02:16+00:00","description":"Die Einschlagbodenh\u00fclse wird verwendet, um einen Holzzaun auf einer grasbewachsenen oder sandigen Fl\u00e4che zu errichten. Einfach zu montieren.","breadcrumb":{"@id":"https:\/\/pavidecor.si\/de\/produkt\/einschlagbodenhuelse-fuer-zaunpfosten-65x65x33cm\/#breadcrumb"},"inLanguage":"de","potentialAction":[{"@type":"ReadAction","target":["https:\/\/pavidecor.si\/de\/produkt\/einschlagbodenhuelse-fuer-zaunpfosten-65x65x33cm\/"]}]},{"@type":"ImageObject","inLanguage":"de","@id":"https:\/\/pavidecor.si\/de\/produkt\/einschlagbodenhuelse-fuer-zaunpfosten-65x65x33cm\/#primaryimage","url":"https:\/\/pavidecor.si\/wp-content\/uploads\/2023\/01\/1TM__5951a-2-scaled.jpg","contentUrl":"https:\/\/pavidecor.si\/wp-content\/uploads\/2023\/01\/1TM__5951a-2-scaled.jpg","width":2560,"height":2560,"caption":"PAVI DECOR"},{"@type":"BreadcrumbList","@id":"https:\/\/pavidecor.si\/de\/produkt\/einschlagbodenhuelse-fuer-zaunpfosten-65x65x33cm\/#breadcrumb","itemListElement":[{"@type":"ListItem","position":1,"name":"Domov","item":"https:\/\/pavidecor.si\/de\/"},{"@type":"ListItem","position":2,"name":"Online-Shop","item":"https:\/\/pavidecor.si\/de\/online-shop\/"},{"@type":"ListItem","position":3,"name":"Einschlagbodenh\u00fclse f\u00fcr Zaunpfosten 6,5&#215;6,5x33cm"}]},{"@type":"WebSite","@id":"https:\/\/pavidecor.si\/de\/#website","url":"https:\/\/pavidecor.si\/de\/","name":"Pavi Decor","description":"Leseni unikati ustvarjeni iz ljubezni do lesa in narave.","potentialAction":[{"@type":"SearchAction","target":{"@type":"EntryPoint","urlTemplate":"https:\/\/pavidecor.si\/de\/?s={search_term_string}"},"query-input":{"@type":"PropertyValueSpecification","valueRequired":true,"valueName":"search_term_string"}}],"inLanguage":"de"}]}},"_links":{"self":[{"href":"https:\/\/pavidecor.si\/de\/wp-json\/wp\/v2\/product\/20916","targetHints":{"allow":["GET"]}}],"collection":[{"href":"https:\/\/pavidecor.si\/de\/wp-json\/wp\/v2\/product"}],"about":[{"href":"https:\/\/pavidecor.si\/de\/wp-json\/wp\/v2\/types\/product"}],"replies":[{"embeddable":true,"href":"https:\/\/pavidecor.si\/de\/wp-json\/wp\/v2\/comments?post=20916"}],"wp:featuredmedia":[{"embeddable":true,"href":"https:\/\/pavidecor.si\/de\/wp-json\/wp\/v2\/media\/20918"}],"wp:attachment":[{"href":"https:\/\/pavidecor.si\/de\/wp-json\/wp\/v2\/media?parent=20916"}],"wp:term":[{"taxonomy":"product_brand","embeddable":true,"href":"https:\/\/pavidecor.si\/de\/wp-json\/wp\/v2\/product_brand?post=20916"},{"taxonomy":"product_cat","embeddable":true,"href":"https:\/\/pavidecor.si\/de\/wp-json\/wp\/v2\/product_cat?post=20916"},{"taxonomy":"product_tag","embeddable":true,"href":"https:\/\/pavidecor.si\/de\/wp-json\/wp\/v2\/product_tag?post=20916"}],"curies":[{"name":"wp","href":"https:\/\/api.w.org\/{rel}","templated":true}]}}