	{"id":18805,"date":"2022-08-29T07:43:08","date_gmt":"2022-08-29T07:43:08","guid":{"rendered":"https:\/\/pavidecor.si\/product\/stehendes-dekoratives-segelboot-saint-tropez-48x30x45cm\/"},"modified":"2026-04-24T13:28:56","modified_gmt":"2026-04-24T13:28:56","slug":"stehendes-dekoratives-segelboot-saint-tropez-48x30x45cm","status":"publish","type":"product","link":"https:\/\/pavidecor.si\/de\/produkt\/stehendes-dekoratives-segelboot-saint-tropez-48x30x45cm\/","title":{"rendered":"Stehendes dekoratives Segelboot Saint Tropez 48x30x4,5cm"},"content":{"rendered":"<p>Stehendes dekoratives Segelboot &#8211; Ein wundersch\u00f6nes nautisches Dekor<\/p>\n<p>&nbsp;<\/p>\n<h2><span class=\"odebeljenopis\"><strong><br \/>\nEntdecken Sie die Sch\u00f6nheit der Natur mit unserer einzigartigen stehenden dekorativen Segelyacht von PAVI DECOR aus Ljubljana. Diese handgefertigte Dekoration aus Treibholz und recyceltem Holz bringt maritimes Flair in Ihr Zuhause und weckt Erinnerungen an Sonne, Meer und unvergessliche Urlaube. Jedes St\u00fcck ist ein Unikat, das mit Liebe und Hingabe hergestellt wurde.<\/strong><\/span><\/h2>\n<p>&nbsp;<\/p>\n<div class=\"row\">\n<div class=\"col-sm-6 \" style=\"margin-top: 30px;\"><center><img decoding=\"async\" class=\"lazyload img-responsive\" style=\"margin: 0px auto; max-width: 100%;\" src=\"data:image\/svg+xml,%3Csvg%20xmlns%3D%27http%3A%2F%2Fwww.w3.org%2F2000%2Fsvg%27%20width%3D%272022%27%20height%3D%272022%27%20viewBox%3D%270%200%202022%202022%27%3E%3Crect%20width%3D%272022%27%20height%3D%272022%27%20fill-opacity%3D%220%22%2F%3E%3C%2Fsvg%3E\" data-orig-src=\"https:\/\/pavidecor.si\/wp-content\/uploads\/2022\/08\/1IMG_6828-2.jpg\" \/><\/center><\/div>\n<div class=\"col-sm-6\" style=\"margin-top: 40px;\">\n<p>&nbsp;<\/p>\n<h3>Einzigartige Handwerkskunst<\/h3>\n<p>Unser stehendes dekoratives Segelboot ist nicht nur ein einfacher Dekorationsartikel, sondern ein wahres Kunstwerk. <b>Jede Segelboot wird von Hand gefertigt<\/b>, wobei wir traditionelle Techniken verwenden, die von alten Meistern inspiriert sind. Die Verbindung der Holzst\u00fccke erfolgt auf eine Weise, die die Authentizit\u00e4t und den Charakter jedes einzelnen St\u00fccks unterstreicht. Diese sorgf\u00e4ltige Handarbeit sorgt daf\u00fcr, dass jedes Segelboot ein einzigartiges Aussehen hat und sich perfekt in jede Einrichtung einf\u00fcgt.<\/p>\n<p>Die Verwendung von <b>recyceltem Holz<\/b> und Treibholz macht unsere Produkte nicht nur umweltfreundlich, sondern verleiht ihnen auch eine besondere Note. Jedes St\u00fcck Holz erz\u00e4hlt seine eigene Geschichte, und wir sind stolz darauf, diese Geschichten in unsere Designs zu integrieren. Die Segel aus transparenter Baumwollstoff und die metallischen F\u00fc\u00dfe runden das Gesamtbild ab und machen das Segelboot zu einem echten Blickfang in jedem Raum.<\/p>\n<p>&nbsp;<\/p>\n<\/div>\n<\/div>\n<div class=\"row\">\n<div class=\"col-sm-6 col-sm-push-6\" style=\"margin-top: 30px;\"><center><img decoding=\"async\" class=\"lazyload img-responsive\" style=\"margin: 0px auto; max-width: 100%;\" src=\"data:image\/svg+xml,%3Csvg%20xmlns%3D%27http%3A%2F%2Fwww.w3.org%2F2000%2Fsvg%27%20width%3D%272560%27%20height%3D%272560%27%20viewBox%3D%270%200%202560%202560%27%3E%3Crect%20width%3D%272560%27%20height%3D%272560%27%20fill-opacity%3D%220%22%2F%3E%3C%2Fsvg%3E\" data-orig-src=\" https:\/\/pavidecor.si\/wp-content\/uploads\/2022\/08\/2IMG_6832-2-scaled.jpg\" \/><\/center><\/div>\n<div class=\"col-sm-6 col-sm-pull-6\" style=\"margin-top: 40px;\">\n<p>&nbsp;<\/p>\n<h3>Maritimes Flair f\u00fcr Ihr Zuhause<\/h3>\n<p>Das stehendes dekoratives Segelboot ist mehr als nur ein Dekorationsobjekt. Es bringt das Gef\u00fchl von Freiheit und Abenteuer in Ihr Zuhause. Die Form des Bootes erinnert an traditionelle Fischerboote und weckt Erinnerungen an entspannte Tage auf See. Ob im Wohnzimmer, im B\u00fcro oder im Garten \u2013 dieses Segelboot ist die perfekte Erg\u00e4nzung f\u00fcr jeden Raum.<\/p>\n<p>Durch die M\u00f6glichkeit, einen Namen oder eine Registrierung auf die Yacht zu drucken, wird sie zu einem ganz besonderen Geschenk oder Mitbringsel. Stellen Sie sich vor, wie Ihre Freunde und Familie auf diese einzigartige Dekoration reagieren werden, die nicht nur sch\u00f6n aussieht, sondern auch eine pers\u00f6nliche Note hat. Unser Holzsegelboot ist ideal f\u00fcr maritime Liebhaber und alle, die das Meer in ihr Zuhause bringen m\u00f6chten.<\/p>\n<p>&nbsp;<\/p>\n<\/div>\n<\/div>\n<div class=\"row\">\n<div class=\"col-sm-6\" style=\"margin-top: 30px;\"><center><img decoding=\"async\" class=\"lazyload img-responsive\" style=\"margin: 0px auto; max-width: 100%;\" src=\"data:image\/svg+xml,%3Csvg%20xmlns%3D%27http%3A%2F%2Fwww.w3.org%2F2000%2Fsvg%27%20width%3D%272560%27%20height%3D%272560%27%20viewBox%3D%270%200%202560%202560%27%3E%3Crect%20width%3D%272560%27%20height%3D%272560%27%20fill-opacity%3D%220%22%2F%3E%3C%2Fsvg%3E\" data-orig-src=\" https:\/\/pavidecor.si\/wp-content\/uploads\/2022\/08\/3IMG_6833-2-scaled.jpg\" \/><\/center><\/div>\n<div class=\"col-sm-6\" style=\"margin-top: 40px;\">\n<p>&nbsp;<\/p>\n<h3>Produktdetails<\/h3>\n<p>Das stehende dekorative Segelboot ist aus Treibholz und recyceltes Holz gefertigt und verf\u00fcgt \u00fcber Segel aus transparentem Baumwollstoff, die mit einem Schriftzug versehen sind. Die F\u00fc\u00dfe sind aus Metall, und am oberen Ende des Mastes befindet sich eine kleine Flagge. Diese Segelyacht ist ein wundersch\u00f6ner nautischer Dekorationsartikel, der immer Erinnerungen an das Meer, die Sonne, den Wind und den Urlaub weckt.<\/p>\n<p>Jedes Segelboot ist handgemacht und gef\u00e4rbt, was sie zu einem Unikat macht. Einige unserer Segelboote k\u00f6nnen Sie auch als Teil unserer <a href=\"https:\/\/pavidecor.si\/de\/projects\/strandbar\/\"><strong><span style=\"color: #3366ff;\">Strandbar<\/span><\/strong><\/a> sehen. Bei PAVI DECOR legen wir gro\u00dfen Wert auf die Liebe zum Holz und zur Natur, und das spiegelt sich in jedem unserer Produkte wider. Besuchen Sie uns in Ljubljana und entdecken Sie die Vielfalt unserer einzigartigen Holzprodukte.<\/p>\n<\/div>\n<\/div>\n<p>&nbsp;<\/p>\n","protected":false},"excerpt":{"rendered":"<p><strong><span style=\"color: #c4963c;\">\u2192 Handgefertigt<\/span><\/strong><strong><span style=\"color: #c4963c;\"><br \/>\n<\/span><span style=\"color: #c4963c;\">\u2192 Einzigartig<\/span><\/strong><\/p>\n","protected":false},"featured_media":18806,"comment_status":"open","ping_status":"closed","template":"","meta":[],"product_brand":[],"product_cat":[338],"product_tag":[216],"class_list":{"0":"post-18805","1":"product","2":"type-product","3":"status-publish","4":"has-post-thumbnail","6":"product_cat-boote","7":"product_tag-neu","9":"first","10":"instock","11":"sold-individually","12":"taxable","13":"shipping-taxable","14":"purchasable","15":"product-type-simple"},"yoast_head":"<!-- This site is optimized with the Yoast SEO plugin v27.2 - https:\/\/yoast.com\/product\/yoast-seo-wordpress\/ -->\n<title>Stehendes dekoratives Segelboot - Wundersch\u00f6nes Dekor<\/title>\n<meta name=\"description\" content=\"Ein stehendes dekoratives Segelboot ist ein wundersch\u00f6nes nautisches Dekor aus Treibholz und recyceltem Holz. Er hat Baumwollsegel und eine Flagge.\" \/>\n<meta name=\"robots\" content=\"index, follow, max-snippet:-1, max-image-preview:large, max-video-preview:-1\" \/>\n<link rel=\"canonical\" href=\"https:\/\/pavidecor.si\/de\/produkt\/stehendes-dekoratives-segelboot-saint-tropez-48x30x45cm\/\" \/>\n<meta property=\"og:locale\" content=\"de_DE\" \/>\n<meta property=\"og:type\" content=\"article\" \/>\n<meta property=\"og:title\" content=\"Stehendes dekoratives Segelboot - Wundersch\u00f6nes Dekor\" \/>\n<meta property=\"og:description\" content=\"Ein stehendes dekoratives Segelboot ist ein wundersch\u00f6nes nautisches Dekor aus Treibholz und recyceltem Holz. Er hat Baumwollsegel und eine Flagge.\" \/>\n<meta property=\"og:url\" content=\"https:\/\/pavidecor.si\/de\/produkt\/stehendes-dekoratives-segelboot-saint-tropez-48x30x45cm\/\" \/>\n<meta property=\"og:site_name\" content=\"Pavi Decor\" \/>\n<meta property=\"article:modified_time\" content=\"2026-04-24T13:28:56+00:00\" \/>\n<meta property=\"og:image\" content=\"https:\/\/pavidecor.si\/wp-content\/uploads\/2022\/08\/1IMG_6828-2.jpg\" \/>\n\t<meta property=\"og:image:width\" content=\"2022\" \/>\n\t<meta property=\"og:image:height\" content=\"2022\" \/>\n\t<meta property=\"og:image:type\" content=\"image\/jpeg\" \/>\n<meta name=\"twitter:card\" content=\"summary_large_image\" \/>\n<meta name=\"twitter:label1\" content=\"Gesch\u00e4tzte Lesezeit\" \/>\n\t<meta name=\"twitter:data1\" content=\"4\u00a0Minuten\" \/>\n<script type=\"application\/ld+json\" class=\"yoast-schema-graph\">{\"@context\":\"https:\/\/schema.org\",\"@graph\":[{\"@type\":\"WebPage\",\"@id\":\"https:\/\/pavidecor.si\/de\/produkt\/stehendes-dekoratives-segelboot-saint-tropez-48x30x45cm\/\",\"url\":\"https:\/\/pavidecor.si\/de\/produkt\/stehendes-dekoratives-segelboot-saint-tropez-48x30x45cm\/\",\"name\":\"Stehendes dekoratives Segelboot - Wundersch\u00f6nes Dekor\",\"isPartOf\":{\"@id\":\"https:\/\/pavidecor.si\/de\/#website\"},\"primaryImageOfPage\":{\"@id\":\"https:\/\/pavidecor.si\/de\/produkt\/stehendes-dekoratives-segelboot-saint-tropez-48x30x45cm\/#primaryimage\"},\"image\":{\"@id\":\"https:\/\/pavidecor.si\/de\/produkt\/stehendes-dekoratives-segelboot-saint-tropez-48x30x45cm\/#primaryimage\"},\"thumbnailUrl\":\"https:\/\/pavidecor.si\/wp-content\/uploads\/2022\/08\/1IMG_6828-2.jpg\",\"datePublished\":\"2022-08-29T07:43:08+00:00\",\"dateModified\":\"2026-04-24T13:28:56+00:00\",\"description\":\"Ein stehendes dekoratives Segelboot ist ein wundersch\u00f6nes nautisches Dekor aus Treibholz und recyceltem Holz. Er hat Baumwollsegel und eine Flagge.\",\"breadcrumb\":{\"@id\":\"https:\/\/pavidecor.si\/de\/produkt\/stehendes-dekoratives-segelboot-saint-tropez-48x30x45cm\/#breadcrumb\"},\"inLanguage\":\"de\",\"potentialAction\":[{\"@type\":\"ReadAction\",\"target\":[\"https:\/\/pavidecor.si\/de\/produkt\/stehendes-dekoratives-segelboot-saint-tropez-48x30x45cm\/\"]}]},{\"@type\":\"ImageObject\",\"inLanguage\":\"de\",\"@id\":\"https:\/\/pavidecor.si\/de\/produkt\/stehendes-dekoratives-segelboot-saint-tropez-48x30x45cm\/#primaryimage\",\"url\":\"https:\/\/pavidecor.si\/wp-content\/uploads\/2022\/08\/1IMG_6828-2.jpg\",\"contentUrl\":\"https:\/\/pavidecor.si\/wp-content\/uploads\/2022\/08\/1IMG_6828-2.jpg\",\"width\":2022,\"height\":2022,\"caption\":\"PAVI DECOR\"},{\"@type\":\"BreadcrumbList\",\"@id\":\"https:\/\/pavidecor.si\/de\/produkt\/stehendes-dekoratives-segelboot-saint-tropez-48x30x45cm\/#breadcrumb\",\"itemListElement\":[{\"@type\":\"ListItem\",\"position\":1,\"name\":\"Domov\",\"item\":\"https:\/\/pavidecor.si\/de\/\"},{\"@type\":\"ListItem\",\"position\":2,\"name\":\"Online-Shop\",\"item\":\"https:\/\/pavidecor.si\/de\/online-shop\/\"},{\"@type\":\"ListItem\",\"position\":3,\"name\":\"Stehendes dekoratives Segelboot Saint Tropez 48x30x4,5cm\"}]},{\"@type\":\"WebSite\",\"@id\":\"https:\/\/pavidecor.si\/de\/#website\",\"url\":\"https:\/\/pavidecor.si\/de\/\",\"name\":\"Pavi Decor\",\"description\":\"Leseni unikati ustvarjeni iz ljubezni do lesa in narave.\",\"potentialAction\":[{\"@type\":\"SearchAction\",\"target\":{\"@type\":\"EntryPoint\",\"urlTemplate\":\"https:\/\/pavidecor.si\/de\/?s={search_term_string}\"},\"query-input\":{\"@type\":\"PropertyValueSpecification\",\"valueRequired\":true,\"valueName\":\"search_term_string\"}}],\"inLanguage\":\"de\"}]}<\/script>\n<!-- \/ Yoast SEO plugin. -->","yoast_head_json":{"title":"Stehendes dekoratives Segelboot - Wundersch\u00f6nes Dekor","description":"Ein stehendes dekoratives Segelboot ist ein wundersch\u00f6nes nautisches Dekor aus Treibholz und recyceltem Holz. Er hat Baumwollsegel und eine Flagge.","robots":{"index":"index","follow":"follow","max-snippet":"max-snippet:-1","max-image-preview":"max-image-preview:large","max-video-preview":"max-video-preview:-1"},"canonical":"https:\/\/pavidecor.si\/de\/produkt\/stehendes-dekoratives-segelboot-saint-tropez-48x30x45cm\/","og_locale":"de_DE","og_type":"article","og_title":"Stehendes dekoratives Segelboot - Wundersch\u00f6nes Dekor","og_description":"Ein stehendes dekoratives Segelboot ist ein wundersch\u00f6nes nautisches Dekor aus Treibholz und recyceltem Holz. Er hat Baumwollsegel und eine Flagge.","og_url":"https:\/\/pavidecor.si\/de\/produkt\/stehendes-dekoratives-segelboot-saint-tropez-48x30x45cm\/","og_site_name":"Pavi Decor","article_modified_time":"2026-04-24T13:28:56+00:00","og_image":[{"width":2022,"height":2022,"url":"https:\/\/pavidecor.si\/wp-content\/uploads\/2022\/08\/1IMG_6828-2.jpg","type":"image\/jpeg"}],"twitter_card":"summary_large_image","twitter_misc":{"Gesch\u00e4tzte Lesezeit":"4\u00a0Minuten"},"schema":{"@context":"https:\/\/schema.org","@graph":[{"@type":"WebPage","@id":"https:\/\/pavidecor.si\/de\/produkt\/stehendes-dekoratives-segelboot-saint-tropez-48x30x45cm\/","url":"https:\/\/pavidecor.si\/de\/produkt\/stehendes-dekoratives-segelboot-saint-tropez-48x30x45cm\/","name":"Stehendes dekoratives Segelboot - Wundersch\u00f6nes Dekor","isPartOf":{"@id":"https:\/\/pavidecor.si\/de\/#website"},"primaryImageOfPage":{"@id":"https:\/\/pavidecor.si\/de\/produkt\/stehendes-dekoratives-segelboot-saint-tropez-48x30x45cm\/#primaryimage"},"image":{"@id":"https:\/\/pavidecor.si\/de\/produkt\/stehendes-dekoratives-segelboot-saint-tropez-48x30x45cm\/#primaryimage"},"thumbnailUrl":"https:\/\/pavidecor.si\/wp-content\/uploads\/2022\/08\/1IMG_6828-2.jpg","datePublished":"2022-08-29T07:43:08+00:00","dateModified":"2026-04-24T13:28:56+00:00","description":"Ein stehendes dekoratives Segelboot ist ein wundersch\u00f6nes nautisches Dekor aus Treibholz und recyceltem Holz. Er hat Baumwollsegel und eine Flagge.","breadcrumb":{"@id":"https:\/\/pavidecor.si\/de\/produkt\/stehendes-dekoratives-segelboot-saint-tropez-48x30x45cm\/#breadcrumb"},"inLanguage":"de","potentialAction":[{"@type":"ReadAction","target":["https:\/\/pavidecor.si\/de\/produkt\/stehendes-dekoratives-segelboot-saint-tropez-48x30x45cm\/"]}]},{"@type":"ImageObject","inLanguage":"de","@id":"https:\/\/pavidecor.si\/de\/produkt\/stehendes-dekoratives-segelboot-saint-tropez-48x30x45cm\/#primaryimage","url":"https:\/\/pavidecor.si\/wp-content\/uploads\/2022\/08\/1IMG_6828-2.jpg","contentUrl":"https:\/\/pavidecor.si\/wp-content\/uploads\/2022\/08\/1IMG_6828-2.jpg","width":2022,"height":2022,"caption":"PAVI DECOR"},{"@type":"BreadcrumbList","@id":"https:\/\/pavidecor.si\/de\/produkt\/stehendes-dekoratives-segelboot-saint-tropez-48x30x45cm\/#breadcrumb","itemListElement":[{"@type":"ListItem","position":1,"name":"Domov","item":"https:\/\/pavidecor.si\/de\/"},{"@type":"ListItem","position":2,"name":"Online-Shop","item":"https:\/\/pavidecor.si\/de\/online-shop\/"},{"@type":"ListItem","position":3,"name":"Stehendes dekoratives Segelboot Saint Tropez 48x30x4,5cm"}]},{"@type":"WebSite","@id":"https:\/\/pavidecor.si\/de\/#website","url":"https:\/\/pavidecor.si\/de\/","name":"Pavi Decor","description":"Leseni unikati ustvarjeni iz ljubezni do lesa in narave.","potentialAction":[{"@type":"SearchAction","target":{"@type":"EntryPoint","urlTemplate":"https:\/\/pavidecor.si\/de\/?s={search_term_string}"},"query-input":{"@type":"PropertyValueSpecification","valueRequired":true,"valueName":"search_term_string"}}],"inLanguage":"de"}]}},"_links":{"self":[{"href":"https:\/\/pavidecor.si\/de\/wp-json\/wp\/v2\/product\/18805","targetHints":{"allow":["GET"]}}],"collection":[{"href":"https:\/\/pavidecor.si\/de\/wp-json\/wp\/v2\/product"}],"about":[{"href":"https:\/\/pavidecor.si\/de\/wp-json\/wp\/v2\/types\/product"}],"replies":[{"embeddable":true,"href":"https:\/\/pavidecor.si\/de\/wp-json\/wp\/v2\/comments?post=18805"}],"wp:featuredmedia":[{"embeddable":true,"href":"https:\/\/pavidecor.si\/de\/wp-json\/wp\/v2\/media\/18806"}],"wp:attachment":[{"href":"https:\/\/pavidecor.si\/de\/wp-json\/wp\/v2\/media?parent=18805"}],"wp:term":[{"taxonomy":"product_brand","embeddable":true,"href":"https:\/\/pavidecor.si\/de\/wp-json\/wp\/v2\/product_brand?post=18805"},{"taxonomy":"product_cat","embeddable":true,"href":"https:\/\/pavidecor.si\/de\/wp-json\/wp\/v2\/product_cat?post=18805"},{"taxonomy":"product_tag","embeddable":true,"href":"https:\/\/pavidecor.si\/de\/wp-json\/wp\/v2\/product_tag?post=18805"}],"curies":[{"name":"wp","href":"https:\/\/api.w.org\/{rel}","templated":true}]}}