	{"id":18255,"date":"2022-10-21T10:29:51","date_gmt":"2022-10-21T10:29:51","guid":{"rendered":"https:\/\/pavidecor.si\/product\/kerzenstaender-aus-holz-palette-holz-105x785cm\/"},"modified":"2026-04-25T00:03:20","modified_gmt":"2026-04-25T00:03:20","slug":"kerzenstaender-aus-holz-palette-holz-105x785cm","status":"publish","type":"product","link":"https:\/\/pavidecor.si\/de\/produkt\/kerzenstaender-aus-holz-palette-holz-105x785cm\/","title":{"rendered":"Kerzenst\u00e4nder aus Holz Palette Holz 10,5&#215;7,8,5cm"},"content":{"rendered":"<p><span class=\"prvimanjsinaslovopis\"><br \/>\nLesen sve\u010dnik iz paletnega lesa \u2013 Ustvarite edinstveno vzdu\u0161je<\/p>\n<p><\/span><\/p>\n<h2><span class=\"odebeljenopis\"><strong><br \/>\nOdkrijte na\u0161 lesen sve\u010dnik iz paletnega lesa, ki domiselno vdihne novo \u017eivljenje odslu\u017eenim paletam. Ta izdelek zdru\u017euje rustikalnost in industrijski izgled, kar ga naredi popoln dodatek za vsak prostor v va\u0161em domu ali na delovnem mestu. U\u017eivajte v edinstvenem vzdu\u0161ju, ki ga prina\u0161a.<\/p>\n<p><\/strong><\/span><\/h2>\n<\/p>\n<div class=\"row\">\n<div class=\"col-sm-6 \" style=\"margin-top: 30px;\"><center><img decoding=\"async\" src=\"data:image\/svg+xml,%3Csvg%20xmlns%3D%27http%3A%2F%2Fwww.w3.org%2F2000%2Fsvg%27%20width%3D%272207%27%20height%3D%272207%27%20viewBox%3D%270%200%202207%202207%27%3E%3Crect%20width%3D%272207%27%20height%3D%272207%27%20fill-opacity%3D%220%22%2F%3E%3C%2Fsvg%3E\" data-orig-src=\"https:\/\/pavidecor.si\/wp-content\/uploads\/2022\/10\/1IMG_7265-2.jpg\" class=\"lazyload img-responsive\" style=\"margin: 0px auto;max-width:100%;\"  \/><\/center><\/div>\n<div class=\"col-sm-6\" style=\"margin-top:40px;\">\n<p><span style=\"color: #000000;\">  <\/p>\n<h3>Unikatna ro\u010dna izdelava<\/h3>\n<p>Na\u0161a trgovina PAVIDECOR iz Ljubljane se pona\u0161a z ljubeznijo do lesa in narave, kar se odra\u017ea v vsakem na\u0161em izdelku. <b>Lesen sve\u010dnik iz paletnega lesa<\/b> je rezultat na\u0161e strasti do oblikovanja in izdelave unikatnih kosov. Vsak sve\u010dnik je ro\u010dno obdelan, kar pomeni, da je vsak izdelek edinstven in ima svoj zna\u010daj. Na\u0161a tehnika spajanja lesenih delov temelji na tradicionalnih metodah, ki so jih uporabljali stari mojstri. Ta pristop zagotavlja, da so na\u0161i izdelki ne le estetsko privla\u010dni, temve\u010d tudi trpe\u017eni in funkcionalni. <\/p>\n<p>Z uporabo odslu\u017eenih palet ustvarjamo sve\u010dnike, ki ne le da izgledajo odli\u010dno, temve\u010d tudi pripovedujejo zgodbo o trajnosti in spo\u0161tovanju narave. Na\u0161i izdelki so plod lastnega znanja in ustvarjalnosti, kar pomeni, da lahko z gotovostjo trdimo, da so vsi na\u0161i sve\u010dniki izdelani v Sloveniji. <\/p>\n<p><\/span><\/p>\n<\/div>\n<\/div>\n<div class=\"row\">\n<div class=\"col-sm-6 col-sm-push-6\" style=\"margin-top: 30px;\"><center><img decoding=\"async\" src=\"data:image\/svg+xml,%3Csvg%20xmlns%3D%27http%3A%2F%2Fwww.w3.org%2F2000%2Fsvg%27%20width%3D%272174%27%20height%3D%272174%27%20viewBox%3D%270%200%202174%202174%27%3E%3Crect%20width%3D%272174%27%20height%3D%272174%27%20fill-opacity%3D%220%22%2F%3E%3C%2Fsvg%3E\" data-orig-src=\" https:\/\/pavidecor.si\/wp-content\/uploads\/2022\/10\/2IMG_7266-2.jpg\" class=\"lazyload img-responsive\" style=\"margin: 0px auto;max-width:100%;\"  \/><\/center><\/div>\n<div class=\"col-sm-6 col-sm-pull-6\" style=\"margin-top:40px;\">\n<p><span style=\"color: #000000;\">  <\/p>\n<h3>Rustikalni in industrijski dizajn<\/h3>\n<p>Lesen sve\u010dnik iz paletnega lesa prina\u0161a edinstven spoj rustikalnega in industrijskega dizajna. Njegov videz je idealen za ustvarjanje prijetnega vzdu\u0161ja v vsakem prostoru. Ne glede na to, ali ga postavite v dnevno sobo, kuhinjo ali pisarno, bo ta sve\u010dnik zagotovo pritegnil pozornost. <b>Rustikalni pridih<\/b> sve\u010dnika ga naredi popolnega za prazni\u010dne dekoracije, saj se lepo poda k bo\u017ei\u010dnim jelkam in drugim prazni\u010dnim okrasjem. <\/p>\n<p>Z njim lahko enostavno pri\u010darate malce druga\u010dno vzdu\u0161je, ki bo navdu\u0161ilo va\u0161e goste. Poleg tega je sve\u010dnik primeren tudi za izlo\u017ebe lokalov, kjer lahko pritegne pozornost mimoido\u010dih. Njegova vsestranskost in edinstvenost sta klju\u010dni prednosti, ki ju ponujamo na\u0161im strankam.<\/p>\n<p><\/span><\/p>\n<\/div>\n<\/div>\n<div class=\"row\">\n<div class=\"col-sm-6\" style=\"margin-top: 30px;\"><center><img decoding=\"async\" src=\"data:image\/svg+xml,%3Csvg%20xmlns%3D%27http%3A%2F%2Fwww.w3.org%2F2000%2Fsvg%27%20width%3D%271945%27%20height%3D%271944%27%20viewBox%3D%270%200%201945%201944%27%3E%3Crect%20width%3D%271945%27%20height%3D%271944%27%20fill-opacity%3D%220%22%2F%3E%3C%2Fsvg%3E\" data-orig-src=\" https:\/\/pavidecor.si\/wp-content\/uploads\/2022\/10\/3IMG_7271-2.jpg\" class=\"lazyload img-responsive\" style=\"margin: 0px auto;max-width:100%;\"  \/><\/center><\/div>\n<div class=\"col-sm-6\" style=\"margin-top:40px;\">\n<p><span style=\"color: #000000;\">  <\/p>\n<h3>Podrobnosti o izdelku<\/h3>\n<p>Lesen sve\u010dnik iz paletnega lesa je ro\u010dno izdelan in vsak kos je unikaten. Njegove dimenzije so 20 cm x 10 cm x 10 cm, kar ga naredi idealnega za razli\u010dne vrste sve\u010d. <b>Posebno primerni<\/b> so za dekoracijo v prazni\u010dnih dneh, saj lahko ustvarite \u010darobno vzdu\u0161je. Sve\u010dka se lahko postavi samostojno ali v \u0161opku zraven na\u0161e novoletne jelke. <\/p>\n<p>Zaradi svoje edinstvene zasnove in ro\u010dne izdelave je vsak sve\u010dnik prav poseben kos, ki ga lahko ponosno razstavite v svojem domu ali ga podarite kot darilo. Na\u0161a zaveza k kakovosti in trajnosti se odra\u017ea v vsakem izdelku, ki ga ustvarimo. <\/p>\n<p><\/span><\/p>\n<\/div>\n<\/div>\n<p><\/p>\n","protected":false},"excerpt":{"rendered":"<p><strong><span style=\"color: #c4963c;\">\u2192 Handwerk<br \/>\n<\/span><span style=\"color: #c4963c;\">\u2192 Einzigartig<\/span><\/strong><\/p>\n","protected":false},"featured_media":18261,"comment_status":"open","ping_status":"closed","template":"","meta":[],"product_brand":[],"product_cat":[348],"product_tag":[216],"class_list":{"0":"post-18255","1":"product","2":"type-product","3":"status-publish","4":"has-post-thumbnail","6":"product_cat-kerzenstander","7":"product_tag-neu","9":"first","10":"instock","11":"taxable","12":"shipping-taxable","13":"purchasable","14":"product-type-simple"},"yoast_head":"<!-- This site is optimized with the Yoast SEO plugin v27.2 - https:\/\/yoast.com\/product\/yoast-seo-wordpress\/ -->\n<title>Unikatni lesen sve\u010dnik iz paletnega lesa - PAVIDECOR<\/title>\n<meta name=\"description\" content=\"Der Kerzenst\u00e4nder aus Holz aus Holz haucht den gebrauchten Paletten fantasievoll neues Leben ein. Es hat einen Hauch von Rustikalit\u00e4t und gleichzeitig einen industriellen Look. Einzigartig.\" \/>\n<meta name=\"robots\" content=\"index, follow, max-snippet:-1, max-image-preview:large, max-video-preview:-1\" \/>\n<link rel=\"canonical\" href=\"https:\/\/pavidecor.si\/de\/produkt\/kerzenstaender-aus-holz-palette-holz-105x785cm\/\" \/>\n<meta property=\"og:locale\" content=\"de_DE\" \/>\n<meta property=\"og:type\" content=\"article\" \/>\n<meta property=\"og:title\" content=\"Unikatni lesen sve\u010dnik iz paletnega lesa - PAVIDECOR\" \/>\n<meta property=\"og:description\" content=\"Der Kerzenst\u00e4nder aus Holz aus Holz haucht den gebrauchten Paletten fantasievoll neues Leben ein. Es hat einen Hauch von Rustikalit\u00e4t und gleichzeitig einen industriellen Look. Einzigartig.\" \/>\n<meta property=\"og:url\" content=\"https:\/\/pavidecor.si\/de\/produkt\/kerzenstaender-aus-holz-palette-holz-105x785cm\/\" \/>\n<meta property=\"og:site_name\" content=\"Pavi Decor\" \/>\n<meta property=\"article:modified_time\" content=\"2026-04-25T00:03:20+00:00\" \/>\n<meta property=\"og:image\" content=\"https:\/\/pavidecor.si\/wp-content\/uploads\/2022\/10\/1IMG_7265-2.jpg\" \/>\n\t<meta property=\"og:image:width\" content=\"2207\" \/>\n\t<meta property=\"og:image:height\" content=\"2207\" \/>\n\t<meta property=\"og:image:type\" content=\"image\/jpeg\" \/>\n<meta name=\"twitter:card\" content=\"summary_large_image\" \/>\n<meta name=\"twitter:label1\" content=\"Gesch\u00e4tzte Lesezeit\" \/>\n\t<meta name=\"twitter:data1\" content=\"2\u00a0Minuten\" \/>\n<script type=\"application\/ld+json\" class=\"yoast-schema-graph\">{\"@context\":\"https:\/\/schema.org\",\"@graph\":[{\"@type\":\"WebPage\",\"@id\":\"https:\/\/pavidecor.si\/de\/produkt\/kerzenstaender-aus-holz-palette-holz-105x785cm\/\",\"url\":\"https:\/\/pavidecor.si\/de\/produkt\/kerzenstaender-aus-holz-palette-holz-105x785cm\/\",\"name\":\"Unikatni lesen sve\u010dnik iz paletnega lesa - PAVIDECOR\",\"isPartOf\":{\"@id\":\"https:\/\/pavidecor.si\/de\/#website\"},\"primaryImageOfPage\":{\"@id\":\"https:\/\/pavidecor.si\/de\/produkt\/kerzenstaender-aus-holz-palette-holz-105x785cm\/#primaryimage\"},\"image\":{\"@id\":\"https:\/\/pavidecor.si\/de\/produkt\/kerzenstaender-aus-holz-palette-holz-105x785cm\/#primaryimage\"},\"thumbnailUrl\":\"https:\/\/pavidecor.si\/wp-content\/uploads\/2022\/10\/1IMG_7265-2.jpg\",\"datePublished\":\"2022-10-21T10:29:51+00:00\",\"dateModified\":\"2026-04-25T00:03:20+00:00\",\"description\":\"Der Kerzenst\u00e4nder aus Holz aus Holz haucht den gebrauchten Paletten fantasievoll neues Leben ein. Es hat einen Hauch von Rustikalit\u00e4t und gleichzeitig einen industriellen Look. Einzigartig.\",\"breadcrumb\":{\"@id\":\"https:\/\/pavidecor.si\/de\/produkt\/kerzenstaender-aus-holz-palette-holz-105x785cm\/#breadcrumb\"},\"inLanguage\":\"de\",\"potentialAction\":[{\"@type\":\"ReadAction\",\"target\":[\"https:\/\/pavidecor.si\/de\/produkt\/kerzenstaender-aus-holz-palette-holz-105x785cm\/\"]}]},{\"@type\":\"ImageObject\",\"inLanguage\":\"de\",\"@id\":\"https:\/\/pavidecor.si\/de\/produkt\/kerzenstaender-aus-holz-palette-holz-105x785cm\/#primaryimage\",\"url\":\"https:\/\/pavidecor.si\/wp-content\/uploads\/2022\/10\/1IMG_7265-2.jpg\",\"contentUrl\":\"https:\/\/pavidecor.si\/wp-content\/uploads\/2022\/10\/1IMG_7265-2.jpg\",\"width\":2207,\"height\":2207,\"caption\":\"PAVI DECOR\"},{\"@type\":\"BreadcrumbList\",\"@id\":\"https:\/\/pavidecor.si\/de\/produkt\/kerzenstaender-aus-holz-palette-holz-105x785cm\/#breadcrumb\",\"itemListElement\":[{\"@type\":\"ListItem\",\"position\":1,\"name\":\"Domov\",\"item\":\"https:\/\/pavidecor.si\/de\/\"},{\"@type\":\"ListItem\",\"position\":2,\"name\":\"Online-Shop\",\"item\":\"https:\/\/pavidecor.si\/de\/online-shop\/\"},{\"@type\":\"ListItem\",\"position\":3,\"name\":\"Kerzenst\u00e4nder aus Holz Palette Holz 10,5&#215;7,8,5cm\"}]},{\"@type\":\"WebSite\",\"@id\":\"https:\/\/pavidecor.si\/de\/#website\",\"url\":\"https:\/\/pavidecor.si\/de\/\",\"name\":\"Pavi Decor\",\"description\":\"Leseni unikati ustvarjeni iz ljubezni do lesa in narave.\",\"potentialAction\":[{\"@type\":\"SearchAction\",\"target\":{\"@type\":\"EntryPoint\",\"urlTemplate\":\"https:\/\/pavidecor.si\/de\/?s={search_term_string}\"},\"query-input\":{\"@type\":\"PropertyValueSpecification\",\"valueRequired\":true,\"valueName\":\"search_term_string\"}}],\"inLanguage\":\"de\"}]}<\/script>\n<!-- \/ Yoast SEO plugin. -->","yoast_head_json":{"title":"Unikatni lesen sve\u010dnik iz paletnega lesa - PAVIDECOR","description":"Der Kerzenst\u00e4nder aus Holz aus Holz haucht den gebrauchten Paletten fantasievoll neues Leben ein. Es hat einen Hauch von Rustikalit\u00e4t und gleichzeitig einen industriellen Look. Einzigartig.","robots":{"index":"index","follow":"follow","max-snippet":"max-snippet:-1","max-image-preview":"max-image-preview:large","max-video-preview":"max-video-preview:-1"},"canonical":"https:\/\/pavidecor.si\/de\/produkt\/kerzenstaender-aus-holz-palette-holz-105x785cm\/","og_locale":"de_DE","og_type":"article","og_title":"Unikatni lesen sve\u010dnik iz paletnega lesa - PAVIDECOR","og_description":"Der Kerzenst\u00e4nder aus Holz aus Holz haucht den gebrauchten Paletten fantasievoll neues Leben ein. Es hat einen Hauch von Rustikalit\u00e4t und gleichzeitig einen industriellen Look. Einzigartig.","og_url":"https:\/\/pavidecor.si\/de\/produkt\/kerzenstaender-aus-holz-palette-holz-105x785cm\/","og_site_name":"Pavi Decor","article_modified_time":"2026-04-25T00:03:20+00:00","og_image":[{"width":2207,"height":2207,"url":"https:\/\/pavidecor.si\/wp-content\/uploads\/2022\/10\/1IMG_7265-2.jpg","type":"image\/jpeg"}],"twitter_card":"summary_large_image","twitter_misc":{"Gesch\u00e4tzte Lesezeit":"2\u00a0Minuten"},"schema":{"@context":"https:\/\/schema.org","@graph":[{"@type":"WebPage","@id":"https:\/\/pavidecor.si\/de\/produkt\/kerzenstaender-aus-holz-palette-holz-105x785cm\/","url":"https:\/\/pavidecor.si\/de\/produkt\/kerzenstaender-aus-holz-palette-holz-105x785cm\/","name":"Unikatni lesen sve\u010dnik iz paletnega lesa - PAVIDECOR","isPartOf":{"@id":"https:\/\/pavidecor.si\/de\/#website"},"primaryImageOfPage":{"@id":"https:\/\/pavidecor.si\/de\/produkt\/kerzenstaender-aus-holz-palette-holz-105x785cm\/#primaryimage"},"image":{"@id":"https:\/\/pavidecor.si\/de\/produkt\/kerzenstaender-aus-holz-palette-holz-105x785cm\/#primaryimage"},"thumbnailUrl":"https:\/\/pavidecor.si\/wp-content\/uploads\/2022\/10\/1IMG_7265-2.jpg","datePublished":"2022-10-21T10:29:51+00:00","dateModified":"2026-04-25T00:03:20+00:00","description":"Der Kerzenst\u00e4nder aus Holz aus Holz haucht den gebrauchten Paletten fantasievoll neues Leben ein. Es hat einen Hauch von Rustikalit\u00e4t und gleichzeitig einen industriellen Look. Einzigartig.","breadcrumb":{"@id":"https:\/\/pavidecor.si\/de\/produkt\/kerzenstaender-aus-holz-palette-holz-105x785cm\/#breadcrumb"},"inLanguage":"de","potentialAction":[{"@type":"ReadAction","target":["https:\/\/pavidecor.si\/de\/produkt\/kerzenstaender-aus-holz-palette-holz-105x785cm\/"]}]},{"@type":"ImageObject","inLanguage":"de","@id":"https:\/\/pavidecor.si\/de\/produkt\/kerzenstaender-aus-holz-palette-holz-105x785cm\/#primaryimage","url":"https:\/\/pavidecor.si\/wp-content\/uploads\/2022\/10\/1IMG_7265-2.jpg","contentUrl":"https:\/\/pavidecor.si\/wp-content\/uploads\/2022\/10\/1IMG_7265-2.jpg","width":2207,"height":2207,"caption":"PAVI DECOR"},{"@type":"BreadcrumbList","@id":"https:\/\/pavidecor.si\/de\/produkt\/kerzenstaender-aus-holz-palette-holz-105x785cm\/#breadcrumb","itemListElement":[{"@type":"ListItem","position":1,"name":"Domov","item":"https:\/\/pavidecor.si\/de\/"},{"@type":"ListItem","position":2,"name":"Online-Shop","item":"https:\/\/pavidecor.si\/de\/online-shop\/"},{"@type":"ListItem","position":3,"name":"Kerzenst\u00e4nder aus Holz Palette Holz 10,5&#215;7,8,5cm"}]},{"@type":"WebSite","@id":"https:\/\/pavidecor.si\/de\/#website","url":"https:\/\/pavidecor.si\/de\/","name":"Pavi Decor","description":"Leseni unikati ustvarjeni iz ljubezni do lesa in narave.","potentialAction":[{"@type":"SearchAction","target":{"@type":"EntryPoint","urlTemplate":"https:\/\/pavidecor.si\/de\/?s={search_term_string}"},"query-input":{"@type":"PropertyValueSpecification","valueRequired":true,"valueName":"search_term_string"}}],"inLanguage":"de"}]}},"_links":{"self":[{"href":"https:\/\/pavidecor.si\/de\/wp-json\/wp\/v2\/product\/18255","targetHints":{"allow":["GET"]}}],"collection":[{"href":"https:\/\/pavidecor.si\/de\/wp-json\/wp\/v2\/product"}],"about":[{"href":"https:\/\/pavidecor.si\/de\/wp-json\/wp\/v2\/types\/product"}],"replies":[{"embeddable":true,"href":"https:\/\/pavidecor.si\/de\/wp-json\/wp\/v2\/comments?post=18255"}],"wp:featuredmedia":[{"embeddable":true,"href":"https:\/\/pavidecor.si\/de\/wp-json\/wp\/v2\/media\/18261"}],"wp:attachment":[{"href":"https:\/\/pavidecor.si\/de\/wp-json\/wp\/v2\/media?parent=18255"}],"wp:term":[{"taxonomy":"product_brand","embeddable":true,"href":"https:\/\/pavidecor.si\/de\/wp-json\/wp\/v2\/product_brand?post=18255"},{"taxonomy":"product_cat","embeddable":true,"href":"https:\/\/pavidecor.si\/de\/wp-json\/wp\/v2\/product_cat?post=18255"},{"taxonomy":"product_tag","embeddable":true,"href":"https:\/\/pavidecor.si\/de\/wp-json\/wp\/v2\/product_tag?post=18255"}],"curies":[{"name":"wp","href":"https:\/\/api.w.org\/{rel}","templated":true}]}}