	{"id":17985,"date":"2022-11-10T09:12:14","date_gmt":"2022-11-10T09:12:14","guid":{"rendered":"https:\/\/pavidecor.si\/product\/neujahrsbaum-eva-weiss-rustikal-80x45x18cm\/"},"modified":"2026-04-26T18:00:51","modified_gmt":"2026-04-26T18:00:51","slug":"neujahrsbaum-eva-weiss-rustikal-80x45x18cm","status":"publish","type":"product","link":"https:\/\/pavidecor.si\/de\/produkt\/neujahrsbaum-eva-weiss-rustikal-80x45x18cm\/","title":{"rendered":"Neujahrsbaum Eva wei\u00df rustikal 80x45x18cm"},"content":{"rendered":"<p><span class=\"prvimanjsinaslovopis\">Neujahrsbaum Eva &#8211; Die Eleganz der Natur in Ihrem Zuhause<\/span><\/p>\n<p>&nbsp;<\/p>\n<h2><span class=\"odebeljenopis\"><strong><br \/>\nEntdecken Sie den Zauber der Weihnachtszeit mit unserem einzigartigen Neujahrsbaum Eva, der Natur und Eleganz vereint. Dieses in Slowenien handgefertigte Holzprodukt ist die perfekte Wahl f\u00fcr alle, die die Natur bewahren und gleichzeitig die festliche Atmosph\u00e4re genie\u00dfen m\u00f6chten. Es wurde entwickelt, um W\u00e4rme und Stil in jeden Raum zu bringen.<\/strong><\/span><\/h2>\n<p>&nbsp;<\/p>\n<div class=\"row\">\n<div class=\"col-sm-6 \" style=\"margin-top: 30px;\"><center><img decoding=\"async\" class=\"lazyload img-responsive\" style=\"margin: 0px auto; max-width: 100%;\" src=\"data:image\/svg+xml,%3Csvg%20xmlns%3D%27http%3A%2F%2Fwww.w3.org%2F2000%2Fsvg%27%20width%3D%272560%27%20height%3D%272560%27%20viewBox%3D%270%200%202560%202560%27%3E%3Crect%20width%3D%272560%27%20height%3D%272560%27%20fill-opacity%3D%220%22%2F%3E%3C%2Fsvg%3E\" data-orig-src=\"https:\/\/pavidecor.si\/wp-content\/uploads\/2022\/03\/Novoletna-jelka-rustikalna-bela-dve-policki-No.1281-1-scaled.jpg\" \/><\/center><\/div>\n<div class=\"col-sm-6\" style=\"margin-top: 40px;\">\n<p>&nbsp;<\/p>\n<h3>Unikat handgefertigt<\/h3>\n<p>Der Neujahrsbaum Eva ist das Ergebnis der Leidenschaft und Liebe zum Holz, das wir in unserem PAVI DECOR-Gesch\u00e4ft in Ljubljana anbauen. Jede Tanne wird in Handarbeit mit traditionellen Splei\u00dftechniken hergestellt, die von den alten Meistern verwendet wurden. Dieser Ansatz stellt sicher, dass jedes St\u00fcck <strong>einzigartig und authentisch<\/strong> ist und Ihrer Weihnachtsdekoration eine besondere Note verleiht. Unser Team aus Designern und Handwerkern ist bestrebt sicherzustellen, dass jedes Produkt unser Engagement f\u00fcr Qualit\u00e4t und Nachhaltigkeit widerspiegelt.<\/p>\n<p>&nbsp;<\/p>\n<p>Durch die Verwendung nat\u00fcrlicher Materialien und sorgf\u00e4ltig ausgew\u00e4hlter Holzteile ist die Eva-Tanne auf Langlebigkeit ausgelegt. Sie wird nicht nur den traditionellen Weihnachtsbaum ersetzen, sondern auch <b>dazu beitragen, unsere W\u00e4lder zu erhalten<\/b>. Mit der Wahl unserer Tanne unterst\u00fctzen Sie eine nachhaltige Naturwirtschaft und tragen zum Schutz der Umwelt bei.<\/p>\n<p>&nbsp;<\/p>\n<\/div>\n<\/div>\n<div class=\"row\">\n<div class=\"col-sm-6 col-sm-push-6\" style=\"margin-top: 30px;\"><center><img decoding=\"async\" class=\"lazyload img-responsive\" style=\"margin: 0px auto; max-width: 100%;\" src=\"data:image\/svg+xml,%3Csvg%20xmlns%3D%27http%3A%2F%2Fwww.w3.org%2F2000%2Fsvg%27%20width%3D%272560%27%20height%3D%272560%27%20viewBox%3D%270%200%202560%202560%27%3E%3Crect%20width%3D%272560%27%20height%3D%272560%27%20fill-opacity%3D%220%22%2F%3E%3C%2Fsvg%3E\" data-orig-src=\"https:\/\/pavidecor.si\/wp-content\/uploads\/2022\/03\/Novoletna-jelka-Eva-dve-policki-No.1281-2-2-scaled.jpg\" \/><\/center><\/div>\n<div class=\"col-sm-6 col-sm-pull-6\" style=\"margin-top: 40px;\">\n<p>&nbsp;<\/p>\n<h3>Praktikabilit\u00e4t und einfache Wartung<\/h3>\n<p>Einer der Hauptvorteile der Neujahrstanne Eva ist ihre <b>Schlichtheit bei der Wartung<\/b>. Da keine Nadeln abfallen und keine flexiblen Teile besch\u00e4digt werden k\u00f6nnten, ist dieser Tannenbaum die ideale Wahl f\u00fcr jedes Zuhause. Einfach aufstellen und unbeschwert die festliche Atmosph\u00e4re genie\u00dfen.<\/p>\n<p>&nbsp;<\/p>\n<p>Der Neujahrsbaum Eva nimmt nicht nur sehr wenig Platz ein, sondern ist auch eine ausgezeichnete Wahl f\u00fcr kleinere R\u00e4ume. Sein rustikales wei\u00dfes Design f\u00fcgt sich perfekt in Shabby Chic Ambiente ein, wodurch es sich problemlos in die verschiedenen Stilrichtungen Ihres Zuhauses einf\u00fcgt. F\u00fcr zus\u00e4tzliche Dekoration und Beleuchtung k\u00f6nnen Sie unsere <a href=\"https:\/\/pavidecor.si\/de\/kategorije\/dekorationsprodukte-fur-zu-hause\/kerzenstander\/\"><strong><span style=\"color: #3366ff;\">Kerzenst\u00e4nder aus Holz<\/span><\/strong><\/a> verwenden, die den Look erg\u00e4nzen und eine gem\u00fctliche Atmosph\u00e4re schaffen.<\/p>\n<p>&nbsp;<\/p>\n<\/div>\n<\/div>\n<div class=\"row\">\n<div class=\"col-sm-6\" style=\"margin-top: 30px;\"><center><img decoding=\"async\" class=\"lazyload img-responsive\" style=\"margin: 0px auto; max-width: 100%;\" src=\"data:image\/svg+xml,%3Csvg%20xmlns%3D%27http%3A%2F%2Fwww.w3.org%2F2000%2Fsvg%27%20width%3D%272560%27%20height%3D%272560%27%20viewBox%3D%270%200%202560%202560%27%3E%3Crect%20width%3D%272560%27%20height%3D%272560%27%20fill-opacity%3D%220%22%2F%3E%3C%2Fsvg%3E\" data-orig-src=\"https:\/\/pavidecor.si\/wp-content\/uploads\/2022\/03\/Novoletna-jelka-Eva-dve-policki-No.1281-3-2-scaled.jpg\" \/><\/center><\/div>\n<div class=\"col-sm-6\" style=\"margin-top: 40px;\">\n<p>&nbsp;<\/p>\n<h3>Eine nachhaltige Wahl f\u00fcr festliche Momente<\/h3>\n<p>Der Neujahrsbaum Eva ist nicht nur eine Dekoration, sondern auch ein Symbol f\u00fcr Langlebigkeit und Respekt vor der Natur. Mit seinem Design und seinen <strong>umweltfreundlichen Materialien<\/strong> stellt es eine verantwortungsvolle Wahl f\u00fcr alle dar, die feiern m\u00f6chten, ohne unserem Planeten zu schaden.<\/p>\n<p>&nbsp;<\/p>\n<p>Mit unserem Tannenbaum schaffen Sie unvergessliche festliche Momente, die Sie mit Ihren Lieben teilen k\u00f6nnen. Denken Sie daran, dass das Zusammenbauen eines\u00a0Neujahrsbaums recht einfach ist, da <strong>keine zus\u00e4tzliche Arbeit erforderlich ist<\/strong>. Stellen Sie es einfach auf und genie\u00dfen Sie die festliche Atmosph\u00e4re, die es mit sich bringt.<\/p>\n<p>&nbsp;<\/p>\n<\/div>\n<\/div>\n<blockquote><p>Der Neujahrsbaum Eva verbindet Natur mit Eleganz, und auf Wunsch k\u00f6nnen Sie sie auf zwei Regalen dekorieren. Es ist v\u00f6llig nat\u00fcrlich und pflegeleicht, da es keine Nadeln hat, die abfallen w\u00fcrden, und keine flexiblen Teile, die besch\u00e4digt werden k\u00f6nnten. Unsere einzigartige Holztanne wird den nat\u00fcrlichen Weihnachtsbaum dauerhaft ersetzen und so zum Erhalt unserer W\u00e4lder beitragen. Die Silvestertanne Eva nimmt in der Tiefe nur sehr wenig Platz ein und eignet sich daher auch f\u00fcr kleine R\u00e4ume. In einer rustikalen wei\u00dfen Version eignet er sich besonders f\u00fcr Shabby Chic Ambiente. F\u00fcr die Dekoration und Beleuchtung k\u00f6nnen Sie Kerzenst\u00e4nder aus Holz aus unserem Programm verwenden. Keine Montage erforderlich.<\/p><\/blockquote>\n<p>&nbsp;<\/p>\n","protected":false},"excerpt":{"rendered":"<p><strong><span style=\"color: #c4963c;\">\u2192 Handgefertigt<\/span><\/strong><strong><span style=\"color: #c4963c;\"><br \/>\n<\/span><span style=\"color: #c4963c;\">\u2192 Einzigartig<\/span><\/strong><\/p>\n","protected":false},"featured_media":14720,"comment_status":"open","ping_status":"closed","template":"","meta":[],"product_brand":[],"product_cat":[370],"product_tag":[216],"class_list":{"0":"post-17985","1":"product","2":"type-product","3":"status-publish","4":"has-post-thumbnail","6":"product_cat-neujahrs-weihnachtsbaume","7":"product_tag-neu","9":"first","10":"instock","11":"taxable","12":"shipping-taxable","13":"purchasable","14":"product-type-simple"},"yoast_head":"<!-- This site is optimized with the Yoast SEO plugin v27.2 - https:\/\/yoast.com\/product\/yoast-seo-wordpress\/ -->\n<title>Neujahrsbaum Eva - Die Eleganz der Natur in Ihrem Zuhause<\/title>\n<meta name=\"description\" content=\"Der Neujahrsbaum Eva verbindet Natur mit Eleganz. Es ist v\u00f6llig nat\u00fcrlich und pflegeleicht, da es keine Nadeln hat, die abfallen w\u00fcrden. Einzigartig.\" \/>\n<meta name=\"robots\" content=\"index, follow, max-snippet:-1, max-image-preview:large, max-video-preview:-1\" \/>\n<link rel=\"canonical\" href=\"https:\/\/pavidecor.si\/de\/produkt\/neujahrsbaum-eva-weiss-rustikal-80x45x18cm\/\" \/>\n<meta property=\"og:locale\" content=\"de_DE\" \/>\n<meta property=\"og:type\" content=\"article\" \/>\n<meta property=\"og:title\" content=\"Neujahrsbaum Eva - Die Eleganz der Natur in Ihrem Zuhause\" \/>\n<meta property=\"og:description\" content=\"Der Neujahrsbaum Eva verbindet Natur mit Eleganz. Es ist v\u00f6llig nat\u00fcrlich und pflegeleicht, da es keine Nadeln hat, die abfallen w\u00fcrden. Einzigartig.\" \/>\n<meta property=\"og:url\" content=\"https:\/\/pavidecor.si\/de\/produkt\/neujahrsbaum-eva-weiss-rustikal-80x45x18cm\/\" \/>\n<meta property=\"og:site_name\" content=\"Pavi Decor\" \/>\n<meta property=\"article:modified_time\" content=\"2026-04-26T18:00:51+00:00\" \/>\n<meta property=\"og:image\" content=\"https:\/\/pavidecor.si\/wp-content\/uploads\/2022\/03\/Novoletna-jelka-rustikalna-bela-dve-policki-No.1281-1-scaled.jpg\" \/>\n\t<meta property=\"og:image:width\" content=\"2560\" \/>\n\t<meta property=\"og:image:height\" content=\"2560\" \/>\n\t<meta property=\"og:image:type\" content=\"image\/jpeg\" \/>\n<meta name=\"twitter:card\" content=\"summary_large_image\" \/>\n<meta name=\"twitter:label1\" content=\"Gesch\u00e4tzte Lesezeit\" \/>\n\t<meta name=\"twitter:data1\" content=\"3\u00a0Minuten\" \/>\n<script type=\"application\/ld+json\" class=\"yoast-schema-graph\">{\"@context\":\"https:\/\/schema.org\",\"@graph\":[{\"@type\":\"WebPage\",\"@id\":\"https:\/\/pavidecor.si\/de\/produkt\/neujahrsbaum-eva-weiss-rustikal-80x45x18cm\/\",\"url\":\"https:\/\/pavidecor.si\/de\/produkt\/neujahrsbaum-eva-weiss-rustikal-80x45x18cm\/\",\"name\":\"Neujahrsbaum Eva - Die Eleganz der Natur in Ihrem Zuhause\",\"isPartOf\":{\"@id\":\"https:\/\/pavidecor.si\/de\/#website\"},\"primaryImageOfPage\":{\"@id\":\"https:\/\/pavidecor.si\/de\/produkt\/neujahrsbaum-eva-weiss-rustikal-80x45x18cm\/#primaryimage\"},\"image\":{\"@id\":\"https:\/\/pavidecor.si\/de\/produkt\/neujahrsbaum-eva-weiss-rustikal-80x45x18cm\/#primaryimage\"},\"thumbnailUrl\":\"https:\/\/pavidecor.si\/wp-content\/uploads\/2022\/03\/Novoletna-jelka-rustikalna-bela-dve-policki-No.1281-1-scaled.jpg\",\"datePublished\":\"2022-11-10T09:12:14+00:00\",\"dateModified\":\"2026-04-26T18:00:51+00:00\",\"description\":\"Der Neujahrsbaum Eva verbindet Natur mit Eleganz. Es ist v\u00f6llig nat\u00fcrlich und pflegeleicht, da es keine Nadeln hat, die abfallen w\u00fcrden. Einzigartig.\",\"breadcrumb\":{\"@id\":\"https:\/\/pavidecor.si\/de\/produkt\/neujahrsbaum-eva-weiss-rustikal-80x45x18cm\/#breadcrumb\"},\"inLanguage\":\"de\",\"potentialAction\":[{\"@type\":\"ReadAction\",\"target\":[\"https:\/\/pavidecor.si\/de\/produkt\/neujahrsbaum-eva-weiss-rustikal-80x45x18cm\/\"]}]},{\"@type\":\"ImageObject\",\"inLanguage\":\"de\",\"@id\":\"https:\/\/pavidecor.si\/de\/produkt\/neujahrsbaum-eva-weiss-rustikal-80x45x18cm\/#primaryimage\",\"url\":\"https:\/\/pavidecor.si\/wp-content\/uploads\/2022\/03\/Novoletna-jelka-rustikalna-bela-dve-policki-No.1281-1-scaled.jpg\",\"contentUrl\":\"https:\/\/pavidecor.si\/wp-content\/uploads\/2022\/03\/Novoletna-jelka-rustikalna-bela-dve-policki-No.1281-1-scaled.jpg\",\"width\":2560,\"height\":2560,\"caption\":\"PAVI DECOR\"},{\"@type\":\"BreadcrumbList\",\"@id\":\"https:\/\/pavidecor.si\/de\/produkt\/neujahrsbaum-eva-weiss-rustikal-80x45x18cm\/#breadcrumb\",\"itemListElement\":[{\"@type\":\"ListItem\",\"position\":1,\"name\":\"Domov\",\"item\":\"https:\/\/pavidecor.si\/de\/\"},{\"@type\":\"ListItem\",\"position\":2,\"name\":\"Online-Shop\",\"item\":\"https:\/\/pavidecor.si\/de\/online-shop\/\"},{\"@type\":\"ListItem\",\"position\":3,\"name\":\"Neujahrsbaum Eva wei\u00df rustikal 80x45x18cm\"}]},{\"@type\":\"WebSite\",\"@id\":\"https:\/\/pavidecor.si\/de\/#website\",\"url\":\"https:\/\/pavidecor.si\/de\/\",\"name\":\"Pavi Decor\",\"description\":\"Leseni unikati ustvarjeni iz ljubezni do lesa in narave.\",\"potentialAction\":[{\"@type\":\"SearchAction\",\"target\":{\"@type\":\"EntryPoint\",\"urlTemplate\":\"https:\/\/pavidecor.si\/de\/?s={search_term_string}\"},\"query-input\":{\"@type\":\"PropertyValueSpecification\",\"valueRequired\":true,\"valueName\":\"search_term_string\"}}],\"inLanguage\":\"de\"}]}<\/script>\n<!-- \/ Yoast SEO plugin. -->","yoast_head_json":{"title":"Neujahrsbaum Eva - Die Eleganz der Natur in Ihrem Zuhause","description":"Der Neujahrsbaum Eva verbindet Natur mit Eleganz. Es ist v\u00f6llig nat\u00fcrlich und pflegeleicht, da es keine Nadeln hat, die abfallen w\u00fcrden. Einzigartig.","robots":{"index":"index","follow":"follow","max-snippet":"max-snippet:-1","max-image-preview":"max-image-preview:large","max-video-preview":"max-video-preview:-1"},"canonical":"https:\/\/pavidecor.si\/de\/produkt\/neujahrsbaum-eva-weiss-rustikal-80x45x18cm\/","og_locale":"de_DE","og_type":"article","og_title":"Neujahrsbaum Eva - Die Eleganz der Natur in Ihrem Zuhause","og_description":"Der Neujahrsbaum Eva verbindet Natur mit Eleganz. Es ist v\u00f6llig nat\u00fcrlich und pflegeleicht, da es keine Nadeln hat, die abfallen w\u00fcrden. Einzigartig.","og_url":"https:\/\/pavidecor.si\/de\/produkt\/neujahrsbaum-eva-weiss-rustikal-80x45x18cm\/","og_site_name":"Pavi Decor","article_modified_time":"2026-04-26T18:00:51+00:00","og_image":[{"width":2560,"height":2560,"url":"https:\/\/pavidecor.si\/wp-content\/uploads\/2022\/03\/Novoletna-jelka-rustikalna-bela-dve-policki-No.1281-1-scaled.jpg","type":"image\/jpeg"}],"twitter_card":"summary_large_image","twitter_misc":{"Gesch\u00e4tzte Lesezeit":"3\u00a0Minuten"},"schema":{"@context":"https:\/\/schema.org","@graph":[{"@type":"WebPage","@id":"https:\/\/pavidecor.si\/de\/produkt\/neujahrsbaum-eva-weiss-rustikal-80x45x18cm\/","url":"https:\/\/pavidecor.si\/de\/produkt\/neujahrsbaum-eva-weiss-rustikal-80x45x18cm\/","name":"Neujahrsbaum Eva - Die Eleganz der Natur in Ihrem Zuhause","isPartOf":{"@id":"https:\/\/pavidecor.si\/de\/#website"},"primaryImageOfPage":{"@id":"https:\/\/pavidecor.si\/de\/produkt\/neujahrsbaum-eva-weiss-rustikal-80x45x18cm\/#primaryimage"},"image":{"@id":"https:\/\/pavidecor.si\/de\/produkt\/neujahrsbaum-eva-weiss-rustikal-80x45x18cm\/#primaryimage"},"thumbnailUrl":"https:\/\/pavidecor.si\/wp-content\/uploads\/2022\/03\/Novoletna-jelka-rustikalna-bela-dve-policki-No.1281-1-scaled.jpg","datePublished":"2022-11-10T09:12:14+00:00","dateModified":"2026-04-26T18:00:51+00:00","description":"Der Neujahrsbaum Eva verbindet Natur mit Eleganz. Es ist v\u00f6llig nat\u00fcrlich und pflegeleicht, da es keine Nadeln hat, die abfallen w\u00fcrden. Einzigartig.","breadcrumb":{"@id":"https:\/\/pavidecor.si\/de\/produkt\/neujahrsbaum-eva-weiss-rustikal-80x45x18cm\/#breadcrumb"},"inLanguage":"de","potentialAction":[{"@type":"ReadAction","target":["https:\/\/pavidecor.si\/de\/produkt\/neujahrsbaum-eva-weiss-rustikal-80x45x18cm\/"]}]},{"@type":"ImageObject","inLanguage":"de","@id":"https:\/\/pavidecor.si\/de\/produkt\/neujahrsbaum-eva-weiss-rustikal-80x45x18cm\/#primaryimage","url":"https:\/\/pavidecor.si\/wp-content\/uploads\/2022\/03\/Novoletna-jelka-rustikalna-bela-dve-policki-No.1281-1-scaled.jpg","contentUrl":"https:\/\/pavidecor.si\/wp-content\/uploads\/2022\/03\/Novoletna-jelka-rustikalna-bela-dve-policki-No.1281-1-scaled.jpg","width":2560,"height":2560,"caption":"PAVI DECOR"},{"@type":"BreadcrumbList","@id":"https:\/\/pavidecor.si\/de\/produkt\/neujahrsbaum-eva-weiss-rustikal-80x45x18cm\/#breadcrumb","itemListElement":[{"@type":"ListItem","position":1,"name":"Domov","item":"https:\/\/pavidecor.si\/de\/"},{"@type":"ListItem","position":2,"name":"Online-Shop","item":"https:\/\/pavidecor.si\/de\/online-shop\/"},{"@type":"ListItem","position":3,"name":"Neujahrsbaum Eva wei\u00df rustikal 80x45x18cm"}]},{"@type":"WebSite","@id":"https:\/\/pavidecor.si\/de\/#website","url":"https:\/\/pavidecor.si\/de\/","name":"Pavi Decor","description":"Leseni unikati ustvarjeni iz ljubezni do lesa in narave.","potentialAction":[{"@type":"SearchAction","target":{"@type":"EntryPoint","urlTemplate":"https:\/\/pavidecor.si\/de\/?s={search_term_string}"},"query-input":{"@type":"PropertyValueSpecification","valueRequired":true,"valueName":"search_term_string"}}],"inLanguage":"de"}]}},"_links":{"self":[{"href":"https:\/\/pavidecor.si\/de\/wp-json\/wp\/v2\/product\/17985","targetHints":{"allow":["GET"]}}],"collection":[{"href":"https:\/\/pavidecor.si\/de\/wp-json\/wp\/v2\/product"}],"about":[{"href":"https:\/\/pavidecor.si\/de\/wp-json\/wp\/v2\/types\/product"}],"replies":[{"embeddable":true,"href":"https:\/\/pavidecor.si\/de\/wp-json\/wp\/v2\/comments?post=17985"}],"wp:featuredmedia":[{"embeddable":true,"href":"https:\/\/pavidecor.si\/de\/wp-json\/wp\/v2\/media\/14720"}],"wp:attachment":[{"href":"https:\/\/pavidecor.si\/de\/wp-json\/wp\/v2\/media?parent=17985"}],"wp:term":[{"taxonomy":"product_brand","embeddable":true,"href":"https:\/\/pavidecor.si\/de\/wp-json\/wp\/v2\/product_brand?post=17985"},{"taxonomy":"product_cat","embeddable":true,"href":"https:\/\/pavidecor.si\/de\/wp-json\/wp\/v2\/product_cat?post=17985"},{"taxonomy":"product_tag","embeddable":true,"href":"https:\/\/pavidecor.si\/de\/wp-json\/wp\/v2\/product_tag?post=17985"}],"curies":[{"name":"wp","href":"https:\/\/api.w.org\/{rel}","templated":true}]}}