	{"id":17934,"date":"2022-11-10T11:12:33","date_gmt":"2022-11-10T11:12:33","guid":{"rendered":"https:\/\/pavidecor.si\/product\/vogelhaus-steuerhaus\/"},"modified":"2026-04-26T19:08:30","modified_gmt":"2026-04-26T19:08:30","slug":"futterhaus-vogelhaus","status":"publish","type":"product","link":"https:\/\/pavidecor.si\/de\/produkt\/futterhaus-vogelhaus\/","title":{"rendered":"Futterhaus &#8211; Vogelhaus"},"content":{"rendered":"<p>Futterhaus aus Holz \u2013 Nat\u00fcrliche Sch\u00f6nheit f\u00fcr Ihren Garten<\/p>\n<p>&nbsp;<\/p>\n<h2><span class=\"odebeljenopis\"><strong><br \/>\nEntdecken Sie die Sch\u00f6nheit und Funktionalit\u00e4t unserer einzigartigen Vogelfutterhaus aus Holz. Diese handgefertigte Futterstelle ist nicht nur ein Blickfang in Ihrem Garten, sondern auch ein wichtiger Beitrag zum Schutz und zur Unterst\u00fctzung der heimischen Vogelpopulation. Hergestellt mit Liebe zum Holz und zur Natur, ist jedes St\u00fcck ein Unikat.<\/strong><\/span><\/h2>\n<p>&nbsp;<\/p>\n<div class=\"row\">\n<div class=\"col-sm-6 \" style=\"margin-top: 30px;\"><center><img decoding=\"async\" class=\"lazyload img-responsive\" style=\"margin: 0px auto; max-width: 100%;\" src=\"data:image\/svg+xml,%3Csvg%20xmlns%3D%27http%3A%2F%2Fwww.w3.org%2F2000%2Fsvg%27%20width%3D%271688%27%20height%3D%271688%27%20viewBox%3D%270%200%201688%201688%27%3E%3Crect%20width%3D%271688%27%20height%3D%271688%27%20fill-opacity%3D%220%22%2F%3E%3C%2Fsvg%3E\" data-orig-src=\"https:\/\/pavidecor.si\/wp-content\/uploads\/2022\/11\/1IMG_7599-2.jpg\" \/><\/center><\/div>\n<div class=\"col-sm-6\" style=\"margin-top: 40px;\">\n<p>&nbsp;<\/p>\n<h3>Einzigartige Handwerkskunst<\/h3>\n<p>Unser Vogelfutterhaus aus Holz wird in der PAVI DECOR Werkstatt in Ljubljana mit gr\u00f6\u00dfter Sorgfalt und Hingabe hergestellt. <b>Die Liebe zum Holz und zur Natur<\/b> spiegelt sich in jedem Detail wider. Jedes St\u00fcck wird von erfahrenen Handwerkern gefertigt. Dabei werden Holzst\u00fccke mit traditionellen Techniken zusammengef\u00fcgt, wie es die Meister der Vergangenheit taten. Diese Methode verleiht unseren Produkten ein authentisches Aussehen. So ist sichergestellt, dass sie nicht nur funktional, sondern auch \u00e4sthetisch ansprechend sind.<\/p>\n<p>&nbsp;<\/p>\n<p>Die Verwendung von hochwertigem Holz garantiert nicht nur Langlebigkeit, sondern auch eine nat\u00fcrliche Optik, die sich harmonisch in jeden Garten einf\u00fcgt. Unsere Vogelfutterh\u00e4user sind nicht nur Futterstellen, sondern auch ein Zuhause f\u00fcr V\u00f6gel, die in Ihrem Garten nisten und leben m\u00f6chten. Mit einer Futterhaus schaffen Sie einen einladenden Raum f\u00fcr die Tierwelt und <strong>f\u00f6rdern gleichzeitig die Biodiversit\u00e4t<\/strong> in Ihrer Umgebung.<\/p>\n<p>&nbsp;<\/p>\n<\/div>\n<\/div>\n<div class=\"row\">\n<div class=\"col-sm-6 col-sm-push-6\" style=\"margin-top: 30px;\"><center><img decoding=\"async\" class=\"lazyload img-responsive\" style=\"margin: 0px auto; max-width: 100%;\" src=\"data:image\/svg+xml,%3Csvg%20xmlns%3D%27http%3A%2F%2Fwww.w3.org%2F2000%2Fsvg%27%20width%3D%271520%27%20height%3D%271520%27%20viewBox%3D%270%200%201520%201520%27%3E%3Crect%20width%3D%271520%27%20height%3D%271520%27%20fill-opacity%3D%220%22%2F%3E%3C%2Fsvg%3E\" data-orig-src=\" https:\/\/pavidecor.si\/wp-content\/uploads\/2022\/11\/2IMG_7595-2.jpg\" \/><\/center><\/div>\n<div class=\"col-sm-6 col-sm-pull-6\" style=\"margin-top: 40px;\">\n<p>&nbsp;<\/p>\n<h3>Praktische Vorteile f\u00fcr Ihren Garten<\/h3>\n<p>Das Vogel Futterhaus ist ein unverzichtbares Element f\u00fcr jeden Garten. Im Winter bietet es den V\u00f6geln eine sichere Nahrungsquelle, w\u00e4hrend sie in den restlichen Monaten des Jahres dazu beitr\u00e4gt, Sch\u00e4dlinge in Schach zu halten. V\u00f6gel sind nat\u00fcrliche Sch\u00e4dlingsbek\u00e4mpfer und tragen dazu bei, Ihr Garten\u00f6kosystem im Gleichgewicht zu halten. Zus\u00e4tzlich k\u00f6nnen Sie <a href=\"https:\/\/pavidecor.si\/de\/kategorije\/strand-und-gartenausruestung\/vogelhauschen\/\"><span style=\"color: #3366ff;\"><strong>Vogelnistk\u00e4sten<\/strong><\/span><\/a> aus unserem Sortiment in Ihrem Garten installieren, um V\u00f6geln das Nisten zu erleichtern.<\/p>\n<p>&nbsp;<\/p>\n<p>Das Futterhaus ist so konzipiert, dass es sicher an einem Ast oder unter einem Vordach aufgeh\u00e4ngt werden kann. Es ist bereits mit einer praktischen Schnur ausgestattet, die eine einfache Montage erm\u00f6glicht. Das Vogelfutterhaus kann zus\u00e4tzlich an einem Stab befestigt werden und ist somit f\u00fcr die Befestigung im Boden oder in einem Sonnenschirmst\u00e4nder geeignet. Jedes St\u00fcck ist ein Unikat, was bedeutet, dass Sie ein ganz besonderes Produkt in Ihrem Garten haben, das nicht nur funktional ist, sondern auch eine <strong>Geschichte erz\u00e4hlt<\/strong>.<\/p>\n<p>&nbsp;<\/p>\n<\/div>\n<\/div>\n<div class=\"row\">\n<div class=\"col-sm-6\" style=\"margin-top: 30px;\"><center><img decoding=\"async\" class=\"lazyload img-responsive\" style=\"margin: 0px auto; max-width: 100%;\" src=\"data:image\/svg+xml,%3Csvg%20xmlns%3D%27http%3A%2F%2Fwww.w3.org%2F2000%2Fsvg%27%20width%3D%271689%27%20height%3D%271689%27%20viewBox%3D%270%200%201689%201689%27%3E%3Crect%20width%3D%271689%27%20height%3D%271689%27%20fill-opacity%3D%220%22%2F%3E%3C%2Fsvg%3E\" data-orig-src=\" https:\/\/pavidecor.si\/wp-content\/uploads\/2022\/11\/3IMG_7597-2.jpg\" \/><\/center><\/div>\n<div class=\"col-sm-6\" style=\"margin-top: 40px;\">\n<p>&nbsp;<\/p>\n<h3>Produktdetails und Spezifikationen<\/h3>\n<p>Das Vogelhaus &#8211; Futterhaus aus Holz ist nicht nur ein praktisches Gartenaccessoire, sondern auch ein Kunstwerk. Es wird aus hochwertigem, nachhaltig gewonnenem Holz hergestellt und ist in verschiedenen Designs erh\u00e4ltlich. <b>Jede Vogelfutterhaus ist handgefertigt<\/b> und weist einzigartige Merkmale auf, die es zu einem besonderen Blickfang machen.<\/p>\n<p>&nbsp;<\/p>\n<p>Die Abmessungen des Vogelh\u00e4uschens sind ideal f\u00fcr die meisten Gartenv\u00f6gel, und die robuste Bauweise sorgt daf\u00fcr, dass sie den Elementen standh\u00e4lt. Das Vogelhaus ist nicht nur ein Ort zum F\u00fcttern, sondern auch ein <strong>sicherer R\u00fcckzugsort f\u00fcr V\u00f6gel<\/strong>. Unterst\u00fctzen Sie die lokale Tierwelt und versch\u00f6nern Sie gleichzeitig Ihren Garten mit diesem einzigartigen Produkt aus der PAVI DECOR.<\/p>\n<p>&nbsp;<\/p>\n<\/div>\n<\/div>\n<p>&nbsp;<\/p>\n","protected":false},"excerpt":{"rendered":"<p><strong><span style=\"color: #c4963c;\">\u2192 Handwerk<\/span><\/strong><br \/>\n<strong><span style=\"color: #c4963c;\">\u2192 H\u00e4ngende Schnur<\/span><\/strong><\/p>\n","protected":false},"featured_media":17936,"comment_status":"open","ping_status":"closed","template":"","meta":[],"product_brand":[],"product_cat":[310],"product_tag":[],"class_list":{"0":"post-17934","1":"product","2":"type-product","3":"status-publish","4":"has-post-thumbnail","6":"product_cat-vogelhauschen","8":"first","9":"instock","10":"taxable","11":"shipping-taxable","12":"purchasable","13":"product-type-simple"},"yoast_head":"<!-- This site is optimized with the Yoast SEO plugin v27.2 - https:\/\/yoast.com\/product\/yoast-seo-wordpress\/ -->\n<title>Futterhaus aus Holz - Nat\u00fcrlich sch\u00f6nes Vogelhaus f\u00fcr den Garten<\/title>\n<meta name=\"description\" content=\"Futterhaus - Vogelhaus ist eine obligatorische Ausr\u00fcstung eines jeden Gartens, da es im Winter erm\u00f6glicht, Singv\u00f6gel zu f\u00fcttern. Mit Seil zum Aufh\u00e4ngen.\" \/>\n<meta name=\"robots\" content=\"index, follow, max-snippet:-1, max-image-preview:large, max-video-preview:-1\" \/>\n<link rel=\"canonical\" href=\"https:\/\/pavidecor.si\/de\/produkt\/futterhaus-vogelhaus\/\" \/>\n<meta property=\"og:locale\" content=\"de_DE\" \/>\n<meta property=\"og:type\" content=\"article\" \/>\n<meta property=\"og:title\" content=\"Futterhaus aus Holz - Nat\u00fcrlich sch\u00f6nes Vogelhaus f\u00fcr den Garten\" \/>\n<meta property=\"og:description\" content=\"Futterhaus - Vogelhaus ist eine obligatorische Ausr\u00fcstung eines jeden Gartens, da es im Winter erm\u00f6glicht, Singv\u00f6gel zu f\u00fcttern. Mit Seil zum Aufh\u00e4ngen.\" \/>\n<meta property=\"og:url\" content=\"https:\/\/pavidecor.si\/de\/produkt\/futterhaus-vogelhaus\/\" \/>\n<meta property=\"og:site_name\" content=\"Pavi Decor\" \/>\n<meta property=\"article:modified_time\" content=\"2026-04-26T19:08:30+00:00\" \/>\n<meta property=\"og:image\" content=\"https:\/\/pavidecor.si\/wp-content\/uploads\/2022\/11\/1IMG_7599-2.jpg\" \/>\n\t<meta property=\"og:image:width\" content=\"1688\" \/>\n\t<meta property=\"og:image:height\" content=\"1688\" \/>\n\t<meta property=\"og:image:type\" content=\"image\/jpeg\" \/>\n<meta name=\"twitter:card\" content=\"summary_large_image\" \/>\n<meta name=\"twitter:label1\" content=\"Gesch\u00e4tzte Lesezeit\" \/>\n\t<meta name=\"twitter:data1\" content=\"4\u00a0Minuten\" \/>\n<script type=\"application\/ld+json\" class=\"yoast-schema-graph\">{\"@context\":\"https:\/\/schema.org\",\"@graph\":[{\"@type\":\"WebPage\",\"@id\":\"https:\/\/pavidecor.si\/de\/produkt\/futterhaus-vogelhaus\/\",\"url\":\"https:\/\/pavidecor.si\/de\/produkt\/futterhaus-vogelhaus\/\",\"name\":\"Futterhaus aus Holz - Nat\u00fcrlich sch\u00f6nes Vogelhaus f\u00fcr den Garten\",\"isPartOf\":{\"@id\":\"https:\/\/pavidecor.si\/de\/#website\"},\"primaryImageOfPage\":{\"@id\":\"https:\/\/pavidecor.si\/de\/produkt\/futterhaus-vogelhaus\/#primaryimage\"},\"image\":{\"@id\":\"https:\/\/pavidecor.si\/de\/produkt\/futterhaus-vogelhaus\/#primaryimage\"},\"thumbnailUrl\":\"https:\/\/pavidecor.si\/wp-content\/uploads\/2022\/11\/1IMG_7599-2.jpg\",\"datePublished\":\"2022-11-10T11:12:33+00:00\",\"dateModified\":\"2026-04-26T19:08:30+00:00\",\"description\":\"Futterhaus - Vogelhaus ist eine obligatorische Ausr\u00fcstung eines jeden Gartens, da es im Winter erm\u00f6glicht, Singv\u00f6gel zu f\u00fcttern. Mit Seil zum Aufh\u00e4ngen.\",\"breadcrumb\":{\"@id\":\"https:\/\/pavidecor.si\/de\/produkt\/futterhaus-vogelhaus\/#breadcrumb\"},\"inLanguage\":\"de\",\"potentialAction\":[{\"@type\":\"ReadAction\",\"target\":[\"https:\/\/pavidecor.si\/de\/produkt\/futterhaus-vogelhaus\/\"]}]},{\"@type\":\"ImageObject\",\"inLanguage\":\"de\",\"@id\":\"https:\/\/pavidecor.si\/de\/produkt\/futterhaus-vogelhaus\/#primaryimage\",\"url\":\"https:\/\/pavidecor.si\/wp-content\/uploads\/2022\/11\/1IMG_7599-2.jpg\",\"contentUrl\":\"https:\/\/pavidecor.si\/wp-content\/uploads\/2022\/11\/1IMG_7599-2.jpg\",\"width\":1688,\"height\":1688,\"caption\":\"PAVI DECOR\"},{\"@type\":\"BreadcrumbList\",\"@id\":\"https:\/\/pavidecor.si\/de\/produkt\/futterhaus-vogelhaus\/#breadcrumb\",\"itemListElement\":[{\"@type\":\"ListItem\",\"position\":1,\"name\":\"Domov\",\"item\":\"https:\/\/pavidecor.si\/de\/\"},{\"@type\":\"ListItem\",\"position\":2,\"name\":\"Online-Shop\",\"item\":\"https:\/\/pavidecor.si\/de\/online-shop\/\"},{\"@type\":\"ListItem\",\"position\":3,\"name\":\"Futterhaus &#8211; Vogelhaus\"}]},{\"@type\":\"WebSite\",\"@id\":\"https:\/\/pavidecor.si\/de\/#website\",\"url\":\"https:\/\/pavidecor.si\/de\/\",\"name\":\"Pavi Decor\",\"description\":\"Leseni unikati ustvarjeni iz ljubezni do lesa in narave.\",\"potentialAction\":[{\"@type\":\"SearchAction\",\"target\":{\"@type\":\"EntryPoint\",\"urlTemplate\":\"https:\/\/pavidecor.si\/de\/?s={search_term_string}\"},\"query-input\":{\"@type\":\"PropertyValueSpecification\",\"valueRequired\":true,\"valueName\":\"search_term_string\"}}],\"inLanguage\":\"de\"}]}<\/script>\n<!-- \/ Yoast SEO plugin. -->","yoast_head_json":{"title":"Futterhaus aus Holz - Nat\u00fcrlich sch\u00f6nes Vogelhaus f\u00fcr den Garten","description":"Futterhaus - Vogelhaus ist eine obligatorische Ausr\u00fcstung eines jeden Gartens, da es im Winter erm\u00f6glicht, Singv\u00f6gel zu f\u00fcttern. Mit Seil zum Aufh\u00e4ngen.","robots":{"index":"index","follow":"follow","max-snippet":"max-snippet:-1","max-image-preview":"max-image-preview:large","max-video-preview":"max-video-preview:-1"},"canonical":"https:\/\/pavidecor.si\/de\/produkt\/futterhaus-vogelhaus\/","og_locale":"de_DE","og_type":"article","og_title":"Futterhaus aus Holz - Nat\u00fcrlich sch\u00f6nes Vogelhaus f\u00fcr den Garten","og_description":"Futterhaus - Vogelhaus ist eine obligatorische Ausr\u00fcstung eines jeden Gartens, da es im Winter erm\u00f6glicht, Singv\u00f6gel zu f\u00fcttern. Mit Seil zum Aufh\u00e4ngen.","og_url":"https:\/\/pavidecor.si\/de\/produkt\/futterhaus-vogelhaus\/","og_site_name":"Pavi Decor","article_modified_time":"2026-04-26T19:08:30+00:00","og_image":[{"width":1688,"height":1688,"url":"https:\/\/pavidecor.si\/wp-content\/uploads\/2022\/11\/1IMG_7599-2.jpg","type":"image\/jpeg"}],"twitter_card":"summary_large_image","twitter_misc":{"Gesch\u00e4tzte Lesezeit":"4\u00a0Minuten"},"schema":{"@context":"https:\/\/schema.org","@graph":[{"@type":"WebPage","@id":"https:\/\/pavidecor.si\/de\/produkt\/futterhaus-vogelhaus\/","url":"https:\/\/pavidecor.si\/de\/produkt\/futterhaus-vogelhaus\/","name":"Futterhaus aus Holz - Nat\u00fcrlich sch\u00f6nes Vogelhaus f\u00fcr den Garten","isPartOf":{"@id":"https:\/\/pavidecor.si\/de\/#website"},"primaryImageOfPage":{"@id":"https:\/\/pavidecor.si\/de\/produkt\/futterhaus-vogelhaus\/#primaryimage"},"image":{"@id":"https:\/\/pavidecor.si\/de\/produkt\/futterhaus-vogelhaus\/#primaryimage"},"thumbnailUrl":"https:\/\/pavidecor.si\/wp-content\/uploads\/2022\/11\/1IMG_7599-2.jpg","datePublished":"2022-11-10T11:12:33+00:00","dateModified":"2026-04-26T19:08:30+00:00","description":"Futterhaus - Vogelhaus ist eine obligatorische Ausr\u00fcstung eines jeden Gartens, da es im Winter erm\u00f6glicht, Singv\u00f6gel zu f\u00fcttern. Mit Seil zum Aufh\u00e4ngen.","breadcrumb":{"@id":"https:\/\/pavidecor.si\/de\/produkt\/futterhaus-vogelhaus\/#breadcrumb"},"inLanguage":"de","potentialAction":[{"@type":"ReadAction","target":["https:\/\/pavidecor.si\/de\/produkt\/futterhaus-vogelhaus\/"]}]},{"@type":"ImageObject","inLanguage":"de","@id":"https:\/\/pavidecor.si\/de\/produkt\/futterhaus-vogelhaus\/#primaryimage","url":"https:\/\/pavidecor.si\/wp-content\/uploads\/2022\/11\/1IMG_7599-2.jpg","contentUrl":"https:\/\/pavidecor.si\/wp-content\/uploads\/2022\/11\/1IMG_7599-2.jpg","width":1688,"height":1688,"caption":"PAVI DECOR"},{"@type":"BreadcrumbList","@id":"https:\/\/pavidecor.si\/de\/produkt\/futterhaus-vogelhaus\/#breadcrumb","itemListElement":[{"@type":"ListItem","position":1,"name":"Domov","item":"https:\/\/pavidecor.si\/de\/"},{"@type":"ListItem","position":2,"name":"Online-Shop","item":"https:\/\/pavidecor.si\/de\/online-shop\/"},{"@type":"ListItem","position":3,"name":"Futterhaus &#8211; Vogelhaus"}]},{"@type":"WebSite","@id":"https:\/\/pavidecor.si\/de\/#website","url":"https:\/\/pavidecor.si\/de\/","name":"Pavi Decor","description":"Leseni unikati ustvarjeni iz ljubezni do lesa in narave.","potentialAction":[{"@type":"SearchAction","target":{"@type":"EntryPoint","urlTemplate":"https:\/\/pavidecor.si\/de\/?s={search_term_string}"},"query-input":{"@type":"PropertyValueSpecification","valueRequired":true,"valueName":"search_term_string"}}],"inLanguage":"de"}]}},"_links":{"self":[{"href":"https:\/\/pavidecor.si\/de\/wp-json\/wp\/v2\/product\/17934","targetHints":{"allow":["GET"]}}],"collection":[{"href":"https:\/\/pavidecor.si\/de\/wp-json\/wp\/v2\/product"}],"about":[{"href":"https:\/\/pavidecor.si\/de\/wp-json\/wp\/v2\/types\/product"}],"replies":[{"embeddable":true,"href":"https:\/\/pavidecor.si\/de\/wp-json\/wp\/v2\/comments?post=17934"}],"wp:featuredmedia":[{"embeddable":true,"href":"https:\/\/pavidecor.si\/de\/wp-json\/wp\/v2\/media\/17936"}],"wp:attachment":[{"href":"https:\/\/pavidecor.si\/de\/wp-json\/wp\/v2\/media?parent=17934"}],"wp:term":[{"taxonomy":"product_brand","embeddable":true,"href":"https:\/\/pavidecor.si\/de\/wp-json\/wp\/v2\/product_brand?post=17934"},{"taxonomy":"product_cat","embeddable":true,"href":"https:\/\/pavidecor.si\/de\/wp-json\/wp\/v2\/product_cat?post=17934"},{"taxonomy":"product_tag","embeddable":true,"href":"https:\/\/pavidecor.si\/de\/wp-json\/wp\/v2\/product_tag?post=17934"}],"curies":[{"name":"wp","href":"https:\/\/api.w.org\/{rel}","templated":true}]}}