	{"id":17930,"date":"2022-11-10T11:49:46","date_gmt":"2022-11-10T11:49:46","guid":{"rendered":"https:\/\/pavidecor.si\/product\/neujahrs-weihnachtsbaum-ana-weiss-rustikal-72x32x18cm\/"},"modified":"2026-04-04T11:00:38","modified_gmt":"2026-04-04T11:00:38","slug":"neujahrs-tannenbaum-ana-weiss-rustikal-72x32x18cm","status":"publish","type":"product","link":"https:\/\/pavidecor.si\/de\/produkt\/neujahrs-tannenbaum-ana-weiss-rustikal-72x32x18cm\/","title":{"rendered":"Tannenbaum Ana wei\u00df rustikal 72x32x18cm"},"content":{"rendered":"<p><span class=\"prvimanjsinaslovopis\">Tannenbaum rustikal &#8211; Holen Sie sich ein St\u00fcck Natur in Ihr Zuhause<\/span><\/p>\n<p>&nbsp;<\/p>\n<h2><span class=\"odebeljenopis\"><strong><br \/>\nDie Neujahrstanne Ana ist ein einzigartiges Accessoire, das jedem Raum schlichte Eleganz und nat\u00fcrliche Sch\u00f6nheit verleiht. Aus hochwertigem Holz gefertigt, ist diese einzigartige Tanne v\u00f6llig nat\u00fcrlich und pflegeleicht. Sie ist ideal f\u00fcr Wohnr\u00e4ume, Gesch\u00e4ftsr\u00e4ume oder kleinere Ambiente, wo sie mit ihre Pr\u00e4senz eine angenehme festliche Atmosph\u00e4re schafft.<\/strong><\/span><\/h2>\n<p>&nbsp;<\/p>\n<div class=\"row\">\n<div class=\"col-sm-6 \" style=\"margin-top: 30px;\"><center><img decoding=\"async\" class=\"lazyload img-responsive\" style=\"margin: 0px auto; max-width: 100%;\" src=\"data:image\/svg+xml,%3Csvg%20xmlns%3D%27http%3A%2F%2Fwww.w3.org%2F2000%2Fsvg%27%20width%3D%272560%27%20height%3D%272560%27%20viewBox%3D%270%200%202560%202560%27%3E%3Crect%20width%3D%272560%27%20height%3D%272560%27%20fill-opacity%3D%220%22%2F%3E%3C%2Fsvg%3E\" data-orig-src=\"https:\/\/pavidecor.si\/wp-content\/uploads\/2022\/03\/Novoletna-jelka-bela-enostavna-No.1283-1-scaled.jpg\" \/><\/center><\/div>\n<div class=\"col-sm-6\" style=\"margin-top: 40px;\">\n<p>&nbsp;<\/p>\n<h3>Unikat handgefertigt<\/h3>\n<p>Der <span class=\"prvimanjsinaslovopis\">Tannenbaum rustikal<\/span> ist das Ergebnis der Leidenschaft und Liebe zum Holz, das wir in unserem PAVI DECOR-Gesch\u00e4ft in Ljubljana anbauen. Alle unsere Produkte sind das Ergebnis unseres eigenen Wissens und unserer Kreativit\u00e4t, was bedeutet, dass jede Tanne ein Unikat ist. Handgefertigte und traditionelle Techniken zum Verbinden von Holzteilen, die von alten Meistern verwendet werden, sorgen f\u00fcr ein <strong>authentisches Aussehen und Langlebigkeit<\/strong>. Unsere Tanne sieht nicht nur sch\u00f6n aus, sondern ist auch ein Symbol f\u00fcr den Respekt vor der Natur und der Tradition.<\/p>\n<p>&nbsp;<\/p>\n<p>Durch die Verwendung nat\u00fcrlicher Materialien und sorgf\u00e4ltig ausgew\u00e4hlter Details ist der Neujahrstannenbaum Ana so konzipiert, dass es sich in verschiedene Einrichtungsstile einf\u00fcgt. Sein <strong>rustikales wei\u00dfes Design<\/strong> eignet sich besonders f\u00fcr Shabby Chic Ambiente, wodurch es sich leicht mit bestehenden Dekorationen harmonieren l\u00e4sst. Mit diesem Produkt holen Sie sich ein St\u00fcck Natur in Ihr Zuhause, das Sie und Ihre G\u00e4ste verzaubern wird.<\/p>\n<p>&nbsp;<\/p>\n<\/div>\n<\/div>\n<div class=\"row\">\n<div class=\"col-sm-6 col-sm-push-6\" style=\"margin-top: 30px;\"><center><img decoding=\"async\" class=\"lazyload img-responsive\" style=\"margin: 0px auto; max-width: 100%;\" src=\"data:image\/svg+xml,%3Csvg%20xmlns%3D%27http%3A%2F%2Fwww.w3.org%2F2000%2Fsvg%27%20width%3D%272396%27%20height%3D%272396%27%20viewBox%3D%270%200%202396%202396%27%3E%3Crect%20width%3D%272396%27%20height%3D%272396%27%20fill-opacity%3D%220%22%2F%3E%3C%2Fsvg%3E\" data-orig-src=\"https:\/\/pavidecor.si\/wp-content\/uploads\/2022\/03\/Novoletna-jelka-bela-enostavna-No.1283-2-2.jpg\" \/><\/center><\/div>\n<div class=\"col-sm-6 col-sm-pull-6\" style=\"margin-top: 40px;\">\n<p>&nbsp;<\/p>\n<h3>Praktikabilit\u00e4t und einfache Wartung<\/h3>\n<p>Einer der Hauptvorteile der Silvestertanne Anna ist ihre <b>Schlichtheit bei der Pflege<\/b>. Da sie keine Nadeln enth\u00e4lt, die abfallen w\u00fcrden, ist sie eine ideale Wahl f\u00fcr diejenigen, die eine unbeschwerte Urlaubsatmosph\u00e4re w\u00fcnschen. Sie hat auch keine flexiblen Teile, die besch\u00e4digt werden k\u00f6nnten. Platzieren Sie sie einfach in Ihrem Raum und genie\u00dfen Sie ihren Charme ohne zus\u00e4tzliche Arbeit.<\/p>\n<p>&nbsp;<\/p>\n<p>Abgesehen davon, dass die Tanne pflegeleicht ist, <strong>nimmt sie auch sehr wenig Platz ein<\/strong>. Damit eignet sie sich auch f\u00fcr kleinere R\u00e4ume, in denen Sie normalerweise Schwierigkeiten h\u00e4tten, einen nat\u00fcrlichen Weihnachtsbaum aufzustellen. Mit der Silvestertanne Anna k\u00f6nnen Sie die festliche Atmosph\u00e4re genie\u00dfen, ohne sich um Platz sorgen zu m\u00fcssen.<\/p>\n<p>&nbsp;<\/p>\n<\/div>\n<\/div>\n<div class=\"row\">\n<div class=\"col-sm-6\" style=\"margin-top: 30px;\"><center><img decoding=\"async\" class=\"lazyload img-responsive\" style=\"margin: 0px auto; max-width: 100%;\" src=\"data:image\/svg+xml,%3Csvg%20xmlns%3D%27http%3A%2F%2Fwww.w3.org%2F2000%2Fsvg%27%20width%3D%272560%27%20height%3D%272560%27%20viewBox%3D%270%200%202560%202560%27%3E%3Crect%20width%3D%272560%27%20height%3D%272560%27%20fill-opacity%3D%220%22%2F%3E%3C%2Fsvg%3E\" data-orig-src=\"https:\/\/pavidecor.si\/wp-content\/uploads\/2022\/03\/Novoletna-jelka-bela-enostavna-No.1283-3-2-scaled.jpg\" \/><\/center><\/div>\n<div class=\"col-sm-6\" style=\"margin-top: 40px;\">\n<p>&nbsp;<\/p>\n<h3>Dekoration und Zubeh\u00f6r<\/h3>\n<p>F\u00fcr eine noch festlichere Atmosph\u00e4re k\u00f6nnen Sie den Anna-Neujahrsbaum mit unseren <a href=\"https:\/\/pavidecor.si\/de\/kategorije\/dekorationsprodukte-fur-zu-hause\/kerzenstander\/\"><span style=\"color: #3366ff;\"><b>Kerzenst\u00e4ndern aus Holz<\/b><\/span><\/a> schm\u00fccken, die ebenfalls Teil unseres Programms sind. Diese Accessoires erg\u00e4nzen nicht nur das Aussehen der Tanne, sondern schaffen auch ein gem\u00fctliches und warmes Licht, das Ihren Raum bereichern wird.<\/p>\n<p>&nbsp;<\/p>\n<p>Unsere einzigartige Holztanne ist so konzipiert, dass sie nicht zusammengebaut werden muss. Das bedeutet, dass Sie sie sofort platzieren und ihren Charme genie\u00dfen k\u00f6nnen. Mit ihrer schlichten Eleganz und nat\u00fcrlichen Sch\u00f6nheit wird die Neujahrstananne den nat\u00fcrlichen Weihnachtsbaum dauerhaft ersetzen. Dies wird auch zum Erhalt unserer W\u00e4lder beitragen. Besuchen Sie uns bei PAVI DECOR und entdecken Sie, wie dieses wunderbare Produkt <strong>Ihr Zuhause bereichern kann<\/strong>.<\/p>\n<p>&nbsp;<\/p>\n<\/div>\n<\/div>\n<blockquote><p>Mit ihrer schlichten Eleganz bringt der <span class=\"prvimanjsinaslovopis\">Tannenbaum rustikal<\/span> ein St\u00fcck Natur in jeden Raum, sei es ein Wohn- oder Gesch\u00e4ftsraum. Es ist v\u00f6llig nat\u00fcrlich und pflegeleicht, da es keine Nadeln hat, die abfallen w\u00fcrden. Da sind auch keine flexiblen Teile, die besch\u00e4digt werden k\u00f6nnten. Unsere einzigartige Holztanne wird den nat\u00fcrlichen Weihnachtsbaum dauerhaft ersetzen und so zum Erhalt unserer W\u00e4lder beitragen. Die Silvestertanne Ana in der Tiefe nimmt sehr wenig Platz ein und eignet sich daher auch f\u00fcr kleine R\u00e4ume. In einer rustikalen wei\u00dfen Version eignet er sich besonders f\u00fcr Shabby Chic Ambiente. F\u00fcr die Dekoration und Beleuchtung k\u00f6nnen Sie Kerzenst\u00e4nder aus Holz aus unserem Programm verwenden. Keine Montage erforderlich.<\/p><\/blockquote>\n<p>&nbsp;<\/p>\n","protected":false},"excerpt":{"rendered":"<p><strong><span style=\"color: #c4963c;\">\u2192 Handgefertigt<\/span><\/strong><strong><span style=\"color: #c4963c;\"><br \/>\n<\/span><span style=\"color: #c4963c;\">\u2192 Einzigartig<\/span><\/strong><\/p>\n","protected":false},"featured_media":14722,"comment_status":"open","ping_status":"closed","template":"","meta":[],"product_brand":[],"product_cat":[370],"product_tag":[],"class_list":{"0":"post-17930","1":"product","2":"type-product","3":"status-publish","4":"has-post-thumbnail","6":"product_cat-neujahrs-weihnachtsbaume","8":"first","9":"instock","10":"taxable","11":"shipping-taxable","12":"purchasable","13":"product-type-simple"},"yoast_head":"<!-- This site is optimized with the Yoast SEO plugin v27.2 - https:\/\/yoast.com\/product\/yoast-seo-wordpress\/ -->\n<title>Tannenbaum rustikal Ana - Ein St\u00fcck Natur in Ihr Zuhause<\/title>\n<meta name=\"description\" content=\"Mit ihrer schlichten Eleganz bringt der Tannenbaum rustikal ein St\u00fcck Natur in jeden Raum. Es ist v\u00f6llig nat\u00fcrlich und unpr\u00e4tenti\u00f6s zu pflegen.\" \/>\n<meta name=\"robots\" content=\"index, follow, max-snippet:-1, max-image-preview:large, max-video-preview:-1\" \/>\n<link rel=\"canonical\" href=\"https:\/\/pavidecor.si\/de\/produkt\/neujahrs-tannenbaum-ana-weiss-rustikal-72x32x18cm\/\" \/>\n<meta property=\"og:locale\" content=\"de_DE\" \/>\n<meta property=\"og:type\" content=\"article\" \/>\n<meta property=\"og:title\" content=\"Tannenbaum rustikal Ana - Ein St\u00fcck Natur in Ihr Zuhause\" \/>\n<meta property=\"og:description\" content=\"Mit ihrer schlichten Eleganz bringt der Tannenbaum rustikal ein St\u00fcck Natur in jeden Raum. Es ist v\u00f6llig nat\u00fcrlich und unpr\u00e4tenti\u00f6s zu pflegen.\" \/>\n<meta property=\"og:url\" content=\"https:\/\/pavidecor.si\/de\/produkt\/neujahrs-tannenbaum-ana-weiss-rustikal-72x32x18cm\/\" \/>\n<meta property=\"og:site_name\" content=\"Pavi Decor\" \/>\n<meta property=\"article:modified_time\" content=\"2026-04-04T11:00:38+00:00\" \/>\n<meta property=\"og:image\" content=\"https:\/\/pavidecor.si\/wp-content\/uploads\/2022\/03\/Novoletna-jelka-bela-enostavna-No.1283-1-scaled.jpg\" \/>\n\t<meta property=\"og:image:width\" content=\"2560\" \/>\n\t<meta property=\"og:image:height\" content=\"2560\" \/>\n\t<meta property=\"og:image:type\" content=\"image\/jpeg\" \/>\n<meta name=\"twitter:card\" content=\"summary_large_image\" \/>\n<meta name=\"twitter:label1\" content=\"Gesch\u00e4tzte Lesezeit\" \/>\n\t<meta name=\"twitter:data1\" content=\"4\u00a0Minuten\" \/>\n<script type=\"application\/ld+json\" class=\"yoast-schema-graph\">{\"@context\":\"https:\/\/schema.org\",\"@graph\":[{\"@type\":\"WebPage\",\"@id\":\"https:\/\/pavidecor.si\/de\/produkt\/neujahrs-tannenbaum-ana-weiss-rustikal-72x32x18cm\/\",\"url\":\"https:\/\/pavidecor.si\/de\/produkt\/neujahrs-tannenbaum-ana-weiss-rustikal-72x32x18cm\/\",\"name\":\"Tannenbaum rustikal Ana - Ein St\u00fcck Natur in Ihr Zuhause\",\"isPartOf\":{\"@id\":\"https:\/\/pavidecor.si\/de\/#website\"},\"primaryImageOfPage\":{\"@id\":\"https:\/\/pavidecor.si\/de\/produkt\/neujahrs-tannenbaum-ana-weiss-rustikal-72x32x18cm\/#primaryimage\"},\"image\":{\"@id\":\"https:\/\/pavidecor.si\/de\/produkt\/neujahrs-tannenbaum-ana-weiss-rustikal-72x32x18cm\/#primaryimage\"},\"thumbnailUrl\":\"https:\/\/pavidecor.si\/wp-content\/uploads\/2022\/03\/Novoletna-jelka-bela-enostavna-No.1283-1-scaled.jpg\",\"datePublished\":\"2022-11-10T11:49:46+00:00\",\"dateModified\":\"2026-04-04T11:00:38+00:00\",\"description\":\"Mit ihrer schlichten Eleganz bringt der Tannenbaum rustikal ein St\u00fcck Natur in jeden Raum. Es ist v\u00f6llig nat\u00fcrlich und unpr\u00e4tenti\u00f6s zu pflegen.\",\"breadcrumb\":{\"@id\":\"https:\/\/pavidecor.si\/de\/produkt\/neujahrs-tannenbaum-ana-weiss-rustikal-72x32x18cm\/#breadcrumb\"},\"inLanguage\":\"de\",\"potentialAction\":[{\"@type\":\"ReadAction\",\"target\":[\"https:\/\/pavidecor.si\/de\/produkt\/neujahrs-tannenbaum-ana-weiss-rustikal-72x32x18cm\/\"]}]},{\"@type\":\"ImageObject\",\"inLanguage\":\"de\",\"@id\":\"https:\/\/pavidecor.si\/de\/produkt\/neujahrs-tannenbaum-ana-weiss-rustikal-72x32x18cm\/#primaryimage\",\"url\":\"https:\/\/pavidecor.si\/wp-content\/uploads\/2022\/03\/Novoletna-jelka-bela-enostavna-No.1283-1-scaled.jpg\",\"contentUrl\":\"https:\/\/pavidecor.si\/wp-content\/uploads\/2022\/03\/Novoletna-jelka-bela-enostavna-No.1283-1-scaled.jpg\",\"width\":2560,\"height\":2560,\"caption\":\"PAVI DECOR\"},{\"@type\":\"BreadcrumbList\",\"@id\":\"https:\/\/pavidecor.si\/de\/produkt\/neujahrs-tannenbaum-ana-weiss-rustikal-72x32x18cm\/#breadcrumb\",\"itemListElement\":[{\"@type\":\"ListItem\",\"position\":1,\"name\":\"Domov\",\"item\":\"https:\/\/pavidecor.si\/de\/\"},{\"@type\":\"ListItem\",\"position\":2,\"name\":\"Online-Shop\",\"item\":\"https:\/\/pavidecor.si\/de\/online-shop\/\"},{\"@type\":\"ListItem\",\"position\":3,\"name\":\"Tannenbaum Ana wei\u00df rustikal 72x32x18cm\"}]},{\"@type\":\"WebSite\",\"@id\":\"https:\/\/pavidecor.si\/de\/#website\",\"url\":\"https:\/\/pavidecor.si\/de\/\",\"name\":\"Pavi Decor\",\"description\":\"Leseni unikati ustvarjeni iz ljubezni do lesa in narave.\",\"potentialAction\":[{\"@type\":\"SearchAction\",\"target\":{\"@type\":\"EntryPoint\",\"urlTemplate\":\"https:\/\/pavidecor.si\/de\/?s={search_term_string}\"},\"query-input\":{\"@type\":\"PropertyValueSpecification\",\"valueRequired\":true,\"valueName\":\"search_term_string\"}}],\"inLanguage\":\"de\"}]}<\/script>\n<!-- \/ Yoast SEO plugin. -->","yoast_head_json":{"title":"Tannenbaum rustikal Ana - Ein St\u00fcck Natur in Ihr Zuhause","description":"Mit ihrer schlichten Eleganz bringt der Tannenbaum rustikal ein St\u00fcck Natur in jeden Raum. Es ist v\u00f6llig nat\u00fcrlich und unpr\u00e4tenti\u00f6s zu pflegen.","robots":{"index":"index","follow":"follow","max-snippet":"max-snippet:-1","max-image-preview":"max-image-preview:large","max-video-preview":"max-video-preview:-1"},"canonical":"https:\/\/pavidecor.si\/de\/produkt\/neujahrs-tannenbaum-ana-weiss-rustikal-72x32x18cm\/","og_locale":"de_DE","og_type":"article","og_title":"Tannenbaum rustikal Ana - Ein St\u00fcck Natur in Ihr Zuhause","og_description":"Mit ihrer schlichten Eleganz bringt der Tannenbaum rustikal ein St\u00fcck Natur in jeden Raum. Es ist v\u00f6llig nat\u00fcrlich und unpr\u00e4tenti\u00f6s zu pflegen.","og_url":"https:\/\/pavidecor.si\/de\/produkt\/neujahrs-tannenbaum-ana-weiss-rustikal-72x32x18cm\/","og_site_name":"Pavi Decor","article_modified_time":"2026-04-04T11:00:38+00:00","og_image":[{"width":2560,"height":2560,"url":"https:\/\/pavidecor.si\/wp-content\/uploads\/2022\/03\/Novoletna-jelka-bela-enostavna-No.1283-1-scaled.jpg","type":"image\/jpeg"}],"twitter_card":"summary_large_image","twitter_misc":{"Gesch\u00e4tzte Lesezeit":"4\u00a0Minuten"},"schema":{"@context":"https:\/\/schema.org","@graph":[{"@type":"WebPage","@id":"https:\/\/pavidecor.si\/de\/produkt\/neujahrs-tannenbaum-ana-weiss-rustikal-72x32x18cm\/","url":"https:\/\/pavidecor.si\/de\/produkt\/neujahrs-tannenbaum-ana-weiss-rustikal-72x32x18cm\/","name":"Tannenbaum rustikal Ana - Ein St\u00fcck Natur in Ihr Zuhause","isPartOf":{"@id":"https:\/\/pavidecor.si\/de\/#website"},"primaryImageOfPage":{"@id":"https:\/\/pavidecor.si\/de\/produkt\/neujahrs-tannenbaum-ana-weiss-rustikal-72x32x18cm\/#primaryimage"},"image":{"@id":"https:\/\/pavidecor.si\/de\/produkt\/neujahrs-tannenbaum-ana-weiss-rustikal-72x32x18cm\/#primaryimage"},"thumbnailUrl":"https:\/\/pavidecor.si\/wp-content\/uploads\/2022\/03\/Novoletna-jelka-bela-enostavna-No.1283-1-scaled.jpg","datePublished":"2022-11-10T11:49:46+00:00","dateModified":"2026-04-04T11:00:38+00:00","description":"Mit ihrer schlichten Eleganz bringt der Tannenbaum rustikal ein St\u00fcck Natur in jeden Raum. Es ist v\u00f6llig nat\u00fcrlich und unpr\u00e4tenti\u00f6s zu pflegen.","breadcrumb":{"@id":"https:\/\/pavidecor.si\/de\/produkt\/neujahrs-tannenbaum-ana-weiss-rustikal-72x32x18cm\/#breadcrumb"},"inLanguage":"de","potentialAction":[{"@type":"ReadAction","target":["https:\/\/pavidecor.si\/de\/produkt\/neujahrs-tannenbaum-ana-weiss-rustikal-72x32x18cm\/"]}]},{"@type":"ImageObject","inLanguage":"de","@id":"https:\/\/pavidecor.si\/de\/produkt\/neujahrs-tannenbaum-ana-weiss-rustikal-72x32x18cm\/#primaryimage","url":"https:\/\/pavidecor.si\/wp-content\/uploads\/2022\/03\/Novoletna-jelka-bela-enostavna-No.1283-1-scaled.jpg","contentUrl":"https:\/\/pavidecor.si\/wp-content\/uploads\/2022\/03\/Novoletna-jelka-bela-enostavna-No.1283-1-scaled.jpg","width":2560,"height":2560,"caption":"PAVI DECOR"},{"@type":"BreadcrumbList","@id":"https:\/\/pavidecor.si\/de\/produkt\/neujahrs-tannenbaum-ana-weiss-rustikal-72x32x18cm\/#breadcrumb","itemListElement":[{"@type":"ListItem","position":1,"name":"Domov","item":"https:\/\/pavidecor.si\/de\/"},{"@type":"ListItem","position":2,"name":"Online-Shop","item":"https:\/\/pavidecor.si\/de\/online-shop\/"},{"@type":"ListItem","position":3,"name":"Tannenbaum Ana wei\u00df rustikal 72x32x18cm"}]},{"@type":"WebSite","@id":"https:\/\/pavidecor.si\/de\/#website","url":"https:\/\/pavidecor.si\/de\/","name":"Pavi Decor","description":"Leseni unikati ustvarjeni iz ljubezni do lesa in narave.","potentialAction":[{"@type":"SearchAction","target":{"@type":"EntryPoint","urlTemplate":"https:\/\/pavidecor.si\/de\/?s={search_term_string}"},"query-input":{"@type":"PropertyValueSpecification","valueRequired":true,"valueName":"search_term_string"}}],"inLanguage":"de"}]}},"_links":{"self":[{"href":"https:\/\/pavidecor.si\/de\/wp-json\/wp\/v2\/product\/17930","targetHints":{"allow":["GET"]}}],"collection":[{"href":"https:\/\/pavidecor.si\/de\/wp-json\/wp\/v2\/product"}],"about":[{"href":"https:\/\/pavidecor.si\/de\/wp-json\/wp\/v2\/types\/product"}],"replies":[{"embeddable":true,"href":"https:\/\/pavidecor.si\/de\/wp-json\/wp\/v2\/comments?post=17930"}],"wp:featuredmedia":[{"embeddable":true,"href":"https:\/\/pavidecor.si\/de\/wp-json\/wp\/v2\/media\/14722"}],"wp:attachment":[{"href":"https:\/\/pavidecor.si\/de\/wp-json\/wp\/v2\/media?parent=17930"}],"wp:term":[{"taxonomy":"product_brand","embeddable":true,"href":"https:\/\/pavidecor.si\/de\/wp-json\/wp\/v2\/product_brand?post=17930"},{"taxonomy":"product_cat","embeddable":true,"href":"https:\/\/pavidecor.si\/de\/wp-json\/wp\/v2\/product_cat?post=17930"},{"taxonomy":"product_tag","embeddable":true,"href":"https:\/\/pavidecor.si\/de\/wp-json\/wp\/v2\/product_tag?post=17930"}],"curies":[{"name":"wp","href":"https:\/\/api.w.org\/{rel}","templated":true}]}}