	{"id":17890,"date":"2022-11-11T09:12:45","date_gmt":"2022-11-11T09:12:45","guid":{"rendered":"https:\/\/pavidecor.si\/product\/neujahrs-weihnachtsbaum-pia-weiss-rustikal-160x86x18cm\/"},"modified":"2026-04-22T12:03:17","modified_gmt":"2026-04-22T12:03:17","slug":"neujahrs-weihnachtsbaum-pia-weiss-rustikal-160x86x18cm","status":"publish","type":"product","link":"https:\/\/pavidecor.si\/de\/produkt\/neujahrs-weihnachtsbaum-pia-weiss-rustikal-160x86x18cm\/","title":{"rendered":"Weihnachtsbaum Pia wei\u00df rustikal 160x86x18cm"},"content":{"rendered":"<p><span class=\"prvimanjsinaslovopis\"><br \/>\nWeihnachtsbaum Pia rustikal &#8211; Die Eleganz der Natur in Ihrem Zuhause<\/span><\/p>\n<p>&nbsp;<\/p>\n<h2><span class=\"odebeljenopis\"><strong><br \/>\nEntdecken Sie den Zauber der Weihnachtszeit mit unserem einzigartigen Neujahrsbaum Pia. Diese elegante Holztanne kombiniert nat\u00fcrliche Elemente mit modernem Design und ist damit die perfekte Wahl f\u00fcr jedes Zuhause. Pia wird in Slowenien handgefertigt und ist langlebig und pflegeleicht, was bedeutet, dass Sie seinen Charme unbesorgt genie\u00dfen k\u00f6nnen.<\/strong><\/span><\/h2>\n<p>&nbsp;<\/p>\n<div class=\"row\">\n<div class=\"col-sm-6 \" style=\"margin-top: 30px;\"><center><img decoding=\"async\" class=\"lazyload img-responsive\" style=\"margin: 0px auto; max-width: 100%;\" src=\"data:image\/svg+xml,%3Csvg%20xmlns%3D%27http%3A%2F%2Fwww.w3.org%2F2000%2Fsvg%27%20width%3D%272560%27%20height%3D%272560%27%20viewBox%3D%270%200%202560%202560%27%3E%3Crect%20width%3D%272560%27%20height%3D%272560%27%20fill-opacity%3D%220%22%2F%3E%3C%2Fsvg%3E\" data-orig-src=\"https:\/\/pavidecor.si\/wp-content\/uploads\/2022\/03\/Novoletna-jelka-Pia-bela-stiri-policke-No.1280-1-scaled.jpg\" \/><\/center><\/div>\n<div class=\"col-sm-6\" style=\"margin-top: 40px;\">\n<p>&nbsp;<\/p>\n<h3>Unikat handgefertigt<\/h3>\n<p>Der Weihnachtsbaum Pia wei\u00df rustikal ist das Ergebnis der Leidenschaft und Liebe zu Holz und Natur, die wir in unserem PAVI DECOR Fabrik in Ljubljana anbauen. Jede Tanne wird in Handarbeit mit traditionellen Splei\u00dftechniken hergestellt, die von den alten Meistern verwendet wurden. Dieser Ansatz stellt sicher, dass jedes St\u00fcck <strong>einzigartig und authentisch<\/strong> ist und Ihrer Weihnachtsdekoration einen Mehrwert verleiht. Durch die Verwendung nat\u00fcrlicher Materialien und sorgf\u00e4ltig ausgew\u00e4hlter Details ist Pia mehr als nur Dekoration. Es ist ein wahres Kunstwerk, das W\u00e4rme und nat\u00fcrliche Sch\u00f6nheit in Ihr Zuhause bringt.<\/p>\n<p>&nbsp;<\/p>\n<p>Neben ihrem \u00e4sthetischen Wert ist die Pia-Neujahrstanne auch <b>eine biologische Wahl<\/b>. Wenn Sie sich f\u00fcr eine Holztanne entscheiden, tragen Sie zur Erhaltung unserer W\u00e4lder bei, da Sie keinen nat\u00fcrlichen Baum f\u00e4llen m\u00fcssen. Pia ist langlebig und wird Sie viele Jahre lang begleiten, was bedeutet, dass Sie ihren Charme jedes Jahr aufs Neue genie\u00dfen k\u00f6nnen, ohne die Umwelt zu belasten.<\/p>\n<p>&nbsp;<\/p>\n<\/div>\n<\/div>\n<div class=\"row\">\n<div class=\"col-sm-6 col-sm-push-6\" style=\"margin-top: 30px;\"><center><img decoding=\"async\" class=\"lazyload img-responsive\" style=\"margin: 0px auto; max-width: 100%;\" src=\"data:image\/svg+xml,%3Csvg%20xmlns%3D%27http%3A%2F%2Fwww.w3.org%2F2000%2Fsvg%27%20width%3D%272560%27%20height%3D%272560%27%20viewBox%3D%270%200%202560%202560%27%3E%3Crect%20width%3D%272560%27%20height%3D%272560%27%20fill-opacity%3D%220%22%2F%3E%3C%2Fsvg%3E\" data-orig-src=\"https:\/\/pavidecor.si\/wp-content\/uploads\/2022\/03\/Novoletna-jelka-Pia-bela-stiri-policke-No.1280-2-2-scaled.jpg\" \/><\/center><\/div>\n<div class=\"col-sm-6 col-sm-pull-6\" style=\"margin-top: 40px;\">\n<p>&nbsp;<\/p>\n<h3>Praktikabilit\u00e4t und einfache Wartung<\/h3>\n<p>Einer der Hauptvorteile der Neujahrstanne ist ihre <b>Schlichtheit bei der Pflege<\/b>. Da keine Nadeln abfallen und keine flexiblen Teile besch\u00e4digt werden k\u00f6nnten, ist diese Tanne die perfekte Wahl f\u00fcr alle, die eine unbeschwerte Urlaubsatmosph\u00e4re suchen. Platzieren Sie es einfach und dekorieren Sie es nach Ihren W\u00fcnschen. Sie haben vier Regale, zu denen Sie Ihre Lieblingsdekorationen hinzuf\u00fcgen k\u00f6nnen, die eine individuelle Anpassung und Personalisierung erm\u00f6glichen.<\/p>\n<p>&nbsp;<\/p>\n<p>Der Weihnachtsbaum Pia nimmt nicht nur sehr wenig Platz ein, sondern ist auch eine ausgezeichnete Wahl f\u00fcr kleinere R\u00e4ume. Sein rustikales wei\u00dfes Design f\u00fcgt sich perfekt in Shabby Chic Ambiente ein, was bedeutet, dass Ihre Weihnachtsdekoration immer im Trend liegt. Verwenden Sie es als Mittelpunkt Ihrer Weihnachtsdekoration und erg\u00e4nzen Sie es mit unseren <a href=\"https:\/\/pavidecor.si\/de\/kategorije\/dekorationsprodukte-fur-zu-hause\/kerzenstander\/\"><strong><span style=\"color: #3366ff;\">Kerzenst\u00e4ndern aus Holz<\/span><\/strong><\/a> aus dem PAVI DECOR-Programm, die noch mehr W\u00e4rme und Licht verleihen.<\/p>\n<p>&nbsp;<\/p>\n<\/div>\n<\/div>\n<div class=\"row\">\n<div class=\"col-sm-6\" style=\"margin-top: 30px;\"><center><img decoding=\"async\" class=\"lazyload img-responsive\" style=\"margin: 0px auto; max-width: 100%;\" src=\"data:image\/svg+xml,%3Csvg%20xmlns%3D%27http%3A%2F%2Fwww.w3.org%2F2000%2Fsvg%27%20width%3D%272560%27%20height%3D%272560%27%20viewBox%3D%270%200%202560%202560%27%3E%3Crect%20width%3D%272560%27%20height%3D%272560%27%20fill-opacity%3D%220%22%2F%3E%3C%2Fsvg%3E\" data-orig-src=\"https:\/\/pavidecor.si\/wp-content\/uploads\/2022\/03\/Novoletna-jelka-Pia-bela-stiri-policke-No.1280-3-2-scaled.jpg\" \/><\/center><\/div>\n<div class=\"col-sm-6\" style=\"margin-top: 40px;\">\n<p>&nbsp;<\/p>\n<h3>Die perfekte Wahl f\u00fcr festliche Momente<\/h3>\n<p>Der Weihnachtsbaum Pia ist nicht nur eine Dekoration, sondern auch ein Symbol f\u00fcr die festliche Stimmung und Familienmomente. Mit seiner schlichten Eleganz und nat\u00fcrlichen Sch\u00f6nheit wird es zum <strong>Mittelpunkt Ihrer Feierlichkeiten<\/strong>. Egal, ob Sie es im Wohnzimmer, im Esszimmer oder sogar im Eingangsflur platzieren, Pia wird die Blicke auf sich ziehen und eine gem\u00fctliche Atmosph\u00e4re schaffen.<\/p>\n<p>&nbsp;<\/p>\n<p>Besuchen Sie unseren PAVI DECOR Store in Ljubljana und sehen Sie den Neujahrsbaum Pia in unserem Silvesterambiente. Wir sind sicher, dass Sie von seiner <strong>Einzigartigkeit und Qualit\u00e4t<\/strong> verzaubert sein werden. Denken Sie daran, dass jede Tanne das Ergebnis unseres eigenen Wissens und unserer Kreativit\u00e4t ist. Das bedeutet, dass Sie mit dem Kauf lokale Handwerker und eine nachhaltig ausgerichtete Produktion unterst\u00fctzen.<\/p>\n<p>&nbsp;<\/p>\n<\/div>\n<\/div>\n<blockquote><p>Der Weihnachtsbaum Pia verbindet Natur mit Eleganz, und auf Wunsch k\u00f6nnen Sie seine vier Regale mit Dekorationen versehen. Es ist v\u00f6llig nat\u00fcrlich und pflegeleicht, da es keine Nadeln hat, die abfallen w\u00fcrden, und keine flexiblen Teile, die besch\u00e4digt werden k\u00f6nnten. Unsere einzigartige Holztanne wird den nat\u00fcrlichen Weihnachtsbaum dauerhaft ersetzen und so zum Erhalt unserer W\u00e4lder beitragen. Die Silvestertanne Pia in der Tiefe nimmt sehr wenig Platz ein und eignet sich daher auch f\u00fcr kleine R\u00e4ume. In einer rustikalen wei\u00dfen Version eignet er sich besonders f\u00fcr Shabby Chic Ambiente. F\u00fcr die Dekoration und Beleuchtung k\u00f6nnen Sie Kerzenst\u00e4nder aus Holz aus unserem Programm verwenden. Keine Montage erforderlich. Den Neujahrsbaum Pia k\u00f6nnen Sie auch in unserem <a href=\"https:\/\/pavidecor.si\/de\/projects\/silvester-ambiente\/\"><strong><span style=\"color: #3366ff;\">Silvesterambiente<\/span><\/strong><\/a> sehen.<\/p><\/blockquote>\n<p>&nbsp;<\/p>\n","protected":false},"excerpt":{"rendered":"<p><strong><span style=\"color: #c4963c;\">\u2192 Handgefertigt<\/span><\/strong><strong><span style=\"color: #c4963c;\"><br \/>\n<\/span><span style=\"color: #c4963c;\">\u2192 Einzigartig<\/span><\/strong><\/p>\n","protected":false},"featured_media":14729,"comment_status":"open","ping_status":"closed","template":"","meta":[],"product_brand":[],"product_cat":[370],"product_tag":[246,244],"class_list":{"0":"post-17890","1":"product","2":"type-product","3":"status-publish","4":"has-post-thumbnail","6":"product_cat-neujahrs-weihnachtsbaume","7":"product_tag-aktion","8":"product_tag-silvester-ambiente","10":"first","11":"instock","12":"sale","13":"taxable","14":"shipping-taxable","15":"purchasable","16":"product-type-simple"},"yoast_head":"<!-- This site is optimized with the Yoast SEO plugin v27.2 - https:\/\/yoast.com\/product\/yoast-seo-wordpress\/ -->\n<title>Weihnachtsbaum rustikal - Die Eleganz der Natur in Ihrem Zuhause<\/title>\n<meta name=\"description\" content=\"Der Weihnachtsbaum Pia verbindet Natur mit Eleganz. Es ist v\u00f6llig nat\u00fcrlich und pflegeleicht, da es keine Nadeln hat, die abfallen w\u00fcrden. Einzigartig.\" \/>\n<meta name=\"robots\" content=\"index, follow, max-snippet:-1, max-image-preview:large, max-video-preview:-1\" \/>\n<link rel=\"canonical\" href=\"https:\/\/pavidecor.si\/de\/produkt\/neujahrs-weihnachtsbaum-pia-weiss-rustikal-160x86x18cm\/\" \/>\n<meta property=\"og:locale\" content=\"de_DE\" \/>\n<meta property=\"og:type\" content=\"article\" \/>\n<meta property=\"og:title\" content=\"Weihnachtsbaum rustikal - Die Eleganz der Natur in Ihrem Zuhause\" \/>\n<meta property=\"og:description\" content=\"Der Weihnachtsbaum Pia verbindet Natur mit Eleganz. Es ist v\u00f6llig nat\u00fcrlich und pflegeleicht, da es keine Nadeln hat, die abfallen w\u00fcrden. Einzigartig.\" \/>\n<meta property=\"og:url\" content=\"https:\/\/pavidecor.si\/de\/produkt\/neujahrs-weihnachtsbaum-pia-weiss-rustikal-160x86x18cm\/\" \/>\n<meta property=\"og:site_name\" content=\"Pavi Decor\" \/>\n<meta property=\"article:modified_time\" content=\"2026-04-22T12:03:17+00:00\" \/>\n<meta property=\"og:image\" content=\"https:\/\/pavidecor.si\/wp-content\/uploads\/2022\/03\/Novoletna-jelka-Pia-bela-stiri-policke-No.1280-1-scaled.jpg\" \/>\n\t<meta property=\"og:image:width\" content=\"2560\" \/>\n\t<meta property=\"og:image:height\" content=\"2560\" \/>\n\t<meta property=\"og:image:type\" content=\"image\/jpeg\" \/>\n<meta name=\"twitter:card\" content=\"summary_large_image\" \/>\n<meta name=\"twitter:label1\" content=\"Gesch\u00e4tzte Lesezeit\" \/>\n\t<meta name=\"twitter:data1\" content=\"4\u00a0Minuten\" \/>\n<script type=\"application\/ld+json\" class=\"yoast-schema-graph\">{\"@context\":\"https:\/\/schema.org\",\"@graph\":[{\"@type\":\"WebPage\",\"@id\":\"https:\/\/pavidecor.si\/de\/produkt\/neujahrs-weihnachtsbaum-pia-weiss-rustikal-160x86x18cm\/\",\"url\":\"https:\/\/pavidecor.si\/de\/produkt\/neujahrs-weihnachtsbaum-pia-weiss-rustikal-160x86x18cm\/\",\"name\":\"Weihnachtsbaum rustikal - Die Eleganz der Natur in Ihrem Zuhause\",\"isPartOf\":{\"@id\":\"https:\/\/pavidecor.si\/de\/#website\"},\"primaryImageOfPage\":{\"@id\":\"https:\/\/pavidecor.si\/de\/produkt\/neujahrs-weihnachtsbaum-pia-weiss-rustikal-160x86x18cm\/#primaryimage\"},\"image\":{\"@id\":\"https:\/\/pavidecor.si\/de\/produkt\/neujahrs-weihnachtsbaum-pia-weiss-rustikal-160x86x18cm\/#primaryimage\"},\"thumbnailUrl\":\"https:\/\/pavidecor.si\/wp-content\/uploads\/2022\/03\/Novoletna-jelka-Pia-bela-stiri-policke-No.1280-1-scaled.jpg\",\"datePublished\":\"2022-11-11T09:12:45+00:00\",\"dateModified\":\"2026-04-22T12:03:17+00:00\",\"description\":\"Der Weihnachtsbaum Pia verbindet Natur mit Eleganz. Es ist v\u00f6llig nat\u00fcrlich und pflegeleicht, da es keine Nadeln hat, die abfallen w\u00fcrden. Einzigartig.\",\"breadcrumb\":{\"@id\":\"https:\/\/pavidecor.si\/de\/produkt\/neujahrs-weihnachtsbaum-pia-weiss-rustikal-160x86x18cm\/#breadcrumb\"},\"inLanguage\":\"de\",\"potentialAction\":[{\"@type\":\"ReadAction\",\"target\":[\"https:\/\/pavidecor.si\/de\/produkt\/neujahrs-weihnachtsbaum-pia-weiss-rustikal-160x86x18cm\/\"]}]},{\"@type\":\"ImageObject\",\"inLanguage\":\"de\",\"@id\":\"https:\/\/pavidecor.si\/de\/produkt\/neujahrs-weihnachtsbaum-pia-weiss-rustikal-160x86x18cm\/#primaryimage\",\"url\":\"https:\/\/pavidecor.si\/wp-content\/uploads\/2022\/03\/Novoletna-jelka-Pia-bela-stiri-policke-No.1280-1-scaled.jpg\",\"contentUrl\":\"https:\/\/pavidecor.si\/wp-content\/uploads\/2022\/03\/Novoletna-jelka-Pia-bela-stiri-policke-No.1280-1-scaled.jpg\",\"width\":2560,\"height\":2560,\"caption\":\"PAVI DECOR\"},{\"@type\":\"BreadcrumbList\",\"@id\":\"https:\/\/pavidecor.si\/de\/produkt\/neujahrs-weihnachtsbaum-pia-weiss-rustikal-160x86x18cm\/#breadcrumb\",\"itemListElement\":[{\"@type\":\"ListItem\",\"position\":1,\"name\":\"Domov\",\"item\":\"https:\/\/pavidecor.si\/de\/\"},{\"@type\":\"ListItem\",\"position\":2,\"name\":\"Online-Shop\",\"item\":\"https:\/\/pavidecor.si\/de\/online-shop\/\"},{\"@type\":\"ListItem\",\"position\":3,\"name\":\"Weihnachtsbaum Pia wei\u00df rustikal 160x86x18cm\"}]},{\"@type\":\"WebSite\",\"@id\":\"https:\/\/pavidecor.si\/de\/#website\",\"url\":\"https:\/\/pavidecor.si\/de\/\",\"name\":\"Pavi Decor\",\"description\":\"Leseni unikati ustvarjeni iz ljubezni do lesa in narave.\",\"potentialAction\":[{\"@type\":\"SearchAction\",\"target\":{\"@type\":\"EntryPoint\",\"urlTemplate\":\"https:\/\/pavidecor.si\/de\/?s={search_term_string}\"},\"query-input\":{\"@type\":\"PropertyValueSpecification\",\"valueRequired\":true,\"valueName\":\"search_term_string\"}}],\"inLanguage\":\"de\"}]}<\/script>\n<!-- \/ Yoast SEO plugin. -->","yoast_head_json":{"title":"Weihnachtsbaum rustikal - Die Eleganz der Natur in Ihrem Zuhause","description":"Der Weihnachtsbaum Pia verbindet Natur mit Eleganz. Es ist v\u00f6llig nat\u00fcrlich und pflegeleicht, da es keine Nadeln hat, die abfallen w\u00fcrden. Einzigartig.","robots":{"index":"index","follow":"follow","max-snippet":"max-snippet:-1","max-image-preview":"max-image-preview:large","max-video-preview":"max-video-preview:-1"},"canonical":"https:\/\/pavidecor.si\/de\/produkt\/neujahrs-weihnachtsbaum-pia-weiss-rustikal-160x86x18cm\/","og_locale":"de_DE","og_type":"article","og_title":"Weihnachtsbaum rustikal - Die Eleganz der Natur in Ihrem Zuhause","og_description":"Der Weihnachtsbaum Pia verbindet Natur mit Eleganz. Es ist v\u00f6llig nat\u00fcrlich und pflegeleicht, da es keine Nadeln hat, die abfallen w\u00fcrden. Einzigartig.","og_url":"https:\/\/pavidecor.si\/de\/produkt\/neujahrs-weihnachtsbaum-pia-weiss-rustikal-160x86x18cm\/","og_site_name":"Pavi Decor","article_modified_time":"2026-04-22T12:03:17+00:00","og_image":[{"width":2560,"height":2560,"url":"https:\/\/pavidecor.si\/wp-content\/uploads\/2022\/03\/Novoletna-jelka-Pia-bela-stiri-policke-No.1280-1-scaled.jpg","type":"image\/jpeg"}],"twitter_card":"summary_large_image","twitter_misc":{"Gesch\u00e4tzte Lesezeit":"4\u00a0Minuten"},"schema":{"@context":"https:\/\/schema.org","@graph":[{"@type":"WebPage","@id":"https:\/\/pavidecor.si\/de\/produkt\/neujahrs-weihnachtsbaum-pia-weiss-rustikal-160x86x18cm\/","url":"https:\/\/pavidecor.si\/de\/produkt\/neujahrs-weihnachtsbaum-pia-weiss-rustikal-160x86x18cm\/","name":"Weihnachtsbaum rustikal - Die Eleganz der Natur in Ihrem Zuhause","isPartOf":{"@id":"https:\/\/pavidecor.si\/de\/#website"},"primaryImageOfPage":{"@id":"https:\/\/pavidecor.si\/de\/produkt\/neujahrs-weihnachtsbaum-pia-weiss-rustikal-160x86x18cm\/#primaryimage"},"image":{"@id":"https:\/\/pavidecor.si\/de\/produkt\/neujahrs-weihnachtsbaum-pia-weiss-rustikal-160x86x18cm\/#primaryimage"},"thumbnailUrl":"https:\/\/pavidecor.si\/wp-content\/uploads\/2022\/03\/Novoletna-jelka-Pia-bela-stiri-policke-No.1280-1-scaled.jpg","datePublished":"2022-11-11T09:12:45+00:00","dateModified":"2026-04-22T12:03:17+00:00","description":"Der Weihnachtsbaum Pia verbindet Natur mit Eleganz. Es ist v\u00f6llig nat\u00fcrlich und pflegeleicht, da es keine Nadeln hat, die abfallen w\u00fcrden. Einzigartig.","breadcrumb":{"@id":"https:\/\/pavidecor.si\/de\/produkt\/neujahrs-weihnachtsbaum-pia-weiss-rustikal-160x86x18cm\/#breadcrumb"},"inLanguage":"de","potentialAction":[{"@type":"ReadAction","target":["https:\/\/pavidecor.si\/de\/produkt\/neujahrs-weihnachtsbaum-pia-weiss-rustikal-160x86x18cm\/"]}]},{"@type":"ImageObject","inLanguage":"de","@id":"https:\/\/pavidecor.si\/de\/produkt\/neujahrs-weihnachtsbaum-pia-weiss-rustikal-160x86x18cm\/#primaryimage","url":"https:\/\/pavidecor.si\/wp-content\/uploads\/2022\/03\/Novoletna-jelka-Pia-bela-stiri-policke-No.1280-1-scaled.jpg","contentUrl":"https:\/\/pavidecor.si\/wp-content\/uploads\/2022\/03\/Novoletna-jelka-Pia-bela-stiri-policke-No.1280-1-scaled.jpg","width":2560,"height":2560,"caption":"PAVI DECOR"},{"@type":"BreadcrumbList","@id":"https:\/\/pavidecor.si\/de\/produkt\/neujahrs-weihnachtsbaum-pia-weiss-rustikal-160x86x18cm\/#breadcrumb","itemListElement":[{"@type":"ListItem","position":1,"name":"Domov","item":"https:\/\/pavidecor.si\/de\/"},{"@type":"ListItem","position":2,"name":"Online-Shop","item":"https:\/\/pavidecor.si\/de\/online-shop\/"},{"@type":"ListItem","position":3,"name":"Weihnachtsbaum Pia wei\u00df rustikal 160x86x18cm"}]},{"@type":"WebSite","@id":"https:\/\/pavidecor.si\/de\/#website","url":"https:\/\/pavidecor.si\/de\/","name":"Pavi Decor","description":"Leseni unikati ustvarjeni iz ljubezni do lesa in narave.","potentialAction":[{"@type":"SearchAction","target":{"@type":"EntryPoint","urlTemplate":"https:\/\/pavidecor.si\/de\/?s={search_term_string}"},"query-input":{"@type":"PropertyValueSpecification","valueRequired":true,"valueName":"search_term_string"}}],"inLanguage":"de"}]}},"_links":{"self":[{"href":"https:\/\/pavidecor.si\/de\/wp-json\/wp\/v2\/product\/17890","targetHints":{"allow":["GET"]}}],"collection":[{"href":"https:\/\/pavidecor.si\/de\/wp-json\/wp\/v2\/product"}],"about":[{"href":"https:\/\/pavidecor.si\/de\/wp-json\/wp\/v2\/types\/product"}],"replies":[{"embeddable":true,"href":"https:\/\/pavidecor.si\/de\/wp-json\/wp\/v2\/comments?post=17890"}],"wp:featuredmedia":[{"embeddable":true,"href":"https:\/\/pavidecor.si\/de\/wp-json\/wp\/v2\/media\/14729"}],"wp:attachment":[{"href":"https:\/\/pavidecor.si\/de\/wp-json\/wp\/v2\/media?parent=17890"}],"wp:term":[{"taxonomy":"product_brand","embeddable":true,"href":"https:\/\/pavidecor.si\/de\/wp-json\/wp\/v2\/product_brand?post=17890"},{"taxonomy":"product_cat","embeddable":true,"href":"https:\/\/pavidecor.si\/de\/wp-json\/wp\/v2\/product_cat?post=17890"},{"taxonomy":"product_tag","embeddable":true,"href":"https:\/\/pavidecor.si\/de\/wp-json\/wp\/v2\/product_tag?post=17890"}],"curies":[{"name":"wp","href":"https:\/\/api.w.org\/{rel}","templated":true}]}}