	{"id":17886,"date":"2022-11-11T10:56:45","date_gmt":"2022-11-11T10:56:45","guid":{"rendered":"https:\/\/pavidecor.si\/product\/neujahrs-weihnachtsbaum-ana-weiss-rustikal-90x34x18cm\/"},"modified":"2026-04-04T10:02:37","modified_gmt":"2026-04-04T10:02:37","slug":"tannenbaum-ana-weiss-rustikal-90x34x18cm","status":"publish","type":"product","link":"https:\/\/pavidecor.si\/de\/produkt\/tannenbaum-ana-weiss-rustikal-90x34x18cm\/","title":{"rendered":"Tannenbaum Ana wei\u00df rustikal 90x34x18cm"},"content":{"rendered":"<p><span class=\"prvimanjsinaslovopis\"> Tannenbaum Ana &#8211; Holen Sie sich ein St\u00fcck Natur in Ihr Zuhause<\/span><\/p>\n<p>&nbsp;<\/p>\n<h2><span class=\"odebeljenopis\"><strong><br \/>\nDie Neujahrstanne Ana ist ein einzigartiges Accessoire, das jedem Raum schlichte Eleganz und nat\u00fcrliche Sch\u00f6nheit verleiht. Aus hochwertigem Holz gefertigt, ist diese einzigartige Tanne die perfekte Wahl f\u00fcr alle, die die Natur bewahren und gleichzeitig die festliche Atmosph\u00e4re genie\u00dfen m\u00f6chten. Sein handgefertigtes und authentisches Aussehen wird jeden verzaubern.<\/strong><\/span><\/h2>\n<p>&nbsp;<\/p>\n<div class=\"row\">\n<div class=\"col-sm-6 \" style=\"margin-top: 30px;\"><center><img decoding=\"async\" class=\"lazyload img-responsive\" style=\"margin: 0px auto; max-width: 100%;\" src=\"data:image\/svg+xml,%3Csvg%20xmlns%3D%27http%3A%2F%2Fwww.w3.org%2F2000%2Fsvg%27%20width%3D%272560%27%20height%3D%272560%27%20viewBox%3D%270%200%202560%202560%27%3E%3Crect%20width%3D%272560%27%20height%3D%272560%27%20fill-opacity%3D%220%22%2F%3E%3C%2Fsvg%3E\" data-orig-src=\"https:\/\/pavidecor.si\/wp-content\/uploads\/2022\/03\/Novoletna-jelka-Ana-No.1284-1-scaled.jpg\" \/><\/center><\/div>\n<div class=\"col-sm-6\" style=\"margin-top: 40px;\">\n<p>&nbsp;<\/p>\n<h3>Unikat handgefertigt<\/h3>\n<p>Der Tannenbaum Ana ist das Ergebnis der Leidenschaft und Liebe zum Holz, das wir in unserem PAVI DECOR-Gesch\u00e4ft in Ljubljana anbauen. <b>Jedes St\u00fcck wird<\/b><strong> mit Pr\u00e4zision und Sorgfalt handgefertigt<\/strong>, um sicherzustellen, dass jedes Produkt ein Unikat ist. Unser Expertenteam verwendet die traditionellen Techniken des Verbindens von Holzteilen, die von den alten Meistern verwendet wurden. Dieser Ansatz sorgt nicht nur f\u00fcr Festigkeit und Haltbarkeit, sondern verleiht der Tanne auch ein authentisches Aussehen, das man in Massenprodukten nicht finden kann.<\/p>\n<p>&nbsp;<\/p>\n<p>Mit der Verwendung nat\u00fcrlicher Materialien und dem Respekt vor der Umwelt ist der Tannenbaum Ana eine ausgezeichnete Wahl f\u00fcr diejenigen, die zur Erhaltung unserer W\u00e4lder beitragen m\u00f6chten. Sein Design erm\u00f6glicht es, dass es problemlos in jeden Raum passt, unabh\u00e4ngig davon, ob es sich um ein Wohn- oder Gesch\u00e4ftszimmer handelt. Mit seiner schlichten Eleganz <strong>wird es zum Mittelpunkt Ihrer Weihnachtsdekoration<\/strong>.<\/p>\n<p>&nbsp;<\/p>\n<\/div>\n<\/div>\n<div class=\"row\">\n<div class=\"col-sm-6 col-sm-push-6\" style=\"margin-top: 30px;\"><center><img decoding=\"async\" class=\"lazyload img-responsive\" style=\"margin: 0px auto; max-width: 100%;\" src=\"data:image\/svg+xml,%3Csvg%20xmlns%3D%27http%3A%2F%2Fwww.w3.org%2F2000%2Fsvg%27%20width%3D%272196%27%20height%3D%272196%27%20viewBox%3D%270%200%202196%202196%27%3E%3Crect%20width%3D%272196%27%20height%3D%272196%27%20fill-opacity%3D%220%22%2F%3E%3C%2Fsvg%3E\" data-orig-src=\"https:\/\/pavidecor.si\/wp-content\/uploads\/2022\/03\/Novoletna-jelka-Ana-No.1284-2-2.jpg\" \/><\/center><\/div>\n<div class=\"col-sm-6 col-sm-pull-6\" style=\"margin-top: 40px;\">\n<p>&nbsp;<\/p>\n<h3>Praktikabilit\u00e4t und einfache Wartung<\/h3>\n<p>Einer der Hauptvorteile der Silvestertanne Anna ist ihre <b>Schlichtheit bei der Pflege<\/b>. Da es keine Nadeln enth\u00e4lt, die abfallen w\u00fcrden, und es keine flexiblen Teile hat, die besch\u00e4digt werden k\u00f6nnten, ist es eine ideale Wahl f\u00fcr alle, die eine unbeschwerte Feier w\u00fcnschen. Platzieren und dekorieren Sie es einfach nach Ihrem Geschmack, ohne sich Gedanken dar\u00fcber machen zu m\u00fcssen, die Nadeln nach jedem Urlaub reinigen zu m\u00fcssen.<\/p>\n<p>&nbsp;<\/p>\n<p>Dar\u00fcber hinaus ist die Tanne so gestaltet, dass sie nur wenig Platz ben\u00f6tigt und sich daher besonders f\u00fcr kleinere R\u00e4ume eignet. In ihrer rustikalen wei\u00dfen Ausf\u00fchrung f\u00fcgt sie sich perfekt in Shabby-Chic-Einrichtungen ein und tr\u00e4gt so zu einer gem\u00fctlichen und warmen Atmosph\u00e4re bei. F\u00fcr zus\u00e4tzliche Dekoration und Beleuchtung k\u00f6nnen Sie <a href=\"https:\/\/pavidecor.si\/de\/kategorije\/dekorationsprodukte-fur-zu-hause\/kerzenstander\/\"><strong><span style=\"color: #3366ff;\">Kerzenst\u00e4nder aus Holz<\/span><\/strong><\/a> aus unserem Programm verwenden, die perfekt zur \u00c4sthetik der Tanne passen.<\/p>\n<p>&nbsp;<\/p>\n<\/div>\n<\/div>\n<div class=\"row\">\n<div class=\"col-sm-6\" style=\"margin-top: 30px;\"><center><img decoding=\"async\" class=\"lazyload img-responsive\" style=\"margin: 0px auto; max-width: 100%;\" src=\"data:image\/svg+xml,%3Csvg%20xmlns%3D%27http%3A%2F%2Fwww.w3.org%2F2000%2Fsvg%27%20width%3D%272560%27%20height%3D%272560%27%20viewBox%3D%270%200%202560%202560%27%3E%3Crect%20width%3D%272560%27%20height%3D%272560%27%20fill-opacity%3D%220%22%2F%3E%3C%2Fsvg%3E\" data-orig-src=\"https:\/\/pavidecor.si\/wp-content\/uploads\/2022\/03\/Novoletna-jelka-Ana-No.1284-3-2-scaled.jpg\" \/><\/center><\/div>\n<div class=\"col-sm-6\" style=\"margin-top: 40px;\">\n<p>&nbsp;<\/p>\n<h3>Eine dauerhafte L\u00f6sung f\u00fcr festliche Momente<\/h3>\n<p>Der Tannenbaum Ana ist nicht nur eine Dekoration f\u00fcr die Feiertage, sondern <b>eine dauerhafte L\u00f6sung<\/b> f\u00fcr alle, die die nat\u00fcrliche Sch\u00f6nheit in ihrem Zuhause bewahren m\u00f6chten. Mit seinem einzigartigen Design und der hochwertigen Verarbeitung wird es Teil Ihrer Urlaubstraditionen. Unabh\u00e4ngig davon, ob Sie es im Wohnzimmer, im B\u00fcro oder in einem anderen Raum aufstellen, wird es immer die Blicke auf sich ziehen und eine festliche Atmosph\u00e4re schaffen.<\/p>\n<p>&nbsp;<\/p>\n<p>Besuchen Sie unseren PAVI DECOR Store und sehen Sie den Neujahrstannenbaum in unserem <a href=\"https:\/\/pavidecor.si\/de\/projects\/silvester-ambiente\/\"><strong><span style=\"color: #3366ff;\">Silvesterambiente<\/span><\/strong><\/a>. Wir sind sicher, dass Sie von seiner schlichten Eleganz und nat\u00fcrlichen Sch\u00f6nheit verzaubert sein werden. Begleiten Sie uns im Naturschutz und genie\u00dfen Sie die Festtage mit unserer einzigartigen Holztanne.<\/p>\n<p>&nbsp;<\/p>\n<\/div>\n<\/div>\n<blockquote><p>Mit ihrer schlichten Eleganz bringt die Silvestertanne Ana ein St\u00fcck Natur in jeden Raum, sei es ein Wohn- oder Gesch\u00e4ftsraum. Es ist v\u00f6llig nat\u00fcrlich und pflegeleicht, da es keine Nadeln hat, die abfallen w\u00fcrden, und keine flexiblen Teile, die besch\u00e4digt werden k\u00f6nnten. Unsere einzigartige Holztanne wird den nat\u00fcrlichen Weihnachtsbaum dauerhaft ersetzen und so zum Erhalt unserer W\u00e4lder beitragen. Die Silvestertanne Anna in der Tiefe nimmt sehr wenig Platz ein und eignet sich daher auch f\u00fcr kleine R\u00e4ume. In einer rustikalen wei\u00dfen Version eignet er sich besonders f\u00fcr Shabby Chic Ambiente. F\u00fcr die Dekoration und Beleuchtung k\u00f6nnen Sie Kerzenst\u00e4nder aus Holz aus unserem Programm verwenden. Keine Montage erforderlich. Den Neujahrsbaum Ana k\u00f6nnen Sie auch in unserem Silvesterambiente sehen.<\/p><\/blockquote>\n<p>&nbsp;<\/p>\n","protected":false},"excerpt":{"rendered":"<p><strong><span style=\"color: #c4963c;\">\u2192 Handgefertigt<\/span><\/strong><strong><span style=\"color: #c4963c;\"><br \/>\n<\/span><span style=\"color: #c4963c;\">\u2192 Einzigartig<\/span><\/strong><br \/>\n<strong><span style=\"color: #c4963c;\">\u2192 Nadelfrei<\/span><\/strong><\/p>\n","protected":false},"featured_media":14734,"comment_status":"open","ping_status":"closed","template":"","meta":[],"product_brand":[],"product_cat":[370],"product_tag":[216,244],"class_list":{"0":"post-17886","1":"product","2":"type-product","3":"status-publish","4":"has-post-thumbnail","6":"product_cat-neujahrs-weihnachtsbaume","7":"product_tag-neu","8":"product_tag-silvester-ambiente","10":"first","11":"instock","12":"taxable","13":"shipping-taxable","14":"purchasable","15":"product-type-simple"},"yoast_head":"<!-- This site is optimized with the Yoast SEO plugin v27.2 - https:\/\/yoast.com\/product\/yoast-seo-wordpress\/ -->\n<title>Tannenbaum Ana wei\u00df rustikal - Kompaktes Design und Nadelfrei<\/title>\n<meta name=\"description\" content=\"Mit seiner schlichten Eleganz bringt der Tannenbaum Ana ein St\u00fcck Natur in jeden Raum. Es ist v\u00f6llig nat\u00fcrlich und unpr\u00e4tenti\u00f6s zu pflegen.\" \/>\n<meta name=\"robots\" content=\"index, follow, max-snippet:-1, max-image-preview:large, max-video-preview:-1\" \/>\n<link rel=\"canonical\" href=\"https:\/\/pavidecor.si\/de\/produkt\/tannenbaum-ana-weiss-rustikal-90x34x18cm\/\" \/>\n<meta property=\"og:locale\" content=\"de_DE\" \/>\n<meta property=\"og:type\" content=\"article\" \/>\n<meta property=\"og:title\" content=\"Tannenbaum Ana wei\u00df rustikal - Kompaktes Design und Nadelfrei\" \/>\n<meta property=\"og:description\" content=\"Mit seiner schlichten Eleganz bringt der Tannenbaum Ana ein St\u00fcck Natur in jeden Raum. Es ist v\u00f6llig nat\u00fcrlich und unpr\u00e4tenti\u00f6s zu pflegen.\" \/>\n<meta property=\"og:url\" content=\"https:\/\/pavidecor.si\/de\/produkt\/tannenbaum-ana-weiss-rustikal-90x34x18cm\/\" \/>\n<meta property=\"og:site_name\" content=\"Pavi Decor\" \/>\n<meta property=\"article:modified_time\" content=\"2026-04-04T10:02:37+00:00\" \/>\n<meta property=\"og:image\" content=\"https:\/\/pavidecor.si\/wp-content\/uploads\/2022\/03\/Novoletna-jelka-Ana-No.1284-1-scaled.jpg\" \/>\n\t<meta property=\"og:image:width\" content=\"2560\" \/>\n\t<meta property=\"og:image:height\" content=\"2560\" \/>\n\t<meta property=\"og:image:type\" content=\"image\/jpeg\" \/>\n<meta name=\"twitter:card\" content=\"summary_large_image\" \/>\n<meta name=\"twitter:label1\" content=\"Gesch\u00e4tzte Lesezeit\" \/>\n\t<meta name=\"twitter:data1\" content=\"4\u00a0Minuten\" \/>\n<script type=\"application\/ld+json\" class=\"yoast-schema-graph\">{\"@context\":\"https:\/\/schema.org\",\"@graph\":[{\"@type\":\"WebPage\",\"@id\":\"https:\/\/pavidecor.si\/de\/produkt\/tannenbaum-ana-weiss-rustikal-90x34x18cm\/\",\"url\":\"https:\/\/pavidecor.si\/de\/produkt\/tannenbaum-ana-weiss-rustikal-90x34x18cm\/\",\"name\":\"Tannenbaum Ana wei\u00df rustikal - Kompaktes Design und Nadelfrei\",\"isPartOf\":{\"@id\":\"https:\/\/pavidecor.si\/de\/#website\"},\"primaryImageOfPage\":{\"@id\":\"https:\/\/pavidecor.si\/de\/produkt\/tannenbaum-ana-weiss-rustikal-90x34x18cm\/#primaryimage\"},\"image\":{\"@id\":\"https:\/\/pavidecor.si\/de\/produkt\/tannenbaum-ana-weiss-rustikal-90x34x18cm\/#primaryimage\"},\"thumbnailUrl\":\"https:\/\/pavidecor.si\/wp-content\/uploads\/2022\/03\/Novoletna-jelka-Ana-No.1284-1-scaled.jpg\",\"datePublished\":\"2022-11-11T10:56:45+00:00\",\"dateModified\":\"2026-04-04T10:02:37+00:00\",\"description\":\"Mit seiner schlichten Eleganz bringt der Tannenbaum Ana ein St\u00fcck Natur in jeden Raum. Es ist v\u00f6llig nat\u00fcrlich und unpr\u00e4tenti\u00f6s zu pflegen.\",\"breadcrumb\":{\"@id\":\"https:\/\/pavidecor.si\/de\/produkt\/tannenbaum-ana-weiss-rustikal-90x34x18cm\/#breadcrumb\"},\"inLanguage\":\"de\",\"potentialAction\":[{\"@type\":\"ReadAction\",\"target\":[\"https:\/\/pavidecor.si\/de\/produkt\/tannenbaum-ana-weiss-rustikal-90x34x18cm\/\"]}]},{\"@type\":\"ImageObject\",\"inLanguage\":\"de\",\"@id\":\"https:\/\/pavidecor.si\/de\/produkt\/tannenbaum-ana-weiss-rustikal-90x34x18cm\/#primaryimage\",\"url\":\"https:\/\/pavidecor.si\/wp-content\/uploads\/2022\/03\/Novoletna-jelka-Ana-No.1284-1-scaled.jpg\",\"contentUrl\":\"https:\/\/pavidecor.si\/wp-content\/uploads\/2022\/03\/Novoletna-jelka-Ana-No.1284-1-scaled.jpg\",\"width\":2560,\"height\":2560,\"caption\":\"PAVI DECOR\"},{\"@type\":\"BreadcrumbList\",\"@id\":\"https:\/\/pavidecor.si\/de\/produkt\/tannenbaum-ana-weiss-rustikal-90x34x18cm\/#breadcrumb\",\"itemListElement\":[{\"@type\":\"ListItem\",\"position\":1,\"name\":\"Domov\",\"item\":\"https:\/\/pavidecor.si\/de\/\"},{\"@type\":\"ListItem\",\"position\":2,\"name\":\"Online-Shop\",\"item\":\"https:\/\/pavidecor.si\/de\/online-shop\/\"},{\"@type\":\"ListItem\",\"position\":3,\"name\":\"Tannenbaum Ana wei\u00df rustikal 90x34x18cm\"}]},{\"@type\":\"WebSite\",\"@id\":\"https:\/\/pavidecor.si\/de\/#website\",\"url\":\"https:\/\/pavidecor.si\/de\/\",\"name\":\"Pavi Decor\",\"description\":\"Leseni unikati ustvarjeni iz ljubezni do lesa in narave.\",\"potentialAction\":[{\"@type\":\"SearchAction\",\"target\":{\"@type\":\"EntryPoint\",\"urlTemplate\":\"https:\/\/pavidecor.si\/de\/?s={search_term_string}\"},\"query-input\":{\"@type\":\"PropertyValueSpecification\",\"valueRequired\":true,\"valueName\":\"search_term_string\"}}],\"inLanguage\":\"de\"}]}<\/script>\n<!-- \/ Yoast SEO plugin. -->","yoast_head_json":{"title":"Tannenbaum Ana wei\u00df rustikal - Kompaktes Design und Nadelfrei","description":"Mit seiner schlichten Eleganz bringt der Tannenbaum Ana ein St\u00fcck Natur in jeden Raum. Es ist v\u00f6llig nat\u00fcrlich und unpr\u00e4tenti\u00f6s zu pflegen.","robots":{"index":"index","follow":"follow","max-snippet":"max-snippet:-1","max-image-preview":"max-image-preview:large","max-video-preview":"max-video-preview:-1"},"canonical":"https:\/\/pavidecor.si\/de\/produkt\/tannenbaum-ana-weiss-rustikal-90x34x18cm\/","og_locale":"de_DE","og_type":"article","og_title":"Tannenbaum Ana wei\u00df rustikal - Kompaktes Design und Nadelfrei","og_description":"Mit seiner schlichten Eleganz bringt der Tannenbaum Ana ein St\u00fcck Natur in jeden Raum. Es ist v\u00f6llig nat\u00fcrlich und unpr\u00e4tenti\u00f6s zu pflegen.","og_url":"https:\/\/pavidecor.si\/de\/produkt\/tannenbaum-ana-weiss-rustikal-90x34x18cm\/","og_site_name":"Pavi Decor","article_modified_time":"2026-04-04T10:02:37+00:00","og_image":[{"width":2560,"height":2560,"url":"https:\/\/pavidecor.si\/wp-content\/uploads\/2022\/03\/Novoletna-jelka-Ana-No.1284-1-scaled.jpg","type":"image\/jpeg"}],"twitter_card":"summary_large_image","twitter_misc":{"Gesch\u00e4tzte Lesezeit":"4\u00a0Minuten"},"schema":{"@context":"https:\/\/schema.org","@graph":[{"@type":"WebPage","@id":"https:\/\/pavidecor.si\/de\/produkt\/tannenbaum-ana-weiss-rustikal-90x34x18cm\/","url":"https:\/\/pavidecor.si\/de\/produkt\/tannenbaum-ana-weiss-rustikal-90x34x18cm\/","name":"Tannenbaum Ana wei\u00df rustikal - Kompaktes Design und Nadelfrei","isPartOf":{"@id":"https:\/\/pavidecor.si\/de\/#website"},"primaryImageOfPage":{"@id":"https:\/\/pavidecor.si\/de\/produkt\/tannenbaum-ana-weiss-rustikal-90x34x18cm\/#primaryimage"},"image":{"@id":"https:\/\/pavidecor.si\/de\/produkt\/tannenbaum-ana-weiss-rustikal-90x34x18cm\/#primaryimage"},"thumbnailUrl":"https:\/\/pavidecor.si\/wp-content\/uploads\/2022\/03\/Novoletna-jelka-Ana-No.1284-1-scaled.jpg","datePublished":"2022-11-11T10:56:45+00:00","dateModified":"2026-04-04T10:02:37+00:00","description":"Mit seiner schlichten Eleganz bringt der Tannenbaum Ana ein St\u00fcck Natur in jeden Raum. Es ist v\u00f6llig nat\u00fcrlich und unpr\u00e4tenti\u00f6s zu pflegen.","breadcrumb":{"@id":"https:\/\/pavidecor.si\/de\/produkt\/tannenbaum-ana-weiss-rustikal-90x34x18cm\/#breadcrumb"},"inLanguage":"de","potentialAction":[{"@type":"ReadAction","target":["https:\/\/pavidecor.si\/de\/produkt\/tannenbaum-ana-weiss-rustikal-90x34x18cm\/"]}]},{"@type":"ImageObject","inLanguage":"de","@id":"https:\/\/pavidecor.si\/de\/produkt\/tannenbaum-ana-weiss-rustikal-90x34x18cm\/#primaryimage","url":"https:\/\/pavidecor.si\/wp-content\/uploads\/2022\/03\/Novoletna-jelka-Ana-No.1284-1-scaled.jpg","contentUrl":"https:\/\/pavidecor.si\/wp-content\/uploads\/2022\/03\/Novoletna-jelka-Ana-No.1284-1-scaled.jpg","width":2560,"height":2560,"caption":"PAVI DECOR"},{"@type":"BreadcrumbList","@id":"https:\/\/pavidecor.si\/de\/produkt\/tannenbaum-ana-weiss-rustikal-90x34x18cm\/#breadcrumb","itemListElement":[{"@type":"ListItem","position":1,"name":"Domov","item":"https:\/\/pavidecor.si\/de\/"},{"@type":"ListItem","position":2,"name":"Online-Shop","item":"https:\/\/pavidecor.si\/de\/online-shop\/"},{"@type":"ListItem","position":3,"name":"Tannenbaum Ana wei\u00df rustikal 90x34x18cm"}]},{"@type":"WebSite","@id":"https:\/\/pavidecor.si\/de\/#website","url":"https:\/\/pavidecor.si\/de\/","name":"Pavi Decor","description":"Leseni unikati ustvarjeni iz ljubezni do lesa in narave.","potentialAction":[{"@type":"SearchAction","target":{"@type":"EntryPoint","urlTemplate":"https:\/\/pavidecor.si\/de\/?s={search_term_string}"},"query-input":{"@type":"PropertyValueSpecification","valueRequired":true,"valueName":"search_term_string"}}],"inLanguage":"de"}]}},"_links":{"self":[{"href":"https:\/\/pavidecor.si\/de\/wp-json\/wp\/v2\/product\/17886","targetHints":{"allow":["GET"]}}],"collection":[{"href":"https:\/\/pavidecor.si\/de\/wp-json\/wp\/v2\/product"}],"about":[{"href":"https:\/\/pavidecor.si\/de\/wp-json\/wp\/v2\/types\/product"}],"replies":[{"embeddable":true,"href":"https:\/\/pavidecor.si\/de\/wp-json\/wp\/v2\/comments?post=17886"}],"wp:featuredmedia":[{"embeddable":true,"href":"https:\/\/pavidecor.si\/de\/wp-json\/wp\/v2\/media\/14734"}],"wp:attachment":[{"href":"https:\/\/pavidecor.si\/de\/wp-json\/wp\/v2\/media?parent=17886"}],"wp:term":[{"taxonomy":"product_brand","embeddable":true,"href":"https:\/\/pavidecor.si\/de\/wp-json\/wp\/v2\/product_brand?post=17886"},{"taxonomy":"product_cat","embeddable":true,"href":"https:\/\/pavidecor.si\/de\/wp-json\/wp\/v2\/product_cat?post=17886"},{"taxonomy":"product_tag","embeddable":true,"href":"https:\/\/pavidecor.si\/de\/wp-json\/wp\/v2\/product_tag?post=17886"}],"curies":[{"name":"wp","href":"https:\/\/api.w.org\/{rel}","templated":true}]}}