	{"id":17501,"date":"2022-07-26T10:22:59","date_gmt":"2022-07-26T10:22:59","guid":{"rendered":"https:\/\/pavidecor.si\/product\/dekoratives-segelboot-marina-punat-41x23x35cm\/"},"modified":"2026-04-22T22:02:53","modified_gmt":"2026-04-22T22:02:53","slug":"dekoratives-segelboot-marina-punat-41x23x35cm","status":"publish","type":"product","link":"https:\/\/pavidecor.si\/de\/produkt\/dekoratives-segelboot-marina-punat-41x23x35cm\/","title":{"rendered":"Dekoratives Segelboot Marina Punat 41x23x3,5cm"},"content":{"rendered":"<p><span class=\"prvimanjsinaslovopis\"> Dekoratives Segelboot \u2013 Ein Hauch von Meer f\u00fcr Ihr Zuhause<\/span><\/p>\n<p>&nbsp;<\/p>\n<h2><span class=\"odebeljenopis\"><strong> Entdecken Sie die Sch\u00f6nheit und Einzigartigkeit unserer dekorativen Segelboote, die aus driftendem und recyceltem Holz gefertigt sind. Jedes St\u00fcck wird mit Liebe und Hingabe in unserer PAVI DECOR-Werkstatt in Ljubljana hergestellt. Lassen Sie sich von der maritimen Atmosph\u00e4re verzaubern und bringen Sie ein St\u00fcck Natur in Ihr Zuhause.<\/strong><\/span><\/h2>\n<p>&nbsp;<\/p>\n<div class=\"row\">\n<div class=\"col-sm-6 \" style=\"margin-top: 30px;\"><center><img decoding=\"async\" class=\"lazyload img-responsive\" style=\"margin: 0px auto; max-width: 100%;\" src=\"data:image\/svg+xml,%3Csvg%20xmlns%3D%27http%3A%2F%2Fwww.w3.org%2F2000%2Fsvg%27%20width%3D%272258%27%20height%3D%272258%27%20viewBox%3D%270%200%202258%202258%27%3E%3Crect%20width%3D%272258%27%20height%3D%272258%27%20fill-opacity%3D%220%22%2F%3E%3C%2Fsvg%3E\" data-orig-src=\"https:\/\/pavidecor.si\/wp-content\/uploads\/2022\/07\/IMG_6525-2.jpg\" \/><\/center><\/div>\n<div class=\"col-sm-6\" style=\"margin-top: 40px;\">\n<p>&nbsp;<\/p>\n<h3>Einzigartige Handwerkskunst<\/h3>\n<p>Unsere dekorativen Segelboote sind nicht nur einfache Wanddekorationen, sondern wahre Kunstwerke, die mit <b>traditioneller Handwerkskunst<\/b> hergestellt werden. Jedes Segelboot wird von erfahrenen Handwerkern in Slowenien gefertigt, die die Techniken der alten Meister anwenden. Die Verbindung der Holzst\u00fccke erfolgt auf eine Weise, die die Authentizit\u00e4t und den Charme der Natur widerspiegelt. Diese Detailverliebtheit sorgt daf\u00fcr, dass jedes Segelboot ein Unikat ist, das die Geschichte und die Sch\u00f6nheit des Holzes erz\u00e4hlt.<\/p>\n<p>&nbsp;<\/p>\n<p>Die Verwendung von recyceltem Holz und die sorgf\u00e4ltige Auswahl der Materialien machen unsere Produkte nicht nur umweltfreundlich, sondern auch besonders langlebig. Jedes Boot wird <strong>mit einer speziellen Technik bearbeitet<\/strong>, die die nat\u00fcrliche Maserung und Textur des Holzes hervorhebt. So entsteht ein dekoratives Element, das sowohl modern als auch zeitlos ist und in jedem Raum eine warme Atmosph\u00e4re schafft.<\/p>\n<p>&nbsp;<\/p>\n<\/div>\n<\/div>\n<div class=\"row\">\n<div class=\"col-sm-6 col-sm-push-6\" style=\"margin-top: 30px;\"><center><img decoding=\"async\" class=\"lazyload img-responsive\" style=\"margin: 0px auto; max-width: 100%;\" src=\"data:image\/svg+xml,%3Csvg%20xmlns%3D%27http%3A%2F%2Fwww.w3.org%2F2000%2Fsvg%27%20width%3D%272560%27%20height%3D%272560%27%20viewBox%3D%270%200%202560%202560%27%3E%3Crect%20width%3D%272560%27%20height%3D%272560%27%20fill-opacity%3D%220%22%2F%3E%3C%2Fsvg%3E\" data-orig-src=\" https:\/\/pavidecor.si\/wp-content\/uploads\/2022\/07\/IMG_6526-2-scaled.jpg\" \/><\/center><\/div>\n<div class=\"col-sm-6 col-sm-pull-6\" style=\"margin-top: 40px;\">\n<p>&nbsp;<\/p>\n<h3>Maritimer Charme f\u00fcr Ihr Zuhause<\/h3>\n<p>Das dekoratives Segelboot bringt den <b>maritimen Flair<\/b> direkt in Ihr Zuhause. Mit den bunten Segeln aus bemalter Baumwolle und der kleinen Flagge am Mast weckt jedes Boot Erinnerungen an sonnige Tage am Meer, den sanften Wind und entspannte Urlaubsstunden. Diese Wanddekoration ist nicht nur ein Blickfang, sondern auch ein Gespr\u00e4chsstarter, der Ihre G\u00e4ste begeistern wird.<\/p>\n<p>&nbsp;<\/p>\n<p>Auf Wunsch k\u00f6nnen wir Ihr Segelboot mit einem <b>pers\u00f6nlichen Aufdruck<\/b> versehen, sei es ein Name, eine Registrierung oder ein besonderes Datum. So wird Ihr Segelboot zu einem ganz pers\u00f6nlichen Erinnerungsst\u00fcck, das Ihre individuellen Erlebnisse widerspiegelt. Unsere Produkte sind ideal f\u00fcr jedes Zuhause, sei es im Wohnzimmer, im Flur oder sogar in einem Strandhaus. Lassen Sie sich von der maritimen Atmosph\u00e4re inspirieren und gestalten Sie Ihre R\u00e4ume neu.<\/p>\n<p>&nbsp;<\/p>\n<\/div>\n<\/div>\n<div class=\"row\">\n<div class=\"col-sm-6\" style=\"margin-top: 30px;\"><center><img decoding=\"async\" class=\"lazyload img-responsive\" style=\"margin: 0px auto; max-width: 100%;\" src=\"data:image\/svg+xml,%3Csvg%20xmlns%3D%27http%3A%2F%2Fwww.w3.org%2F2000%2Fsvg%27%20width%3D%272422%27%20height%3D%272422%27%20viewBox%3D%270%200%202422%202422%27%3E%3Crect%20width%3D%272422%27%20height%3D%272422%27%20fill-opacity%3D%220%22%2F%3E%3C%2Fsvg%3E\" data-orig-src=\" https:\/\/pavidecor.si\/wp-content\/uploads\/2022\/07\/IMG_6527-2.jpg\" \/><\/center><\/div>\n<div class=\"col-sm-6\" style=\"margin-top: 40px;\">\n<p>&nbsp;<\/p>\n<h3>Produktdetails<\/h3>\n<p>Das dekoratives Segelboot ist eine Wanddekoration, die aus\u00a0<b>recyceltem- un Treibholz<\/b> gefertigt ist. Die Segel bestehen aus bepainted Baumwollstoff und sind mit einem Schriftzug versehen. Am oberen Ende des Mastes befindet sich eine kleine Flagge sowie eine Schnur zum Aufh\u00e4ngen. Die Form des Bootes ahmt traditionelle Fischerboote nach.<\/p>\n<p>&nbsp;<\/p>\n<p>Dieses dekorative Segelboot ist ein sch\u00f6ner nautischer Dekor, der immer Erinnerungen an das Meer, die Sonne, den Wind und den Urlaub weckt. Auf Wunsch ist auch ein Druck von Namen, Registrierungen usw. m\u00f6glich. Jedes unserer Segelboote ist handgefertigt und bemalt \u2013 ein echtes Unikat. Einige Segelboote k\u00f6nnen Sie auch als Teil unserer <a href=\"https:\/\/pavidecor.si\/de\/projects\/strandbar\/\"><strong><span style=\"color: #3366ff;\">Strandbar<\/span><\/strong><\/a> sehen.<\/p>\n<\/div>\n<\/div>\n<p>&nbsp;<\/p>\n","protected":false},"excerpt":{"rendered":"<p><strong><span style=\"color: #c4963c;\">\u2192 Handgefertigt<\/span><\/strong><strong><span style=\"color: #c4963c;\"><br \/>\n<\/span><span style=\"color: #c4963c;\">\u2192 Einzigartig<\/span><\/strong><\/p>\n","protected":false},"featured_media":17504,"comment_status":"open","ping_status":"closed","template":"","meta":[],"product_brand":[],"product_cat":[338],"product_tag":[216],"class_list":{"0":"post-17501","1":"product","2":"type-product","3":"status-publish","4":"has-post-thumbnail","6":"product_cat-boote","7":"product_tag-neu","9":"first","10":"instock","11":"sold-individually","12":"taxable","13":"shipping-taxable","14":"purchasable","15":"product-type-simple"},"yoast_head":"<!-- This site is optimized with the Yoast SEO plugin v27.2 - https:\/\/yoast.com\/product\/yoast-seo-wordpress\/ -->\n<title>Dekoratives Segelboot - Ein Hauch von Meer f\u00fcr Ihr Zuhause<\/title>\n<meta name=\"description\" content=\"Das dekoratives Segelboot ist ein nautisches Dekor aus Treibholz und recyceltem Holz. Die Baumwollsegel sind mit einer Inschrift versehen, der Mast...\" \/>\n<meta name=\"robots\" content=\"index, follow, max-snippet:-1, max-image-preview:large, max-video-preview:-1\" \/>\n<link rel=\"canonical\" href=\"https:\/\/pavidecor.si\/de\/produkt\/dekoratives-segelboot-marina-punat-41x23x35cm\/\" \/>\n<meta property=\"og:locale\" content=\"de_DE\" \/>\n<meta property=\"og:type\" content=\"article\" \/>\n<meta property=\"og:title\" content=\"Dekoratives Segelboot - Ein Hauch von Meer f\u00fcr Ihr Zuhause\" \/>\n<meta property=\"og:description\" content=\"Das dekoratives Segelboot ist ein nautisches Dekor aus Treibholz und recyceltem Holz. Die Baumwollsegel sind mit einer Inschrift versehen, der Mast...\" \/>\n<meta property=\"og:url\" content=\"https:\/\/pavidecor.si\/de\/produkt\/dekoratives-segelboot-marina-punat-41x23x35cm\/\" \/>\n<meta property=\"og:site_name\" content=\"Pavi Decor\" \/>\n<meta property=\"article:modified_time\" content=\"2026-04-22T22:02:53+00:00\" \/>\n<meta property=\"og:image\" content=\"https:\/\/pavidecor.si\/wp-content\/uploads\/2022\/07\/IMG_6525-2.jpg\" \/>\n\t<meta property=\"og:image:width\" content=\"2258\" \/>\n\t<meta property=\"og:image:height\" content=\"2258\" \/>\n\t<meta property=\"og:image:type\" content=\"image\/jpeg\" \/>\n<meta name=\"twitter:card\" content=\"summary_large_image\" \/>\n<meta name=\"twitter:label1\" content=\"Gesch\u00e4tzte Lesezeit\" \/>\n\t<meta name=\"twitter:data1\" content=\"4\u00a0Minuten\" \/>\n<script type=\"application\/ld+json\" class=\"yoast-schema-graph\">{\"@context\":\"https:\/\/schema.org\",\"@graph\":[{\"@type\":\"WebPage\",\"@id\":\"https:\/\/pavidecor.si\/de\/produkt\/dekoratives-segelboot-marina-punat-41x23x35cm\/\",\"url\":\"https:\/\/pavidecor.si\/de\/produkt\/dekoratives-segelboot-marina-punat-41x23x35cm\/\",\"name\":\"Dekoratives Segelboot - Ein Hauch von Meer f\u00fcr Ihr Zuhause\",\"isPartOf\":{\"@id\":\"https:\/\/pavidecor.si\/de\/#website\"},\"primaryImageOfPage\":{\"@id\":\"https:\/\/pavidecor.si\/de\/produkt\/dekoratives-segelboot-marina-punat-41x23x35cm\/#primaryimage\"},\"image\":{\"@id\":\"https:\/\/pavidecor.si\/de\/produkt\/dekoratives-segelboot-marina-punat-41x23x35cm\/#primaryimage\"},\"thumbnailUrl\":\"https:\/\/pavidecor.si\/wp-content\/uploads\/2022\/07\/IMG_6525-2.jpg\",\"datePublished\":\"2022-07-26T10:22:59+00:00\",\"dateModified\":\"2026-04-22T22:02:53+00:00\",\"description\":\"Das dekoratives Segelboot ist ein nautisches Dekor aus Treibholz und recyceltem Holz. Die Baumwollsegel sind mit einer Inschrift versehen, der Mast...\",\"breadcrumb\":{\"@id\":\"https:\/\/pavidecor.si\/de\/produkt\/dekoratives-segelboot-marina-punat-41x23x35cm\/#breadcrumb\"},\"inLanguage\":\"de\",\"potentialAction\":[{\"@type\":\"ReadAction\",\"target\":[\"https:\/\/pavidecor.si\/de\/produkt\/dekoratives-segelboot-marina-punat-41x23x35cm\/\"]}]},{\"@type\":\"ImageObject\",\"inLanguage\":\"de\",\"@id\":\"https:\/\/pavidecor.si\/de\/produkt\/dekoratives-segelboot-marina-punat-41x23x35cm\/#primaryimage\",\"url\":\"https:\/\/pavidecor.si\/wp-content\/uploads\/2022\/07\/IMG_6525-2.jpg\",\"contentUrl\":\"https:\/\/pavidecor.si\/wp-content\/uploads\/2022\/07\/IMG_6525-2.jpg\",\"width\":2258,\"height\":2258,\"caption\":\"PAVI DECOR\"},{\"@type\":\"BreadcrumbList\",\"@id\":\"https:\/\/pavidecor.si\/de\/produkt\/dekoratives-segelboot-marina-punat-41x23x35cm\/#breadcrumb\",\"itemListElement\":[{\"@type\":\"ListItem\",\"position\":1,\"name\":\"Domov\",\"item\":\"https:\/\/pavidecor.si\/de\/\"},{\"@type\":\"ListItem\",\"position\":2,\"name\":\"Online-Shop\",\"item\":\"https:\/\/pavidecor.si\/de\/online-shop\/\"},{\"@type\":\"ListItem\",\"position\":3,\"name\":\"Dekoratives Segelboot Marina Punat 41x23x3,5cm\"}]},{\"@type\":\"WebSite\",\"@id\":\"https:\/\/pavidecor.si\/de\/#website\",\"url\":\"https:\/\/pavidecor.si\/de\/\",\"name\":\"Pavi Decor\",\"description\":\"Leseni unikati ustvarjeni iz ljubezni do lesa in narave.\",\"potentialAction\":[{\"@type\":\"SearchAction\",\"target\":{\"@type\":\"EntryPoint\",\"urlTemplate\":\"https:\/\/pavidecor.si\/de\/?s={search_term_string}\"},\"query-input\":{\"@type\":\"PropertyValueSpecification\",\"valueRequired\":true,\"valueName\":\"search_term_string\"}}],\"inLanguage\":\"de\"}]}<\/script>\n<!-- \/ Yoast SEO plugin. -->","yoast_head_json":{"title":"Dekoratives Segelboot - Ein Hauch von Meer f\u00fcr Ihr Zuhause","description":"Das dekoratives Segelboot ist ein nautisches Dekor aus Treibholz und recyceltem Holz. Die Baumwollsegel sind mit einer Inschrift versehen, der Mast...","robots":{"index":"index","follow":"follow","max-snippet":"max-snippet:-1","max-image-preview":"max-image-preview:large","max-video-preview":"max-video-preview:-1"},"canonical":"https:\/\/pavidecor.si\/de\/produkt\/dekoratives-segelboot-marina-punat-41x23x35cm\/","og_locale":"de_DE","og_type":"article","og_title":"Dekoratives Segelboot - Ein Hauch von Meer f\u00fcr Ihr Zuhause","og_description":"Das dekoratives Segelboot ist ein nautisches Dekor aus Treibholz und recyceltem Holz. Die Baumwollsegel sind mit einer Inschrift versehen, der Mast...","og_url":"https:\/\/pavidecor.si\/de\/produkt\/dekoratives-segelboot-marina-punat-41x23x35cm\/","og_site_name":"Pavi Decor","article_modified_time":"2026-04-22T22:02:53+00:00","og_image":[{"width":2258,"height":2258,"url":"https:\/\/pavidecor.si\/wp-content\/uploads\/2022\/07\/IMG_6525-2.jpg","type":"image\/jpeg"}],"twitter_card":"summary_large_image","twitter_misc":{"Gesch\u00e4tzte Lesezeit":"4\u00a0Minuten"},"schema":{"@context":"https:\/\/schema.org","@graph":[{"@type":"WebPage","@id":"https:\/\/pavidecor.si\/de\/produkt\/dekoratives-segelboot-marina-punat-41x23x35cm\/","url":"https:\/\/pavidecor.si\/de\/produkt\/dekoratives-segelboot-marina-punat-41x23x35cm\/","name":"Dekoratives Segelboot - Ein Hauch von Meer f\u00fcr Ihr Zuhause","isPartOf":{"@id":"https:\/\/pavidecor.si\/de\/#website"},"primaryImageOfPage":{"@id":"https:\/\/pavidecor.si\/de\/produkt\/dekoratives-segelboot-marina-punat-41x23x35cm\/#primaryimage"},"image":{"@id":"https:\/\/pavidecor.si\/de\/produkt\/dekoratives-segelboot-marina-punat-41x23x35cm\/#primaryimage"},"thumbnailUrl":"https:\/\/pavidecor.si\/wp-content\/uploads\/2022\/07\/IMG_6525-2.jpg","datePublished":"2022-07-26T10:22:59+00:00","dateModified":"2026-04-22T22:02:53+00:00","description":"Das dekoratives Segelboot ist ein nautisches Dekor aus Treibholz und recyceltem Holz. Die Baumwollsegel sind mit einer Inschrift versehen, der Mast...","breadcrumb":{"@id":"https:\/\/pavidecor.si\/de\/produkt\/dekoratives-segelboot-marina-punat-41x23x35cm\/#breadcrumb"},"inLanguage":"de","potentialAction":[{"@type":"ReadAction","target":["https:\/\/pavidecor.si\/de\/produkt\/dekoratives-segelboot-marina-punat-41x23x35cm\/"]}]},{"@type":"ImageObject","inLanguage":"de","@id":"https:\/\/pavidecor.si\/de\/produkt\/dekoratives-segelboot-marina-punat-41x23x35cm\/#primaryimage","url":"https:\/\/pavidecor.si\/wp-content\/uploads\/2022\/07\/IMG_6525-2.jpg","contentUrl":"https:\/\/pavidecor.si\/wp-content\/uploads\/2022\/07\/IMG_6525-2.jpg","width":2258,"height":2258,"caption":"PAVI DECOR"},{"@type":"BreadcrumbList","@id":"https:\/\/pavidecor.si\/de\/produkt\/dekoratives-segelboot-marina-punat-41x23x35cm\/#breadcrumb","itemListElement":[{"@type":"ListItem","position":1,"name":"Domov","item":"https:\/\/pavidecor.si\/de\/"},{"@type":"ListItem","position":2,"name":"Online-Shop","item":"https:\/\/pavidecor.si\/de\/online-shop\/"},{"@type":"ListItem","position":3,"name":"Dekoratives Segelboot Marina Punat 41x23x3,5cm"}]},{"@type":"WebSite","@id":"https:\/\/pavidecor.si\/de\/#website","url":"https:\/\/pavidecor.si\/de\/","name":"Pavi Decor","description":"Leseni unikati ustvarjeni iz ljubezni do lesa in narave.","potentialAction":[{"@type":"SearchAction","target":{"@type":"EntryPoint","urlTemplate":"https:\/\/pavidecor.si\/de\/?s={search_term_string}"},"query-input":{"@type":"PropertyValueSpecification","valueRequired":true,"valueName":"search_term_string"}}],"inLanguage":"de"}]}},"_links":{"self":[{"href":"https:\/\/pavidecor.si\/de\/wp-json\/wp\/v2\/product\/17501","targetHints":{"allow":["GET"]}}],"collection":[{"href":"https:\/\/pavidecor.si\/de\/wp-json\/wp\/v2\/product"}],"about":[{"href":"https:\/\/pavidecor.si\/de\/wp-json\/wp\/v2\/types\/product"}],"replies":[{"embeddable":true,"href":"https:\/\/pavidecor.si\/de\/wp-json\/wp\/v2\/comments?post=17501"}],"wp:featuredmedia":[{"embeddable":true,"href":"https:\/\/pavidecor.si\/de\/wp-json\/wp\/v2\/media\/17504"}],"wp:attachment":[{"href":"https:\/\/pavidecor.si\/de\/wp-json\/wp\/v2\/media?parent=17501"}],"wp:term":[{"taxonomy":"product_brand","embeddable":true,"href":"https:\/\/pavidecor.si\/de\/wp-json\/wp\/v2\/product_brand?post=17501"},{"taxonomy":"product_cat","embeddable":true,"href":"https:\/\/pavidecor.si\/de\/wp-json\/wp\/v2\/product_cat?post=17501"},{"taxonomy":"product_tag","embeddable":true,"href":"https:\/\/pavidecor.si\/de\/wp-json\/wp\/v2\/product_tag?post=17501"}],"curies":[{"name":"wp","href":"https:\/\/api.w.org\/{rel}","templated":true}]}}