	{"id":17415,"date":"2022-08-05T10:10:27","date_gmt":"2022-08-05T10:10:27","guid":{"rendered":"https:\/\/pavidecor.si\/product\/mini-neujahrs-weihnachtsbaum\/"},"modified":"2026-05-02T11:00:40","modified_gmt":"2026-05-02T11:00:40","slug":"mini-weihnachtsbaum","status":"publish","type":"product","link":"https:\/\/pavidecor.si\/de\/produkt\/mini-weihnachtsbaum\/","title":{"rendered":"Mini Weihnachtsbaum"},"content":{"rendered":"<p><span class=\"prvimanjsinaslovopis\">Mini Weihnachtsbaum &#8211; Holen Sie sich ein St\u00fcck Natur in Ihr Zuhause<\/span><\/p>\n<p>&nbsp;<\/p>\n<h2><span class=\"odebeljenopis\"><strong><br \/>\nEntdecken Sie unsere Mini Neujahrstanne, die mit ihrer schlichten Eleganz die Natur in jeden Raum bringt. Dieses einzigartige Holzprodukt eignet sich hervorragend f\u00fcr festliche Dekorationen, da es sich sowohl in rustikale als auch in moderne Ambiente perfekt einf\u00fcgt. Genie\u00dfen Sie ein unbeschwertes Fest mit unserem naturbelassenen und unpr\u00e4tenti\u00f6sen Tannenbaum, der Ihre Weihnachtsgeschichte bereichern wird.<\/strong><\/span><\/h2>\n<p>&nbsp;<\/p>\n<div class=\"row\">\n<div class=\"col-sm-6 \" style=\"margin-top: 30px;\"><center><img decoding=\"async\" class=\"lazyload img-responsive\" style=\"margin: 0px auto; max-width: 100%;\" src=\"data:image\/svg+xml,%3Csvg%20xmlns%3D%27http%3A%2F%2Fwww.w3.org%2F2000%2Fsvg%27%20width%3D%272545%27%20height%3D%272545%27%20viewBox%3D%270%200%202545%202545%27%3E%3Crect%20width%3D%272545%27%20height%3D%272545%27%20fill-opacity%3D%220%22%2F%3E%3C%2Fsvg%3E\" data-orig-src=\"https:\/\/pavidecor.si\/wp-content\/uploads\/2022\/08\/IMG_6549-2.jpg\" \/><\/center><\/div>\n<div class=\"col-sm-6\" style=\"margin-top: 40px;\">\n<p>&nbsp;<\/p>\n<h3>Unikat handgefertigt<\/h3>\n<p>Unser Mini Weihnachtsbaum ist das Ergebnis einer Handarbeit, die sich durch die Details der Verbindung von Holzteilen auszeichnet, wie sie von den alten Meistern verwendet wurden. Bei PAVI DECOR aus Ljubljana glauben wir an die Liebe zum Holz und zur Natur, die sich in jedem unserer Produkte widerspiegelt. Jede Holztanne wird sorgf\u00e4ltig in Slowenien entworfen und hergestellt, was ihre <strong>Einzigartigkeit und Qualit\u00e4t gew\u00e4hrleistet<\/strong>.<\/p>\n<p>&nbsp;<\/p>\n<p>Durch die Verwendung nat\u00fcrlicher Materialien und traditioneller Techniken sehen unsere Produkte nicht nur authentisch aus, sondern bringen auch W\u00e4rme und Seele in Ihr Zuhause. Der Mini Neujahrsbaum ist frei von Nadeln und biegsamen Teilen, was bedeutet, dass es <strong>pflegeleicht ist<\/strong> und eine ideale Wahl f\u00fcr alle, die sich eine unbeschwerte festliche Atmosph\u00e4re w\u00fcnschen.<\/p>\n<p>&nbsp;<\/p>\n<\/div>\n<\/div>\n<div class=\"row\">\n<div class=\"col-sm-6 col-sm-push-6\" style=\"margin-top: 30px;\"><center><img decoding=\"async\" class=\"lazyload img-responsive\" style=\"margin: 0px auto; max-width: 100%;\" src=\"data:image\/svg+xml,%3Csvg%20xmlns%3D%27http%3A%2F%2Fwww.w3.org%2F2000%2Fsvg%27%20width%3D%272560%27%20height%3D%272560%27%20viewBox%3D%270%200%202560%202560%27%3E%3Crect%20width%3D%272560%27%20height%3D%272560%27%20fill-opacity%3D%220%22%2F%3E%3C%2Fsvg%3E\" data-orig-src=\"https:\/\/pavidecor.si\/wp-content\/uploads\/2022\/08\/IMG_6550-2-scaled.jpg\" \/><\/center><\/div>\n<div class=\"col-sm-6 col-sm-pull-6\" style=\"margin-top: 40px;\">\n<p>&nbsp;<\/p>\n<h3>Die perfekte Wahl f\u00fcr jeden Raum<\/h3>\n<p>Aufgrund ihrer geringen Gr\u00f6\u00dfe und ihres durchdachten Designs passt die Mini Neujahrstanne perfekt auf Ihren Tisch, Ihre Fensterbank oder in jede Ecke Ihres Hauses. Ihre rustikale wei\u00dfe Farbe f\u00fcgt sich gut in das Shabby-Chic-Ambiente ein, eignet sich aber gleichzeitig auch f\u00fcr moderne R\u00e4ume. Kreieren Sie Ihre eigene Weihnachtsgeschichte mit mehreren Mini-Weihnachtsb\u00e4umen und f\u00fcgen Sie <a href=\"https:\/\/pavidecor.si\/de\/kategorije\/dekorationsprodukte-fur-zu-hause\/kerzenstander\/\"><span style=\"color: #3366ff;\"><strong>h\u00f6lzerne Kerzenst\u00e4nder<\/strong><\/span><\/a> aus unserem Programm hinzu, um die festliche Atmosph\u00e4re zu vervollst\u00e4ndigen.<\/p>\n<p>&nbsp;<\/p>\n<p>Unser Tannenbaum wurde entwickelt, um Freude und W\u00e4rme in Ihr Zuhause zu bringen, egal wo Sie ihn aufstellen. Seine <strong>schlichte Eleganz<\/strong> und seine nat\u00fcrlichen Materialien sorgen daf\u00fcr, dass es Teil Ihrer Urlaubstraditionen wird. Denken Sie daran, dass das Komponieren v\u00f6llig unn\u00f6tig ist, was bedeutet, dass Sie sofort seinen Charme genie\u00dfen k\u00f6nnen.<\/p>\n<p>&nbsp;<\/p>\n<\/div>\n<\/div>\n<div class=\"row\">\n<div class=\"col-sm-6\" style=\"margin-top: 30px;\"><center><img decoding=\"async\" class=\"lazyload img-responsive\" style=\"margin: 0px auto; max-width: 100%;\" src=\"data:image\/svg+xml,%3Csvg%20xmlns%3D%27http%3A%2F%2Fwww.w3.org%2F2000%2Fsvg%27%20width%3D%272171%27%20height%3D%272172%27%20viewBox%3D%270%200%202171%202172%27%3E%3Crect%20width%3D%272171%27%20height%3D%272172%27%20fill-opacity%3D%220%22%2F%3E%3C%2Fsvg%3E\" data-orig-src=\"https:\/\/pavidecor.si\/wp-content\/uploads\/2022\/08\/IMG_6551-2.jpg\" \/><\/center><\/div>\n<div class=\"col-sm-6\" style=\"margin-top: 40px;\">\n<p>&nbsp;<\/p>\n<h3>Eine dauerhafte L\u00f6sung f\u00fcr den Naturschutz<\/h3>\n<p>Wenn Sie sich f\u00fcr unseren Mini Weihnachtsbaum entscheiden, bereichern Sie nicht nur Ihr Zuhause. Sie tragen auch zum <b>Erhalt unserer W\u00e4lder<\/b> bei. Dieses einzigartige Produkt ist eine langlebige Alternative zum nat\u00fcrlichen Weihnachtsbaum. Das bedeutet, dass Sie die festliche Atmosph\u00e4re genie\u00dfen k\u00f6nnen, ohne sich um die Umwelt sorgen zu m\u00fcssen.<\/p>\n<p>&nbsp;<\/p>\n<p>Unsere Mini-Tanne ist so konzipiert, dass sie lange h\u00e4lt und <strong>Jahr f\u00fcr Jahr Freude bereitet<\/strong>. Wenn Sie sich f\u00fcr unsere Holztanne entscheiden, unterst\u00fctzen Sie lokale Handwerker und nachhaltig orientierte Produkte. Bei PAVI DECOR sind wir uns der Bedeutung der Natur bewusst und bem\u00fchen uns, dass unsere Produkte diesen Wert widerspiegeln. Schaffen Sie mit uns nachhaltige Weihnachtstraditionen.<\/p>\n<p>&nbsp;<\/p>\n<\/div>\n<\/div>\n<blockquote><p>Der Mini Weihnachtsbaum bringt mit seiner schlichten Eleganz ein St\u00fcck Natur in jeden Raum. Da es klein ist, gl\u00e4nzt es besonders auf Ihrem Tisch, allein oder in Kombination mit anderen festlichen Dekorationen. Es ist v\u00f6llig nat\u00fcrlich und pflegeleicht, da es weder Nadeln noch flexible Teile hat, die besch\u00e4digt werden k\u00f6nnten. Unsere einzigartige Holztanne wird den nat\u00fcrlichen Weihnachtsbaum dauerhaft ersetzen und so zum Erhalt unserer W\u00e4lder beitragen. Ein Mini-Silvesterbaum in rustikalem Wei\u00df eignet sich gut f\u00fcr ein Shabby-Chic-Ambiente und eignet sich auch f\u00fcr moderne Ambiente. Sie k\u00f6nnen Ihre eigene Weihnachtsgeschichte aus mehreren Mini-Tannen kreieren, und Sie k\u00f6nnen auch Kerzenst\u00e4nder aus Holz aus unserem Programm hinzuf\u00fcgen. Keine Montage erforderlich. Den Mini-Neujahrsbaum k\u00f6nnen Sie auch in unserem <a href=\"https:\/\/pavidecor.si\/de\/projects\/silvester-ambiente\/\"><strong><span style=\"color: #3366ff;\">Silvesterambiente<\/span><\/strong><\/a> sehen.<\/p><\/blockquote>\n<p>&nbsp;<\/p>\n","protected":false},"excerpt":{"rendered":"<p><strong><span style=\"color: #c4963c;\">\u2192 Handgefertigt<\/span><\/strong><strong><span style=\"color: #c4963c;\"><br \/>\n<\/span><span style=\"color: #c4963c;\">\u2192 Einzigartig<\/span><\/strong><\/p>\n","protected":false},"featured_media":17416,"comment_status":"open","ping_status":"closed","template":"","meta":[],"product_brand":[],"product_cat":[370],"product_tag":[216,244],"class_list":{"0":"post-17415","1":"product","2":"type-product","3":"status-publish","4":"has-post-thumbnail","6":"product_cat-neujahrs-weihnachtsbaume","7":"product_tag-neu","8":"product_tag-silvester-ambiente","10":"first","11":"instock","12":"taxable","13":"shipping-taxable","14":"purchasable","15":"product-type-simple"},"yoast_head":"<!-- This site is optimized with the Yoast SEO plugin v27.2 - https:\/\/yoast.com\/product\/yoast-seo-wordpress\/ -->\n<title>Mini Weihnachtsbaum - Passt perfekt auf Ihren Tisch, Fensterbank<\/title>\n<meta name=\"description\" content=\"Der Mini Weihnachtsbaum bringt mit seiner schlichten Eleganz ein St\u00fcck Natur in Ihr Zuhause. Es ist v\u00f6llig nat\u00fcrlich und unpr\u00e4tenti\u00f6s zu pflegen.\" \/>\n<meta name=\"robots\" content=\"index, follow, max-snippet:-1, max-image-preview:large, max-video-preview:-1\" \/>\n<link rel=\"canonical\" href=\"https:\/\/pavidecor.si\/de\/produkt\/mini-weihnachtsbaum\/\" \/>\n<meta property=\"og:locale\" content=\"de_DE\" \/>\n<meta property=\"og:type\" content=\"article\" \/>\n<meta property=\"og:title\" content=\"Mini Weihnachtsbaum - Passt perfekt auf Ihren Tisch, Fensterbank\" \/>\n<meta property=\"og:description\" content=\"Der Mini Weihnachtsbaum bringt mit seiner schlichten Eleganz ein St\u00fcck Natur in Ihr Zuhause. Es ist v\u00f6llig nat\u00fcrlich und unpr\u00e4tenti\u00f6s zu pflegen.\" \/>\n<meta property=\"og:url\" content=\"https:\/\/pavidecor.si\/de\/produkt\/mini-weihnachtsbaum\/\" \/>\n<meta property=\"og:site_name\" content=\"Pavi Decor\" \/>\n<meta property=\"article:modified_time\" content=\"2026-05-02T11:00:40+00:00\" \/>\n<meta property=\"og:image\" content=\"https:\/\/pavidecor.si\/wp-content\/uploads\/2022\/08\/IMG_6549-2.jpg\" \/>\n\t<meta property=\"og:image:width\" content=\"2545\" \/>\n\t<meta property=\"og:image:height\" content=\"2545\" \/>\n\t<meta property=\"og:image:type\" content=\"image\/jpeg\" \/>\n<meta name=\"twitter:card\" content=\"summary_large_image\" \/>\n<meta name=\"twitter:label1\" content=\"Gesch\u00e4tzte Lesezeit\" \/>\n\t<meta name=\"twitter:data1\" content=\"4\u00a0Minuten\" \/>\n<script type=\"application\/ld+json\" class=\"yoast-schema-graph\">{\"@context\":\"https:\/\/schema.org\",\"@graph\":[{\"@type\":\"WebPage\",\"@id\":\"https:\/\/pavidecor.si\/de\/produkt\/mini-weihnachtsbaum\/\",\"url\":\"https:\/\/pavidecor.si\/de\/produkt\/mini-weihnachtsbaum\/\",\"name\":\"Mini Weihnachtsbaum - Passt perfekt auf Ihren Tisch, Fensterbank\",\"isPartOf\":{\"@id\":\"https:\/\/pavidecor.si\/de\/#website\"},\"primaryImageOfPage\":{\"@id\":\"https:\/\/pavidecor.si\/de\/produkt\/mini-weihnachtsbaum\/#primaryimage\"},\"image\":{\"@id\":\"https:\/\/pavidecor.si\/de\/produkt\/mini-weihnachtsbaum\/#primaryimage\"},\"thumbnailUrl\":\"https:\/\/pavidecor.si\/wp-content\/uploads\/2022\/08\/IMG_6549-2.jpg\",\"datePublished\":\"2022-08-05T10:10:27+00:00\",\"dateModified\":\"2026-05-02T11:00:40+00:00\",\"description\":\"Der Mini Weihnachtsbaum bringt mit seiner schlichten Eleganz ein St\u00fcck Natur in Ihr Zuhause. Es ist v\u00f6llig nat\u00fcrlich und unpr\u00e4tenti\u00f6s zu pflegen.\",\"breadcrumb\":{\"@id\":\"https:\/\/pavidecor.si\/de\/produkt\/mini-weihnachtsbaum\/#breadcrumb\"},\"inLanguage\":\"de\",\"potentialAction\":[{\"@type\":\"ReadAction\",\"target\":[\"https:\/\/pavidecor.si\/de\/produkt\/mini-weihnachtsbaum\/\"]}]},{\"@type\":\"ImageObject\",\"inLanguage\":\"de\",\"@id\":\"https:\/\/pavidecor.si\/de\/produkt\/mini-weihnachtsbaum\/#primaryimage\",\"url\":\"https:\/\/pavidecor.si\/wp-content\/uploads\/2022\/08\/IMG_6549-2.jpg\",\"contentUrl\":\"https:\/\/pavidecor.si\/wp-content\/uploads\/2022\/08\/IMG_6549-2.jpg\",\"width\":2545,\"height\":2545,\"caption\":\"PAVI DECOR\"},{\"@type\":\"BreadcrumbList\",\"@id\":\"https:\/\/pavidecor.si\/de\/produkt\/mini-weihnachtsbaum\/#breadcrumb\",\"itemListElement\":[{\"@type\":\"ListItem\",\"position\":1,\"name\":\"Domov\",\"item\":\"https:\/\/pavidecor.si\/de\/\"},{\"@type\":\"ListItem\",\"position\":2,\"name\":\"Online-Shop\",\"item\":\"https:\/\/pavidecor.si\/de\/online-shop\/\"},{\"@type\":\"ListItem\",\"position\":3,\"name\":\"Mini Weihnachtsbaum\"}]},{\"@type\":\"WebSite\",\"@id\":\"https:\/\/pavidecor.si\/de\/#website\",\"url\":\"https:\/\/pavidecor.si\/de\/\",\"name\":\"Pavi Decor\",\"description\":\"Leseni unikati ustvarjeni iz ljubezni do lesa in narave.\",\"potentialAction\":[{\"@type\":\"SearchAction\",\"target\":{\"@type\":\"EntryPoint\",\"urlTemplate\":\"https:\/\/pavidecor.si\/de\/?s={search_term_string}\"},\"query-input\":{\"@type\":\"PropertyValueSpecification\",\"valueRequired\":true,\"valueName\":\"search_term_string\"}}],\"inLanguage\":\"de\"}]}<\/script>\n<!-- \/ Yoast SEO plugin. -->","yoast_head_json":{"title":"Mini Weihnachtsbaum - Passt perfekt auf Ihren Tisch, Fensterbank","description":"Der Mini Weihnachtsbaum bringt mit seiner schlichten Eleganz ein St\u00fcck Natur in Ihr Zuhause. Es ist v\u00f6llig nat\u00fcrlich und unpr\u00e4tenti\u00f6s zu pflegen.","robots":{"index":"index","follow":"follow","max-snippet":"max-snippet:-1","max-image-preview":"max-image-preview:large","max-video-preview":"max-video-preview:-1"},"canonical":"https:\/\/pavidecor.si\/de\/produkt\/mini-weihnachtsbaum\/","og_locale":"de_DE","og_type":"article","og_title":"Mini Weihnachtsbaum - Passt perfekt auf Ihren Tisch, Fensterbank","og_description":"Der Mini Weihnachtsbaum bringt mit seiner schlichten Eleganz ein St\u00fcck Natur in Ihr Zuhause. Es ist v\u00f6llig nat\u00fcrlich und unpr\u00e4tenti\u00f6s zu pflegen.","og_url":"https:\/\/pavidecor.si\/de\/produkt\/mini-weihnachtsbaum\/","og_site_name":"Pavi Decor","article_modified_time":"2026-05-02T11:00:40+00:00","og_image":[{"width":2545,"height":2545,"url":"https:\/\/pavidecor.si\/wp-content\/uploads\/2022\/08\/IMG_6549-2.jpg","type":"image\/jpeg"}],"twitter_card":"summary_large_image","twitter_misc":{"Gesch\u00e4tzte Lesezeit":"4\u00a0Minuten"},"schema":{"@context":"https:\/\/schema.org","@graph":[{"@type":"WebPage","@id":"https:\/\/pavidecor.si\/de\/produkt\/mini-weihnachtsbaum\/","url":"https:\/\/pavidecor.si\/de\/produkt\/mini-weihnachtsbaum\/","name":"Mini Weihnachtsbaum - Passt perfekt auf Ihren Tisch, Fensterbank","isPartOf":{"@id":"https:\/\/pavidecor.si\/de\/#website"},"primaryImageOfPage":{"@id":"https:\/\/pavidecor.si\/de\/produkt\/mini-weihnachtsbaum\/#primaryimage"},"image":{"@id":"https:\/\/pavidecor.si\/de\/produkt\/mini-weihnachtsbaum\/#primaryimage"},"thumbnailUrl":"https:\/\/pavidecor.si\/wp-content\/uploads\/2022\/08\/IMG_6549-2.jpg","datePublished":"2022-08-05T10:10:27+00:00","dateModified":"2026-05-02T11:00:40+00:00","description":"Der Mini Weihnachtsbaum bringt mit seiner schlichten Eleganz ein St\u00fcck Natur in Ihr Zuhause. Es ist v\u00f6llig nat\u00fcrlich und unpr\u00e4tenti\u00f6s zu pflegen.","breadcrumb":{"@id":"https:\/\/pavidecor.si\/de\/produkt\/mini-weihnachtsbaum\/#breadcrumb"},"inLanguage":"de","potentialAction":[{"@type":"ReadAction","target":["https:\/\/pavidecor.si\/de\/produkt\/mini-weihnachtsbaum\/"]}]},{"@type":"ImageObject","inLanguage":"de","@id":"https:\/\/pavidecor.si\/de\/produkt\/mini-weihnachtsbaum\/#primaryimage","url":"https:\/\/pavidecor.si\/wp-content\/uploads\/2022\/08\/IMG_6549-2.jpg","contentUrl":"https:\/\/pavidecor.si\/wp-content\/uploads\/2022\/08\/IMG_6549-2.jpg","width":2545,"height":2545,"caption":"PAVI DECOR"},{"@type":"BreadcrumbList","@id":"https:\/\/pavidecor.si\/de\/produkt\/mini-weihnachtsbaum\/#breadcrumb","itemListElement":[{"@type":"ListItem","position":1,"name":"Domov","item":"https:\/\/pavidecor.si\/de\/"},{"@type":"ListItem","position":2,"name":"Online-Shop","item":"https:\/\/pavidecor.si\/de\/online-shop\/"},{"@type":"ListItem","position":3,"name":"Mini Weihnachtsbaum"}]},{"@type":"WebSite","@id":"https:\/\/pavidecor.si\/de\/#website","url":"https:\/\/pavidecor.si\/de\/","name":"Pavi Decor","description":"Leseni unikati ustvarjeni iz ljubezni do lesa in narave.","potentialAction":[{"@type":"SearchAction","target":{"@type":"EntryPoint","urlTemplate":"https:\/\/pavidecor.si\/de\/?s={search_term_string}"},"query-input":{"@type":"PropertyValueSpecification","valueRequired":true,"valueName":"search_term_string"}}],"inLanguage":"de"}]}},"_links":{"self":[{"href":"https:\/\/pavidecor.si\/de\/wp-json\/wp\/v2\/product\/17415","targetHints":{"allow":["GET"]}}],"collection":[{"href":"https:\/\/pavidecor.si\/de\/wp-json\/wp\/v2\/product"}],"about":[{"href":"https:\/\/pavidecor.si\/de\/wp-json\/wp\/v2\/types\/product"}],"replies":[{"embeddable":true,"href":"https:\/\/pavidecor.si\/de\/wp-json\/wp\/v2\/comments?post=17415"}],"wp:featuredmedia":[{"embeddable":true,"href":"https:\/\/pavidecor.si\/de\/wp-json\/wp\/v2\/media\/17416"}],"wp:attachment":[{"href":"https:\/\/pavidecor.si\/de\/wp-json\/wp\/v2\/media?parent=17415"}],"wp:term":[{"taxonomy":"product_brand","embeddable":true,"href":"https:\/\/pavidecor.si\/de\/wp-json\/wp\/v2\/product_brand?post=17415"},{"taxonomy":"product_cat","embeddable":true,"href":"https:\/\/pavidecor.si\/de\/wp-json\/wp\/v2\/product_cat?post=17415"},{"taxonomy":"product_tag","embeddable":true,"href":"https:\/\/pavidecor.si\/de\/wp-json\/wp\/v2\/product_tag?post=17415"}],"curies":[{"name":"wp","href":"https:\/\/api.w.org\/{rel}","templated":true}]}}