	{"id":16491,"date":"2022-03-30T11:10:44","date_gmt":"2022-03-30T11:10:44","guid":{"rendered":"https:\/\/pavidecor.si\/product\/neujahrs-weihnachtsbaum-ana-weiss-rustikal-105x43x18cm\/"},"modified":"2026-04-23T04:02:38","modified_gmt":"2026-04-23T04:02:38","slug":"weihnachtsbaum-ana-weiss-rustikal-105x43x18cm","status":"publish","type":"product","link":"https:\/\/pavidecor.si\/de\/produkt\/weihnachtsbaum-ana-weiss-rustikal-105x43x18cm\/","title":{"rendered":"Weihnachtsbaum Ana wei\u00df rustikal 105x43x18cm"},"content":{"rendered":"<p><span class=\"prvimanjsinaslovopis\"><br \/>\nWeihnachtsbaum Ana \u2013 Holen Sie sich ein St\u00fcck Natur nach Hause<\/span><\/p>\n<p>&nbsp;<\/p>\n<h2><span class=\"odebeljenopis\"><strong><br \/>\nEntdecken Sie den Zauber der Weihnachtszeit mit unserem einzigartigen Weihnachtsbaum Ana. Diese elegante und nat\u00fcrliche Dekoration ist die perfekte Wahl f\u00fcr jeden Raum, ob zu Hause oder im B\u00fcro. Mit Liebe zum Holz und zur Natur gestaltet, ist er ideal f\u00fcr alle, die eine langlebige und unkomplizierte L\u00f6sung f\u00fcr ihre Weihnachtsdekoration suchen.<br \/>\n<\/strong><\/span><\/h2>\n<p>&nbsp;<\/p>\n<div class=\"row\">\n<div class=\"col-sm-6 \" style=\"margin-top: 30px;\"><center><img decoding=\"async\" class=\"lazyload img-responsive\" style=\"margin: 0px auto; max-width: 100%;\" src=\"data:image\/svg+xml,%3Csvg%20xmlns%3D%27http%3A%2F%2Fwww.w3.org%2F2000%2Fsvg%27%20width%3D%272560%27%20height%3D%272560%27%20viewBox%3D%270%200%202560%202560%27%3E%3Crect%20width%3D%272560%27%20height%3D%272560%27%20fill-opacity%3D%220%22%2F%3E%3C%2Fsvg%3E\" data-orig-src=\"https:\/\/pavidecor.si\/wp-content\/uploads\/2022\/03\/Novoletna-jelka-Ana-No.1285-1-scaled.jpg\" \/><\/center><\/div>\n<div class=\"col-sm-6\" style=\"margin-top: 40px;\">\n<p>&nbsp;<\/p>\n<h3>Einzigartige Handarbeit<\/h3>\n<p>Unser Weihnachtsbaum Ana ist das Ergebnis eines handwerklichen Prozesses, der auf Details und Authentizit\u00e4t setzt. Jedes St\u00fcck wird sorgf\u00e4ltig in Slowenien entworfen und gefertigt, was <strong>h\u00f6chste Qualit\u00e4t und Einzigartigkeit<\/strong> garantiert. Wir von PAVI DECOR aus Ljubljana sind \u00fcberzeugt, dass die Liebe zu Holz und Natur die Grundlage unserer Produktgestaltung bildet. Unser Weihnachtsbaum bringt nicht nur festliche Stimmung, sondern erz\u00e4hlt auch von Tradition und Respekt vor der Natur.<\/p>\n<p>&nbsp;<\/p>\n<p>Durch die Verwendung traditioneller Techniken zum Verbinden von Holzteilen bewahren unsere Produkte den <strong>authentischen Look<\/strong>. So erhalten Sie ein einzigartiges St\u00fcck, das Ihr Zuhause bereichert und ihm W\u00e4rme und nat\u00fcrliche Sch\u00f6nheit verleiht.<\/p>\n<p>&nbsp;<\/p>\n<\/div>\n<\/div>\n<div class=\"row\">\n<div class=\"col-sm-6 col-sm-push-6\" style=\"margin-top: 30px;\"><center><img decoding=\"async\" class=\"lazyload img-responsive\" style=\"margin: 0px auto; max-width: 100%;\" src=\"data:image\/svg+xml,%3Csvg%20xmlns%3D%27http%3A%2F%2Fwww.w3.org%2F2000%2Fsvg%27%20width%3D%272425%27%20height%3D%272425%27%20viewBox%3D%270%200%202425%202425%27%3E%3Crect%20width%3D%272425%27%20height%3D%272425%27%20fill-opacity%3D%220%22%2F%3E%3C%2Fsvg%3E\" data-orig-src=\" https:\/\/pavidecor.si\/wp-content\/uploads\/2022\/03\/Novoletna-jelka-Ana-No.1285-2-2.jpg\" \/><\/center><\/div>\n<div class=\"col-sm-6 col-sm-pull-6\" style=\"margin-top: 40px;\">\n<p>&nbsp;<\/p>\n<h3>Nachhaltige und einfache L\u00f6sung<\/h3>\n<p>Der Ana-Weihnachtsbaum ist komplett nat\u00fcrlich und pflegeleicht. Da es keine Nadeln verliert ist es die ideale Wahl f\u00fcr alle, die die festliche Atmosph\u00e4re unbeschwert genie\u00dfen m\u00f6chten. Es hat au\u00dferdem <strong>keine beweglichen Teile<\/strong>, die besch\u00e4digt werden k\u00f6nnten.\u00a0Dank seines kompakten Designs eignet er sich auch f\u00fcr kleinere R\u00e4ume.<\/p>\n<p>&nbsp;<\/p>\n<p>Die rustikale wei\u00dfe Variante passt besonders gut zu Shabby-Chic-Einrichtungen und f\u00fcgt sich somit harmonisch in verschiedene Stilrichtungen ein. F\u00fcr zus\u00e4tzliche Dekoration und Beleuchtung empfehlen wir unsere <a href=\"https:\/\/pavidecor.si\/de\/kategorije\/dekorationsprodukte-fur-zu-hause\/kerzenstander\/\"><span style=\"color: #3366ff;\"><strong>Holzkerzenst\u00e4nder<\/strong><\/span><\/a> aus unserem Sortiment. So schaffen Sie eine zauberhafte und gem\u00fctliche Atmosph\u00e4re, die Ihre G\u00e4ste begeistern wird.<\/p>\n<p>&nbsp;<\/p>\n<\/div>\n<\/div>\n<div class=\"row\">\n<div class=\"col-sm-6\" style=\"margin-top: 30px;\"><center><img decoding=\"async\" class=\"lazyload img-responsive\" style=\"margin: 0px auto; max-width: 100%;\" src=\"data:image\/svg+xml,%3Csvg%20xmlns%3D%27http%3A%2F%2Fwww.w3.org%2F2000%2Fsvg%27%20width%3D%272560%27%20height%3D%272560%27%20viewBox%3D%270%200%202560%202560%27%3E%3Crect%20width%3D%272560%27%20height%3D%272560%27%20fill-opacity%3D%220%22%2F%3E%3C%2Fsvg%3E\" data-orig-src=\" https:\/\/pavidecor.si\/wp-content\/uploads\/2022\/03\/Novoletna-jelka-Ana-No.1285-3-2-scaled.jpg\" \/><\/center><\/div>\n<div class=\"col-sm-6\" style=\"margin-top: 40px;\">\n<p>&nbsp;<\/p>\n<h3>Produktspezifikationen<\/h3>\n<p>Der Weihnachtsbaum Ana ist langlebig und bereitet Ihnen <strong>viele Jahre Freude<\/strong>. Seine wichtigsten Merkmale:<\/p>\n<p>&#8211; Material: Naturholz<br \/>\n&#8211; Farbe: Rustikales Wei\u00df<br \/>\n&#8211; Abmessungen: Kompaktes Design, ideal f\u00fcr kleine R\u00e4ume<br \/>\n&#8211; Pflege: Nadelfrei und leicht zu reinigen<br \/>\n&#8211; Montage: Keine Montage erforderlich<\/p>\n<p>&nbsp;<\/p>\n<p>Mit dem Kauf unseres Weihnachtsbaums Ana beschenken Sie sich nicht nur selbst, sondern leisten auch einen Beitrag zum Erhalt unserer W\u00e4lder, da es den <strong>nat\u00fcrlichen Weihnachtsbaum dauerhaft ersetzt<\/strong>. Entdecken Sie bei PAVI DECOR, wie Natur und Eleganz in Ihrem Zuhause harmonisch zusammenwirken k\u00f6nnen.<\/p>\n<p>&nbsp;<\/p>\n<\/div>\n<\/div>\n<p>&nbsp;<\/p>\n","protected":false},"excerpt":{"rendered":"<p><strong><span style=\"color: #c4963c;\">\u2192 Handgefertigt<\/span><\/strong><strong><span style=\"color: #c4963c;\"><br \/>\n<\/span><span style=\"color: #c4963c;\">\u2192 <\/span><\/strong><strong><span style=\"color: #c4963c;\">Einzigartig<\/span><\/strong><br \/>\n<strong><span style=\"color: #c4963c;\">\u2192 Wartungsfrei<\/span><\/strong><\/p>\n","protected":false},"featured_media":16492,"comment_status":"open","ping_status":"closed","template":"","meta":[],"product_brand":[],"product_cat":[370],"product_tag":[216],"class_list":{"0":"post-16491","1":"product","2":"type-product","3":"status-publish","4":"has-post-thumbnail","6":"product_cat-neujahrs-weihnachtsbaume","7":"product_tag-neu","9":"first","10":"instock","11":"taxable","12":"shipping-taxable","13":"purchasable","14":"product-type-simple"},"yoast_head":"<!-- This site is optimized with the Yoast SEO plugin v27.2 - https:\/\/yoast.com\/product\/yoast-seo-wordpress\/ -->\n<title>Weihnachtsbaum Ana rustikal - Ideale Tanne f\u00fcr kleine R\u00e4ume<\/title>\n<meta name=\"description\" content=\"Mit ihrer schlichten Eleganz bringt der Weihnachtsbaum Ana ein St\u00fcck Natur in jeden Raum. Es ist v\u00f6llig nat\u00fcrlich und unpr\u00e4tenti\u00f6s zu pflegen.\" \/>\n<meta name=\"robots\" content=\"index, follow, max-snippet:-1, max-image-preview:large, max-video-preview:-1\" \/>\n<link rel=\"canonical\" href=\"https:\/\/pavidecor.si\/de\/produkt\/weihnachtsbaum-ana-weiss-rustikal-105x43x18cm\/\" \/>\n<meta property=\"og:locale\" content=\"de_DE\" \/>\n<meta property=\"og:type\" content=\"article\" \/>\n<meta property=\"og:title\" content=\"Weihnachtsbaum Ana rustikal - Ideale Tanne f\u00fcr kleine R\u00e4ume\" \/>\n<meta property=\"og:description\" content=\"Mit ihrer schlichten Eleganz bringt der Weihnachtsbaum Ana ein St\u00fcck Natur in jeden Raum. Es ist v\u00f6llig nat\u00fcrlich und unpr\u00e4tenti\u00f6s zu pflegen.\" \/>\n<meta property=\"og:url\" content=\"https:\/\/pavidecor.si\/de\/produkt\/weihnachtsbaum-ana-weiss-rustikal-105x43x18cm\/\" \/>\n<meta property=\"og:site_name\" content=\"Pavi Decor\" \/>\n<meta property=\"article:modified_time\" content=\"2026-04-23T04:02:38+00:00\" \/>\n<meta property=\"og:image\" content=\"https:\/\/pavidecor.si\/wp-content\/uploads\/2022\/03\/Novoletna-jelka-Ana-No.1285-1-scaled.jpg\" \/>\n\t<meta property=\"og:image:width\" content=\"2560\" \/>\n\t<meta property=\"og:image:height\" content=\"2560\" \/>\n\t<meta property=\"og:image:type\" content=\"image\/jpeg\" \/>\n<meta name=\"twitter:card\" content=\"summary_large_image\" \/>\n<meta name=\"twitter:label1\" content=\"Gesch\u00e4tzte Lesezeit\" \/>\n\t<meta name=\"twitter:data1\" content=\"3\u00a0Minuten\" \/>\n<script type=\"application\/ld+json\" class=\"yoast-schema-graph\">{\"@context\":\"https:\/\/schema.org\",\"@graph\":[{\"@type\":\"WebPage\",\"@id\":\"https:\/\/pavidecor.si\/de\/produkt\/weihnachtsbaum-ana-weiss-rustikal-105x43x18cm\/\",\"url\":\"https:\/\/pavidecor.si\/de\/produkt\/weihnachtsbaum-ana-weiss-rustikal-105x43x18cm\/\",\"name\":\"Weihnachtsbaum Ana rustikal - Ideale Tanne f\u00fcr kleine R\u00e4ume\",\"isPartOf\":{\"@id\":\"https:\/\/pavidecor.si\/de\/#website\"},\"primaryImageOfPage\":{\"@id\":\"https:\/\/pavidecor.si\/de\/produkt\/weihnachtsbaum-ana-weiss-rustikal-105x43x18cm\/#primaryimage\"},\"image\":{\"@id\":\"https:\/\/pavidecor.si\/de\/produkt\/weihnachtsbaum-ana-weiss-rustikal-105x43x18cm\/#primaryimage\"},\"thumbnailUrl\":\"https:\/\/pavidecor.si\/wp-content\/uploads\/2022\/03\/Novoletna-jelka-Ana-No.1285-1-scaled.jpg\",\"datePublished\":\"2022-03-30T11:10:44+00:00\",\"dateModified\":\"2026-04-23T04:02:38+00:00\",\"description\":\"Mit ihrer schlichten Eleganz bringt der Weihnachtsbaum Ana ein St\u00fcck Natur in jeden Raum. Es ist v\u00f6llig nat\u00fcrlich und unpr\u00e4tenti\u00f6s zu pflegen.\",\"breadcrumb\":{\"@id\":\"https:\/\/pavidecor.si\/de\/produkt\/weihnachtsbaum-ana-weiss-rustikal-105x43x18cm\/#breadcrumb\"},\"inLanguage\":\"de\",\"potentialAction\":[{\"@type\":\"ReadAction\",\"target\":[\"https:\/\/pavidecor.si\/de\/produkt\/weihnachtsbaum-ana-weiss-rustikal-105x43x18cm\/\"]}]},{\"@type\":\"ImageObject\",\"inLanguage\":\"de\",\"@id\":\"https:\/\/pavidecor.si\/de\/produkt\/weihnachtsbaum-ana-weiss-rustikal-105x43x18cm\/#primaryimage\",\"url\":\"https:\/\/pavidecor.si\/wp-content\/uploads\/2022\/03\/Novoletna-jelka-Ana-No.1285-1-scaled.jpg\",\"contentUrl\":\"https:\/\/pavidecor.si\/wp-content\/uploads\/2022\/03\/Novoletna-jelka-Ana-No.1285-1-scaled.jpg\",\"width\":2560,\"height\":2560,\"caption\":\"PAVI DECOR\"},{\"@type\":\"BreadcrumbList\",\"@id\":\"https:\/\/pavidecor.si\/de\/produkt\/weihnachtsbaum-ana-weiss-rustikal-105x43x18cm\/#breadcrumb\",\"itemListElement\":[{\"@type\":\"ListItem\",\"position\":1,\"name\":\"Domov\",\"item\":\"https:\/\/pavidecor.si\/de\/\"},{\"@type\":\"ListItem\",\"position\":2,\"name\":\"Online-Shop\",\"item\":\"https:\/\/pavidecor.si\/de\/online-shop\/\"},{\"@type\":\"ListItem\",\"position\":3,\"name\":\"Weihnachtsbaum Ana wei\u00df rustikal 105x43x18cm\"}]},{\"@type\":\"WebSite\",\"@id\":\"https:\/\/pavidecor.si\/de\/#website\",\"url\":\"https:\/\/pavidecor.si\/de\/\",\"name\":\"Pavi Decor\",\"description\":\"Leseni unikati ustvarjeni iz ljubezni do lesa in narave.\",\"potentialAction\":[{\"@type\":\"SearchAction\",\"target\":{\"@type\":\"EntryPoint\",\"urlTemplate\":\"https:\/\/pavidecor.si\/de\/?s={search_term_string}\"},\"query-input\":{\"@type\":\"PropertyValueSpecification\",\"valueRequired\":true,\"valueName\":\"search_term_string\"}}],\"inLanguage\":\"de\"}]}<\/script>\n<!-- \/ Yoast SEO plugin. -->","yoast_head_json":{"title":"Weihnachtsbaum Ana rustikal - Ideale Tanne f\u00fcr kleine R\u00e4ume","description":"Mit ihrer schlichten Eleganz bringt der Weihnachtsbaum Ana ein St\u00fcck Natur in jeden Raum. Es ist v\u00f6llig nat\u00fcrlich und unpr\u00e4tenti\u00f6s zu pflegen.","robots":{"index":"index","follow":"follow","max-snippet":"max-snippet:-1","max-image-preview":"max-image-preview:large","max-video-preview":"max-video-preview:-1"},"canonical":"https:\/\/pavidecor.si\/de\/produkt\/weihnachtsbaum-ana-weiss-rustikal-105x43x18cm\/","og_locale":"de_DE","og_type":"article","og_title":"Weihnachtsbaum Ana rustikal - Ideale Tanne f\u00fcr kleine R\u00e4ume","og_description":"Mit ihrer schlichten Eleganz bringt der Weihnachtsbaum Ana ein St\u00fcck Natur in jeden Raum. Es ist v\u00f6llig nat\u00fcrlich und unpr\u00e4tenti\u00f6s zu pflegen.","og_url":"https:\/\/pavidecor.si\/de\/produkt\/weihnachtsbaum-ana-weiss-rustikal-105x43x18cm\/","og_site_name":"Pavi Decor","article_modified_time":"2026-04-23T04:02:38+00:00","og_image":[{"width":2560,"height":2560,"url":"https:\/\/pavidecor.si\/wp-content\/uploads\/2022\/03\/Novoletna-jelka-Ana-No.1285-1-scaled.jpg","type":"image\/jpeg"}],"twitter_card":"summary_large_image","twitter_misc":{"Gesch\u00e4tzte Lesezeit":"3\u00a0Minuten"},"schema":{"@context":"https:\/\/schema.org","@graph":[{"@type":"WebPage","@id":"https:\/\/pavidecor.si\/de\/produkt\/weihnachtsbaum-ana-weiss-rustikal-105x43x18cm\/","url":"https:\/\/pavidecor.si\/de\/produkt\/weihnachtsbaum-ana-weiss-rustikal-105x43x18cm\/","name":"Weihnachtsbaum Ana rustikal - Ideale Tanne f\u00fcr kleine R\u00e4ume","isPartOf":{"@id":"https:\/\/pavidecor.si\/de\/#website"},"primaryImageOfPage":{"@id":"https:\/\/pavidecor.si\/de\/produkt\/weihnachtsbaum-ana-weiss-rustikal-105x43x18cm\/#primaryimage"},"image":{"@id":"https:\/\/pavidecor.si\/de\/produkt\/weihnachtsbaum-ana-weiss-rustikal-105x43x18cm\/#primaryimage"},"thumbnailUrl":"https:\/\/pavidecor.si\/wp-content\/uploads\/2022\/03\/Novoletna-jelka-Ana-No.1285-1-scaled.jpg","datePublished":"2022-03-30T11:10:44+00:00","dateModified":"2026-04-23T04:02:38+00:00","description":"Mit ihrer schlichten Eleganz bringt der Weihnachtsbaum Ana ein St\u00fcck Natur in jeden Raum. Es ist v\u00f6llig nat\u00fcrlich und unpr\u00e4tenti\u00f6s zu pflegen.","breadcrumb":{"@id":"https:\/\/pavidecor.si\/de\/produkt\/weihnachtsbaum-ana-weiss-rustikal-105x43x18cm\/#breadcrumb"},"inLanguage":"de","potentialAction":[{"@type":"ReadAction","target":["https:\/\/pavidecor.si\/de\/produkt\/weihnachtsbaum-ana-weiss-rustikal-105x43x18cm\/"]}]},{"@type":"ImageObject","inLanguage":"de","@id":"https:\/\/pavidecor.si\/de\/produkt\/weihnachtsbaum-ana-weiss-rustikal-105x43x18cm\/#primaryimage","url":"https:\/\/pavidecor.si\/wp-content\/uploads\/2022\/03\/Novoletna-jelka-Ana-No.1285-1-scaled.jpg","contentUrl":"https:\/\/pavidecor.si\/wp-content\/uploads\/2022\/03\/Novoletna-jelka-Ana-No.1285-1-scaled.jpg","width":2560,"height":2560,"caption":"PAVI DECOR"},{"@type":"BreadcrumbList","@id":"https:\/\/pavidecor.si\/de\/produkt\/weihnachtsbaum-ana-weiss-rustikal-105x43x18cm\/#breadcrumb","itemListElement":[{"@type":"ListItem","position":1,"name":"Domov","item":"https:\/\/pavidecor.si\/de\/"},{"@type":"ListItem","position":2,"name":"Online-Shop","item":"https:\/\/pavidecor.si\/de\/online-shop\/"},{"@type":"ListItem","position":3,"name":"Weihnachtsbaum Ana wei\u00df rustikal 105x43x18cm"}]},{"@type":"WebSite","@id":"https:\/\/pavidecor.si\/de\/#website","url":"https:\/\/pavidecor.si\/de\/","name":"Pavi Decor","description":"Leseni unikati ustvarjeni iz ljubezni do lesa in narave.","potentialAction":[{"@type":"SearchAction","target":{"@type":"EntryPoint","urlTemplate":"https:\/\/pavidecor.si\/de\/?s={search_term_string}"},"query-input":{"@type":"PropertyValueSpecification","valueRequired":true,"valueName":"search_term_string"}}],"inLanguage":"de"}]}},"_links":{"self":[{"href":"https:\/\/pavidecor.si\/de\/wp-json\/wp\/v2\/product\/16491","targetHints":{"allow":["GET"]}}],"collection":[{"href":"https:\/\/pavidecor.si\/de\/wp-json\/wp\/v2\/product"}],"about":[{"href":"https:\/\/pavidecor.si\/de\/wp-json\/wp\/v2\/types\/product"}],"replies":[{"embeddable":true,"href":"https:\/\/pavidecor.si\/de\/wp-json\/wp\/v2\/comments?post=16491"}],"wp:featuredmedia":[{"embeddable":true,"href":"https:\/\/pavidecor.si\/de\/wp-json\/wp\/v2\/media\/16492"}],"wp:attachment":[{"href":"https:\/\/pavidecor.si\/de\/wp-json\/wp\/v2\/media?parent=16491"}],"wp:term":[{"taxonomy":"product_brand","embeddable":true,"href":"https:\/\/pavidecor.si\/de\/wp-json\/wp\/v2\/product_brand?post=16491"},{"taxonomy":"product_cat","embeddable":true,"href":"https:\/\/pavidecor.si\/de\/wp-json\/wp\/v2\/product_cat?post=16491"},{"taxonomy":"product_tag","embeddable":true,"href":"https:\/\/pavidecor.si\/de\/wp-json\/wp\/v2\/product_tag?post=16491"}],"curies":[{"name":"wp","href":"https:\/\/api.w.org\/{rel}","templated":true}]}}