	{"id":16426,"date":"2022-03-31T09:24:47","date_gmt":"2022-03-31T09:24:47","guid":{"rendered":"https:\/\/pavidecor.si\/product\/neujahrs-tannenbaum-pia-natur-160x71x18cm\/"},"modified":"2026-04-23T06:02:35","modified_gmt":"2026-04-23T06:02:35","slug":"weihnachtsbaum-pia-natur-160x71x18cm","status":"publish","type":"product","link":"https:\/\/pavidecor.si\/de\/produkt\/weihnachtsbaum-pia-natur-160x71x18cm\/","title":{"rendered":"Weihnachtsbaum Pia natur 160x71x18cm"},"content":{"rendered":"<p><span class=\"prvimanjsinaslovopis\">Weihnachtsbaum Pia natur &#8211; Die Eleganz der Natur in Ihrem Zuhause<\/span><\/p>\n<p>&nbsp;<\/p>\n<h2><span class=\"odebeljenopis\"><strong><br \/>\nEntdecken Sie den Zauber der Weihnachtszeit mit unserer einzigartigen Neujahrstanne Pia, die nat\u00fcrliche Elemente mit elegantem Design verbindet. Diese Holztanne ist die perfekte Wahl f\u00fcr alle, die die Natur bewahren und gleichzeitig ihrem Zuhause einen Hauch von festlicher Atmosph\u00e4re verleihen m\u00f6chten. Hergestellt in Slowenien, ist es das Ergebnis der Liebe zu Holz und Natur, die wir im PAVI DECOR-Gesch\u00e4ft anbauen.<\/strong><\/span><\/h2>\n<p>&nbsp;<\/p>\n<div class=\"row\">\n<div class=\"col-sm-6 \" style=\"margin-top: 30px;\"><center><img decoding=\"async\" class=\"lazyload img-responsive\" style=\"margin: 0px auto; max-width: 100%;\" src=\"data:image\/svg+xml,%3Csvg%20xmlns%3D%27http%3A%2F%2Fwww.w3.org%2F2000%2Fsvg%27%20width%3D%272560%27%20height%3D%272560%27%20viewBox%3D%270%200%202560%202560%27%3E%3Crect%20width%3D%272560%27%20height%3D%272560%27%20fill-opacity%3D%220%22%2F%3E%3C%2Fsvg%3E\" data-orig-src=\"https:\/\/pavidecor.si\/wp-content\/uploads\/2022\/03\/Novoletna-jelka-Pia-natur-stiri-policke-No.1260-1-scaled.jpg\" \/><\/center><\/div>\n<div class=\"col-sm-6\" style=\"margin-top: 40px;\">\n<p>&nbsp;<\/p>\n<h3>Unikat handgefertigt<\/h3>\n<p>Unser Weihnachtsbaum Pia natur ist das Ergebnis sorgf\u00e4ltiger Handarbeit, die sich auf traditionelle Techniken der Verbindung von Holzteilen st\u00fctzt, wie sie von den alten Meistern verwendet wurden. <b>Jedes St\u00fcck ist ein Unikat<\/b> und tr\u00e4gt eine Geschichte in sich, die von der Natur erz\u00e4hlt wird. Mit diesem Ansatz stellen wir sicher, dass jeder Weihnachtsbaum nicht nur eine Dekoration, sondern auch ein Kunstwerk ist, das W\u00e4rme und Authentizit\u00e4t in Ihr Zuhause bringt.<\/p>\n<p>Durch ihre nat\u00fcrliche Bauweise ist der Weihnachtsbaum Pia komplett nadelfrei, was bedeutet, dass Sie keine Probleme mit abfallenden Nadeln oder Besch\u00e4digungen haben, die oft mit nat\u00fcrlichen B\u00e4umen in Verbindung gebracht werden. <b>Einfache Wartung<\/b> und lange Lebensdauer sind weitere Vorteile, die dieses Produkt mit sich bringt.<\/p>\n<p>Dar\u00fcber hinaus ist sein Design so konzipiert, dass es sehr wenig Platz einnimmt, was es zu einer idealen Wahl f\u00fcr kleinere R\u00e4ume macht. Egal, ob Sie in einer kleinen Wohnung oder einem ger\u00e4umigen Haus wohnen, die Pia-Tanne findet ihren Platz in Ihrem Zuhause.<\/p>\n<p>&nbsp;<\/p>\n<p>&nbsp;<\/p>\n<\/div>\n<\/div>\n<div class=\"row\">\n<div class=\"col-sm-6 col-sm-push-6\" style=\"margin-top: 30px;\"><center><img decoding=\"async\" class=\"lazyload img-responsive\" style=\"margin: 0px auto; max-width: 100%;\" src=\"data:image\/svg+xml,%3Csvg%20xmlns%3D%27http%3A%2F%2Fwww.w3.org%2F2000%2Fsvg%27%20width%3D%272560%27%20height%3D%272560%27%20viewBox%3D%270%200%202560%202560%27%3E%3Crect%20width%3D%272560%27%20height%3D%272560%27%20fill-opacity%3D%220%22%2F%3E%3C%2Fsvg%3E\" data-orig-src=\"https:\/\/pavidecor.si\/wp-content\/uploads\/2022\/03\/Novoletna-jelka-Pia-natur-stiri-policke-No.1260-4-2-scaled.jpg\" \/><\/center><\/div>\n<div class=\"col-sm-6 col-sm-pull-6\" style=\"margin-top: 40px;\">\n<p>&nbsp;<\/p>\n<h3>Eleganz und Flexibilit\u00e4t<\/h3>\n<p>Der Weihnachtsbaum Pia besticht durch seine naturliche Farbe, die sich perfekt in das Shabby-Chic-Ambiente einf\u00fcgt. Sein einfaches, aber elegantes Design macht es einfach, es nach Ihrem Geschmack zu dekorieren. Sie haben vier Regale, um Ihre Lieblingsdekorationen, Kerzen oder andere festliche Accessoires hinzuzuf\u00fcgen.<\/p>\n<p><b>Die Flexibilit\u00e4t dieser<\/b> Tanne ist einer ihrer gr\u00f6\u00dften Vorteile. Egal, ob Sie einen minimalistischen Look oder einen reich geschm\u00fcckten Baum w\u00fcnschen, Sie k\u00f6nnen die Pia-Tanne ganz einfach nach Ihren W\u00fcnschen anpassen. Verwenden Sie <a href=\"https:\/\/pavidecor.si\/de\/kategorije\/dekorationsprodukte-fur-zu-hause\/kerzenstander\/\"><strong><span style=\"color: #3366ff;\">Kerzenst\u00e4nder aus Holz<\/span><\/strong><\/a> aus unserem Programm, um noch mehr festliche Atmosph\u00e4re und W\u00e4rme zu schaffen.<\/p>\n<p>Aufgrund ihres einzigartigen Designs und der nat\u00fcrlichen Materialien wird die Pia-Tanne zum Mittelpunkt Ihrer Weihnachtsdekoration und wird sicherlich die Aufmerksamkeit Ihrer G\u00e4ste auf sich ziehen.<\/p>\n<p>&nbsp;<\/p>\n<p>&nbsp;<\/p>\n<\/div>\n<\/div>\n<div class=\"row\">\n<div class=\"col-sm-6\" style=\"margin-top: 30px;\"><center><img decoding=\"async\" class=\"lazyload img-responsive\" style=\"margin: 0px auto; max-width: 100%;\" src=\"data:image\/svg+xml,%3Csvg%20xmlns%3D%27http%3A%2F%2Fwww.w3.org%2F2000%2Fsvg%27%20width%3D%272560%27%20height%3D%272560%27%20viewBox%3D%270%200%202560%202560%27%3E%3Crect%20width%3D%272560%27%20height%3D%272560%27%20fill-opacity%3D%220%22%2F%3E%3C%2Fsvg%3E\" data-orig-src=\"https:\/\/pavidecor.si\/wp-content\/uploads\/2022\/03\/Novoletna-jelka-Pia-natur-stiri-policke-No.1260-3-2-scaled.jpg\" \/><\/center><\/div>\n<div class=\"col-sm-6\" style=\"margin-top: 40px;\">\n<p>&nbsp;<\/p>\n<h3>Nachhaltigkeit und Umweltbewusstsein<\/h3>\n<p>Wenn Sie sich f\u00fcr unsere Pia Neujahrstanne entscheiden, verleihen Sie Ihrem Zuhause nicht nur Eleganz, sondern tragen auch zum Erhalt unserer W\u00e4lder bei. Diese Holztanne ist eine langlebige Alternative zu nat\u00fcrlichen Weihnachtsb\u00e4umen, was bedeutet, dass Sie mit dem Kauf <b>eine nachhaltige Entscheidung unterst\u00fctzen<\/b>.<\/p>\n<p>Bei PAVI DECOR sind wir uns der Bedeutung von Umweltbewusstsein und nachhaltigem Design bewusst. Unsere Produkte sind das Ergebnis unseres eigenen Wissens und unserer Kreativit\u00e4t, die sicherstellt, dass alle Produkte mit Liebe und Respekt f\u00fcr die Natur hergestellt werden.<\/p>\n<p>Mit der Pia Neujahrstanne genie\u00dfen Sie die festliche Atmosph\u00e4re und tragen gleichzeitig zum Naturschutz und zur M\u00fcllreduzierung bei. W\u00e4hlen Sie eine nachhaltige und <strong>elegante L\u00f6sung f\u00fcr die festlichen Tage<\/strong> und genie\u00dfen Sie die Magie, die dieses einzigartige Produkt mit sich bringt.<\/p>\n<p>&nbsp;<\/p>\n<p>&nbsp;<\/p>\n<\/div>\n<\/div>\n<blockquote><p>Der Weihnachtsbaum Pia verbindet Natur mit Eleganz, und auf Wunsch k\u00f6nnen Sie ihre vier Regale mit Dekorationen versehen. Es ist v\u00f6llig nat\u00fcrlich und pflegeleicht, da es keine Nadeln hat, die abfallen w\u00fcrden, und keine flexiblen Teile, die besch\u00e4digt werden k\u00f6nnten. Unsere einzigartige Holztanne wird den nat\u00fcrlichen Weihnachtsbaum dauerhaft ersetzen und so zum Erhalt unserer W\u00e4lder beitragen. Die Silvestertanne Pia in der Tiefe nimmt sehr wenig Platz ein und eignet sich daher auch f\u00fcr kleine R\u00e4ume. In einer rustikalen wei\u00dfen Version eignet er sich besonders f\u00fcr Shabby Chic Ambiente. F\u00fcr die Dekoration und Beleuchtung k\u00f6nnen Sie Kerzenst\u00e4nder aus Holz aus unserem Programm verwenden. Keine Montage erforderlich.<\/p><\/blockquote>\n<p>&nbsp;<\/p>\n","protected":false},"excerpt":{"rendered":"<p><strong><span style=\"color: #c4963c;\">\u2192 Handgefertigt<\/span><\/strong><strong><span style=\"color: #c4963c;\"><br \/>\n<\/span><span style=\"color: #c4963c;\">\u2192 Einzigartig<\/span><\/strong><\/p>\n","protected":false},"featured_media":16427,"comment_status":"open","ping_status":"closed","template":"","meta":[],"product_brand":[],"product_cat":[370],"product_tag":[216],"class_list":{"0":"post-16426","1":"product","2":"type-product","3":"status-publish","4":"has-post-thumbnail","6":"product_cat-neujahrs-weihnachtsbaume","7":"product_tag-neu","9":"first","10":"instock","11":"taxable","12":"shipping-taxable","13":"purchasable","14":"product-type-simple"},"yoast_head":"<!-- This site is optimized with the Yoast SEO plugin v27.2 - https:\/\/yoast.com\/product\/yoast-seo-wordpress\/ -->\n<title>Weihnachtsbaum natur - Die Eleganz der Natur in Ihrem Zuhause<\/title>\n<meta name=\"description\" content=\"Weihnachtsbaum Pia natur verbindet Natur mit Eleganz. Es ist v\u00f6llig nat\u00fcrlich und pflegeleicht, da es keine Nadeln hat, die abfallen w\u00fcrden. Einzigartig.\" \/>\n<meta name=\"robots\" content=\"index, follow, max-snippet:-1, max-image-preview:large, max-video-preview:-1\" \/>\n<link rel=\"canonical\" href=\"https:\/\/pavidecor.si\/de\/produkt\/weihnachtsbaum-pia-natur-160x71x18cm\/\" \/>\n<meta property=\"og:locale\" content=\"de_DE\" \/>\n<meta property=\"og:type\" content=\"article\" \/>\n<meta property=\"og:title\" content=\"Weihnachtsbaum natur - Die Eleganz der Natur in Ihrem Zuhause\" \/>\n<meta property=\"og:description\" content=\"Weihnachtsbaum Pia natur verbindet Natur mit Eleganz. Es ist v\u00f6llig nat\u00fcrlich und pflegeleicht, da es keine Nadeln hat, die abfallen w\u00fcrden. Einzigartig.\" \/>\n<meta property=\"og:url\" content=\"https:\/\/pavidecor.si\/de\/produkt\/weihnachtsbaum-pia-natur-160x71x18cm\/\" \/>\n<meta property=\"og:site_name\" content=\"Pavi Decor\" \/>\n<meta property=\"article:modified_time\" content=\"2026-04-23T06:02:35+00:00\" \/>\n<meta property=\"og:image\" content=\"https:\/\/pavidecor.si\/wp-content\/uploads\/2022\/03\/Novoletna-jelka-Pia-natur-stiri-policke-No.1260-1-scaled.jpg\" \/>\n\t<meta property=\"og:image:width\" content=\"2560\" \/>\n\t<meta property=\"og:image:height\" content=\"2560\" \/>\n\t<meta property=\"og:image:type\" content=\"image\/jpeg\" \/>\n<meta name=\"twitter:card\" content=\"summary_large_image\" \/>\n<meta name=\"twitter:label1\" content=\"Gesch\u00e4tzte Lesezeit\" \/>\n\t<meta name=\"twitter:data1\" content=\"4\u00a0Minuten\" \/>\n<script type=\"application\/ld+json\" class=\"yoast-schema-graph\">{\"@context\":\"https:\/\/schema.org\",\"@graph\":[{\"@type\":\"WebPage\",\"@id\":\"https:\/\/pavidecor.si\/de\/produkt\/weihnachtsbaum-pia-natur-160x71x18cm\/\",\"url\":\"https:\/\/pavidecor.si\/de\/produkt\/weihnachtsbaum-pia-natur-160x71x18cm\/\",\"name\":\"Weihnachtsbaum natur - Die Eleganz der Natur in Ihrem Zuhause\",\"isPartOf\":{\"@id\":\"https:\/\/pavidecor.si\/de\/#website\"},\"primaryImageOfPage\":{\"@id\":\"https:\/\/pavidecor.si\/de\/produkt\/weihnachtsbaum-pia-natur-160x71x18cm\/#primaryimage\"},\"image\":{\"@id\":\"https:\/\/pavidecor.si\/de\/produkt\/weihnachtsbaum-pia-natur-160x71x18cm\/#primaryimage\"},\"thumbnailUrl\":\"https:\/\/pavidecor.si\/wp-content\/uploads\/2022\/03\/Novoletna-jelka-Pia-natur-stiri-policke-No.1260-1-scaled.jpg\",\"datePublished\":\"2022-03-31T09:24:47+00:00\",\"dateModified\":\"2026-04-23T06:02:35+00:00\",\"description\":\"Weihnachtsbaum Pia natur verbindet Natur mit Eleganz. Es ist v\u00f6llig nat\u00fcrlich und pflegeleicht, da es keine Nadeln hat, die abfallen w\u00fcrden. Einzigartig.\",\"breadcrumb\":{\"@id\":\"https:\/\/pavidecor.si\/de\/produkt\/weihnachtsbaum-pia-natur-160x71x18cm\/#breadcrumb\"},\"inLanguage\":\"de\",\"potentialAction\":[{\"@type\":\"ReadAction\",\"target\":[\"https:\/\/pavidecor.si\/de\/produkt\/weihnachtsbaum-pia-natur-160x71x18cm\/\"]}]},{\"@type\":\"ImageObject\",\"inLanguage\":\"de\",\"@id\":\"https:\/\/pavidecor.si\/de\/produkt\/weihnachtsbaum-pia-natur-160x71x18cm\/#primaryimage\",\"url\":\"https:\/\/pavidecor.si\/wp-content\/uploads\/2022\/03\/Novoletna-jelka-Pia-natur-stiri-policke-No.1260-1-scaled.jpg\",\"contentUrl\":\"https:\/\/pavidecor.si\/wp-content\/uploads\/2022\/03\/Novoletna-jelka-Pia-natur-stiri-policke-No.1260-1-scaled.jpg\",\"width\":2560,\"height\":2560,\"caption\":\"PAVI DECOR\"},{\"@type\":\"BreadcrumbList\",\"@id\":\"https:\/\/pavidecor.si\/de\/produkt\/weihnachtsbaum-pia-natur-160x71x18cm\/#breadcrumb\",\"itemListElement\":[{\"@type\":\"ListItem\",\"position\":1,\"name\":\"Domov\",\"item\":\"https:\/\/pavidecor.si\/de\/\"},{\"@type\":\"ListItem\",\"position\":2,\"name\":\"Online-Shop\",\"item\":\"https:\/\/pavidecor.si\/de\/online-shop\/\"},{\"@type\":\"ListItem\",\"position\":3,\"name\":\"Weihnachtsbaum Pia natur 160x71x18cm\"}]},{\"@type\":\"WebSite\",\"@id\":\"https:\/\/pavidecor.si\/de\/#website\",\"url\":\"https:\/\/pavidecor.si\/de\/\",\"name\":\"Pavi Decor\",\"description\":\"Leseni unikati ustvarjeni iz ljubezni do lesa in narave.\",\"potentialAction\":[{\"@type\":\"SearchAction\",\"target\":{\"@type\":\"EntryPoint\",\"urlTemplate\":\"https:\/\/pavidecor.si\/de\/?s={search_term_string}\"},\"query-input\":{\"@type\":\"PropertyValueSpecification\",\"valueRequired\":true,\"valueName\":\"search_term_string\"}}],\"inLanguage\":\"de\"}]}<\/script>\n<!-- \/ Yoast SEO plugin. -->","yoast_head_json":{"title":"Weihnachtsbaum natur - Die Eleganz der Natur in Ihrem Zuhause","description":"Weihnachtsbaum Pia natur verbindet Natur mit Eleganz. Es ist v\u00f6llig nat\u00fcrlich und pflegeleicht, da es keine Nadeln hat, die abfallen w\u00fcrden. Einzigartig.","robots":{"index":"index","follow":"follow","max-snippet":"max-snippet:-1","max-image-preview":"max-image-preview:large","max-video-preview":"max-video-preview:-1"},"canonical":"https:\/\/pavidecor.si\/de\/produkt\/weihnachtsbaum-pia-natur-160x71x18cm\/","og_locale":"de_DE","og_type":"article","og_title":"Weihnachtsbaum natur - Die Eleganz der Natur in Ihrem Zuhause","og_description":"Weihnachtsbaum Pia natur verbindet Natur mit Eleganz. Es ist v\u00f6llig nat\u00fcrlich und pflegeleicht, da es keine Nadeln hat, die abfallen w\u00fcrden. Einzigartig.","og_url":"https:\/\/pavidecor.si\/de\/produkt\/weihnachtsbaum-pia-natur-160x71x18cm\/","og_site_name":"Pavi Decor","article_modified_time":"2026-04-23T06:02:35+00:00","og_image":[{"width":2560,"height":2560,"url":"https:\/\/pavidecor.si\/wp-content\/uploads\/2022\/03\/Novoletna-jelka-Pia-natur-stiri-policke-No.1260-1-scaled.jpg","type":"image\/jpeg"}],"twitter_card":"summary_large_image","twitter_misc":{"Gesch\u00e4tzte Lesezeit":"4\u00a0Minuten"},"schema":{"@context":"https:\/\/schema.org","@graph":[{"@type":"WebPage","@id":"https:\/\/pavidecor.si\/de\/produkt\/weihnachtsbaum-pia-natur-160x71x18cm\/","url":"https:\/\/pavidecor.si\/de\/produkt\/weihnachtsbaum-pia-natur-160x71x18cm\/","name":"Weihnachtsbaum natur - Die Eleganz der Natur in Ihrem Zuhause","isPartOf":{"@id":"https:\/\/pavidecor.si\/de\/#website"},"primaryImageOfPage":{"@id":"https:\/\/pavidecor.si\/de\/produkt\/weihnachtsbaum-pia-natur-160x71x18cm\/#primaryimage"},"image":{"@id":"https:\/\/pavidecor.si\/de\/produkt\/weihnachtsbaum-pia-natur-160x71x18cm\/#primaryimage"},"thumbnailUrl":"https:\/\/pavidecor.si\/wp-content\/uploads\/2022\/03\/Novoletna-jelka-Pia-natur-stiri-policke-No.1260-1-scaled.jpg","datePublished":"2022-03-31T09:24:47+00:00","dateModified":"2026-04-23T06:02:35+00:00","description":"Weihnachtsbaum Pia natur verbindet Natur mit Eleganz. Es ist v\u00f6llig nat\u00fcrlich und pflegeleicht, da es keine Nadeln hat, die abfallen w\u00fcrden. Einzigartig.","breadcrumb":{"@id":"https:\/\/pavidecor.si\/de\/produkt\/weihnachtsbaum-pia-natur-160x71x18cm\/#breadcrumb"},"inLanguage":"de","potentialAction":[{"@type":"ReadAction","target":["https:\/\/pavidecor.si\/de\/produkt\/weihnachtsbaum-pia-natur-160x71x18cm\/"]}]},{"@type":"ImageObject","inLanguage":"de","@id":"https:\/\/pavidecor.si\/de\/produkt\/weihnachtsbaum-pia-natur-160x71x18cm\/#primaryimage","url":"https:\/\/pavidecor.si\/wp-content\/uploads\/2022\/03\/Novoletna-jelka-Pia-natur-stiri-policke-No.1260-1-scaled.jpg","contentUrl":"https:\/\/pavidecor.si\/wp-content\/uploads\/2022\/03\/Novoletna-jelka-Pia-natur-stiri-policke-No.1260-1-scaled.jpg","width":2560,"height":2560,"caption":"PAVI DECOR"},{"@type":"BreadcrumbList","@id":"https:\/\/pavidecor.si\/de\/produkt\/weihnachtsbaum-pia-natur-160x71x18cm\/#breadcrumb","itemListElement":[{"@type":"ListItem","position":1,"name":"Domov","item":"https:\/\/pavidecor.si\/de\/"},{"@type":"ListItem","position":2,"name":"Online-Shop","item":"https:\/\/pavidecor.si\/de\/online-shop\/"},{"@type":"ListItem","position":3,"name":"Weihnachtsbaum Pia natur 160x71x18cm"}]},{"@type":"WebSite","@id":"https:\/\/pavidecor.si\/de\/#website","url":"https:\/\/pavidecor.si\/de\/","name":"Pavi Decor","description":"Leseni unikati ustvarjeni iz ljubezni do lesa in narave.","potentialAction":[{"@type":"SearchAction","target":{"@type":"EntryPoint","urlTemplate":"https:\/\/pavidecor.si\/de\/?s={search_term_string}"},"query-input":{"@type":"PropertyValueSpecification","valueRequired":true,"valueName":"search_term_string"}}],"inLanguage":"de"}]}},"_links":{"self":[{"href":"https:\/\/pavidecor.si\/de\/wp-json\/wp\/v2\/product\/16426","targetHints":{"allow":["GET"]}}],"collection":[{"href":"https:\/\/pavidecor.si\/de\/wp-json\/wp\/v2\/product"}],"about":[{"href":"https:\/\/pavidecor.si\/de\/wp-json\/wp\/v2\/types\/product"}],"replies":[{"embeddable":true,"href":"https:\/\/pavidecor.si\/de\/wp-json\/wp\/v2\/comments?post=16426"}],"wp:featuredmedia":[{"embeddable":true,"href":"https:\/\/pavidecor.si\/de\/wp-json\/wp\/v2\/media\/16427"}],"wp:attachment":[{"href":"https:\/\/pavidecor.si\/de\/wp-json\/wp\/v2\/media?parent=16426"}],"wp:term":[{"taxonomy":"product_brand","embeddable":true,"href":"https:\/\/pavidecor.si\/de\/wp-json\/wp\/v2\/product_brand?post=16426"},{"taxonomy":"product_cat","embeddable":true,"href":"https:\/\/pavidecor.si\/de\/wp-json\/wp\/v2\/product_cat?post=16426"},{"taxonomy":"product_tag","embeddable":true,"href":"https:\/\/pavidecor.si\/de\/wp-json\/wp\/v2\/product_tag?post=16426"}],"curies":[{"name":"wp","href":"https:\/\/api.w.org\/{rel}","templated":true}]}}