	{"id":16280,"date":"2022-04-07T11:12:41","date_gmt":"2022-04-07T11:12:41","guid":{"rendered":"https:\/\/pavidecor.si\/product\/dekorativer-wegweiser-zakynthos-170x100x30cm\/"},"modified":"2026-04-26T20:03:24","modified_gmt":"2026-04-26T20:03:24","slug":"dekorativer-wegweiser-zakynthos-170x100x30cm","status":"publish","type":"product","link":"https:\/\/pavidecor.si\/de\/produkt\/dekorativer-wegweiser-zakynthos-170x100x30cm\/","title":{"rendered":"Dekorativer Wegweiser Zakynthos 170x100x30cm"},"content":{"rendered":"<p>Dekorativer Wegweiser Zakynthos \u2013 Schaffen Sie eine tropische Atmosph\u00e4re<\/p>\n<p>&nbsp;<\/p>\n<h2><span class=\"odebeljenopis\"><strong><br \/>\nEntdecken Sie unser einzigartiges, handbemaltes Wegweiser Zakynthos, das Freude und Entspannung in jeden Raum bringt. Dieses aus Treibholz und recyceltem Holz gefertigte Dekoelement vereint die Liebe zur Natur und zur Kunst. Eine ideale Wahl f\u00fcr Terrassen, Str\u00e4nde und Gemeinschaftsr\u00e4ume, in denen Sie eine besondere Atmosph\u00e4re schaffen m\u00f6chten.<\/strong><\/span><\/h2>\n<p>&nbsp;<\/p>\n<div class=\"row\">\n<div class=\"col-sm-6 \" style=\"margin-top: 30px;\"><center><img decoding=\"async\" class=\"lazyload img-responsive\" style=\"margin: 0px auto; max-width: 100%;\" src=\"data:image\/svg+xml,%3Csvg%20xmlns%3D%27http%3A%2F%2Fwww.w3.org%2F2000%2Fsvg%27%20width%3D%272560%27%20height%3D%272560%27%20viewBox%3D%270%200%202560%202560%27%3E%3Crect%20width%3D%272560%27%20height%3D%272560%27%20fill-opacity%3D%220%22%2F%3E%3C%2Fsvg%3E\" data-orig-src=\"https:\/\/pavidecor.si\/wp-content\/uploads\/2022\/04\/Smerokaz-Zakintos-1-scaled.jpg\" \/><\/center><\/div>\n<div class=\"col-sm-6\" style=\"margin-top: 40px;\">\n<p>&nbsp;<\/p>\n<h3>Einzigartige Handarbeit<\/h3>\n<p>Unser Gesch\u00e4ft PAVI DECOR aus Ljubljana bietet einzigartige Produkte, die das Ergebnis unserer Leidenschaft f\u00fcr Holz und Natur sind. Die handgefertigte Herstellung des Zakintos-Wegweisers stellt sicher, dass jedes St\u00fcck einzigartig und authentisch ist. Wir verwenden traditionelle Techniken zum Verbinden von Holzteilen der alten Meister, was unseren Produkten einen besonderen Charakter und ein besonderes Aussehen verleiht. Das Schild ist mit leuchtenden tropischen Farben angereichert, die Aufmerksamkeit erregen und eine angenehme Atmosph\u00e4re schaffen, als ob Sie am Strand w\u00e4ren.<\/p>\n<p>Mit aufgeklebten Muscheln und der M\u00f6glichkeit zur Dekoration mit unseren h\u00e4ngenden Fischen ist das Wegweiser Zakynthos die perfekte Erg\u00e4nzung f\u00fcr jeden Raum. Egal, ob Sie es auf einer Terrasse, in einer Strandbar oder in einem Haus am Meer platzieren, diese Dekoration wird mit Sicherheit Aufmerksamkeit erregen und eine entspannte Atmosph\u00e4re schaffen.<\/p>\n<p>&nbsp;<\/p>\n<\/div>\n<\/div>\n<div class=\"row\">\n<div class=\"col-sm-6 col-sm-push-6\" style=\"margin-top: 30px;\"><center><img decoding=\"async\" class=\"lazyload img-responsive\" style=\"margin: 0px auto; max-width: 100%;\" src=\"data:image\/svg+xml,%3Csvg%20xmlns%3D%27http%3A%2F%2Fwww.w3.org%2F2000%2Fsvg%27%20width%3D%272347%27%20height%3D%272347%27%20viewBox%3D%270%200%202347%202347%27%3E%3Crect%20width%3D%272347%27%20height%3D%272347%27%20fill-opacity%3D%220%22%2F%3E%3C%2Fsvg%3E\" data-orig-src=\" https:\/\/pavidecor.si\/wp-content\/uploads\/2022\/04\/Smerokaz-Zakintos-2.jpg\" \/><\/center><\/div>\n<div class=\"col-sm-6 col-sm-pull-6\" style=\"margin-top: 40px;\">\n<p>&nbsp;<\/p>\n<h3>Anpassungsf\u00e4higkeit und Vielseitigkeit<\/h3>\n<p>Der Dekorativer Wegweiser Zakynthos ist nicht nur eine Dekoration, sondern auch ein funktionales Element, das G\u00e4sten und Besuchern den Weg weisen kann. Seine Vielseitigkeit erm\u00f6glicht den Einsatz in einer Vielzahl von Umgebungen, vom Strand bis zur heimischen Terrasse. Lebendige Farben und ein einzigartiges Design erm\u00f6glichen eine perfekte Integration in verschiedene Innen- und Au\u00dfenstile.<\/p>\n<p>Mit unserem Wegweiser schaffen Sie eine angenehme und entspannte Atmosph\u00e4re, die Ihre G\u00e4ste beeindrucken wird. Denken Sie daran, dass jedes Schild handbemalt ist, was bedeutet, dass jedes St\u00fcck ein Unikat ist und seine eigene Geschichte hat. Verwenden Sie es als Herzst\u00fcck der Dekoration oder als Accessoire zur Erg\u00e4nzung Ihres Raumes.<\/p>\n<p>&nbsp;<\/p>\n<\/div>\n<\/div>\n<div class=\"row\">\n<div class=\"col-sm-6\" style=\"margin-top: 30px;\"><center><img decoding=\"async\" class=\"lazyload img-responsive\" style=\"margin: 0px auto; max-width: 100%;\" src=\"data:image\/svg+xml,%3Csvg%20xmlns%3D%27http%3A%2F%2Fwww.w3.org%2F2000%2Fsvg%27%20width%3D%272560%27%20height%3D%272560%27%20viewBox%3D%270%200%202560%202560%27%3E%3Crect%20width%3D%272560%27%20height%3D%272560%27%20fill-opacity%3D%220%22%2F%3E%3C%2Fsvg%3E\" data-orig-src=\" https:\/\/pavidecor.si\/wp-content\/uploads\/2022\/04\/Smerokaz-Zakintos-3-scaled.jpg\" \/><\/center><\/div>\n<div class=\"col-sm-6\" style=\"margin-top: 40px;\">\n<p>&nbsp;<\/p>\n<h3>Produktdetails<\/h3>\n<p>Unser Dekorativer Wegweiser Zakynthos besteht aus wiedergewonnenem und recyceltem Holz, was bedeutet, dass es umweltfreundlich und nachhaltig ist. Seine Abmessungen sind f\u00fcr eine einfache Installation und Verwendung in verschiedenen R\u00e4umen angepasst. Lebendige tropische Farben und Schriftz\u00fcge schaffen eine fr\u00f6hliche und entspannte Atmosph\u00e4re, ideal f\u00fcr eine Strandbar oder eine Terrasse.<\/p>\n<p>Der Wegweiser Zakynthos ist eine gute Wahl f\u00fcr alle, die ihrem Leben einen Hauch tropischer Atmosph\u00e4re verleihen m\u00f6chten. Vergessen Sie nicht, dass Sie es auch an unserem <a href=\"https:\/\/pavidecor.si\/de\/projects\/strand-auf-krk\/\"><strong><span style=\"color: #3366ff;\">Strand auf Krk<\/span><\/strong><\/a> sehen k\u00f6nnen, wo es sich perfekt in die nat\u00fcrliche Umgebung einf\u00fcgt. Entdecken Sie mit uns die Magie unserer einzigartigen Holzprodukte, die das Ergebnis unseres eigenen Wissens und unserer Kreativit\u00e4t sind.<\/p>\n<\/div>\n<\/div>\n<p>&nbsp;<\/p>\n","protected":false},"excerpt":{"rendered":"<p><strong><span style=\"color: #c4963c;\">\u2192 Originelle Dekoration<br \/>\n<\/span><span style=\"color: #c4963c;\">\u2192 Lebendige Farben<\/span><\/strong><strong><br \/>\n<\/strong><\/p>\n","protected":false},"featured_media":16285,"comment_status":"open","ping_status":"closed","template":"","meta":[],"product_brand":[],"product_cat":[295],"product_tag":[216,267,223],"class_list":{"0":"post-16280","1":"product","2":"type-product","3":"status-publish","4":"has-post-thumbnail","6":"product_cat-wegweiser-und-tafeln","7":"product_tag-neu","8":"product_tag-strand-auf-krk","9":"product_tag-strandbar","11":"first","12":"instock","13":"sold-individually","14":"taxable","15":"shipping-taxable","16":"purchasable","17":"product-type-simple"},"yoast_head":"<!-- This site is optimized with the Yoast SEO plugin v27.2 - https:\/\/yoast.com\/product\/yoast-seo-wordpress\/ -->\n<title>Dekorativer Wegweiser Zakynthos - Tropische Strandatmosph\u00e4re<\/title>\n<meta name=\"description\" content=\"Der dekorativer Wegweiser von Zakynthos ist aus Treibholz gefertigt. Lebendige Farben und Beschriftungen schaffen eine fr\u00f6hliche und entspannte Atmosph\u00e4re.\" \/>\n<meta name=\"robots\" content=\"index, follow, max-snippet:-1, max-image-preview:large, max-video-preview:-1\" \/>\n<link rel=\"canonical\" href=\"https:\/\/pavidecor.si\/de\/produkt\/dekorativer-wegweiser-zakynthos-170x100x30cm\/\" \/>\n<meta property=\"og:locale\" content=\"de_DE\" \/>\n<meta property=\"og:type\" content=\"article\" \/>\n<meta property=\"og:title\" content=\"Dekorativer Wegweiser Zakynthos - Tropische Strandatmosph\u00e4re\" \/>\n<meta property=\"og:description\" content=\"Der dekorativer Wegweiser von Zakynthos ist aus Treibholz gefertigt. Lebendige Farben und Beschriftungen schaffen eine fr\u00f6hliche und entspannte Atmosph\u00e4re.\" \/>\n<meta property=\"og:url\" content=\"https:\/\/pavidecor.si\/de\/produkt\/dekorativer-wegweiser-zakynthos-170x100x30cm\/\" \/>\n<meta property=\"og:site_name\" content=\"Pavi Decor\" \/>\n<meta property=\"article:modified_time\" content=\"2026-04-26T20:03:24+00:00\" \/>\n<meta property=\"og:image\" content=\"https:\/\/pavidecor.si\/wp-content\/uploads\/2022\/04\/Smerokaz-Zakintos-1-scaled.jpg\" \/>\n\t<meta property=\"og:image:width\" content=\"2560\" \/>\n\t<meta property=\"og:image:height\" content=\"2560\" \/>\n\t<meta property=\"og:image:type\" content=\"image\/jpeg\" \/>\n<meta name=\"twitter:card\" content=\"summary_large_image\" \/>\n<meta name=\"twitter:label1\" content=\"Gesch\u00e4tzte Lesezeit\" \/>\n\t<meta name=\"twitter:data1\" content=\"4\u00a0Minuten\" \/>\n<script type=\"application\/ld+json\" class=\"yoast-schema-graph\">{\"@context\":\"https:\/\/schema.org\",\"@graph\":[{\"@type\":\"WebPage\",\"@id\":\"https:\/\/pavidecor.si\/de\/produkt\/dekorativer-wegweiser-zakynthos-170x100x30cm\/\",\"url\":\"https:\/\/pavidecor.si\/de\/produkt\/dekorativer-wegweiser-zakynthos-170x100x30cm\/\",\"name\":\"Dekorativer Wegweiser Zakynthos - Tropische Strandatmosph\u00e4re\",\"isPartOf\":{\"@id\":\"https:\/\/pavidecor.si\/de\/#website\"},\"primaryImageOfPage\":{\"@id\":\"https:\/\/pavidecor.si\/de\/produkt\/dekorativer-wegweiser-zakynthos-170x100x30cm\/#primaryimage\"},\"image\":{\"@id\":\"https:\/\/pavidecor.si\/de\/produkt\/dekorativer-wegweiser-zakynthos-170x100x30cm\/#primaryimage\"},\"thumbnailUrl\":\"https:\/\/pavidecor.si\/wp-content\/uploads\/2022\/04\/Smerokaz-Zakintos-1-scaled.jpg\",\"datePublished\":\"2022-04-07T11:12:41+00:00\",\"dateModified\":\"2026-04-26T20:03:24+00:00\",\"description\":\"Der dekorativer Wegweiser von Zakynthos ist aus Treibholz gefertigt. Lebendige Farben und Beschriftungen schaffen eine fr\u00f6hliche und entspannte Atmosph\u00e4re.\",\"breadcrumb\":{\"@id\":\"https:\/\/pavidecor.si\/de\/produkt\/dekorativer-wegweiser-zakynthos-170x100x30cm\/#breadcrumb\"},\"inLanguage\":\"de\",\"potentialAction\":[{\"@type\":\"ReadAction\",\"target\":[\"https:\/\/pavidecor.si\/de\/produkt\/dekorativer-wegweiser-zakynthos-170x100x30cm\/\"]}]},{\"@type\":\"ImageObject\",\"inLanguage\":\"de\",\"@id\":\"https:\/\/pavidecor.si\/de\/produkt\/dekorativer-wegweiser-zakynthos-170x100x30cm\/#primaryimage\",\"url\":\"https:\/\/pavidecor.si\/wp-content\/uploads\/2022\/04\/Smerokaz-Zakintos-1-scaled.jpg\",\"contentUrl\":\"https:\/\/pavidecor.si\/wp-content\/uploads\/2022\/04\/Smerokaz-Zakintos-1-scaled.jpg\",\"width\":2560,\"height\":2560,\"caption\":\"PAVI DECOR\"},{\"@type\":\"BreadcrumbList\",\"@id\":\"https:\/\/pavidecor.si\/de\/produkt\/dekorativer-wegweiser-zakynthos-170x100x30cm\/#breadcrumb\",\"itemListElement\":[{\"@type\":\"ListItem\",\"position\":1,\"name\":\"Domov\",\"item\":\"https:\/\/pavidecor.si\/de\/\"},{\"@type\":\"ListItem\",\"position\":2,\"name\":\"Online-Shop\",\"item\":\"https:\/\/pavidecor.si\/de\/online-shop\/\"},{\"@type\":\"ListItem\",\"position\":3,\"name\":\"Dekorativer Wegweiser Zakynthos 170x100x30cm\"}]},{\"@type\":\"WebSite\",\"@id\":\"https:\/\/pavidecor.si\/de\/#website\",\"url\":\"https:\/\/pavidecor.si\/de\/\",\"name\":\"Pavi Decor\",\"description\":\"Leseni unikati ustvarjeni iz ljubezni do lesa in narave.\",\"potentialAction\":[{\"@type\":\"SearchAction\",\"target\":{\"@type\":\"EntryPoint\",\"urlTemplate\":\"https:\/\/pavidecor.si\/de\/?s={search_term_string}\"},\"query-input\":{\"@type\":\"PropertyValueSpecification\",\"valueRequired\":true,\"valueName\":\"search_term_string\"}}],\"inLanguage\":\"de\"}]}<\/script>\n<!-- \/ Yoast SEO plugin. -->","yoast_head_json":{"title":"Dekorativer Wegweiser Zakynthos - Tropische Strandatmosph\u00e4re","description":"Der dekorativer Wegweiser von Zakynthos ist aus Treibholz gefertigt. Lebendige Farben und Beschriftungen schaffen eine fr\u00f6hliche und entspannte Atmosph\u00e4re.","robots":{"index":"index","follow":"follow","max-snippet":"max-snippet:-1","max-image-preview":"max-image-preview:large","max-video-preview":"max-video-preview:-1"},"canonical":"https:\/\/pavidecor.si\/de\/produkt\/dekorativer-wegweiser-zakynthos-170x100x30cm\/","og_locale":"de_DE","og_type":"article","og_title":"Dekorativer Wegweiser Zakynthos - Tropische Strandatmosph\u00e4re","og_description":"Der dekorativer Wegweiser von Zakynthos ist aus Treibholz gefertigt. Lebendige Farben und Beschriftungen schaffen eine fr\u00f6hliche und entspannte Atmosph\u00e4re.","og_url":"https:\/\/pavidecor.si\/de\/produkt\/dekorativer-wegweiser-zakynthos-170x100x30cm\/","og_site_name":"Pavi Decor","article_modified_time":"2026-04-26T20:03:24+00:00","og_image":[{"width":2560,"height":2560,"url":"https:\/\/pavidecor.si\/wp-content\/uploads\/2022\/04\/Smerokaz-Zakintos-1-scaled.jpg","type":"image\/jpeg"}],"twitter_card":"summary_large_image","twitter_misc":{"Gesch\u00e4tzte Lesezeit":"4\u00a0Minuten"},"schema":{"@context":"https:\/\/schema.org","@graph":[{"@type":"WebPage","@id":"https:\/\/pavidecor.si\/de\/produkt\/dekorativer-wegweiser-zakynthos-170x100x30cm\/","url":"https:\/\/pavidecor.si\/de\/produkt\/dekorativer-wegweiser-zakynthos-170x100x30cm\/","name":"Dekorativer Wegweiser Zakynthos - Tropische Strandatmosph\u00e4re","isPartOf":{"@id":"https:\/\/pavidecor.si\/de\/#website"},"primaryImageOfPage":{"@id":"https:\/\/pavidecor.si\/de\/produkt\/dekorativer-wegweiser-zakynthos-170x100x30cm\/#primaryimage"},"image":{"@id":"https:\/\/pavidecor.si\/de\/produkt\/dekorativer-wegweiser-zakynthos-170x100x30cm\/#primaryimage"},"thumbnailUrl":"https:\/\/pavidecor.si\/wp-content\/uploads\/2022\/04\/Smerokaz-Zakintos-1-scaled.jpg","datePublished":"2022-04-07T11:12:41+00:00","dateModified":"2026-04-26T20:03:24+00:00","description":"Der dekorativer Wegweiser von Zakynthos ist aus Treibholz gefertigt. Lebendige Farben und Beschriftungen schaffen eine fr\u00f6hliche und entspannte Atmosph\u00e4re.","breadcrumb":{"@id":"https:\/\/pavidecor.si\/de\/produkt\/dekorativer-wegweiser-zakynthos-170x100x30cm\/#breadcrumb"},"inLanguage":"de","potentialAction":[{"@type":"ReadAction","target":["https:\/\/pavidecor.si\/de\/produkt\/dekorativer-wegweiser-zakynthos-170x100x30cm\/"]}]},{"@type":"ImageObject","inLanguage":"de","@id":"https:\/\/pavidecor.si\/de\/produkt\/dekorativer-wegweiser-zakynthos-170x100x30cm\/#primaryimage","url":"https:\/\/pavidecor.si\/wp-content\/uploads\/2022\/04\/Smerokaz-Zakintos-1-scaled.jpg","contentUrl":"https:\/\/pavidecor.si\/wp-content\/uploads\/2022\/04\/Smerokaz-Zakintos-1-scaled.jpg","width":2560,"height":2560,"caption":"PAVI DECOR"},{"@type":"BreadcrumbList","@id":"https:\/\/pavidecor.si\/de\/produkt\/dekorativer-wegweiser-zakynthos-170x100x30cm\/#breadcrumb","itemListElement":[{"@type":"ListItem","position":1,"name":"Domov","item":"https:\/\/pavidecor.si\/de\/"},{"@type":"ListItem","position":2,"name":"Online-Shop","item":"https:\/\/pavidecor.si\/de\/online-shop\/"},{"@type":"ListItem","position":3,"name":"Dekorativer Wegweiser Zakynthos 170x100x30cm"}]},{"@type":"WebSite","@id":"https:\/\/pavidecor.si\/de\/#website","url":"https:\/\/pavidecor.si\/de\/","name":"Pavi Decor","description":"Leseni unikati ustvarjeni iz ljubezni do lesa in narave.","potentialAction":[{"@type":"SearchAction","target":{"@type":"EntryPoint","urlTemplate":"https:\/\/pavidecor.si\/de\/?s={search_term_string}"},"query-input":{"@type":"PropertyValueSpecification","valueRequired":true,"valueName":"search_term_string"}}],"inLanguage":"de"}]}},"_links":{"self":[{"href":"https:\/\/pavidecor.si\/de\/wp-json\/wp\/v2\/product\/16280","targetHints":{"allow":["GET"]}}],"collection":[{"href":"https:\/\/pavidecor.si\/de\/wp-json\/wp\/v2\/product"}],"about":[{"href":"https:\/\/pavidecor.si\/de\/wp-json\/wp\/v2\/types\/product"}],"replies":[{"embeddable":true,"href":"https:\/\/pavidecor.si\/de\/wp-json\/wp\/v2\/comments?post=16280"}],"wp:featuredmedia":[{"embeddable":true,"href":"https:\/\/pavidecor.si\/de\/wp-json\/wp\/v2\/media\/16285"}],"wp:attachment":[{"href":"https:\/\/pavidecor.si\/de\/wp-json\/wp\/v2\/media?parent=16280"}],"wp:term":[{"taxonomy":"product_brand","embeddable":true,"href":"https:\/\/pavidecor.si\/de\/wp-json\/wp\/v2\/product_brand?post=16280"},{"taxonomy":"product_cat","embeddable":true,"href":"https:\/\/pavidecor.si\/de\/wp-json\/wp\/v2\/product_cat?post=16280"},{"taxonomy":"product_tag","embeddable":true,"href":"https:\/\/pavidecor.si\/de\/wp-json\/wp\/v2\/product_tag?post=16280"}],"curies":[{"name":"wp","href":"https:\/\/api.w.org\/{rel}","templated":true}]}}