	{"id":16065,"date":"2022-04-21T10:27:15","date_gmt":"2022-04-21T10:27:15","guid":{"rendered":"https:\/\/pavidecor.si\/product\/neujahrs-weihnachtsbaum-eva-weiss-80x45x18cm\/"},"modified":"2026-04-20T03:00:41","modified_gmt":"2026-04-20T03:00:41","slug":"neujahrs-weihnachtsbaum-weiss-eva-80x45x18cm","status":"publish","type":"product","link":"https:\/\/pavidecor.si\/de\/produkt\/neujahrs-weihnachtsbaum-weiss-eva-80x45x18cm\/","title":{"rendered":"Weihnachtsbaum Eva wei\u00df 80x45x18cm"},"content":{"rendered":"<p><span class=\"prvimanjsinaslovopis\">Weihnachtsbaum wei\u00df Eva &#8211; Die Eleganz der Natur in Ihrem Zuhause<\/span><\/p>\n<p>&nbsp;<\/p>\n<h2><span class=\"odebeljenopis\"><strong><br \/>\nEntdecken Sie den Zauber der Weihnachtszeit mit unserer einzigartigen Silvestertanne, die nat\u00fcrliche Elemente mit elegantem Design verbindet. Diese Holztanne ist die perfekte Wahl f\u00fcr alle, die die Natur bewahren und gleichzeitig ihrem Zuhause einen Hauch von festlicher Atmosph\u00e4re verleihen m\u00f6chten. Entworfen und hergestellt in Slowenien, ist es ideal f\u00fcr jeden Raum.<\/strong><\/span><\/h2>\n<p>&nbsp;<\/p>\n<div class=\"row\">\n<div class=\"col-sm-6 \" style=\"margin-top: 30px;\"><center><img decoding=\"async\" class=\"lazyload img-responsive\" style=\"margin: 0px auto; max-width: 100%;\" src=\"data:image\/svg+xml,%3Csvg%20xmlns%3D%27http%3A%2F%2Fwww.w3.org%2F2000%2Fsvg%27%20width%3D%272560%27%20height%3D%272560%27%20viewBox%3D%270%200%202560%202560%27%3E%3Crect%20width%3D%272560%27%20height%3D%272560%27%20fill-opacity%3D%220%22%2F%3E%3C%2Fsvg%3E\" data-orig-src=\"https:\/\/pavidecor.si\/wp-content\/uploads\/2022\/04\/Novoletna-jelka-Eva-bela-No.1282-1a-scaled.jpg\" \/><\/center><\/div>\n<div class=\"col-sm-6\" style=\"margin-top: 40px;\">\n<p>&nbsp;<\/p>\n<h3>Unikat handgefertigt<\/h3>\n<p>Die Neujahrstanne Eva ist das Ergebnis der Leidenschaft und Liebe zu Holz und Natur, die wir in unserem PAVI DECOR Store aus Ljubljana anbauen. Jedes St\u00fcck wird mit Pr\u00e4zision und Liebe zum Detail handgefertigt, um sicherzustellen, dass jedes Produkt ein Unikat ist. Unser Expertenteam verwendet traditionelle Techniken zum Verbinden von Holzteilen, die von den alten Meistern verwendet wurden, was unserer Tanne ein <strong>authentisches Aussehen und Gef\u00fchl verleiht<\/strong>.<\/p>\n<p>&nbsp;<\/p>\n<p>Dank dieser besonderen Behandlung ist die Tanne Eva nicht nur eine Dekoration, sondern auch ein Kunstwerk, das W\u00e4rme und nat\u00fcrliche Sch\u00f6nheit in Ihr Zuhause bringt. Handarbeit bedeutet, dass jedes Produkt sorgf\u00e4ltig verarbeitet wird, um eine <strong>lange Lebensdauer und Haltbarkeit<\/strong> zu gew\u00e4hrleisten. Mit der Wahl unseres Tannenbaums unterst\u00fctzen Sie lokale Handwerker und bewahren die Tradition des handwerklichen Handelns.<\/p>\n<p>&nbsp;<\/p>\n<p>&nbsp;<\/p>\n<\/div>\n<\/div>\n<div class=\"row\">\n<div class=\"col-sm-6 col-sm-push-6\" style=\"margin-top: 30px;\"><center><img decoding=\"async\" class=\"lazyload img-responsive\" style=\"margin: 0px auto; max-width: 100%;\" src=\"data:image\/svg+xml,%3Csvg%20xmlns%3D%27http%3A%2F%2Fwww.w3.org%2F2000%2Fsvg%27%20width%3D%272560%27%20height%3D%272560%27%20viewBox%3D%270%200%202560%202560%27%3E%3Crect%20width%3D%272560%27%20height%3D%272560%27%20fill-opacity%3D%220%22%2F%3E%3C%2Fsvg%3E\" data-orig-src=\"https:\/\/pavidecor.si\/wp-content\/uploads\/2022\/04\/Novoletna-jelka-Eva-bela-No.1282-2a-scaled.jpg\" \/><\/center><\/div>\n<div class=\"col-sm-6 col-sm-pull-6\" style=\"margin-top: 40px;\">\n<p>&nbsp;<\/p>\n<h3>Eine umweltfreundliche Wahl f\u00fcr Ihr Zuhause<\/h3>\n<p>Der Weihnachtsbaum wei\u00df ist v\u00f6llig nat\u00fcrlich und unpr\u00e4tenti\u00f6s zu pflegen. <b>Es fallen keine Nadeln ab<\/b>, was bedeutet, dass Sie sich nach den Feiertagen keine Sorgen um das Aufr\u00e4umen machen m\u00fcssen. Au\u00dferdem hat es keine flexiblen Teile, die besch\u00e4digt werden k\u00f6nnen, so dass Ihre Tanne w\u00e4hrend der gesamten Feierlichkeiten in gutem Zustand bleibt.<\/p>\n<p>&nbsp;<\/p>\n<p>Mit der Wahl unserer Tanne tragen Sie zum Erhalt der W\u00e4lder bei, da sie den nat\u00fcrlichen Weihnachtsbaum dauerhaft ersetzen wird. Sein Design erm\u00f6glicht es ihm, sehr <strong>wenig Platz einzunehmen<\/strong>, was ihn ideal f\u00fcr kleine R\u00e4ume macht. In der wei\u00dfen Variante passt es besonders gut zu modernen Ambienten, wodurch es sich gut mit der vorhandenen Dekoration abstimmen l\u00e4sst.<\/p>\n<p>&nbsp;<\/p>\n<p>&nbsp;<\/p>\n<\/div>\n<\/div>\n<div class=\"row\">\n<div class=\"col-sm-6\" style=\"margin-top: 30px;\"><center><img decoding=\"async\" class=\"lazyload img-responsive\" style=\"margin: 0px auto; max-width: 100%;\" src=\"data:image\/svg+xml,%3Csvg%20xmlns%3D%27http%3A%2F%2Fwww.w3.org%2F2000%2Fsvg%27%20width%3D%272121%27%20height%3D%272120%27%20viewBox%3D%270%200%202121%202120%27%3E%3Crect%20width%3D%272121%27%20height%3D%272120%27%20fill-opacity%3D%220%22%2F%3E%3C%2Fsvg%3E\" data-orig-src=\"https:\/\/pavidecor.si\/wp-content\/uploads\/2022\/04\/Novoletna-jelka-Eva-bela-No.1282-3a.jpg\" \/><\/center><\/div>\n<div class=\"col-sm-6\" style=\"margin-top: 40px;\">\n<p>&nbsp;<\/p>\n<h3>Einfach zu bedienen und flexibel<\/h3>\n<p>Das Zusammenstellen eines Weihnachtsbaums Eva ist nicht notwendig, was bedeutet, dass Sie ihn <strong>sofort aufstellen<\/strong> und seinen Charme genie\u00dfen k\u00f6nnen. Es gibt auch zwei Regale, auf denen Sie auf Wunsch eine Dekoration hinzuf\u00fcgen k\u00f6nnen, so dass Sie das Aussehen des Weihnachtsbaums an Ihre Vorlieben und Bed\u00fcrfnisse anpassen k\u00f6nnen.<\/p>\n<p>&nbsp;<\/p>\n<p>F\u00fcr zus\u00e4tzliche Beleuchtung und Dekoration empfehlen wir die Verwendung von <a href=\"https:\/\/pavidecor.si\/de\/kategorije\/dekorationsprodukte-fur-zu-hause\/kerzenstander\/\"><strong><span style=\"color: #3366ff;\">Kerzenst\u00e4ndern aus Holz<\/span><\/strong><\/a> aus unserem Programm, die perfekt zu unserer Tanne passen. So entsteht eine magische festliche Atmosph\u00e4re, die Sie und Ihre G\u00e4ste begeistern wird. Mit der Weihnachtsbaum wei\u00df bringen Sie Eleganz und nat\u00fcrliche Sch\u00f6nheit in Ihr Zuhause, die viele Jahre \u00fcberdauern wird.<\/p>\n<p>&nbsp;<\/p>\n<p>&nbsp;<\/p>\n<\/div>\n<\/div>\n<blockquote><p>Der Weihnachtsbaum wei\u00df verbindet Natur mit Eleganz, und auf Wunsch k\u00f6nnen Sie sie auf zwei Regalen dekorieren. Es ist v\u00f6llig nat\u00fcrlich und pflegeleicht, da es keine Nadeln hat, die abfallen w\u00fcrden, und keine flexiblen Teile, die besch\u00e4digt werden k\u00f6nnten. Unsere einzigartige Holztanne wird den nat\u00fcrlichen Weihnachtsbaum dauerhaft ersetzen und so zum Erhalt unserer W\u00e4lder beitragen. Die Silvestertanne Eva nimmt in der Tiefe nur sehr wenig Platz ein und eignet sich daher auch f\u00fcr kleine R\u00e4ume. In Wei\u00df gehalten, eignet es sich besonders f\u00fcr moderne Ambiente. F\u00fcr die Dekoration und Beleuchtung k\u00f6nnen Sie Kerzenst\u00e4nder aus Holz aus unserem Programm verwenden. Keine Montage erforderlich.<\/p><\/blockquote>\n<p>&nbsp;<\/p>\n","protected":false},"excerpt":{"rendered":"<p><strong><span style=\"color: #c4963c;\">\u2192 Handgefertigt<\/span><\/strong><strong><span style=\"color: #c4963c;\"><br \/>\n<\/span><span style=\"color: #c4963c;\">\u2192 Einzigartig<\/span><\/strong><\/p>\n","protected":false},"featured_media":16067,"comment_status":"open","ping_status":"closed","template":"","meta":[],"product_brand":[],"product_cat":[370],"product_tag":[216],"class_list":{"0":"post-16065","1":"product","2":"type-product","3":"status-publish","4":"has-post-thumbnail","6":"product_cat-neujahrs-weihnachtsbaume","7":"product_tag-neu","9":"first","10":"instock","11":"taxable","12":"shipping-taxable","13":"purchasable","14":"product-type-simple"},"yoast_head":"<!-- This site is optimized with the Yoast SEO plugin v27.2 - https:\/\/yoast.com\/product\/yoast-seo-wordpress\/ -->\n<title>Weihnachtsbaum wei\u00df Eva - Eleganz der Natur in Ihrem Zuhause<\/title>\n<meta name=\"description\" content=\"Der Weihnachtsbaum Eva wei\u00df verbindet Natur mit Eleganz. Es ist v\u00f6llig nat\u00fcrlich und pflegeleicht, da es keine Nadeln hat, die abfallen w\u00fcrden. Einzigartig.\" \/>\n<meta name=\"robots\" content=\"index, follow, max-snippet:-1, max-image-preview:large, max-video-preview:-1\" \/>\n<link rel=\"canonical\" href=\"https:\/\/pavidecor.si\/de\/produkt\/neujahrs-weihnachtsbaum-weiss-eva-80x45x18cm\/\" \/>\n<meta property=\"og:locale\" content=\"de_DE\" \/>\n<meta property=\"og:type\" content=\"article\" \/>\n<meta property=\"og:title\" content=\"Weihnachtsbaum wei\u00df Eva - Eleganz der Natur in Ihrem Zuhause\" \/>\n<meta property=\"og:description\" content=\"Der Weihnachtsbaum Eva wei\u00df verbindet Natur mit Eleganz. Es ist v\u00f6llig nat\u00fcrlich und pflegeleicht, da es keine Nadeln hat, die abfallen w\u00fcrden. Einzigartig.\" \/>\n<meta property=\"og:url\" content=\"https:\/\/pavidecor.si\/de\/produkt\/neujahrs-weihnachtsbaum-weiss-eva-80x45x18cm\/\" \/>\n<meta property=\"og:site_name\" content=\"Pavi Decor\" \/>\n<meta property=\"article:modified_time\" content=\"2026-04-20T03:00:41+00:00\" \/>\n<meta property=\"og:image\" content=\"https:\/\/pavidecor.si\/wp-content\/uploads\/2022\/04\/Novoletna-jelka-Eva-bela-No.1282-1a-scaled.jpg\" \/>\n\t<meta property=\"og:image:width\" content=\"2560\" \/>\n\t<meta property=\"og:image:height\" content=\"2560\" \/>\n\t<meta property=\"og:image:type\" content=\"image\/jpeg\" \/>\n<meta name=\"twitter:card\" content=\"summary_large_image\" \/>\n<meta name=\"twitter:label1\" content=\"Gesch\u00e4tzte Lesezeit\" \/>\n\t<meta name=\"twitter:data1\" content=\"4\u00a0Minuten\" \/>\n<script type=\"application\/ld+json\" class=\"yoast-schema-graph\">{\"@context\":\"https:\/\/schema.org\",\"@graph\":[{\"@type\":\"WebPage\",\"@id\":\"https:\/\/pavidecor.si\/de\/produkt\/neujahrs-weihnachtsbaum-weiss-eva-80x45x18cm\/\",\"url\":\"https:\/\/pavidecor.si\/de\/produkt\/neujahrs-weihnachtsbaum-weiss-eva-80x45x18cm\/\",\"name\":\"Weihnachtsbaum wei\u00df Eva - Eleganz der Natur in Ihrem Zuhause\",\"isPartOf\":{\"@id\":\"https:\/\/pavidecor.si\/de\/#website\"},\"primaryImageOfPage\":{\"@id\":\"https:\/\/pavidecor.si\/de\/produkt\/neujahrs-weihnachtsbaum-weiss-eva-80x45x18cm\/#primaryimage\"},\"image\":{\"@id\":\"https:\/\/pavidecor.si\/de\/produkt\/neujahrs-weihnachtsbaum-weiss-eva-80x45x18cm\/#primaryimage\"},\"thumbnailUrl\":\"https:\/\/pavidecor.si\/wp-content\/uploads\/2022\/04\/Novoletna-jelka-Eva-bela-No.1282-1a-scaled.jpg\",\"datePublished\":\"2022-04-21T10:27:15+00:00\",\"dateModified\":\"2026-04-20T03:00:41+00:00\",\"description\":\"Der Weihnachtsbaum Eva wei\u00df verbindet Natur mit Eleganz. Es ist v\u00f6llig nat\u00fcrlich und pflegeleicht, da es keine Nadeln hat, die abfallen w\u00fcrden. Einzigartig.\",\"breadcrumb\":{\"@id\":\"https:\/\/pavidecor.si\/de\/produkt\/neujahrs-weihnachtsbaum-weiss-eva-80x45x18cm\/#breadcrumb\"},\"inLanguage\":\"de\",\"potentialAction\":[{\"@type\":\"ReadAction\",\"target\":[\"https:\/\/pavidecor.si\/de\/produkt\/neujahrs-weihnachtsbaum-weiss-eva-80x45x18cm\/\"]}]},{\"@type\":\"ImageObject\",\"inLanguage\":\"de\",\"@id\":\"https:\/\/pavidecor.si\/de\/produkt\/neujahrs-weihnachtsbaum-weiss-eva-80x45x18cm\/#primaryimage\",\"url\":\"https:\/\/pavidecor.si\/wp-content\/uploads\/2022\/04\/Novoletna-jelka-Eva-bela-No.1282-1a-scaled.jpg\",\"contentUrl\":\"https:\/\/pavidecor.si\/wp-content\/uploads\/2022\/04\/Novoletna-jelka-Eva-bela-No.1282-1a-scaled.jpg\",\"width\":2560,\"height\":2560,\"caption\":\"PAVI DECOR\"},{\"@type\":\"BreadcrumbList\",\"@id\":\"https:\/\/pavidecor.si\/de\/produkt\/neujahrs-weihnachtsbaum-weiss-eva-80x45x18cm\/#breadcrumb\",\"itemListElement\":[{\"@type\":\"ListItem\",\"position\":1,\"name\":\"Domov\",\"item\":\"https:\/\/pavidecor.si\/de\/\"},{\"@type\":\"ListItem\",\"position\":2,\"name\":\"Online-Shop\",\"item\":\"https:\/\/pavidecor.si\/de\/online-shop\/\"},{\"@type\":\"ListItem\",\"position\":3,\"name\":\"Weihnachtsbaum Eva wei\u00df 80x45x18cm\"}]},{\"@type\":\"WebSite\",\"@id\":\"https:\/\/pavidecor.si\/de\/#website\",\"url\":\"https:\/\/pavidecor.si\/de\/\",\"name\":\"Pavi Decor\",\"description\":\"Leseni unikati ustvarjeni iz ljubezni do lesa in narave.\",\"potentialAction\":[{\"@type\":\"SearchAction\",\"target\":{\"@type\":\"EntryPoint\",\"urlTemplate\":\"https:\/\/pavidecor.si\/de\/?s={search_term_string}\"},\"query-input\":{\"@type\":\"PropertyValueSpecification\",\"valueRequired\":true,\"valueName\":\"search_term_string\"}}],\"inLanguage\":\"de\"}]}<\/script>\n<!-- \/ Yoast SEO plugin. -->","yoast_head_json":{"title":"Weihnachtsbaum wei\u00df Eva - Eleganz der Natur in Ihrem Zuhause","description":"Der Weihnachtsbaum Eva wei\u00df verbindet Natur mit Eleganz. Es ist v\u00f6llig nat\u00fcrlich und pflegeleicht, da es keine Nadeln hat, die abfallen w\u00fcrden. Einzigartig.","robots":{"index":"index","follow":"follow","max-snippet":"max-snippet:-1","max-image-preview":"max-image-preview:large","max-video-preview":"max-video-preview:-1"},"canonical":"https:\/\/pavidecor.si\/de\/produkt\/neujahrs-weihnachtsbaum-weiss-eva-80x45x18cm\/","og_locale":"de_DE","og_type":"article","og_title":"Weihnachtsbaum wei\u00df Eva - Eleganz der Natur in Ihrem Zuhause","og_description":"Der Weihnachtsbaum Eva wei\u00df verbindet Natur mit Eleganz. Es ist v\u00f6llig nat\u00fcrlich und pflegeleicht, da es keine Nadeln hat, die abfallen w\u00fcrden. Einzigartig.","og_url":"https:\/\/pavidecor.si\/de\/produkt\/neujahrs-weihnachtsbaum-weiss-eva-80x45x18cm\/","og_site_name":"Pavi Decor","article_modified_time":"2026-04-20T03:00:41+00:00","og_image":[{"width":2560,"height":2560,"url":"https:\/\/pavidecor.si\/wp-content\/uploads\/2022\/04\/Novoletna-jelka-Eva-bela-No.1282-1a-scaled.jpg","type":"image\/jpeg"}],"twitter_card":"summary_large_image","twitter_misc":{"Gesch\u00e4tzte Lesezeit":"4\u00a0Minuten"},"schema":{"@context":"https:\/\/schema.org","@graph":[{"@type":"WebPage","@id":"https:\/\/pavidecor.si\/de\/produkt\/neujahrs-weihnachtsbaum-weiss-eva-80x45x18cm\/","url":"https:\/\/pavidecor.si\/de\/produkt\/neujahrs-weihnachtsbaum-weiss-eva-80x45x18cm\/","name":"Weihnachtsbaum wei\u00df Eva - Eleganz der Natur in Ihrem Zuhause","isPartOf":{"@id":"https:\/\/pavidecor.si\/de\/#website"},"primaryImageOfPage":{"@id":"https:\/\/pavidecor.si\/de\/produkt\/neujahrs-weihnachtsbaum-weiss-eva-80x45x18cm\/#primaryimage"},"image":{"@id":"https:\/\/pavidecor.si\/de\/produkt\/neujahrs-weihnachtsbaum-weiss-eva-80x45x18cm\/#primaryimage"},"thumbnailUrl":"https:\/\/pavidecor.si\/wp-content\/uploads\/2022\/04\/Novoletna-jelka-Eva-bela-No.1282-1a-scaled.jpg","datePublished":"2022-04-21T10:27:15+00:00","dateModified":"2026-04-20T03:00:41+00:00","description":"Der Weihnachtsbaum Eva wei\u00df verbindet Natur mit Eleganz. Es ist v\u00f6llig nat\u00fcrlich und pflegeleicht, da es keine Nadeln hat, die abfallen w\u00fcrden. Einzigartig.","breadcrumb":{"@id":"https:\/\/pavidecor.si\/de\/produkt\/neujahrs-weihnachtsbaum-weiss-eva-80x45x18cm\/#breadcrumb"},"inLanguage":"de","potentialAction":[{"@type":"ReadAction","target":["https:\/\/pavidecor.si\/de\/produkt\/neujahrs-weihnachtsbaum-weiss-eva-80x45x18cm\/"]}]},{"@type":"ImageObject","inLanguage":"de","@id":"https:\/\/pavidecor.si\/de\/produkt\/neujahrs-weihnachtsbaum-weiss-eva-80x45x18cm\/#primaryimage","url":"https:\/\/pavidecor.si\/wp-content\/uploads\/2022\/04\/Novoletna-jelka-Eva-bela-No.1282-1a-scaled.jpg","contentUrl":"https:\/\/pavidecor.si\/wp-content\/uploads\/2022\/04\/Novoletna-jelka-Eva-bela-No.1282-1a-scaled.jpg","width":2560,"height":2560,"caption":"PAVI DECOR"},{"@type":"BreadcrumbList","@id":"https:\/\/pavidecor.si\/de\/produkt\/neujahrs-weihnachtsbaum-weiss-eva-80x45x18cm\/#breadcrumb","itemListElement":[{"@type":"ListItem","position":1,"name":"Domov","item":"https:\/\/pavidecor.si\/de\/"},{"@type":"ListItem","position":2,"name":"Online-Shop","item":"https:\/\/pavidecor.si\/de\/online-shop\/"},{"@type":"ListItem","position":3,"name":"Weihnachtsbaum Eva wei\u00df 80x45x18cm"}]},{"@type":"WebSite","@id":"https:\/\/pavidecor.si\/de\/#website","url":"https:\/\/pavidecor.si\/de\/","name":"Pavi Decor","description":"Leseni unikati ustvarjeni iz ljubezni do lesa in narave.","potentialAction":[{"@type":"SearchAction","target":{"@type":"EntryPoint","urlTemplate":"https:\/\/pavidecor.si\/de\/?s={search_term_string}"},"query-input":{"@type":"PropertyValueSpecification","valueRequired":true,"valueName":"search_term_string"}}],"inLanguage":"de"}]}},"_links":{"self":[{"href":"https:\/\/pavidecor.si\/de\/wp-json\/wp\/v2\/product\/16065","targetHints":{"allow":["GET"]}}],"collection":[{"href":"https:\/\/pavidecor.si\/de\/wp-json\/wp\/v2\/product"}],"about":[{"href":"https:\/\/pavidecor.si\/de\/wp-json\/wp\/v2\/types\/product"}],"replies":[{"embeddable":true,"href":"https:\/\/pavidecor.si\/de\/wp-json\/wp\/v2\/comments?post=16065"}],"wp:featuredmedia":[{"embeddable":true,"href":"https:\/\/pavidecor.si\/de\/wp-json\/wp\/v2\/media\/16067"}],"wp:attachment":[{"href":"https:\/\/pavidecor.si\/de\/wp-json\/wp\/v2\/media?parent=16065"}],"wp:term":[{"taxonomy":"product_brand","embeddable":true,"href":"https:\/\/pavidecor.si\/de\/wp-json\/wp\/v2\/product_brand?post=16065"},{"taxonomy":"product_cat","embeddable":true,"href":"https:\/\/pavidecor.si\/de\/wp-json\/wp\/v2\/product_cat?post=16065"},{"taxonomy":"product_tag","embeddable":true,"href":"https:\/\/pavidecor.si\/de\/wp-json\/wp\/v2\/product_tag?post=16065"}],"curies":[{"name":"wp","href":"https:\/\/api.w.org\/{rel}","templated":true}]}}