	{"id":14685,"date":"2021-12-25T06:51:07","date_gmt":"2021-12-25T06:51:07","guid":{"rendered":"https:\/\/pavidecor.si\/product\/strickschale-fi30x12cm\/"},"modified":"2026-04-24T21:46:21","modified_gmt":"2026-04-24T21:46:21","slug":"strickschale-fi30x12cm","status":"publish","type":"product","link":"https:\/\/pavidecor.si\/de\/produkt\/strickschale-fi30x12cm\/","title":{"rendered":"Strickschale fi30x12cm"},"content":{"rendered":"<p><span class=\"prvimanjsinaslovopis\">  Rattan-Korbschale &#8211; Klassische Eleganz f\u00fcr Ihre K\u00fcche  <\/p>\n<p><\/span><\/p>\n<h2><span class=\"odebeljenopis\"><strong><br \/>\nEine Schale aus Weiden-Rattan ist die richtige Wahl f\u00fcr alle, die einzigartige und praktische Produkte zu sch\u00e4tzen wissen. Diese in Slowenien handgefertigte Schale kombiniert traditionelles Handwerkswissen mit modernem Design und ist damit ideal f\u00fcr die Aufbewahrung oder Dekoration Ihres Tisches. Seine Vielseitigkeit und \u00c4sthetik werden jeden begeistern.<\/p>\n<p><\/strong><\/span><\/h2>\n<\/p>\n<div class=\"row\">\n<div class=\"col-sm-6 \" style=\"margin-top: 30px;\"><center><img decoding=\"async\" src=\"data:image\/svg+xml,%3Csvg%20xmlns%3D%27http%3A%2F%2Fwww.w3.org%2F2000%2Fsvg%27%20width%3D%272560%27%20height%3D%272560%27%20viewBox%3D%270%200%202560%202560%27%3E%3Crect%20width%3D%272560%27%20height%3D%272560%27%20fill-opacity%3D%220%22%2F%3E%3C%2Fsvg%3E\" data-orig-src=\"https:\/\/pavidecor.si\/wp-content\/uploads\/2021\/12\/1IMG_7566a-2-scaled.jpg\" class=\"lazyload img-responsive\" style=\"margin: 0px auto;max-width:100%;\"><\/center><\/div>\n<div class=\"col-sm-6\" style=\"margin-top:40px;\">\n<p><span style=\"color: #000000;\">  <\/p>\n<h3>Unikat handgefertigt<\/h3>\n<p>Die Rattanschale aus Weidengeflecht ist das Ergebnis sorgf\u00e4ltiger Handarbeit, die von unseren erfahrenen Handwerkern im PAVIDECOR Store in Ljubljana ausgef\u00fchrt wird. Jede Schale ist ein Unikat, weil sie mit Liebe zum Holz und zur Natur hergestellt wird. Unsere Leidenschaft f\u00fcr nat\u00fcrliche Materialien spiegelt sich in jedem Detail wider und verleiht der Schale einen authentischen Look, den man bei Massenprodukten nicht findet. Die Splei\u00dfdetails der von den alten Meistern verwendeten Holzteile sorgen daf\u00fcr, dass jede Schale nicht nur sch\u00f6n, sondern auch extrem langlebig ist.  <\/p>\n<p>Durch ihre robuste Bauweise ist die Weidensch\u00fcssel ideal f\u00fcr den t\u00e4glichen Gebrauch. Egal, ob Sie ihn mit frischem Obst oder Gem\u00fcse f\u00fcllen oder als dekoratives Element verwenden, er wird immer die Blicke auf sich ziehen. Seine Vielseitigkeit erm\u00f6glicht es ihm, sich perfekt in eine Vielzahl von Einrichtungsstilen einzuf\u00fcgen, von rustikal bis modern.  <\/p>\n<p><\/span><\/p>\n<\/div>\n<\/div>\n<div class=\"row\">\n<div class=\"col-sm-6 col-sm-push-6\" style=\"margin-top: 30px;\"><center><img decoding=\"async\" src=\"data:image\/svg+xml,%3Csvg%20xmlns%3D%27http%3A%2F%2Fwww.w3.org%2F2000%2Fsvg%27%20width%3D%271731%27%20height%3D%271732%27%20viewBox%3D%270%200%201731%201732%27%3E%3Crect%20width%3D%271731%27%20height%3D%271732%27%20fill-opacity%3D%220%22%2F%3E%3C%2Fsvg%3E\" data-orig-src=\"https:\/\/pavidecor.si\/wp-content\/uploads\/2021\/12\/2IMG_7562-2.jpg\" class=\"lazyload img-responsive\" style=\"margin: 0px auto;max-width:100%;\"><\/center><\/div>\n<div class=\"col-sm-6 col-sm-pull-6\" style=\"margin-top:40px;\">\n<p><span style=\"color: #000000;\">  <\/p>\n<h3>Praktikabilit\u00e4t und \u00c4sthetik<\/h3>\n<p>Eine Korbschale ist nicht nur ein \u00e4sthetisches Accessoire, sondern auch ein \u00e4u\u00dferst praktisches Werkzeug f\u00fcr jeden Haushalt. Durch sein ger\u00e4umiges Design l\u00e4sst sich eine Vielzahl von Gegenst\u00e4nden leicht verstauen, was besonders in der K\u00fcche n\u00fctzlich ist. Dar\u00fcber hinaus ist die Schale eine ausgezeichnete Wahl zum Servieren von Gerichten bei Familienfeiern oder Partys.  <\/p>\n<p>Durch ihre gealterte Optik und die nat\u00fcrlichen Materialien f\u00fcgt sich die Korbschale perfekt in verschiedene Einrichtungsstile ein. Egal, ob Sie eine antike oder moderne K\u00fcche haben, diese Sch\u00fcssel verleiht Ihnen einen Hauch von Eleganz und W\u00e4rme. Sie k\u00f6nnen es auch im Garten oder auf der Terrasse verwenden, wo es zu einem unverzichtbaren Bestandteil Ihrer Sommerpicknicks und Zusammenk\u00fcnfte im Freien wird.  <\/p>\n<p><\/span><\/p>\n<\/div>\n<\/div>\n<div class=\"row\">\n<div class=\"col-sm-6\" style=\"margin-top: 30px;\"><center><img decoding=\"async\" src=\"data:image\/svg+xml,%3Csvg%20xmlns%3D%27http%3A%2F%2Fwww.w3.org%2F2000%2Fsvg%27%20width%3D%271857%27%20height%3D%271857%27%20viewBox%3D%270%200%201857%201857%27%3E%3Crect%20width%3D%271857%27%20height%3D%271857%27%20fill-opacity%3D%220%22%2F%3E%3C%2Fsvg%3E\" data-orig-src=\"https:\/\/pavidecor.si\/wp-content\/uploads\/2021\/12\/3IMG_7567-2.jpg\" class=\"lazyload img-responsive\" style=\"margin: 0px auto;max-width:100%;\"><\/center><\/div>\n<div class=\"col-sm-6\" style=\"margin-top:40px;\">\n<p><span style=\"color: #000000;\">  <\/p>\n<h3>Die perfekte Wahl f\u00fcr jedes Zuhause<\/h3>\n<p>Eine Rattanschale aus Weidengeflecht ist mehr als nur ein K\u00fcchenger\u00e4t. Es ist auch ein wunderbares dekoratives Element. Seine Pr\u00e4senz auf einem Tisch oder Regal wird die Blicke auf sich ziehen und Ihrem Zuhause einen Hauch von nat\u00fcrlicher Sch\u00f6nheit verleihen. Eine beigef\u00fcgte Tafel mit dem Logo des Drachen von Ljubljana unterstreicht seine Einzigartigkeit und Verbundenheit mit unserer Kultur.  <\/p>\n<p>Wir bei PAVIDECOR sind uns bewusst, wie wichtig es ist, Produkte in unserem Zuhause zu haben, die nicht nur funktional, sondern auch \u00e4sthetisch ansprechend sind. Eine Korbschale ist eine ausgezeichnete Wahl f\u00fcr alle, die W\u00e4rme und nat\u00fcrliche Materialien in ihr Zuhause bringen m\u00f6chten. Vergessen Sie nicht, dass diese Schale auch Teil der Dekoration in unserer Strandbar ist, was ihre Vielseitigkeit und Beliebtheit beweist.  <\/p>\n<p>Meta Title: Rattan-Korbschale &#8211; Klassische Eleganz f\u00fcr Ihre K\u00fcche<br \/>\n<\/span><\/p>\n<\/div>\n<\/div>\n<div class=\"row-flex\">\n<div class=\"col-sm-12 odmikitabelaprodukt\">\n<table class=\"table table-hover ck-table-resized\" style=\"width: 100%;\" border=\"0\">\n<tbody>\n<tr>\n<td>\nDie ss Korbsch\u00fcssel ist ein echter Klassiker in der K\u00fcche und eignet sich zur Aufbewahrung oder zur Tischdekoration. Er ist aus robustem Rattan handgefertigt und wird durch sein gealtertes Aussehen f\u00fcr Verliebte noch nostalgischer. Die Sch\u00fcssel ist sehr praktisch in der Anwendung, da Sie sie problemlos mit frischen oder getrockneten Fr\u00fcchten oder mit Eiern und Gem\u00fcse f\u00fcllen k\u00f6nnen. Er l\u00e4sst sich mit antiken oder modernen M\u00f6beln kombinieren und f\u00fcgt sich perfekt in rustikale oder Shabby Chic Ambiente ein. Es ist auch sehr n\u00fctzlich im Garten oder auf der Terrasse, so dass es ein obligatorisches und n\u00fctzliches Werkzeug f\u00fcr jeden Haushalt ist. Es ist auch eine Plakette mit dem Logo des Drachen von Ljubljana angebracht. Auch eine Korbschale geh\u00f6rt zur Dekoration in unserer Strandbar.\n<\/td>\n<\/tr>\n<blockquote><p>Eine Korbsch\u00fcssel ist ein echter Klassiker in der K\u00fcche und eignet sich praktisch zur Aufbewahrung oder zur Tischdekoration. Er ist aus robustem Rattan handgefertigt und wird durch sein gealtertes Aussehen f\u00fcr Verliebte noch nostalgischer. Die Sch\u00fcssel ist sehr praktisch in der Anwendung, da Sie sie problemlos mit frischen oder getrockneten Fr\u00fcchten oder mit Eiern und Gem\u00fcse f\u00fcllen k\u00f6nnen. Er l\u00e4sst sich mit antiken oder modernen M\u00f6beln kombinieren und f\u00fcgt sich perfekt in rustikale oder Shabby Chic Ambiente ein. Es ist auch sehr n\u00fctzlich im Garten oder auf der Terrasse, so dass es ein obligatorisches und n\u00fctzliches Werkzeug f\u00fcr jeden Haushalt ist. Es ist auch eine Plakette mit dem Logo des Drachen von Ljubljana angebracht. Auch eine Korbschale geh\u00f6rt zur Dekoration in unserer Strandbar.<\/p><\/blockquote>\n<p><\/p>\n","protected":false},"excerpt":{"rendered":"<p><strong><span style=\"color: #c4963c;\">\u2192 Leicht und langlebig<\/span><\/strong><br \/>\n<strong><span style=\"color: #c4963c;\">\u2192 Logo des Drachen von Ljubljana<\/span><\/strong><\/p>\n","protected":false},"featured_media":14686,"comment_status":"open","ping_status":"closed","template":"","meta":[],"product_brand":[],"product_cat":[271,316,280],"product_tag":[223],"class_list":{"0":"post-14685","1":"product","2":"type-product","3":"status-publish","4":"has-post-thumbnail","6":"product_cat-ausstattung-von-geschaften-und-tavernen","7":"product_cat-korbe","8":"product_cat-souvenirs-der-stadt-ljubljana","9":"product_tag-strandbar","11":"first","12":"instock","13":"taxable","14":"shipping-taxable","15":"purchasable","16":"product-type-simple"},"yoast_head":"<!-- This site is optimized with the Yoast SEO plugin v27.2 - https:\/\/yoast.com\/product\/yoast-seo-wordpress\/ -->\n<title>Strickschale fi30x12cm - Pavi Decor<\/title>\n<meta name=\"description\" content=\"Die Korbschale ist handgefertigt aus Rattan und eignet sich sehr gut f\u00fcr jeden Haushalt. Es hat auch eine Plakette mit dem Logo des Drachen von Ljubljana.\" \/>\n<meta name=\"robots\" content=\"index, follow, max-snippet:-1, max-image-preview:large, max-video-preview:-1\" \/>\n<link rel=\"canonical\" href=\"https:\/\/pavidecor.si\/de\/produkt\/strickschale-fi30x12cm\/\" \/>\n<meta property=\"og:locale\" content=\"de_DE\" \/>\n<meta property=\"og:type\" content=\"article\" \/>\n<meta property=\"og:title\" content=\"Strickschale fi30x12cm - Pavi Decor\" \/>\n<meta property=\"og:description\" content=\"Die Korbschale ist handgefertigt aus Rattan und eignet sich sehr gut f\u00fcr jeden Haushalt. Es hat auch eine Plakette mit dem Logo des Drachen von Ljubljana.\" \/>\n<meta property=\"og:url\" content=\"https:\/\/pavidecor.si\/de\/produkt\/strickschale-fi30x12cm\/\" \/>\n<meta property=\"og:site_name\" content=\"Pavi Decor\" \/>\n<meta property=\"article:modified_time\" content=\"2026-04-24T21:46:21+00:00\" \/>\n<meta property=\"og:image\" content=\"https:\/\/pavidecor.si\/wp-content\/uploads\/2021\/12\/1IMG_7566a-2-scaled.jpg\" \/>\n\t<meta property=\"og:image:width\" content=\"2560\" \/>\n\t<meta property=\"og:image:height\" content=\"2560\" \/>\n\t<meta property=\"og:image:type\" content=\"image\/jpeg\" \/>\n<meta name=\"twitter:card\" content=\"summary_large_image\" \/>\n<meta name=\"twitter:label1\" content=\"Gesch\u00e4tzte Lesezeit\" \/>\n\t<meta name=\"twitter:data1\" content=\"4\u00a0Minuten\" \/>\n<script type=\"application\/ld+json\" class=\"yoast-schema-graph\">{\"@context\":\"https:\/\/schema.org\",\"@graph\":[{\"@type\":\"WebPage\",\"@id\":\"https:\/\/pavidecor.si\/de\/produkt\/strickschale-fi30x12cm\/\",\"url\":\"https:\/\/pavidecor.si\/de\/produkt\/strickschale-fi30x12cm\/\",\"name\":\"Strickschale fi30x12cm - Pavi Decor\",\"isPartOf\":{\"@id\":\"https:\/\/pavidecor.si\/de\/#website\"},\"primaryImageOfPage\":{\"@id\":\"https:\/\/pavidecor.si\/de\/produkt\/strickschale-fi30x12cm\/#primaryimage\"},\"image\":{\"@id\":\"https:\/\/pavidecor.si\/de\/produkt\/strickschale-fi30x12cm\/#primaryimage\"},\"thumbnailUrl\":\"https:\/\/pavidecor.si\/wp-content\/uploads\/2021\/12\/1IMG_7566a-2-scaled.jpg\",\"datePublished\":\"2021-12-25T06:51:07+00:00\",\"dateModified\":\"2026-04-24T21:46:21+00:00\",\"description\":\"Die Korbschale ist handgefertigt aus Rattan und eignet sich sehr gut f\u00fcr jeden Haushalt. Es hat auch eine Plakette mit dem Logo des Drachen von Ljubljana.\",\"breadcrumb\":{\"@id\":\"https:\/\/pavidecor.si\/de\/produkt\/strickschale-fi30x12cm\/#breadcrumb\"},\"inLanguage\":\"de\",\"potentialAction\":[{\"@type\":\"ReadAction\",\"target\":[\"https:\/\/pavidecor.si\/de\/produkt\/strickschale-fi30x12cm\/\"]}]},{\"@type\":\"ImageObject\",\"inLanguage\":\"de\",\"@id\":\"https:\/\/pavidecor.si\/de\/produkt\/strickschale-fi30x12cm\/#primaryimage\",\"url\":\"https:\/\/pavidecor.si\/wp-content\/uploads\/2021\/12\/1IMG_7566a-2-scaled.jpg\",\"contentUrl\":\"https:\/\/pavidecor.si\/wp-content\/uploads\/2021\/12\/1IMG_7566a-2-scaled.jpg\",\"width\":2560,\"height\":2560,\"caption\":\"PAVI DECOR\"},{\"@type\":\"BreadcrumbList\",\"@id\":\"https:\/\/pavidecor.si\/de\/produkt\/strickschale-fi30x12cm\/#breadcrumb\",\"itemListElement\":[{\"@type\":\"ListItem\",\"position\":1,\"name\":\"Domov\",\"item\":\"https:\/\/pavidecor.si\/de\/\"},{\"@type\":\"ListItem\",\"position\":2,\"name\":\"Online-Shop\",\"item\":\"https:\/\/pavidecor.si\/de\/online-shop\/\"},{\"@type\":\"ListItem\",\"position\":3,\"name\":\"Strickschale fi30x12cm\"}]},{\"@type\":\"WebSite\",\"@id\":\"https:\/\/pavidecor.si\/de\/#website\",\"url\":\"https:\/\/pavidecor.si\/de\/\",\"name\":\"Pavi Decor\",\"description\":\"Leseni unikati ustvarjeni iz ljubezni do lesa in narave.\",\"potentialAction\":[{\"@type\":\"SearchAction\",\"target\":{\"@type\":\"EntryPoint\",\"urlTemplate\":\"https:\/\/pavidecor.si\/de\/?s={search_term_string}\"},\"query-input\":{\"@type\":\"PropertyValueSpecification\",\"valueRequired\":true,\"valueName\":\"search_term_string\"}}],\"inLanguage\":\"de\"}]}<\/script>\n<!-- \/ Yoast SEO plugin. -->","yoast_head_json":{"title":"Strickschale fi30x12cm - Pavi Decor","description":"Die Korbschale ist handgefertigt aus Rattan und eignet sich sehr gut f\u00fcr jeden Haushalt. Es hat auch eine Plakette mit dem Logo des Drachen von Ljubljana.","robots":{"index":"index","follow":"follow","max-snippet":"max-snippet:-1","max-image-preview":"max-image-preview:large","max-video-preview":"max-video-preview:-1"},"canonical":"https:\/\/pavidecor.si\/de\/produkt\/strickschale-fi30x12cm\/","og_locale":"de_DE","og_type":"article","og_title":"Strickschale fi30x12cm - Pavi Decor","og_description":"Die Korbschale ist handgefertigt aus Rattan und eignet sich sehr gut f\u00fcr jeden Haushalt. Es hat auch eine Plakette mit dem Logo des Drachen von Ljubljana.","og_url":"https:\/\/pavidecor.si\/de\/produkt\/strickschale-fi30x12cm\/","og_site_name":"Pavi Decor","article_modified_time":"2026-04-24T21:46:21+00:00","og_image":[{"width":2560,"height":2560,"url":"https:\/\/pavidecor.si\/wp-content\/uploads\/2021\/12\/1IMG_7566a-2-scaled.jpg","type":"image\/jpeg"}],"twitter_card":"summary_large_image","twitter_misc":{"Gesch\u00e4tzte Lesezeit":"4\u00a0Minuten"},"schema":{"@context":"https:\/\/schema.org","@graph":[{"@type":"WebPage","@id":"https:\/\/pavidecor.si\/de\/produkt\/strickschale-fi30x12cm\/","url":"https:\/\/pavidecor.si\/de\/produkt\/strickschale-fi30x12cm\/","name":"Strickschale fi30x12cm - Pavi Decor","isPartOf":{"@id":"https:\/\/pavidecor.si\/de\/#website"},"primaryImageOfPage":{"@id":"https:\/\/pavidecor.si\/de\/produkt\/strickschale-fi30x12cm\/#primaryimage"},"image":{"@id":"https:\/\/pavidecor.si\/de\/produkt\/strickschale-fi30x12cm\/#primaryimage"},"thumbnailUrl":"https:\/\/pavidecor.si\/wp-content\/uploads\/2021\/12\/1IMG_7566a-2-scaled.jpg","datePublished":"2021-12-25T06:51:07+00:00","dateModified":"2026-04-24T21:46:21+00:00","description":"Die Korbschale ist handgefertigt aus Rattan und eignet sich sehr gut f\u00fcr jeden Haushalt. Es hat auch eine Plakette mit dem Logo des Drachen von Ljubljana.","breadcrumb":{"@id":"https:\/\/pavidecor.si\/de\/produkt\/strickschale-fi30x12cm\/#breadcrumb"},"inLanguage":"de","potentialAction":[{"@type":"ReadAction","target":["https:\/\/pavidecor.si\/de\/produkt\/strickschale-fi30x12cm\/"]}]},{"@type":"ImageObject","inLanguage":"de","@id":"https:\/\/pavidecor.si\/de\/produkt\/strickschale-fi30x12cm\/#primaryimage","url":"https:\/\/pavidecor.si\/wp-content\/uploads\/2021\/12\/1IMG_7566a-2-scaled.jpg","contentUrl":"https:\/\/pavidecor.si\/wp-content\/uploads\/2021\/12\/1IMG_7566a-2-scaled.jpg","width":2560,"height":2560,"caption":"PAVI DECOR"},{"@type":"BreadcrumbList","@id":"https:\/\/pavidecor.si\/de\/produkt\/strickschale-fi30x12cm\/#breadcrumb","itemListElement":[{"@type":"ListItem","position":1,"name":"Domov","item":"https:\/\/pavidecor.si\/de\/"},{"@type":"ListItem","position":2,"name":"Online-Shop","item":"https:\/\/pavidecor.si\/de\/online-shop\/"},{"@type":"ListItem","position":3,"name":"Strickschale fi30x12cm"}]},{"@type":"WebSite","@id":"https:\/\/pavidecor.si\/de\/#website","url":"https:\/\/pavidecor.si\/de\/","name":"Pavi Decor","description":"Leseni unikati ustvarjeni iz ljubezni do lesa in narave.","potentialAction":[{"@type":"SearchAction","target":{"@type":"EntryPoint","urlTemplate":"https:\/\/pavidecor.si\/de\/?s={search_term_string}"},"query-input":{"@type":"PropertyValueSpecification","valueRequired":true,"valueName":"search_term_string"}}],"inLanguage":"de"}]}},"_links":{"self":[{"href":"https:\/\/pavidecor.si\/de\/wp-json\/wp\/v2\/product\/14685","targetHints":{"allow":["GET"]}}],"collection":[{"href":"https:\/\/pavidecor.si\/de\/wp-json\/wp\/v2\/product"}],"about":[{"href":"https:\/\/pavidecor.si\/de\/wp-json\/wp\/v2\/types\/product"}],"replies":[{"embeddable":true,"href":"https:\/\/pavidecor.si\/de\/wp-json\/wp\/v2\/comments?post=14685"}],"wp:featuredmedia":[{"embeddable":true,"href":"https:\/\/pavidecor.si\/de\/wp-json\/wp\/v2\/media\/14686"}],"wp:attachment":[{"href":"https:\/\/pavidecor.si\/de\/wp-json\/wp\/v2\/media?parent=14685"}],"wp:term":[{"taxonomy":"product_brand","embeddable":true,"href":"https:\/\/pavidecor.si\/de\/wp-json\/wp\/v2\/product_brand?post=14685"},{"taxonomy":"product_cat","embeddable":true,"href":"https:\/\/pavidecor.si\/de\/wp-json\/wp\/v2\/product_cat?post=14685"},{"taxonomy":"product_tag","embeddable":true,"href":"https:\/\/pavidecor.si\/de\/wp-json\/wp\/v2\/product_tag?post=14685"}],"curies":[{"name":"wp","href":"https:\/\/api.w.org\/{rel}","templated":true}]}}