	{"id":14445,"date":"2021-12-25T06:52:10","date_gmt":"2021-12-25T06:52:10","guid":{"rendered":"https:\/\/pavidecor.si\/product\/vogelhaus-brueterei\/"},"modified":"2026-04-20T10:52:45","modified_gmt":"2026-04-20T10:52:45","slug":"holzvogelhaus-nistkasten","status":"publish","type":"product","link":"https:\/\/pavidecor.si\/de\/produkt\/holzvogelhaus-nistkasten\/","title":{"rendered":"Holzvogelhaus &#8211; Nistkasten"},"content":{"rendered":"<p><span class=\"prvimanjsinaslovopis\">Holzvogelhaus &#8211; Nistkasten | Nat\u00fcrlicher Schutz f\u00fcr Ihren Garten<\/span><\/p>\n<h2><span class=\"odebeljenopis\"><strong><br \/>\nDas Holzvogelhaus ist eine unverzichtbare Erg\u00e4nzung f\u00fcr jeden Garten, die nicht nur ein sicheres Nisten von Singv\u00f6geln bietet, sondern auch zum nat\u00fcrlichen Gleichgewicht in Ihrer Umgebung beitr\u00e4gt. Mit seiner handgefertigten und authentischen Optik von den alten Meistern ist dieses Produkt ein wahres Schmuckst\u00fcck f\u00fcr Naturliebhaber.<\/strong><\/span><\/h2>\n<p>&nbsp;<\/p>\n<div class=\"row\">\n<div class=\"col-sm-6 \" style=\"margin-top: 30px;\"><center><img decoding=\"async\" class=\"lazyload img-responsive\" style=\"margin: 0px auto; max-width: 100%;\" src=\"data:image\/svg+xml,%3Csvg%20xmlns%3D%27http%3A%2F%2Fwww.w3.org%2F2000%2Fsvg%27%20width%3D%272047%27%20height%3D%272046%27%20viewBox%3D%270%200%202047%202046%27%3E%3Crect%20width%3D%272047%27%20height%3D%272046%27%20fill-opacity%3D%220%22%2F%3E%3C%2Fsvg%3E\" data-orig-src=\"https:\/\/pavidecor.si\/wp-content\/uploads\/2021\/12\/IMG_7586-2.jpg\" \/><\/center><\/div>\n<div class=\"col-sm-6\" style=\"margin-top: 40px;\">\n<p>&nbsp;<\/p>\n<h3>Unikat handgefertigt<\/h3>\n<p>Das Holzvogelhaus ist das Ergebnis sorgf\u00e4ltiger Handarbeit, die wir in unserem PAVI DECOR Store in Ljubljana durchf\u00fchren. Unsere Produkte sind das Ergebnis unseres eigenen Wissens und unserer Kreativit\u00e4t, was bedeutet, dass <strong>jedes St\u00fcck seine eigene Geschichte tr\u00e4gt<\/strong>.<\/p>\n<p>&nbsp;<\/p>\n<p>Durch die Verwendung traditioneller Techniken zum Verbinden von Holzteilen, die von den alten Meistern verwendet wurden, stellen wir sicher, dass unsere Produkte nicht nur \u00e4sthetisch ansprechend, sondern auch \u00e4u\u00dferst langlebig sind. Das von uns verwendete Holz wird sorgf\u00e4ltig ausgew\u00e4hlt und behandelt, um seine <strong>nat\u00fcrliche Sch\u00f6nheit und Haltbarkeit<\/strong> zu erhalten. Unsere Liebe zu Holz und Natur spiegelt sich in jedem Detail wider, so dass unsere Kunden ein St\u00fcck Natur in ihre Umgebung bringen k\u00f6nnen.<\/p>\n<p>&nbsp;<\/p>\n<\/div>\n<\/div>\n<div class=\"row\">\n<div class=\"col-sm-12\">\n<p>&nbsp;<\/p>\n<h3>Vorteile des Vogelhauses<\/h3>\n<p>Holzvogelhaus &#8211; Nistkasten bietet viele Vorteile f\u00fcr Ihren Garten. Erstens erm\u00f6glicht es das sichere Nisten von Singv\u00f6geln, die f\u00fcr ihren Gesang und ihren Beitrag zum nat\u00fcrlichen Gleichgewicht bekannt sind. Dar\u00fcber hinaus helfen V\u00f6gel bei der Sch\u00e4dlingsbek\u00e4mpfung, was bedeutet, dass Sie einen <strong>gesunden und bl\u00fchenden Garten<\/strong> ohne den Einsatz von Chemikalien genie\u00dfen k\u00f6nnen.<\/p>\n<p>&nbsp;<\/p>\n<p>Der Nistkasten wird am besten an einen Baum oder unter eine Traufe geh\u00e4ngt, was einfach ist, da an der Oberseite bereits ein Aufh\u00e4nger befestigt ist. So erhalten V\u00f6gel einen sicheren Nistplatz und bereichern gleichzeitig Ihren Garten mit nat\u00fcrlichen Melodien. Im Winter k\u00f6nnen Sie in unserem <a href=\"\/de\/produkt\/futterhaus-vogelhaus\/\"><strong><span style=\"color: #3366ff;\">Futterhaus<\/span><\/strong><\/a> Futter f\u00fcr die V\u00f6gel platzieren.<\/p>\n<p>&nbsp;<\/p>\n<\/div>\n<\/div>\n<div class=\"row\">\n<div class=\"col-sm-12\">\n<p>&nbsp;<\/p>\n<h3>Warum PAVI DECOR w\u00e4hlen?<\/h3>\n<p>Wenn Sie sich f\u00fcr PAVI DECOR entscheiden, entscheiden Sie sich f\u00fcr <strong>Qualit\u00e4t und Nachhaltigkeit<\/strong>. Unsere Produkte werden in Slowenien hergestellt, was sicherstellt, dass Sie die lokale Wirtschaft und die Handwerker unterst\u00fctzen.<\/p>\n<p>&nbsp;<\/p>\n<p>Mit unserer Vogelhaus &#8211; Nistkasten bereichern Sie nicht nur Ihren Garten, sondern <strong>tragen auch zum Naturschutz<\/strong> bei. Jedes Vogelhaus ist ein Unikat und bringt ein St\u00fcck unserer Leidenschaft f\u00fcr Holz und Natur mit sich. Schlie\u00dfen Sie sich uns an und schaffen Sie einen Raum, in dem V\u00f6gel frei nisten und Ihren Garten genie\u00dfen k\u00f6nnen.<\/p>\n<p>&nbsp;<\/p>\n<\/div>\n<\/div>\n<div class=\"row-flex\">\n<div class=\"col-sm-12 odmikitabelaprodukt\">\n<table class=\"table table-hover ck-table-resized\" style=\"width: 100%;\" border=\"0\">\n<tbody>\n<tr>\n<td>Das Holzvogelhaus &#8211; Nistkasten ist eine obligatorische Ausstattung jedes Gartens, da sie das sichere Nisten von Singv\u00f6geln erm\u00f6glicht.<br \/>\nSingv\u00f6gel sind sehr willkommene Besucher des Gartens, da sie in der w\u00e4rmeren Jahreszeit helfen, Sch\u00e4dlinge im Garten zu bek\u00e4mpfen.<br \/>\nDer Nistkasten wird am besten an einen Baum oder unter eine Traufe geh\u00e4ngt, daher hat der Nistkasten zu diesem Zweck bereits einen Aufh\u00e4nger an der Oberseite angebracht.<\/td>\n<\/tr>\n<\/tbody>\n<\/table>\n<\/div>\n<\/div>\n<p>&nbsp;<\/p>\n","protected":false},"excerpt":{"rendered":"<p><strong><span style=\"color: #c4963c;\">\u2192 Handgefertigt<\/span><\/strong><strong><span style=\"color: #c4963c;\"><br \/>\n<\/span><span style=\"color: #c4963c;\">\u2192 Einzigartig<\/span><\/strong><\/p>\n","protected":false},"featured_media":14446,"comment_status":"open","ping_status":"closed","template":"","meta":[],"product_brand":[],"product_cat":[310],"product_tag":[246],"class_list":{"0":"post-14445","1":"product","2":"type-product","3":"status-publish","4":"has-post-thumbnail","6":"product_cat-vogelhauschen","7":"product_tag-aktion","9":"first","10":"instock","11":"sale","12":"taxable","13":"shipping-taxable","14":"purchasable","15":"product-type-simple"},"yoast_head":"<!-- This site is optimized with the Yoast SEO plugin v27.2 - https:\/\/yoast.com\/product\/yoast-seo-wordpress\/ -->\n<title>Holzvogelhaus - Schaffen Sie ein V\u00f6gelparadies in Ihrem Garten<\/title>\n<meta name=\"description\" content=\"Das Holzvogelhaus - Nistkasten ist eine obligatorische Ausstattung jedes Gartens, da sie das sichere Nisten von Singv\u00f6geln erm\u00f6glicht. Mit Aufh\u00e4nger.\" \/>\n<meta name=\"robots\" content=\"index, follow, max-snippet:-1, max-image-preview:large, max-video-preview:-1\" \/>\n<link rel=\"canonical\" href=\"https:\/\/pavidecor.si\/de\/produkt\/holzvogelhaus-nistkasten\/\" \/>\n<meta property=\"og:locale\" content=\"de_DE\" \/>\n<meta property=\"og:type\" content=\"article\" \/>\n<meta property=\"og:title\" content=\"Holzvogelhaus - Schaffen Sie ein V\u00f6gelparadies in Ihrem Garten\" \/>\n<meta property=\"og:description\" content=\"Das Holzvogelhaus - Nistkasten ist eine obligatorische Ausstattung jedes Gartens, da sie das sichere Nisten von Singv\u00f6geln erm\u00f6glicht. Mit Aufh\u00e4nger.\" \/>\n<meta property=\"og:url\" content=\"https:\/\/pavidecor.si\/de\/produkt\/holzvogelhaus-nistkasten\/\" \/>\n<meta property=\"og:site_name\" content=\"Pavi Decor\" \/>\n<meta property=\"article:modified_time\" content=\"2026-04-20T10:52:45+00:00\" \/>\n<meta property=\"og:image\" content=\"https:\/\/pavidecor.si\/wp-content\/uploads\/2021\/12\/IMG_7586-2.jpg\" \/>\n\t<meta property=\"og:image:width\" content=\"2047\" \/>\n\t<meta property=\"og:image:height\" content=\"2046\" \/>\n\t<meta property=\"og:image:type\" content=\"image\/jpeg\" \/>\n<meta name=\"twitter:card\" content=\"summary_large_image\" \/>\n<meta name=\"twitter:label1\" content=\"Gesch\u00e4tzte Lesezeit\" \/>\n\t<meta name=\"twitter:data1\" content=\"3\u00a0Minuten\" \/>\n<script type=\"application\/ld+json\" class=\"yoast-schema-graph\">{\"@context\":\"https:\/\/schema.org\",\"@graph\":[{\"@type\":\"WebPage\",\"@id\":\"https:\/\/pavidecor.si\/de\/produkt\/holzvogelhaus-nistkasten\/\",\"url\":\"https:\/\/pavidecor.si\/de\/produkt\/holzvogelhaus-nistkasten\/\",\"name\":\"Holzvogelhaus - Schaffen Sie ein V\u00f6gelparadies in Ihrem Garten\",\"isPartOf\":{\"@id\":\"https:\/\/pavidecor.si\/de\/#website\"},\"primaryImageOfPage\":{\"@id\":\"https:\/\/pavidecor.si\/de\/produkt\/holzvogelhaus-nistkasten\/#primaryimage\"},\"image\":{\"@id\":\"https:\/\/pavidecor.si\/de\/produkt\/holzvogelhaus-nistkasten\/#primaryimage\"},\"thumbnailUrl\":\"https:\/\/pavidecor.si\/wp-content\/uploads\/2021\/12\/IMG_7586-2.jpg\",\"datePublished\":\"2021-12-25T06:52:10+00:00\",\"dateModified\":\"2026-04-20T10:52:45+00:00\",\"description\":\"Das Holzvogelhaus - Nistkasten ist eine obligatorische Ausstattung jedes Gartens, da sie das sichere Nisten von Singv\u00f6geln erm\u00f6glicht. Mit Aufh\u00e4nger.\",\"breadcrumb\":{\"@id\":\"https:\/\/pavidecor.si\/de\/produkt\/holzvogelhaus-nistkasten\/#breadcrumb\"},\"inLanguage\":\"de\",\"potentialAction\":[{\"@type\":\"ReadAction\",\"target\":[\"https:\/\/pavidecor.si\/de\/produkt\/holzvogelhaus-nistkasten\/\"]}]},{\"@type\":\"ImageObject\",\"inLanguage\":\"de\",\"@id\":\"https:\/\/pavidecor.si\/de\/produkt\/holzvogelhaus-nistkasten\/#primaryimage\",\"url\":\"https:\/\/pavidecor.si\/wp-content\/uploads\/2021\/12\/IMG_7586-2.jpg\",\"contentUrl\":\"https:\/\/pavidecor.si\/wp-content\/uploads\/2021\/12\/IMG_7586-2.jpg\",\"width\":2047,\"height\":2046,\"caption\":\"PAVI DECOR\"},{\"@type\":\"BreadcrumbList\",\"@id\":\"https:\/\/pavidecor.si\/de\/produkt\/holzvogelhaus-nistkasten\/#breadcrumb\",\"itemListElement\":[{\"@type\":\"ListItem\",\"position\":1,\"name\":\"Domov\",\"item\":\"https:\/\/pavidecor.si\/de\/\"},{\"@type\":\"ListItem\",\"position\":2,\"name\":\"Online-Shop\",\"item\":\"https:\/\/pavidecor.si\/de\/online-shop\/\"},{\"@type\":\"ListItem\",\"position\":3,\"name\":\"Holzvogelhaus &#8211; Nistkasten\"}]},{\"@type\":\"WebSite\",\"@id\":\"https:\/\/pavidecor.si\/de\/#website\",\"url\":\"https:\/\/pavidecor.si\/de\/\",\"name\":\"Pavi Decor\",\"description\":\"Leseni unikati ustvarjeni iz ljubezni do lesa in narave.\",\"potentialAction\":[{\"@type\":\"SearchAction\",\"target\":{\"@type\":\"EntryPoint\",\"urlTemplate\":\"https:\/\/pavidecor.si\/de\/?s={search_term_string}\"},\"query-input\":{\"@type\":\"PropertyValueSpecification\",\"valueRequired\":true,\"valueName\":\"search_term_string\"}}],\"inLanguage\":\"de\"}]}<\/script>\n<!-- \/ Yoast SEO plugin. -->","yoast_head_json":{"title":"Holzvogelhaus - Schaffen Sie ein V\u00f6gelparadies in Ihrem Garten","description":"Das Holzvogelhaus - Nistkasten ist eine obligatorische Ausstattung jedes Gartens, da sie das sichere Nisten von Singv\u00f6geln erm\u00f6glicht. Mit Aufh\u00e4nger.","robots":{"index":"index","follow":"follow","max-snippet":"max-snippet:-1","max-image-preview":"max-image-preview:large","max-video-preview":"max-video-preview:-1"},"canonical":"https:\/\/pavidecor.si\/de\/produkt\/holzvogelhaus-nistkasten\/","og_locale":"de_DE","og_type":"article","og_title":"Holzvogelhaus - Schaffen Sie ein V\u00f6gelparadies in Ihrem Garten","og_description":"Das Holzvogelhaus - Nistkasten ist eine obligatorische Ausstattung jedes Gartens, da sie das sichere Nisten von Singv\u00f6geln erm\u00f6glicht. Mit Aufh\u00e4nger.","og_url":"https:\/\/pavidecor.si\/de\/produkt\/holzvogelhaus-nistkasten\/","og_site_name":"Pavi Decor","article_modified_time":"2026-04-20T10:52:45+00:00","og_image":[{"width":2047,"height":2046,"url":"https:\/\/pavidecor.si\/wp-content\/uploads\/2021\/12\/IMG_7586-2.jpg","type":"image\/jpeg"}],"twitter_card":"summary_large_image","twitter_misc":{"Gesch\u00e4tzte Lesezeit":"3\u00a0Minuten"},"schema":{"@context":"https:\/\/schema.org","@graph":[{"@type":"WebPage","@id":"https:\/\/pavidecor.si\/de\/produkt\/holzvogelhaus-nistkasten\/","url":"https:\/\/pavidecor.si\/de\/produkt\/holzvogelhaus-nistkasten\/","name":"Holzvogelhaus - Schaffen Sie ein V\u00f6gelparadies in Ihrem Garten","isPartOf":{"@id":"https:\/\/pavidecor.si\/de\/#website"},"primaryImageOfPage":{"@id":"https:\/\/pavidecor.si\/de\/produkt\/holzvogelhaus-nistkasten\/#primaryimage"},"image":{"@id":"https:\/\/pavidecor.si\/de\/produkt\/holzvogelhaus-nistkasten\/#primaryimage"},"thumbnailUrl":"https:\/\/pavidecor.si\/wp-content\/uploads\/2021\/12\/IMG_7586-2.jpg","datePublished":"2021-12-25T06:52:10+00:00","dateModified":"2026-04-20T10:52:45+00:00","description":"Das Holzvogelhaus - Nistkasten ist eine obligatorische Ausstattung jedes Gartens, da sie das sichere Nisten von Singv\u00f6geln erm\u00f6glicht. Mit Aufh\u00e4nger.","breadcrumb":{"@id":"https:\/\/pavidecor.si\/de\/produkt\/holzvogelhaus-nistkasten\/#breadcrumb"},"inLanguage":"de","potentialAction":[{"@type":"ReadAction","target":["https:\/\/pavidecor.si\/de\/produkt\/holzvogelhaus-nistkasten\/"]}]},{"@type":"ImageObject","inLanguage":"de","@id":"https:\/\/pavidecor.si\/de\/produkt\/holzvogelhaus-nistkasten\/#primaryimage","url":"https:\/\/pavidecor.si\/wp-content\/uploads\/2021\/12\/IMG_7586-2.jpg","contentUrl":"https:\/\/pavidecor.si\/wp-content\/uploads\/2021\/12\/IMG_7586-2.jpg","width":2047,"height":2046,"caption":"PAVI DECOR"},{"@type":"BreadcrumbList","@id":"https:\/\/pavidecor.si\/de\/produkt\/holzvogelhaus-nistkasten\/#breadcrumb","itemListElement":[{"@type":"ListItem","position":1,"name":"Domov","item":"https:\/\/pavidecor.si\/de\/"},{"@type":"ListItem","position":2,"name":"Online-Shop","item":"https:\/\/pavidecor.si\/de\/online-shop\/"},{"@type":"ListItem","position":3,"name":"Holzvogelhaus &#8211; Nistkasten"}]},{"@type":"WebSite","@id":"https:\/\/pavidecor.si\/de\/#website","url":"https:\/\/pavidecor.si\/de\/","name":"Pavi Decor","description":"Leseni unikati ustvarjeni iz ljubezni do lesa in narave.","potentialAction":[{"@type":"SearchAction","target":{"@type":"EntryPoint","urlTemplate":"https:\/\/pavidecor.si\/de\/?s={search_term_string}"},"query-input":{"@type":"PropertyValueSpecification","valueRequired":true,"valueName":"search_term_string"}}],"inLanguage":"de"}]}},"_links":{"self":[{"href":"https:\/\/pavidecor.si\/de\/wp-json\/wp\/v2\/product\/14445","targetHints":{"allow":["GET"]}}],"collection":[{"href":"https:\/\/pavidecor.si\/de\/wp-json\/wp\/v2\/product"}],"about":[{"href":"https:\/\/pavidecor.si\/de\/wp-json\/wp\/v2\/types\/product"}],"replies":[{"embeddable":true,"href":"https:\/\/pavidecor.si\/de\/wp-json\/wp\/v2\/comments?post=14445"}],"wp:featuredmedia":[{"embeddable":true,"href":"https:\/\/pavidecor.si\/de\/wp-json\/wp\/v2\/media\/14446"}],"wp:attachment":[{"href":"https:\/\/pavidecor.si\/de\/wp-json\/wp\/v2\/media?parent=14445"}],"wp:term":[{"taxonomy":"product_brand","embeddable":true,"href":"https:\/\/pavidecor.si\/de\/wp-json\/wp\/v2\/product_brand?post=14445"},{"taxonomy":"product_cat","embeddable":true,"href":"https:\/\/pavidecor.si\/de\/wp-json\/wp\/v2\/product_cat?post=14445"},{"taxonomy":"product_tag","embeddable":true,"href":"https:\/\/pavidecor.si\/de\/wp-json\/wp\/v2\/product_tag?post=14445"}],"curies":[{"name":"wp","href":"https:\/\/api.w.org\/{rel}","templated":true}]}}