	{"id":14192,"date":"2022-02-26T10:29:25","date_gmt":"2022-02-26T10:29:25","guid":{"rendered":"https:\/\/pavidecor.si\/product\/stroh-fuer-lampenschirm-marokko-fi190cm\/"},"modified":"2026-04-04T10:02:11","modified_gmt":"2026-04-04T10:02:11","slug":"stroh-fur-sonnenschirm-marokko-fi190cm","status":"publish","type":"product","link":"https:\/\/pavidecor.si\/de\/produkt\/stroh-fur-sonnenschirm-marokko-fi190cm\/","title":{"rendered":"Stroh f\u00fcr Sonnenschirm Marokko natur fi190cm"},"content":{"rendered":"<p><span class=\"prvimanjsinaslovopis\">Stroh f\u00fcr Sonnenschirm Marokko \u2013 Traditionelle Eleganz f\u00fcr Ihren Au\u00dfenbereich<\/span><\/p>\n<p>&nbsp;<\/p>\n<h2><span class=\"odebeljenopis\"><strong><br \/>\nEntdecken Sie die einzigartige Natur Stroh f\u00fcr den Sonnenschirm Marokko von PAVI DECOR, der mit seiner traditionellen und gleichzeitig exotischen Optik jeden Au\u00dfenbereich verzaubert. Hergestellt aus nat\u00fcrlichen Materialien, vereint diese Schirmstroh Funktionalit\u00e4t und \u00c4sthetik und bringt ein St\u00fcck Natur in Ihren Garten oder auf Ihre Terrasse.<\/strong><\/span><\/h2>\n<p>&nbsp;<\/p>\n<div class=\"row\">\n<div class=\"col-sm-6 \" style=\"margin-top: 30px;\"><center><img decoding=\"async\" class=\"lazyload img-responsive\" style=\"margin: 0px auto; max-width: 100%;\" src=\"data:image\/svg+xml,%3Csvg%20xmlns%3D%27http%3A%2F%2Fwww.w3.org%2F2000%2Fsvg%27%20width%3D%272560%27%20height%3D%272560%27%20viewBox%3D%270%200%202560%202560%27%3E%3Crect%20width%3D%272560%27%20height%3D%272560%27%20fill-opacity%3D%220%22%2F%3E%3C%2Fsvg%3E\" data-orig-src=\"https:\/\/pavidecor.si\/wp-content\/uploads\/2022\/02\/Slama-za-sencnik-gladka-2-scaled.jpg\" \/><\/center><\/div>\n<div class=\"col-sm-6\" style=\"margin-top: 40px;\">\n<p>&nbsp;<\/p>\n<h3>Einzigartige Handwerkskunst<\/h3>\n<p>Der Sonnenschirm Marokko ist ein Meisterwerk der Handarbeit, das in unserer Werkstatt in Ljubljana, Slowenien, gefertigt wird. Bei PAVI DECOR legen wir gro\u00dfen Wert auf die Liebe zum Holz, was sich in jedem Detail unserer Produkte widerspiegelt. Unsere erfahrenen Handwerker verwenden traditionelle Techniken, die von alten Meistern inspiriert sind, um die einzelnen Teile pr\u00e4zise zu verbinden. Diese sorgf\u00e4ltige Verarbeitung verleiht dem Sonnenschirm nicht nur eine authentische Optik, sondern auch eine <strong>au\u00dfergew\u00f6hnliche Langlebigkeit<\/strong>.<\/p>\n<p>&nbsp;<\/p>\n<p>Die Verwendung von nat\u00fcrliches Stroh als Dachmaterial ist nicht nur umweltfreundlich, sondern auch \u00e4u\u00dferst praktisch. Stroh ist ein nat\u00fcrlicher, ungiftiger und vollst\u00e4ndig biologisch abbaubarer Baustoff, der sich leicht formen l\u00e4sst. Dies erm\u00f6glicht es uns, verschiedene Dachformen zu kreieren, die sowohl funktional als <strong>auch \u00e4sthetisch ansprechend sind<\/strong>. Der nat\u00fcrliches Stroh f\u00fcr Sonnenschirm Marokko ist somit die perfekte Wahl f\u00fcr alle, die Wert auf Nachhaltigkeit und Stil legen.<\/p>\n<p>&nbsp;<\/p>\n<\/div>\n<\/div>\n<div class=\"row\">\n<div class=\"col-sm-6 col-sm-push-6\" style=\"margin-top: 30px;\"><center><img decoding=\"async\" class=\"lazyload img-responsive\" style=\"margin: 0px auto; max-width: 100%;\" src=\"data:image\/svg+xml,%3Csvg%20xmlns%3D%27http%3A%2F%2Fwww.w3.org%2F2000%2Fsvg%27%20width%3D%271326%27%20height%3D%271326%27%20viewBox%3D%270%200%201326%201326%27%3E%3Crect%20width%3D%271326%27%20height%3D%271326%27%20fill-opacity%3D%220%22%2F%3E%3C%2Fsvg%3E\" data-orig-src=\" https:\/\/pavidecor.si\/wp-content\/uploads\/2022\/02\/IMG_8792b.jpg\" \/><\/center><\/div>\n<div class=\"col-sm-6 col-sm-pull-6\" style=\"margin-top: 40px;\">\n<p>&nbsp;<\/p>\n<h3>Vorteile der Strohd\u00e4cher<\/h3>\n<p>Die Strohd\u00e4cher des Sonnenschirms Maroko bieten zahlreiche Vorteile. Sie sind nicht nur \u00e4u\u00dferst langlebig, sondern entwickeln im Laufe der Jahre eine <strong>charakteristische graue Patina<\/strong>, die dem Schirm einen besonderen Charme verleiht. Diese Patina harmoniert sowohl mit traditionellen als auch mit modernen Geb\u00e4uden und schafft eine einladende Atmosph\u00e4re in G\u00e4rten und an Str\u00e4nden.<\/p>\n<p>&nbsp;<\/p>\n<p>Dar\u00fcber hinaus ist die Pflege des nat\u00fcrliches Strohdachs unkompliziert. Bei Bedarf kann das Stroh einfach gebogen oder ausgetauscht werden, und wir halten stets einen Vorrat an glattem Stroh bereit. Unsere glatten Strohd\u00e4cher zieren die Sonnenschirme an den <a href=\"https:\/\/pavidecor.si\/de\/projects\/strand-in-porec\/\"><strong><span style=\"color: #3366ff;\">Strand von Pore\u010d<\/span><\/strong><\/a>\u00a0und \u00fcber 700 unserer Sonnenschirme an anderen Str\u00e4nden. Das b\u00fcschelige Stroh, das f\u00fcr unsere Sonnenschirme am <a href=\"https:\/\/pavidecor.si\/de\/projects\/strand-auf-krk\/\"><strong><span style=\"color: #3366ff;\">Strand von Krk<\/span><\/strong><\/a> verwendet wurde, ist nicht mehr erh\u00e4ltlich. Sie k\u00f6nnen sicher sein, dass Ihr Sonnenschirm nicht nur sch\u00f6n aussieht, sondern auch praktisch und pflegeleicht ist.<\/p>\n<p>&nbsp;<\/p>\n<\/div>\n<\/div>\n<div class=\"row\">\n<div class=\"col-sm-6\" style=\"margin-top: 30px;\"><center><img decoding=\"async\" class=\"lazyload img-responsive\" style=\"margin: 0px auto; max-width: 100%;\" src=\"data:image\/svg+xml,%3Csvg%20xmlns%3D%27http%3A%2F%2Fwww.w3.org%2F2000%2Fsvg%27%20width%3D%272560%27%20height%3D%272560%27%20viewBox%3D%270%200%202560%202560%27%3E%3Crect%20width%3D%272560%27%20height%3D%272560%27%20fill-opacity%3D%220%22%2F%3E%3C%2Fsvg%3E\" data-orig-src=\" https:\/\/pavidecor.si\/wp-content\/uploads\/2022\/02\/20240506_125339a-scaled.jpg\" \/><\/center><\/div>\n<div class=\"col-sm-6\" style=\"margin-top: 40px;\">\n<p>&nbsp;<\/p>\n<h3>Produktdetails und Spezifikationen<\/h3>\n<p>Das nat\u00fcrliches Stroh f\u00fcr Sonnenschirm Marokko ist aus einzelnen Strohf\u00e4den gefertigt, die auf besondere Weise geflochten sind. Diese Technik verleiht dem Schirm sein traditionelles und gleichzeitig exotisches Aussehen. Die Verwendung von nat\u00fcrliches Stroh f\u00fcr die Dachabdeckung hat mehrere Vorteile. Es ist v\u00f6llig nat\u00fcrlich, f\u00fcr den Menschen unbedenklich und vollst\u00e4ndig abbaubar. Au\u00dferdem ist es ein <strong>kosteng\u00fcnstiges Baumaterial<\/strong>, da es in den unterschiedlichsten Dachformen gestaltet werden kann.<\/p>\n<p>&nbsp;<\/p>\n<p>Die Strohd\u00e4cher sind sehr widerstandsf\u00e4hig und erhalten im Laufe der Jahre eine besondere graue Patina. Damit ist es ein perfekter Akzent f\u00fcr alle traditionellen und modernen Objekte. Sie verleihen G\u00e4rten und Str\u00e4nden <strong>einen besonderen Charme<\/strong>. Bei PAVI DECOR sind wir stolz darauf, dass alle unsere Produkte in Slowenien entworfen und hergestellt werden. Wir freuen uns darauf, Ihnen ein St\u00fcck Natur in Form eines einzigartigen Sonnenschirms anzubieten.<\/p>\n<p>&nbsp;<\/p>\n<\/div>\n<\/div>\n<p>&nbsp;<\/p>\n","protected":false},"excerpt":{"rendered":"<p><strong><span style=\"color: #c4963c;\">\u2192 Sehr langlebig<\/span><\/strong><strong><span style=\"color: #c4963c;\"><br \/>\n<strong><span style=\"color: #c4963c;\">\u2192 Leicht zu ersetzen<\/span><\/strong><strong><span style=\"color: #c4963c;\"><br \/>\n<\/span><span style=\"color: #c4963c;\">\u2192 Vollst\u00e4ndig nat\u00fcrliches Material<\/span><\/strong><\/span><\/strong><\/p>\n","protected":false},"featured_media":14196,"comment_status":"open","ping_status":"closed","template":"","meta":[],"product_brand":[],"product_cat":[287,288],"product_tag":[267,289],"class_list":{"0":"post-14192","1":"product","2":"type-product","3":"status-publish","4":"has-post-thumbnail","6":"product_cat-sonnenschirme-aus-stroh","7":"product_cat-zubehor","8":"product_tag-strand-auf-krk","9":"product_tag-strand-in-porec","11":"first","12":"instock","13":"taxable","14":"shipping-taxable","15":"purchasable","16":"product-type-simple"},"yoast_head":"<!-- This site is optimized with the Yoast SEO plugin v27.2 - https:\/\/yoast.com\/product\/yoast-seo-wordpress\/ -->\n<title>Stroh f\u00fcr Sonnenschirm Marokko - Traditionelle Eleganz f\u00fcr Strand<\/title>\n<meta name=\"description\" content=\"Stroh f\u00fcr Sonnenschirm Marokko ist vollkommen nat\u00fcrliches Material. Es verleiht einen traditionellen und gleichzeitig exotischen Look. Sehr langlebig.\" \/>\n<meta name=\"robots\" content=\"index, follow, max-snippet:-1, max-image-preview:large, max-video-preview:-1\" \/>\n<link rel=\"canonical\" href=\"https:\/\/pavidecor.si\/de\/produkt\/stroh-fur-sonnenschirm-marokko-fi190cm\/\" \/>\n<meta property=\"og:locale\" content=\"de_DE\" \/>\n<meta property=\"og:type\" content=\"article\" \/>\n<meta property=\"og:title\" content=\"Stroh f\u00fcr Sonnenschirm Marokko - Traditionelle Eleganz f\u00fcr Strand\" \/>\n<meta property=\"og:description\" content=\"Stroh f\u00fcr Sonnenschirm Marokko ist vollkommen nat\u00fcrliches Material. Es verleiht einen traditionellen und gleichzeitig exotischen Look. Sehr langlebig.\" \/>\n<meta property=\"og:url\" content=\"https:\/\/pavidecor.si\/de\/produkt\/stroh-fur-sonnenschirm-marokko-fi190cm\/\" \/>\n<meta property=\"og:site_name\" content=\"Pavi Decor\" \/>\n<meta property=\"article:modified_time\" content=\"2026-04-04T10:02:11+00:00\" \/>\n<meta property=\"og:image\" content=\"https:\/\/pavidecor.si\/wp-content\/uploads\/2022\/02\/Slama-za-sencnik-gladka-2-scaled.jpg\" \/>\n\t<meta property=\"og:image:width\" content=\"2560\" \/>\n\t<meta property=\"og:image:height\" content=\"2560\" \/>\n\t<meta property=\"og:image:type\" content=\"image\/jpeg\" \/>\n<meta name=\"twitter:card\" content=\"summary_large_image\" \/>\n<meta name=\"twitter:label1\" content=\"Gesch\u00e4tzte Lesezeit\" \/>\n\t<meta name=\"twitter:data1\" content=\"4\u00a0Minuten\" \/>\n<script type=\"application\/ld+json\" class=\"yoast-schema-graph\">{\"@context\":\"https:\/\/schema.org\",\"@graph\":[{\"@type\":\"WebPage\",\"@id\":\"https:\/\/pavidecor.si\/de\/produkt\/stroh-fur-sonnenschirm-marokko-fi190cm\/\",\"url\":\"https:\/\/pavidecor.si\/de\/produkt\/stroh-fur-sonnenschirm-marokko-fi190cm\/\",\"name\":\"Stroh f\u00fcr Sonnenschirm Marokko - Traditionelle Eleganz f\u00fcr Strand\",\"isPartOf\":{\"@id\":\"https:\/\/pavidecor.si\/de\/#website\"},\"primaryImageOfPage\":{\"@id\":\"https:\/\/pavidecor.si\/de\/produkt\/stroh-fur-sonnenschirm-marokko-fi190cm\/#primaryimage\"},\"image\":{\"@id\":\"https:\/\/pavidecor.si\/de\/produkt\/stroh-fur-sonnenschirm-marokko-fi190cm\/#primaryimage\"},\"thumbnailUrl\":\"https:\/\/pavidecor.si\/wp-content\/uploads\/2022\/02\/Slama-za-sencnik-gladka-2-scaled.jpg\",\"datePublished\":\"2022-02-26T10:29:25+00:00\",\"dateModified\":\"2026-04-04T10:02:11+00:00\",\"description\":\"Stroh f\u00fcr Sonnenschirm Marokko ist vollkommen nat\u00fcrliches Material. Es verleiht einen traditionellen und gleichzeitig exotischen Look. Sehr langlebig.\",\"breadcrumb\":{\"@id\":\"https:\/\/pavidecor.si\/de\/produkt\/stroh-fur-sonnenschirm-marokko-fi190cm\/#breadcrumb\"},\"inLanguage\":\"de\",\"potentialAction\":[{\"@type\":\"ReadAction\",\"target\":[\"https:\/\/pavidecor.si\/de\/produkt\/stroh-fur-sonnenschirm-marokko-fi190cm\/\"]}]},{\"@type\":\"ImageObject\",\"inLanguage\":\"de\",\"@id\":\"https:\/\/pavidecor.si\/de\/produkt\/stroh-fur-sonnenschirm-marokko-fi190cm\/#primaryimage\",\"url\":\"https:\/\/pavidecor.si\/wp-content\/uploads\/2022\/02\/Slama-za-sencnik-gladka-2-scaled.jpg\",\"contentUrl\":\"https:\/\/pavidecor.si\/wp-content\/uploads\/2022\/02\/Slama-za-sencnik-gladka-2-scaled.jpg\",\"width\":2560,\"height\":2560,\"caption\":\"PAVI DECOR\"},{\"@type\":\"BreadcrumbList\",\"@id\":\"https:\/\/pavidecor.si\/de\/produkt\/stroh-fur-sonnenschirm-marokko-fi190cm\/#breadcrumb\",\"itemListElement\":[{\"@type\":\"ListItem\",\"position\":1,\"name\":\"Domov\",\"item\":\"https:\/\/pavidecor.si\/de\/\"},{\"@type\":\"ListItem\",\"position\":2,\"name\":\"Online-Shop\",\"item\":\"https:\/\/pavidecor.si\/de\/online-shop\/\"},{\"@type\":\"ListItem\",\"position\":3,\"name\":\"Stroh f\u00fcr Sonnenschirm Marokko natur fi190cm\"}]},{\"@type\":\"WebSite\",\"@id\":\"https:\/\/pavidecor.si\/de\/#website\",\"url\":\"https:\/\/pavidecor.si\/de\/\",\"name\":\"Pavi Decor\",\"description\":\"Leseni unikati ustvarjeni iz ljubezni do lesa in narave.\",\"potentialAction\":[{\"@type\":\"SearchAction\",\"target\":{\"@type\":\"EntryPoint\",\"urlTemplate\":\"https:\/\/pavidecor.si\/de\/?s={search_term_string}\"},\"query-input\":{\"@type\":\"PropertyValueSpecification\",\"valueRequired\":true,\"valueName\":\"search_term_string\"}}],\"inLanguage\":\"de\"}]}<\/script>\n<!-- \/ Yoast SEO plugin. -->","yoast_head_json":{"title":"Stroh f\u00fcr Sonnenschirm Marokko - Traditionelle Eleganz f\u00fcr Strand","description":"Stroh f\u00fcr Sonnenschirm Marokko ist vollkommen nat\u00fcrliches Material. Es verleiht einen traditionellen und gleichzeitig exotischen Look. Sehr langlebig.","robots":{"index":"index","follow":"follow","max-snippet":"max-snippet:-1","max-image-preview":"max-image-preview:large","max-video-preview":"max-video-preview:-1"},"canonical":"https:\/\/pavidecor.si\/de\/produkt\/stroh-fur-sonnenschirm-marokko-fi190cm\/","og_locale":"de_DE","og_type":"article","og_title":"Stroh f\u00fcr Sonnenschirm Marokko - Traditionelle Eleganz f\u00fcr Strand","og_description":"Stroh f\u00fcr Sonnenschirm Marokko ist vollkommen nat\u00fcrliches Material. Es verleiht einen traditionellen und gleichzeitig exotischen Look. Sehr langlebig.","og_url":"https:\/\/pavidecor.si\/de\/produkt\/stroh-fur-sonnenschirm-marokko-fi190cm\/","og_site_name":"Pavi Decor","article_modified_time":"2026-04-04T10:02:11+00:00","og_image":[{"width":2560,"height":2560,"url":"https:\/\/pavidecor.si\/wp-content\/uploads\/2022\/02\/Slama-za-sencnik-gladka-2-scaled.jpg","type":"image\/jpeg"}],"twitter_card":"summary_large_image","twitter_misc":{"Gesch\u00e4tzte Lesezeit":"4\u00a0Minuten"},"schema":{"@context":"https:\/\/schema.org","@graph":[{"@type":"WebPage","@id":"https:\/\/pavidecor.si\/de\/produkt\/stroh-fur-sonnenschirm-marokko-fi190cm\/","url":"https:\/\/pavidecor.si\/de\/produkt\/stroh-fur-sonnenschirm-marokko-fi190cm\/","name":"Stroh f\u00fcr Sonnenschirm Marokko - Traditionelle Eleganz f\u00fcr Strand","isPartOf":{"@id":"https:\/\/pavidecor.si\/de\/#website"},"primaryImageOfPage":{"@id":"https:\/\/pavidecor.si\/de\/produkt\/stroh-fur-sonnenschirm-marokko-fi190cm\/#primaryimage"},"image":{"@id":"https:\/\/pavidecor.si\/de\/produkt\/stroh-fur-sonnenschirm-marokko-fi190cm\/#primaryimage"},"thumbnailUrl":"https:\/\/pavidecor.si\/wp-content\/uploads\/2022\/02\/Slama-za-sencnik-gladka-2-scaled.jpg","datePublished":"2022-02-26T10:29:25+00:00","dateModified":"2026-04-04T10:02:11+00:00","description":"Stroh f\u00fcr Sonnenschirm Marokko ist vollkommen nat\u00fcrliches Material. Es verleiht einen traditionellen und gleichzeitig exotischen Look. Sehr langlebig.","breadcrumb":{"@id":"https:\/\/pavidecor.si\/de\/produkt\/stroh-fur-sonnenschirm-marokko-fi190cm\/#breadcrumb"},"inLanguage":"de","potentialAction":[{"@type":"ReadAction","target":["https:\/\/pavidecor.si\/de\/produkt\/stroh-fur-sonnenschirm-marokko-fi190cm\/"]}]},{"@type":"ImageObject","inLanguage":"de","@id":"https:\/\/pavidecor.si\/de\/produkt\/stroh-fur-sonnenschirm-marokko-fi190cm\/#primaryimage","url":"https:\/\/pavidecor.si\/wp-content\/uploads\/2022\/02\/Slama-za-sencnik-gladka-2-scaled.jpg","contentUrl":"https:\/\/pavidecor.si\/wp-content\/uploads\/2022\/02\/Slama-za-sencnik-gladka-2-scaled.jpg","width":2560,"height":2560,"caption":"PAVI DECOR"},{"@type":"BreadcrumbList","@id":"https:\/\/pavidecor.si\/de\/produkt\/stroh-fur-sonnenschirm-marokko-fi190cm\/#breadcrumb","itemListElement":[{"@type":"ListItem","position":1,"name":"Domov","item":"https:\/\/pavidecor.si\/de\/"},{"@type":"ListItem","position":2,"name":"Online-Shop","item":"https:\/\/pavidecor.si\/de\/online-shop\/"},{"@type":"ListItem","position":3,"name":"Stroh f\u00fcr Sonnenschirm Marokko natur fi190cm"}]},{"@type":"WebSite","@id":"https:\/\/pavidecor.si\/de\/#website","url":"https:\/\/pavidecor.si\/de\/","name":"Pavi Decor","description":"Leseni unikati ustvarjeni iz ljubezni do lesa in narave.","potentialAction":[{"@type":"SearchAction","target":{"@type":"EntryPoint","urlTemplate":"https:\/\/pavidecor.si\/de\/?s={search_term_string}"},"query-input":{"@type":"PropertyValueSpecification","valueRequired":true,"valueName":"search_term_string"}}],"inLanguage":"de"}]}},"_links":{"self":[{"href":"https:\/\/pavidecor.si\/de\/wp-json\/wp\/v2\/product\/14192","targetHints":{"allow":["GET"]}}],"collection":[{"href":"https:\/\/pavidecor.si\/de\/wp-json\/wp\/v2\/product"}],"about":[{"href":"https:\/\/pavidecor.si\/de\/wp-json\/wp\/v2\/types\/product"}],"replies":[{"embeddable":true,"href":"https:\/\/pavidecor.si\/de\/wp-json\/wp\/v2\/comments?post=14192"}],"wp:featuredmedia":[{"embeddable":true,"href":"https:\/\/pavidecor.si\/de\/wp-json\/wp\/v2\/media\/14196"}],"wp:attachment":[{"href":"https:\/\/pavidecor.si\/de\/wp-json\/wp\/v2\/media?parent=14192"}],"wp:term":[{"taxonomy":"product_brand","embeddable":true,"href":"https:\/\/pavidecor.si\/de\/wp-json\/wp\/v2\/product_brand?post=14192"},{"taxonomy":"product_cat","embeddable":true,"href":"https:\/\/pavidecor.si\/de\/wp-json\/wp\/v2\/product_cat?post=14192"},{"taxonomy":"product_tag","embeddable":true,"href":"https:\/\/pavidecor.si\/de\/wp-json\/wp\/v2\/product_tag?post=14192"}],"curies":[{"name":"wp","href":"https:\/\/api.w.org\/{rel}","templated":true}]}}