	{"id":14048,"date":"2022-03-09T14:45:45","date_gmt":"2022-03-09T14:45:45","guid":{"rendered":"https:\/\/pavidecor.si\/product\/club-tisch-diana-o36x40cm\/"},"modified":"2026-04-24T21:04:51","modified_gmt":"2026-04-24T21:04:51","slug":"couchtisch-diana-oe36x40cm","status":"publish","type":"product","link":"https:\/\/pavidecor.si\/de\/produkt\/couchtisch-diana-oe36x40cm\/","title":{"rendered":"Couchtisch Diana \u00f836x40cm"},"content":{"rendered":"<p><span class=\"prvimanjsinaslovopis\">Couchtisch Diana \u2013 Romantische Eleganz f\u00fcr Ihr Zuhause<\/span><\/p>\n<p>&nbsp;<\/p>\n<h2><span class=\"odebeljenopis\"><strong> Entdecken Sie den einzigartigen Couchtisch Diana, der mit seiner besonderen zylindrischen Form und romantischen Beleuchtung eine warme Atmosph\u00e4re in Ihr Zuhause bringt. Handgefertigt aus hochwertigem Pappelholz und verziert mit rustikal wei\u00dfen Leisten, ist dieses M\u00f6belst\u00fcck nicht nur funktional, sondern auch ein echter Blickfang in jedem Raum.<\/strong><\/span><\/h2>\n<p>&nbsp;<\/p>\n<div class=\"row\">\n<div class=\"col-sm-6 \" style=\"margin-top: 30px;\"><center><img decoding=\"async\" class=\"lazyload img-responsive\" style=\"margin: 0px auto; max-width: 100%;\" src=\"data:image\/svg+xml,%3Csvg%20xmlns%3D%27http%3A%2F%2Fwww.w3.org%2F2000%2Fsvg%27%20width%3D%272560%27%20height%3D%272560%27%20viewBox%3D%270%200%202560%202560%27%3E%3Crect%20width%3D%272560%27%20height%3D%272560%27%20fill-opacity%3D%220%22%2F%3E%3C%2Fsvg%3E\" data-orig-src=\"https:\/\/pavidecor.si\/wp-content\/uploads\/2022\/03\/Gregor-Bajt_-PAVI-lucka-mizica-bela-No.0111-1a-scaled.jpg\" \/><\/center><\/div>\n<div class=\"col-sm-6\" style=\"margin-top: 40px;\">\n<p>&nbsp;<\/p>\n<h3>Einzigartige Handwerkskunst<\/h3>\n<p>Der <span class=\"prvimanjsinaslovopis\">Couchtisch Diana<\/span> ist ein Meisterwerk der <b>Handarbeit<\/b>, das in unserer PAVI DECOR-Werkstatt in Ljubljana, Slowenien, gefertigt wird. Unsere Leidenschaft f\u00fcr Holz und die Natur spiegelt sich in jedem Detail wider. Die Verwendung traditioneller Verbindungstechniken, die von alten Meistern inspiriert sind, verleiht der Tisch einen authentischen Charakter. Jedes St\u00fcck ist ein Unikat, das die Liebe und Hingabe unserer Handwerker verk\u00f6rpert.<\/p>\n<p>&nbsp;<\/p>\n<p>Die Kombination aus Pappelholz und rustikalen Elementen sorgt f\u00fcr eine harmonische Verbindung von <b>\u00c4sthetik<\/b> und Funktionalit\u00e4t. Der <span class=\"prvimanjsinaslovopis\">Couchtisch Diana<\/span> ist nicht nur ein praktisches M\u00f6belst\u00fcck, sondern auch ein Kunstwerk, das jeden Raum aufwertet. Ob im Esszimmer, Wohnzimmer oder Schlafzimmer \u2013 sie f\u00fcgt sich nahtlos in verschiedene Einrichtungsstile ein und bringt eine warme, einladende Atmosph\u00e4re mit sich.<\/p>\n<p>&nbsp;<\/p>\n<\/div>\n<\/div>\n<div class=\"row\">\n<div class=\"col-sm-6 col-sm-push-6\" style=\"margin-top: 30px;\"><center><img decoding=\"async\" class=\"lazyload img-responsive\" style=\"margin: 0px auto; max-width: 100%;\" src=\"data:image\/svg+xml,%3Csvg%20xmlns%3D%27http%3A%2F%2Fwww.w3.org%2F2000%2Fsvg%27%20width%3D%272478%27%20height%3D%272478%27%20viewBox%3D%270%200%202478%202478%27%3E%3Crect%20width%3D%272478%27%20height%3D%272478%27%20fill-opacity%3D%220%22%2F%3E%3C%2Fsvg%3E\" data-orig-src=\" https:\/\/pavidecor.si\/wp-content\/uploads\/2022\/03\/Gregor-Bajt_-PAVI-lucka-mizica-bela-No.0111-2-2.jpg\" \/><\/center><\/div>\n<div class=\"col-sm-6 col-sm-pull-6\" style=\"margin-top: 40px;\">\n<p>&nbsp;<\/p>\n<h3>Romantische Beleuchtung<\/h3>\n<p>Ein besonderes Merkmal des\u00a0<span class=\"prvimanjsinaslovopis\">Couchtischs Diana<\/span> ist die integrierte Beleuchtung, die ein <b>romantisches Ambiente<\/b> schafft. Wenn die innere Lampe eingeschaltet ist, strahlt die Tischoberfl\u00e4che wie die Sonne und verbreitet sanfte Lichtstrahlen im Raum. Diese diskrete, ambientale Beleuchtung sorgt f\u00fcr eine gem\u00fctliche Stimmung, die perfekt f\u00fcr entspannte Abende mit Freunden oder romantische Dinner ist.<\/p>\n<p>&nbsp;<\/p>\n<p>Der <span class=\"prvimanjsinaslovopis\">Couchtisch Diana<\/span> ist nicht nur funktional, sondern auch ein stilvolles Dekorationsobjekt. Ihr shabby-chic Design passt perfekt zu modernen und traditionellen Einrichtungsstilen. Auch in unserem <a href=\"https:\/\/pavidecor.si\/de\/projects\/meeresambiente\/\"><strong><span style=\"color: #3366ff;\">maritimen Ambiente<\/span><\/strong><\/a> k\u00f6nnen Sie den Clubtisch Diana bewundern und sich so eine frische Meeresbrise ins Haus holen.\u00a0Lassen Sie sich von der Sch\u00f6nheit und dem Charme dieser einzigartigen Tischkreation verzaubern.<\/p>\n<p>&nbsp;<\/p>\n<\/div>\n<\/div>\n<div class=\"row\">\n<div class=\"col-sm-6\" style=\"margin-top: 30px;\"><center><img decoding=\"async\" class=\"lazyload img-responsive\" style=\"margin: 0px auto; max-width: 100%;\" src=\"data:image\/svg+xml,%3Csvg%20xmlns%3D%27http%3A%2F%2Fwww.w3.org%2F2000%2Fsvg%27%20width%3D%272518%27%20height%3D%272519%27%20viewBox%3D%270%200%202518%202519%27%3E%3Crect%20width%3D%272518%27%20height%3D%272519%27%20fill-opacity%3D%220%22%2F%3E%3C%2Fsvg%3E\" data-orig-src=\" https:\/\/pavidecor.si\/wp-content\/uploads\/2022\/03\/Gregor-Bajt_-PAVI-lucka-mizica-bela-No.0111-4-2.jpg\" \/><\/center><\/div>\n<div class=\"col-sm-6\" style=\"margin-top: 40px;\">\n<p>&nbsp;<\/p>\n<h3>Produktdetails<\/h3>\n<p>Der <span class=\"prvimanjsinaslovopis\">Couchtisch Diana<\/span> hat eine besondere zylindrische Form und ist handgefertigt aus <b>Pappelholz<\/b>. An den Seiten sind Leisten angebracht, die in einem rustikalen Wei\u00df lackiert sind. Diese einzigartige\u00a0<span class=\"prvimanjsinaslovopis\">Couch-Tisch<\/span> ist vielseitig einsetzbar und eignet sich hervorragend f\u00fcr das Esszimmer, Wohnzimmer oder Schlafzimmer. Es ist nicht nur ein praktisches M\u00f6belst\u00fcck, sondern auch ein sch\u00f6ner Akzent, der jedem Raum W\u00e4rme und Gem\u00fctlichkeit verleiht.<\/p>\n<p>&nbsp;<\/p>\n<p>Der <span class=\"prvimanjsinaslovopis\">Couch Tisch Diana<\/span> ist ideal f\u00fcr einen shabby-chic Stil und bereichert jeden Raum mit ihrem Charme. Wenn die innere Lampe eingeschaltet ist, verk\u00f6rpert der T<span class=\"prvimanjsinaslovopis\">isch<\/span>\u00a0die Sonne, da die Lichtstrahlen von ihr ausgehen und sich im Raum verbreiten, um eine diskrete, ambientale Beleuchtung zu schaffen.<\/p>\n<\/div>\n<\/div>\n<p>&nbsp;<\/p>\n","protected":false},"excerpt":{"rendered":"<p><strong><span style=\"color: #c4963c;\">\u2192 Handwerk<br \/>\n<\/span><span style=\"color: #c4963c;\">\u2192 Einzigartig<\/span><\/strong><br \/>\n<strong><span style=\"color: #c4963c;\">\u2192 LED-Lampe inklusive<\/span><\/strong><\/p>\n","protected":false},"featured_media":14050,"comment_status":"open","ping_status":"closed","template":"","meta":[],"product_brand":[],"product_cat":[227],"product_tag":[257,216],"class_list":{"0":"post-14048","1":"product","2":"type-product","3":"status-publish","4":"has-post-thumbnail","6":"product_cat-club-tische","7":"product_tag-meeresambiente","8":"product_tag-neu","10":"first","11":"instock","12":"sold-individually","13":"taxable","14":"shipping-taxable","15":"purchasable","16":"product-type-simple"},"yoast_head":"<!-- This site is optimized with the Yoast SEO plugin v27.2 - https:\/\/yoast.com\/product\/yoast-seo-wordpress\/ -->\n<title>Couchtisch Diana \u2013 Romantische Eleganz f\u00fcr Ihr Zuhause<\/title>\n<meta name=\"description\" content=\"Der Couchtisch Diana hat eine besondere zylindrische Form, und die Innenbeleuchtung zaubert eine romantische Atmosph\u00e4re. Ein handgefertigtes Unikat.\" \/>\n<meta name=\"robots\" content=\"index, follow, max-snippet:-1, max-image-preview:large, max-video-preview:-1\" \/>\n<link rel=\"canonical\" href=\"https:\/\/pavidecor.si\/de\/produkt\/couchtisch-diana-oe36x40cm\/\" \/>\n<meta property=\"og:locale\" content=\"de_DE\" \/>\n<meta property=\"og:type\" content=\"article\" \/>\n<meta property=\"og:title\" content=\"Couchtisch Diana \u2013 Romantische Eleganz f\u00fcr Ihr Zuhause\" \/>\n<meta property=\"og:description\" content=\"Der Couchtisch Diana hat eine besondere zylindrische Form, und die Innenbeleuchtung zaubert eine romantische Atmosph\u00e4re. Ein handgefertigtes Unikat.\" \/>\n<meta property=\"og:url\" content=\"https:\/\/pavidecor.si\/de\/produkt\/couchtisch-diana-oe36x40cm\/\" \/>\n<meta property=\"og:site_name\" content=\"Pavi Decor\" \/>\n<meta property=\"article:modified_time\" content=\"2026-04-24T21:04:51+00:00\" \/>\n<meta property=\"og:image\" content=\"https:\/\/pavidecor.si\/wp-content\/uploads\/2022\/03\/Gregor-Bajt_-PAVI-lucka-mizica-bela-No.0111-1a-scaled.jpg\" \/>\n\t<meta property=\"og:image:width\" content=\"2560\" \/>\n\t<meta property=\"og:image:height\" content=\"2560\" \/>\n\t<meta property=\"og:image:type\" content=\"image\/jpeg\" \/>\n<meta name=\"twitter:card\" content=\"summary_large_image\" \/>\n<meta name=\"twitter:label1\" content=\"Gesch\u00e4tzte Lesezeit\" \/>\n\t<meta name=\"twitter:data1\" content=\"3\u00a0Minuten\" \/>\n<script type=\"application\/ld+json\" class=\"yoast-schema-graph\">{\"@context\":\"https:\/\/schema.org\",\"@graph\":[{\"@type\":\"WebPage\",\"@id\":\"https:\/\/pavidecor.si\/de\/produkt\/couchtisch-diana-oe36x40cm\/\",\"url\":\"https:\/\/pavidecor.si\/de\/produkt\/couchtisch-diana-oe36x40cm\/\",\"name\":\"Couchtisch Diana \u2013 Romantische Eleganz f\u00fcr Ihr Zuhause\",\"isPartOf\":{\"@id\":\"https:\/\/pavidecor.si\/de\/#website\"},\"primaryImageOfPage\":{\"@id\":\"https:\/\/pavidecor.si\/de\/produkt\/couchtisch-diana-oe36x40cm\/#primaryimage\"},\"image\":{\"@id\":\"https:\/\/pavidecor.si\/de\/produkt\/couchtisch-diana-oe36x40cm\/#primaryimage\"},\"thumbnailUrl\":\"https:\/\/pavidecor.si\/wp-content\/uploads\/2022\/03\/Gregor-Bajt_-PAVI-lucka-mizica-bela-No.0111-1a-scaled.jpg\",\"datePublished\":\"2022-03-09T14:45:45+00:00\",\"dateModified\":\"2026-04-24T21:04:51+00:00\",\"description\":\"Der Couchtisch Diana hat eine besondere zylindrische Form, und die Innenbeleuchtung zaubert eine romantische Atmosph\u00e4re. Ein handgefertigtes Unikat.\",\"breadcrumb\":{\"@id\":\"https:\/\/pavidecor.si\/de\/produkt\/couchtisch-diana-oe36x40cm\/#breadcrumb\"},\"inLanguage\":\"de\",\"potentialAction\":[{\"@type\":\"ReadAction\",\"target\":[\"https:\/\/pavidecor.si\/de\/produkt\/couchtisch-diana-oe36x40cm\/\"]}]},{\"@type\":\"ImageObject\",\"inLanguage\":\"de\",\"@id\":\"https:\/\/pavidecor.si\/de\/produkt\/couchtisch-diana-oe36x40cm\/#primaryimage\",\"url\":\"https:\/\/pavidecor.si\/wp-content\/uploads\/2022\/03\/Gregor-Bajt_-PAVI-lucka-mizica-bela-No.0111-1a-scaled.jpg\",\"contentUrl\":\"https:\/\/pavidecor.si\/wp-content\/uploads\/2022\/03\/Gregor-Bajt_-PAVI-lucka-mizica-bela-No.0111-1a-scaled.jpg\",\"width\":2560,\"height\":2560,\"caption\":\"PAVI DECOR\"},{\"@type\":\"BreadcrumbList\",\"@id\":\"https:\/\/pavidecor.si\/de\/produkt\/couchtisch-diana-oe36x40cm\/#breadcrumb\",\"itemListElement\":[{\"@type\":\"ListItem\",\"position\":1,\"name\":\"Domov\",\"item\":\"https:\/\/pavidecor.si\/de\/\"},{\"@type\":\"ListItem\",\"position\":2,\"name\":\"Online-Shop\",\"item\":\"https:\/\/pavidecor.si\/de\/online-shop\/\"},{\"@type\":\"ListItem\",\"position\":3,\"name\":\"Couchtisch Diana \u00f836x40cm\"}]},{\"@type\":\"WebSite\",\"@id\":\"https:\/\/pavidecor.si\/de\/#website\",\"url\":\"https:\/\/pavidecor.si\/de\/\",\"name\":\"Pavi Decor\",\"description\":\"Leseni unikati ustvarjeni iz ljubezni do lesa in narave.\",\"potentialAction\":[{\"@type\":\"SearchAction\",\"target\":{\"@type\":\"EntryPoint\",\"urlTemplate\":\"https:\/\/pavidecor.si\/de\/?s={search_term_string}\"},\"query-input\":{\"@type\":\"PropertyValueSpecification\",\"valueRequired\":true,\"valueName\":\"search_term_string\"}}],\"inLanguage\":\"de\"}]}<\/script>\n<!-- \/ Yoast SEO plugin. -->","yoast_head_json":{"title":"Couchtisch Diana \u2013 Romantische Eleganz f\u00fcr Ihr Zuhause","description":"Der Couchtisch Diana hat eine besondere zylindrische Form, und die Innenbeleuchtung zaubert eine romantische Atmosph\u00e4re. Ein handgefertigtes Unikat.","robots":{"index":"index","follow":"follow","max-snippet":"max-snippet:-1","max-image-preview":"max-image-preview:large","max-video-preview":"max-video-preview:-1"},"canonical":"https:\/\/pavidecor.si\/de\/produkt\/couchtisch-diana-oe36x40cm\/","og_locale":"de_DE","og_type":"article","og_title":"Couchtisch Diana \u2013 Romantische Eleganz f\u00fcr Ihr Zuhause","og_description":"Der Couchtisch Diana hat eine besondere zylindrische Form, und die Innenbeleuchtung zaubert eine romantische Atmosph\u00e4re. Ein handgefertigtes Unikat.","og_url":"https:\/\/pavidecor.si\/de\/produkt\/couchtisch-diana-oe36x40cm\/","og_site_name":"Pavi Decor","article_modified_time":"2026-04-24T21:04:51+00:00","og_image":[{"width":2560,"height":2560,"url":"https:\/\/pavidecor.si\/wp-content\/uploads\/2022\/03\/Gregor-Bajt_-PAVI-lucka-mizica-bela-No.0111-1a-scaled.jpg","type":"image\/jpeg"}],"twitter_card":"summary_large_image","twitter_misc":{"Gesch\u00e4tzte Lesezeit":"3\u00a0Minuten"},"schema":{"@context":"https:\/\/schema.org","@graph":[{"@type":"WebPage","@id":"https:\/\/pavidecor.si\/de\/produkt\/couchtisch-diana-oe36x40cm\/","url":"https:\/\/pavidecor.si\/de\/produkt\/couchtisch-diana-oe36x40cm\/","name":"Couchtisch Diana \u2013 Romantische Eleganz f\u00fcr Ihr Zuhause","isPartOf":{"@id":"https:\/\/pavidecor.si\/de\/#website"},"primaryImageOfPage":{"@id":"https:\/\/pavidecor.si\/de\/produkt\/couchtisch-diana-oe36x40cm\/#primaryimage"},"image":{"@id":"https:\/\/pavidecor.si\/de\/produkt\/couchtisch-diana-oe36x40cm\/#primaryimage"},"thumbnailUrl":"https:\/\/pavidecor.si\/wp-content\/uploads\/2022\/03\/Gregor-Bajt_-PAVI-lucka-mizica-bela-No.0111-1a-scaled.jpg","datePublished":"2022-03-09T14:45:45+00:00","dateModified":"2026-04-24T21:04:51+00:00","description":"Der Couchtisch Diana hat eine besondere zylindrische Form, und die Innenbeleuchtung zaubert eine romantische Atmosph\u00e4re. Ein handgefertigtes Unikat.","breadcrumb":{"@id":"https:\/\/pavidecor.si\/de\/produkt\/couchtisch-diana-oe36x40cm\/#breadcrumb"},"inLanguage":"de","potentialAction":[{"@type":"ReadAction","target":["https:\/\/pavidecor.si\/de\/produkt\/couchtisch-diana-oe36x40cm\/"]}]},{"@type":"ImageObject","inLanguage":"de","@id":"https:\/\/pavidecor.si\/de\/produkt\/couchtisch-diana-oe36x40cm\/#primaryimage","url":"https:\/\/pavidecor.si\/wp-content\/uploads\/2022\/03\/Gregor-Bajt_-PAVI-lucka-mizica-bela-No.0111-1a-scaled.jpg","contentUrl":"https:\/\/pavidecor.si\/wp-content\/uploads\/2022\/03\/Gregor-Bajt_-PAVI-lucka-mizica-bela-No.0111-1a-scaled.jpg","width":2560,"height":2560,"caption":"PAVI DECOR"},{"@type":"BreadcrumbList","@id":"https:\/\/pavidecor.si\/de\/produkt\/couchtisch-diana-oe36x40cm\/#breadcrumb","itemListElement":[{"@type":"ListItem","position":1,"name":"Domov","item":"https:\/\/pavidecor.si\/de\/"},{"@type":"ListItem","position":2,"name":"Online-Shop","item":"https:\/\/pavidecor.si\/de\/online-shop\/"},{"@type":"ListItem","position":3,"name":"Couchtisch Diana \u00f836x40cm"}]},{"@type":"WebSite","@id":"https:\/\/pavidecor.si\/de\/#website","url":"https:\/\/pavidecor.si\/de\/","name":"Pavi Decor","description":"Leseni unikati ustvarjeni iz ljubezni do lesa in narave.","potentialAction":[{"@type":"SearchAction","target":{"@type":"EntryPoint","urlTemplate":"https:\/\/pavidecor.si\/de\/?s={search_term_string}"},"query-input":{"@type":"PropertyValueSpecification","valueRequired":true,"valueName":"search_term_string"}}],"inLanguage":"de"}]}},"_links":{"self":[{"href":"https:\/\/pavidecor.si\/de\/wp-json\/wp\/v2\/product\/14048","targetHints":{"allow":["GET"]}}],"collection":[{"href":"https:\/\/pavidecor.si\/de\/wp-json\/wp\/v2\/product"}],"about":[{"href":"https:\/\/pavidecor.si\/de\/wp-json\/wp\/v2\/types\/product"}],"replies":[{"embeddable":true,"href":"https:\/\/pavidecor.si\/de\/wp-json\/wp\/v2\/comments?post=14048"}],"wp:featuredmedia":[{"embeddable":true,"href":"https:\/\/pavidecor.si\/de\/wp-json\/wp\/v2\/media\/14050"}],"wp:attachment":[{"href":"https:\/\/pavidecor.si\/de\/wp-json\/wp\/v2\/media?parent=14048"}],"wp:term":[{"taxonomy":"product_brand","embeddable":true,"href":"https:\/\/pavidecor.si\/de\/wp-json\/wp\/v2\/product_brand?post=14048"},{"taxonomy":"product_cat","embeddable":true,"href":"https:\/\/pavidecor.si\/de\/wp-json\/wp\/v2\/product_cat?post=14048"},{"taxonomy":"product_tag","embeddable":true,"href":"https:\/\/pavidecor.si\/de\/wp-json\/wp\/v2\/product_tag?post=14048"}],"curies":[{"name":"wp","href":"https:\/\/api.w.org\/{rel}","templated":true}]}}