	{"id":13884,"date":"2022-03-22T09:02:09","date_gmt":"2022-03-22T09:02:09","guid":{"rendered":"https:\/\/pavidecor.si\/product\/spiegeleisen-605x605cm\/"},"modified":"2026-04-23T08:03:50","modified_gmt":"2026-04-23T08:03:50","slug":"eisenspiegel-605x605cm","status":"publish","type":"product","link":"https:\/\/pavidecor.si\/de\/produkt\/eisenspiegel-605x605cm\/","title":{"rendered":"Eisenspiegel 60,5&#215;60,5cm"},"content":{"rendered":"<p><span class=\"prvimanjsinaslovopis\"> Eisenspiegel mit handgefertigtem Rahmen\u00a0\u2013 Industrieller Charme f\u00fcr Ihr Zuhause<\/span><\/p>\n<p>&nbsp;<\/p>\n<h2><span class=\"odebeljenopis\"><strong><br \/>\nEntdecken Sie das einzigartige Wandspiegel-Design von PAVI DECOR aus Ljubljana, wo die Liebe zu Holz und Natur im Mittelpunkt steht. Jedes St\u00fcck wird mit Hingabe und handwerklichem K\u00f6nnen gefertigt, was unseren Spiegelrahmen zu einem echten Kunstwerk macht. Ideal f\u00fcr jeden Raum, bringt er einen Hauch von Eleganz und Stil in Ihr Zuhause.<\/strong><\/span><\/h2>\n<p>&nbsp;<\/p>\n<div class=\"row\">\n<div class=\"col-sm-6 \" style=\"margin-top: 30px;\"><center><img decoding=\"async\" class=\"lazyload img-responsive\" style=\"margin: 0px auto; max-width: 100%;\" src=\"data:image\/svg+xml,%3Csvg%20xmlns%3D%27http%3A%2F%2Fwww.w3.org%2F2000%2Fsvg%27%20width%3D%272560%27%20height%3D%272560%27%20viewBox%3D%270%200%202560%202560%27%3E%3Crect%20width%3D%272560%27%20height%3D%272560%27%20fill-opacity%3D%220%22%2F%3E%3C%2Fsvg%3E\" data-orig-src=\"https:\/\/pavidecor.si\/wp-content\/uploads\/2022\/03\/Ogledalo-zelezo-505x505-No.0076-1-scaled.jpg\" \/><\/center><\/div>\n<div class=\"col-sm-6\" style=\"margin-top: 40px;\">\n<p>&nbsp;<\/p>\n<h3>Einzigartige Handwerkskunst<\/h3>\n<p>Der Rahmen dieses Spiegels ist handgefertigt und mit Eisenblech \u00fcberzogen, was ihm einen unverwechselbaren industriellen Look verleiht. Die spezielle Technik des Nieten, die wir von alten Meistern \u00fcbernommen haben, sorgt daf\u00fcr, dass jeder Rahmen ein authentisches und einzigartiges St\u00fcck ist. Diese traditionelle Handwerkskunst macht den Spiegel nicht nur zu einem funktionalen Element, sondern auch zu einem echten Kunstwerk, das die Geschichte und die Leidenschaft f\u00fcr Holz und Natur widerspiegelt.<\/p>\n<p>&nbsp;<\/p>\n<p>Die Kombination aus Holz und Metall verleiht dem Eisenspiegel eine <strong>robuste und gleichzeitig elegante Ausstrahlung<\/strong>. Er ist nicht nur ein praktisches Element, sondern auch ein stilvolles Dekorationsst\u00fcck, das in jedem Raum zur Geltung kommt. Ob in Ihrem Wohnzimmer, Esszimmer oder Schlafzimmer \u2013 dieser Spiegel wird zum Blickfang und verleiht Ihrem Raum eine besondere Note.<\/p>\n<p>&nbsp;<\/p>\n<\/div>\n<\/div>\n<div class=\"row\">\n<div class=\"col-sm-6 col-sm-push-6\" style=\"margin-top: 30px;\"><center><img decoding=\"async\" class=\"lazyload img-responsive\" style=\"margin: 0px auto; max-width: 100%;\" src=\"data:image\/svg+xml,%3Csvg%20xmlns%3D%27http%3A%2F%2Fwww.w3.org%2F2000%2Fsvg%27%20width%3D%272560%27%20height%3D%272560%27%20viewBox%3D%270%200%202560%202560%27%3E%3Crect%20width%3D%272560%27%20height%3D%272560%27%20fill-opacity%3D%220%22%2F%3E%3C%2Fsvg%3E\" data-orig-src=\" https:\/\/pavidecor.si\/wp-content\/uploads\/2022\/03\/Ogledalo-zelezo-505x505-No.0076-2-scaled.jpg\" \/><\/center><\/div>\n<div class=\"col-sm-6 col-sm-pull-6\" style=\"margin-top: 40px;\">\n<p>&nbsp;<\/p>\n<h3>Vielseitige Einsatzm\u00f6glichkeiten<\/h3>\n<p>Dank seines breiten Rahmens wirkt der Eisenspiegel massiv und majest\u00e4tisch, was ihn zu einer idealen Wahl f\u00fcr verschiedene Wohnstile macht. Er passt perfekt in moderne sowie in antike Einrichtungsstile und harmoniert besonders gut mit einem shabby chic Ambiente. Egal, ob Sie ihn in einem gro\u00dfen Raum oder in einem kleineren Bereich aufh\u00e4ngen, er wird immer einen <strong>Hauch von Prestige und Eleganz verleihen<\/strong>.<\/p>\n<p>&nbsp;<\/p>\n<p>Die einfache Wandmontage erm\u00f6glicht es Ihnen, den Eisenspiegel schnell und unkompliziert in Ihrem Zuhause zu integrieren. Er ist die perfekte Erg\u00e4nzung f\u00fcr jeden Raum, sei es im Flur, wo er den Raum \u00f6ffnet, oder im Schlafzimmer, wo er eine ruhige und stilvolle Atmosph\u00e4re schafft. Lassen Sie sich von der Vielseitigkeit und dem Charme dieses einzigartigen Spiegels begeistern.<\/p>\n<p>&nbsp;<\/p>\n<\/div>\n<\/div>\n<div class=\"row\">\n<div class=\"col-sm-6\" style=\"margin-top: 30px;\"><center><img decoding=\"async\" class=\"lazyload img-responsive\" style=\"margin: 0px auto; max-width: 100%;\" src=\"data:image\/svg+xml,%3Csvg%20xmlns%3D%27http%3A%2F%2Fwww.w3.org%2F2000%2Fsvg%27%20width%3D%272560%27%20height%3D%272560%27%20viewBox%3D%270%200%202560%202560%27%3E%3Crect%20width%3D%272560%27%20height%3D%272560%27%20fill-opacity%3D%220%22%2F%3E%3C%2Fsvg%3E\" data-orig-src=\" https:\/\/pavidecor.si\/wp-content\/uploads\/2022\/03\/Ogledalo-zelezo-505x505-No.0076-3-scaled.jpg\" \/><\/center><\/div>\n<div class=\"col-sm-6\" style=\"margin-top: 40px;\">\n<p>&nbsp;<\/p>\n<h3>Produktdetails<\/h3>\n<p>Dieses einzigartige Spiegelst\u00fcck hat einen handgefertigten Rahmen, der mit Eisenblech \u00fcberzogen ist. Die spezielle Nieten-Technik verleiht dem Rahmen einen authentischen industriellen Look. Der breite Rahmen sorgt daf\u00fcr, dass der Spiegel massiv und eindrucksvoll wirkt. Er eignet sich hervorragend f\u00fcr das Wohnzimmer, Esszimmer, Schlafzimmer oder den Flur und ist auch ideal f\u00fcr kleinere R\u00e4ume. Kombinieren Sie ihn mit antiken oder modernen M\u00f6beln, und er wird jedem Raum eine <strong>besondere Note verleihen<\/strong>. Die Montage an der Wand ist einfach und unkompliziert.<\/p>\n<p>&nbsp;<\/p>\n<p>Alle unsere Produkte sind das Ergebnis unseres eigenen Wissens und unserer Kreativit\u00e4t und werden in Slowenien hergestellt. Bei PAVI DECOR legen wir gro\u00dfen Wert auf die Liebe zum Detail und die Qualit\u00e4t unserer handgefertigten Produkte. Jedes St\u00fcck erz\u00e4hlt seine eigene Geschichte und bringt die Sch\u00f6nheit der Natur in Ihr Zuhause.<\/p>\n<\/div>\n<\/div>\n<p>&nbsp;<\/p>\n","protected":false},"excerpt":{"rendered":"<p><strong><span style=\"color: #c4963c;\">\u2192 Handwerk<br \/>\n<\/span><span style=\"color: #c4963c;\">\u2192 Einzigartig<\/span><\/strong><\/p>\n","protected":false},"featured_media":13889,"comment_status":"open","ping_status":"closed","template":"","meta":[],"product_brand":[],"product_cat":[237],"product_tag":[216],"class_list":{"0":"post-13884","1":"product","2":"type-product","3":"status-publish","4":"has-post-thumbnail","6":"product_cat-spiegel","7":"product_tag-neu","9":"first","10":"instock","11":"sold-individually","12":"taxable","13":"shipping-taxable","14":"purchasable","15":"product-type-simple"},"yoast_head":"<!-- This site is optimized with the Yoast SEO plugin v27.2 - https:\/\/yoast.com\/product\/yoast-seo-wordpress\/ -->\n<title>Eisenspiegel mit handgefertigtem Rahmen \u2013 PAVI DECOR<\/title>\n<meta name=\"description\" content=\"Eisenspiegel mit handgefertigten Rahmen, verkleidet mit Blech. Die Methode, den Rahmen durch Nieten herzustellen, verleiht ihm ein industrielles Aussehen.\" \/>\n<meta name=\"robots\" content=\"index, follow, max-snippet:-1, max-image-preview:large, max-video-preview:-1\" \/>\n<link rel=\"canonical\" href=\"https:\/\/pavidecor.si\/de\/produkt\/eisenspiegel-605x605cm\/\" \/>\n<meta property=\"og:locale\" content=\"de_DE\" \/>\n<meta property=\"og:type\" content=\"article\" \/>\n<meta property=\"og:title\" content=\"Eisenspiegel mit handgefertigtem Rahmen \u2013 PAVI DECOR\" \/>\n<meta property=\"og:description\" content=\"Eisenspiegel mit handgefertigten Rahmen, verkleidet mit Blech. Die Methode, den Rahmen durch Nieten herzustellen, verleiht ihm ein industrielles Aussehen.\" \/>\n<meta property=\"og:url\" content=\"https:\/\/pavidecor.si\/de\/produkt\/eisenspiegel-605x605cm\/\" \/>\n<meta property=\"og:site_name\" content=\"Pavi Decor\" \/>\n<meta property=\"article:modified_time\" content=\"2026-04-23T08:03:50+00:00\" \/>\n<meta property=\"og:image\" content=\"https:\/\/pavidecor.si\/wp-content\/uploads\/2022\/03\/Ogledalo-zelezo-505x505-No.0076-1-scaled.jpg\" \/>\n\t<meta property=\"og:image:width\" content=\"2560\" \/>\n\t<meta property=\"og:image:height\" content=\"2560\" \/>\n\t<meta property=\"og:image:type\" content=\"image\/jpeg\" \/>\n<meta name=\"twitter:card\" content=\"summary_large_image\" \/>\n<meta name=\"twitter:label1\" content=\"Gesch\u00e4tzte Lesezeit\" \/>\n\t<meta name=\"twitter:data1\" content=\"4\u00a0Minuten\" \/>\n<script type=\"application\/ld+json\" class=\"yoast-schema-graph\">{\"@context\":\"https:\/\/schema.org\",\"@graph\":[{\"@type\":\"WebPage\",\"@id\":\"https:\/\/pavidecor.si\/de\/produkt\/eisenspiegel-605x605cm\/\",\"url\":\"https:\/\/pavidecor.si\/de\/produkt\/eisenspiegel-605x605cm\/\",\"name\":\"Eisenspiegel mit handgefertigtem Rahmen \u2013 PAVI DECOR\",\"isPartOf\":{\"@id\":\"https:\/\/pavidecor.si\/de\/#website\"},\"primaryImageOfPage\":{\"@id\":\"https:\/\/pavidecor.si\/de\/produkt\/eisenspiegel-605x605cm\/#primaryimage\"},\"image\":{\"@id\":\"https:\/\/pavidecor.si\/de\/produkt\/eisenspiegel-605x605cm\/#primaryimage\"},\"thumbnailUrl\":\"https:\/\/pavidecor.si\/wp-content\/uploads\/2022\/03\/Ogledalo-zelezo-505x505-No.0076-1-scaled.jpg\",\"datePublished\":\"2022-03-22T09:02:09+00:00\",\"dateModified\":\"2026-04-23T08:03:50+00:00\",\"description\":\"Eisenspiegel mit handgefertigten Rahmen, verkleidet mit Blech. Die Methode, den Rahmen durch Nieten herzustellen, verleiht ihm ein industrielles Aussehen.\",\"breadcrumb\":{\"@id\":\"https:\/\/pavidecor.si\/de\/produkt\/eisenspiegel-605x605cm\/#breadcrumb\"},\"inLanguage\":\"de\",\"potentialAction\":[{\"@type\":\"ReadAction\",\"target\":[\"https:\/\/pavidecor.si\/de\/produkt\/eisenspiegel-605x605cm\/\"]}]},{\"@type\":\"ImageObject\",\"inLanguage\":\"de\",\"@id\":\"https:\/\/pavidecor.si\/de\/produkt\/eisenspiegel-605x605cm\/#primaryimage\",\"url\":\"https:\/\/pavidecor.si\/wp-content\/uploads\/2022\/03\/Ogledalo-zelezo-505x505-No.0076-1-scaled.jpg\",\"contentUrl\":\"https:\/\/pavidecor.si\/wp-content\/uploads\/2022\/03\/Ogledalo-zelezo-505x505-No.0076-1-scaled.jpg\",\"width\":2560,\"height\":2560,\"caption\":\"PAVI DECOR\"},{\"@type\":\"BreadcrumbList\",\"@id\":\"https:\/\/pavidecor.si\/de\/produkt\/eisenspiegel-605x605cm\/#breadcrumb\",\"itemListElement\":[{\"@type\":\"ListItem\",\"position\":1,\"name\":\"Domov\",\"item\":\"https:\/\/pavidecor.si\/de\/\"},{\"@type\":\"ListItem\",\"position\":2,\"name\":\"Online-Shop\",\"item\":\"https:\/\/pavidecor.si\/de\/online-shop\/\"},{\"@type\":\"ListItem\",\"position\":3,\"name\":\"Eisenspiegel 60,5&#215;60,5cm\"}]},{\"@type\":\"WebSite\",\"@id\":\"https:\/\/pavidecor.si\/de\/#website\",\"url\":\"https:\/\/pavidecor.si\/de\/\",\"name\":\"Pavi Decor\",\"description\":\"Leseni unikati ustvarjeni iz ljubezni do lesa in narave.\",\"potentialAction\":[{\"@type\":\"SearchAction\",\"target\":{\"@type\":\"EntryPoint\",\"urlTemplate\":\"https:\/\/pavidecor.si\/de\/?s={search_term_string}\"},\"query-input\":{\"@type\":\"PropertyValueSpecification\",\"valueRequired\":true,\"valueName\":\"search_term_string\"}}],\"inLanguage\":\"de\"}]}<\/script>\n<!-- \/ Yoast SEO plugin. -->","yoast_head_json":{"title":"Eisenspiegel mit handgefertigtem Rahmen \u2013 PAVI DECOR","description":"Eisenspiegel mit handgefertigten Rahmen, verkleidet mit Blech. Die Methode, den Rahmen durch Nieten herzustellen, verleiht ihm ein industrielles Aussehen.","robots":{"index":"index","follow":"follow","max-snippet":"max-snippet:-1","max-image-preview":"max-image-preview:large","max-video-preview":"max-video-preview:-1"},"canonical":"https:\/\/pavidecor.si\/de\/produkt\/eisenspiegel-605x605cm\/","og_locale":"de_DE","og_type":"article","og_title":"Eisenspiegel mit handgefertigtem Rahmen \u2013 PAVI DECOR","og_description":"Eisenspiegel mit handgefertigten Rahmen, verkleidet mit Blech. Die Methode, den Rahmen durch Nieten herzustellen, verleiht ihm ein industrielles Aussehen.","og_url":"https:\/\/pavidecor.si\/de\/produkt\/eisenspiegel-605x605cm\/","og_site_name":"Pavi Decor","article_modified_time":"2026-04-23T08:03:50+00:00","og_image":[{"width":2560,"height":2560,"url":"https:\/\/pavidecor.si\/wp-content\/uploads\/2022\/03\/Ogledalo-zelezo-505x505-No.0076-1-scaled.jpg","type":"image\/jpeg"}],"twitter_card":"summary_large_image","twitter_misc":{"Gesch\u00e4tzte Lesezeit":"4\u00a0Minuten"},"schema":{"@context":"https:\/\/schema.org","@graph":[{"@type":"WebPage","@id":"https:\/\/pavidecor.si\/de\/produkt\/eisenspiegel-605x605cm\/","url":"https:\/\/pavidecor.si\/de\/produkt\/eisenspiegel-605x605cm\/","name":"Eisenspiegel mit handgefertigtem Rahmen \u2013 PAVI DECOR","isPartOf":{"@id":"https:\/\/pavidecor.si\/de\/#website"},"primaryImageOfPage":{"@id":"https:\/\/pavidecor.si\/de\/produkt\/eisenspiegel-605x605cm\/#primaryimage"},"image":{"@id":"https:\/\/pavidecor.si\/de\/produkt\/eisenspiegel-605x605cm\/#primaryimage"},"thumbnailUrl":"https:\/\/pavidecor.si\/wp-content\/uploads\/2022\/03\/Ogledalo-zelezo-505x505-No.0076-1-scaled.jpg","datePublished":"2022-03-22T09:02:09+00:00","dateModified":"2026-04-23T08:03:50+00:00","description":"Eisenspiegel mit handgefertigten Rahmen, verkleidet mit Blech. Die Methode, den Rahmen durch Nieten herzustellen, verleiht ihm ein industrielles Aussehen.","breadcrumb":{"@id":"https:\/\/pavidecor.si\/de\/produkt\/eisenspiegel-605x605cm\/#breadcrumb"},"inLanguage":"de","potentialAction":[{"@type":"ReadAction","target":["https:\/\/pavidecor.si\/de\/produkt\/eisenspiegel-605x605cm\/"]}]},{"@type":"ImageObject","inLanguage":"de","@id":"https:\/\/pavidecor.si\/de\/produkt\/eisenspiegel-605x605cm\/#primaryimage","url":"https:\/\/pavidecor.si\/wp-content\/uploads\/2022\/03\/Ogledalo-zelezo-505x505-No.0076-1-scaled.jpg","contentUrl":"https:\/\/pavidecor.si\/wp-content\/uploads\/2022\/03\/Ogledalo-zelezo-505x505-No.0076-1-scaled.jpg","width":2560,"height":2560,"caption":"PAVI DECOR"},{"@type":"BreadcrumbList","@id":"https:\/\/pavidecor.si\/de\/produkt\/eisenspiegel-605x605cm\/#breadcrumb","itemListElement":[{"@type":"ListItem","position":1,"name":"Domov","item":"https:\/\/pavidecor.si\/de\/"},{"@type":"ListItem","position":2,"name":"Online-Shop","item":"https:\/\/pavidecor.si\/de\/online-shop\/"},{"@type":"ListItem","position":3,"name":"Eisenspiegel 60,5&#215;60,5cm"}]},{"@type":"WebSite","@id":"https:\/\/pavidecor.si\/de\/#website","url":"https:\/\/pavidecor.si\/de\/","name":"Pavi Decor","description":"Leseni unikati ustvarjeni iz ljubezni do lesa in narave.","potentialAction":[{"@type":"SearchAction","target":{"@type":"EntryPoint","urlTemplate":"https:\/\/pavidecor.si\/de\/?s={search_term_string}"},"query-input":{"@type":"PropertyValueSpecification","valueRequired":true,"valueName":"search_term_string"}}],"inLanguage":"de"}]}},"_links":{"self":[{"href":"https:\/\/pavidecor.si\/de\/wp-json\/wp\/v2\/product\/13884","targetHints":{"allow":["GET"]}}],"collection":[{"href":"https:\/\/pavidecor.si\/de\/wp-json\/wp\/v2\/product"}],"about":[{"href":"https:\/\/pavidecor.si\/de\/wp-json\/wp\/v2\/types\/product"}],"replies":[{"embeddable":true,"href":"https:\/\/pavidecor.si\/de\/wp-json\/wp\/v2\/comments?post=13884"}],"wp:featuredmedia":[{"embeddable":true,"href":"https:\/\/pavidecor.si\/de\/wp-json\/wp\/v2\/media\/13889"}],"wp:attachment":[{"href":"https:\/\/pavidecor.si\/de\/wp-json\/wp\/v2\/media?parent=13884"}],"wp:term":[{"taxonomy":"product_brand","embeddable":true,"href":"https:\/\/pavidecor.si\/de\/wp-json\/wp\/v2\/product_brand?post=13884"},{"taxonomy":"product_cat","embeddable":true,"href":"https:\/\/pavidecor.si\/de\/wp-json\/wp\/v2\/product_cat?post=13884"},{"taxonomy":"product_tag","embeddable":true,"href":"https:\/\/pavidecor.si\/de\/wp-json\/wp\/v2\/product_tag?post=13884"}],"curies":[{"name":"wp","href":"https:\/\/api.w.org\/{rel}","templated":true}]}}