	{"id":15247,"date":"2022-01-28T12:02:40","date_gmt":"2022-01-28T12:02:40","guid":{"rendered":"https:\/\/pavidecor.si\/lieferbedingungen\/"},"modified":"2025-01-28T15:18:34","modified_gmt":"2025-01-28T15:18:34","slug":"lieferbedingungen","status":"publish","type":"page","link":"https:\/\/pavidecor.si\/de\/lieferbedingungen\/","title":{"rendered":"Lieferbedingungen"},"content":{"rendered":"<p><div class=\"fusion-fullwidth fullwidth-box fusion-builder-row-1 fusion-flex-container nonhundred-percent-fullwidth non-hundred-percent-height-scrolling\" style=\"--awb-border-radius-top-left:0px;--awb-border-radius-top-right:0px;--awb-border-radius-bottom-right:0px;--awb-border-radius-bottom-left:0px;--awb-padding-top:0px;--awb-padding-right:10%;--awb-padding-left:10%;--awb-margin-top:0px;--awb-margin-bottom:0px;--awb-flex-wrap:wrap;\" ><div class=\"fusion-builder-row fusion-row fusion-flex-align-items-flex-start fusion-flex-content-wrap\" style=\"max-width:1320.8px;margin-left: calc(-4% \/ 2 );margin-right: calc(-4% \/ 2 );\"><div class=\"fusion-layout-column fusion_builder_column fusion-builder-column-0 fusion_builder_column_1_1 1_1 fusion-flex-column\" style=\"--awb-bg-size:cover;--awb-width-large:100%;--awb-margin-top-large:25px;--awb-spacing-right-large:1.92%;--awb-margin-bottom-large:25px;--awb-spacing-left-large:1.92%;--awb-width-medium:100%;--awb-order-medium:0;--awb-spacing-right-medium:1.92%;--awb-spacing-left-medium:1.92%;--awb-width-small:100%;--awb-order-small:0;--awb-spacing-right-small:1.92%;--awb-spacing-left-small:1.92%;\"><div class=\"fusion-column-wrapper fusion-column-has-shadow fusion-flex-justify-content-flex-start fusion-content-layout-column\"><div class=\"fusion-text fusion-text-1\" style=\"--awb-text-transform:none;\"><h2>Lieferbedingungen<\/h2>\n<\/div><div class=\"fusion-text fusion-text-2\" style=\"--awb-text-transform:none;\"><p>Die bestellte Ware wird dem K\u00e4ufer durch den Vertragspartner des Anbieters (im Folgenden als Auftragnehmer bezeichnet) an die in der Bestellung angegebene Adresse des K\u00e4ufers in Slowenien geliefert. Der Auftragnehmer kann den K\u00e4ufer vor der Lieferung per SMS benachrichtigen. Die derzeitigen Auftragnehmer sind Po\u0161ta Slovenije und GLS.<\/p>\n<p>Der Auftragnehmer liefert die bestellte Ware pers\u00f6nlich an den Empf\u00e4nger an die vom Auftraggeber als Abholort gew\u00e4hlte Adresse. Wenn an der gew\u00e4hlten Adresse niemand zu Hause ist, hinterl\u00e4sst der Auftragnehmer eine Benachrichtigung im Briefkasten nach Hause, in der der Abholort (nahe gelegene Filiale) und die Frist angegeben sind, innerhalb derer der Empf\u00e4nger die Sendung abholen kann. Holt der Empf\u00e4nger die Sendung nicht innerhalb der in der Benachrichtigung angegebenen Frist ab, wird die Sendung an den Absender zur\u00fcckgesandt. In diesem Fall hat der Anbieter das Recht, vom K\u00e4ufer die Erstattung der entstandenen Kosten zu verlangen.<\/p>\n<p>Der Preis f\u00fcr die Lieferung der Ware richtet sich nach der Preisliste f\u00fcr jede Bestellung, die im Online-Shop oder auf der Website des Auftragnehmers ver\u00f6ffentlicht ist.<\/p>\n<p>Die Lieferzeit der Ware betr\u00e4gt unter normalen Umst\u00e4nden 3 bis 5 Werktage. An Samstagen, Sonn- und Feiertagen versendet der Anbieter die Ware nicht.<\/p>\n<p>In den F\u00e4llen, in denen der Anbieter die bestellte Ware rechtzeitig und vertragsgem\u00e4\u00df versendet, hat der Zusteller die \u00dcberschreitung der Lieferzeit nicht zu vertreten. Der K\u00e4ufer verpflichtet sich, aufgrund der Nachlieferung der Ware oder einer anderen Art der Lieferung der Ware auf andere M\u00f6glichkeiten der Erstattung der entstandenen Kosten, des gezahlten Kaufpreises und der Kosten f\u00fcr die Lieferung der Ware, wie z. B. Schadensersatzanspr\u00fcche in Form von Zivilklagen und dergleichen, zu verzichten, wobei alle anderen Mindestrechte gem\u00e4\u00df den Bestimmungen des Verbraucherschutzgesetzes beibehalten werden.<\/p>\n<p>Der Auftraggeber ist verpflichtet, die Ware vom Auftragnehmer an der vom Auftragnehmer im Kaufprozess gew\u00e4hlten Adresse zu den vom Auftragnehmer festgelegten Bedingungen zu \u00fcbernehmen. Er ist verpflichtet, die Menge und Qualit\u00e4t der erhaltenen Ware nach Erhalt zu \u00fcberpr\u00fcfen, sp\u00e4tere Beanstandungen sind nicht m\u00f6glich.<\/p>\n<p><span style=\"color: #e3b922;\"><strong><a style=\"color: #e3b922;\" href=\"https:\/\/meineinkauf.us6.list-manage.com\/track\/click?u=f0c54587cacf32d20c47c5ea1&amp;id=0a40b5feb4&amp;e=e5a9a11edf\" target=\"_blank\" rel=\"noopener\">MeinEinkauf.ch<\/a><\/strong><\/span><\/p>\n<\/div><\/div><\/div><\/div><\/div><div class=\"fusion-fullwidth fullwidth-box fusion-builder-row-2 fusion-flex-container nonhundred-percent-fullwidth non-hundred-percent-height-scrolling\" style=\"--awb-border-radius-top-left:0px;--awb-border-radius-top-right:0px;--awb-border-radius-bottom-right:0px;--awb-border-radius-bottom-left:0px;--awb-padding-top:22px;--awb-padding-bottom:22px;--awb-margin-top:45px;--awb-background-color:rgba(237,237,237,0.62);--awb-flex-wrap:wrap;\" ><div class=\"fusion-builder-row fusion-row fusion-flex-align-items-flex-start fusion-flex-content-wrap\" style=\"max-width:1320.8px;margin-left: calc(-4% \/ 2 );margin-right: calc(-4% \/ 2 );\"><div class=\"fusion-layout-column fusion_builder_column fusion-builder-column-1 fusion_builder_column_1_1 1_1 fusion-flex-column\" style=\"--awb-bg-size:cover;--awb-width-large:100%;--awb-margin-top-large:0px;--awb-spacing-right-large:1.92%;--awb-margin-bottom-large:0px;--awb-spacing-left-large:1.92%;--awb-width-medium:100%;--awb-order-medium:0;--awb-spacing-right-medium:1.92%;--awb-spacing-left-medium:1.92%;--awb-width-small:100%;--awb-order-small:0;--awb-spacing-right-small:1.92%;--awb-spacing-left-small:1.92%;\"><div class=\"fusion-column-wrapper fusion-column-has-shadow fusion-flex-justify-content-flex-start fusion-content-layout-column\"><div class=\"fusion-image-element fusion-no-small-visibility\" style=\"text-align:center;--awb-margin-bottom:20px;--awb-caption-title-font-family:var(--h2_typography-font-family);--awb-caption-title-font-weight:var(--h2_typography-font-weight);--awb-caption-title-font-style:var(--h2_typography-font-style);--awb-caption-title-size:var(--h2_typography-font-size);--awb-caption-title-transform:var(--h2_typography-text-transform);--awb-caption-title-line-height:var(--h2_typography-line-height);--awb-caption-title-letter-spacing:var(--h2_typography-letter-spacing);\"><span class=\" fusion-imageframe imageframe-none imageframe-1 hover-type-none\"><img decoding=\"async\" width=\"1200\" height=\"99\" title=\"handmade04\" src=\"https:\/\/pavidecor.si\/wp-content\/uploads\/2022\/02\/handmade04.png\" data-orig-src=\"https:\/\/pavidecor.si\/wp-content\/uploads\/2022\/02\/handmade04.png\" alt class=\"lazyload img-responsive wp-image-15387\" srcset=\"data:image\/svg+xml,%3Csvg%20xmlns%3D%27http%3A%2F%2Fwww.w3.org%2F2000%2Fsvg%27%20width%3D%271200%27%20height%3D%2799%27%20viewBox%3D%270%200%201200%2099%27%3E%3Crect%20width%3D%271200%27%20height%3D%2799%27%20fill-opacity%3D%220%22%2F%3E%3C%2Fsvg%3E\" data-srcset=\"https:\/\/pavidecor.si\/wp-content\/uploads\/2022\/02\/handmade04-200x17.png 200w, https:\/\/pavidecor.si\/wp-content\/uploads\/2022\/02\/handmade04-400x33.png 400w, https:\/\/pavidecor.si\/wp-content\/uploads\/2022\/02\/handmade04-600x50.png 600w, https:\/\/pavidecor.si\/wp-content\/uploads\/2022\/02\/handmade04-800x66.png 800w, https:\/\/pavidecor.si\/wp-content\/uploads\/2022\/02\/handmade04.png 1200w\" data-sizes=\"auto\" data-orig-sizes=\"(max-width: 1024px) 100vw, (max-width: 640px) 100vw, 1200px\" \/><\/span><\/div><div class=\"fusion-image-element fusion-no-medium-visibility fusion-no-large-visibility\" style=\"text-align:center;--awb-margin-top:15px;--awb-margin-bottom:20px;--awb-caption-title-font-family:var(--h2_typography-font-family);--awb-caption-title-font-weight:var(--h2_typography-font-weight);--awb-caption-title-font-style:var(--h2_typography-font-style);--awb-caption-title-size:var(--h2_typography-font-size);--awb-caption-title-transform:var(--h2_typography-text-transform);--awb-caption-title-line-height:var(--h2_typography-line-height);--awb-caption-title-letter-spacing:var(--h2_typography-letter-spacing);\"><span class=\" fusion-imageframe imageframe-none imageframe-2 hover-type-none\"><img decoding=\"async\" width=\"600\" height=\"251\" title=\"ikone_mob1\" src=\"https:\/\/pavidecor.si\/wp-content\/uploads\/2022\/04\/ikone_mob1.png\" data-orig-src=\"https:\/\/pavidecor.si\/wp-content\/uploads\/2022\/04\/ikone_mob1.png\" alt class=\"lazyload img-responsive wp-image-14744\" srcset=\"data:image\/svg+xml,%3Csvg%20xmlns%3D%27http%3A%2F%2Fwww.w3.org%2F2000%2Fsvg%27%20width%3D%27600%27%20height%3D%27251%27%20viewBox%3D%270%200%20600%20251%27%3E%3Crect%20width%3D%27600%27%20height%3D%27251%27%20fill-opacity%3D%220%22%2F%3E%3C%2Fsvg%3E\" data-srcset=\"https:\/\/pavidecor.si\/wp-content\/uploads\/2022\/04\/ikone_mob1-200x84.png 200w, https:\/\/pavidecor.si\/wp-content\/uploads\/2022\/04\/ikone_mob1-400x167.png 400w, https:\/\/pavidecor.si\/wp-content\/uploads\/2022\/04\/ikone_mob1.png 600w\" data-sizes=\"auto\" data-orig-sizes=\"(max-width: 1024px) 100vw, (max-width: 640px) 100vw, 600px\" \/><\/span><\/div><\/div><\/div><\/div><\/div>\n<div class=\"fusion-fullwidth fullwidth-box fusion-builder-row-3 fusion-flex-container fusion-parallax-none nonhundred-percent-fullwidth non-hundred-percent-height-scrolling lazyload\" style=\"--awb-border-radius-top-left:0px;--awb-border-radius-top-right:0px;--awb-border-radius-bottom-right:0px;--awb-border-radius-bottom-left:0px;--awb-padding-top:0px;--awb-padding-bottom:0px;--awb-margin-bottom:0px;--awb-margin-top-small:0px;--awb-margin-bottom-small:-50px;--awb-background-color:rgba(24,27,32,0.5);--awb-background-size:cover;--awb-flex-wrap:wrap;\" data-bg=\"https:\/\/pavidecor.si\/wp-content\/uploads\/2022\/01\/home_decor_ozadje_newsletter_04.jpg\" ><div class=\"fusion-builder-row fusion-row fusion-flex-align-items-flex-start fusion-flex-content-wrap\" style=\"max-width:1320.8px;margin-left: calc(-4% \/ 2 );margin-right: calc(-4% \/ 2 );\"><div class=\"fusion-layout-column fusion_builder_column fusion-builder-column-2 fusion_builder_column_1_2 1_2 fusion-flex-column\" style=\"--awb-bg-size:cover;--awb-width-large:50%;--awb-margin-top-large:25px;--awb-spacing-right-large:6.72%;--awb-margin-bottom-large:25px;--awb-spacing-left-large:3.84%;--awb-width-medium:100%;--awb-spacing-right-medium:1.92%;--awb-spacing-left-medium:1.92%;--awb-width-small:100%;--awb-spacing-right-small:1.92%;--awb-spacing-left-small:1.92%;\"><div class=\"fusion-column-wrapper fusion-column-has-shadow fusion-flex-justify-content-flex-start fusion-content-layout-column\"><div class=\"fusion-title title fusion-title-1 fusion-sep-none fusion-title-text fusion-title-size-two\" style=\"--awb-text-color:#ffffff;--awb-margin-bottom:0px;\"><h2 class=\"fusion-title-heading title-heading-left fusion-responsive-typography-calculated\" style=\"margin:0;--fontSize:44;line-height:1.1;\">Sie m\u00f6chten informiert werden \u00dcber unsere Neuigkeiten?<\/h2><\/div><div class=\"fusion-title title fusion-title-2 fusion-sep-none fusion-title-text fusion-title-size-four\" style=\"--awb-text-color:#ffffff;--awb-margin-bottom:0px;\"><h4 class=\"fusion-title-heading title-heading-left fusion-responsive-typography-calculated\" style=\"margin:0;--fontSize:18;--minFontSize:18;line-height:1.1;\">Melden Sie sich f\u00fcr unseren Newsletter und unsere Kampagnenbenachrichtigungen an!<\/h4><\/div><\/div><\/div><div class=\"fusion-layout-column fusion_builder_column fusion-builder-column-3 fusion_builder_column_1_2 1_2 fusion-flex-column\" style=\"--awb-bg-size:cover;--awb-width-large:50%;--awb-margin-top-large:25px;--awb-spacing-right-large:3.84%;--awb-margin-bottom-large:25px;--awb-spacing-left-large:6.72%;--awb-width-medium:100%;--awb-order-medium:0;--awb-spacing-right-medium:1.92%;--awb-spacing-left-medium:1.92%;--awb-width-small:100%;--awb-order-small:0;--awb-spacing-right-small:1.92%;--awb-spacing-left-small:1.92%;\"><div class=\"fusion-column-wrapper fusion-column-has-shadow fusion-flex-justify-content-flex-start fusion-content-layout-column\"><div class=\"fusion-form fusion-form-builder fusion-form-form-wrapper fusion-form-22689\" style=\"--awb-tooltip-text-color:#ffffff;--awb-tooltip-background-color:#333333;\" data-form-id=\"22689\" data-config=\"{&quot;form_id&quot;:22689,&quot;form_post_id&quot;:22689,&quot;post_id&quot;:15247,&quot;form_type&quot;:&quot;ajax&quot;,&quot;confirmation_type&quot;:&quot;message&quot;,&quot;redirect_url&quot;:&quot;&quot;,&quot;field_labels&quot;:{&quot;E-posta&quot;:&quot;&quot;},&quot;field_logics&quot;:{&quot;E-posta&quot;:&quot;&quot;,&quot;notice_1&quot;:&quot;&quot;},&quot;field_types&quot;:{&quot;E-posta&quot;:&quot;email&quot;,&quot;submit_1&quot;:&quot;submit&quot;,&quot;notice_1&quot;:&quot;notice&quot;},&quot;nonce_method&quot;:&quot;ajax&quot;}\"><form action=\"https:\/\/pavidecor.si\/de\/lieferbedingungen\/\" method=\"post\" class=\"fusion-form fusion-form-22689\"><div class=\"fusion-fullwidth fullwidth-box fusion-builder-row-3-1 fusion-flex-container has-pattern-background has-mask-background nonhundred-percent-fullwidth non-hundred-percent-height-scrolling\" style=\"--awb-border-radius-top-left:0px;--awb-border-radius-top-right:0px;--awb-border-radius-bottom-right:0px;--awb-border-radius-bottom-left:0px;--awb-padding-top:0px;--awb-padding-right:0px;--awb-padding-bottom:0px;--awb-padding-left:0px;--awb-flex-wrap:wrap;\" ><div class=\"fusion-builder-row fusion-row fusion-flex-align-items-flex-start fusion-flex-content-wrap\" style=\"width:calc( 100% + 0px ) !important;max-width:calc( 100% + 0px ) !important;margin-left: calc(-0px \/ 2 );margin-right: calc(-0px \/ 2 );\"><div class=\"fusion-layout-column fusion_builder_column fusion-builder-column-4 fusion_builder_column_3_5 3_5 fusion-flex-column\" style=\"--awb-bg-size:cover;--awb-width-large:60%;--awb-margin-top-large:0px;--awb-spacing-right-large:calc( 0 * calc( 100% - 0px ) );--awb-margin-bottom-large:0px;--awb-spacing-left-large:0px;--awb-width-medium:100%;--awb-order-medium:0;--awb-spacing-right-medium:0px;--awb-spacing-left-medium:0px;--awb-width-small:100%;--awb-order-small:0;--awb-spacing-right-small:0px;--awb-spacing-left-small:0px;\"><div class=\"fusion-column-wrapper fusion-column-has-shadow fusion-flex-justify-content-flex-start fusion-content-layout-column\"><div class=\"fusion-form-field fusion-form-email-field fusion-form-label-above\" style=\"\" data-form-id=\"22689\"><input type=\"email\" name=\"E-posta\" id=\"E-posta\" value=\"\"  class=\"fusion-form-input\" required=\"true\" aria-required=\"true\" placeholder=\"Geben Sie Ihre E-Mail-Adresse ein *\" data-holds-private-data=\"false\"\/><\/div><\/div><\/div><div class=\"fusion-layout-column fusion_builder_column fusion-builder-column-5 fusion_builder_column_2_5 2_5 fusion-flex-column fusion-flex-align-self-flex-start\" style=\"--awb-bg-color:rgba(24,27,32,0);--awb-bg-color-hover:rgba(24,27,32,0);--awb-bg-size:cover;--awb-filter:opacity(100%);--awb-filter-transition:filter 0.3s ease;--awb-filter-hover:opacity(95%);--awb-width-large:40%;--awb-margin-top-large:0px;--awb-spacing-right-large:0px;--awb-margin-bottom-large:0px;--awb-spacing-left-large:calc( 0 * calc( 100% - 0px ) );--awb-width-medium:100%;--awb-order-medium:0;--awb-spacing-right-medium:0px;--awb-spacing-left-medium:0px;--awb-width-small:100%;--awb-order-small:0;--awb-spacing-right-small:0px;--awb-spacing-left-small:0px;\"><div class=\"fusion-column-wrapper fusion-column-has-shadow fusion-flex-justify-content-center fusion-content-layout-column\"><div class=\"fusion-form-field fusion-form-submit-field fusion-form-label-above\" style=\"\" data-form-id=\"22689\"><div ><button type=\"submit\" class=\"fusion-button button-flat fusion-button-default-size button-custom fusion-button-default button-1 fusion-button-span-yes  form-form-submit button-default\" style=\"--button_accent_color:#ffffff;--button_border_color:var(--awb-custom11);--button_accent_hover_color:#ffffff;--button_border_hover_color:var(--awb-custom11);--button_border_width-top:10px;--button_border_width-right:0px;--button_border_width-bottom:10px;--button_border_width-left:0px;--button_gradient_top_color:var(--awb-custom11);--button_gradient_bottom_color:var(--awb-custom11);--button_gradient_top_color_hover:var(--awb-custom11);--button_gradient_bottom_color_hover:var(--awb-custom11);--button_padding-top:10px;--button_padding-bottom:10px;\" data-form-number=\"22689\" tabindex=\"\"><span class=\"fusion-button-text\">Einloggen<\/span><\/button><\/div><\/div><\/div><\/div><div class=\"fusion-layout-column fusion_builder_column fusion-builder-column-6 fusion_builder_column_1_1 1_1 fusion-flex-column\" style=\"--awb-bg-size:cover;--awb-width-large:100%;--awb-margin-top-large:16px;--awb-spacing-right-large:0px;--awb-margin-bottom-large:10px;--awb-spacing-left-large:0px;--awb-width-medium:100%;--awb-order-medium:0;--awb-spacing-right-medium:0px;--awb-spacing-left-medium:0px;--awb-width-small:100%;--awb-order-small:0;--awb-spacing-right-small:0px;--awb-spacing-left-small:0px;\"><div class=\"fusion-column-wrapper fusion-column-has-shadow fusion-flex-justify-content-flex-start fusion-content-layout-column\"><div class=\"form-submission-notices data-notice_1\" id=\"fusion-notices-1\"><div class=\"fusion-alert alert success alert-success fusion-alert-center fusion-form-response fusion-form-response-success fusion-alert-capitalize awb-alert-native-link-color alert-dismissable awb-alert-close-boxed\" role=\"alert\"><div class=\"fusion-alert-content-wrapper\"><span class=\"alert-icon\"><i class=\"awb-icon-check-circle\" aria-hidden=\"true\"><\/i><\/span><span class=\"fusion-alert-content\">Hvala, prijava je bila uspe\u0161na.<\/span><\/div><button type=\"button\" class=\"close toggle-alert\" data-dismiss=\"alert\" aria-label=\"Close\">&times;<\/button><\/div><div class=\"fusion-alert alert error alert-danger fusion-alert-center fusion-form-response fusion-form-response-error fusion-alert-capitalize awb-alert-native-link-color alert-dismissable awb-alert-close-boxed\" role=\"alert\"><div class=\"fusion-alert-content-wrapper\"><span class=\"alert-icon\"><i class=\"awb-icon-exclamation-triangle\" aria-hidden=\"true\"><\/i><\/span><span class=\"fusion-alert-content\">There was an error trying to send your message. Please try again later.<\/span><\/div><button type=\"button\" class=\"close toggle-alert\" data-dismiss=\"alert\" aria-label=\"Close\">&times;<\/button><\/div><\/div><\/div><\/div><\/div><\/div><\/form><\/div><div class=\"fusion-text fusion-text-3 paragraph-small\" style=\"--awb-text-transform:none;\"><p style=\"font-size: 12px; line-height: 24px;\" data-fusion-font=\"true\"><span style=\"color: #ffffff;\">* Die Allgemeinen Gesch\u00e4ftsbedingungen werden auf der Seite \u201cAllgemeine Gesch\u00e4ftsbedingungen\u201d ver\u00f6ffentlicht.<\/span><\/p>\n<\/div><\/div><\/div><\/div><\/div>\n<\/p>\n","protected":false},"excerpt":{"rendered":"","protected":false},"author":1,"featured_media":0,"parent":0,"menu_order":0,"comment_status":"closed","ping_status":"closed","template":"100-width.php","meta":{"footnotes":""},"class_list":["post-15247","page","type-page","status-publish","hentry"],"yoast_head":"<!-- This site is optimized with the Yoast SEO plugin v27.2 - https:\/\/yoast.com\/product\/yoast-seo-wordpress\/ -->\n<title>Lieferbedingungen - Pavi Decor<\/title>\n<meta name=\"description\" content=\"Die bestellte Ware wird dem K\u00e4ufer durch den Vertragspartner des Anbieters (im Folgenden als Auftragnehmer bezeichnet) an die Adresse des K\u00e4ufers in Slowenien geliefert. Lieferbedingungen...\" \/>\n<meta name=\"robots\" content=\"index, follow, max-snippet:-1, max-image-preview:large, max-video-preview:-1\" \/>\n<link rel=\"canonical\" href=\"https:\/\/pavidecor.si\/de\/lieferbedingungen\/\" \/>\n<meta property=\"og:locale\" content=\"de_DE\" \/>\n<meta property=\"og:type\" content=\"article\" \/>\n<meta property=\"og:title\" content=\"Lieferbedingungen - Pavi Decor\" \/>\n<meta property=\"og:description\" content=\"Die bestellte Ware wird dem K\u00e4ufer durch den Vertragspartner des Anbieters (im Folgenden als Auftragnehmer bezeichnet) an die Adresse des K\u00e4ufers in Slowenien geliefert. Lieferbedingungen...\" \/>\n<meta property=\"og:url\" content=\"https:\/\/pavidecor.si\/de\/lieferbedingungen\/\" \/>\n<meta property=\"og:site_name\" content=\"Pavi Decor\" \/>\n<meta property=\"article:modified_time\" content=\"2025-01-28T15:18:34+00:00\" \/>\n<meta name=\"twitter:card\" content=\"summary_large_image\" \/>\n<meta name=\"twitter:label1\" content=\"Gesch\u00e4tzte Lesezeit\" \/>\n\t<meta name=\"twitter:data1\" content=\"3\u00a0Minuten\" \/>\n<script type=\"application\/ld+json\" class=\"yoast-schema-graph\">{\"@context\":\"https:\/\/schema.org\",\"@graph\":[{\"@type\":\"WebPage\",\"@id\":\"https:\/\/pavidecor.si\/de\/lieferbedingungen\/\",\"url\":\"https:\/\/pavidecor.si\/de\/lieferbedingungen\/\",\"name\":\"Lieferbedingungen - Pavi Decor\",\"isPartOf\":{\"@id\":\"https:\/\/pavidecor.si\/de\/#website\"},\"datePublished\":\"2022-01-28T12:02:40+00:00\",\"dateModified\":\"2025-01-28T15:18:34+00:00\",\"description\":\"Die bestellte Ware wird dem K\u00e4ufer durch den Vertragspartner des Anbieters (im Folgenden als Auftragnehmer bezeichnet) an die Adresse des K\u00e4ufers in Slowenien geliefert. Lieferbedingungen...\",\"breadcrumb\":{\"@id\":\"https:\/\/pavidecor.si\/de\/lieferbedingungen\/#breadcrumb\"},\"inLanguage\":\"de\",\"potentialAction\":[{\"@type\":\"ReadAction\",\"target\":[\"https:\/\/pavidecor.si\/de\/lieferbedingungen\/\"]}]},{\"@type\":\"BreadcrumbList\",\"@id\":\"https:\/\/pavidecor.si\/de\/lieferbedingungen\/#breadcrumb\",\"itemListElement\":[{\"@type\":\"ListItem\",\"position\":1,\"name\":\"Domov\",\"item\":\"https:\/\/pavidecor.si\/de\/\"},{\"@type\":\"ListItem\",\"position\":2,\"name\":\"Lieferbedingungen\"}]},{\"@type\":\"WebSite\",\"@id\":\"https:\/\/pavidecor.si\/de\/#website\",\"url\":\"https:\/\/pavidecor.si\/de\/\",\"name\":\"Pavi Decor\",\"description\":\"Leseni unikati ustvarjeni iz ljubezni do lesa in narave.\",\"potentialAction\":[{\"@type\":\"SearchAction\",\"target\":{\"@type\":\"EntryPoint\",\"urlTemplate\":\"https:\/\/pavidecor.si\/de\/?s={search_term_string}\"},\"query-input\":{\"@type\":\"PropertyValueSpecification\",\"valueRequired\":true,\"valueName\":\"search_term_string\"}}],\"inLanguage\":\"de\"}]}<\/script>\n<!-- \/ Yoast SEO plugin. -->","yoast_head_json":{"title":"Lieferbedingungen - Pavi Decor","description":"Die bestellte Ware wird dem K\u00e4ufer durch den Vertragspartner des Anbieters (im Folgenden als Auftragnehmer bezeichnet) an die Adresse des K\u00e4ufers in Slowenien geliefert. Lieferbedingungen...","robots":{"index":"index","follow":"follow","max-snippet":"max-snippet:-1","max-image-preview":"max-image-preview:large","max-video-preview":"max-video-preview:-1"},"canonical":"https:\/\/pavidecor.si\/de\/lieferbedingungen\/","og_locale":"de_DE","og_type":"article","og_title":"Lieferbedingungen - Pavi Decor","og_description":"Die bestellte Ware wird dem K\u00e4ufer durch den Vertragspartner des Anbieters (im Folgenden als Auftragnehmer bezeichnet) an die Adresse des K\u00e4ufers in Slowenien geliefert. Lieferbedingungen...","og_url":"https:\/\/pavidecor.si\/de\/lieferbedingungen\/","og_site_name":"Pavi Decor","article_modified_time":"2025-01-28T15:18:34+00:00","twitter_card":"summary_large_image","twitter_misc":{"Gesch\u00e4tzte Lesezeit":"3\u00a0Minuten"},"schema":{"@context":"https:\/\/schema.org","@graph":[{"@type":"WebPage","@id":"https:\/\/pavidecor.si\/de\/lieferbedingungen\/","url":"https:\/\/pavidecor.si\/de\/lieferbedingungen\/","name":"Lieferbedingungen - Pavi Decor","isPartOf":{"@id":"https:\/\/pavidecor.si\/de\/#website"},"datePublished":"2022-01-28T12:02:40+00:00","dateModified":"2025-01-28T15:18:34+00:00","description":"Die bestellte Ware wird dem K\u00e4ufer durch den Vertragspartner des Anbieters (im Folgenden als Auftragnehmer bezeichnet) an die Adresse des K\u00e4ufers in Slowenien geliefert. Lieferbedingungen...","breadcrumb":{"@id":"https:\/\/pavidecor.si\/de\/lieferbedingungen\/#breadcrumb"},"inLanguage":"de","potentialAction":[{"@type":"ReadAction","target":["https:\/\/pavidecor.si\/de\/lieferbedingungen\/"]}]},{"@type":"BreadcrumbList","@id":"https:\/\/pavidecor.si\/de\/lieferbedingungen\/#breadcrumb","itemListElement":[{"@type":"ListItem","position":1,"name":"Domov","item":"https:\/\/pavidecor.si\/de\/"},{"@type":"ListItem","position":2,"name":"Lieferbedingungen"}]},{"@type":"WebSite","@id":"https:\/\/pavidecor.si\/de\/#website","url":"https:\/\/pavidecor.si\/de\/","name":"Pavi Decor","description":"Leseni unikati ustvarjeni iz ljubezni do lesa in narave.","potentialAction":[{"@type":"SearchAction","target":{"@type":"EntryPoint","urlTemplate":"https:\/\/pavidecor.si\/de\/?s={search_term_string}"},"query-input":{"@type":"PropertyValueSpecification","valueRequired":true,"valueName":"search_term_string"}}],"inLanguage":"de"}]}},"_links":{"self":[{"href":"https:\/\/pavidecor.si\/de\/wp-json\/wp\/v2\/pages\/15247","targetHints":{"allow":["GET"]}}],"collection":[{"href":"https:\/\/pavidecor.si\/de\/wp-json\/wp\/v2\/pages"}],"about":[{"href":"https:\/\/pavidecor.si\/de\/wp-json\/wp\/v2\/types\/page"}],"author":[{"embeddable":true,"href":"https:\/\/pavidecor.si\/de\/wp-json\/wp\/v2\/users\/1"}],"replies":[{"embeddable":true,"href":"https:\/\/pavidecor.si\/de\/wp-json\/wp\/v2\/comments?post=15247"}],"version-history":[{"count":2,"href":"https:\/\/pavidecor.si\/de\/wp-json\/wp\/v2\/pages\/15247\/revisions"}],"predecessor-version":[{"id":23721,"href":"https:\/\/pavidecor.si\/de\/wp-json\/wp\/v2\/pages\/15247\/revisions\/23721"}],"wp:attachment":[{"href":"https:\/\/pavidecor.si\/de\/wp-json\/wp\/v2\/media?parent=15247"}],"curies":[{"name":"wp","href":"https:\/\/api.w.org\/{rel}","templated":true}]}}